{"id":3577,"date":"2023-10-19T05:57:49","date_gmt":"2023-10-19T05:57:49","guid":{"rendered":"https:\/\/exceladvisor.org\/de\/verknupfen-sie-den-slicer-mit-mehreren-pivot-tabellen\/"},"modified":"2023-12-03T13:05:29","modified_gmt":"2023-12-03T13:05:29","slug":"verknupfen-sie-den-slicer-mit-mehreren-pivot-tabellen","status":"publish","type":"page","link":"https:\/\/exceladvisor.org\/de\/verknupfen-sie-den-slicer-mit-mehreren-pivot-tabellen\/","title":{"rendered":"Wie verkn\u00fcpfe ich ein einzelnes segment mit mehreren pivot-tabellen?"},"content":{"rendered":"<div class=\"excel-vor-dem-inhalt\" id=\"excel-774149760\"><script type=\"text\/javascript\">\r\n\tatOptions = {\r\n\t\t'key' : 'c1158f160081d6540a8409e6925dab94',\r\n\t\t'format' : 'iframe',\r\n\t\t'height' : 250,\r\n\t\t'width' : 300,\r\n\t\t'params' : {}\r\n\t};\r\n<\/script>\r\n<script type=\"text\/javascript\" src=\"\/\/www.highperformanceformat.com\/c1158f160081d6540a8409e6925dab94\/invoke.js\"><\/script><\/div> <p>Manchmal ist die Verwendung von mehr als einer Pivot-Tabelle ein Chaos. Aber es ist keine Verschwendung, wenn Sie alle Pivot-Tabellen mit einem Slicer verbinden. Wissen Sie, wie man einen Slicer mit mehreren Pivot-Tabellen verkn\u00fcpft?<\/p><p> Wenn Sie es nicht wissen, folgen Sie diesem Beitrag und Sie erfahren einen tollen Tipp zum Erstellen interaktiver Dashboards.<\/p><p> Ja, es ist wahr.<\/p><p> Nehmen wir an, Sie arbeiten an einem Dashboard, in dem Sie mehrere Pivot-Tabellen verwenden. Wenn Sie einen Slicer mit allen Pivot-Tabellen verbinden k\u00f6nnen, k\u00f6nnen Sie das gesamte Dashboard mit einem einzigen Slicer steuern. <\/p><div class=\"wp-block-image\"><figure class=\"aligncenter\"><img decoding=\"async\" src=\"https:\/\/exceladvisor.org\/wp-content\/uploads\/2023\/08\/connecter-un-seul-slicer-a-plusieurs-tableaux-croises-dynamiques-1.gif\" sizes=\"\" srcset=\"\" alt=\"Verbinden Sie einen einzelnen Slicer mit mehreren Pivot-Tischen\"><\/figure><\/div><p> Im obigen Beispiel haben wir einen einzigen Slicer zur Steuerung beider Pivot-Tabellen.<\/p><p class=\"qt-tip\"> HINWEIS: Pivot-Tabellen sind Teil der <a href=\"https:\/\/exceladvisor.org\/de\/hervorragende-fahigkeiten\/\">INTERMEDIATE EXCEL SKILLS<\/a> .<\/p><h2 class=\"wp-block-heading\"> Schritte zum Verbinden eines Slicers mit mehreren Pivot-Tabellen<\/h2><p> Im Folgenden finden Sie die Schritte zum Erstellen eines mehrfach verkn\u00fcpften Segments:<\/p><ol><li> <strong>Nehmen Sie zun\u00e4chst zwei oder mehr Pivot-Tabellen,<\/strong> um ein Segment zu verbinden. <img decoding=\"async\" src=\"https:\/\/exceladvisor.org\/wp-content\/uploads\/2023\/08\/deux-tableaux-croises-dynamiques-pour-se-connecter-avec-un-seul-slicer-1.png\" sizes=\"\" srcset=\"\"><\/li><li> W\u00e4hlen Sie anschlie\u00dfend eine Zelle in einer der Pivot-Tabellen aus.<\/li><li> Navigieren Sie von dort zu Analysieren \u2192 Filter \u2192 Segment einf\u00fcgen.<\/li><li> W\u00e4hlen Sie nun im Dialogfeld \u201eSlicer einf\u00fcgen\u201c die Spalte aus, die als Filter im Slicer verwendet werden soll, und klicken Sie auf \u201eOK\u201c. <img decoding=\"async\" src=\"https:\/\/exceladvisor.org\/wp-content\/uploads\/2023\/08\/cliquez-sur-len-tete-de-colonne-pour-inserer-un-segment-et-vous-connecter-avec-tous-les-tableaux-croises-dynamiques-1.png\" sizes=\"\" srcset=\"\"><\/li><li> Zu diesem Zeitpunkt verf\u00fcgen Sie \u00fcber einen Slicer in Ihrem Arbeitsblatt, der die Pivot-Tabelle, in die Sie ihn einf\u00fcgen, filtern kann.<\/li><li> Dann m\u00fcssen Sie es mit dem zweiten Pivot-Tisch verbinden.<\/li><li> W\u00e4hlen Sie dort den Slicer aus und navigieren Sie zu Analysieren \u2192 Slicer \u2192 Berichtsverbindungen. <img decoding=\"async\" src=\"https:\/\/exceladvisor.org\/wp-content\/uploads\/2023\/08\/cliquez-sur-rapport-de-connexion-pour-inserer-un-slicer-que-vous-pouvez-connecter-avec-tous-les-tableaux-croises-dynamiques-1.png\" sizes=\"\" srcset=\"\"><\/li><li> Sie erhalten ein neues Dialogfeld mit der Liste der Pivot-Tabellen, die sich in Ihrer Arbeitsmappe befinden.<\/li><li> \u00dcberpr\u00fcfen Sie am Ende einfach alle Pivot-Tabellen und klicken Sie auf OK. <img decoding=\"async\" src=\"https:\/\/exceladvisor.org\/wp-content\/uploads\/2023\/08\/selectionner-tous-les-pivots-qui-doivent-se-connecter-avec-le-slicer-1.png\" sizes=\"\" srcset=\"\"><\/li><\/ol><p> <strong><span style=\"color: #ea493f;\">Gl\u00fcckwunsch!<\/span><\/strong> Sie haben den Slicer mit zwei Pivot-Tischen verbunden.<\/p><h2 class=\"wp-block-heading\"> <strong>Erfahren Sie mehr \u00fcber Pivot-Tabellen<\/strong><\/h2><ul><li> <a style=\"outline: none;\" href=\"https:\/\/exceladvisor.org\/de\/alles-auffrischen\/\" data-wpel-link=\"internal\">Aktualisieren Sie alle Pivot-Tabellen auf einmal<\/a><\/li><li> <a style=\"outline: none;\" href=\"https:\/\/exceladvisor.org\/de\/gruppentermine\/\" data-wpel-link=\"internal\">Gruppieren Sie Termine in einer Pivot-Tabelle<\/a><\/li><li> <a href=\"https:\/\/exceladvisor.org\/de\/timeline-filter\/\" data-wpel-link=\"internal\">Zeitleiste der Pivot-Tabelle<\/a><\/li><li> <a style=\"outline: none;\" href=\"https:\/\/exceladvisor.org\/de\/automatischer-aktualisierungsbereich\/\" rel=\"external noopener noreferrer\" data-wpel-link=\"external\">Aktualisieren Sie einen Pivot-Tabellenbereich automatisch<\/a><\/li><li> <a style=\"outline: none;\" href=\"https:\/\/exceladvisor.org\/de\/wenden-sie-eine-bedingte-formatierung-an\/\" data-wpel-link=\"internal\">Bedingte Formatierung einer Pivot-Tabelle<\/a><\/li><\/ul>","protected":false},"excerpt":{"rendered":"","protected":false},"author":1,"featured_media":0,"parent":0,"menu_order":0,"comment_status":"open","ping_status":"closed","template":"","meta":{"ub_ctt_via":"","footnotes":""},"class_list":["post-3577","page","type-page","status-publish","hentry"],"featured_image_src":null,"yoast_head":"<!-- This site is optimized with the Yoast SEO plugin v25.4 - https:\/\/yoast.com\/wordpress\/plugins\/seo\/ -->\n<title>Wie verkn\u00fcpfe ich ein einzelnes Segment mit mehreren Pivot-Tabellen?<\/title>\n<meta name=\"description\" content=\"Wenn Sie den Slicer mit mehreren Pivot-Tabellen verkn\u00fcpfen, k\u00f6nnen Sie alle Pivot-Tabellen mit einem einzigen Slicer steuern.\" \/>\n<meta name=\"robots\" content=\"index, follow, max-snippet:-1, max-image-preview:large, max-video-preview:-1\" \/>\n<link rel=\"canonical\" href=\"https:\/\/exceladvisor.org\/de\/verknupfen-sie-den-slicer-mit-mehreren-pivot-tabellen\/\" \/>\n<meta property=\"og:locale\" content=\"de_DE\" \/>\n<meta property=\"og:type\" content=\"article\" \/>\n<meta property=\"og:title\" content=\"Wie verkn\u00fcpfe ich ein einzelnes Segment mit mehreren Pivot-Tabellen?\" \/>\n<meta property=\"og:description\" content=\"Wenn Sie den Slicer mit mehreren Pivot-Tabellen verkn\u00fcpfen, k\u00f6nnen Sie alle Pivot-Tabellen mit einem einzigen Slicer steuern.\" \/>\n<meta property=\"og:url\" content=\"https:\/\/exceladvisor.org\/de\/verknupfen-sie-den-slicer-mit-mehreren-pivot-tabellen\/\" \/>\n<meta property=\"og:site_name\" content=\"Excel Advisor\" \/>\n<meta property=\"article:modified_time\" content=\"2023-12-03T13:05:29+00:00\" \/>\n<meta property=\"og:image\" content=\"https:\/\/exceladvisor.org\/wp-content\/uploads\/2023\/08\/connecter-un-seul-slicer-a-plusieurs-tableaux-croises-dynamiques-1.gif\" \/>\n<meta name=\"twitter:card\" content=\"summary_large_image\" \/>\n<meta name=\"twitter:label1\" content=\"Gesch\u00e4tzte Lesezeit\" \/>\n\t<meta name=\"twitter:data1\" content=\"2\u00a0Minuten\" \/>\n<script type=\"application\/ld+json\" class=\"yoast-schema-graph\">{\"@context\":\"https:\/\/schema.org\",\"@graph\":[{\"@type\":\"WebPage\",\"@id\":\"https:\/\/exceladvisor.org\/de\/verknupfen-sie-den-slicer-mit-mehreren-pivot-tabellen\/\",\"url\":\"https:\/\/exceladvisor.org\/de\/verknupfen-sie-den-slicer-mit-mehreren-pivot-tabellen\/\",\"name\":\"Wie verkn\u00fcpfe ich ein einzelnes Segment mit mehreren Pivot-Tabellen?\",\"isPartOf\":{\"@id\":\"https:\/\/exceladvisor.org\/de\/#website\"},\"primaryImageOfPage\":{\"@id\":\"https:\/\/exceladvisor.org\/de\/verknupfen-sie-den-slicer-mit-mehreren-pivot-tabellen\/#primaryimage\"},\"image\":{\"@id\":\"https:\/\/exceladvisor.org\/de\/verknupfen-sie-den-slicer-mit-mehreren-pivot-tabellen\/#primaryimage\"},\"thumbnailUrl\":\"https:\/\/exceladvisor.org\/wp-content\/uploads\/2023\/08\/connecter-un-seul-slicer-a-plusieurs-tableaux-croises-dynamiques-1.gif\",\"datePublished\":\"2023-10-19T05:57:49+00:00\",\"dateModified\":\"2023-12-03T13:05:29+00:00\",\"description\":\"Wenn Sie den Slicer mit mehreren Pivot-Tabellen verkn\u00fcpfen, k\u00f6nnen Sie alle Pivot-Tabellen mit einem einzigen Slicer steuern.\",\"breadcrumb\":{\"@id\":\"https:\/\/exceladvisor.org\/de\/verknupfen-sie-den-slicer-mit-mehreren-pivot-tabellen\/#breadcrumb\"},\"inLanguage\":\"de\",\"potentialAction\":[{\"@type\":\"ReadAction\",\"target\":[\"https:\/\/exceladvisor.org\/de\/verknupfen-sie-den-slicer-mit-mehreren-pivot-tabellen\/\"]}]},{\"@type\":\"ImageObject\",\"inLanguage\":\"de\",\"@id\":\"https:\/\/exceladvisor.org\/de\/verknupfen-sie-den-slicer-mit-mehreren-pivot-tabellen\/#primaryimage\",\"url\":\"https:\/\/exceladvisor.org\/wp-content\/uploads\/2023\/08\/connecter-un-seul-slicer-a-plusieurs-tableaux-croises-dynamiques-1.gif\",\"contentUrl\":\"https:\/\/exceladvisor.org\/wp-content\/uploads\/2023\/08\/connecter-un-seul-slicer-a-plusieurs-tableaux-croises-dynamiques-1.gif\"},{\"@type\":\"BreadcrumbList\",\"@id\":\"https:\/\/exceladvisor.org\/de\/verknupfen-sie-den-slicer-mit-mehreren-pivot-tabellen\/#breadcrumb\",\"itemListElement\":[{\"@type\":\"ListItem\",\"position\":1,\"name\":\"Accueil\",\"item\":\"https:\/\/exceladvisor.org\/de\/\"},{\"@type\":\"ListItem\",\"position\":2,\"name\":\"Wie verkn\u00fcpfe ich ein einzelnes segment mit mehreren pivot-tabellen?\"}]},{\"@type\":\"WebSite\",\"@id\":\"https:\/\/exceladvisor.org\/de\/#website\",\"url\":\"https:\/\/exceladvisor.org\/de\/\",\"name\":\"Excel Advisor\",\"description\":\"Ihr Leitfaden zur Datendominanz\",\"publisher\":{\"@id\":\"https:\/\/exceladvisor.org\/de\/#organization\"},\"potentialAction\":[{\"@type\":\"SearchAction\",\"target\":{\"@type\":\"EntryPoint\",\"urlTemplate\":\"https:\/\/exceladvisor.org\/de\/?s={search_term_string}\"},\"query-input\":{\"@type\":\"PropertyValueSpecification\",\"valueRequired\":true,\"valueName\":\"search_term_string\"}}],\"inLanguage\":\"de\"},{\"@type\":\"Organization\",\"@id\":\"https:\/\/exceladvisor.org\/de\/#organization\",\"name\":\"Excel Advisor\",\"url\":\"https:\/\/exceladvisor.org\/de\/\",\"logo\":{\"@type\":\"ImageObject\",\"inLanguage\":\"de\",\"@id\":\"https:\/\/exceladvisor.org\/de\/#\/schema\/logo\/image\/\",\"url\":\"https:\/\/exceladvisor.org\/de\/wp-content\/uploads\/2023\/11\/exceladvisor.org_.png\",\"contentUrl\":\"https:\/\/exceladvisor.org\/de\/wp-content\/uploads\/2023\/11\/exceladvisor.org_.png\",\"width\":105,\"height\":36,\"caption\":\"Excel Advisor\"},\"image\":{\"@id\":\"https:\/\/exceladvisor.org\/de\/#\/schema\/logo\/image\/\"}}]}<\/script>\n<!-- \/ Yoast SEO plugin. -->","yoast_head_json":{"title":"Wie verkn\u00fcpfe ich ein einzelnes Segment mit mehreren Pivot-Tabellen?","description":"Wenn Sie den Slicer mit mehreren Pivot-Tabellen verkn\u00fcpfen, k\u00f6nnen Sie alle Pivot-Tabellen mit einem einzigen Slicer steuern.","robots":{"index":"index","follow":"follow","max-snippet":"max-snippet:-1","max-image-preview":"max-image-preview:large","max-video-preview":"max-video-preview:-1"},"canonical":"https:\/\/exceladvisor.org\/de\/verknupfen-sie-den-slicer-mit-mehreren-pivot-tabellen\/","og_locale":"de_DE","og_type":"article","og_title":"Wie verkn\u00fcpfe ich ein einzelnes Segment mit mehreren Pivot-Tabellen?","og_description":"Wenn Sie den Slicer mit mehreren Pivot-Tabellen verkn\u00fcpfen, k\u00f6nnen Sie alle Pivot-Tabellen mit einem einzigen Slicer steuern.","og_url":"https:\/\/exceladvisor.org\/de\/verknupfen-sie-den-slicer-mit-mehreren-pivot-tabellen\/","og_site_name":"Excel Advisor","article_modified_time":"2023-12-03T13:05:29+00:00","og_image":[{"url":"https:\/\/exceladvisor.org\/wp-content\/uploads\/2023\/08\/connecter-un-seul-slicer-a-plusieurs-tableaux-croises-dynamiques-1.gif","type":"","width":"","height":""}],"twitter_card":"summary_large_image","twitter_misc":{"Gesch\u00e4tzte Lesezeit":"2\u00a0Minuten"},"schema":{"@context":"https:\/\/schema.org","@graph":[{"@type":"WebPage","@id":"https:\/\/exceladvisor.org\/de\/verknupfen-sie-den-slicer-mit-mehreren-pivot-tabellen\/","url":"https:\/\/exceladvisor.org\/de\/verknupfen-sie-den-slicer-mit-mehreren-pivot-tabellen\/","name":"Wie verkn\u00fcpfe ich ein einzelnes Segment mit mehreren Pivot-Tabellen?","isPartOf":{"@id":"https:\/\/exceladvisor.org\/de\/#website"},"primaryImageOfPage":{"@id":"https:\/\/exceladvisor.org\/de\/verknupfen-sie-den-slicer-mit-mehreren-pivot-tabellen\/#primaryimage"},"image":{"@id":"https:\/\/exceladvisor.org\/de\/verknupfen-sie-den-slicer-mit-mehreren-pivot-tabellen\/#primaryimage"},"thumbnailUrl":"https:\/\/exceladvisor.org\/wp-content\/uploads\/2023\/08\/connecter-un-seul-slicer-a-plusieurs-tableaux-croises-dynamiques-1.gif","datePublished":"2023-10-19T05:57:49+00:00","dateModified":"2023-12-03T13:05:29+00:00","description":"Wenn Sie den Slicer mit mehreren Pivot-Tabellen verkn\u00fcpfen, k\u00f6nnen Sie alle Pivot-Tabellen mit einem einzigen Slicer steuern.","breadcrumb":{"@id":"https:\/\/exceladvisor.org\/de\/verknupfen-sie-den-slicer-mit-mehreren-pivot-tabellen\/#breadcrumb"},"inLanguage":"de","potentialAction":[{"@type":"ReadAction","target":["https:\/\/exceladvisor.org\/de\/verknupfen-sie-den-slicer-mit-mehreren-pivot-tabellen\/"]}]},{"@type":"ImageObject","inLanguage":"de","@id":"https:\/\/exceladvisor.org\/de\/verknupfen-sie-den-slicer-mit-mehreren-pivot-tabellen\/#primaryimage","url":"https:\/\/exceladvisor.org\/wp-content\/uploads\/2023\/08\/connecter-un-seul-slicer-a-plusieurs-tableaux-croises-dynamiques-1.gif","contentUrl":"https:\/\/exceladvisor.org\/wp-content\/uploads\/2023\/08\/connecter-un-seul-slicer-a-plusieurs-tableaux-croises-dynamiques-1.gif"},{"@type":"BreadcrumbList","@id":"https:\/\/exceladvisor.org\/de\/verknupfen-sie-den-slicer-mit-mehreren-pivot-tabellen\/#breadcrumb","itemListElement":[{"@type":"ListItem","position":1,"name":"Accueil","item":"https:\/\/exceladvisor.org\/de\/"},{"@type":"ListItem","position":2,"name":"Wie verkn\u00fcpfe ich ein einzelnes segment mit mehreren pivot-tabellen?"}]},{"@type":"WebSite","@id":"https:\/\/exceladvisor.org\/de\/#website","url":"https:\/\/exceladvisor.org\/de\/","name":"Excel Advisor","description":"Ihr Leitfaden zur Datendominanz","publisher":{"@id":"https:\/\/exceladvisor.org\/de\/#organization"},"potentialAction":[{"@type":"SearchAction","target":{"@type":"EntryPoint","urlTemplate":"https:\/\/exceladvisor.org\/de\/?s={search_term_string}"},"query-input":{"@type":"PropertyValueSpecification","valueRequired":true,"valueName":"search_term_string"}}],"inLanguage":"de"},{"@type":"Organization","@id":"https:\/\/exceladvisor.org\/de\/#organization","name":"Excel Advisor","url":"https:\/\/exceladvisor.org\/de\/","logo":{"@type":"ImageObject","inLanguage":"de","@id":"https:\/\/exceladvisor.org\/de\/#\/schema\/logo\/image\/","url":"https:\/\/exceladvisor.org\/de\/wp-content\/uploads\/2023\/11\/exceladvisor.org_.png","contentUrl":"https:\/\/exceladvisor.org\/de\/wp-content\/uploads\/2023\/11\/exceladvisor.org_.png","width":105,"height":36,"caption":"Excel Advisor"},"image":{"@id":"https:\/\/exceladvisor.org\/de\/#\/schema\/logo\/image\/"}}]}},"yoast_meta":{"yoast_wpseo_title":"","yoast_wpseo_metadesc":"","yoast_wpseo_canonical":""},"_links":{"self":[{"href":"https:\/\/exceladvisor.org\/de\/wp-json\/wp\/v2\/pages\/3577","targetHints":{"allow":["GET"]}}],"collection":[{"href":"https:\/\/exceladvisor.org\/de\/wp-json\/wp\/v2\/pages"}],"about":[{"href":"https:\/\/exceladvisor.org\/de\/wp-json\/wp\/v2\/types\/page"}],"author":[{"embeddable":true,"href":"https:\/\/exceladvisor.org\/de\/wp-json\/wp\/v2\/users\/1"}],"replies":[{"embeddable":true,"href":"https:\/\/exceladvisor.org\/de\/wp-json\/wp\/v2\/comments?post=3577"}],"version-history":[{"count":1,"href":"https:\/\/exceladvisor.org\/de\/wp-json\/wp\/v2\/pages\/3577\/revisions"}],"predecessor-version":[{"id":4219,"href":"https:\/\/exceladvisor.org\/de\/wp-json\/wp\/v2\/pages\/3577\/revisions\/4219"}],"wp:attachment":[{"href":"https:\/\/exceladvisor.org\/de\/wp-json\/wp\/v2\/media?parent=3577"}],"curies":[{"name":"wp","href":"https:\/\/api.w.org\/{rel}","templated":true}]}}