{"id":3578,"date":"2023-10-19T05:07:52","date_gmt":"2023-10-19T05:07:52","guid":{"rendered":"https:\/\/exceladvisor.org\/de\/gefiltert\/"},"modified":"2023-12-03T11:20:07","modified_gmt":"2023-12-03T11:20:07","slug":"gefiltert","status":"publish","type":"page","link":"https:\/\/exceladvisor.org\/de\/gefiltert\/","title":{"rendered":"Wie filtere ich eine pivot-tabelle in excel?"},"content":{"rendered":"<div class=\"excel-vor-dem-inhalt\" id=\"excel-2661902997\"><script type=\"text\/javascript\">\r\n\tatOptions = {\r\n\t\t'key' : 'c1158f160081d6540a8409e6925dab94',\r\n\t\t'format' : 'iframe',\r\n\t\t'height' : 250,\r\n\t\t'width' : 300,\r\n\t\t'params' : {}\r\n\t};\r\n<\/script>\r\n<script type=\"text\/javascript\" src=\"\/\/www.highperformanceformat.com\/c1158f160081d6540a8409e6925dab94\/invoke.js\"><\/script><\/div> <h2 class=\"wp-block-heading\">Etikettenfilter und Wertefilter<\/h2><p> Beschriftungs- und Wertefilter sind die integrierten Filter in einer Pivot-Tabelle. Der einzige Unterschied zwischen beiden besteht darin, dass Sie Ihre Daten anhand von Zahlen, d. h. Werten, mithilfe von Wertfiltern und Text anhand von Beschriftungsfiltern filtern k\u00f6nnen.<\/p><p> Einfach ausgedr\u00fcckt: Wenn Sie Zahlen filtern, sollten Sie beim Spielen mit Text Wertefilter und Beschriftungsfilter verwenden. Wenn Sie auf die Wert-\/Label-Filter klicken, finden Sie einige interessante Optionen. Einige der Optionen sind \u00fcblich, mit Ausnahme der Top 10, die Sie in den Wertefiltern finden. <\/p><div class=\"wp-block-image\"><figure class=\"aligncenter size-large is-resized\"><img loading=\"lazy\" decoding=\"async\" class=\"wp-image-59583\" src=\"https:\/\/exceladvisor.org\/wp-content\/uploads\/2023\/08\/1-filtres-de-libelle-et-de-valeur.png\" sizes=\"auto, \" srcset=\"\" alt=\"Label- und Wertefilter\" width=\"451\" height=\"385\"><figcaption class=\"wp-element-caption\"> Label- und Wertefilter<\/figcaption><\/figure><\/div><ol type=\"1\"><li> <strong>Gleich:<\/strong> Sie k\u00f6nnen Ihre Daten anhand ihres Werts mit \u201eGenaue \u00dcbereinstimmung\u201c filtern. Dies entspricht dem Filtern von Werten durch \u201eGenaue \u00dcbereinstimmung\u201c.<\/li><li> <strong>Ist nicht gleich:<\/strong> Es werden alle Werte herausgefiltert, die nicht die von Ihnen genannten Werte enthalten. Dies ist das genaue Gegenteil der vorherigen Option.<\/li><li> <strong>Beginnt mit:<\/strong> Dadurch werden die Daten beginnend mit dem spezifischen Text, den Sie erw\u00e4hnen, gefiltert.<\/li><li> <strong>Beginnt nicht mit:<\/strong> Dies hilft Ihnen, alle Daten herauszufiltern, die nicht mit dem spezifischen Text beginnen, den Sie erw\u00e4hnen.<\/li><li> <strong>Endet mit:<\/strong> Wie der Name schon sagt, werden Daten gefiltert, die mit einem bestimmten Text enden.<\/li><li> <strong>Endet nicht mit:<\/strong> Dies ist das genaue Gegenteil von \u201eEndet mit\u201c. Dadurch werden alle Daten gefiltert, die nicht mit der genannten Zeichenfolge enden.<\/li><li> <strong>Enth\u00e4lt:<\/strong> Dies hilft Ihnen nun, Daten zu filtern, die in der Mitte, am Anfang oder am Ende einen bestimmten Text\/ein bestimmtes Wort enthalten.<\/li><li> <strong>Enth\u00e4lt nicht:<\/strong> Dies hilft Ihnen, Daten zu filtern, die keinen bestimmten Text\/Wort enthalten.<\/li><li> <strong>Gr\u00f6\u00dfer als:<\/strong> Dies ist ein Wertefilter, der alle Daten filtert, die gr\u00f6\u00dfer als der von Ihnen angegebene Wert sind.<\/li><li> <strong>Gr\u00f6\u00dfer als oder gleich:<\/strong> Dies ist ein Wertefilter, der alle Daten filtert, die gr\u00f6\u00dfer oder gleich dem von Ihnen genannten Wert sind.<\/li><li> <strong>Kleiner als:<\/strong> Dies ist ein Wertefilter, der alle Daten filtert, die kleiner als der von Ihnen angegebene Wert sind.<\/li><li> <strong>Kleiner oder gleich:<\/strong> Dies ist ein Wertefilter, der alle Daten filtert, die kleiner oder gleich dem von Ihnen genannten Wert sind.<\/li><li> <strong>Zwischen:<\/strong> Diese Option ist n\u00fctzlich, wenn Sie einen Filter zwischen Bereichen anwenden m\u00f6chten <strong>.<\/strong> Beispielsweise sollten Sie Branchen mit Einstandspreisen zwischen 100 und 150 filtern.<\/li><li> <strong>Nicht zwischen:<\/strong> Dies ist n\u00fctzlich, wenn Sie einen Filter f\u00fcr bestimmte Werte anwenden m\u00f6chten.<\/li><li> <strong>Top 10:<\/strong> Wenn Sie die oberen 10 oder unteren 10 Werte in Ihrem Pivot filtern m\u00fcssen, ben\u00f6tigen Sie diesen Filter. Dadurch wird nur die Anzahl der von Ihnen ausgew\u00e4hlten Werte angezeigt, die Ihren Kriterien entsprechen.<\/li><\/ol><h2 class=\"wp-block-heading\"> Verwendung des Berichtsfilters<\/h2><p> Berichtsfilter eignen sich hervorragend, wenn Sie Daten anhand von zwei oder mehr Kriterien filtern m\u00fcssen. Um eine Spalte zu Berichtsfiltern hinzuzuf\u00fcgen.<\/p><ul><li> Klicken Sie zun\u00e4chst irgendwo auf die Pivot-Tabelle und aktivieren Sie die Feldlistenoption.<\/li><li> W\u00e4hlen Sie nun die Spalte aus, die Sie zu den Berichtsfiltern hinzuf\u00fcgen m\u00f6chten. Hier f\u00fcgen wir Industrie hinzu.<\/li><li> Ziehen Sie hier die Spalte \u201eBranche\u201c zu den Filtern in den PivotTable-Feldern bzw. f\u00fcgen Sie sie hinzu. <br><img loading=\"lazy\" decoding=\"async\" title=\"2-Verwenden-des-Berichtsfilters\" src=\"https:\/\/exceladvisor.org\/wp-content\/uploads\/2023\/08\/2-a-laide-du-filtre-de-rapport.png\" sizes=\"auto, \" srcset=\"\" alt=\"using-report-filter\" width=\"279\" height=\"370\"><\/li><li> Jetzt sieht die Pivot-Tabelle so aus. <br><img loading=\"lazy\" decoding=\"async\" title=\"3 Pivot-Tische\" src=\"https:\/\/exceladvisor.org\/wp-content\/uploads\/2023\/08\/3-tableau-croise-dynamique.png\" sizes=\"auto, \" srcset=\"\" alt=\"pivot-table\" width=\"213\" height=\"488\"><\/li><li> Klicken Sie anschlie\u00dfend auf das kleine Dropdown-Men\u00fc neben der Branche. <br><img loading=\"lazy\" decoding=\"async\" title=\"4-Klick auf die Dropdown-Liste\" src=\"https:\/\/exceladvisor.org\/wp-content\/uploads\/2023\/08\/4-cliquez-sur-le-menu-deroulant.png\" sizes=\"auto, \" srcset=\"\" alt=\"click-on-the-drop-down\" width=\"228\" height=\"269\"><\/li><li> Hier erhalten Sie eine Liste der Branchen in Ihren Daten.<\/li><li> Um nun mehrere auszuw\u00e4hlen, aktivieren Sie das Kontrollk\u00e4stchen unten \u201eMehrere ausw\u00e4hlen\u201c. <br><img loading=\"lazy\" decoding=\"async\" title=\"5-mehrere-Elemente-ausw\u00e4hlen\" src=\"https:\/\/exceladvisor.org\/wp-content\/uploads\/2023\/08\/5-selectionner-plusieurs-elements.png\" sizes=\"auto, \" srcset=\"\" alt=\"select-multiple-items\" width=\"229\" height=\"260\"><\/li><li> Wenn Sie eine lange Liste haben, k\u00f6nnen Sie am Ende einfach etwas in das Suchfeld eingeben. Hier geben wir \u201eMed\u201c ein und alle Branchen mit dem Text \u201eMed\u201c werden herausgefiltert. <br><img loading=\"lazy\" decoding=\"async\" title=\"6-Geben Sie-in-das-Suchfeld-ein\" src=\"https:\/\/exceladvisor.org\/wp-content\/uploads\/2023\/08\/6-tapez-dans-le-champ-de-recherche.png\" sizes=\"auto, \" srcset=\"\" alt=\"type-in-the-search-box\" width=\"223\" height=\"252\"><\/li><li> Hier k\u00f6nnen Sie die Branchen, die Sie filtern m\u00f6chten, abw\u00e4hlen oder ausw\u00e4hlen.<\/li><\/ul><h2 class=\"wp-block-heading\"> Suchleiste<\/h2><p> Das Suchfeld ist der einfachste und bequemste Filter.<\/p><ul><li> Klicken Sie zun\u00e4chst in das Suchfeld. <br><img loading=\"lazy\" decoding=\"async\" title=\"7-Klick-in-das-Suchfeld\" src=\"https:\/\/exceladvisor.org\/wp-content\/uploads\/2023\/08\/7-cliquez-dans-le-champ-de-recherche.png\" sizes=\"auto, \" srcset=\"\" alt=\"click-inside-the-search-box\" width=\"229\" height=\"343\"><\/li><li> Beginnen Sie hier mit der Texteingabe, um die Daten zu filtern. <br><img loading=\"lazy\" decoding=\"async\" title=\"8-Typ-Text zum Filtern von Daten\" src=\"https:\/\/exceladvisor.org\/wp-content\/uploads\/2023\/08\/8-saisir-du-texte-pour-filtrer-les-donnees.png\" sizes=\"auto, \" srcset=\"\" alt=\"type-text-to-filter-data\" width=\"236\" height=\"353\"><\/li><li> Danach sehen Sie, dass die Daten nach dem Text \u201eENT\u201c gefiltert werden. Hier werden Sie feststellen, dass alle Elemente, die \u201eENT\u201c haben, unten aufgef\u00fchrt sind.<\/li><li> Deaktivieren Sie die Elemente, die Sie nicht ben\u00f6tigen. <br><img loading=\"lazy\" decoding=\"async\" title=\"9-Entfernen Sie die Markierung der Elemente\" src=\"https:\/\/exceladvisor.org\/wp-content\/uploads\/2023\/08\/9-decochez-les-elements.png\" sizes=\"auto, \" srcset=\"\" alt=\"untick-the-items\" width=\"238\" height=\"355\"><\/li><li> Dr\u00fccke OK.<\/li><\/ul><h2 class=\"wp-block-heading\"> Filter aus einer Zeile oder Spalte l\u00f6schen<\/h2><h3 class=\"wp-block-heading\"> Methode 1<\/h3><ul><li> Klicken Sie auf die Zeile\/Spalte, auf die Sie den Filter angewendet haben, und klicken Sie mit der rechten Maustaste. <br><img loading=\"lazy\" decoding=\"async\" title=\"10-Zeilen-oder-Spalten-Filter l\u00f6schen\" src=\"https:\/\/exceladvisor.org\/wp-content\/uploads\/2023\/08\/10-effacer-le-filtre-de-la-ligne-ou-de-la-colonne.png\" sizes=\"auto, \" srcset=\"\" alt=\"clear-filter-from-row-or-column\" width=\"177\" height=\"376\"><\/li><li> Suchen Sie hier nach der Option \u201eFilter\u201c und klicken Sie, um die Option \u201eNamensfilter l\u00f6schen\u201c zu erhalten. <br><img loading=\"lazy\" decoding=\"async\" title=\"11-clear-name-filter\" src=\"https:\/\/exceladvisor.org\/wp-content\/uploads\/2023\/08\/11-effacer-le-filtre-du-nom.png\" sizes=\"auto, \" srcset=\"\" alt=\"clear-filter-from-name\" width=\"303\" height=\"310\"><\/li><\/ul><h3 class=\"wp-block-heading\"> Methode 2<\/h3><ul><li> Eine andere M\u00f6glichkeit, dies zu tun, besteht darin, einfach auf den Pfeil neben der Spalte \u201eName\u201c zu klicken. <br><img loading=\"lazy\" decoding=\"async\" title=\"12-Klick-auf-den-Pfeil\" src=\"https:\/\/exceladvisor.org\/wp-content\/uploads\/2023\/08\/12-cliquez-sur-la-fleche.png\" sizes=\"auto, \" srcset=\"\" alt=\"click-on-the-arrow\" width=\"240\" height=\"190\"><\/li><li> Klicken Sie nun auf \u201eNamensfilter l\u00f6schen\u201c. <br><img loading=\"lazy\" decoding=\"async\" title=\"Filter mit 13 Klicks l\u00f6schen\" src=\"https:\/\/exceladvisor.org\/wp-content\/uploads\/2023\/08\/Effacer-le-filtre-en-13-clics.png\" sizes=\"auto, \" srcset=\"\" alt=\"click-clear-filter\" width=\"258\" height=\"385\"><\/li><\/ul><h2 class=\"wp-block-heading\"> Alle Filter l\u00f6schen<\/h2><p> Wenn Sie alle Filter unabh\u00e4ngig von Spalten und Zeilen l\u00f6schen m\u00f6chten, f\u00fchren Sie die folgenden Schritte aus.<\/p><ul><li> Klicken Sie zun\u00e4chst auf die Pivot-Tabelle, um die Registerkarte \u201eAnalyse\u201c zu aktivieren. <br><img loading=\"lazy\" decoding=\"async\" title=\"14-Filter-Alles l\u00f6schen\" src=\"https:\/\/exceladvisor.org\/wp-content\/uploads\/2023\/08\/14-Effacer-tout-le-filtre.png\" sizes=\"auto, \" srcset=\"\" alt=\"clear-all-filter\" width=\"172\" height=\"175\"><\/li><li> Klicken Sie nun auf den kleinen Abw\u00e4rtspfeil neben dem L\u00f6schen. <br><img loading=\"lazy\" decoding=\"async\" title=\"L\u00f6schen Sie Filter mit 15 Klicks\" src=\"https:\/\/exceladvisor.org\/wp-content\/uploads\/2023\/08\/Effacer-les-filtres-en-15-clics.png\" sizes=\"auto, \" srcset=\"\" alt=\"click-clear-filters\" width=\"172\" height=\"167\"><\/li><li> Klicken Sie abschlie\u00dfend auf \u201eFilter l\u00f6schen\u201c. Dadurch werden alle auf die Pivot-Tabelle angewendeten Filter gel\u00f6scht (mit anderen Worten, die Filter werden zur\u00fcckgesetzt). <\/li><\/ul><div class=\"wp-block-group main-page-bottom is-layout-flow\"><div class=\"wp-block-group__inner-container\"><h2 class=\"wp-block-heading\"> Weitere PivotTable-Tutorials <\/h2><div class=\"wp-block-columns is-layout-flex wp-container-3\"><div class=\"wp-block-column is-layout-flow\"><ul><li> <a href=\"https:\/\/exceladvisor.org\/de\/gruppentermine\/\">Gruppieren Sie Daten in einem Pivot in Excel<\/a><\/li><li> <a href=\"https:\/\/exceladvisor.org\/de\/verknupfen-sie-den-slicer-mit-mehreren-pivot-tabellen\/\">Verbinden Sie einen einzelnen Slicer mit mehreren Pivot-Tabellen in Excel<\/a><\/li><li> <a href=\"https:\/\/exceladvisor.org\/de\/bewegen-sie-den-pivot-tisch\/\">Verschieben Sie eine PivotTable in Excel<\/a><\/li><li> <a href=\"https:\/\/exceladvisor.org\/de\/layout\/\">PivotTables in Excel formatieren<\/a><\/li><li> <a href=\"https:\/\/exceladvisor.org\/de\/tastaturkurzel-1\/\">Tastenkombinationen f\u00fcr die Pivot-Tabelle<\/a><\/li><\/ul><\/div><\/div><\/div><\/div>","protected":false},"excerpt":{"rendered":"","protected":false},"author":1,"featured_media":0,"parent":0,"menu_order":0,"comment_status":"open","ping_status":"closed","template":"","meta":{"ub_ctt_via":"","footnotes":""},"class_list":["post-3578","page","type-page","status-publish","hentry"],"featured_image_src":null,"yoast_head":"<!-- This site is optimized with the Yoast SEO plugin v25.4 - https:\/\/yoast.com\/wordpress\/plugins\/seo\/ -->\n<title>Wie filtere ich eine Pivot-Tabelle in Excel?<\/title>\n<meta name=\"description\" content=\"In diesem Tutorial erfahren Sie, wie Sie Daten in einer Pivot-Tabelle filtern.\" \/>\n<meta name=\"robots\" content=\"index, follow, max-snippet:-1, max-image-preview:large, max-video-preview:-1\" \/>\n<link rel=\"canonical\" href=\"https:\/\/exceladvisor.org\/de\/gefiltert\/\" \/>\n<meta property=\"og:locale\" content=\"de_DE\" \/>\n<meta property=\"og:type\" content=\"article\" \/>\n<meta property=\"og:title\" content=\"Wie filtere ich eine Pivot-Tabelle in Excel?\" \/>\n<meta property=\"og:description\" content=\"In diesem Tutorial erfahren Sie, wie Sie Daten in einer Pivot-Tabelle filtern.\" \/>\n<meta property=\"og:url\" content=\"https:\/\/exceladvisor.org\/de\/gefiltert\/\" \/>\n<meta property=\"og:site_name\" content=\"Excel Advisor\" \/>\n<meta property=\"article:modified_time\" content=\"2023-12-03T11:20:07+00:00\" \/>\n<meta property=\"og:image\" content=\"https:\/\/exceladvisor.org\/wp-content\/uploads\/2023\/08\/1-filtres-de-libelle-et-de-valeur.png\" \/>\n<meta name=\"twitter:card\" content=\"summary_large_image\" \/>\n<meta name=\"twitter:label1\" content=\"Gesch\u00e4tzte Lesezeit\" \/>\n\t<meta name=\"twitter:data1\" content=\"4\u00a0Minuten\" \/>\n<script type=\"application\/ld+json\" class=\"yoast-schema-graph\">{\"@context\":\"https:\/\/schema.org\",\"@graph\":[{\"@type\":\"WebPage\",\"@id\":\"https:\/\/exceladvisor.org\/de\/gefiltert\/\",\"url\":\"https:\/\/exceladvisor.org\/de\/gefiltert\/\",\"name\":\"Wie filtere ich eine Pivot-Tabelle in Excel?\",\"isPartOf\":{\"@id\":\"https:\/\/exceladvisor.org\/de\/#website\"},\"primaryImageOfPage\":{\"@id\":\"https:\/\/exceladvisor.org\/de\/gefiltert\/#primaryimage\"},\"image\":{\"@id\":\"https:\/\/exceladvisor.org\/de\/gefiltert\/#primaryimage\"},\"thumbnailUrl\":\"https:\/\/exceladvisor.org\/wp-content\/uploads\/2023\/08\/1-filtres-de-libelle-et-de-valeur.png\",\"datePublished\":\"2023-10-19T05:07:52+00:00\",\"dateModified\":\"2023-12-03T11:20:07+00:00\",\"description\":\"In diesem Tutorial erfahren Sie, wie Sie Daten in einer Pivot-Tabelle filtern.\",\"breadcrumb\":{\"@id\":\"https:\/\/exceladvisor.org\/de\/gefiltert\/#breadcrumb\"},\"inLanguage\":\"de\",\"potentialAction\":[{\"@type\":\"ReadAction\",\"target\":[\"https:\/\/exceladvisor.org\/de\/gefiltert\/\"]}]},{\"@type\":\"ImageObject\",\"inLanguage\":\"de\",\"@id\":\"https:\/\/exceladvisor.org\/de\/gefiltert\/#primaryimage\",\"url\":\"https:\/\/exceladvisor.org\/wp-content\/uploads\/2023\/08\/1-filtres-de-libelle-et-de-valeur.png\",\"contentUrl\":\"https:\/\/exceladvisor.org\/wp-content\/uploads\/2023\/08\/1-filtres-de-libelle-et-de-valeur.png\"},{\"@type\":\"BreadcrumbList\",\"@id\":\"https:\/\/exceladvisor.org\/de\/gefiltert\/#breadcrumb\",\"itemListElement\":[{\"@type\":\"ListItem\",\"position\":1,\"name\":\"Accueil\",\"item\":\"https:\/\/exceladvisor.org\/de\/\"},{\"@type\":\"ListItem\",\"position\":2,\"name\":\"Wie filtere ich eine pivot-tabelle in excel?\"}]},{\"@type\":\"WebSite\",\"@id\":\"https:\/\/exceladvisor.org\/de\/#website\",\"url\":\"https:\/\/exceladvisor.org\/de\/\",\"name\":\"Excel Advisor\",\"description\":\"Ihr Leitfaden zur Datendominanz\",\"publisher\":{\"@id\":\"https:\/\/exceladvisor.org\/de\/#organization\"},\"potentialAction\":[{\"@type\":\"SearchAction\",\"target\":{\"@type\":\"EntryPoint\",\"urlTemplate\":\"https:\/\/exceladvisor.org\/de\/?s={search_term_string}\"},\"query-input\":{\"@type\":\"PropertyValueSpecification\",\"valueRequired\":true,\"valueName\":\"search_term_string\"}}],\"inLanguage\":\"de\"},{\"@type\":\"Organization\",\"@id\":\"https:\/\/exceladvisor.org\/de\/#organization\",\"name\":\"Excel Advisor\",\"url\":\"https:\/\/exceladvisor.org\/de\/\",\"logo\":{\"@type\":\"ImageObject\",\"inLanguage\":\"de\",\"@id\":\"https:\/\/exceladvisor.org\/de\/#\/schema\/logo\/image\/\",\"url\":\"https:\/\/exceladvisor.org\/de\/wp-content\/uploads\/2023\/11\/exceladvisor.org_.png\",\"contentUrl\":\"https:\/\/exceladvisor.org\/de\/wp-content\/uploads\/2023\/11\/exceladvisor.org_.png\",\"width\":105,\"height\":36,\"caption\":\"Excel Advisor\"},\"image\":{\"@id\":\"https:\/\/exceladvisor.org\/de\/#\/schema\/logo\/image\/\"}}]}<\/script>\n<!-- \/ Yoast SEO plugin. -->","yoast_head_json":{"title":"Wie filtere ich eine Pivot-Tabelle in Excel?","description":"In diesem Tutorial erfahren Sie, wie Sie Daten in einer Pivot-Tabelle filtern.","robots":{"index":"index","follow":"follow","max-snippet":"max-snippet:-1","max-image-preview":"max-image-preview:large","max-video-preview":"max-video-preview:-1"},"canonical":"https:\/\/exceladvisor.org\/de\/gefiltert\/","og_locale":"de_DE","og_type":"article","og_title":"Wie filtere ich eine Pivot-Tabelle in Excel?","og_description":"In diesem Tutorial erfahren Sie, wie Sie Daten in einer Pivot-Tabelle filtern.","og_url":"https:\/\/exceladvisor.org\/de\/gefiltert\/","og_site_name":"Excel Advisor","article_modified_time":"2023-12-03T11:20:07+00:00","og_image":[{"url":"https:\/\/exceladvisor.org\/wp-content\/uploads\/2023\/08\/1-filtres-de-libelle-et-de-valeur.png","type":"","width":"","height":""}],"twitter_card":"summary_large_image","twitter_misc":{"Gesch\u00e4tzte Lesezeit":"4\u00a0Minuten"},"schema":{"@context":"https:\/\/schema.org","@graph":[{"@type":"WebPage","@id":"https:\/\/exceladvisor.org\/de\/gefiltert\/","url":"https:\/\/exceladvisor.org\/de\/gefiltert\/","name":"Wie filtere ich eine Pivot-Tabelle in Excel?","isPartOf":{"@id":"https:\/\/exceladvisor.org\/de\/#website"},"primaryImageOfPage":{"@id":"https:\/\/exceladvisor.org\/de\/gefiltert\/#primaryimage"},"image":{"@id":"https:\/\/exceladvisor.org\/de\/gefiltert\/#primaryimage"},"thumbnailUrl":"https:\/\/exceladvisor.org\/wp-content\/uploads\/2023\/08\/1-filtres-de-libelle-et-de-valeur.png","datePublished":"2023-10-19T05:07:52+00:00","dateModified":"2023-12-03T11:20:07+00:00","description":"In diesem Tutorial erfahren Sie, wie Sie Daten in einer Pivot-Tabelle filtern.","breadcrumb":{"@id":"https:\/\/exceladvisor.org\/de\/gefiltert\/#breadcrumb"},"inLanguage":"de","potentialAction":[{"@type":"ReadAction","target":["https:\/\/exceladvisor.org\/de\/gefiltert\/"]}]},{"@type":"ImageObject","inLanguage":"de","@id":"https:\/\/exceladvisor.org\/de\/gefiltert\/#primaryimage","url":"https:\/\/exceladvisor.org\/wp-content\/uploads\/2023\/08\/1-filtres-de-libelle-et-de-valeur.png","contentUrl":"https:\/\/exceladvisor.org\/wp-content\/uploads\/2023\/08\/1-filtres-de-libelle-et-de-valeur.png"},{"@type":"BreadcrumbList","@id":"https:\/\/exceladvisor.org\/de\/gefiltert\/#breadcrumb","itemListElement":[{"@type":"ListItem","position":1,"name":"Accueil","item":"https:\/\/exceladvisor.org\/de\/"},{"@type":"ListItem","position":2,"name":"Wie filtere ich eine pivot-tabelle in excel?"}]},{"@type":"WebSite","@id":"https:\/\/exceladvisor.org\/de\/#website","url":"https:\/\/exceladvisor.org\/de\/","name":"Excel Advisor","description":"Ihr Leitfaden zur Datendominanz","publisher":{"@id":"https:\/\/exceladvisor.org\/de\/#organization"},"potentialAction":[{"@type":"SearchAction","target":{"@type":"EntryPoint","urlTemplate":"https:\/\/exceladvisor.org\/de\/?s={search_term_string}"},"query-input":{"@type":"PropertyValueSpecification","valueRequired":true,"valueName":"search_term_string"}}],"inLanguage":"de"},{"@type":"Organization","@id":"https:\/\/exceladvisor.org\/de\/#organization","name":"Excel Advisor","url":"https:\/\/exceladvisor.org\/de\/","logo":{"@type":"ImageObject","inLanguage":"de","@id":"https:\/\/exceladvisor.org\/de\/#\/schema\/logo\/image\/","url":"https:\/\/exceladvisor.org\/de\/wp-content\/uploads\/2023\/11\/exceladvisor.org_.png","contentUrl":"https:\/\/exceladvisor.org\/de\/wp-content\/uploads\/2023\/11\/exceladvisor.org_.png","width":105,"height":36,"caption":"Excel Advisor"},"image":{"@id":"https:\/\/exceladvisor.org\/de\/#\/schema\/logo\/image\/"}}]}},"yoast_meta":{"yoast_wpseo_title":"","yoast_wpseo_metadesc":"","yoast_wpseo_canonical":""},"_links":{"self":[{"href":"https:\/\/exceladvisor.org\/de\/wp-json\/wp\/v2\/pages\/3578","targetHints":{"allow":["GET"]}}],"collection":[{"href":"https:\/\/exceladvisor.org\/de\/wp-json\/wp\/v2\/pages"}],"about":[{"href":"https:\/\/exceladvisor.org\/de\/wp-json\/wp\/v2\/types\/page"}],"author":[{"embeddable":true,"href":"https:\/\/exceladvisor.org\/de\/wp-json\/wp\/v2\/users\/1"}],"replies":[{"embeddable":true,"href":"https:\/\/exceladvisor.org\/de\/wp-json\/wp\/v2\/comments?post=3578"}],"version-history":[{"count":1,"href":"https:\/\/exceladvisor.org\/de\/wp-json\/wp\/v2\/pages\/3578\/revisions"}],"predecessor-version":[{"id":3987,"href":"https:\/\/exceladvisor.org\/de\/wp-json\/wp\/v2\/pages\/3578\/revisions\/3987"}],"wp:attachment":[{"href":"https:\/\/exceladvisor.org\/de\/wp-json\/wp\/v2\/media?parent=3578"}],"curies":[{"name":"wp","href":"https:\/\/api.w.org\/{rel}","templated":true}]}}