{"id":3579,"date":"2023-10-19T04:10:16","date_gmt":"2023-10-19T04:10:16","guid":{"rendered":"https:\/\/exceladvisor.org\/de\/berechnung-in-der-pivot-tabelle\/"},"modified":"2023-12-03T13:05:38","modified_gmt":"2023-12-03T13:05:38","slug":"berechnung-in-der-pivot-tabelle","status":"publish","type":"page","link":"https:\/\/exceladvisor.org\/de\/berechnung-in-der-pivot-tabelle\/","title":{"rendered":"Wie verwende ich berechnete elemente und felder in excel?"},"content":{"rendered":"<div class=\"excel-vor-dem-inhalt\" id=\"excel-2404798387\"><script type=\"text\/javascript\">\r\n\tatOptions = {\r\n\t\t'key' : 'c1158f160081d6540a8409e6925dab94',\r\n\t\t'format' : 'iframe',\r\n\t\t'height' : 250,\r\n\t\t'width' : 300,\r\n\t\t'params' : {}\r\n\t};\r\n<\/script>\r\n<script type=\"text\/javascript\" src=\"\/\/www.highperformanceformat.com\/c1158f160081d6540a8409e6925dab94\/invoke.js\"><\/script><\/div> <p>Eine der besten M\u00f6glichkeiten, ein<a style=\"outline: none;\" href=\"https:\/\/exceladvisor.org\/de\/pivot-tisch\/\" data-wpel-link=\"internal\">fortgeschrittener Pivot-Tabellen-<\/a> Benutzer zu werden und Excel f\u00fcr die Datenanalyse zu verwenden, besteht darin, berechnete Elemente und berechnete Felder in einer Pivot-Tabelle zu verwenden.<\/p><p> Verwenden Sie Formeln in einer Pivot-Tabelle oder einer benutzerdefinierten Berechnung, die in den Quelldaten nicht vorhanden sind, aber wie andere Felder funktionieren.<\/p><p> Vereinfacht ausgedr\u00fcckt sind dies die Berechnungen in der Pivot-Tabelle. Im folgenden Beispiel sehen Sie eine Pivot-Tabelle mit einem berechneten Feld, das den durchschnittlichen Verkaufspreis berechnet. Andererseits verf\u00fcgen die Quelldaten \u00fcber keine solchen Feldtypen. <\/p><div class=\"wp-block-image\"><figure class=\"aligncenter\"><img decoding=\"async\" title=\"Berechnung-in-Pivot-Tabelle einf\u00fcgen\" src=\"https:\/\/exceladvisor.org\/wp-content\/uploads\/2023\/08\/inserer-le-calcul-dans-le-tableau-croise-dynamique-10.png\" sizes=\"\" srcset=\"\" alt=\"insert calculation in pivot table\"><\/figure><\/div><p class=\"qt-tip\"> Pivot-Tabellen sind Teil der <a style=\"outline: none;\" href=\"https:\/\/exceladvisor.org\/de\/hervorragende-fahigkeiten\/\">INTERMEDIATE EXCEL SKILLS<\/a> .<\/p><h2 class=\"wp-block-heading\"> Berechnetes Feld in einer Pivot-Tabelle<\/h2><p> In Excel PivotTable \u00e4hnelt das berechnete Feld allen anderen Feldern in Ihrer PivotTable, sie sind jedoch nicht in den Quelldaten vorhanden. Sie werden jedoch mithilfe von Formeln in der Pivot-Tabelle erstellt. Befolgen Sie diese einfachen Schritte, um das berechnete Feld in eine Pivot-Tabelle einzuf\u00fcgen.<\/p><ol><li> Zun\u00e4chst ben\u00f6tigen Sie eine einfache Pivot-Tabelle, um ein berechnetes Feld hinzuzuf\u00fcgen. <br><img decoding=\"async\" title=\"Berechnung in Pivot-Tabelle 2 einf\u00fcgen\" src=\"https:\/\/exceladvisor.org\/wp-content\/uploads\/2023\/08\/Inserer-le-calcul-dans-le-tableau-croise-dynamique-2-1.png\" sizes=\"\" srcset=\"\" alt=\"Use A Simple Data Table To Add Calculated Field To Insert Calculation In Pivot Table\"><\/li><li> Klicken Sie einfach auf eines der Felder in Ihrer Pivot-Tabelle. In Ihrem Men\u00fcband wird eine Pivot-Tabellenoption angezeigt, die au\u00dferdem zwei Optionen bietet <strong>(Analysieren und Entwerfen).<\/strong> Klicken Sie auf die Analyseoption und dann auf <strong>Felder, Elemente und S\u00e4tze<\/strong> . Sie erhalten au\u00dferdem eine Liste mit Optionen. Klicken Sie einfach auf das berechnete Feld. <br><img decoding=\"async\" title=\"Einf\u00fcgen-Berechnung-in-Pivot-Tabelle-3\" src=\"https:\/\/exceladvisor.org\/wp-content\/uploads\/2023\/08\/Inserer-le-calcul-dans-le-tableau-croise-dynamique-3-1.png\" sizes=\"\" srcset=\"\" alt=\"Insert Calculated Field To Add Calculation In Pivot Table\"><\/li><li> Nachdem Sie auf das berechnete Feld geklickt haben, erhalten Sie ein Kontextmen\u00fc, wie unten dargestellt. Dieses Kontextmen\u00fc verf\u00fcgt \u00fcber zwei Eingabeoptionen (Name und Formel) und eine Auswahloption. <br><img decoding=\"async\" title=\"Berechnung in Pivot-Tabelle 4 einf\u00fcgen\" src=\"https:\/\/exceladvisor.org\/wp-content\/uploads\/2023\/08\/Inserer-le-calcul-dans-le-tableau-croise-dynamique-4-1.png\" sizes=\"\" srcset=\"\" alt=\"Calculated Field Pop-Up Box To Insert Calculation In Pivot Table\"><\/li><li> <strong data-rich-text-format-boundary=\"true\">Name:<\/strong> Name des berechneten Feldes, das in Ihrer Pivot-Tabelle angezeigt wird.<\/li><li> <strong>Formel:<\/strong> Eine Eingabeoption zum Einf\u00fcgen einer Formel f\u00fcr das berechnete Feld.<\/li><li> <strong>Felder:<\/strong> Eine Dropdown-Option zur Auswahl anderer Felder aus den Quelldaten, um ein neues Feld zu berechnen.<\/li><\/ol><h2 id=\"4\" class=\"wp-block-heading\"> Berechnete Elemente in einer Pivot-Tabelle<\/h2><p> Berechnete Elemente \u00e4hneln allen anderen Elementen in Ihrer Pivot-Tabelle, der Unterschied besteht jedoch darin, dass sie in Ihren Quelldaten nicht vorhanden sind. Sie werden einfach nach einer Formel erstellt. Sie k\u00f6nnen berechnete Elemente nach Bedarf bearbeiten, bearbeiten oder l\u00f6schen.<\/p><ol><li> Klicken Sie einfach auf eines der Elemente in Ihrer Pivot-Tabelle. In Ihrem Men\u00fcband sehen Sie eine PivotTable-Option sowie zwei weitere Optionen (Analysieren und Entwerfen).<\/li><li> Klicken Sie auf \u201eAnalysieren\u201c und dann auf \u201eFelder, Elemente und S\u00e4tze\u201c.<\/li><li> Sie erhalten au\u00dferdem eine Liste mit Optionen. Klicken Sie einfach auf Berechnetes Element. <br><img decoding=\"async\" title=\"Einf\u00fcgen-Berechnung-in-Pivot-Tabelle-7\" src=\"https:\/\/exceladvisor.org\/wp-content\/uploads\/2023\/08\/Inserer-le-calcul-dans-le-tableau-croise-dynamique-7-1.png\" sizes=\"\" srcset=\"\" alt=\"Calculated Item Dialog Box To Insert Calculation In Pivot Table\"><\/li><li> Nachdem Sie auf das berechnete Element geklickt haben, erhalten Sie ein Kontextmen\u00fc, wie oben. Dieses Kontextmen\u00fc umfasst zwei Eingabeoptionen (Name und Formel) und zwei Auswahloptionen (Feld und Elemente).<\/li><li> Wir haben bereits \u00fcber \u201e <strong>Name, Formel und Felder<\/strong> \u201c in berechneten Feldern gesprochen.<\/li><li> <strong>Elemente<\/strong> : Zur Auswahl der zu berechnenden Elemente.<\/li><li> In diesem Beispiel berechnen wir den durchschnittlichen Verkaufspreis und die Formel lautet = Menge\/Menge.<\/li><li> W\u00e4hlen Sie in der Option \u201eFelder\u201c die Option \u201eBetrag\u201c aus und klicken Sie auf \u201eEinf\u00fcgen\u201c. F\u00fcgen Sie dann den Divisionsoperator \u201e\/\u201c und dann die Menge ein.<\/li><li> Dr\u00fccke OK.<\/li><li> Nun erscheint ein neues Feld in Ihrer Pivot-Tabelle. <br><img decoding=\"async\" title=\"Einf\u00fcgen-Berechnung-in-Pivot-Tabelle-5\" src=\"https:\/\/exceladvisor.org\/wp-content\/uploads\/2023\/08\/Inserer-le-calcul-dans-le-tableau-croise-dynamique-5-1.png\" sizes=\"\" srcset=\"\" alt=\"Insert Formula In Calculated Feild To Insert Calculation In Pivot Table\"><\/li><li> Ihr neues berechnetes Feld wird ohne numerisches Format erstellt. <br><img decoding=\"async\" title=\"Einf\u00fcgen-Berechnung-in-Pivot-Tabelle-6\" src=\"https:\/\/exceladvisor.org\/wp-content\/uploads\/2023\/08\/Inserer-le-calcul-dans-le-tableau-croise-dynamique-6-1.png\" sizes=\"\" srcset=\"\" alt=\"Your New Calculated Field By inserting Calculation In Pivot Table\"><\/li><\/ol><p> In diesem Beispiel berechnen wir den Durchschnitt des ersten Semesters und des zweiten Semesters. F\u00fcgen Sie einfach die Formel hinzu.<\/p><pre class=\"wp-block-code\"> <code class=\"language-excel-formula\" lang=\"excel-formula\">=average(jan, feb, mar, apr, may, jun)<\/code><\/pre><p> Jetzt m\u00fcssen Sie Ihre Pivot-Elemente berechnen und dabei den Durchschnitt der ersten sechs Monate und der letzten sechs Monate des Jahres anzeigen. <\/p><div class=\"wp-block-image\"><figure class=\"aligncenter\"><img decoding=\"async\" src=\"https:\/\/exceladvisor.org\/wp-content\/uploads\/2023\/08\/Inserer-le-calcul-dans-le-tableau-croise-dynamique-8-1.png\" sizes=\"\" srcset=\"\" alt=\"F\u00fcgen Sie ein berechnetes Element ein, um der Pivot-Tabelle eine Berechnung hinzuzuf\u00fcgen\"><\/figure><\/div><p> <span style=\"color: #333333;\">Aber warte mal. Was ist das? Die Gesamtsumme steigt von 1.506 $ und 311.820 $ auf 1.746 $ und 361.600 $.<\/span> <\/p><div class=\"wp-block-image\"><figure class=\"aligncenter\"><img decoding=\"async\" src=\"https:\/\/exceladvisor.org\/wp-content\/uploads\/2023\/08\/Inserer-le-calcul-dans-le-tableau-croise-dynamique-9-1.png\" sizes=\"\" srcset=\"\" alt=\"Berechnetes Element eingef\u00fcgt, um die Berechnung in die Pivot-Tabelle einzuf\u00fcgen\"><\/figure><\/div><p> Der Grund daf\u00fcr ist, dass die Gesamt- und Zwischensummen der Pivot-Tabelle Ihre berechneten Felder umfassen, w\u00e4hrend die Gesamt- und Zwischensummenberechnung erfolgt. Sie m\u00fcssen also Ihre berechneten Elemente filtern, wenn Sie das tats\u00e4chliche Bild anzeigen m\u00f6chten.<\/p><h2 id=\"6\" class=\"wp-block-heading\"> Dinge, an die man sich erinnern sollte<\/h2><ol><li> Denken Sie daran, 0 aus der Formeleingabeoption zu entfernen, wenn Sie eine Formel zur Berechnung einf\u00fcgen.<\/li><li> Sie k\u00f6nnen nur Formeln verwenden, die keine Zellbez\u00fcge erfordern.<\/li><li> Sie sollten pr\u00fcfen, ob die berechneten Elemente Auswirkungen auf Ihre Pivot-Ergebnisse (Zwischensummen und Gesamtsummen) haben.<\/li><li> Passen Sie die L\u00f6sungsreihenfolge entsprechend Ihren Berechnungsanforderungen an. <\/li><\/ol><div class=\"wp-block-group main-page-bottom is-layout-flow\"><div class=\"wp-block-group__inner-container\"><h2 class=\"wp-block-heading\"> Erfahren Sie mehr \u00fcber Pivot-Tabellen<\/h2><ul><li> <a href=\"https:\/\/exceladvisor.org\/de\/zahlen-sie-eindeutige-werte\/\">Z\u00e4hlen Sie eindeutige Werte in einer Pivot-Tabelle in Excel<\/a><\/li><li> <a href=\"https:\/\/exceladvisor.org\/de\/spalte-der-range\/\">F\u00fcgen Sie Zeilen in der Pivot-Tabelle in Excel hinzu<\/a><\/li><li> <a href=\"https:\/\/exceladvisor.org\/de\/gruppentermine\/\">Gruppieren Sie Termine in einer Pivot-Tabelle<\/a><\/li><\/ul><\/div><\/div>","protected":false},"excerpt":{"rendered":"","protected":false},"author":1,"featured_media":0,"parent":0,"menu_order":0,"comment_status":"open","ping_status":"closed","template":"","meta":{"ub_ctt_via":"","footnotes":""},"class_list":["post-3579","page","type-page","status-publish","hentry"],"featured_image_src":null,"yoast_head":"<!-- This site is optimized with the Yoast SEO plugin v25.4 - https:\/\/yoast.com\/wordpress\/plugins\/seo\/ -->\n<title>Wie verwende ich berechnete Elemente und Felder in Excel?<\/title>\n<meta name=\"description\" content=\"Die Berechnung in der Pivot-Tabelle kann durch Berechnen von Feldern und berechneten Elementen erfolgen.\" \/>\n<meta name=\"robots\" content=\"index, follow, max-snippet:-1, max-image-preview:large, max-video-preview:-1\" \/>\n<link rel=\"canonical\" href=\"https:\/\/exceladvisor.org\/de\/berechnung-in-der-pivot-tabelle\/\" \/>\n<meta property=\"og:locale\" content=\"de_DE\" \/>\n<meta property=\"og:type\" content=\"article\" \/>\n<meta property=\"og:title\" content=\"Wie verwende ich berechnete Elemente und Felder in Excel?\" \/>\n<meta property=\"og:description\" content=\"Die Berechnung in der Pivot-Tabelle kann durch Berechnen von Feldern und berechneten Elementen erfolgen.\" \/>\n<meta property=\"og:url\" content=\"https:\/\/exceladvisor.org\/de\/berechnung-in-der-pivot-tabelle\/\" \/>\n<meta property=\"og:site_name\" content=\"Excel Advisor\" \/>\n<meta property=\"article:modified_time\" content=\"2023-12-03T13:05:38+00:00\" \/>\n<meta property=\"og:image\" content=\"https:\/\/exceladvisor.org\/wp-content\/uploads\/2023\/08\/inserer-le-calcul-dans-le-tableau-croise-dynamique-10.png\" \/>\n<meta name=\"twitter:card\" content=\"summary_large_image\" \/>\n<meta name=\"twitter:label1\" content=\"Gesch\u00e4tzte Lesezeit\" \/>\n\t<meta name=\"twitter:data1\" content=\"3\u00a0Minuten\" \/>\n<script type=\"application\/ld+json\" class=\"yoast-schema-graph\">{\"@context\":\"https:\/\/schema.org\",\"@graph\":[{\"@type\":\"WebPage\",\"@id\":\"https:\/\/exceladvisor.org\/de\/berechnung-in-der-pivot-tabelle\/\",\"url\":\"https:\/\/exceladvisor.org\/de\/berechnung-in-der-pivot-tabelle\/\",\"name\":\"Wie verwende ich berechnete Elemente und Felder in Excel?\",\"isPartOf\":{\"@id\":\"https:\/\/exceladvisor.org\/de\/#website\"},\"primaryImageOfPage\":{\"@id\":\"https:\/\/exceladvisor.org\/de\/berechnung-in-der-pivot-tabelle\/#primaryimage\"},\"image\":{\"@id\":\"https:\/\/exceladvisor.org\/de\/berechnung-in-der-pivot-tabelle\/#primaryimage\"},\"thumbnailUrl\":\"https:\/\/exceladvisor.org\/wp-content\/uploads\/2023\/08\/inserer-le-calcul-dans-le-tableau-croise-dynamique-10.png\",\"datePublished\":\"2023-10-19T04:10:16+00:00\",\"dateModified\":\"2023-12-03T13:05:38+00:00\",\"description\":\"Die Berechnung in der Pivot-Tabelle kann durch Berechnen von Feldern und berechneten Elementen erfolgen.\",\"breadcrumb\":{\"@id\":\"https:\/\/exceladvisor.org\/de\/berechnung-in-der-pivot-tabelle\/#breadcrumb\"},\"inLanguage\":\"de\",\"potentialAction\":[{\"@type\":\"ReadAction\",\"target\":[\"https:\/\/exceladvisor.org\/de\/berechnung-in-der-pivot-tabelle\/\"]}]},{\"@type\":\"ImageObject\",\"inLanguage\":\"de\",\"@id\":\"https:\/\/exceladvisor.org\/de\/berechnung-in-der-pivot-tabelle\/#primaryimage\",\"url\":\"https:\/\/exceladvisor.org\/wp-content\/uploads\/2023\/08\/inserer-le-calcul-dans-le-tableau-croise-dynamique-10.png\",\"contentUrl\":\"https:\/\/exceladvisor.org\/wp-content\/uploads\/2023\/08\/inserer-le-calcul-dans-le-tableau-croise-dynamique-10.png\"},{\"@type\":\"BreadcrumbList\",\"@id\":\"https:\/\/exceladvisor.org\/de\/berechnung-in-der-pivot-tabelle\/#breadcrumb\",\"itemListElement\":[{\"@type\":\"ListItem\",\"position\":1,\"name\":\"Accueil\",\"item\":\"https:\/\/exceladvisor.org\/de\/\"},{\"@type\":\"ListItem\",\"position\":2,\"name\":\"Wie verwende ich berechnete elemente und felder in excel?\"}]},{\"@type\":\"WebSite\",\"@id\":\"https:\/\/exceladvisor.org\/de\/#website\",\"url\":\"https:\/\/exceladvisor.org\/de\/\",\"name\":\"Excel Advisor\",\"description\":\"Ihr Leitfaden zur Datendominanz\",\"publisher\":{\"@id\":\"https:\/\/exceladvisor.org\/de\/#organization\"},\"potentialAction\":[{\"@type\":\"SearchAction\",\"target\":{\"@type\":\"EntryPoint\",\"urlTemplate\":\"https:\/\/exceladvisor.org\/de\/?s={search_term_string}\"},\"query-input\":{\"@type\":\"PropertyValueSpecification\",\"valueRequired\":true,\"valueName\":\"search_term_string\"}}],\"inLanguage\":\"de\"},{\"@type\":\"Organization\",\"@id\":\"https:\/\/exceladvisor.org\/de\/#organization\",\"name\":\"Excel Advisor\",\"url\":\"https:\/\/exceladvisor.org\/de\/\",\"logo\":{\"@type\":\"ImageObject\",\"inLanguage\":\"de\",\"@id\":\"https:\/\/exceladvisor.org\/de\/#\/schema\/logo\/image\/\",\"url\":\"https:\/\/exceladvisor.org\/de\/wp-content\/uploads\/2023\/11\/exceladvisor.org_.png\",\"contentUrl\":\"https:\/\/exceladvisor.org\/de\/wp-content\/uploads\/2023\/11\/exceladvisor.org_.png\",\"width\":105,\"height\":36,\"caption\":\"Excel Advisor\"},\"image\":{\"@id\":\"https:\/\/exceladvisor.org\/de\/#\/schema\/logo\/image\/\"}}]}<\/script>\n<!-- \/ Yoast SEO plugin. -->","yoast_head_json":{"title":"Wie verwende ich berechnete Elemente und Felder in Excel?","description":"Die Berechnung in der Pivot-Tabelle kann durch Berechnen von Feldern und berechneten Elementen erfolgen.","robots":{"index":"index","follow":"follow","max-snippet":"max-snippet:-1","max-image-preview":"max-image-preview:large","max-video-preview":"max-video-preview:-1"},"canonical":"https:\/\/exceladvisor.org\/de\/berechnung-in-der-pivot-tabelle\/","og_locale":"de_DE","og_type":"article","og_title":"Wie verwende ich berechnete Elemente und Felder in Excel?","og_description":"Die Berechnung in der Pivot-Tabelle kann durch Berechnen von Feldern und berechneten Elementen erfolgen.","og_url":"https:\/\/exceladvisor.org\/de\/berechnung-in-der-pivot-tabelle\/","og_site_name":"Excel Advisor","article_modified_time":"2023-12-03T13:05:38+00:00","og_image":[{"url":"https:\/\/exceladvisor.org\/wp-content\/uploads\/2023\/08\/inserer-le-calcul-dans-le-tableau-croise-dynamique-10.png","type":"","width":"","height":""}],"twitter_card":"summary_large_image","twitter_misc":{"Gesch\u00e4tzte Lesezeit":"3\u00a0Minuten"},"schema":{"@context":"https:\/\/schema.org","@graph":[{"@type":"WebPage","@id":"https:\/\/exceladvisor.org\/de\/berechnung-in-der-pivot-tabelle\/","url":"https:\/\/exceladvisor.org\/de\/berechnung-in-der-pivot-tabelle\/","name":"Wie verwende ich berechnete Elemente und Felder in Excel?","isPartOf":{"@id":"https:\/\/exceladvisor.org\/de\/#website"},"primaryImageOfPage":{"@id":"https:\/\/exceladvisor.org\/de\/berechnung-in-der-pivot-tabelle\/#primaryimage"},"image":{"@id":"https:\/\/exceladvisor.org\/de\/berechnung-in-der-pivot-tabelle\/#primaryimage"},"thumbnailUrl":"https:\/\/exceladvisor.org\/wp-content\/uploads\/2023\/08\/inserer-le-calcul-dans-le-tableau-croise-dynamique-10.png","datePublished":"2023-10-19T04:10:16+00:00","dateModified":"2023-12-03T13:05:38+00:00","description":"Die Berechnung in der Pivot-Tabelle kann durch Berechnen von Feldern und berechneten Elementen erfolgen.","breadcrumb":{"@id":"https:\/\/exceladvisor.org\/de\/berechnung-in-der-pivot-tabelle\/#breadcrumb"},"inLanguage":"de","potentialAction":[{"@type":"ReadAction","target":["https:\/\/exceladvisor.org\/de\/berechnung-in-der-pivot-tabelle\/"]}]},{"@type":"ImageObject","inLanguage":"de","@id":"https:\/\/exceladvisor.org\/de\/berechnung-in-der-pivot-tabelle\/#primaryimage","url":"https:\/\/exceladvisor.org\/wp-content\/uploads\/2023\/08\/inserer-le-calcul-dans-le-tableau-croise-dynamique-10.png","contentUrl":"https:\/\/exceladvisor.org\/wp-content\/uploads\/2023\/08\/inserer-le-calcul-dans-le-tableau-croise-dynamique-10.png"},{"@type":"BreadcrumbList","@id":"https:\/\/exceladvisor.org\/de\/berechnung-in-der-pivot-tabelle\/#breadcrumb","itemListElement":[{"@type":"ListItem","position":1,"name":"Accueil","item":"https:\/\/exceladvisor.org\/de\/"},{"@type":"ListItem","position":2,"name":"Wie verwende ich berechnete elemente und felder in excel?"}]},{"@type":"WebSite","@id":"https:\/\/exceladvisor.org\/de\/#website","url":"https:\/\/exceladvisor.org\/de\/","name":"Excel Advisor","description":"Ihr Leitfaden zur Datendominanz","publisher":{"@id":"https:\/\/exceladvisor.org\/de\/#organization"},"potentialAction":[{"@type":"SearchAction","target":{"@type":"EntryPoint","urlTemplate":"https:\/\/exceladvisor.org\/de\/?s={search_term_string}"},"query-input":{"@type":"PropertyValueSpecification","valueRequired":true,"valueName":"search_term_string"}}],"inLanguage":"de"},{"@type":"Organization","@id":"https:\/\/exceladvisor.org\/de\/#organization","name":"Excel Advisor","url":"https:\/\/exceladvisor.org\/de\/","logo":{"@type":"ImageObject","inLanguage":"de","@id":"https:\/\/exceladvisor.org\/de\/#\/schema\/logo\/image\/","url":"https:\/\/exceladvisor.org\/de\/wp-content\/uploads\/2023\/11\/exceladvisor.org_.png","contentUrl":"https:\/\/exceladvisor.org\/de\/wp-content\/uploads\/2023\/11\/exceladvisor.org_.png","width":105,"height":36,"caption":"Excel Advisor"},"image":{"@id":"https:\/\/exceladvisor.org\/de\/#\/schema\/logo\/image\/"}}]}},"yoast_meta":{"yoast_wpseo_title":"","yoast_wpseo_metadesc":"","yoast_wpseo_canonical":""},"_links":{"self":[{"href":"https:\/\/exceladvisor.org\/de\/wp-json\/wp\/v2\/pages\/3579","targetHints":{"allow":["GET"]}}],"collection":[{"href":"https:\/\/exceladvisor.org\/de\/wp-json\/wp\/v2\/pages"}],"about":[{"href":"https:\/\/exceladvisor.org\/de\/wp-json\/wp\/v2\/types\/page"}],"author":[{"embeddable":true,"href":"https:\/\/exceladvisor.org\/de\/wp-json\/wp\/v2\/users\/1"}],"replies":[{"embeddable":true,"href":"https:\/\/exceladvisor.org\/de\/wp-json\/wp\/v2\/comments?post=3579"}],"version-history":[{"count":1,"href":"https:\/\/exceladvisor.org\/de\/wp-json\/wp\/v2\/pages\/3579\/revisions"}],"predecessor-version":[{"id":4228,"href":"https:\/\/exceladvisor.org\/de\/wp-json\/wp\/v2\/pages\/3579\/revisions\/4228"}],"wp:attachment":[{"href":"https:\/\/exceladvisor.org\/de\/wp-json\/wp\/v2\/media?parent=3579"}],"curies":[{"name":"wp","href":"https:\/\/api.w.org\/{rel}","templated":true}]}}