{"id":3580,"date":"2023-10-18T23:45:41","date_gmt":"2023-10-18T23:45:41","guid":{"rendered":"https:\/\/exceladvisor.org\/de\/andern-sie-die-negative-zahl-in-eine-positive\/"},"modified":"2023-12-03T13:03:54","modified_gmt":"2023-12-03T13:03:54","slug":"andern-sie-die-negative-zahl-in-eine-positive","status":"publish","type":"page","link":"https:\/\/exceladvisor.org\/de\/andern-sie-die-negative-zahl-in-eine-positive\/","title":{"rendered":"Wie konvertiert man in excel eine negative zahl in eine positive?"},"content":{"rendered":"<div class=\"excel-vor-dem-inhalt\" id=\"excel-4286992854\"><script type=\"text\/javascript\">\r\n\tatOptions = {\r\n\t\t'key' : 'c1158f160081d6540a8409e6925dab94',\r\n\t\t'format' : 'iframe',\r\n\t\t'height' : 250,\r\n\t\t'width' : 300,\r\n\t\t'params' : {}\r\n\t};\r\n<\/script>\r\n<script type=\"text\/javascript\" src=\"\/\/www.highperformanceformat.com\/c1158f160081d6540a8409e6925dab94\/invoke.js\"><\/script><\/div> <p>Und Sie werden erstaunt sein, dass ich sieben verschiedene Methoden habe, mit denen Sie mit negativen Zahlen umgehen k\u00f6nnen. <span style=\"font-family: inherit;\">Letzte Woche erhielt ich eine E-Mail von einem meiner Abonnenten mit einer Frage.<\/span><\/p><p> <span style=\"font-family: inherit;\"><strong>Hey, wie viele Methoden haben wir, um eine negative Zahl in eine positive Zahl umzuwandeln?<\/strong><\/span><\/p><p> Wissen Sie, das, worum er gebeten hat, ist eine gemeinsame Aufgabe. Ich bin mir sicher, dass Ihnen das oft passiert, wenn Sie negative Zahlenwerte erhalten und diese anschlie\u00dfend in positive Werte umwandeln.<\/p><p> Darin liegt keine #Raketenwissenschaft. Aber haben Sie bereits gepr\u00fcft, wie Sie dies mit meinen unterschiedlichen Methoden erreichen k\u00f6nnen? Nun, ich bin immer neugierig auf die verschiedenen Methoden, eine Aufgabe in Excel zu erledigen.<\/p><p> Also habe ich mir dieses Mal ein Papier geschnappt und alle Methoden aufgelistet, mit denen ich eine negative Zahl in eine positive umwandeln kann. Deshalb m\u00f6chte ich heute in diesem Artikel alle diese Methoden mit Ihnen teilen.<\/p><p> Lass uns anfangen.<\/p><h2 id=\"tab-con-4\" class=\"wp-block-heading\"> 1. Mit minus eins multiplizieren, um eine positive Zahl umzuwandeln<\/h2><p> Wenn Sie im Gegensatz zu mir gut in Mathe sind, wissen Sie sicher, dass das Ergebnis immer positiv ist, wenn Sie zwei Minuszeichen miteinander multiplizieren. Sie k\u00f6nnen also dieselbe Methode in Excel verwenden, um eine negative Zahl in eine positive umzuwandeln.<\/p><p> Alles was Sie tun m\u00fcssen, ist einfach einen negativen Wert mit -1 zu multiplizieren und es wird die positive Zahl anstelle der negativen zur\u00fcckgegeben.<\/p><pre class=\"wp-block-code\"> <code class=\"language-excel-formula\" lang=\"excel-formula\">=negative_value*-1<\/code><\/pre><p> Unten sehen Sie eine Reihe von Zellen mit negativen Zahlen. Um sie also ins Positive umzuwandeln, geben Sie einfach die Formel in Zelle B2 ein und ziehen sie in die letzte Zelle. <\/p><div class=\"wp-block-image\"><figure class=\"aligncenter\"><img decoding=\"async\" src=\"https:\/\/exceladvisor.org\/wp-content\/uploads\/2023\/08\/nombre-negatif-en-positif-avec-simple-multiplication-avec-moins-un-1.gif\" sizes=\"\" srcset=\"\" alt=\"Negative Zahl ins Positive umwandeln mit einfacher Multiplikation mit uns eins\"><\/figure><\/div><p class=\"mynote\"> Wenn Sie gemischte Zahlen (positiv und negativ) haben, k\u00f6nnen Sie stattdessen die folgende Methode verwenden.<\/p><pre class=\"wp-block-code\"> <code class=\"language-excel-formula\" lang=\"excel-formula\"><kbd>=IF(A1&lt;0,A1*-1,A1)<\/kbd><\/code><\/pre><h2 id=\"tab-con-5\" class=\"wp-block-heading\"> 2. Konvertieren Sie mit der ABS-Funktion in eine absolute Zahl<\/h2><p> Mit ABS ist es ganz einfach, eine negative Zahl in eine positive umzuwandeln. Diese Funktion ist speziell f\u00fcr diese Aufgabe.<\/p><p class=\"qt-tip\"> <strong>Kurze Einf\u00fchrung:<\/strong> Es kann jede Zahl in eine absolute Zahl umwandeln. Vereinfacht ausgedr\u00fcckt gibt es eine Zahl zur\u00fcck, nachdem das Vorzeichen entfernt wurde.<\/p><pre class=\"wp-block-code\"> <code class=\"language-Visual Basic\" lang=\"Visual Basic\">=ABS(number)<\/code><\/pre><p> Sie m\u00fcssen in der Funktion lediglich auf eine negative Zahl verweisen, diese wird dann in einen positiven Wert umgewandelt.<\/p><ol><li> Im Beispiel unten haben Sie negative Werte aus dem Bereich A2:A11.<\/li><li> Geben Sie <code><strong>=ABS(A2)<\/strong><\/code> in B2 ein und ziehen Sie es in die letzte Zelle. <\/li><\/ol><div class=\"wp-block-image\"><figure class=\"aligncenter\"><img decoding=\"async\" src=\"https:\/\/exceladvisor.org\/wp-content\/uploads\/2023\/08\/nombre-negatif-en-positif-avec-fonction-abs-1.gif\" sizes=\"\" srcset=\"\" alt=\"\"><\/figure><\/div><p> Diese Funktion funktioniert auch, wenn Sie gemischte Zahlen (positiv und negativ) haben.<\/p><h2 id=\"tab-con-6\" class=\"wp-block-heading\"> 3. <a href=\"https:\/\/exceladvisor.org\/de\/spezielles-multiplizieren-einfugen\/\">Mehrfach durch Spezialverklebung<\/a><\/h2><p> Stellen wir uns eine andere Situation vor, in der Sie positive Zahlen nicht in einer anderen Spalte, sondern in derselben Spalte ben\u00f6tigen.<\/p><p> Und daf\u00fcr k\u00f6nnen Sie die Option \u201eSpezial einf\u00fcgen\u201c verwenden. Sie fragen sich, wie? Lass mich dir sagen. In der Spezialoption \u201eEinf\u00fcgen\u201c gibt es \u201eOperations\u201c-Optionen, mit denen Sie einfache Berechnungen durchf\u00fchren k\u00f6nnen. Mit denselben Optionen k\u00f6nnen Sie negative Zahlen in positive umwandeln, ohne eine Formel zu verwenden oder eine zus\u00e4tzliche Spalte hinzuzuf\u00fcgen. Befolgen Sie einfach diese Schritte. <\/p><div class=\"wp-block-image\"><figure class=\"aligncenter\"><img decoding=\"async\" src=\"https:\/\/exceladvisor.org\/wp-content\/uploads\/2023\/08\/nombre-negatif-en-positif-avec-pate-speciale-1.gif\" sizes=\"\" srcset=\"\" alt=\"negative Zahl mit Spezialpaste in positiv umwandeln\"><\/figure><\/div><ol><li> Geben Sie zun\u00e4chst in einer beliebigen Zelle Ihrer Tabelle -1 ein.<\/li><li> Danach kopieren Sie es.<\/li><li> W\u00e4hlen Sie nun den Zellbereich aus, in dem Sie negative Zahlen haben.<\/li><li> Klicken Sie mit der rechten Maustaste auf \u21e2 Inhalte einf\u00fcgen \u21e2 Operationen \u21e2 Multiplizieren.<\/li><li> Klicken Sie abschlie\u00dfend auf OK.<\/li><\/ol><p> Alle negativen Zahlen werden in positive Zahlen umgewandelt.<\/p><p> Das Einzige, worauf Sie achten m\u00fcssen, ist, dass es sich nicht um eine dynamische Methode handelt. Sie m\u00fcssen dies also immer wieder tun, wenn Sie Ihre Daten h\u00e4ufig aktualisieren. Aber diese Methode ist schnell und einfach anzuwenden und Sie ben\u00f6tigen keine Formel.<\/p><h2 id=\"tab-con-7\" class=\"wp-block-heading\"> 4. Entfernen Sie das negative Vorzeichen mit Flash Fill<\/h2><p> Ich bin mir sicher, dass Sie Flash Fill einmal in Ihrem Leben verwendet haben, und wenn nicht, dann m\u00fcssen Sie es verwenden, es ver\u00e4ndert das Spiel. Dies ist eine verr\u00fcckte Methode, um negative Zahlen in positive Zahlen umzuwandeln. Hier sind die Schritte. <\/p><div class=\"wp-block-image\"><figure class=\"aligncenter\"><img decoding=\"async\" src=\"https:\/\/exceladvisor.org\/wp-content\/uploads\/2023\/08\/nombre-negatif-en-positif-avec-remplissage-flash-1.gif\" sizes=\"\" srcset=\"\" alt=\"negative Zahl in positiv mit Blitzf\u00fcllung umwandeln\"><\/figure><\/div><ol><li> Geben Sie zun\u00e4chst in Zelle B2 die positive Zahl f\u00fcr die negative Zahl ein, die Sie in Zelle A2 haben.<\/li><li> Gehen Sie danach zu Zelle B3 und dr\u00fccken Sie die Tastenkombination Strg + E.<\/li><li> Zu diesem Zeitpunkt befinden sich in Spalte B alle Zahlen in positiver Form.<\/li><li> Klicken Sie nun auf das kleine Symbol rechts in Spalte B und w\u00e4hlen Sie \u201eVorschl\u00e4ge annehmen\u201c.<\/li><\/ol><p> Herzlichen Gl\u00fcckwunsch, Sie haben alle negativen Zahlen mit Flash Fill in positive Zahlen umgewandelt.<\/p><p><mark class=\"has-inline-color\" style=\"background-color: #f5e053;\"> <em><strong>Auch diese Methode ist nicht dynamisch, aber schnell und einfach anzuwenden.<\/strong><\/em><\/mark><\/p><h2 id=\"tab-con-8\" class=\"wp-block-heading\"> 5. Wenden Sie eine benutzerdefinierte Formatierung an, um positive Zahlen anzuzeigen<\/h2><p> Es ist auch m\u00f6glich, dass Sie eine negative Zahl nicht umwandeln, sondern einfach als positive Zahl anzeigen m\u00f6chten. Und in dieser Situation k\u00f6nnen Sie eine benutzerdefinierte Formatierung verwenden. Hier sind die Schritte, die Sie befolgen m\u00fcssen.<\/p><ol><li> W\u00e4hlen Sie zun\u00e4chst den Zellbereich aus, den Sie in positive Zahlen umwandeln m\u00f6chten.<\/li><li> Dr\u00fccken Sie anschlie\u00dfend die Tastenkombination Strg + 1. Dadurch werden die benutzerdefinierten Formatierungsoptionen ge\u00f6ffnet.<\/li><li> Gehen Sie nun auf \u201eBenutzerdefiniert\u201c und geben Sie in der Typeingabeleiste \u201e#,###;#,###\u201c ein.<\/li><li> Klicken Sie abschlie\u00dfend auf OK. <\/li><\/ol><div class=\"wp-block-image\"><figure class=\"aligncenter\"><img decoding=\"async\" src=\"https:\/\/exceladvisor.org\/wp-content\/uploads\/2023\/08\/ajouter-un-format-personnalise-dans-la-barre-de-saisie-pour-convertir-un-nombre-negatif-en-min-positif-1.png\" sizes=\"\" srcset=\"\" alt=\"F\u00fcgen Sie ein benutzerdefiniertes Format in der Eingabeleiste hinzu, um negative Zahlen in positive umzuwandeln\"><\/figure><\/div><p> Dadurch werden alle negativen Zahlen als positiv angezeigt. Aber in Wirklichkeit handelt es sich immer noch um negative Zahlen, nur die Formatierung wurde ge\u00e4ndert. <\/p><div class=\"wp-block-image\"><figure class=\"aligncenter\"><img decoding=\"async\" src=\"https:\/\/exceladvisor.org\/wp-content\/uploads\/2023\/08\/nombre-negatif-en-positif-toujours-negatif-dans-la-barre-de-formule-min-1.png\" sizes=\"\" srcset=\"\" alt=\"Negative Zahl im Positiven, immer negativ in der Bearbeitungsleiste\"><\/figure><\/div><p> Wenn Sie eine Zelle ausw\u00e4hlen und sich die Bearbeitungsleiste ansehen, k\u00f6nnen Sie \u00fcberpr\u00fcfen, ob es sich immer noch um eine negative Zahl handelt. Wenn Sie ihn also in einer sp\u00e4teren Berechnung verwenden, verh\u00e4lt er sich wie eine negative Zahl.<\/p><h2 id=\"tab-con-1\" class=\"wp-block-heading\"> 6. F\u00fchren Sie den VBA-Code aus, um ihn in positive Zahlen umzuwandeln<\/h2><p> Wenn Sie ein VBA-Liebhaber sind, k\u00f6nnen Sie mit einem einfachen Code das Vorzeichen negativer Zahlen sofort umkehren.<\/p><pre class=\"wp-block-code\"> <code class=\"language-visual-basic line-numbers\" lang=\"visual-basic\">Sub numberP2N() Dim myCell As Range For Each myCell In Selection If myCell.Value &lt;&gt; \"\" Then If IsNumeric(myCell.Value) Then myCell.Value = Abs(myCell.Value) End If End If Next myCell End Sub<\/code><\/pre><p> Um diesen Code zu verwenden, w\u00e4hlen Sie einfach den negativen Zahlenbereich aus und f\u00fchren Sie dieses Makro aus.<\/p><p> Zun\u00e4chst pr\u00fcft es jede Auswahlzelle, ob sie einen numerischen Wert enth\u00e4lt oder nicht, und wandelt ihn dann in einen positiven Wert um.<\/p><p> Sobald Sie <a href=\"https:\/\/exceladvisor.org\/de\/ein-makro-ausfuhren-2\/\">diesen Code ausgef\u00fchrt haben<\/a> , k\u00f6nnen Sie Ihre Aktion nicht mehr r\u00fcckg\u00e4ngig machen.<\/p><p> <em>Verwandt: <a href=\"https:\/\/exceladvisor.org\/de\/vba\/\">VBA-Tutorial<\/a><\/em><\/p><h2 id=\"tab-con-2\" class=\"wp-block-heading\"> 7. Verwenden Sie Power Query, um \u201eGet Positive Numbers\u201c zu konvertieren<\/h2><p> Ja, Sie k\u00f6nnen eine Potenzabfrage verwenden, um eine negative Zahl in eine positive Zahl umzuwandeln, und das Beste daran ist, dass es sich um eine einmalige Einrichtung handelt. Befolgen Sie einfach diese einfachen Schritte.<\/p><ul><li> W\u00e4hlen Sie zun\u00e4chst eine der Zellen im Datenbereich aus, in der Sie negative Zahlen haben. <\/li><\/ul><div class=\"wp-block-image\"><figure class=\"aligncenter\"><img decoding=\"async\" src=\"https:\/\/exceladvisor.org\/wp-content\/uploads\/2023\/08\/convertir-un-nombre-negatif-en-positif-a-laide-de-la-requete-de-puissance-selectionner-la-cellule-min-1.png\" sizes=\"\" srcset=\"\" alt=\"Konvertieren Sie eine negative Zahl mithilfe der Power-Query-Select-Zelle in eine positive\"><\/figure><\/div><ul><li> Gehen Sie danach zur Registerkarte \u201eDaten\u201c \u279c Aus Tabelle. <\/li><\/ul><div class=\"wp-block-image\"><figure class=\"aligncenter\"><img decoding=\"async\" src=\"https:\/\/exceladvisor.org\/wp-content\/uploads\/2023\/08\/convertir-un-nombre-negatif-en-positif-a-laide-dune-requete-de-puissance-cliquez-sur-a-partir-du-tableau-min-1.png\" sizes=\"\" srcset=\"\" alt=\"Konvertieren Sie eine negative Zahl mithilfe der Potenzabfrage in eine positive Zahl. Klicken Sie auf die Tabelle\"><\/figure><\/div><ul><li> Der Bereich wird in eine Tabelle umgewandelt und in den leistungsstarken Abfrageeditor geladen. <\/li><\/ul><div class=\"wp-block-image\"><figure class=\"aligncenter\"><img decoding=\"async\" src=\"https:\/\/exceladvisor.org\/wp-content\/uploads\/2023\/08\/convertir-un-nombre-negatif-en-positif-en-utilisant-les-donnees-de-requete-de-puissance-dans-lediteur-min-1.png\" sizes=\"\" srcset=\"\" alt=\"Konvertieren Sie eine negative Zahl mithilfe der Leistungsabfragedaten im Editor in eine positive Zahl\"><\/figure><\/div><ul><li> Klicken Sie nun mit der rechten Maustaste auf die Spalte und gehen Sie zu Transformieren \u279c Absoluter Wert. <\/li><\/ul><div class=\"wp-block-image\"><figure class=\"aligncenter\"><img decoding=\"async\" src=\"https:\/\/exceladvisor.org\/wp-content\/uploads\/2023\/08\/convertir-un-nombre-negatif-en-positif-en-utilisant-une-requete-de-puissance-cliquez-sur-la-valeur-absolue-min-1.png\" sizes=\"\" srcset=\"\" alt=\"Konvertieren Sie eine negative Zahl in eine positive Zahl, indem Sie auf den Absolutwert der Power-Abfrage klicken\"><\/figure><\/div><ul><li> Gehen Sie am Ende im Power Query-Editor zur Registerkarte \u201eStartseite\u201c \u279c Schlie\u00dfen \u279c Schlie\u00dfen und Laden. <\/li><\/ul><div class=\"wp-block-image\"><figure class=\"aligncenter\"><img decoding=\"async\" src=\"https:\/\/exceladvisor.org\/wp-content\/uploads\/2023\/08\/convertir-un-nombre-negatif-en-positif-en-utilisant-une-requete-de-puissance-cliquez-sur-charger-min-1.png\" sizes=\"\" srcset=\"\" alt=\"Konvertieren Sie eine negative Zahl mithilfe der Power-Query-Click-Load-Funktion in eine positive\"><\/figure><\/div><p> <em>Verwandte Themen: <a style=\"outline: none;\" href=\"https:\/\/exceladvisor.org\/de\/leistungsanforderung\/\">Power Query-Tutorial<\/a><\/em><\/p><h2 id=\"t-1597320234891\" class=\"wp-block-heading\"> Abschluss<\/h2><p> Wie gesagt, um eine negative Zahl in eine positive Zahl umzuwandeln, muss man kein Hexenwerk einsetzen. Schon eine Methode kann ausreichen, aber ich habe alle diese Methoden aufgelistet, um Ihnen beim Umgang mit verschiedenen Situationen zu helfen.<\/p><p> Ich bin mir sicher, dass Sie alle diese Methoden n\u00fctzlich fanden, aber jetzt m\u00fcssen Sie mir noch eines sagen.<\/p><p> Kennen Sie eine andere Methode daf\u00fcr? Bitte teilen Sie mir Ihre Meinung im Kommentarbereich mit. Ich w\u00fcrde gerne von Ihnen h\u00f6ren und vergessen Sie nicht, es mit Ihren Freunden zu teilen. Ich bin sicher, sie werden es zu sch\u00e4tzen wissen.<\/p><div class=\"gb-container gb-container-4db6181c gb-container-mt\"> <a class=\"gb-button gb-button-c5897111 gb-button-text gb-button-mt-button\" href=\"https:\/\/exceladvisor.org\/de\/excel-grundlagen\/\">Microsoft Excel-Grundlagen (Komponenten, Teile und Wissenshinweise)<\/a><h2 class=\"gb-headline gb-headline-665e5f6b gb-headline-text gb-headline-mt-heading\"> Verwandte Tutorials <\/h2><div class=\"gb-grid-wrapper gb-grid-wrapper-a20baf7c gb-grid-wrapper-mt-grid\"><div class=\"gb-grid-column gb-grid-column-65ddf67e\"><div class=\"gb-container gb-container-65ddf67e\"><ul><li> <a href=\"https:\/\/exceladvisor.org\/de\/zeitstempel\/\">F\u00fcgen Sie einen Zeitstempel in Excel ein<\/a><\/li><li> <a href=\"https:\/\/exceladvisor.org\/de\/flohe\/\">F\u00fcgen Sie Aufz\u00e4hlungszeichen in Excel ein<\/a><\/li><li> <a href=\"https:\/\/exceladvisor.org\/de\/fuge-einen-pfeil-ein\/\">F\u00fcgen Sie in Excel einen Pfeil in eine Zelle ein<\/a><\/li><li> Seriennummern automatisch in Excel hinzuf\u00fcgen<\/li><\/ul><\/div><\/div><\/div><\/div>","protected":false},"excerpt":{"rendered":"","protected":false},"author":1,"featured_media":0,"parent":0,"menu_order":0,"comment_status":"open","ping_status":"closed","template":"","meta":{"ub_ctt_via":"","footnotes":""},"class_list":["post-3580","page","type-page","status-publish","hentry"],"featured_image_src":null,"yoast_head":"<!-- This site is optimized with the Yoast SEO plugin v25.4 - https:\/\/yoast.com\/wordpress\/plugins\/seo\/ -->\n<title>Wie konvertiert man in Excel eine negative Zahl in eine positive?<\/title>\n<meta name=\"description\" content=\"Ich habe 7 verschiedene Methoden aufgelistet, um in Excel eine negative Zahl in eine positive umzuwandeln.\" \/>\n<meta name=\"robots\" content=\"index, follow, max-snippet:-1, max-image-preview:large, max-video-preview:-1\" \/>\n<link rel=\"canonical\" href=\"https:\/\/exceladvisor.org\/de\/andern-sie-die-negative-zahl-in-eine-positive\/\" \/>\n<meta property=\"og:locale\" content=\"de_DE\" \/>\n<meta property=\"og:type\" content=\"article\" \/>\n<meta property=\"og:title\" content=\"Wie konvertiert man in Excel eine negative Zahl in eine positive?\" \/>\n<meta property=\"og:description\" content=\"Ich habe 7 verschiedene Methoden aufgelistet, um in Excel eine negative Zahl in eine positive umzuwandeln.\" \/>\n<meta property=\"og:url\" content=\"https:\/\/exceladvisor.org\/de\/andern-sie-die-negative-zahl-in-eine-positive\/\" \/>\n<meta property=\"og:site_name\" content=\"Excel Advisor\" \/>\n<meta property=\"article:modified_time\" content=\"2023-12-03T13:03:54+00:00\" \/>\n<meta property=\"og:image\" content=\"https:\/\/exceladvisor.org\/wp-content\/uploads\/2023\/08\/nombre-negatif-en-positif-avec-simple-multiplication-avec-moins-un-1.gif\" \/>\n<meta name=\"twitter:card\" content=\"summary_large_image\" \/>\n<meta name=\"twitter:label1\" content=\"Gesch\u00e4tzte Lesezeit\" \/>\n\t<meta name=\"twitter:data1\" content=\"7\u00a0Minuten\" \/>\n<script type=\"application\/ld+json\" class=\"yoast-schema-graph\">{\"@context\":\"https:\/\/schema.org\",\"@graph\":[{\"@type\":\"WebPage\",\"@id\":\"https:\/\/exceladvisor.org\/de\/andern-sie-die-negative-zahl-in-eine-positive\/\",\"url\":\"https:\/\/exceladvisor.org\/de\/andern-sie-die-negative-zahl-in-eine-positive\/\",\"name\":\"Wie konvertiert man in Excel eine negative Zahl in eine positive?\",\"isPartOf\":{\"@id\":\"https:\/\/exceladvisor.org\/de\/#website\"},\"primaryImageOfPage\":{\"@id\":\"https:\/\/exceladvisor.org\/de\/andern-sie-die-negative-zahl-in-eine-positive\/#primaryimage\"},\"image\":{\"@id\":\"https:\/\/exceladvisor.org\/de\/andern-sie-die-negative-zahl-in-eine-positive\/#primaryimage\"},\"thumbnailUrl\":\"https:\/\/exceladvisor.org\/wp-content\/uploads\/2023\/08\/nombre-negatif-en-positif-avec-simple-multiplication-avec-moins-un-1.gif\",\"datePublished\":\"2023-10-18T23:45:41+00:00\",\"dateModified\":\"2023-12-03T13:03:54+00:00\",\"description\":\"Ich habe 7 verschiedene Methoden aufgelistet, um in Excel eine negative Zahl in eine positive umzuwandeln.\",\"breadcrumb\":{\"@id\":\"https:\/\/exceladvisor.org\/de\/andern-sie-die-negative-zahl-in-eine-positive\/#breadcrumb\"},\"inLanguage\":\"de\",\"potentialAction\":[{\"@type\":\"ReadAction\",\"target\":[\"https:\/\/exceladvisor.org\/de\/andern-sie-die-negative-zahl-in-eine-positive\/\"]}]},{\"@type\":\"ImageObject\",\"inLanguage\":\"de\",\"@id\":\"https:\/\/exceladvisor.org\/de\/andern-sie-die-negative-zahl-in-eine-positive\/#primaryimage\",\"url\":\"https:\/\/exceladvisor.org\/wp-content\/uploads\/2023\/08\/nombre-negatif-en-positif-avec-simple-multiplication-avec-moins-un-1.gif\",\"contentUrl\":\"https:\/\/exceladvisor.org\/wp-content\/uploads\/2023\/08\/nombre-negatif-en-positif-avec-simple-multiplication-avec-moins-un-1.gif\"},{\"@type\":\"BreadcrumbList\",\"@id\":\"https:\/\/exceladvisor.org\/de\/andern-sie-die-negative-zahl-in-eine-positive\/#breadcrumb\",\"itemListElement\":[{\"@type\":\"ListItem\",\"position\":1,\"name\":\"Accueil\",\"item\":\"https:\/\/exceladvisor.org\/de\/\"},{\"@type\":\"ListItem\",\"position\":2,\"name\":\"Wie konvertiert man in excel eine negative zahl in eine positive?\"}]},{\"@type\":\"WebSite\",\"@id\":\"https:\/\/exceladvisor.org\/de\/#website\",\"url\":\"https:\/\/exceladvisor.org\/de\/\",\"name\":\"Excel Advisor\",\"description\":\"Ihr Leitfaden zur Datendominanz\",\"publisher\":{\"@id\":\"https:\/\/exceladvisor.org\/de\/#organization\"},\"potentialAction\":[{\"@type\":\"SearchAction\",\"target\":{\"@type\":\"EntryPoint\",\"urlTemplate\":\"https:\/\/exceladvisor.org\/de\/?s={search_term_string}\"},\"query-input\":{\"@type\":\"PropertyValueSpecification\",\"valueRequired\":true,\"valueName\":\"search_term_string\"}}],\"inLanguage\":\"de\"},{\"@type\":\"Organization\",\"@id\":\"https:\/\/exceladvisor.org\/de\/#organization\",\"name\":\"Excel Advisor\",\"url\":\"https:\/\/exceladvisor.org\/de\/\",\"logo\":{\"@type\":\"ImageObject\",\"inLanguage\":\"de\",\"@id\":\"https:\/\/exceladvisor.org\/de\/#\/schema\/logo\/image\/\",\"url\":\"https:\/\/exceladvisor.org\/de\/wp-content\/uploads\/2023\/11\/exceladvisor.org_.png\",\"contentUrl\":\"https:\/\/exceladvisor.org\/de\/wp-content\/uploads\/2023\/11\/exceladvisor.org_.png\",\"width\":105,\"height\":36,\"caption\":\"Excel Advisor\"},\"image\":{\"@id\":\"https:\/\/exceladvisor.org\/de\/#\/schema\/logo\/image\/\"}}]}<\/script>\n<!-- \/ Yoast SEO plugin. -->","yoast_head_json":{"title":"Wie konvertiert man in Excel eine negative Zahl in eine positive?","description":"Ich habe 7 verschiedene Methoden aufgelistet, um in Excel eine negative Zahl in eine positive umzuwandeln.","robots":{"index":"index","follow":"follow","max-snippet":"max-snippet:-1","max-image-preview":"max-image-preview:large","max-video-preview":"max-video-preview:-1"},"canonical":"https:\/\/exceladvisor.org\/de\/andern-sie-die-negative-zahl-in-eine-positive\/","og_locale":"de_DE","og_type":"article","og_title":"Wie konvertiert man in Excel eine negative Zahl in eine positive?","og_description":"Ich habe 7 verschiedene Methoden aufgelistet, um in Excel eine negative Zahl in eine positive umzuwandeln.","og_url":"https:\/\/exceladvisor.org\/de\/andern-sie-die-negative-zahl-in-eine-positive\/","og_site_name":"Excel Advisor","article_modified_time":"2023-12-03T13:03:54+00:00","og_image":[{"url":"https:\/\/exceladvisor.org\/wp-content\/uploads\/2023\/08\/nombre-negatif-en-positif-avec-simple-multiplication-avec-moins-un-1.gif","type":"","width":"","height":""}],"twitter_card":"summary_large_image","twitter_misc":{"Gesch\u00e4tzte Lesezeit":"7\u00a0Minuten"},"schema":{"@context":"https:\/\/schema.org","@graph":[{"@type":"WebPage","@id":"https:\/\/exceladvisor.org\/de\/andern-sie-die-negative-zahl-in-eine-positive\/","url":"https:\/\/exceladvisor.org\/de\/andern-sie-die-negative-zahl-in-eine-positive\/","name":"Wie konvertiert man in Excel eine negative Zahl in eine positive?","isPartOf":{"@id":"https:\/\/exceladvisor.org\/de\/#website"},"primaryImageOfPage":{"@id":"https:\/\/exceladvisor.org\/de\/andern-sie-die-negative-zahl-in-eine-positive\/#primaryimage"},"image":{"@id":"https:\/\/exceladvisor.org\/de\/andern-sie-die-negative-zahl-in-eine-positive\/#primaryimage"},"thumbnailUrl":"https:\/\/exceladvisor.org\/wp-content\/uploads\/2023\/08\/nombre-negatif-en-positif-avec-simple-multiplication-avec-moins-un-1.gif","datePublished":"2023-10-18T23:45:41+00:00","dateModified":"2023-12-03T13:03:54+00:00","description":"Ich habe 7 verschiedene Methoden aufgelistet, um in Excel eine negative Zahl in eine positive umzuwandeln.","breadcrumb":{"@id":"https:\/\/exceladvisor.org\/de\/andern-sie-die-negative-zahl-in-eine-positive\/#breadcrumb"},"inLanguage":"de","potentialAction":[{"@type":"ReadAction","target":["https:\/\/exceladvisor.org\/de\/andern-sie-die-negative-zahl-in-eine-positive\/"]}]},{"@type":"ImageObject","inLanguage":"de","@id":"https:\/\/exceladvisor.org\/de\/andern-sie-die-negative-zahl-in-eine-positive\/#primaryimage","url":"https:\/\/exceladvisor.org\/wp-content\/uploads\/2023\/08\/nombre-negatif-en-positif-avec-simple-multiplication-avec-moins-un-1.gif","contentUrl":"https:\/\/exceladvisor.org\/wp-content\/uploads\/2023\/08\/nombre-negatif-en-positif-avec-simple-multiplication-avec-moins-un-1.gif"},{"@type":"BreadcrumbList","@id":"https:\/\/exceladvisor.org\/de\/andern-sie-die-negative-zahl-in-eine-positive\/#breadcrumb","itemListElement":[{"@type":"ListItem","position":1,"name":"Accueil","item":"https:\/\/exceladvisor.org\/de\/"},{"@type":"ListItem","position":2,"name":"Wie konvertiert man in excel eine negative zahl in eine positive?"}]},{"@type":"WebSite","@id":"https:\/\/exceladvisor.org\/de\/#website","url":"https:\/\/exceladvisor.org\/de\/","name":"Excel Advisor","description":"Ihr Leitfaden zur Datendominanz","publisher":{"@id":"https:\/\/exceladvisor.org\/de\/#organization"},"potentialAction":[{"@type":"SearchAction","target":{"@type":"EntryPoint","urlTemplate":"https:\/\/exceladvisor.org\/de\/?s={search_term_string}"},"query-input":{"@type":"PropertyValueSpecification","valueRequired":true,"valueName":"search_term_string"}}],"inLanguage":"de"},{"@type":"Organization","@id":"https:\/\/exceladvisor.org\/de\/#organization","name":"Excel Advisor","url":"https:\/\/exceladvisor.org\/de\/","logo":{"@type":"ImageObject","inLanguage":"de","@id":"https:\/\/exceladvisor.org\/de\/#\/schema\/logo\/image\/","url":"https:\/\/exceladvisor.org\/de\/wp-content\/uploads\/2023\/11\/exceladvisor.org_.png","contentUrl":"https:\/\/exceladvisor.org\/de\/wp-content\/uploads\/2023\/11\/exceladvisor.org_.png","width":105,"height":36,"caption":"Excel Advisor"},"image":{"@id":"https:\/\/exceladvisor.org\/de\/#\/schema\/logo\/image\/"}}]}},"yoast_meta":{"yoast_wpseo_title":"","yoast_wpseo_metadesc":"","yoast_wpseo_canonical":""},"_links":{"self":[{"href":"https:\/\/exceladvisor.org\/de\/wp-json\/wp\/v2\/pages\/3580","targetHints":{"allow":["GET"]}}],"collection":[{"href":"https:\/\/exceladvisor.org\/de\/wp-json\/wp\/v2\/pages"}],"about":[{"href":"https:\/\/exceladvisor.org\/de\/wp-json\/wp\/v2\/types\/page"}],"author":[{"embeddable":true,"href":"https:\/\/exceladvisor.org\/de\/wp-json\/wp\/v2\/users\/1"}],"replies":[{"embeddable":true,"href":"https:\/\/exceladvisor.org\/de\/wp-json\/wp\/v2\/comments?post=3580"}],"version-history":[{"count":1,"href":"https:\/\/exceladvisor.org\/de\/wp-json\/wp\/v2\/pages\/3580\/revisions"}],"predecessor-version":[{"id":4125,"href":"https:\/\/exceladvisor.org\/de\/wp-json\/wp\/v2\/pages\/3580\/revisions\/4125"}],"wp:attachment":[{"href":"https:\/\/exceladvisor.org\/de\/wp-json\/wp\/v2\/media?parent=3580"}],"curies":[{"name":"wp","href":"https:\/\/api.w.org\/{rel}","templated":true}]}}