{"id":3581,"date":"2023-10-18T22:16:48","date_gmt":"2023-10-18T22:16:48","guid":{"rendered":"https:\/\/exceladvisor.org\/de\/das-gitter\/"},"modified":"2023-12-03T13:04:57","modified_gmt":"2023-12-03T13:04:57","slug":"das-gitter","status":"publish","type":"page","link":"https:\/\/exceladvisor.org\/de\/das-gitter\/","title":{"rendered":"Wie verwende ich gitternetzlinien in excel?"},"content":{"rendered":"<div class=\"excel-vor-dem-inhalt\" id=\"excel-185177003\"><script type=\"text\/javascript\">\r\n\tatOptions = {\r\n\t\t'key' : 'c1158f160081d6540a8409e6925dab94',\r\n\t\t'format' : 'iframe',\r\n\t\t'height' : 250,\r\n\t\t'width' : 300,\r\n\t\t'params' : {}\r\n\t};\r\n<\/script>\r\n<script type=\"text\/javascript\" src=\"\/\/www.highperformanceformat.com\/c1158f160081d6540a8409e6925dab94\/invoke.js\"><\/script><\/div> <p>Wenn Sie in Excel eine Arbeitsmappe \u00f6ffnen, k\u00f6nnen Sie sehen, dass es Rasterlinien (hellgraue Linien) gibt, die die Zellen sichtbar machen. In diesem Tutorial erfahren Sie, wie Sie diese Raster verwalten. <\/p><div class=\"wp-block-image\"><figure class=\"aligncenter size-full is-resized\"><img loading=\"lazy\" decoding=\"async\" class=\"wp-image-61132\" src=\"https:\/\/exceladvisor.org\/wp-content\/uploads\/2023\/08\/1-quadrillage-dans-excel.png\" sizes=\"auto, \" srcset=\"\" alt=\"Raster in Excel\" width=\"379\" height=\"236\"><\/figure><\/div><h2 class=\"wp-block-heading\"> Gitternetzlinien in Excel entfernen<\/h2><ol type=\"1\"><li> Sie m\u00fcssen im Men\u00fcband zur Registerkarte \u201eAnsicht\u201c navigieren.<\/li><li> Gehen Sie von dort oben zur Gruppe \u201eAnzeigen\u201c.<\/li><li> Dann gibt es dort ein Raster-Kontrollk\u00e4stchen.<\/li><li> Deaktivieren Sie das Kontrollk\u00e4stchen, um die Raster aus der Arbeitsmappe zu entfernen. <\/li><\/ol><div class=\"wp-block-image\"><figure class=\"aligncenter size-full is-resized\"><img loading=\"lazy\" decoding=\"async\" class=\"wp-image-61133\" src=\"https:\/\/exceladvisor.org\/wp-content\/uploads\/2023\/08\/2-supprimer-le-quadrillage.png\" sizes=\"auto, \" srcset=\"\" alt=\"Gitter entfernen\" width=\"619\" height=\"150\"><\/figure><\/div><p> Wenn Sie die Gitternetzlinien wieder anzeigen m\u00f6chten, aktivieren Sie das Kontrollk\u00e4stchen einfach erneut. Sie m\u00f6chten die Gitternetzlinien aber auch auf der Registerkarte \u201eLayout\u201c in der Optionsgruppe \u201eGitternetzlinien\u201c ein- und ausblenden. <\/p><div class=\"wp-block-image\"><figure class=\"aligncenter size-full is-resized\"><img loading=\"lazy\" decoding=\"async\" class=\"wp-image-61134\" src=\"https:\/\/exceladvisor.org\/wp-content\/uploads\/2023\/08\/3-masquage-du-quadrillage.png\" sizes=\"auto, \" srcset=\"\" alt=\"Gitterlinien ausblenden-anzeigen\" width=\"545\" height=\"164\"><\/figure><\/div><p> Und es gibt noch eine andere M\u00f6glichkeit, die Optionen in Excel zu finden. Gehen Sie zur <strong>Registerkarte \u201eDatei\u201c \u2192 \u201eExcel-Optionen\u201c \u2192 \u201eErweitert\u201c \u2192 \u201eArbeitsblatt-Anzeigeoptionen\u201c \u2192 Deaktivieren Sie das Kontrollk\u00e4stchen \u201eGitternetzlinien anzeigen\u201c<\/strong> . <\/p><div class=\"wp-block-image\"><figure class=\"aligncenter size-full is-resized\"><img loading=\"lazy\" decoding=\"async\" class=\"wp-image-61135\" src=\"https:\/\/exceladvisor.org\/wp-content\/uploads\/2023\/08\/4-decochez-Afficher-le-quadrillage.png\" sizes=\"auto, \" srcset=\"\" alt=\"Deaktivieren Sie \u201eGitter anzeigen\u201c.\" width=\"677\" height=\"353\"><\/figure><\/div><p class=\"qt-tip\"> <strong>Hinweis:<\/strong> Wenn Sie eine der oben genannten Optionen zum Entfernen der Gitternetzlinien verwenden, gilt dies nur f\u00fcr das aktive Arbeitsblatt, nicht f\u00fcr die gesamte Arbeitsmappe. Wenn Sie jedoch Rasterlinien aus mehreren Arbeitsbl\u00e4ttern entfernen oder hinzuf\u00fcgen m\u00f6chten, k\u00f6nnen Sie eine Gruppe von Arbeitsbl\u00e4ttern ausw\u00e4hlen und dann die Rasteroption deaktivieren.<\/p><h2 class=\"wp-block-heading\"> Tastenkombination f\u00fcr Gitternetzlinien in Excel<\/h2><p> Auf die gleiche Weise k\u00f6nnen Sie die Gitternetzlinien mit der folgenden <a href=\"https:\/\/exceladvisor.org\/de\/tastaturkurzel\/\">Tastenkombination<\/a> ein- und ausblenden. Die folgende Tastenkombination verwendet die Registerkartenoption \u201eAnsicht\u201c.<\/p><p> <kbd>Alt<\/kbd> \u2192 <kbd>W<\/kbd> \u2192 <kbd>V<\/kbd> \u2192 <kbd>G<\/kbd><\/p><h2 class=\"wp-block-heading\"> Drucken Sie Gitterlinien in Excel<\/h2><p> Wenn Sie das Arbeitsblatt ausdrucken, werden Sie die Gitternetzlinien nicht auf dem Ausdruck finden. Aber Sie aktivieren den Rasterdruck.<\/p><ol type=\"1\"><li> Gehen Sie zur Registerkarte \u201eLayout\u201c und navigieren Sie zur Gruppe \u201eBlattoptionen\u201c.<\/li><li> Dann finden Sie die Optionsraster.<\/li><li> Aktivieren Sie dort das zweite Kontrollk\u00e4stchen \u201eDrucken\u201c.<\/li><\/ol><p class=\"qt-tip\"> <strong>Hinweis:<\/strong> Sobald Sie den Rasterdruck aktivieren, druckt Excel nur die Rasterlinien f\u00fcr den verwendeten Bereich (Zellen, in denen Sie Inhalte haben). Genau wie das Folgende: <\/p><div class=\"wp-block-image\"><figure class=\"aligncenter size-full is-resized\"><img loading=\"lazy\" decoding=\"async\" class=\"wp-image-61136\" src=\"https:\/\/exceladvisor.org\/wp-content\/uploads\/2023\/08\/5-imprimer-le-quadrillage.png\" sizes=\"auto, \" srcset=\"\" alt=\"Drucken Sie das Raster aus\" width=\"383\" height=\"308\"><\/figure><\/div><h2 class=\"wp-block-heading\"> Gitterfarbe \u00e4ndern<\/h2><p> Standardm\u00e4\u00dfig haben Rasterlinien eine hellgraue Farbe, Sie k\u00f6nnen die Farbe der Rasterlinien jedoch in den Excel-Optionen \u00e4ndern. Gehen Sie zur <strong>Registerkarte \u201eDatei\u201c \u2192 <a href=\"https:\/\/exceladvisor.org\/de\/optionen\/\">\u201eExcel-Optionen\u201c<\/a> \u2192 \u201eErweitert\u201c \u2192 \u201eArbeitsblatt-Anzeigeoptionen\u201c \u2192 \u201eRasterfarbe ausw\u00e4hlen\u201c<\/strong> . <\/p><div class=\"wp-block-image\"><figure class=\"aligncenter size-full is-resized\"><img loading=\"lazy\" decoding=\"async\" class=\"wp-image-61137\" src=\"https:\/\/exceladvisor.org\/wp-content\/uploads\/2023\/08\/6-changer-la-couleur-des-grilles.png\" sizes=\"auto, \" srcset=\"\" alt=\"\u00c4ndern Sie die Farbe des Gitters\" width=\"548\" height=\"339\"><\/figure><\/div><p> Wenn Sie die Rasterfarbe \u00e4ndern, \u00e4ndert sich auch die Rasterfarbe f\u00fcr den Druck, wenn Sie Farbdruck verwenden.<\/p><div class=\"gb-container gb-container-4db6181c gb-container-mt\"> <a class=\"gb-button gb-button-c5897111 gb-button-text gb-button-mt-button\" href=\"https:\/\/exceladvisor.org\/de\/excel-grundlagen\/\">Microsoft Excel-Grundlagen (Komponenten, Teile und Wissenshinweise)<\/a><h2 class=\"gb-headline gb-headline-665e5f6b gb-headline-text gb-headline-mt-heading\"> Verwandte Tutorials <\/h2><div class=\"gb-grid-wrapper gb-grid-wrapper-a20baf7c gb-grid-wrapper-mt-grid\"><div class=\"gb-grid-column gb-grid-column-65ddf67e\"><div class=\"gb-container gb-container-65ddf67e\"><ul><li> <a href=\"https:\/\/exceladvisor.org\/de\/buchhaltungsnummernformat\/\">Wenden Sie das Buchhaltungsnummernformat in Excel an<\/a><\/li><li> <a href=\"https:\/\/exceladvisor.org\/de\/zellfarbe\/\">Wenden Sie eine Hintergrundfarbe auf eine Zelle oder das gesamte Blatt in Excel an<\/a><\/li><li> <a href=\"https:\/\/exceladvisor.org\/de\/fugen-sie-eine-seitenzahl-hinzu\/\">F\u00fcgen Sie in Excel eine Seitenzahl hinzu<\/a><\/li><li> <a href=\"https:\/\/exceladvisor.org\/de\/komma-stil-anwenden\/\">Wenden Sie den Kommastil in Excel an<\/a><\/li><li> <a href=\"https:\/\/exceladvisor.org\/de\/stange\/\">Durchgestrichen in Excel anwenden<\/a><\/li><\/ul><\/div><\/div><\/div><\/div>","protected":false},"excerpt":{"rendered":"","protected":false},"author":1,"featured_media":0,"parent":0,"menu_order":0,"comment_status":"open","ping_status":"closed","template":"","meta":{"ub_ctt_via":"","footnotes":""},"class_list":["post-3581","page","type-page","status-publish","hentry"],"featured_image_src":null,"yoast_head":"<!-- This site is optimized with the Yoast SEO plugin v25.4 - https:\/\/yoast.com\/wordpress\/plugins\/seo\/ -->\n<title>\u25b7 Wie verwende ich Gitterlinien in Excel? (Tutorial 2023)<\/title>\n<meta name=\"description\" content=\"Erfahren Sie, wie Sie Gitterlinien in Excel aktivieren\/deaktivieren und alle damit verf\u00fcgbaren Optionen nutzen.\" \/>\n<meta name=\"robots\" content=\"index, follow, max-snippet:-1, max-image-preview:large, max-video-preview:-1\" \/>\n<link rel=\"canonical\" href=\"https:\/\/exceladvisor.org\/de\/das-gitter\/\" \/>\n<meta property=\"og:locale\" content=\"de_DE\" \/>\n<meta property=\"og:type\" content=\"article\" \/>\n<meta property=\"og:title\" content=\"\u25b7 Wie verwende ich Gitterlinien in Excel? (Tutorial 2023)\" \/>\n<meta property=\"og:description\" content=\"Erfahren Sie, wie Sie Gitterlinien in Excel aktivieren\/deaktivieren und alle damit verf\u00fcgbaren Optionen nutzen.\" \/>\n<meta property=\"og:url\" content=\"https:\/\/exceladvisor.org\/de\/das-gitter\/\" \/>\n<meta property=\"og:site_name\" content=\"Excel Advisor\" \/>\n<meta property=\"article:modified_time\" content=\"2023-12-03T13:04:57+00:00\" \/>\n<meta property=\"og:image\" content=\"https:\/\/exceladvisor.org\/wp-content\/uploads\/2023\/08\/1-quadrillage-dans-excel.png\" \/>\n<meta name=\"twitter:card\" content=\"summary_large_image\" \/>\n<meta name=\"twitter:label1\" content=\"Gesch\u00e4tzte Lesezeit\" \/>\n\t<meta name=\"twitter:data1\" content=\"2\u00a0Minuten\" \/>\n<script type=\"application\/ld+json\" class=\"yoast-schema-graph\">{\"@context\":\"https:\/\/schema.org\",\"@graph\":[{\"@type\":\"WebPage\",\"@id\":\"https:\/\/exceladvisor.org\/de\/das-gitter\/\",\"url\":\"https:\/\/exceladvisor.org\/de\/das-gitter\/\",\"name\":\"\u25b7 Wie verwende ich Gitterlinien in Excel? (Tutorial 2023)\",\"isPartOf\":{\"@id\":\"https:\/\/exceladvisor.org\/de\/#website\"},\"primaryImageOfPage\":{\"@id\":\"https:\/\/exceladvisor.org\/de\/das-gitter\/#primaryimage\"},\"image\":{\"@id\":\"https:\/\/exceladvisor.org\/de\/das-gitter\/#primaryimage\"},\"thumbnailUrl\":\"https:\/\/exceladvisor.org\/wp-content\/uploads\/2023\/08\/1-quadrillage-dans-excel.png\",\"datePublished\":\"2023-10-18T22:16:48+00:00\",\"dateModified\":\"2023-12-03T13:04:57+00:00\",\"description\":\"Erfahren Sie, wie Sie Gitterlinien in Excel aktivieren\/deaktivieren und alle damit verf\u00fcgbaren Optionen nutzen.\",\"breadcrumb\":{\"@id\":\"https:\/\/exceladvisor.org\/de\/das-gitter\/#breadcrumb\"},\"inLanguage\":\"de\",\"potentialAction\":[{\"@type\":\"ReadAction\",\"target\":[\"https:\/\/exceladvisor.org\/de\/das-gitter\/\"]}]},{\"@type\":\"ImageObject\",\"inLanguage\":\"de\",\"@id\":\"https:\/\/exceladvisor.org\/de\/das-gitter\/#primaryimage\",\"url\":\"https:\/\/exceladvisor.org\/wp-content\/uploads\/2023\/08\/1-quadrillage-dans-excel.png\",\"contentUrl\":\"https:\/\/exceladvisor.org\/wp-content\/uploads\/2023\/08\/1-quadrillage-dans-excel.png\"},{\"@type\":\"BreadcrumbList\",\"@id\":\"https:\/\/exceladvisor.org\/de\/das-gitter\/#breadcrumb\",\"itemListElement\":[{\"@type\":\"ListItem\",\"position\":1,\"name\":\"Accueil\",\"item\":\"https:\/\/exceladvisor.org\/de\/\"},{\"@type\":\"ListItem\",\"position\":2,\"name\":\"Wie verwende ich gitternetzlinien in excel?\"}]},{\"@type\":\"WebSite\",\"@id\":\"https:\/\/exceladvisor.org\/de\/#website\",\"url\":\"https:\/\/exceladvisor.org\/de\/\",\"name\":\"Excel Advisor\",\"description\":\"Ihr Leitfaden zur Datendominanz\",\"publisher\":{\"@id\":\"https:\/\/exceladvisor.org\/de\/#organization\"},\"potentialAction\":[{\"@type\":\"SearchAction\",\"target\":{\"@type\":\"EntryPoint\",\"urlTemplate\":\"https:\/\/exceladvisor.org\/de\/?s={search_term_string}\"},\"query-input\":{\"@type\":\"PropertyValueSpecification\",\"valueRequired\":true,\"valueName\":\"search_term_string\"}}],\"inLanguage\":\"de\"},{\"@type\":\"Organization\",\"@id\":\"https:\/\/exceladvisor.org\/de\/#organization\",\"name\":\"Excel Advisor\",\"url\":\"https:\/\/exceladvisor.org\/de\/\",\"logo\":{\"@type\":\"ImageObject\",\"inLanguage\":\"de\",\"@id\":\"https:\/\/exceladvisor.org\/de\/#\/schema\/logo\/image\/\",\"url\":\"https:\/\/exceladvisor.org\/de\/wp-content\/uploads\/2023\/11\/exceladvisor.org_.png\",\"contentUrl\":\"https:\/\/exceladvisor.org\/de\/wp-content\/uploads\/2023\/11\/exceladvisor.org_.png\",\"width\":105,\"height\":36,\"caption\":\"Excel Advisor\"},\"image\":{\"@id\":\"https:\/\/exceladvisor.org\/de\/#\/schema\/logo\/image\/\"}}]}<\/script>\n<!-- \/ Yoast SEO plugin. -->","yoast_head_json":{"title":"\u25b7 Wie verwende ich Gitterlinien in Excel? (Tutorial 2023)","description":"Erfahren Sie, wie Sie Gitterlinien in Excel aktivieren\/deaktivieren und alle damit verf\u00fcgbaren Optionen nutzen.","robots":{"index":"index","follow":"follow","max-snippet":"max-snippet:-1","max-image-preview":"max-image-preview:large","max-video-preview":"max-video-preview:-1"},"canonical":"https:\/\/exceladvisor.org\/de\/das-gitter\/","og_locale":"de_DE","og_type":"article","og_title":"\u25b7 Wie verwende ich Gitterlinien in Excel? (Tutorial 2023)","og_description":"Erfahren Sie, wie Sie Gitterlinien in Excel aktivieren\/deaktivieren und alle damit verf\u00fcgbaren Optionen nutzen.","og_url":"https:\/\/exceladvisor.org\/de\/das-gitter\/","og_site_name":"Excel Advisor","article_modified_time":"2023-12-03T13:04:57+00:00","og_image":[{"url":"https:\/\/exceladvisor.org\/wp-content\/uploads\/2023\/08\/1-quadrillage-dans-excel.png","type":"","width":"","height":""}],"twitter_card":"summary_large_image","twitter_misc":{"Gesch\u00e4tzte Lesezeit":"2\u00a0Minuten"},"schema":{"@context":"https:\/\/schema.org","@graph":[{"@type":"WebPage","@id":"https:\/\/exceladvisor.org\/de\/das-gitter\/","url":"https:\/\/exceladvisor.org\/de\/das-gitter\/","name":"\u25b7 Wie verwende ich Gitterlinien in Excel? (Tutorial 2023)","isPartOf":{"@id":"https:\/\/exceladvisor.org\/de\/#website"},"primaryImageOfPage":{"@id":"https:\/\/exceladvisor.org\/de\/das-gitter\/#primaryimage"},"image":{"@id":"https:\/\/exceladvisor.org\/de\/das-gitter\/#primaryimage"},"thumbnailUrl":"https:\/\/exceladvisor.org\/wp-content\/uploads\/2023\/08\/1-quadrillage-dans-excel.png","datePublished":"2023-10-18T22:16:48+00:00","dateModified":"2023-12-03T13:04:57+00:00","description":"Erfahren Sie, wie Sie Gitterlinien in Excel aktivieren\/deaktivieren und alle damit verf\u00fcgbaren Optionen nutzen.","breadcrumb":{"@id":"https:\/\/exceladvisor.org\/de\/das-gitter\/#breadcrumb"},"inLanguage":"de","potentialAction":[{"@type":"ReadAction","target":["https:\/\/exceladvisor.org\/de\/das-gitter\/"]}]},{"@type":"ImageObject","inLanguage":"de","@id":"https:\/\/exceladvisor.org\/de\/das-gitter\/#primaryimage","url":"https:\/\/exceladvisor.org\/wp-content\/uploads\/2023\/08\/1-quadrillage-dans-excel.png","contentUrl":"https:\/\/exceladvisor.org\/wp-content\/uploads\/2023\/08\/1-quadrillage-dans-excel.png"},{"@type":"BreadcrumbList","@id":"https:\/\/exceladvisor.org\/de\/das-gitter\/#breadcrumb","itemListElement":[{"@type":"ListItem","position":1,"name":"Accueil","item":"https:\/\/exceladvisor.org\/de\/"},{"@type":"ListItem","position":2,"name":"Wie verwende ich gitternetzlinien in excel?"}]},{"@type":"WebSite","@id":"https:\/\/exceladvisor.org\/de\/#website","url":"https:\/\/exceladvisor.org\/de\/","name":"Excel Advisor","description":"Ihr Leitfaden zur Datendominanz","publisher":{"@id":"https:\/\/exceladvisor.org\/de\/#organization"},"potentialAction":[{"@type":"SearchAction","target":{"@type":"EntryPoint","urlTemplate":"https:\/\/exceladvisor.org\/de\/?s={search_term_string}"},"query-input":{"@type":"PropertyValueSpecification","valueRequired":true,"valueName":"search_term_string"}}],"inLanguage":"de"},{"@type":"Organization","@id":"https:\/\/exceladvisor.org\/de\/#organization","name":"Excel Advisor","url":"https:\/\/exceladvisor.org\/de\/","logo":{"@type":"ImageObject","inLanguage":"de","@id":"https:\/\/exceladvisor.org\/de\/#\/schema\/logo\/image\/","url":"https:\/\/exceladvisor.org\/de\/wp-content\/uploads\/2023\/11\/exceladvisor.org_.png","contentUrl":"https:\/\/exceladvisor.org\/de\/wp-content\/uploads\/2023\/11\/exceladvisor.org_.png","width":105,"height":36,"caption":"Excel Advisor"},"image":{"@id":"https:\/\/exceladvisor.org\/de\/#\/schema\/logo\/image\/"}}]}},"yoast_meta":{"yoast_wpseo_title":"","yoast_wpseo_metadesc":"","yoast_wpseo_canonical":""},"_links":{"self":[{"href":"https:\/\/exceladvisor.org\/de\/wp-json\/wp\/v2\/pages\/3581","targetHints":{"allow":["GET"]}}],"collection":[{"href":"https:\/\/exceladvisor.org\/de\/wp-json\/wp\/v2\/pages"}],"about":[{"href":"https:\/\/exceladvisor.org\/de\/wp-json\/wp\/v2\/types\/page"}],"author":[{"embeddable":true,"href":"https:\/\/exceladvisor.org\/de\/wp-json\/wp\/v2\/users\/1"}],"replies":[{"embeddable":true,"href":"https:\/\/exceladvisor.org\/de\/wp-json\/wp\/v2\/comments?post=3581"}],"version-history":[{"count":1,"href":"https:\/\/exceladvisor.org\/de\/wp-json\/wp\/v2\/pages\/3581\/revisions"}],"predecessor-version":[{"id":4366,"href":"https:\/\/exceladvisor.org\/de\/wp-json\/wp\/v2\/pages\/3581\/revisions\/4366"}],"wp:attachment":[{"href":"https:\/\/exceladvisor.org\/de\/wp-json\/wp\/v2\/media?parent=3581"}],"curies":[{"name":"wp","href":"https:\/\/api.w.org\/{rel}","templated":true}]}}