{"id":3582,"date":"2023-10-18T20:03:06","date_gmt":"2023-10-18T20:03:06","guid":{"rendered":"https:\/\/exceladvisor.org\/de\/fuge-einen-pfeil-ein\/"},"modified":"2023-12-03T11:21:02","modified_gmt":"2023-12-03T11:21:02","slug":"fuge-einen-pfeil-ein","status":"publish","type":"page","link":"https:\/\/exceladvisor.org\/de\/fuge-einen-pfeil-ein\/","title":{"rendered":"Wie f\u00fcge ich in excel einen pfeil in eine zelle ein?"},"content":{"rendered":"<div class=\"excel-vor-dem-inhalt\" id=\"excel-4259415554\"><script type=\"text\/javascript\">\r\n\tatOptions = {\r\n\t\t'key' : 'c1158f160081d6540a8409e6925dab94',\r\n\t\t'format' : 'iframe',\r\n\t\t'height' : 250,\r\n\t\t'width' : 300,\r\n\t\t'params' : {}\r\n\t};\r\n<\/script>\r\n<script type=\"text\/javascript\" src=\"\/\/www.highperformanceformat.com\/c1158f160081d6540a8409e6925dab94\/invoke.js\"><\/script><\/div> <p>Manchmal ben\u00f6tigen Sie bestimmte Symbole, um sie als schnellen Indikator in Excel-Daten zu verwenden. Daf\u00fcr bietet Excel die M\u00f6glichkeit, Pfeile und viele andere vordefinierte Symbole oder Formen in Zellen einzuf\u00fcgen.<\/p><p> Das Einf\u00fcgen eines Pfeils und anderer Symbole in Excel ist ein schneller Vorgang mit nur drei oder vier Schritten.<\/p><h2 id=\"insert-an-arrow-in-a-cell-as-symbol\" class=\"wp-block-heading\"> F\u00fcgen Sie einen Pfeil als Symbol in eine Zelle ein<\/h2><ol><li> W\u00e4hlen Sie zun\u00e4chst <a href=\"https:\/\/exceladvisor.org\/de\/zelle-bearbeiten\/\">die Zelle aus und bearbeiten Sie sie<\/a> , in der Sie einen Pfeil als Symbol einf\u00fcgen m\u00f6chten.<\/li><li> Gehen Sie anschlie\u00dfend zur Registerkarte \u201eEinf\u00fcgen\u201c, klicken Sie dann auf das Symbol \u201eSymbole\u201c im Men\u00fcband und klicken Sie auf die Option \u201eSymbol\u201c. <br><img loading=\"lazy\" decoding=\"async\" title=\"1-Pfeil-als-Symbol einf\u00fcgen\" src=\"https:\/\/exceladvisor.org\/wp-content\/uploads\/2023\/08\/1-inserer-une-fleche-comme-symbole.png\" sizes=\"auto, \" srcset=\"\" alt=\"insert-an-arrow-as-symbol\" width=\"811\" height=\"283\"><\/li><li> Sobald Sie auf die Option \u201eSymbol\u201c klicken, wird ein Popup-Fenster mit mehreren Symboloptionen zur Auswahl angezeigt.<\/li><li> W\u00e4hlen Sie nun einen Pfeil aus, den Sie in die ausgew\u00e4hlte Zelle einf\u00fcgen m\u00f6chten, und klicken Sie auf \u201eEinf\u00fcgen\u201c und dann auf \u201eSchlie\u00dfen\u201c. <br><img loading=\"lazy\" decoding=\"async\" title=\"2-W\u00e4hle-einen-Pfeil aus\" src=\"https:\/\/exceladvisor.org\/wp-content\/uploads\/2023\/08\/2-selectionner-une-fleche.png\" sizes=\"auto, \" srcset=\"\" alt=\"select-an-arrow\" width=\"454\" height=\"304\"><\/li><li> An diesem Punkt wird der ausgew\u00e4hlte Pfeil in die ausgew\u00e4hlte Zelle eingef\u00fcgt. <br><img loading=\"lazy\" decoding=\"async\" title=\"3 Pfeilsymbol in Excel\" src=\"https:\/\/exceladvisor.org\/wp-content\/uploads\/2023\/08\/Symbole-3-fleches-dans-Excel.png\" sizes=\"auto, \" srcset=\"\" alt=\"arrow-symbol-in-excel\" width=\"614\" height=\"156\"><\/li><\/ol><p> Sie k\u00f6nnen mehrere Pfeile und Symboloptionen ausw\u00e4hlen und in eine Zelle einf\u00fcgen, Sie k\u00f6nnen das Symbol jedoch nicht gleichzeitig in mehrere Zellen einf\u00fcgen.<\/p><p> Dazu m\u00fcssen Sie das Symbol in eine einzelne Zelle einf\u00fcgen und dann dieses Symbol aus der Zelle kopieren und in mehrere Zellen einf\u00fcgen.<\/p><h2 id=\"insert-an-arrow-in-a-cell-as-shape\" class=\"wp-block-heading\"> F\u00fcgen Sie einen Pfeil als Form in eine Zelle ein<\/h2><ol><li> Gehen Sie zun\u00e4chst zur Registerkarte \u201eEinf\u00fcgen\u201c, klicken Sie dann im Men\u00fcband auf das Symbol \u201eIllustrationen\u201c und dann auf die Option \u201eFormen\u201c. <br><img loading=\"lazy\" decoding=\"async\" title=\"4-Einsatz-Pfeil-\u00e4hnliche Form\" src=\"https:\/\/exceladvisor.org\/wp-content\/uploads\/2023\/08\/4-inserer-une-fleche-comme-forme.png\" sizes=\"auto, \" srcset=\"\" alt=\"insert-an-arrow-as-a-shape\" width=\"520\" height=\"269\"><\/li><li> Sobald Sie auf die Option \u201eFormen\u201c klicken, werden mehrere Formentypen mit mehreren Pfeilformen angezeigt. <br><img loading=\"lazy\" decoding=\"async\" title=\"5-Mehrfachpfeilformen\" src=\"https:\/\/exceladvisor.org\/wp-content\/uploads\/2023\/08\/5-formes-de-fleches-multiples.png\" sizes=\"auto, \" srcset=\"\" alt=\"multiple-arrow-shapes\" width=\"511\" height=\"382\"><\/li><li> Klicken Sie nun auf einen Pfeil, den Sie einf\u00fcgen m\u00f6chten, gehen Sie mit dem Mauszeiger an eine beliebige Stelle im Blatt und klicken Sie, halten Sie die Maustaste gedr\u00fcckt und ziehen Sie den Pfeil an die gew\u00fcnschte Stelle.<\/li><li> An diesem Punkt wird der als Form ausgew\u00e4hlte Pfeil in die Zelle eingef\u00fcgt.<\/li><li> Auf der Registerkarte \u201eFormformat\u201c in der Gruppe \u201eFormstile\u201c k\u00f6nnen Sie die Farbe, Gr\u00f6\u00dfe und Wirkung des Pfeils \u00e4ndern. <br><img loading=\"lazy\" decoding=\"async\" title=\"6-Format-Formpfeil\" src=\"https:\/\/exceladvisor.org\/wp-content\/uploads\/2023\/08\/Forme-de-fleche-6-formats.png\" sizes=\"auto, \" srcset=\"\" alt=\"format-arrow-shape\" width=\"549\" height=\"268\"><\/li><\/ol><h2 id=\"insert-upward-and-downward-arrow-using-conditional-formatting\" class=\"wp-block-heading\"> F\u00fcgen Sie mithilfe der bedingten Formatierung einen Auf- und Abw\u00e4rtspfeil ein<\/h2><ol><li> W\u00e4hlen Sie zun\u00e4chst die Zellen aus, in die Sie die Aufw\u00e4rts- und Abw\u00e4rtspfeile einf\u00fcgen m\u00f6chten, und klicken Sie dann im Men\u00fcband auf das Symbol \u201eBedingte Formatierung\u201c. <br><img loading=\"lazy\" decoding=\"async\" title=\"7-oben-unten-Pfeile einf\u00fcgen\" src=\"https:\/\/exceladvisor.org\/wp-content\/uploads\/2023\/08\/7-inserer-des-fleches-vers-le-haut-vers-le-bas.png\" sizes=\"auto, \" srcset=\"\" alt=\"insert-upward-downward-arrows\" width=\"310\" height=\"232\"><\/li><li> W\u00e4hlen Sie nun \u201eIcon-Sets\u201c aus und klicken Sie auf die Pfeile, die Sie einf\u00fcgen m\u00f6chten.<\/li><li> An dieser Stelle werden \u201erote, gelbe und gr\u00fcne\u201c Auf- und Abw\u00e4rtspfeile in die ausgew\u00e4hlten Zellen eingef\u00fcgt. <br><img loading=\"lazy\" decoding=\"async\" title=\"8 farbige Pfeile ausw\u00e4hlen\" src=\"https:\/\/exceladvisor.org\/wp-content\/uploads\/2023\/08\/8-selectionner-les-fleches-colorees.png\" sizes=\"auto, \" srcset=\"\" alt=\"select-colored-arrows\" width=\"523\" height=\"421\"><\/li><\/ol><h2 id=\"insert-an-arrow-using-the-wingdings-3-font\" class=\"wp-block-heading\"> F\u00fcgen Sie einen Pfeil mit der Schriftart Wingdings 3 ein<\/h2><p> Um einen Pfeil mit der Schriftart Wingdings 3 einzuf\u00fcgen, ben\u00f6tigen Sie eine Liste von Zeichen, die in Excel in Pfeile und andere Symbole konvertiert werden k\u00f6nnen.<\/p><ol><li> Geben Sie zun\u00e4chst das Zeichen in die Zelle ein, in die Sie einen Pfeil einf\u00fcgen m\u00f6chten. <br><img loading=\"lazy\" decoding=\"async\" title=\"9 Zeichen f\u00fcr Pfeile\" src=\"https:\/\/exceladvisor.org\/wp-content\/uploads\/2023\/08\/9-caracteres-pour-les-fleches.png\" sizes=\"auto, \" srcset=\"\" alt=\"characters-for-arrows\" width=\"243\" height=\"291\"><\/li><li> Gehen Sie anschlie\u00dfend im Men\u00fcband zur Gruppe \u201eSchriftart\u201c, klicken Sie auf das Dropdown-Symbol f\u00fcr Schriftarten und w\u00e4hlen Sie die Schriftart \u201eWingdings 3\u201c aus. <br><img loading=\"lazy\" decoding=\"async\" title=\"10-Zeichen-in-Pfeil umwandeln\" src=\"https:\/\/exceladvisor.org\/wp-content\/uploads\/2023\/08\/10-convertir-le-caractere-en-fleche.png\" sizes=\"auto, \" srcset=\"\" alt=\"convert-character-into-arrow\" width=\"270\" height=\"310\"><\/li><li> Zu diesem Zeitpunkt wird Ihr Zeichen basierend auf dem Zeichen, das Sie in die Zelle eingegeben haben, in ein Pfeilsymbol umgewandelt. <br><img loading=\"lazy\" decoding=\"async\" title=\"11-Zeichen-in-Pfeil umwandeln\" src=\"https:\/\/exceladvisor.org\/wp-content\/uploads\/2023\/08\/11-convertir-le-caractere-en-fleche.png\" sizes=\"auto, \" srcset=\"\" alt=\"convert-character-into-arrow\" width=\"270\" height=\"317\"><\/li><\/ol><div class=\"gb-container gb-container-4db6181c gb-container-mt\"> <a class=\"gb-button gb-button-c5897111 gb-button-text gb-button-mt-button\" href=\"https:\/\/exceladvisor.org\/de\/excel-grundlagen\/\">Microsoft Excel-Grundlagen (Komponenten, Teile und Wissenshinweise)<\/a><h2 class=\"gb-headline gb-headline-665e5f6b gb-headline-text gb-headline-mt-heading\"> Verwandte Tutorials <\/h2><div class=\"gb-grid-wrapper gb-grid-wrapper-a20baf7c gb-grid-wrapper-mt-grid\"><div class=\"gb-grid-column gb-grid-column-50067b57\"><div class=\"gb-container gb-container-50067b57\"><ul><li> <a href=\"https:\/\/exceladvisor.org\/de\/delta\/\">F\u00fcgen Sie das Delta-Symbol in Excel in eine Zelle ein<\/a><\/li><li> <a href=\"https:\/\/exceladvisor.org\/de\/grad\/\">Gradsymbol in Excel einf\u00fcgen (eintippen).<\/a><\/li><li> <a href=\"https:\/\/exceladvisor.org\/de\/formel-zum-wert\/\">Konvertieren Sie die Formel in Excel in einen Wert<\/a><\/li><li> <a href=\"https:\/\/exceladvisor.org\/de\/hakchen-2\/\" data-wpil=\"url\">F\u00fcgen Sie ein H\u00e4kchensymbol in Excel ein<\/a><\/li><\/ul><\/div><\/div><\/div><\/div>","protected":false},"excerpt":{"rendered":"","protected":false},"author":1,"featured_media":0,"parent":0,"menu_order":0,"comment_status":"open","ping_status":"closed","template":"","meta":{"ub_ctt_via":"","footnotes":""},"class_list":["post-3582","page","type-page","status-publish","hentry"],"featured_image_src":null,"yoast_head":"<!-- This site is optimized with the Yoast SEO plugin v25.4 - https:\/\/yoast.com\/wordpress\/plugins\/seo\/ -->\n<title>Wie f\u00fcge ich in Excel einen Pfeil in eine Zelle ein?<\/title>\n<meta name=\"description\" content=\"Erfahren Sie, wie Sie mithilfe verschiedener Methoden, die Sie in verschiedenen Situationen verwenden k\u00f6nnen, einen Pfeil zu einer Zelle hinzuf\u00fcgen.\" \/>\n<meta name=\"robots\" content=\"index, follow, max-snippet:-1, max-image-preview:large, max-video-preview:-1\" \/>\n<link rel=\"canonical\" href=\"https:\/\/exceladvisor.org\/de\/fuge-einen-pfeil-ein\/\" \/>\n<meta property=\"og:locale\" content=\"de_DE\" \/>\n<meta property=\"og:type\" content=\"article\" \/>\n<meta property=\"og:title\" content=\"Wie f\u00fcge ich in Excel einen Pfeil in eine Zelle ein?\" \/>\n<meta property=\"og:description\" content=\"Erfahren Sie, wie Sie mithilfe verschiedener Methoden, die Sie in verschiedenen Situationen verwenden k\u00f6nnen, einen Pfeil zu einer Zelle hinzuf\u00fcgen.\" \/>\n<meta property=\"og:url\" content=\"https:\/\/exceladvisor.org\/de\/fuge-einen-pfeil-ein\/\" \/>\n<meta property=\"og:site_name\" content=\"Excel Advisor\" \/>\n<meta property=\"article:modified_time\" content=\"2023-12-03T11:21:02+00:00\" \/>\n<meta property=\"og:image\" content=\"https:\/\/exceladvisor.org\/wp-content\/uploads\/2023\/08\/1-inserer-une-fleche-comme-symbole.png\" \/>\n<meta name=\"twitter:card\" content=\"summary_large_image\" \/>\n<meta name=\"twitter:label1\" content=\"Gesch\u00e4tzte Lesezeit\" \/>\n\t<meta name=\"twitter:data1\" content=\"3\u00a0Minuten\" \/>\n<script type=\"application\/ld+json\" class=\"yoast-schema-graph\">{\"@context\":\"https:\/\/schema.org\",\"@graph\":[{\"@type\":\"WebPage\",\"@id\":\"https:\/\/exceladvisor.org\/de\/fuge-einen-pfeil-ein\/\",\"url\":\"https:\/\/exceladvisor.org\/de\/fuge-einen-pfeil-ein\/\",\"name\":\"Wie f\u00fcge ich in Excel einen Pfeil in eine Zelle ein?\",\"isPartOf\":{\"@id\":\"https:\/\/exceladvisor.org\/de\/#website\"},\"primaryImageOfPage\":{\"@id\":\"https:\/\/exceladvisor.org\/de\/fuge-einen-pfeil-ein\/#primaryimage\"},\"image\":{\"@id\":\"https:\/\/exceladvisor.org\/de\/fuge-einen-pfeil-ein\/#primaryimage\"},\"thumbnailUrl\":\"https:\/\/exceladvisor.org\/wp-content\/uploads\/2023\/08\/1-inserer-une-fleche-comme-symbole.png\",\"datePublished\":\"2023-10-18T20:03:06+00:00\",\"dateModified\":\"2023-12-03T11:21:02+00:00\",\"description\":\"Erfahren Sie, wie Sie mithilfe verschiedener Methoden, die Sie in verschiedenen Situationen verwenden k\u00f6nnen, einen Pfeil zu einer Zelle hinzuf\u00fcgen.\",\"breadcrumb\":{\"@id\":\"https:\/\/exceladvisor.org\/de\/fuge-einen-pfeil-ein\/#breadcrumb\"},\"inLanguage\":\"de\",\"potentialAction\":[{\"@type\":\"ReadAction\",\"target\":[\"https:\/\/exceladvisor.org\/de\/fuge-einen-pfeil-ein\/\"]}]},{\"@type\":\"ImageObject\",\"inLanguage\":\"de\",\"@id\":\"https:\/\/exceladvisor.org\/de\/fuge-einen-pfeil-ein\/#primaryimage\",\"url\":\"https:\/\/exceladvisor.org\/wp-content\/uploads\/2023\/08\/1-inserer-une-fleche-comme-symbole.png\",\"contentUrl\":\"https:\/\/exceladvisor.org\/wp-content\/uploads\/2023\/08\/1-inserer-une-fleche-comme-symbole.png\"},{\"@type\":\"BreadcrumbList\",\"@id\":\"https:\/\/exceladvisor.org\/de\/fuge-einen-pfeil-ein\/#breadcrumb\",\"itemListElement\":[{\"@type\":\"ListItem\",\"position\":1,\"name\":\"Accueil\",\"item\":\"https:\/\/exceladvisor.org\/de\/\"},{\"@type\":\"ListItem\",\"position\":2,\"name\":\"Wie f\u00fcge ich in excel einen pfeil in eine zelle ein?\"}]},{\"@type\":\"WebSite\",\"@id\":\"https:\/\/exceladvisor.org\/de\/#website\",\"url\":\"https:\/\/exceladvisor.org\/de\/\",\"name\":\"Excel Advisor\",\"description\":\"Ihr Leitfaden zur Datendominanz\",\"publisher\":{\"@id\":\"https:\/\/exceladvisor.org\/de\/#organization\"},\"potentialAction\":[{\"@type\":\"SearchAction\",\"target\":{\"@type\":\"EntryPoint\",\"urlTemplate\":\"https:\/\/exceladvisor.org\/de\/?s={search_term_string}\"},\"query-input\":{\"@type\":\"PropertyValueSpecification\",\"valueRequired\":true,\"valueName\":\"search_term_string\"}}],\"inLanguage\":\"de\"},{\"@type\":\"Organization\",\"@id\":\"https:\/\/exceladvisor.org\/de\/#organization\",\"name\":\"Excel Advisor\",\"url\":\"https:\/\/exceladvisor.org\/de\/\",\"logo\":{\"@type\":\"ImageObject\",\"inLanguage\":\"de\",\"@id\":\"https:\/\/exceladvisor.org\/de\/#\/schema\/logo\/image\/\",\"url\":\"https:\/\/exceladvisor.org\/de\/wp-content\/uploads\/2023\/11\/exceladvisor.org_.png\",\"contentUrl\":\"https:\/\/exceladvisor.org\/de\/wp-content\/uploads\/2023\/11\/exceladvisor.org_.png\",\"width\":105,\"height\":36,\"caption\":\"Excel Advisor\"},\"image\":{\"@id\":\"https:\/\/exceladvisor.org\/de\/#\/schema\/logo\/image\/\"}}]}<\/script>\n<!-- \/ Yoast SEO plugin. -->","yoast_head_json":{"title":"Wie f\u00fcge ich in Excel einen Pfeil in eine Zelle ein?","description":"Erfahren Sie, wie Sie mithilfe verschiedener Methoden, die Sie in verschiedenen Situationen verwenden k\u00f6nnen, einen Pfeil zu einer Zelle hinzuf\u00fcgen.","robots":{"index":"index","follow":"follow","max-snippet":"max-snippet:-1","max-image-preview":"max-image-preview:large","max-video-preview":"max-video-preview:-1"},"canonical":"https:\/\/exceladvisor.org\/de\/fuge-einen-pfeil-ein\/","og_locale":"de_DE","og_type":"article","og_title":"Wie f\u00fcge ich in Excel einen Pfeil in eine Zelle ein?","og_description":"Erfahren Sie, wie Sie mithilfe verschiedener Methoden, die Sie in verschiedenen Situationen verwenden k\u00f6nnen, einen Pfeil zu einer Zelle hinzuf\u00fcgen.","og_url":"https:\/\/exceladvisor.org\/de\/fuge-einen-pfeil-ein\/","og_site_name":"Excel Advisor","article_modified_time":"2023-12-03T11:21:02+00:00","og_image":[{"url":"https:\/\/exceladvisor.org\/wp-content\/uploads\/2023\/08\/1-inserer-une-fleche-comme-symbole.png","type":"","width":"","height":""}],"twitter_card":"summary_large_image","twitter_misc":{"Gesch\u00e4tzte Lesezeit":"3\u00a0Minuten"},"schema":{"@context":"https:\/\/schema.org","@graph":[{"@type":"WebPage","@id":"https:\/\/exceladvisor.org\/de\/fuge-einen-pfeil-ein\/","url":"https:\/\/exceladvisor.org\/de\/fuge-einen-pfeil-ein\/","name":"Wie f\u00fcge ich in Excel einen Pfeil in eine Zelle ein?","isPartOf":{"@id":"https:\/\/exceladvisor.org\/de\/#website"},"primaryImageOfPage":{"@id":"https:\/\/exceladvisor.org\/de\/fuge-einen-pfeil-ein\/#primaryimage"},"image":{"@id":"https:\/\/exceladvisor.org\/de\/fuge-einen-pfeil-ein\/#primaryimage"},"thumbnailUrl":"https:\/\/exceladvisor.org\/wp-content\/uploads\/2023\/08\/1-inserer-une-fleche-comme-symbole.png","datePublished":"2023-10-18T20:03:06+00:00","dateModified":"2023-12-03T11:21:02+00:00","description":"Erfahren Sie, wie Sie mithilfe verschiedener Methoden, die Sie in verschiedenen Situationen verwenden k\u00f6nnen, einen Pfeil zu einer Zelle hinzuf\u00fcgen.","breadcrumb":{"@id":"https:\/\/exceladvisor.org\/de\/fuge-einen-pfeil-ein\/#breadcrumb"},"inLanguage":"de","potentialAction":[{"@type":"ReadAction","target":["https:\/\/exceladvisor.org\/de\/fuge-einen-pfeil-ein\/"]}]},{"@type":"ImageObject","inLanguage":"de","@id":"https:\/\/exceladvisor.org\/de\/fuge-einen-pfeil-ein\/#primaryimage","url":"https:\/\/exceladvisor.org\/wp-content\/uploads\/2023\/08\/1-inserer-une-fleche-comme-symbole.png","contentUrl":"https:\/\/exceladvisor.org\/wp-content\/uploads\/2023\/08\/1-inserer-une-fleche-comme-symbole.png"},{"@type":"BreadcrumbList","@id":"https:\/\/exceladvisor.org\/de\/fuge-einen-pfeil-ein\/#breadcrumb","itemListElement":[{"@type":"ListItem","position":1,"name":"Accueil","item":"https:\/\/exceladvisor.org\/de\/"},{"@type":"ListItem","position":2,"name":"Wie f\u00fcge ich in excel einen pfeil in eine zelle ein?"}]},{"@type":"WebSite","@id":"https:\/\/exceladvisor.org\/de\/#website","url":"https:\/\/exceladvisor.org\/de\/","name":"Excel Advisor","description":"Ihr Leitfaden zur Datendominanz","publisher":{"@id":"https:\/\/exceladvisor.org\/de\/#organization"},"potentialAction":[{"@type":"SearchAction","target":{"@type":"EntryPoint","urlTemplate":"https:\/\/exceladvisor.org\/de\/?s={search_term_string}"},"query-input":{"@type":"PropertyValueSpecification","valueRequired":true,"valueName":"search_term_string"}}],"inLanguage":"de"},{"@type":"Organization","@id":"https:\/\/exceladvisor.org\/de\/#organization","name":"Excel Advisor","url":"https:\/\/exceladvisor.org\/de\/","logo":{"@type":"ImageObject","inLanguage":"de","@id":"https:\/\/exceladvisor.org\/de\/#\/schema\/logo\/image\/","url":"https:\/\/exceladvisor.org\/de\/wp-content\/uploads\/2023\/11\/exceladvisor.org_.png","contentUrl":"https:\/\/exceladvisor.org\/de\/wp-content\/uploads\/2023\/11\/exceladvisor.org_.png","width":105,"height":36,"caption":"Excel Advisor"},"image":{"@id":"https:\/\/exceladvisor.org\/de\/#\/schema\/logo\/image\/"}}]}},"yoast_meta":{"yoast_wpseo_title":"","yoast_wpseo_metadesc":"","yoast_wpseo_canonical":""},"_links":{"self":[{"href":"https:\/\/exceladvisor.org\/de\/wp-json\/wp\/v2\/pages\/3582","targetHints":{"allow":["GET"]}}],"collection":[{"href":"https:\/\/exceladvisor.org\/de\/wp-json\/wp\/v2\/pages"}],"about":[{"href":"https:\/\/exceladvisor.org\/de\/wp-json\/wp\/v2\/types\/page"}],"author":[{"embeddable":true,"href":"https:\/\/exceladvisor.org\/de\/wp-json\/wp\/v2\/users\/1"}],"replies":[{"embeddable":true,"href":"https:\/\/exceladvisor.org\/de\/wp-json\/wp\/v2\/comments?post=3582"}],"version-history":[{"count":1,"href":"https:\/\/exceladvisor.org\/de\/wp-json\/wp\/v2\/pages\/3582\/revisions"}],"predecessor-version":[{"id":4042,"href":"https:\/\/exceladvisor.org\/de\/wp-json\/wp\/v2\/pages\/3582\/revisions\/4042"}],"wp:attachment":[{"href":"https:\/\/exceladvisor.org\/de\/wp-json\/wp\/v2\/media?parent=3582"}],"curies":[{"name":"wp","href":"https:\/\/api.w.org\/{rel}","templated":true}]}}