{"id":3583,"date":"2023-10-18T13:42:20","date_gmt":"2023-10-18T13:42:20","guid":{"rendered":"https:\/\/exceladvisor.org\/de\/zeile-vs-spalte\/"},"modified":"2023-12-03T11:13:01","modified_gmt":"2023-12-03T11:13:01","slug":"zeile-vs-spalte","status":"publish","type":"page","link":"https:\/\/exceladvisor.org\/de\/zeile-vs-spalte\/","title":{"rendered":"Unterschied zwischen zeile und spalte in excel"},"content":{"rendered":"<div class=\"excel-vor-dem-inhalt\" id=\"excel-2100100282\"><script type=\"text\/javascript\">\r\n\tatOptions = {\r\n\t\t'key' : 'c1158f160081d6540a8409e6925dab94',\r\n\t\t'format' : 'iframe',\r\n\t\t'height' : 250,\r\n\t\t'width' : 300,\r\n\t\t'params' : {}\r\n\t};\r\n<\/script>\r\n<script type=\"text\/javascript\" src=\"\/\/www.highperformanceformat.com\/c1158f160081d6540a8409e6925dab94\/invoke.js\"><\/script><\/div> <p>Wenn Sie neu bei Excel sind, sollten Sie wissen, was der Unterschied zwischen einer Zeile und einer Spalte ist. Es ist sehr wichtig, diese beiden W\u00f6rter zu kennen.<\/p><p> Lassen Sie mich ein Beispiel zur Erkl\u00e4rung heranziehen.<\/p><p> Im folgenden Beispiel sehen Sie ein Arbeitsblatt, bei dem es sich um ein Excel-Arbeitsblatt handelt, und dieses Excel-Arbeitsblatt besteht aus Zellen. <\/p><div class=\"wp-block-image\"><figure class=\"aligncenter size-full is-resized\"><img loading=\"lazy\" decoding=\"async\" class=\"wp-image-67153\" src=\"https:\/\/exceladvisor.org\/wp-content\/uploads\/2023\/08\/1-cellules-dans-une-feuille-Excel.png\" sizes=\"auto, \" srcset=\"\" alt=\"Zellen-in-Excel-Tabelle\" width=\"527\" height=\"266\"><\/figure><\/div><p> Aber hier m\u00fcssen Sie eine Zeile und eine Spalte kennen, oder? <\/p><div class=\"wp-block-image\"><figure class=\"aligncenter size-full is-resized\"><img loading=\"lazy\" decoding=\"async\" class=\"wp-image-67154\" src=\"https:\/\/exceladvisor.org\/wp-content\/uploads\/2023\/08\/2-lignes-et-colonnes.png\" sizes=\"auto, \" srcset=\"\" alt=\"Zeile und Spalte\" width=\"488\" height=\"315\"><\/figure><\/div><h2 class=\"wp-block-heading\"> Unterschied zwischen Zeilen und Spalten <\/h2><figure class=\"wp-block-table\"><table class=\"mtr-table mtr-tr-td\"><tbody><tr><td class=\"mtr-td-tag\" data-mtr-content=\"Row\"><div class=\"mtr-cell-content\"> <strong>Linie<\/strong><\/div><\/td><td class=\"mtr-td-tag\" data-mtr-content=\"Column\"><div class=\"mtr-cell-content\"> <strong>Spalte<\/strong><\/div><\/td><\/tr><tr><td class=\"mtr-td-tag\" data-mtr-content=\"Row\"><div class=\"mtr-cell-content\"> Eine Zeile ist eine horizontale Kombination der Zelle.<\/div><\/td><td class=\"mtr-td-tag\" data-mtr-content=\"Column\"><div class=\"mtr-cell-content\"> Eine Spalte ist eine vertikale Kombination der Zelle.<\/div><\/td><\/tr><tr><td class=\"mtr-td-tag\" data-mtr-content=\"Row\"><div class=\"mtr-cell-content\"> Sie k\u00f6nnen eine Zeile anhand ihrer Nummer referenzieren. also 1, 2, 3<\/div><\/td><td class=\"mtr-td-tag\" data-mtr-content=\"Column\"><div class=\"mtr-cell-content\"> Sie k\u00f6nnen eine Spalte anhand ihres Alphabets ansprechen. also A, B, C<\/div><\/td><\/tr><tr><td class=\"mtr-td-tag\" data-mtr-content=\"Row\"><div class=\"mtr-cell-content\"> Mithilfe eines Zeilenbereichs k\u00f6nnen Sie auf mehrere Zeilen verweisen. Beispielsweise bedeutet 1:3 <strong>,<\/strong> dass Zeile 1 auf Zeile 3 verwiesen wird.<\/div><\/td><td class=\"mtr-td-tag\" data-mtr-content=\"Column\"><div class=\"mtr-cell-content\"> Mithilfe eines Spaltenbereichs k\u00f6nnen Sie auf mehrere Spalten verweisen. A:C bedeutet beispielsweise, dass Spalte A auf Spalte C verwiesen wird.<\/div><\/td><\/tr><tr><td class=\"mtr-td-tag\" data-mtr-content=\"Row\"><div class=\"mtr-cell-content\"> Ein einzelnes Arbeitsblatt enth\u00e4lt insgesamt 1048576 Zeilen.<\/div><\/td><td class=\"mtr-td-tag\" data-mtr-content=\"Column\"><div class=\"mtr-cell-content\"> Ein einzelnes Arbeitsblatt enth\u00e4lt insgesamt 16384 Spalten.<\/div><\/td><\/tr><tr><td class=\"mtr-td-tag\" data-mtr-content=\"Row\"><div class=\"mtr-cell-content\"> Um eine Zeile auszuw\u00e4hlen <strong>,<\/strong> k\u00f6nnen Sie auf die Nummern\u00fcberschrift links im Arbeitsblatt klicken oder eine Zelle in der Zeile ausw\u00e4hlen, die Sie ausw\u00e4hlen m\u00f6chten, und die Tastenkombination UMSCHALT + LEERTASTE verwenden.<\/div><\/td><td class=\"mtr-td-tag\" data-mtr-content=\"Column\"><div class=\"mtr-cell-content\"> Um eine Spalte auszuw\u00e4hlen, k\u00f6nnen Sie oben im Arbeitsblatt auf die alphabetische \u00dcberschrift der Spalte klicken oder eine Zelle in der Spalte ausw\u00e4hlen, die Sie ausw\u00e4hlen m\u00f6chten, und die Tastenkombination STRG + LEERTASTE verwenden.<\/div><\/td><\/tr><\/tbody><\/table><\/figure><h2 class=\"wp-block-heading\"> Sachen zu wissen<\/h2><ol type=\"1\"><li> Sie k\u00f6nnen eine Spalte und eine Zeile \u00fcber das Kontextmen\u00fc der Maus ausblenden.<\/li><li> Sie k\u00f6nnen alle Werte in einer Spalte oder Zeile addieren, indem Sie einfach anhand ihrer Adresse darauf verweisen.<\/li><li> \u00dcber das Kontextmen\u00fc k\u00f6nnen Sie <a href=\"https:\/\/exceladvisor.org\/de\/eine-zeile-einfugen\/\">eine neue Zeile und Spalte einf\u00fcgen<\/a> . M\u00f6glicherweise haben Sie mehr Zeilen (1048576) und Spalten (16384) als insgesamt im Arbeitsblatt vorhanden sind.<\/li><\/ol><div class=\"gb-container gb-container-4db6181c gb-container-mt\"> <a class=\"gb-button gb-button-c5897111 gb-button-text gb-button-mt-button\" href=\"https:\/\/exceladvisor.org\/de\/excel-grundlagen\/\">Microsoft Excel-Grundlagen (Komponenten, Teile und Wissenshinweise)<\/a><h2 class=\"gb-headline gb-headline-665e5f6b gb-headline-text gb-headline-mt-heading\"> Verwandte Tutorials <\/h2><div class=\"gb-grid-wrapper gb-grid-wrapper-a20baf7c gb-grid-wrapper-mt-grid\"><div class=\"gb-grid-column gb-grid-column-65ddf67e\"><div class=\"gb-container gb-container-65ddf67e\"><ul><li> <a href=\"https:\/\/exceladvisor.org\/de\/hyperlinks-hinzufugen-und-entfernen\/\">F\u00fcgen Sie Hyperlinks in Excel hinzu und entfernen Sie sie<\/a><\/li><li> <a href=\"https:\/\/exceladvisor.org\/de\/wasserzeichen-hinzufugen\/\">F\u00fcgen Sie in Excel ein Wasserzeichen hinzu<\/a><\/li><li> <a href=\"https:\/\/exceladvisor.org\/de\/entfernen-sie-ausgeblendete-zeilenspalten\/\">L\u00f6schen Sie ausgeblendete Zeilen in Excel<\/a><\/li><li> <a href=\"https:\/\/exceladvisor.org\/de\/zellen-abwahlen\/\">Zellen in Excel abw\u00e4hlen<\/a><\/li><li> <a href=\"https:\/\/exceladvisor.org\/de\/fugen-sie-eine-spalte-hinzu\/\">F\u00fcgen Sie eine Spalte in Excel hinzu<\/a><\/li><\/ul><\/div><\/div><\/div><\/div>","protected":false},"excerpt":{"rendered":"","protected":false},"author":1,"featured_media":0,"parent":0,"menu_order":0,"comment_status":"open","ping_status":"closed","template":"","meta":{"ub_ctt_via":"","footnotes":""},"class_list":["post-3583","page","type-page","status-publish","hentry"],"featured_image_src":null,"yoast_head":"<!-- This site is optimized with the Yoast SEO plugin v25.4 - https:\/\/yoast.com\/wordpress\/plugins\/seo\/ -->\n<title>Was ist der Unterschied zwischen Zeile und Spalte in Excel?<\/title>\n<meta name=\"description\" content=\"Erfahren Sie den Unterschied zwischen einer Zeile und einer Spalte in Excel. Diese beiden Elemente geh\u00f6ren zu den Grundlagen von Excel ...\" \/>\n<meta name=\"robots\" content=\"index, follow, max-snippet:-1, max-image-preview:large, max-video-preview:-1\" \/>\n<link rel=\"canonical\" href=\"https:\/\/exceladvisor.org\/de\/zeile-vs-spalte\/\" \/>\n<meta property=\"og:locale\" content=\"de_DE\" \/>\n<meta property=\"og:type\" content=\"article\" \/>\n<meta property=\"og:title\" content=\"Was ist der Unterschied zwischen Zeile und Spalte in Excel?\" \/>\n<meta property=\"og:description\" content=\"Erfahren Sie den Unterschied zwischen einer Zeile und einer Spalte in Excel. Diese beiden Elemente geh\u00f6ren zu den Grundlagen von Excel ...\" \/>\n<meta property=\"og:url\" content=\"https:\/\/exceladvisor.org\/de\/zeile-vs-spalte\/\" \/>\n<meta property=\"og:site_name\" content=\"Excel Advisor\" \/>\n<meta property=\"article:modified_time\" content=\"2023-12-03T11:13:01+00:00\" \/>\n<meta property=\"og:image\" content=\"https:\/\/exceladvisor.org\/wp-content\/uploads\/2023\/08\/1-cellules-dans-une-feuille-Excel.png\" \/>\n<meta name=\"twitter:card\" content=\"summary_large_image\" \/>\n<meta name=\"twitter:label1\" content=\"Gesch\u00e4tzte Lesezeit\" \/>\n\t<meta name=\"twitter:data1\" content=\"2\u00a0Minuten\" \/>\n<script type=\"application\/ld+json\" class=\"yoast-schema-graph\">{\"@context\":\"https:\/\/schema.org\",\"@graph\":[{\"@type\":\"WebPage\",\"@id\":\"https:\/\/exceladvisor.org\/de\/zeile-vs-spalte\/\",\"url\":\"https:\/\/exceladvisor.org\/de\/zeile-vs-spalte\/\",\"name\":\"Was ist der Unterschied zwischen Zeile und Spalte in Excel?\",\"isPartOf\":{\"@id\":\"https:\/\/exceladvisor.org\/de\/#website\"},\"primaryImageOfPage\":{\"@id\":\"https:\/\/exceladvisor.org\/de\/zeile-vs-spalte\/#primaryimage\"},\"image\":{\"@id\":\"https:\/\/exceladvisor.org\/de\/zeile-vs-spalte\/#primaryimage\"},\"thumbnailUrl\":\"https:\/\/exceladvisor.org\/wp-content\/uploads\/2023\/08\/1-cellules-dans-une-feuille-Excel.png\",\"datePublished\":\"2023-10-18T13:42:20+00:00\",\"dateModified\":\"2023-12-03T11:13:01+00:00\",\"description\":\"Erfahren Sie den Unterschied zwischen einer Zeile und einer Spalte in Excel. Diese beiden Elemente geh\u00f6ren zu den Grundlagen von Excel ...\",\"breadcrumb\":{\"@id\":\"https:\/\/exceladvisor.org\/de\/zeile-vs-spalte\/#breadcrumb\"},\"inLanguage\":\"de\",\"potentialAction\":[{\"@type\":\"ReadAction\",\"target\":[\"https:\/\/exceladvisor.org\/de\/zeile-vs-spalte\/\"]}]},{\"@type\":\"ImageObject\",\"inLanguage\":\"de\",\"@id\":\"https:\/\/exceladvisor.org\/de\/zeile-vs-spalte\/#primaryimage\",\"url\":\"https:\/\/exceladvisor.org\/wp-content\/uploads\/2023\/08\/1-cellules-dans-une-feuille-Excel.png\",\"contentUrl\":\"https:\/\/exceladvisor.org\/wp-content\/uploads\/2023\/08\/1-cellules-dans-une-feuille-Excel.png\"},{\"@type\":\"BreadcrumbList\",\"@id\":\"https:\/\/exceladvisor.org\/de\/zeile-vs-spalte\/#breadcrumb\",\"itemListElement\":[{\"@type\":\"ListItem\",\"position\":1,\"name\":\"Accueil\",\"item\":\"https:\/\/exceladvisor.org\/de\/\"},{\"@type\":\"ListItem\",\"position\":2,\"name\":\"Unterschied zwischen zeile und spalte in excel\"}]},{\"@type\":\"WebSite\",\"@id\":\"https:\/\/exceladvisor.org\/de\/#website\",\"url\":\"https:\/\/exceladvisor.org\/de\/\",\"name\":\"Excel Advisor\",\"description\":\"Ihr Leitfaden zur Datendominanz\",\"publisher\":{\"@id\":\"https:\/\/exceladvisor.org\/de\/#organization\"},\"potentialAction\":[{\"@type\":\"SearchAction\",\"target\":{\"@type\":\"EntryPoint\",\"urlTemplate\":\"https:\/\/exceladvisor.org\/de\/?s={search_term_string}\"},\"query-input\":{\"@type\":\"PropertyValueSpecification\",\"valueRequired\":true,\"valueName\":\"search_term_string\"}}],\"inLanguage\":\"de\"},{\"@type\":\"Organization\",\"@id\":\"https:\/\/exceladvisor.org\/de\/#organization\",\"name\":\"Excel Advisor\",\"url\":\"https:\/\/exceladvisor.org\/de\/\",\"logo\":{\"@type\":\"ImageObject\",\"inLanguage\":\"de\",\"@id\":\"https:\/\/exceladvisor.org\/de\/#\/schema\/logo\/image\/\",\"url\":\"https:\/\/exceladvisor.org\/de\/wp-content\/uploads\/2023\/11\/exceladvisor.org_.png\",\"contentUrl\":\"https:\/\/exceladvisor.org\/de\/wp-content\/uploads\/2023\/11\/exceladvisor.org_.png\",\"width\":105,\"height\":36,\"caption\":\"Excel Advisor\"},\"image\":{\"@id\":\"https:\/\/exceladvisor.org\/de\/#\/schema\/logo\/image\/\"}}]}<\/script>\n<!-- \/ Yoast SEO plugin. -->","yoast_head_json":{"title":"Was ist der Unterschied zwischen Zeile und Spalte in Excel?","description":"Erfahren Sie den Unterschied zwischen einer Zeile und einer Spalte in Excel. Diese beiden Elemente geh\u00f6ren zu den Grundlagen von Excel ...","robots":{"index":"index","follow":"follow","max-snippet":"max-snippet:-1","max-image-preview":"max-image-preview:large","max-video-preview":"max-video-preview:-1"},"canonical":"https:\/\/exceladvisor.org\/de\/zeile-vs-spalte\/","og_locale":"de_DE","og_type":"article","og_title":"Was ist der Unterschied zwischen Zeile und Spalte in Excel?","og_description":"Erfahren Sie den Unterschied zwischen einer Zeile und einer Spalte in Excel. Diese beiden Elemente geh\u00f6ren zu den Grundlagen von Excel ...","og_url":"https:\/\/exceladvisor.org\/de\/zeile-vs-spalte\/","og_site_name":"Excel Advisor","article_modified_time":"2023-12-03T11:13:01+00:00","og_image":[{"url":"https:\/\/exceladvisor.org\/wp-content\/uploads\/2023\/08\/1-cellules-dans-une-feuille-Excel.png","type":"","width":"","height":""}],"twitter_card":"summary_large_image","twitter_misc":{"Gesch\u00e4tzte Lesezeit":"2\u00a0Minuten"},"schema":{"@context":"https:\/\/schema.org","@graph":[{"@type":"WebPage","@id":"https:\/\/exceladvisor.org\/de\/zeile-vs-spalte\/","url":"https:\/\/exceladvisor.org\/de\/zeile-vs-spalte\/","name":"Was ist der Unterschied zwischen Zeile und Spalte in Excel?","isPartOf":{"@id":"https:\/\/exceladvisor.org\/de\/#website"},"primaryImageOfPage":{"@id":"https:\/\/exceladvisor.org\/de\/zeile-vs-spalte\/#primaryimage"},"image":{"@id":"https:\/\/exceladvisor.org\/de\/zeile-vs-spalte\/#primaryimage"},"thumbnailUrl":"https:\/\/exceladvisor.org\/wp-content\/uploads\/2023\/08\/1-cellules-dans-une-feuille-Excel.png","datePublished":"2023-10-18T13:42:20+00:00","dateModified":"2023-12-03T11:13:01+00:00","description":"Erfahren Sie den Unterschied zwischen einer Zeile und einer Spalte in Excel. Diese beiden Elemente geh\u00f6ren zu den Grundlagen von Excel ...","breadcrumb":{"@id":"https:\/\/exceladvisor.org\/de\/zeile-vs-spalte\/#breadcrumb"},"inLanguage":"de","potentialAction":[{"@type":"ReadAction","target":["https:\/\/exceladvisor.org\/de\/zeile-vs-spalte\/"]}]},{"@type":"ImageObject","inLanguage":"de","@id":"https:\/\/exceladvisor.org\/de\/zeile-vs-spalte\/#primaryimage","url":"https:\/\/exceladvisor.org\/wp-content\/uploads\/2023\/08\/1-cellules-dans-une-feuille-Excel.png","contentUrl":"https:\/\/exceladvisor.org\/wp-content\/uploads\/2023\/08\/1-cellules-dans-une-feuille-Excel.png"},{"@type":"BreadcrumbList","@id":"https:\/\/exceladvisor.org\/de\/zeile-vs-spalte\/#breadcrumb","itemListElement":[{"@type":"ListItem","position":1,"name":"Accueil","item":"https:\/\/exceladvisor.org\/de\/"},{"@type":"ListItem","position":2,"name":"Unterschied zwischen zeile und spalte in excel"}]},{"@type":"WebSite","@id":"https:\/\/exceladvisor.org\/de\/#website","url":"https:\/\/exceladvisor.org\/de\/","name":"Excel Advisor","description":"Ihr Leitfaden zur Datendominanz","publisher":{"@id":"https:\/\/exceladvisor.org\/de\/#organization"},"potentialAction":[{"@type":"SearchAction","target":{"@type":"EntryPoint","urlTemplate":"https:\/\/exceladvisor.org\/de\/?s={search_term_string}"},"query-input":{"@type":"PropertyValueSpecification","valueRequired":true,"valueName":"search_term_string"}}],"inLanguage":"de"},{"@type":"Organization","@id":"https:\/\/exceladvisor.org\/de\/#organization","name":"Excel Advisor","url":"https:\/\/exceladvisor.org\/de\/","logo":{"@type":"ImageObject","inLanguage":"de","@id":"https:\/\/exceladvisor.org\/de\/#\/schema\/logo\/image\/","url":"https:\/\/exceladvisor.org\/de\/wp-content\/uploads\/2023\/11\/exceladvisor.org_.png","contentUrl":"https:\/\/exceladvisor.org\/de\/wp-content\/uploads\/2023\/11\/exceladvisor.org_.png","width":105,"height":36,"caption":"Excel Advisor"},"image":{"@id":"https:\/\/exceladvisor.org\/de\/#\/schema\/logo\/image\/"}}]}},"yoast_meta":{"yoast_wpseo_title":"","yoast_wpseo_metadesc":"","yoast_wpseo_canonical":""},"_links":{"self":[{"href":"https:\/\/exceladvisor.org\/de\/wp-json\/wp\/v2\/pages\/3583","targetHints":{"allow":["GET"]}}],"collection":[{"href":"https:\/\/exceladvisor.org\/de\/wp-json\/wp\/v2\/pages"}],"about":[{"href":"https:\/\/exceladvisor.org\/de\/wp-json\/wp\/v2\/types\/page"}],"author":[{"embeddable":true,"href":"https:\/\/exceladvisor.org\/de\/wp-json\/wp\/v2\/users\/1"}],"replies":[{"embeddable":true,"href":"https:\/\/exceladvisor.org\/de\/wp-json\/wp\/v2\/comments?post=3583"}],"version-history":[{"count":1,"href":"https:\/\/exceladvisor.org\/de\/wp-json\/wp\/v2\/pages\/3583\/revisions"}],"predecessor-version":[{"id":3802,"href":"https:\/\/exceladvisor.org\/de\/wp-json\/wp\/v2\/pages\/3583\/revisions\/3802"}],"wp:attachment":[{"href":"https:\/\/exceladvisor.org\/de\/wp-json\/wp\/v2\/media?parent=3583"}],"curies":[{"name":"wp","href":"https:\/\/api.w.org\/{rel}","templated":true}]}}