{"id":3584,"date":"2023-10-18T08:38:45","date_gmt":"2023-10-18T08:38:45","guid":{"rendered":"https:\/\/exceladvisor.org\/de\/arbeitsmappe-kopieren\/"},"modified":"2023-12-03T11:19:43","modified_gmt":"2023-12-03T11:19:43","slug":"arbeitsmappe-kopieren","status":"publish","type":"page","link":"https:\/\/exceladvisor.org\/de\/arbeitsmappe-kopieren\/","title":{"rendered":"Wie erstelle ich eine kopie der excel-arbeitsmappe?"},"content":{"rendered":"<div class=\"excel-vor-dem-inhalt\" id=\"excel-3900574278\"><script type=\"text\/javascript\">\r\n\tatOptions = {\r\n\t\t'key' : 'c1158f160081d6540a8409e6925dab94',\r\n\t\t'format' : 'iframe',\r\n\t\t'height' : 250,\r\n\t\t'width' : 300,\r\n\t\t'params' : {}\r\n\t};\r\n<\/script>\r\n<script type=\"text\/javascript\" src=\"\/\/www.highperformanceformat.com\/c1158f160081d6540a8409e6925dab94\/invoke.js\"><\/script><\/div> <p>In Excel ist es einfach, eine Kopie der vorhandenen Arbeitsmappe zu erstellen, und Sie m\u00fcssen keine komplexen Schritte ausf\u00fchren.<\/p><p> In diesem Tutorial lernen wir zwei einfache Methoden kennen, um eine exakte Kopie einer Excel-Datei zu erstellen.<\/p><h2 class=\"wp-block-heading\"> Eine Excel-Datei (Arbeitsmappe) kopieren und einf\u00fcgen. Eine Kopie erstellen<\/h2><ol><li> W\u00e4hlen Sie zun\u00e4chst die Datei aus, von der Sie eine Kopie erstellen m\u00f6chten. <br><img loading=\"lazy\" decoding=\"async\" title=\"1-Datei ausw\u00e4hlen\" src=\"https:\/\/exceladvisor.org\/wp-content\/uploads\/2023\/08\/1-selectionnez-le-fichier.png\" sizes=\"auto, \" srcset=\"\" alt=\"select-the-file\" width=\"672\" height=\"140\"><\/li><li> Verwenden Sie anschlie\u00dfend die <a href=\"https:\/\/exceladvisor.org\/de\/tastaturkurzel\/\">Tastenkombination<\/a> Strg + C, um diese Datei zu kopieren. <br><img loading=\"lazy\" decoding=\"async\" title=\"2-Kopie-Datei\" src=\"https:\/\/exceladvisor.org\/wp-content\/uploads\/2023\/08\/2-copier-le-fichier.png\" sizes=\"auto, \" srcset=\"\" alt=\"copy-the-file\" width=\"446\" height=\"158\"><\/li><li> Verwenden Sie anschlie\u00dfend die Tastenkombination Strg + V, um diese Datei am selben Speicherort einzuf\u00fcgen. <br><img loading=\"lazy\" decoding=\"async\" title=\"3-paste-file1\" src=\"https:\/\/exceladvisor.org\/wp-content\/uploads\/2023\/08\/3-coller-le-fichier1.png\" sizes=\"auto, \" srcset=\"\" alt=\"paste-the-file\" width=\"540\" height=\"166\"><\/li><li> \u00c4ndern Sie am Ende den Dateinamen und ersetzen Sie ihn durch die gew\u00fcnschte Angabe. <br><img loading=\"lazy\" decoding=\"async\" title=\"4-Dateinamen \u00e4ndern\" src=\"https:\/\/exceladvisor.org\/wp-content\/uploads\/2023\/08\/4-changer-le-nom-du-fichier.png\" sizes=\"auto, \" srcset=\"\" alt=\"change-the-file-name\" width=\"627\" height=\"154\"><\/li><\/ol><p> Dies ist der einfachste Weg, eine Kopie einer Excel-Arbeitsmappe zu erstellen. Wenn Sie eine Datei kopieren und am selben Speicherort einf\u00fcgen, erstellt Ihr System eine Kopie davon und f\u00fcgt dahinter das Wort \u201eKopieren\u201c hinzu.<\/p><h2 class=\"wp-block-heading\"> Als Kopie \u00f6ffnen und speichern<\/h2><p> Sie k\u00f6nnen auch zun\u00e4chst eine Excel-Datei \u00f6ffnen und dann eine Kopie davon erstellen.<\/p><ol><li> \u00d6ffnen Sie zun\u00e4chst Excel, gehen Sie zur Registerkarte \u201eDatei\u201c und klicken Sie auf die Option \u201e\u00d6ffnen\u201c. <br><img loading=\"lazy\" decoding=\"async\" title=\"5-\u00f6ffne-die-Excel-Datei\" src=\"https:\/\/exceladvisor.org\/wp-content\/uploads\/2023\/08\/5-ouvrir-le-fichier-excel.png\" sizes=\"auto, \" srcset=\"\" alt=\"open-the-excel-file\" width=\"177\" height=\"217\"><\/li><li> Suchen Sie anschlie\u00dfend die Datei und w\u00e4hlen Sie \u201eAls Kopie \u00f6ffnen\u201c aus der ge\u00f6ffneten Dropdown-Liste. <br><img loading=\"lazy\" decoding=\"async\" title=\"6-Als Kopie \u00f6ffnen ausw\u00e4hlen\" src=\"https:\/\/exceladvisor.org\/wp-content\/uploads\/2023\/08\/6-selectionnez-ouvrir-en-tant-que-copie.png\" sizes=\"auto, \" srcset=\"\" alt=\"select-open-as-copy\" width=\"391\" height=\"393\"><\/li><li> Gehen Sie nun erneut zur Registerkarte \u201eDatei\u201c und klicken Sie auf die Option \u201eSpeichern unter\u201c. <br><img loading=\"lazy\" decoding=\"async\" title=\"7-Speichern als Datei\" src=\"https:\/\/exceladvisor.org\/wp-content\/uploads\/2023\/08\/7-enregistrer-en-tant-que-fichier.png\" sizes=\"auto, \" srcset=\"\" alt=\"save-as-the-file\" width=\"422\" height=\"385\"><\/li><li> Benennen Sie am Ende die Datei und speichern Sie sie an dem Ort, an dem Sie sie speichern m\u00f6chten.<\/li><\/ol><div class=\"gb-container gb-container-4db6181c gb-container-mt\"> <a class=\"gb-button gb-button-c5897111 gb-button-text gb-button-mt-button\" href=\"https:\/\/exceladvisor.org\/de\/excel-grundlagen\/\">Microsoft Excel-Grundlagen (Komponenten, Teile und Wissenshinweise)<\/a><h2 class=\"gb-headline gb-headline-665e5f6b gb-headline-text gb-headline-mt-heading\"> Verwandte Tutorials <\/h2><div class=\"gb-grid-wrapper gb-grid-wrapper-a20baf7c gb-grid-wrapper-mt-grid\"><div class=\"gb-grid-column gb-grid-column-65ddf67e\"><div class=\"gb-container gb-container-65ddf67e\"><ul><li> <a href=\"https:\/\/exceladvisor.org\/de\/reparieren-sie-beschadigte-excel-dateien\/\">Besch\u00e4digte Excel-Datei reparieren<\/a><\/li><li> <a href=\"https:\/\/exceladvisor.org\/de\/nicht-gespeicherte-dateien-wiederherstellen\/\">Stellen Sie nicht gespeicherte Excel-Dateien wieder her, wenn Excel abst\u00fcrzt<\/a><\/li><li> <a href=\"https:\/\/exceladvisor.org\/de\/xlsx-in-csv\/\">Excel-Datei (Arbeitsmappe) im CSV-Format speichern (XLSX TO CSV)<\/a><\/li><li> <a href=\"https:\/\/exceladvisor.org\/de\/ausblenden-arbeitsmappe-anzeigen\/\">Eine Arbeitsmappe in Excel ein- und ausblenden<\/a><\/li><\/ul><\/div><\/div><\/div><\/div>","protected":false},"excerpt":{"rendered":"","protected":false},"author":1,"featured_media":0,"parent":0,"menu_order":0,"comment_status":"open","ping_status":"closed","template":"","meta":{"ub_ctt_via":"","footnotes":""},"class_list":["post-3584","page","type-page","status-publish","hentry"],"featured_image_src":null,"yoast_head":"<!-- This site is optimized with the Yoast SEO plugin v25.4 - https:\/\/yoast.com\/wordpress\/plugins\/seo\/ -->\n<title>Wie erstelle ich eine Kopie der Excel-Arbeitsmappe?<\/title>\n<meta name=\"description\" content=\"In diesem Tutorial erfahren Sie, wie Sie eine Kopie einer Excel-Datei erstellen. Wir werden dazu zwei verschiedene Methoden verwenden ...\" \/>\n<meta name=\"robots\" content=\"index, follow, max-snippet:-1, max-image-preview:large, max-video-preview:-1\" \/>\n<link rel=\"canonical\" href=\"https:\/\/exceladvisor.org\/de\/arbeitsmappe-kopieren\/\" \/>\n<meta property=\"og:locale\" content=\"de_DE\" \/>\n<meta property=\"og:type\" content=\"article\" \/>\n<meta property=\"og:title\" content=\"Wie erstelle ich eine Kopie der Excel-Arbeitsmappe?\" \/>\n<meta property=\"og:description\" content=\"In diesem Tutorial erfahren Sie, wie Sie eine Kopie einer Excel-Datei erstellen. Wir werden dazu zwei verschiedene Methoden verwenden ...\" \/>\n<meta property=\"og:url\" content=\"https:\/\/exceladvisor.org\/de\/arbeitsmappe-kopieren\/\" \/>\n<meta property=\"og:site_name\" content=\"Excel Advisor\" \/>\n<meta property=\"article:modified_time\" content=\"2023-12-03T11:19:43+00:00\" \/>\n<meta property=\"og:image\" content=\"https:\/\/exceladvisor.org\/wp-content\/uploads\/2023\/08\/1-selectionnez-le-fichier.png\" \/>\n<meta name=\"twitter:card\" content=\"summary_large_image\" \/>\n<meta name=\"twitter:label1\" content=\"Gesch\u00e4tzte Lesezeit\" \/>\n\t<meta name=\"twitter:data1\" content=\"1\u00a0Minute\" \/>\n<script type=\"application\/ld+json\" class=\"yoast-schema-graph\">{\"@context\":\"https:\/\/schema.org\",\"@graph\":[{\"@type\":\"WebPage\",\"@id\":\"https:\/\/exceladvisor.org\/de\/arbeitsmappe-kopieren\/\",\"url\":\"https:\/\/exceladvisor.org\/de\/arbeitsmappe-kopieren\/\",\"name\":\"Wie erstelle ich eine Kopie der Excel-Arbeitsmappe?\",\"isPartOf\":{\"@id\":\"https:\/\/exceladvisor.org\/de\/#website\"},\"primaryImageOfPage\":{\"@id\":\"https:\/\/exceladvisor.org\/de\/arbeitsmappe-kopieren\/#primaryimage\"},\"image\":{\"@id\":\"https:\/\/exceladvisor.org\/de\/arbeitsmappe-kopieren\/#primaryimage\"},\"thumbnailUrl\":\"https:\/\/exceladvisor.org\/wp-content\/uploads\/2023\/08\/1-selectionnez-le-fichier.png\",\"datePublished\":\"2023-10-18T08:38:45+00:00\",\"dateModified\":\"2023-12-03T11:19:43+00:00\",\"description\":\"In diesem Tutorial erfahren Sie, wie Sie eine Kopie einer Excel-Datei erstellen. Wir werden dazu zwei verschiedene Methoden verwenden ...\",\"breadcrumb\":{\"@id\":\"https:\/\/exceladvisor.org\/de\/arbeitsmappe-kopieren\/#breadcrumb\"},\"inLanguage\":\"de\",\"potentialAction\":[{\"@type\":\"ReadAction\",\"target\":[\"https:\/\/exceladvisor.org\/de\/arbeitsmappe-kopieren\/\"]}]},{\"@type\":\"ImageObject\",\"inLanguage\":\"de\",\"@id\":\"https:\/\/exceladvisor.org\/de\/arbeitsmappe-kopieren\/#primaryimage\",\"url\":\"https:\/\/exceladvisor.org\/wp-content\/uploads\/2023\/08\/1-selectionnez-le-fichier.png\",\"contentUrl\":\"https:\/\/exceladvisor.org\/wp-content\/uploads\/2023\/08\/1-selectionnez-le-fichier.png\"},{\"@type\":\"BreadcrumbList\",\"@id\":\"https:\/\/exceladvisor.org\/de\/arbeitsmappe-kopieren\/#breadcrumb\",\"itemListElement\":[{\"@type\":\"ListItem\",\"position\":1,\"name\":\"Accueil\",\"item\":\"https:\/\/exceladvisor.org\/de\/\"},{\"@type\":\"ListItem\",\"position\":2,\"name\":\"Wie erstelle ich eine kopie der excel-arbeitsmappe?\"}]},{\"@type\":\"WebSite\",\"@id\":\"https:\/\/exceladvisor.org\/de\/#website\",\"url\":\"https:\/\/exceladvisor.org\/de\/\",\"name\":\"Excel Advisor\",\"description\":\"Ihr Leitfaden zur Datendominanz\",\"publisher\":{\"@id\":\"https:\/\/exceladvisor.org\/de\/#organization\"},\"potentialAction\":[{\"@type\":\"SearchAction\",\"target\":{\"@type\":\"EntryPoint\",\"urlTemplate\":\"https:\/\/exceladvisor.org\/de\/?s={search_term_string}\"},\"query-input\":{\"@type\":\"PropertyValueSpecification\",\"valueRequired\":true,\"valueName\":\"search_term_string\"}}],\"inLanguage\":\"de\"},{\"@type\":\"Organization\",\"@id\":\"https:\/\/exceladvisor.org\/de\/#organization\",\"name\":\"Excel Advisor\",\"url\":\"https:\/\/exceladvisor.org\/de\/\",\"logo\":{\"@type\":\"ImageObject\",\"inLanguage\":\"de\",\"@id\":\"https:\/\/exceladvisor.org\/de\/#\/schema\/logo\/image\/\",\"url\":\"https:\/\/exceladvisor.org\/de\/wp-content\/uploads\/2023\/11\/exceladvisor.org_.png\",\"contentUrl\":\"https:\/\/exceladvisor.org\/de\/wp-content\/uploads\/2023\/11\/exceladvisor.org_.png\",\"width\":105,\"height\":36,\"caption\":\"Excel Advisor\"},\"image\":{\"@id\":\"https:\/\/exceladvisor.org\/de\/#\/schema\/logo\/image\/\"}}]}<\/script>\n<!-- \/ Yoast SEO plugin. -->","yoast_head_json":{"title":"Wie erstelle ich eine Kopie der Excel-Arbeitsmappe?","description":"In diesem Tutorial erfahren Sie, wie Sie eine Kopie einer Excel-Datei erstellen. Wir werden dazu zwei verschiedene Methoden verwenden ...","robots":{"index":"index","follow":"follow","max-snippet":"max-snippet:-1","max-image-preview":"max-image-preview:large","max-video-preview":"max-video-preview:-1"},"canonical":"https:\/\/exceladvisor.org\/de\/arbeitsmappe-kopieren\/","og_locale":"de_DE","og_type":"article","og_title":"Wie erstelle ich eine Kopie der Excel-Arbeitsmappe?","og_description":"In diesem Tutorial erfahren Sie, wie Sie eine Kopie einer Excel-Datei erstellen. Wir werden dazu zwei verschiedene Methoden verwenden ...","og_url":"https:\/\/exceladvisor.org\/de\/arbeitsmappe-kopieren\/","og_site_name":"Excel Advisor","article_modified_time":"2023-12-03T11:19:43+00:00","og_image":[{"url":"https:\/\/exceladvisor.org\/wp-content\/uploads\/2023\/08\/1-selectionnez-le-fichier.png","type":"","width":"","height":""}],"twitter_card":"summary_large_image","twitter_misc":{"Gesch\u00e4tzte Lesezeit":"1\u00a0Minute"},"schema":{"@context":"https:\/\/schema.org","@graph":[{"@type":"WebPage","@id":"https:\/\/exceladvisor.org\/de\/arbeitsmappe-kopieren\/","url":"https:\/\/exceladvisor.org\/de\/arbeitsmappe-kopieren\/","name":"Wie erstelle ich eine Kopie der Excel-Arbeitsmappe?","isPartOf":{"@id":"https:\/\/exceladvisor.org\/de\/#website"},"primaryImageOfPage":{"@id":"https:\/\/exceladvisor.org\/de\/arbeitsmappe-kopieren\/#primaryimage"},"image":{"@id":"https:\/\/exceladvisor.org\/de\/arbeitsmappe-kopieren\/#primaryimage"},"thumbnailUrl":"https:\/\/exceladvisor.org\/wp-content\/uploads\/2023\/08\/1-selectionnez-le-fichier.png","datePublished":"2023-10-18T08:38:45+00:00","dateModified":"2023-12-03T11:19:43+00:00","description":"In diesem Tutorial erfahren Sie, wie Sie eine Kopie einer Excel-Datei erstellen. Wir werden dazu zwei verschiedene Methoden verwenden ...","breadcrumb":{"@id":"https:\/\/exceladvisor.org\/de\/arbeitsmappe-kopieren\/#breadcrumb"},"inLanguage":"de","potentialAction":[{"@type":"ReadAction","target":["https:\/\/exceladvisor.org\/de\/arbeitsmappe-kopieren\/"]}]},{"@type":"ImageObject","inLanguage":"de","@id":"https:\/\/exceladvisor.org\/de\/arbeitsmappe-kopieren\/#primaryimage","url":"https:\/\/exceladvisor.org\/wp-content\/uploads\/2023\/08\/1-selectionnez-le-fichier.png","contentUrl":"https:\/\/exceladvisor.org\/wp-content\/uploads\/2023\/08\/1-selectionnez-le-fichier.png"},{"@type":"BreadcrumbList","@id":"https:\/\/exceladvisor.org\/de\/arbeitsmappe-kopieren\/#breadcrumb","itemListElement":[{"@type":"ListItem","position":1,"name":"Accueil","item":"https:\/\/exceladvisor.org\/de\/"},{"@type":"ListItem","position":2,"name":"Wie erstelle ich eine kopie der excel-arbeitsmappe?"}]},{"@type":"WebSite","@id":"https:\/\/exceladvisor.org\/de\/#website","url":"https:\/\/exceladvisor.org\/de\/","name":"Excel Advisor","description":"Ihr Leitfaden zur Datendominanz","publisher":{"@id":"https:\/\/exceladvisor.org\/de\/#organization"},"potentialAction":[{"@type":"SearchAction","target":{"@type":"EntryPoint","urlTemplate":"https:\/\/exceladvisor.org\/de\/?s={search_term_string}"},"query-input":{"@type":"PropertyValueSpecification","valueRequired":true,"valueName":"search_term_string"}}],"inLanguage":"de"},{"@type":"Organization","@id":"https:\/\/exceladvisor.org\/de\/#organization","name":"Excel Advisor","url":"https:\/\/exceladvisor.org\/de\/","logo":{"@type":"ImageObject","inLanguage":"de","@id":"https:\/\/exceladvisor.org\/de\/#\/schema\/logo\/image\/","url":"https:\/\/exceladvisor.org\/de\/wp-content\/uploads\/2023\/11\/exceladvisor.org_.png","contentUrl":"https:\/\/exceladvisor.org\/de\/wp-content\/uploads\/2023\/11\/exceladvisor.org_.png","width":105,"height":36,"caption":"Excel Advisor"},"image":{"@id":"https:\/\/exceladvisor.org\/de\/#\/schema\/logo\/image\/"}}]}},"yoast_meta":{"yoast_wpseo_title":"","yoast_wpseo_metadesc":"","yoast_wpseo_canonical":""},"_links":{"self":[{"href":"https:\/\/exceladvisor.org\/de\/wp-json\/wp\/v2\/pages\/3584","targetHints":{"allow":["GET"]}}],"collection":[{"href":"https:\/\/exceladvisor.org\/de\/wp-json\/wp\/v2\/pages"}],"about":[{"href":"https:\/\/exceladvisor.org\/de\/wp-json\/wp\/v2\/types\/page"}],"author":[{"embeddable":true,"href":"https:\/\/exceladvisor.org\/de\/wp-json\/wp\/v2\/users\/1"}],"replies":[{"embeddable":true,"href":"https:\/\/exceladvisor.org\/de\/wp-json\/wp\/v2\/comments?post=3584"}],"version-history":[{"count":1,"href":"https:\/\/exceladvisor.org\/de\/wp-json\/wp\/v2\/pages\/3584\/revisions"}],"predecessor-version":[{"id":3959,"href":"https:\/\/exceladvisor.org\/de\/wp-json\/wp\/v2\/pages\/3584\/revisions\/3959"}],"wp:attachment":[{"href":"https:\/\/exceladvisor.org\/de\/wp-json\/wp\/v2\/media?parent=3584"}],"curies":[{"name":"wp","href":"https:\/\/api.w.org\/{rel}","templated":true}]}}