{"id":3585,"date":"2023-10-18T05:22:43","date_gmt":"2023-10-18T05:22:43","guid":{"rendered":"https:\/\/exceladvisor.org\/de\/optionen\/"},"modified":"2023-12-03T13:04:36","modified_gmt":"2023-12-03T13:04:36","slug":"optionen","status":"publish","type":"page","link":"https:\/\/exceladvisor.org\/de\/optionen\/","title":{"rendered":"Wie \u00f6ffne ich excel-optionen unter windows und mac?"},"content":{"rendered":"<div class=\"excel-vor-dem-inhalt\" id=\"excel-1775541812\"><script type=\"text\/javascript\">\r\n\tatOptions = {\r\n\t\t'key' : 'c1158f160081d6540a8409e6925dab94',\r\n\t\t'format' : 'iframe',\r\n\t\t'height' : 250,\r\n\t\t'width' : 300,\r\n\t\t'params' : {}\r\n\t};\r\n<\/script>\r\n<script type=\"text\/javascript\" src=\"\/\/www.highperformanceformat.com\/c1158f160081d6540a8409e6925dab94\/invoke.js\"><\/script><\/div> <p>Auf dem Mac gibt es die Excel-Optionen unter dem Namen \u201eExcel-Einstellungen\u201c und unter Windows sind sie nur Optionen. <\/p><div class=\"wp-block-image\"><figure class=\"aligncenter size-full is-resized\"><img loading=\"lazy\" decoding=\"async\" class=\"wp-image-77787\" src=\"https:\/\/exceladvisor.org\/wp-content\/uploads\/2023\/08\/1-ouvrir-les-options-excel-dans-mac1.png\" sizes=\"auto, \" srcset=\"\" alt=\"Open-Excel-Optionen-in-Mac\" width=\"596\" height=\"666\"><\/figure><\/div><p> In diesem Tutorial sehen wir uns einfache Schritte zum \u00d6ffnen und Verwenden der Excel-Optionen auf Mac und Windows an.<\/p><h2 class=\"wp-block-heading\"> Schritte zum \u00d6ffnen der Excel-Optionen auf dem Mac<\/h2><ol><li> Klicken Sie zun\u00e4chst in der Men\u00fcleiste oben auf \u201eExcel\u201c. <br><img loading=\"lazy\" decoding=\"async\" title=\"2-Klicks-auf-die-Excel-Leiste-f\u00fcr-Mac\" src=\"https:\/\/exceladvisor.org\/wp-content\/uploads\/2023\/08\/2-clic-sur-la-barre-excel-pour-mac.png\" sizes=\"auto, \" srcset=\"\" alt=\"click-on-excel-bar-for-mac\" width=\"512\" height=\"183\"><\/li><li> Klicken Sie anschlie\u00dfend auf \u201eEinstellungen\u2026\u201c, um die Excel-Optionen zu \u00f6ffnen. <br><img loading=\"lazy\" decoding=\"async\" title=\"Einstellungen mit 3 Klicks\" src=\"https:\/\/exceladvisor.org\/wp-content\/uploads\/2023\/08\/3-cliquez-sur-preferences.png\" sizes=\"auto, \" srcset=\"\" alt=\"click-on-preferences\" width=\"507\" height=\"249\"><\/li><li> Klicken Sie dort auf die Kategorie, um die anderen darin enthaltenen Optionen zu \u00f6ffnen. <br><img loading=\"lazy\" decoding=\"async\" title=\"4-Klick-cayegory-zum-\u00f6ffnen-weiterer-Optionen\" src=\"https:\/\/exceladvisor.org\/wp-content\/uploads\/2023\/08\/4-cliquez-sur-caegory-pour-ouvrir-dautres-options.png\" sizes=\"auto, \" srcset=\"\" alt=\"click-category-to-open-further-options\" width=\"505\" height=\"291\"><\/li><li> Sobald Sie Ihre \u00c4nderungen vorgenommen haben (z. B. wenn Sie die Standardschriftart \u00e4ndern m\u00f6chten), klicken Sie zum Speichern und Schlie\u00dfen auf das Schlie\u00dfen-Symbol oben links. <br><img loading=\"lazy\" decoding=\"async\" title=\"5 Klicks auf das Schlie\u00dfen-Symbol\" src=\"https:\/\/exceladvisor.org\/wp-content\/uploads\/2023\/08\/5-cliquez-sur-licone-de-fermeture.png\" sizes=\"auto, \" srcset=\"\" alt=\"click-on-close-icon\" width=\"623\" height=\"437\"><\/li><\/ol><h2 class=\"wp-block-heading\"> Schritte zum \u00d6ffnen der Excel-Optionen in Windows<\/h2><ol><li> Gehen Sie zun\u00e4chst im Men\u00fcband zur Registerkarte \u201eDatei\u201c. <br><img loading=\"lazy\" decoding=\"async\" title=\"6-Open-Excel-Optionen-in-Windows\" src=\"https:\/\/exceladvisor.org\/wp-content\/uploads\/2023\/08\/6-options-Excel-ouvertes-dans-Windows.png\" sizes=\"auto, \" srcset=\"\" alt=\"open-excel-options-in-windows\" width=\"370\" height=\"229\"><\/li><li> Klicken Sie dort auf \u201eMehr\u201c und dann auf \u201eOptionen\u201c. <br><img loading=\"lazy\" decoding=\"async\" title=\"7-Klick-Datei-dann-Optionen\" src=\"https:\/\/exceladvisor.org\/wp-content\/uploads\/2023\/08\/7-cliquez-sur-fichier-puis-sur-options.png\" sizes=\"auto, \" srcset=\"\" alt=\"click-file-and-then-options\" width=\"317\" height=\"221\"><\/li><li> Klicken Sie dort auf die Registerkarte \u201eKategorie\u201c, um die anderen darin enthaltenen Optionen zu \u00f6ffnen. <br><img loading=\"lazy\" decoding=\"async\" title=\"8-Klicks-Kategorie, um andere Optionen zu erkunden\" src=\"https:\/\/exceladvisor.org\/wp-content\/uploads\/2023\/08\/8-cliquez-sur-la-categorie-pour-explorer-dautres-options.png\" sizes=\"auto, \" srcset=\"\" alt=\"click-category-to-explore-further-options\" width=\"508\" height=\"377\"><\/li><li> Sobald Sie Ihre \u00c4nderungen vorgenommen haben (z. B. wenn Sie das Farbthema des Desktops \u00e4ndern m\u00f6chten), klicken Sie unten rechts im Dialogfeld auf die Schaltfl\u00e4che \u201eOK\u201c. <br><img loading=\"lazy\" decoding=\"async\" title=\"9-Nach-\u00c4nderungen-Klick-Speichern\" src=\"https:\/\/exceladvisor.org\/wp-content\/uploads\/2023\/08\/9-apres-les-modifications-cliquez-sur-Enregistrer.png\" sizes=\"auto, \" srcset=\"\" alt=\"after-changes-click-save\" width=\"734\" height=\"394\"><\/li><\/ol><div class=\"gb-container gb-container-4db6181c gb-container-mt\"> <a class=\"gb-button gb-button-c5897111 gb-button-text gb-button-mt-button\" href=\"https:\/\/exceladvisor.org\/de\/excel-grundlagen\/\">Microsoft Excel-Grundlagen (Komponenten, Teile und Wissenshinweise)<\/a><h2 class=\"gb-headline gb-headline-665e5f6b gb-headline-text gb-headline-mt-heading\"> Verwandte Tutorials <\/h2><div class=\"gb-grid-wrapper gb-grid-wrapper-a20baf7c gb-grid-wrapper-mt-grid\"><div class=\"gb-grid-column gb-grid-column-65ddf67e\"><div class=\"gb-container gb-container-65ddf67e\"><ul><li> <a href=\"https:\/\/exceladvisor.org\/de\/vollig-rechtfertigen\/\">F\u00fcllen Sie \u201eAusrichten\u201c in Excel aus<\/a><\/li><li> <a href=\"https:\/\/exceladvisor.org\/de\/excel-formelleiste\/\">Formelleiste in Excel<\/a><\/li><li> <a href=\"https:\/\/exceladvisor.org\/de\/fugen-sie-eine-fusszeile-hinzu\/\">F\u00fcgen Sie in Excel eine Kopf- und Fu\u00dfzeile hinzu<\/a><\/li><li> <a href=\"https:\/\/exceladvisor.org\/de\/herrscher\/\">Lineal in Excel anzeigen<\/a><\/li><li> <a href=\"https:\/\/exceladvisor.org\/de\/fullgriff\/\">Handle in Excel ausf\u00fcllen<\/a><\/li><\/ul><\/div><\/div><\/div><\/div>","protected":false},"excerpt":{"rendered":"","protected":false},"author":1,"featured_media":0,"parent":0,"menu_order":0,"comment_status":"open","ping_status":"closed","template":"","meta":{"ub_ctt_via":"","footnotes":""},"class_list":["post-3585","page","type-page","status-publish","hentry"],"featured_image_src":null,"yoast_head":"<!-- This site is optimized with the Yoast SEO plugin v25.4 - https:\/\/yoast.com\/wordpress\/plugins\/seo\/ -->\n<title>Wie \u00f6ffne ich Excel-Optionen unter Windows und Mac?<\/title>\n<meta name=\"description\" content=\"Erfahren Sie, wie Sie Excel-Optionen in Windows- und Mac-Versionen von Excel \u00f6ffnen. Excel-Optionen decken viele Optionen ab ...\" \/>\n<meta name=\"robots\" content=\"index, follow, max-snippet:-1, max-image-preview:large, max-video-preview:-1\" \/>\n<link rel=\"canonical\" href=\"https:\/\/exceladvisor.org\/de\/optionen\/\" \/>\n<meta property=\"og:locale\" content=\"de_DE\" \/>\n<meta property=\"og:type\" content=\"article\" \/>\n<meta property=\"og:title\" content=\"Wie \u00f6ffne ich Excel-Optionen unter Windows und Mac?\" \/>\n<meta property=\"og:description\" content=\"Erfahren Sie, wie Sie Excel-Optionen in Windows- und Mac-Versionen von Excel \u00f6ffnen. Excel-Optionen decken viele Optionen ab ...\" \/>\n<meta property=\"og:url\" content=\"https:\/\/exceladvisor.org\/de\/optionen\/\" \/>\n<meta property=\"og:site_name\" content=\"Excel Advisor\" \/>\n<meta property=\"article:modified_time\" content=\"2023-12-03T13:04:36+00:00\" \/>\n<meta property=\"og:image\" content=\"https:\/\/exceladvisor.org\/wp-content\/uploads\/2023\/08\/1-ouvrir-les-options-excel-dans-mac1.png\" \/>\n<meta name=\"twitter:card\" content=\"summary_large_image\" \/>\n<meta name=\"twitter:label1\" content=\"Gesch\u00e4tzte Lesezeit\" \/>\n\t<meta name=\"twitter:data1\" content=\"1\u00a0Minute\" \/>\n<script type=\"application\/ld+json\" class=\"yoast-schema-graph\">{\"@context\":\"https:\/\/schema.org\",\"@graph\":[{\"@type\":\"WebPage\",\"@id\":\"https:\/\/exceladvisor.org\/de\/optionen\/\",\"url\":\"https:\/\/exceladvisor.org\/de\/optionen\/\",\"name\":\"Wie \u00f6ffne ich Excel-Optionen unter Windows und Mac?\",\"isPartOf\":{\"@id\":\"https:\/\/exceladvisor.org\/de\/#website\"},\"primaryImageOfPage\":{\"@id\":\"https:\/\/exceladvisor.org\/de\/optionen\/#primaryimage\"},\"image\":{\"@id\":\"https:\/\/exceladvisor.org\/de\/optionen\/#primaryimage\"},\"thumbnailUrl\":\"https:\/\/exceladvisor.org\/wp-content\/uploads\/2023\/08\/1-ouvrir-les-options-excel-dans-mac1.png\",\"datePublished\":\"2023-10-18T05:22:43+00:00\",\"dateModified\":\"2023-12-03T13:04:36+00:00\",\"description\":\"Erfahren Sie, wie Sie Excel-Optionen in Windows- und Mac-Versionen von Excel \u00f6ffnen. Excel-Optionen decken viele Optionen ab ...\",\"breadcrumb\":{\"@id\":\"https:\/\/exceladvisor.org\/de\/optionen\/#breadcrumb\"},\"inLanguage\":\"de\",\"potentialAction\":[{\"@type\":\"ReadAction\",\"target\":[\"https:\/\/exceladvisor.org\/de\/optionen\/\"]}]},{\"@type\":\"ImageObject\",\"inLanguage\":\"de\",\"@id\":\"https:\/\/exceladvisor.org\/de\/optionen\/#primaryimage\",\"url\":\"https:\/\/exceladvisor.org\/wp-content\/uploads\/2023\/08\/1-ouvrir-les-options-excel-dans-mac1.png\",\"contentUrl\":\"https:\/\/exceladvisor.org\/wp-content\/uploads\/2023\/08\/1-ouvrir-les-options-excel-dans-mac1.png\"},{\"@type\":\"BreadcrumbList\",\"@id\":\"https:\/\/exceladvisor.org\/de\/optionen\/#breadcrumb\",\"itemListElement\":[{\"@type\":\"ListItem\",\"position\":1,\"name\":\"Accueil\",\"item\":\"https:\/\/exceladvisor.org\/de\/\"},{\"@type\":\"ListItem\",\"position\":2,\"name\":\"Wie \u00f6ffne ich excel-optionen unter windows und mac?\"}]},{\"@type\":\"WebSite\",\"@id\":\"https:\/\/exceladvisor.org\/de\/#website\",\"url\":\"https:\/\/exceladvisor.org\/de\/\",\"name\":\"Excel Advisor\",\"description\":\"Ihr Leitfaden zur Datendominanz\",\"publisher\":{\"@id\":\"https:\/\/exceladvisor.org\/de\/#organization\"},\"potentialAction\":[{\"@type\":\"SearchAction\",\"target\":{\"@type\":\"EntryPoint\",\"urlTemplate\":\"https:\/\/exceladvisor.org\/de\/?s={search_term_string}\"},\"query-input\":{\"@type\":\"PropertyValueSpecification\",\"valueRequired\":true,\"valueName\":\"search_term_string\"}}],\"inLanguage\":\"de\"},{\"@type\":\"Organization\",\"@id\":\"https:\/\/exceladvisor.org\/de\/#organization\",\"name\":\"Excel Advisor\",\"url\":\"https:\/\/exceladvisor.org\/de\/\",\"logo\":{\"@type\":\"ImageObject\",\"inLanguage\":\"de\",\"@id\":\"https:\/\/exceladvisor.org\/de\/#\/schema\/logo\/image\/\",\"url\":\"https:\/\/exceladvisor.org\/de\/wp-content\/uploads\/2023\/11\/exceladvisor.org_.png\",\"contentUrl\":\"https:\/\/exceladvisor.org\/de\/wp-content\/uploads\/2023\/11\/exceladvisor.org_.png\",\"width\":105,\"height\":36,\"caption\":\"Excel Advisor\"},\"image\":{\"@id\":\"https:\/\/exceladvisor.org\/de\/#\/schema\/logo\/image\/\"}}]}<\/script>\n<!-- \/ Yoast SEO plugin. -->","yoast_head_json":{"title":"Wie \u00f6ffne ich Excel-Optionen unter Windows und Mac?","description":"Erfahren Sie, wie Sie Excel-Optionen in Windows- und Mac-Versionen von Excel \u00f6ffnen. Excel-Optionen decken viele Optionen ab ...","robots":{"index":"index","follow":"follow","max-snippet":"max-snippet:-1","max-image-preview":"max-image-preview:large","max-video-preview":"max-video-preview:-1"},"canonical":"https:\/\/exceladvisor.org\/de\/optionen\/","og_locale":"de_DE","og_type":"article","og_title":"Wie \u00f6ffne ich Excel-Optionen unter Windows und Mac?","og_description":"Erfahren Sie, wie Sie Excel-Optionen in Windows- und Mac-Versionen von Excel \u00f6ffnen. Excel-Optionen decken viele Optionen ab ...","og_url":"https:\/\/exceladvisor.org\/de\/optionen\/","og_site_name":"Excel Advisor","article_modified_time":"2023-12-03T13:04:36+00:00","og_image":[{"url":"https:\/\/exceladvisor.org\/wp-content\/uploads\/2023\/08\/1-ouvrir-les-options-excel-dans-mac1.png","type":"","width":"","height":""}],"twitter_card":"summary_large_image","twitter_misc":{"Gesch\u00e4tzte Lesezeit":"1\u00a0Minute"},"schema":{"@context":"https:\/\/schema.org","@graph":[{"@type":"WebPage","@id":"https:\/\/exceladvisor.org\/de\/optionen\/","url":"https:\/\/exceladvisor.org\/de\/optionen\/","name":"Wie \u00f6ffne ich Excel-Optionen unter Windows und Mac?","isPartOf":{"@id":"https:\/\/exceladvisor.org\/de\/#website"},"primaryImageOfPage":{"@id":"https:\/\/exceladvisor.org\/de\/optionen\/#primaryimage"},"image":{"@id":"https:\/\/exceladvisor.org\/de\/optionen\/#primaryimage"},"thumbnailUrl":"https:\/\/exceladvisor.org\/wp-content\/uploads\/2023\/08\/1-ouvrir-les-options-excel-dans-mac1.png","datePublished":"2023-10-18T05:22:43+00:00","dateModified":"2023-12-03T13:04:36+00:00","description":"Erfahren Sie, wie Sie Excel-Optionen in Windows- und Mac-Versionen von Excel \u00f6ffnen. Excel-Optionen decken viele Optionen ab ...","breadcrumb":{"@id":"https:\/\/exceladvisor.org\/de\/optionen\/#breadcrumb"},"inLanguage":"de","potentialAction":[{"@type":"ReadAction","target":["https:\/\/exceladvisor.org\/de\/optionen\/"]}]},{"@type":"ImageObject","inLanguage":"de","@id":"https:\/\/exceladvisor.org\/de\/optionen\/#primaryimage","url":"https:\/\/exceladvisor.org\/wp-content\/uploads\/2023\/08\/1-ouvrir-les-options-excel-dans-mac1.png","contentUrl":"https:\/\/exceladvisor.org\/wp-content\/uploads\/2023\/08\/1-ouvrir-les-options-excel-dans-mac1.png"},{"@type":"BreadcrumbList","@id":"https:\/\/exceladvisor.org\/de\/optionen\/#breadcrumb","itemListElement":[{"@type":"ListItem","position":1,"name":"Accueil","item":"https:\/\/exceladvisor.org\/de\/"},{"@type":"ListItem","position":2,"name":"Wie \u00f6ffne ich excel-optionen unter windows und mac?"}]},{"@type":"WebSite","@id":"https:\/\/exceladvisor.org\/de\/#website","url":"https:\/\/exceladvisor.org\/de\/","name":"Excel Advisor","description":"Ihr Leitfaden zur Datendominanz","publisher":{"@id":"https:\/\/exceladvisor.org\/de\/#organization"},"potentialAction":[{"@type":"SearchAction","target":{"@type":"EntryPoint","urlTemplate":"https:\/\/exceladvisor.org\/de\/?s={search_term_string}"},"query-input":{"@type":"PropertyValueSpecification","valueRequired":true,"valueName":"search_term_string"}}],"inLanguage":"de"},{"@type":"Organization","@id":"https:\/\/exceladvisor.org\/de\/#organization","name":"Excel Advisor","url":"https:\/\/exceladvisor.org\/de\/","logo":{"@type":"ImageObject","inLanguage":"de","@id":"https:\/\/exceladvisor.org\/de\/#\/schema\/logo\/image\/","url":"https:\/\/exceladvisor.org\/de\/wp-content\/uploads\/2023\/11\/exceladvisor.org_.png","contentUrl":"https:\/\/exceladvisor.org\/de\/wp-content\/uploads\/2023\/11\/exceladvisor.org_.png","width":105,"height":36,"caption":"Excel Advisor"},"image":{"@id":"https:\/\/exceladvisor.org\/de\/#\/schema\/logo\/image\/"}}]}},"yoast_meta":{"yoast_wpseo_title":"","yoast_wpseo_metadesc":"","yoast_wpseo_canonical":""},"_links":{"self":[{"href":"https:\/\/exceladvisor.org\/de\/wp-json\/wp\/v2\/pages\/3585","targetHints":{"allow":["GET"]}}],"collection":[{"href":"https:\/\/exceladvisor.org\/de\/wp-json\/wp\/v2\/pages"}],"about":[{"href":"https:\/\/exceladvisor.org\/de\/wp-json\/wp\/v2\/types\/page"}],"author":[{"embeddable":true,"href":"https:\/\/exceladvisor.org\/de\/wp-json\/wp\/v2\/users\/1"}],"replies":[{"embeddable":true,"href":"https:\/\/exceladvisor.org\/de\/wp-json\/wp\/v2\/comments?post=3585"}],"version-history":[{"count":1,"href":"https:\/\/exceladvisor.org\/de\/wp-json\/wp\/v2\/pages\/3585\/revisions"}],"predecessor-version":[{"id":4166,"href":"https:\/\/exceladvisor.org\/de\/wp-json\/wp\/v2\/pages\/3585\/revisions\/4166"}],"wp:attachment":[{"href":"https:\/\/exceladvisor.org\/de\/wp-json\/wp\/v2\/media?parent=3585"}],"curies":[{"name":"wp","href":"https:\/\/api.w.org\/{rel}","templated":true}]}}