{"id":3586,"date":"2023-10-18T04:39:54","date_gmt":"2023-10-18T04:39:54","guid":{"rendered":"https:\/\/exceladvisor.org\/de\/spalte-2\/"},"modified":"2023-12-03T11:13:19","modified_gmt":"2023-12-03T11:13:19","slug":"spalte-2","status":"publish","type":"page","link":"https:\/\/exceladvisor.org\/de\/spalte-2\/","title":{"rendered":"Was ist eine spalte in excel?"},"content":{"rendered":"<div class=\"excel-vor-dem-inhalt\" id=\"excel-66194401\"><script type=\"text\/javascript\">\r\n\tatOptions = {\r\n\t\t'key' : 'c1158f160081d6540a8409e6925dab94',\r\n\t\t'format' : 'iframe',\r\n\t\t'height' : 250,\r\n\t\t'width' : 300,\r\n\t\t'params' : {}\r\n\t};\r\n<\/script>\r\n<script type=\"text\/javascript\" src=\"\/\/www.highperformanceformat.com\/c1158f160081d6540a8409e6925dab94\/invoke.js\"><\/script><\/div> <p>Eine Spalte in Excel ist eine vertikale Ausrichtung von Zellen. Jede Spalte hat ihre eindeutige Adresse, die wie ein Alphabet beschriftet ist (von A bis XFD). Und es gibt mehr als eine Million Zellen in einer einzelnen Spalte und insgesamt 16384 Spalten in einem einzelnen Arbeitsblatt. <\/p><div class=\"wp-block-image\"><figure class=\"aligncenter size-full is-resized\"><img loading=\"lazy\" decoding=\"async\" class=\"wp-image-77894\" src=\"https:\/\/exceladvisor.org\/wp-content\/uploads\/2023\/08\/1-faisant-reference-a-la-communaute.png\" sizes=\"auto, \" srcset=\"\" alt=\"Verweis auf Spalte\" width=\"641\" height=\"469\"><\/figure><\/div><h2 class=\"wp-block-heading\"> W\u00e4hlen Sie eine Spalte aus<\/h2><p> Um eine Spalte auszuw\u00e4hlen, m\u00fcssen Sie nur auf die Spalten\u00fcberschrift klicken, in der sich das Spaltenalphabet befindet. Dadurch wird die gesamte Spalte von der ersten bis zur letzten Zelle ausgew\u00e4hlt. <\/p><div class=\"wp-block-image\"><figure class=\"aligncenter size-full is-resized\"><img loading=\"lazy\" decoding=\"async\" class=\"wp-image-77895\" src=\"https:\/\/exceladvisor.org\/wp-content\/uploads\/2023\/08\/2-se-referant-a-une-seule-colonne.png\" sizes=\"auto, \" srcset=\"\" alt=\"bezieht sich auf eine einzelne Spalte\" width=\"478\" height=\"296\"><\/figure><\/div><p> Eine andere M\u00f6glichkeit, eine ganze Spalte auszuw\u00e4hlen, ist die Verwendung der Tastenkombination. Nachdem Sie eine der Zellen in der Spalte ausgew\u00e4hlt haben, die Sie ausw\u00e4hlen m\u00f6chten, halten Sie die Steuertaste gedr\u00fcckt und dr\u00fccken Sie dann die Leertaste. Dadurch wird die gesamte Spalte ausgew\u00e4hlt.<\/p><p> <em><strong>Verwandt:<\/strong><\/em><mark class=\"has-inline-color\" style=\"background-color: #eafaeb;\"> <strong><em><a href=\"https:\/\/exceladvisor.org\/de\/tastaturkurzel\/\">Tastaturk\u00fcrzel f\u00fcr Excel (PDF-Spickzettel)<\/a><\/em><\/strong><\/mark><\/p><h2 class=\"wp-block-heading\"> Referenzieren Sie eine Spalte in Excel<\/h2><p> Wie gesagt und Sie k\u00f6nnen auch im Schnappschuss oben sehen, dass jede Spalte ihren eindeutigen Namen hat, der sich aus dem Alphabet zusammensetzt. Um nun auf eine Spalte zu verweisen, m\u00fcssen Sie deren Namen verwenden. Wenn Sie auf Spalte A verweisen m\u00f6chten, m\u00fcssen Sie deren Adresse als A:A verwenden. <\/p><div class=\"wp-block-image\"><figure class=\"aligncenter size-full is-resized\"><img loading=\"lazy\" decoding=\"async\" class=\"wp-image-77896\" src=\"https:\/\/exceladvisor.org\/wp-content\/uploads\/2023\/08\/3-se-referant-a-une-colonne-en-utilisant-ladresse.png\" sizes=\"auto, \" srcset=\"\" alt=\"Referenz-auf-eine-Spalte-mit-einer-Adresse\" width=\"502\" height=\"480\"><\/figure><\/div><p> Im obigen Beispiel k\u00f6nnen Sie sehen, dass wir uns auf Spalte A beziehen, indem wir ihre Adresse in der Summenfunktion verwenden. Wenn Sie nun auf mehrere Spalten verweisen m\u00f6chten, k\u00f6nnen Sie eine Adresse verwenden, die auf mehrere Spalten verweist. <\/p><div class=\"wp-block-image\"><figure class=\"aligncenter size-full is-resized\"><img loading=\"lazy\" decoding=\"async\" class=\"wp-image-77897\" src=\"https:\/\/exceladvisor.org\/wp-content\/uploads\/2023\/08\/4-faisant-reference-a-plusieurs-colonnes-adjacentes.png\" sizes=\"auto, \" srcset=\"\" alt=\"bezieht sich auf mehrere benachbarte Spalten\" width=\"517\" height=\"501\"><\/figure><\/div><p> Im obigen Beispiel beziehen wir uns nun auf die vier Spalten von A bis D und in der Adresse haben wir A:D verwendet, was von Spalte A bis Spalte D bedeutet. <\/p><div class=\"wp-block-image\"><figure class=\"aligncenter size-full is-resized\"><img loading=\"lazy\" decoding=\"async\" class=\"wp-image-77898\" src=\"https:\/\/exceladvisor.org\/wp-content\/uploads\/2023\/08\/5-se-referant-a-deux-colonnes-non-continues.png\" sizes=\"auto, \" srcset=\"\" alt=\"nicht kontinuierliche Zwei-Spalten-Referenz\" width=\"642\" height=\"463\"><\/figure><\/div><p> Und im obigen Beispiel beziehen wir uns auf zwei Spalten, die nicht fortlaufend sind, und wir haben sie verwendet, indem wir ihre Adresse separat mit einem Komma dazwischen verwenden.<\/p><h2 class=\"wp-block-heading\"> Was ist die letzte Spalte in Excel?<\/h2><p> Die letzte Spalte in Excel ist die XFD-Spalte. In einer einzelnen Tabelle gibt es 16384 Spalten. Diese Zahl ist festgelegt. Sie k\u00f6nnen einem einzelnen Arbeitsblatt keine weiteren Spalten hinzuf\u00fcgen. Wenn Sie weitere Daten hinzuf\u00fcgen m\u00f6chten, m\u00fcssen Sie <a href=\"https:\/\/exceladvisor.org\/de\/hinzufugen\/\" data-wpil=\"url\">ein neues Arbeitsblatt einf\u00fcgen<\/a> , das zus\u00e4tzlich 16384 Spalten enth\u00e4lt. <\/p><div class=\"wp-block-image\"><figure class=\"aligncenter size-full is-resized\"><img loading=\"lazy\" decoding=\"async\" class=\"wp-image-77899\" src=\"https:\/\/exceladvisor.org\/wp-content\/uploads\/2023\/08\/6-total-16384-colonnes.png\" sizes=\"auto, \" srcset=\"\" alt=\"insgesamt 16384 Spalten\" width=\"359\" height=\"209\"><\/figure><\/div><h2 class=\"wp-block-heading\"> Kann ich den Spaltennamen als Zahl haben?<\/h2><p> Ja, Sie k\u00f6nnen einen Spaltennamen als Zahl anstelle eines Alphabets verwenden. Dazu m\u00fcssen Sie den Referenzstil in R1C1 \u00e4ndern. <\/p><div class=\"wp-block-image\"><figure class=\"aligncenter size-full is-resized\"><img loading=\"lazy\" decoding=\"async\" class=\"wp-image-77900\" src=\"https:\/\/exceladvisor.org\/wp-content\/uploads\/2023\/08\/7-nom-de-colonne-sous-forme-de-nombre.png\" sizes=\"auto, \" srcset=\"\" alt=\"Spaltenname als Nummer\" width=\"451\" height=\"266\"><\/figure><\/div><p> Mit R1C1 k\u00f6nnen Sie die Spaltenreferenz \u00e4ndern, sodass Sie mithilfe einer Nummer auf eine Spalte verweisen k\u00f6nnen. Gehen Sie dazu auf die Registerkarte Datei \u279c <a href=\"https:\/\/exceladvisor.org\/de\/optionen\/\">Optionen<\/a> \u279c Mit Formeln arbeiten. Aktivieren Sie dann \u201eReferenzstil R1C1\u201c. <\/p><div class=\"wp-block-image\"><figure class=\"aligncenter size-full is-resized\"><img loading=\"lazy\" decoding=\"async\" class=\"wp-image-77901\" src=\"https:\/\/exceladvisor.org\/wp-content\/uploads\/2023\/08\/8-changer-la-reference-de-la-colonne.png\" sizes=\"auto, \" srcset=\"\" alt=\"Spaltenreferenz \u00e4ndern\" width=\"580\" height=\"448\"><\/figure><\/div><p> Aber bevor Sie zu diesem Thema \u00fcbergehen <a href=\"https:\/\/exceladvisor.org\/de\/r1c1\/\">, lesen Sie unbedingt dar\u00fcber<\/a> .<\/p><div class=\"gb-container gb-container-4db6181c gb-container-mt\"> <a class=\"gb-button gb-button-c5897111 gb-button-text gb-button-mt-button\" href=\"https:\/\/exceladvisor.org\/de\/excel-grundlagen\/\">Microsoft Excel-Grundlagen (Komponenten, Teile und Wissenshinweise)<\/a><h2 class=\"gb-headline gb-headline-665e5f6b gb-headline-text gb-headline-mt-heading\"> Verwandte Tutorials <\/h2><div class=\"gb-grid-wrapper gb-grid-wrapper-a20baf7c gb-grid-wrapper-mt-grid\"><div class=\"gb-grid-column gb-grid-column-50067b57\"><div class=\"gb-container gb-container-50067b57\"><ul><li> <a href=\"https:\/\/exceladvisor.org\/de\/zeile-2\/\">Zeile in Excel<\/a><\/li><li> <a href=\"https:\/\/exceladvisor.org\/de\/linien-anzeigen\/\">Zeilen in Excel anzeigen<\/a><\/li><li> <a href=\"https:\/\/exceladvisor.org\/de\/reichweite\/\">Bereich in Excel<\/a><\/li><li> <a href=\"https:\/\/exceladvisor.org\/de\/wahlen-sie-den-bereich-aus\/\">Bereich in Excel ausw\u00e4hlen<\/a><\/li><li> <a href=\"https:\/\/exceladvisor.org\/de\/aktive-zelle\/\">Zelle in Excel aktivieren<\/a><\/li><\/ul><\/div><\/div><\/div><\/div>","protected":false},"excerpt":{"rendered":"","protected":false},"author":1,"featured_media":0,"parent":0,"menu_order":0,"comment_status":"open","ping_status":"closed","template":"","meta":{"ub_ctt_via":"","footnotes":""},"class_list":["post-3586","page","type-page","status-publish","hentry"],"featured_image_src":null,"yoast_head":"<!-- This site is optimized with the Yoast SEO plugin v25.4 - https:\/\/yoast.com\/wordpress\/plugins\/seo\/ -->\n<title>Was ist eine Spalte in Excel? \u2013 Excel-Berater<\/title>\n<meta name=\"description\" content=\"Wenn Sie gerade erst mit dem Erlernen von Excel begonnen haben, hilft Ihnen dieses Tutorial dabei, einige wichtige Dinge \u00fcber Spalten zu verstehen ...\" \/>\n<meta name=\"robots\" content=\"index, follow, max-snippet:-1, max-image-preview:large, max-video-preview:-1\" \/>\n<link rel=\"canonical\" href=\"https:\/\/exceladvisor.org\/de\/spalte-2\/\" \/>\n<meta property=\"og:locale\" content=\"de_DE\" \/>\n<meta property=\"og:type\" content=\"article\" \/>\n<meta property=\"og:title\" content=\"Was ist eine Spalte in Excel? \u2013 Excel-Berater\" \/>\n<meta property=\"og:description\" content=\"Wenn Sie gerade erst mit dem Erlernen von Excel begonnen haben, hilft Ihnen dieses Tutorial dabei, einige wichtige Dinge \u00fcber Spalten zu verstehen ...\" \/>\n<meta property=\"og:url\" content=\"https:\/\/exceladvisor.org\/de\/spalte-2\/\" \/>\n<meta property=\"og:site_name\" content=\"Excel Advisor\" \/>\n<meta property=\"article:modified_time\" content=\"2023-12-03T11:13:19+00:00\" \/>\n<meta property=\"og:image\" content=\"https:\/\/exceladvisor.org\/wp-content\/uploads\/2023\/08\/1-faisant-reference-a-la-communaute.png\" \/>\n<meta name=\"twitter:card\" content=\"summary_large_image\" \/>\n<meta name=\"twitter:label1\" content=\"Gesch\u00e4tzte Lesezeit\" \/>\n\t<meta name=\"twitter:data1\" content=\"2\u00a0Minuten\" \/>\n<script type=\"application\/ld+json\" class=\"yoast-schema-graph\">{\"@context\":\"https:\/\/schema.org\",\"@graph\":[{\"@type\":\"WebPage\",\"@id\":\"https:\/\/exceladvisor.org\/de\/spalte-2\/\",\"url\":\"https:\/\/exceladvisor.org\/de\/spalte-2\/\",\"name\":\"Was ist eine Spalte in Excel? \u2013 Excel-Berater\",\"isPartOf\":{\"@id\":\"https:\/\/exceladvisor.org\/de\/#website\"},\"primaryImageOfPage\":{\"@id\":\"https:\/\/exceladvisor.org\/de\/spalte-2\/#primaryimage\"},\"image\":{\"@id\":\"https:\/\/exceladvisor.org\/de\/spalte-2\/#primaryimage\"},\"thumbnailUrl\":\"https:\/\/exceladvisor.org\/wp-content\/uploads\/2023\/08\/1-faisant-reference-a-la-communaute.png\",\"datePublished\":\"2023-10-18T04:39:54+00:00\",\"dateModified\":\"2023-12-03T11:13:19+00:00\",\"description\":\"Wenn Sie gerade erst mit dem Erlernen von Excel begonnen haben, hilft Ihnen dieses Tutorial dabei, einige wichtige Dinge \u00fcber Spalten zu verstehen ...\",\"breadcrumb\":{\"@id\":\"https:\/\/exceladvisor.org\/de\/spalte-2\/#breadcrumb\"},\"inLanguage\":\"de\",\"potentialAction\":[{\"@type\":\"ReadAction\",\"target\":[\"https:\/\/exceladvisor.org\/de\/spalte-2\/\"]}]},{\"@type\":\"ImageObject\",\"inLanguage\":\"de\",\"@id\":\"https:\/\/exceladvisor.org\/de\/spalte-2\/#primaryimage\",\"url\":\"https:\/\/exceladvisor.org\/wp-content\/uploads\/2023\/08\/1-faisant-reference-a-la-communaute.png\",\"contentUrl\":\"https:\/\/exceladvisor.org\/wp-content\/uploads\/2023\/08\/1-faisant-reference-a-la-communaute.png\"},{\"@type\":\"BreadcrumbList\",\"@id\":\"https:\/\/exceladvisor.org\/de\/spalte-2\/#breadcrumb\",\"itemListElement\":[{\"@type\":\"ListItem\",\"position\":1,\"name\":\"Accueil\",\"item\":\"https:\/\/exceladvisor.org\/de\/\"},{\"@type\":\"ListItem\",\"position\":2,\"name\":\"Was ist eine spalte in excel?\"}]},{\"@type\":\"WebSite\",\"@id\":\"https:\/\/exceladvisor.org\/de\/#website\",\"url\":\"https:\/\/exceladvisor.org\/de\/\",\"name\":\"Excel Advisor\",\"description\":\"Ihr Leitfaden zur Datendominanz\",\"publisher\":{\"@id\":\"https:\/\/exceladvisor.org\/de\/#organization\"},\"potentialAction\":[{\"@type\":\"SearchAction\",\"target\":{\"@type\":\"EntryPoint\",\"urlTemplate\":\"https:\/\/exceladvisor.org\/de\/?s={search_term_string}\"},\"query-input\":{\"@type\":\"PropertyValueSpecification\",\"valueRequired\":true,\"valueName\":\"search_term_string\"}}],\"inLanguage\":\"de\"},{\"@type\":\"Organization\",\"@id\":\"https:\/\/exceladvisor.org\/de\/#organization\",\"name\":\"Excel Advisor\",\"url\":\"https:\/\/exceladvisor.org\/de\/\",\"logo\":{\"@type\":\"ImageObject\",\"inLanguage\":\"de\",\"@id\":\"https:\/\/exceladvisor.org\/de\/#\/schema\/logo\/image\/\",\"url\":\"https:\/\/exceladvisor.org\/de\/wp-content\/uploads\/2023\/11\/exceladvisor.org_.png\",\"contentUrl\":\"https:\/\/exceladvisor.org\/de\/wp-content\/uploads\/2023\/11\/exceladvisor.org_.png\",\"width\":105,\"height\":36,\"caption\":\"Excel Advisor\"},\"image\":{\"@id\":\"https:\/\/exceladvisor.org\/de\/#\/schema\/logo\/image\/\"}}]}<\/script>\n<!-- \/ Yoast SEO plugin. -->","yoast_head_json":{"title":"Was ist eine Spalte in Excel? \u2013 Excel-Berater","description":"Wenn Sie gerade erst mit dem Erlernen von Excel begonnen haben, hilft Ihnen dieses Tutorial dabei, einige wichtige Dinge \u00fcber Spalten zu verstehen ...","robots":{"index":"index","follow":"follow","max-snippet":"max-snippet:-1","max-image-preview":"max-image-preview:large","max-video-preview":"max-video-preview:-1"},"canonical":"https:\/\/exceladvisor.org\/de\/spalte-2\/","og_locale":"de_DE","og_type":"article","og_title":"Was ist eine Spalte in Excel? \u2013 Excel-Berater","og_description":"Wenn Sie gerade erst mit dem Erlernen von Excel begonnen haben, hilft Ihnen dieses Tutorial dabei, einige wichtige Dinge \u00fcber Spalten zu verstehen ...","og_url":"https:\/\/exceladvisor.org\/de\/spalte-2\/","og_site_name":"Excel Advisor","article_modified_time":"2023-12-03T11:13:19+00:00","og_image":[{"url":"https:\/\/exceladvisor.org\/wp-content\/uploads\/2023\/08\/1-faisant-reference-a-la-communaute.png","type":"","width":"","height":""}],"twitter_card":"summary_large_image","twitter_misc":{"Gesch\u00e4tzte Lesezeit":"2\u00a0Minuten"},"schema":{"@context":"https:\/\/schema.org","@graph":[{"@type":"WebPage","@id":"https:\/\/exceladvisor.org\/de\/spalte-2\/","url":"https:\/\/exceladvisor.org\/de\/spalte-2\/","name":"Was ist eine Spalte in Excel? \u2013 Excel-Berater","isPartOf":{"@id":"https:\/\/exceladvisor.org\/de\/#website"},"primaryImageOfPage":{"@id":"https:\/\/exceladvisor.org\/de\/spalte-2\/#primaryimage"},"image":{"@id":"https:\/\/exceladvisor.org\/de\/spalte-2\/#primaryimage"},"thumbnailUrl":"https:\/\/exceladvisor.org\/wp-content\/uploads\/2023\/08\/1-faisant-reference-a-la-communaute.png","datePublished":"2023-10-18T04:39:54+00:00","dateModified":"2023-12-03T11:13:19+00:00","description":"Wenn Sie gerade erst mit dem Erlernen von Excel begonnen haben, hilft Ihnen dieses Tutorial dabei, einige wichtige Dinge \u00fcber Spalten zu verstehen ...","breadcrumb":{"@id":"https:\/\/exceladvisor.org\/de\/spalte-2\/#breadcrumb"},"inLanguage":"de","potentialAction":[{"@type":"ReadAction","target":["https:\/\/exceladvisor.org\/de\/spalte-2\/"]}]},{"@type":"ImageObject","inLanguage":"de","@id":"https:\/\/exceladvisor.org\/de\/spalte-2\/#primaryimage","url":"https:\/\/exceladvisor.org\/wp-content\/uploads\/2023\/08\/1-faisant-reference-a-la-communaute.png","contentUrl":"https:\/\/exceladvisor.org\/wp-content\/uploads\/2023\/08\/1-faisant-reference-a-la-communaute.png"},{"@type":"BreadcrumbList","@id":"https:\/\/exceladvisor.org\/de\/spalte-2\/#breadcrumb","itemListElement":[{"@type":"ListItem","position":1,"name":"Accueil","item":"https:\/\/exceladvisor.org\/de\/"},{"@type":"ListItem","position":2,"name":"Was ist eine spalte in excel?"}]},{"@type":"WebSite","@id":"https:\/\/exceladvisor.org\/de\/#website","url":"https:\/\/exceladvisor.org\/de\/","name":"Excel Advisor","description":"Ihr Leitfaden zur Datendominanz","publisher":{"@id":"https:\/\/exceladvisor.org\/de\/#organization"},"potentialAction":[{"@type":"SearchAction","target":{"@type":"EntryPoint","urlTemplate":"https:\/\/exceladvisor.org\/de\/?s={search_term_string}"},"query-input":{"@type":"PropertyValueSpecification","valueRequired":true,"valueName":"search_term_string"}}],"inLanguage":"de"},{"@type":"Organization","@id":"https:\/\/exceladvisor.org\/de\/#organization","name":"Excel Advisor","url":"https:\/\/exceladvisor.org\/de\/","logo":{"@type":"ImageObject","inLanguage":"de","@id":"https:\/\/exceladvisor.org\/de\/#\/schema\/logo\/image\/","url":"https:\/\/exceladvisor.org\/de\/wp-content\/uploads\/2023\/11\/exceladvisor.org_.png","contentUrl":"https:\/\/exceladvisor.org\/de\/wp-content\/uploads\/2023\/11\/exceladvisor.org_.png","width":105,"height":36,"caption":"Excel Advisor"},"image":{"@id":"https:\/\/exceladvisor.org\/de\/#\/schema\/logo\/image\/"}}]}},"yoast_meta":{"yoast_wpseo_title":"","yoast_wpseo_metadesc":"","yoast_wpseo_canonical":""},"_links":{"self":[{"href":"https:\/\/exceladvisor.org\/de\/wp-json\/wp\/v2\/pages\/3586","targetHints":{"allow":["GET"]}}],"collection":[{"href":"https:\/\/exceladvisor.org\/de\/wp-json\/wp\/v2\/pages"}],"about":[{"href":"https:\/\/exceladvisor.org\/de\/wp-json\/wp\/v2\/types\/page"}],"author":[{"embeddable":true,"href":"https:\/\/exceladvisor.org\/de\/wp-json\/wp\/v2\/users\/1"}],"replies":[{"embeddable":true,"href":"https:\/\/exceladvisor.org\/de\/wp-json\/wp\/v2\/comments?post=3586"}],"version-history":[{"count":1,"href":"https:\/\/exceladvisor.org\/de\/wp-json\/wp\/v2\/pages\/3586\/revisions"}],"predecessor-version":[{"id":3825,"href":"https:\/\/exceladvisor.org\/de\/wp-json\/wp\/v2\/pages\/3586\/revisions\/3825"}],"wp:attachment":[{"href":"https:\/\/exceladvisor.org\/de\/wp-json\/wp\/v2\/media?parent=3586"}],"curies":[{"name":"wp","href":"https:\/\/api.w.org\/{rel}","templated":true}]}}