{"id":3587,"date":"2023-10-18T03:07:27","date_gmt":"2023-10-18T03:07:27","guid":{"rendered":"https:\/\/exceladvisor.org\/de\/tastaturkurzel-1\/"},"modified":"2023-12-03T11:12:55","modified_gmt":"2023-12-03T11:12:55","slug":"tastaturkurzel-1","status":"publish","type":"page","link":"https:\/\/exceladvisor.org\/de\/tastaturkurzel-1\/","title":{"rendered":"Tastenkombinationen f\u00fcr pivot-tabellen in excel"},"content":{"rendered":"<div class=\"excel-vor-dem-inhalt\" id=\"excel-2916827585\"><script type=\"text\/javascript\">\r\n\tatOptions = {\r\n\t\t'key' : 'c1158f160081d6540a8409e6925dab94',\r\n\t\t'format' : 'iframe',\r\n\t\t'height' : 250,\r\n\t\t'width' : 300,\r\n\t\t'params' : {}\r\n\t};\r\n<\/script>\r\n<script type=\"text\/javascript\" src=\"\/\/www.highperformanceformat.com\/c1158f160081d6540a8409e6925dab94\/invoke.js\"><\/script><\/div> <p>Wir alle lieben Tastaturk\u00fcrzel. RECHTS? Hier habe ich einige der <a href=\"https:\/\/exceladvisor.org\/de\/tastaturkurzel\/\">gebr\u00e4uchlichen, aber n\u00fctzlichen<\/a> Tastaturk\u00fcrzel aufgelistet, mit denen Sie Ihre Pivot-Tabellenarbeit beschleunigen k\u00f6nnen.<\/p><h2 class=\"wp-block-heading\"> 1. Erstellen Sie eine Pivot-Tabelle<\/h2><p> <strong>Alt + N + V<\/strong><\/p><p> Um diese Tastenkombination zu verwenden, stellen Sie sicher, dass Sie die Quelldaten ausgew\u00e4hlt haben oder dass die aktive Zelle aus den Quelldaten stammt. Und wenn Sie die Excel 2007-Version verwenden, k\u00f6nnen Sie stattdessen Alt+N+V+T verwenden.<\/p><h2 class=\"wp-block-heading\"> 2. Ausgew\u00e4hlte Pivot-Tabellenelemente gruppieren bzw. die Gruppierung aufheben<\/h2><p> <strong>Alt + Umschalt + Rechtspfeil<\/strong><\/p><p> Nehmen wir an, Sie haben eine Pivot-Tabelle mit Monaten und m\u00f6chten die ersten sechs oder letzten sechs Monate gruppieren. Sie m\u00fcssen lediglich diese sechs Zellen ausw\u00e4hlen und einfach diese Tastenkombination verwenden.<\/p><p> <strong>Alt + Umschalt + Pfeil nach links<\/strong><\/p><p> Genauso wie Sie eine Gruppe von Elementen erstellen k\u00f6nnen, hilft Ihnen diese Verkn\u00fcpfung dabei, die Gruppierung dieser Elemente aus der Gruppe aufzuheben.<\/p><h2 class=\"wp-block-heading\"> 3. Blenden Sie das ausgew\u00e4hlte Element oder Feld aus<\/h2><p> <strong>Strg + \u2013<\/strong><\/p><p> Mit dieser Tastenkombination werden die ausgew\u00e4hlten Zellen einfach ausgeblendet. Tats\u00e4chlich wird die Zelle nicht ausgeblendet, sondern gefiltert, was Sie dann aus den Filteroptionen l\u00f6schen k\u00f6nnen.<\/p><h2 class=\"wp-block-heading\"> 4. \u00d6ffnen Sie das Fenster \u201eBerechnetes Feld\u201c.<\/h2><p> <strong>Alt + D und P<\/strong><\/p><p> Bei dieser Tastenkombination m\u00fcssen Sie die Tasten anschlie\u00dfend dr\u00fccken.<\/p><h2 class=\"wp-block-heading\"> 5. \u00d6ffnen Sie die Liste der Felder f\u00fcr die aktive Zelle<\/h2><p> <strong>Alt + Abw\u00e4rtspfeil<\/strong><\/p><p> Diese Taste \u00f6ffnet die Liste der Felder.<\/p><h2 class=\"wp-block-heading\"> (Bonus) F\u00fcgen Sie ein PivotChart aus einer PivotTable ein<\/h2><p> <strong>Alt+F1<\/strong><\/p><p> Um diese Tastenkombination zu verwenden, m\u00fcssen Sie eine Zelle in der Pivot-Tabelle ausw\u00e4hlen. Diese Taste f\u00fcgt eine Pivot-Tabelle in das vorhandene Blatt ein. <\/p><div class=\"wp-block-group main-page-bottom is-layout-flow\"><div class=\"wp-block-group__inner-container\"><h2 class=\"wp-block-heading\"> Erfahren Sie mehr \u00fcber Pivot-Tabellen<\/h2><ul><li> <a href=\"https:\/\/exceladvisor.org\/de\/pivot-tabelle-loschen\/\">L\u00f6schen Sie eine PivotTable in Excel<\/a><\/li><li> <a href=\"https:\/\/exceladvisor.org\/de\/bewegen-sie-den-pivot-tisch\/\">Verschieben Sie eine Pivot-Tabelle<\/a><\/li><li> <a href=\"https:\/\/exceladvisor.org\/de\/pivot-aus-mehreren-arbeitsblattern\/\" data-wpil=\"url\">Pivot-Tabelle aus mehreren Arbeitsbl\u00e4ttern<\/a><\/li><li> <a href=\"https:\/\/exceladvisor.org\/de\/pivot-tabelle-2\/\" data-wpil=\"url\">Pivot-Tabelle in Excel<\/a><\/li><\/ul><\/div><\/div>","protected":false},"excerpt":{"rendered":"","protected":false},"author":1,"featured_media":0,"parent":0,"menu_order":0,"comment_status":"open","ping_status":"closed","template":"","meta":{"ub_ctt_via":"","footnotes":""},"class_list":["post-3587","page","type-page","status-publish","hentry"],"featured_image_src":null,"yoast_head":"<!-- This site is optimized with the Yoast SEO plugin v25.4 - https:\/\/yoast.com\/wordpress\/plugins\/seo\/ -->\n<title>Tastenkombinationen f\u00fcr Pivot-Tabellen in Excel<\/title>\n<meta name=\"description\" content=\"In diesem Tutorial lernen Sie Tastaturk\u00fcrzel kennen, die Sie mit Pivot-Tabellen verwenden k\u00f6nnen.\" \/>\n<meta name=\"robots\" content=\"index, follow, max-snippet:-1, max-image-preview:large, max-video-preview:-1\" \/>\n<link rel=\"canonical\" href=\"https:\/\/exceladvisor.org\/de\/tastaturkurzel-1\/\" \/>\n<meta property=\"og:locale\" content=\"de_DE\" \/>\n<meta property=\"og:type\" content=\"article\" \/>\n<meta property=\"og:title\" content=\"Tastenkombinationen f\u00fcr Pivot-Tabellen in Excel\" \/>\n<meta property=\"og:description\" content=\"In diesem Tutorial lernen Sie Tastaturk\u00fcrzel kennen, die Sie mit Pivot-Tabellen verwenden k\u00f6nnen.\" \/>\n<meta property=\"og:url\" content=\"https:\/\/exceladvisor.org\/de\/tastaturkurzel-1\/\" \/>\n<meta property=\"og:site_name\" content=\"Excel Advisor\" \/>\n<meta property=\"article:modified_time\" content=\"2023-12-03T11:12:55+00:00\" \/>\n<meta name=\"twitter:card\" content=\"summary_large_image\" \/>\n<meta name=\"twitter:label1\" content=\"Gesch\u00e4tzte Lesezeit\" \/>\n\t<meta name=\"twitter:data1\" content=\"1\u00a0Minute\" \/>\n<script type=\"application\/ld+json\" class=\"yoast-schema-graph\">{\"@context\":\"https:\/\/schema.org\",\"@graph\":[{\"@type\":\"WebPage\",\"@id\":\"https:\/\/exceladvisor.org\/de\/tastaturkurzel-1\/\",\"url\":\"https:\/\/exceladvisor.org\/de\/tastaturkurzel-1\/\",\"name\":\"Tastenkombinationen f\u00fcr Pivot-Tabellen in Excel\",\"isPartOf\":{\"@id\":\"https:\/\/exceladvisor.org\/de\/#website\"},\"datePublished\":\"2023-10-18T03:07:27+00:00\",\"dateModified\":\"2023-12-03T11:12:55+00:00\",\"description\":\"In diesem Tutorial lernen Sie Tastaturk\u00fcrzel kennen, die Sie mit Pivot-Tabellen verwenden k\u00f6nnen.\",\"breadcrumb\":{\"@id\":\"https:\/\/exceladvisor.org\/de\/tastaturkurzel-1\/#breadcrumb\"},\"inLanguage\":\"de\",\"potentialAction\":[{\"@type\":\"ReadAction\",\"target\":[\"https:\/\/exceladvisor.org\/de\/tastaturkurzel-1\/\"]}]},{\"@type\":\"BreadcrumbList\",\"@id\":\"https:\/\/exceladvisor.org\/de\/tastaturkurzel-1\/#breadcrumb\",\"itemListElement\":[{\"@type\":\"ListItem\",\"position\":1,\"name\":\"Accueil\",\"item\":\"https:\/\/exceladvisor.org\/de\/\"},{\"@type\":\"ListItem\",\"position\":2,\"name\":\"Tastenkombinationen f\u00fcr pivot-tabellen in excel\"}]},{\"@type\":\"WebSite\",\"@id\":\"https:\/\/exceladvisor.org\/de\/#website\",\"url\":\"https:\/\/exceladvisor.org\/de\/\",\"name\":\"Excel Advisor\",\"description\":\"Ihr Leitfaden zur Datendominanz\",\"publisher\":{\"@id\":\"https:\/\/exceladvisor.org\/de\/#organization\"},\"potentialAction\":[{\"@type\":\"SearchAction\",\"target\":{\"@type\":\"EntryPoint\",\"urlTemplate\":\"https:\/\/exceladvisor.org\/de\/?s={search_term_string}\"},\"query-input\":{\"@type\":\"PropertyValueSpecification\",\"valueRequired\":true,\"valueName\":\"search_term_string\"}}],\"inLanguage\":\"de\"},{\"@type\":\"Organization\",\"@id\":\"https:\/\/exceladvisor.org\/de\/#organization\",\"name\":\"Excel Advisor\",\"url\":\"https:\/\/exceladvisor.org\/de\/\",\"logo\":{\"@type\":\"ImageObject\",\"inLanguage\":\"de\",\"@id\":\"https:\/\/exceladvisor.org\/de\/#\/schema\/logo\/image\/\",\"url\":\"https:\/\/exceladvisor.org\/de\/wp-content\/uploads\/2023\/11\/exceladvisor.org_.png\",\"contentUrl\":\"https:\/\/exceladvisor.org\/de\/wp-content\/uploads\/2023\/11\/exceladvisor.org_.png\",\"width\":105,\"height\":36,\"caption\":\"Excel Advisor\"},\"image\":{\"@id\":\"https:\/\/exceladvisor.org\/de\/#\/schema\/logo\/image\/\"}}]}<\/script>\n<!-- \/ Yoast SEO plugin. -->","yoast_head_json":{"title":"Tastenkombinationen f\u00fcr Pivot-Tabellen in Excel","description":"In diesem Tutorial lernen Sie Tastaturk\u00fcrzel kennen, die Sie mit Pivot-Tabellen verwenden k\u00f6nnen.","robots":{"index":"index","follow":"follow","max-snippet":"max-snippet:-1","max-image-preview":"max-image-preview:large","max-video-preview":"max-video-preview:-1"},"canonical":"https:\/\/exceladvisor.org\/de\/tastaturkurzel-1\/","og_locale":"de_DE","og_type":"article","og_title":"Tastenkombinationen f\u00fcr Pivot-Tabellen in Excel","og_description":"In diesem Tutorial lernen Sie Tastaturk\u00fcrzel kennen, die Sie mit Pivot-Tabellen verwenden k\u00f6nnen.","og_url":"https:\/\/exceladvisor.org\/de\/tastaturkurzel-1\/","og_site_name":"Excel Advisor","article_modified_time":"2023-12-03T11:12:55+00:00","twitter_card":"summary_large_image","twitter_misc":{"Gesch\u00e4tzte Lesezeit":"1\u00a0Minute"},"schema":{"@context":"https:\/\/schema.org","@graph":[{"@type":"WebPage","@id":"https:\/\/exceladvisor.org\/de\/tastaturkurzel-1\/","url":"https:\/\/exceladvisor.org\/de\/tastaturkurzel-1\/","name":"Tastenkombinationen f\u00fcr Pivot-Tabellen in Excel","isPartOf":{"@id":"https:\/\/exceladvisor.org\/de\/#website"},"datePublished":"2023-10-18T03:07:27+00:00","dateModified":"2023-12-03T11:12:55+00:00","description":"In diesem Tutorial lernen Sie Tastaturk\u00fcrzel kennen, die Sie mit Pivot-Tabellen verwenden k\u00f6nnen.","breadcrumb":{"@id":"https:\/\/exceladvisor.org\/de\/tastaturkurzel-1\/#breadcrumb"},"inLanguage":"de","potentialAction":[{"@type":"ReadAction","target":["https:\/\/exceladvisor.org\/de\/tastaturkurzel-1\/"]}]},{"@type":"BreadcrumbList","@id":"https:\/\/exceladvisor.org\/de\/tastaturkurzel-1\/#breadcrumb","itemListElement":[{"@type":"ListItem","position":1,"name":"Accueil","item":"https:\/\/exceladvisor.org\/de\/"},{"@type":"ListItem","position":2,"name":"Tastenkombinationen f\u00fcr pivot-tabellen in excel"}]},{"@type":"WebSite","@id":"https:\/\/exceladvisor.org\/de\/#website","url":"https:\/\/exceladvisor.org\/de\/","name":"Excel Advisor","description":"Ihr Leitfaden zur Datendominanz","publisher":{"@id":"https:\/\/exceladvisor.org\/de\/#organization"},"potentialAction":[{"@type":"SearchAction","target":{"@type":"EntryPoint","urlTemplate":"https:\/\/exceladvisor.org\/de\/?s={search_term_string}"},"query-input":{"@type":"PropertyValueSpecification","valueRequired":true,"valueName":"search_term_string"}}],"inLanguage":"de"},{"@type":"Organization","@id":"https:\/\/exceladvisor.org\/de\/#organization","name":"Excel Advisor","url":"https:\/\/exceladvisor.org\/de\/","logo":{"@type":"ImageObject","inLanguage":"de","@id":"https:\/\/exceladvisor.org\/de\/#\/schema\/logo\/image\/","url":"https:\/\/exceladvisor.org\/de\/wp-content\/uploads\/2023\/11\/exceladvisor.org_.png","contentUrl":"https:\/\/exceladvisor.org\/de\/wp-content\/uploads\/2023\/11\/exceladvisor.org_.png","width":105,"height":36,"caption":"Excel Advisor"},"image":{"@id":"https:\/\/exceladvisor.org\/de\/#\/schema\/logo\/image\/"}}]}},"yoast_meta":{"yoast_wpseo_title":"","yoast_wpseo_metadesc":"","yoast_wpseo_canonical":""},"_links":{"self":[{"href":"https:\/\/exceladvisor.org\/de\/wp-json\/wp\/v2\/pages\/3587","targetHints":{"allow":["GET"]}}],"collection":[{"href":"https:\/\/exceladvisor.org\/de\/wp-json\/wp\/v2\/pages"}],"about":[{"href":"https:\/\/exceladvisor.org\/de\/wp-json\/wp\/v2\/types\/page"}],"author":[{"embeddable":true,"href":"https:\/\/exceladvisor.org\/de\/wp-json\/wp\/v2\/users\/1"}],"replies":[{"embeddable":true,"href":"https:\/\/exceladvisor.org\/de\/wp-json\/wp\/v2\/comments?post=3587"}],"version-history":[{"count":1,"href":"https:\/\/exceladvisor.org\/de\/wp-json\/wp\/v2\/pages\/3587\/revisions"}],"predecessor-version":[{"id":3795,"href":"https:\/\/exceladvisor.org\/de\/wp-json\/wp\/v2\/pages\/3587\/revisions\/3795"}],"wp:attachment":[{"href":"https:\/\/exceladvisor.org\/de\/wp-json\/wp\/v2\/media?parent=3587"}],"curies":[{"name":"wp","href":"https:\/\/api.w.org\/{rel}","templated":true}]}}