{"id":3588,"date":"2023-10-18T02:34:04","date_gmt":"2023-10-18T02:34:04","guid":{"rendered":"https:\/\/exceladvisor.org\/de\/zeile-2\/"},"modified":"2023-12-03T11:13:19","modified_gmt":"2023-12-03T11:13:19","slug":"zeile-2","status":"publish","type":"page","link":"https:\/\/exceladvisor.org\/de\/zeile-2\/","title":{"rendered":"Was ist eine zeile in excel?"},"content":{"rendered":"<div class=\"excel-vor-dem-inhalt\" id=\"excel-2608825941\"><script type=\"text\/javascript\">\r\n\tatOptions = {\r\n\t\t'key' : 'c1158f160081d6540a8409e6925dab94',\r\n\t\t'format' : 'iframe',\r\n\t\t'height' : 250,\r\n\t\t'width' : 300,\r\n\t\t'params' : {}\r\n\t};\r\n<\/script>\r\n<script type=\"text\/javascript\" src=\"\/\/www.highperformanceformat.com\/c1158f160081d6540a8409e6925dab94\/invoke.js\"><\/script><\/div> <h2 class=\"wp-block-heading\">Zeile in Excel<\/h2><p> Eine Zeile in Excel ist eine horizontale Ausrichtung von Zellen und erstreckt sich von links nach rechts auf dem Arbeitsblatt. Jede Zeile wird durch die eindeutige Nummer auf der linken Seite ihres Anfangs identifiziert. Die Gesamtzahl der Zeilen in einem einzelnen Blatt betr\u00e4gt 1.048.576. <\/p><div class=\"wp-block-image\"><figure class=\"aligncenter size-full is-resized\"><img loading=\"lazy\" decoding=\"async\" class=\"wp-image-78175\" src=\"https:\/\/exceladvisor.org\/wp-content\/uploads\/2023\/08\/1-ligne1-dans-excel.png\" sizes=\"auto, \" srcset=\"\" alt=\"Zeile1 in Excel\" width=\"637\" height=\"269\"><\/figure><\/div><h2 class=\"wp-block-heading\"> W\u00e4hlen Sie eine Zeile aus<\/h2><p> Um eine Zeile auszuw\u00e4hlen, klicken Sie einfach auf den Zeilenkopf, in dem Sie einen numerischen Wert haben. Dann wird die gesamte Zeile von der ersten bis zur letzten Zelle ausgew\u00e4hlt. <\/p><div class=\"wp-block-image\"><figure class=\"aligncenter size-full is-resized\"><img loading=\"lazy\" decoding=\"async\" class=\"wp-image-78176\" src=\"https:\/\/exceladvisor.org\/wp-content\/uploads\/2023\/08\/2-selectionnez-la-ligne-de-len-tete.png\" sizes=\"auto, \" srcset=\"\" alt=\"Kopfzeile ausw\u00e4hlen\" width=\"608\" height=\"287\"><\/figure><\/div><p> Eine andere M\u00f6glichkeit, die gesamte Spalte auszuw\u00e4hlen, besteht darin, die Tastenkombination zu verwenden. W\u00e4hlen Sie zun\u00e4chst eine der Zellen in der Zeile aus, die Sie ausw\u00e4hlen m\u00f6chten. Halten Sie anschlie\u00dfend die Umschalttaste gedr\u00fcckt und dr\u00fccken Sie die Leertaste. Dadurch wird nun die gesamte Zeile ausgew\u00e4hlt.<\/p><h2 class=\"wp-block-heading\"> Referenzieren Sie eine Zeile in Excel<\/h2><p> Wie Sie im Schnappschuss oben sehen k\u00f6nnen, hat jede Zeile ihre eindeutige Nummer, die mit 1 beginnt. Und um auf eine Zeile zu verweisen, m\u00fcssen Sie ihre Nummer verwenden. Wenn Sie also auf eine Zeile 1 verweisen m\u00f6chten, sollten Sie diese Adresse als 2:2 verwenden. <\/p><div class=\"wp-block-image\"><figure class=\"aligncenter size-full is-resized\"><img loading=\"lazy\" decoding=\"async\" class=\"wp-image-78177\" src=\"https:\/\/exceladvisor.org\/wp-content\/uploads\/2023\/08\/3-referents-simple-rangee.png\" sizes=\"auto, \" srcset=\"\" alt=\"bezieht sich auf eine einzelne Zeile\" width=\"440\" height=\"364\"><\/figure><\/div><p> Im obigen Beispiel k\u00f6nnen Sie sehen, dass wir uns auf Zeile 1 beziehen, indem wir ihre Adresse in der Summenfunktion verwenden. Wenn Sie nun auf mehrere Zeilen verweisen m\u00f6chten, m\u00fcssen Sie eine Adresse verwenden, die auf mehrere Zeilen verweist. <\/p><div class=\"wp-block-image\"><figure class=\"aligncenter size-full is-resized\"><img loading=\"lazy\" decoding=\"async\" class=\"wp-image-78178\" src=\"https:\/\/exceladvisor.org\/wp-content\/uploads\/2023\/08\/4-se-referant-a-plusieurs-lignes-continues.png\" sizes=\"auto, \" srcset=\"\" alt=\"Referenz-mehrere-kontinuierliche-Linien\" width=\"453\" height=\"392\"><\/figure><\/div><p> Im obigen Beispiel beziehen wir uns auf die drei Zeilen von 2 bis 4 und in der Adresse haben wir die Summenfunktion (2:4) verwendet, also von Zeile 2 bis Zeile 4. <\/p><div class=\"wp-block-image\"><figure class=\"aligncenter size-full is-resized\"><img loading=\"lazy\" decoding=\"async\" class=\"wp-image-78179\" src=\"https:\/\/exceladvisor.org\/wp-content\/uploads\/2023\/08\/5-lignes-non-continues-referentes.png\" sizes=\"auto, \" srcset=\"\" alt=\"Nicht-durchgehende-Linien-Referenz\" width=\"462\" height=\"403\"><\/figure><\/div><p> Schlie\u00dflich beziehen wir uns auf drei nicht zusammenh\u00e4ngende Zeilen und um auf diese Zeilen zu verweisen, haben wir ihre Adresse separat verwendet, indem wir ein Komma dazwischen setzen.<\/p><h2 class=\"wp-block-heading\"> Was ist die letzte Zeile in Excel?<\/h2><p> In einer einzelnen Tabelle gibt es insgesamt 1.048.576 Zeilen. Und die letzte Zeilennummer in Excel ist 1.048.576. Diese Zahl ist festgelegt und Sie k\u00f6nnen einem Blatt keine weiteren Zeilen hinzuf\u00fcgen. Wenn Sie weitere Daten hinzuf\u00fcgen m\u00f6chten, m\u00fcssen Sie ein neues Arbeitsblatt einf\u00fcgen, das ebenfalls die gleiche Anzahl an Zeilen enth\u00e4lt. <\/p><div class=\"wp-block-image\"><figure class=\"aligncenter size-full is-resized\"><img loading=\"lazy\" decoding=\"async\" class=\"wp-image-78180\" src=\"https:\/\/exceladvisor.org\/wp-content\/uploads\/2023\/08\/6-derniere-ligne-dans-excel.png\" sizes=\"auto, \" srcset=\"\" alt=\"letzte Zeile in der Excel-Tabelle\" width=\"443\" height=\"191\"><\/figure><\/div><div class=\"gb-container gb-container-4db6181c gb-container-mt\"> <a class=\"gb-button gb-button-c5897111 gb-button-text gb-button-mt-button\" href=\"https:\/\/exceladvisor.org\/de\/excel-grundlagen\/\">Microsoft Excel-Grundlagen (Komponenten, Teile und Wissenshinweise)<\/a><h2 class=\"gb-headline gb-headline-665e5f6b gb-headline-text gb-headline-mt-heading\"> Verwandte Tutorials <\/h2><div class=\"gb-grid-wrapper gb-grid-wrapper-a20baf7c gb-grid-wrapper-mt-grid\"><div class=\"gb-grid-column gb-grid-column-50067b57\"><div class=\"gb-container gb-container-50067b57\"><ul><li> <a href=\"https:\/\/exceladvisor.org\/de\/spalte-2\/\">Was ist eine Spalte in Excel?<\/a><\/li><li> <a href=\"https:\/\/exceladvisor.org\/de\/linien-anzeigen\/\">Zeilen in Excel anzeigen<\/a><\/li><li> <a href=\"https:\/\/exceladvisor.org\/de\/reichweite\/\">Bereich in Excel<\/a><\/li><li> <a href=\"https:\/\/exceladvisor.org\/de\/wahlen-sie-den-bereich-aus\/\">Bereich in Excel ausw\u00e4hlen<\/a><\/li><li> <a href=\"https:\/\/exceladvisor.org\/de\/aktive-zelle\/\">Zelle in Excel aktivieren<\/a><\/li><\/ul><\/div><\/div><\/div><\/div>","protected":false},"excerpt":{"rendered":"","protected":false},"author":1,"featured_media":0,"parent":0,"menu_order":0,"comment_status":"open","ping_status":"closed","template":"","meta":{"ub_ctt_via":"","footnotes":""},"class_list":["post-3588","page","type-page","status-publish","hentry"],"featured_image_src":null,"yoast_head":"<!-- This site is optimized with the Yoast SEO plugin v25.4 - https:\/\/yoast.com\/wordpress\/plugins\/seo\/ -->\n<title>Was ist eine Zeile in Excel? \u2013 Excel-Berater<\/title>\n<meta name=\"description\" content=\"In diesem Tutorial erfahren wir etwas \u00fcber eine Zeile in Excel, was das ist und wie man in einer Funktion auf eine Zeile verweist.\" \/>\n<meta name=\"robots\" content=\"index, follow, max-snippet:-1, max-image-preview:large, max-video-preview:-1\" \/>\n<link rel=\"canonical\" href=\"https:\/\/exceladvisor.org\/de\/zeile-2\/\" \/>\n<meta property=\"og:locale\" content=\"de_DE\" \/>\n<meta property=\"og:type\" content=\"article\" \/>\n<meta property=\"og:title\" content=\"Was ist eine Zeile in Excel? \u2013 Excel-Berater\" \/>\n<meta property=\"og:description\" content=\"In diesem Tutorial erfahren wir etwas \u00fcber eine Zeile in Excel, was das ist und wie man in einer Funktion auf eine Zeile verweist.\" \/>\n<meta property=\"og:url\" content=\"https:\/\/exceladvisor.org\/de\/zeile-2\/\" \/>\n<meta property=\"og:site_name\" content=\"Excel Advisor\" \/>\n<meta property=\"article:modified_time\" content=\"2023-12-03T11:13:19+00:00\" \/>\n<meta property=\"og:image\" content=\"https:\/\/exceladvisor.org\/wp-content\/uploads\/2023\/08\/1-ligne1-dans-excel.png\" \/>\n<meta name=\"twitter:card\" content=\"summary_large_image\" \/>\n<meta name=\"twitter:label1\" content=\"Gesch\u00e4tzte Lesezeit\" \/>\n\t<meta name=\"twitter:data1\" content=\"2\u00a0Minuten\" \/>\n<script type=\"application\/ld+json\" class=\"yoast-schema-graph\">{\"@context\":\"https:\/\/schema.org\",\"@graph\":[{\"@type\":\"WebPage\",\"@id\":\"https:\/\/exceladvisor.org\/de\/zeile-2\/\",\"url\":\"https:\/\/exceladvisor.org\/de\/zeile-2\/\",\"name\":\"Was ist eine Zeile in Excel? \u2013 Excel-Berater\",\"isPartOf\":{\"@id\":\"https:\/\/exceladvisor.org\/de\/#website\"},\"primaryImageOfPage\":{\"@id\":\"https:\/\/exceladvisor.org\/de\/zeile-2\/#primaryimage\"},\"image\":{\"@id\":\"https:\/\/exceladvisor.org\/de\/zeile-2\/#primaryimage\"},\"thumbnailUrl\":\"https:\/\/exceladvisor.org\/wp-content\/uploads\/2023\/08\/1-ligne1-dans-excel.png\",\"datePublished\":\"2023-10-18T02:34:04+00:00\",\"dateModified\":\"2023-12-03T11:13:19+00:00\",\"description\":\"In diesem Tutorial erfahren wir etwas \u00fcber eine Zeile in Excel, was das ist und wie man in einer Funktion auf eine Zeile verweist.\",\"breadcrumb\":{\"@id\":\"https:\/\/exceladvisor.org\/de\/zeile-2\/#breadcrumb\"},\"inLanguage\":\"de\",\"potentialAction\":[{\"@type\":\"ReadAction\",\"target\":[\"https:\/\/exceladvisor.org\/de\/zeile-2\/\"]}]},{\"@type\":\"ImageObject\",\"inLanguage\":\"de\",\"@id\":\"https:\/\/exceladvisor.org\/de\/zeile-2\/#primaryimage\",\"url\":\"https:\/\/exceladvisor.org\/wp-content\/uploads\/2023\/08\/1-ligne1-dans-excel.png\",\"contentUrl\":\"https:\/\/exceladvisor.org\/wp-content\/uploads\/2023\/08\/1-ligne1-dans-excel.png\"},{\"@type\":\"BreadcrumbList\",\"@id\":\"https:\/\/exceladvisor.org\/de\/zeile-2\/#breadcrumb\",\"itemListElement\":[{\"@type\":\"ListItem\",\"position\":1,\"name\":\"Accueil\",\"item\":\"https:\/\/exceladvisor.org\/de\/\"},{\"@type\":\"ListItem\",\"position\":2,\"name\":\"Was ist eine zeile in excel?\"}]},{\"@type\":\"WebSite\",\"@id\":\"https:\/\/exceladvisor.org\/de\/#website\",\"url\":\"https:\/\/exceladvisor.org\/de\/\",\"name\":\"Excel Advisor\",\"description\":\"Ihr Leitfaden zur Datendominanz\",\"publisher\":{\"@id\":\"https:\/\/exceladvisor.org\/de\/#organization\"},\"potentialAction\":[{\"@type\":\"SearchAction\",\"target\":{\"@type\":\"EntryPoint\",\"urlTemplate\":\"https:\/\/exceladvisor.org\/de\/?s={search_term_string}\"},\"query-input\":{\"@type\":\"PropertyValueSpecification\",\"valueRequired\":true,\"valueName\":\"search_term_string\"}}],\"inLanguage\":\"de\"},{\"@type\":\"Organization\",\"@id\":\"https:\/\/exceladvisor.org\/de\/#organization\",\"name\":\"Excel Advisor\",\"url\":\"https:\/\/exceladvisor.org\/de\/\",\"logo\":{\"@type\":\"ImageObject\",\"inLanguage\":\"de\",\"@id\":\"https:\/\/exceladvisor.org\/de\/#\/schema\/logo\/image\/\",\"url\":\"https:\/\/exceladvisor.org\/de\/wp-content\/uploads\/2023\/11\/exceladvisor.org_.png\",\"contentUrl\":\"https:\/\/exceladvisor.org\/de\/wp-content\/uploads\/2023\/11\/exceladvisor.org_.png\",\"width\":105,\"height\":36,\"caption\":\"Excel Advisor\"},\"image\":{\"@id\":\"https:\/\/exceladvisor.org\/de\/#\/schema\/logo\/image\/\"}}]}<\/script>\n<!-- \/ Yoast SEO plugin. -->","yoast_head_json":{"title":"Was ist eine Zeile in Excel? \u2013 Excel-Berater","description":"In diesem Tutorial erfahren wir etwas \u00fcber eine Zeile in Excel, was das ist und wie man in einer Funktion auf eine Zeile verweist.","robots":{"index":"index","follow":"follow","max-snippet":"max-snippet:-1","max-image-preview":"max-image-preview:large","max-video-preview":"max-video-preview:-1"},"canonical":"https:\/\/exceladvisor.org\/de\/zeile-2\/","og_locale":"de_DE","og_type":"article","og_title":"Was ist eine Zeile in Excel? \u2013 Excel-Berater","og_description":"In diesem Tutorial erfahren wir etwas \u00fcber eine Zeile in Excel, was das ist und wie man in einer Funktion auf eine Zeile verweist.","og_url":"https:\/\/exceladvisor.org\/de\/zeile-2\/","og_site_name":"Excel Advisor","article_modified_time":"2023-12-03T11:13:19+00:00","og_image":[{"url":"https:\/\/exceladvisor.org\/wp-content\/uploads\/2023\/08\/1-ligne1-dans-excel.png","type":"","width":"","height":""}],"twitter_card":"summary_large_image","twitter_misc":{"Gesch\u00e4tzte Lesezeit":"2\u00a0Minuten"},"schema":{"@context":"https:\/\/schema.org","@graph":[{"@type":"WebPage","@id":"https:\/\/exceladvisor.org\/de\/zeile-2\/","url":"https:\/\/exceladvisor.org\/de\/zeile-2\/","name":"Was ist eine Zeile in Excel? \u2013 Excel-Berater","isPartOf":{"@id":"https:\/\/exceladvisor.org\/de\/#website"},"primaryImageOfPage":{"@id":"https:\/\/exceladvisor.org\/de\/zeile-2\/#primaryimage"},"image":{"@id":"https:\/\/exceladvisor.org\/de\/zeile-2\/#primaryimage"},"thumbnailUrl":"https:\/\/exceladvisor.org\/wp-content\/uploads\/2023\/08\/1-ligne1-dans-excel.png","datePublished":"2023-10-18T02:34:04+00:00","dateModified":"2023-12-03T11:13:19+00:00","description":"In diesem Tutorial erfahren wir etwas \u00fcber eine Zeile in Excel, was das ist und wie man in einer Funktion auf eine Zeile verweist.","breadcrumb":{"@id":"https:\/\/exceladvisor.org\/de\/zeile-2\/#breadcrumb"},"inLanguage":"de","potentialAction":[{"@type":"ReadAction","target":["https:\/\/exceladvisor.org\/de\/zeile-2\/"]}]},{"@type":"ImageObject","inLanguage":"de","@id":"https:\/\/exceladvisor.org\/de\/zeile-2\/#primaryimage","url":"https:\/\/exceladvisor.org\/wp-content\/uploads\/2023\/08\/1-ligne1-dans-excel.png","contentUrl":"https:\/\/exceladvisor.org\/wp-content\/uploads\/2023\/08\/1-ligne1-dans-excel.png"},{"@type":"BreadcrumbList","@id":"https:\/\/exceladvisor.org\/de\/zeile-2\/#breadcrumb","itemListElement":[{"@type":"ListItem","position":1,"name":"Accueil","item":"https:\/\/exceladvisor.org\/de\/"},{"@type":"ListItem","position":2,"name":"Was ist eine zeile in excel?"}]},{"@type":"WebSite","@id":"https:\/\/exceladvisor.org\/de\/#website","url":"https:\/\/exceladvisor.org\/de\/","name":"Excel Advisor","description":"Ihr Leitfaden zur Datendominanz","publisher":{"@id":"https:\/\/exceladvisor.org\/de\/#organization"},"potentialAction":[{"@type":"SearchAction","target":{"@type":"EntryPoint","urlTemplate":"https:\/\/exceladvisor.org\/de\/?s={search_term_string}"},"query-input":{"@type":"PropertyValueSpecification","valueRequired":true,"valueName":"search_term_string"}}],"inLanguage":"de"},{"@type":"Organization","@id":"https:\/\/exceladvisor.org\/de\/#organization","name":"Excel Advisor","url":"https:\/\/exceladvisor.org\/de\/","logo":{"@type":"ImageObject","inLanguage":"de","@id":"https:\/\/exceladvisor.org\/de\/#\/schema\/logo\/image\/","url":"https:\/\/exceladvisor.org\/de\/wp-content\/uploads\/2023\/11\/exceladvisor.org_.png","contentUrl":"https:\/\/exceladvisor.org\/de\/wp-content\/uploads\/2023\/11\/exceladvisor.org_.png","width":105,"height":36,"caption":"Excel Advisor"},"image":{"@id":"https:\/\/exceladvisor.org\/de\/#\/schema\/logo\/image\/"}}]}},"yoast_meta":{"yoast_wpseo_title":"","yoast_wpseo_metadesc":"","yoast_wpseo_canonical":""},"_links":{"self":[{"href":"https:\/\/exceladvisor.org\/de\/wp-json\/wp\/v2\/pages\/3588","targetHints":{"allow":["GET"]}}],"collection":[{"href":"https:\/\/exceladvisor.org\/de\/wp-json\/wp\/v2\/pages"}],"about":[{"href":"https:\/\/exceladvisor.org\/de\/wp-json\/wp\/v2\/types\/page"}],"author":[{"embeddable":true,"href":"https:\/\/exceladvisor.org\/de\/wp-json\/wp\/v2\/users\/1"}],"replies":[{"embeddable":true,"href":"https:\/\/exceladvisor.org\/de\/wp-json\/wp\/v2\/comments?post=3588"}],"version-history":[{"count":1,"href":"https:\/\/exceladvisor.org\/de\/wp-json\/wp\/v2\/pages\/3588\/revisions"}],"predecessor-version":[{"id":3826,"href":"https:\/\/exceladvisor.org\/de\/wp-json\/wp\/v2\/pages\/3588\/revisions\/3826"}],"wp:attachment":[{"href":"https:\/\/exceladvisor.org\/de\/wp-json\/wp\/v2\/media?parent=3588"}],"curies":[{"name":"wp","href":"https:\/\/api.w.org\/{rel}","templated":true}]}}