{"id":3589,"date":"2023-10-18T00:33:31","date_gmt":"2023-10-18T00:33:31","guid":{"rendered":"https:\/\/exceladvisor.org\/de\/linien-anzeigen\/"},"modified":"2023-12-03T13:06:10","modified_gmt":"2023-12-03T13:06:10","slug":"linien-anzeigen","status":"publish","type":"page","link":"https:\/\/exceladvisor.org\/de\/linien-anzeigen\/","title":{"rendered":"Wie zeige ich zeilen in excel an?"},"content":{"rendered":"<div class=\"excel-vor-dem-inhalt\" id=\"excel-2856674302\"><script type=\"text\/javascript\">\r\n\tatOptions = {\r\n\t\t'key' : 'c1158f160081d6540a8409e6925dab94',\r\n\t\t'format' : 'iframe',\r\n\t\t'height' : 250,\r\n\t\t'width' : 300,\r\n\t\t'params' : {}\r\n\t};\r\n<\/script>\r\n<script type=\"text\/javascript\" src=\"\/\/www.highperformanceformat.com\/c1158f160081d6540a8409e6925dab94\/invoke.js\"><\/script><\/div> <p>In diesem Tutorial erfahren Sie, wie Sie einzelne und mehrere Zeilen (kontinuierlich und nicht kontinuierlich) in Excel anzeigen.<\/p><h2 id=\"h-steps-to-unhide-a-single-row\" class=\"wp-block-heading\"> Schritte zum Anzeigen einer einzelnen Zeile<\/h2><p> Sie k\u00f6nnen die folgenden Schritte verwenden:<\/p><ol type=\"1\"><li> Zuerst m\u00fcssen Sie die fehlende Zeilennummer im Zeilenkopf finden.<\/li><li> Bewegen Sie anschlie\u00dfend Ihren Cursor \u00fcber die ausgeblendete Zeilennummer und es wird Ihnen das Ziehzeichen angezeigt.<\/li><li> Klicken Sie dann darauf und halten Sie die Maus gedr\u00fcckt.<\/li><li> Und wenn Sie es gedr\u00fcckt halten, erweitern Sie die verborgene Linie. Sie k\u00f6nnen diese verborgene Linie sehen. <\/li><\/ol><div class=\"wp-block-image\"><figure class=\"aligncenter size-full is-resized\"><img loading=\"lazy\" decoding=\"async\" class=\"wp-image-79053\" src=\"https:\/\/exceladvisor.org\/wp-content\/uploads\/2023\/08\/gif-afficher-une-seule-ligne.gif\" sizes=\"auto, \" srcset=\"\" alt=\"Einzelne Zeile anzeigen\" width=\"571\" height=\"371\"><\/figure><\/div><p> Sie k\u00f6nnen diese Zeile jedoch auch \u201eeinblenden\u201c, indem Sie mit der rechten Maustaste auf den Zwischenraum zwischen den Zeilen klicken. <\/p><div class=\"wp-block-image\"><figure class=\"aligncenter size-full is-resized\"><img loading=\"lazy\" decoding=\"async\" class=\"wp-image-79054\" src=\"https:\/\/exceladvisor.org\/wp-content\/uploads\/2023\/08\/1-clic-droit-dessus-1.png\" sizes=\"auto, \" srcset=\"\" alt=\"Klicken Sie mit der rechten Maustaste darauf\" width=\"284\" height=\"292\"><\/figure><\/div><p> Klicken Sie dann auf die Option \u201eAnzeigen\u201c, um die ausgeblendete Zeile anzuzeigen. <\/p><div class=\"wp-block-image\"><figure class=\"aligncenter size-full is-resized\"><img loading=\"lazy\" decoding=\"async\" class=\"wp-image-79055\" src=\"https:\/\/exceladvisor.org\/wp-content\/uploads\/2023\/08\/2-cliquez-sur-afficher-pour-afficher-la-ligne.png\" sizes=\"auto, \" srcset=\"\" alt=\"Click-Show-to-Show-Zeile\" width=\"275\" height=\"480\"><\/figure><\/div><h2 id=\"h-unhide-the-multiple-continues-rows\" class=\"wp-block-heading\"> Mehrere durchgezogene Linien anzeigen<\/h2><p> Wenn Sie mehrere durchgezogene Linien gleichzeitig anzeigen m\u00f6chten, gehen Sie folgenderma\u00dfen vor:<\/p><ul><li> Auch hier besteht der erste Schritt darin, den Bereich der ausgeblendeten Zeilen im Arbeitsblatt zu ermitteln. <\/li><\/ul><div class=\"wp-block-image\"><figure class=\"aligncenter size-full is-resized\"><img loading=\"lazy\" decoding=\"async\" class=\"wp-image-79056\" src=\"https:\/\/exceladvisor.org\/wp-content\/uploads\/2023\/08\/3-lignes-multiples-manquantes.png\" sizes=\"auto, \" srcset=\"\" alt=\"mehrere Zeilen fehlen\" width=\"543\" height=\"204\"><\/figure><\/div><ul><li> W\u00e4hlen Sie in Zukunft die einzelne Zeile \u00fcber den ausgeblendeten Zeilen aus und halten Sie dann die Umschalttaste gedr\u00fcckt, um eine andere Zeile unter den ausgeblendeten Zeilen aus der Zeilen\u00fcberschrift auszuw\u00e4hlen. <\/li><\/ul><div class=\"wp-block-image\"><figure class=\"aligncenter size-full is-resized\"><img loading=\"lazy\" decoding=\"async\" class=\"wp-image-79057\" src=\"https:\/\/exceladvisor.org\/wp-content\/uploads\/2023\/08\/4-au-dessus-et-au-dessous-de-la-ligne.png\" sizes=\"auto, \" srcset=\"\" alt=\"W\u00e4hlen Sie oberhalb und unterhalb der Zeile aus\" width=\"558\" height=\"236\"><\/figure><\/div><ul><li> Klicken Sie anschlie\u00dfend mit der rechten Maustaste auf eine der ausgew\u00e4hlten Zeilen und w\u00e4hlen Sie dort die Option \u201eAnzeigen\u201c. <\/li><\/ul><div class=\"wp-block-image\"><figure class=\"aligncenter size-full is-resized\"><img loading=\"lazy\" decoding=\"async\" class=\"wp-image-79058\" src=\"https:\/\/exceladvisor.org\/wp-content\/uploads\/2023\/08\/5-clic-droit-et-afficher.png\" sizes=\"auto, \" srcset=\"\" alt=\"Rechtsklick und Anzeige\" width=\"436\" height=\"504\"><\/figure><\/div><ul><li> Jetzt sind alle Daten auf dem Blatt sichtbar, wenn die mehreren ausgeblendeten Zeilen wieder eingeblendet wurden. <\/li><\/ul><div class=\"wp-block-image\"><figure class=\"aligncenter size-full is-resized\"><img loading=\"lazy\" decoding=\"async\" class=\"wp-image-79059\" src=\"https:\/\/exceladvisor.org\/wp-content\/uploads\/2023\/08\/6-toutes-les-lignes-masquees.png\" sizes=\"auto, \" srcset=\"\" alt=\"alle Zeilen ausgeblendet\" width=\"553\" height=\"339\"><\/figure><\/div><p class=\"mynote\"> Wenn Sie die einzige ausgeblendete Zeile unter mehreren Zeilen anzeigen m\u00f6chten, platzieren Sie den Cursor auf der ausgeblendeten Zeilen\u00fcberschrift. Danach doppelklicken Sie darauf und es wird Ihnen die zuvor ausgeblendete einzelne Zeile angezeigt. Auf diese Weise k\u00f6nnen Sie die Zeilen einzeln anzeigen.<\/p><h2 id=\"h-unhide-all-rows-from-the-worksheet\" class=\"wp-block-heading\"> Alle Zeilen im Arbeitsblatt anzeigen<\/h2><p> Es ist sehr interessant, alle Zeilen der gesamten Tabelle anzuzeigen. Da es Ihnen Zeit und M\u00fche spart. Sie k\u00f6nnen die folgenden Schritte verwenden:<\/p><ul><li> Scannen Sie zun\u00e4chst alle verdeckten Zeilen in der Kopfzeile. <\/li><\/ul><div class=\"wp-block-image\"><figure class=\"aligncenter size-full is-resized\"><img loading=\"lazy\" decoding=\"async\" class=\"wp-image-79060\" src=\"https:\/\/exceladvisor.org\/wp-content\/uploads\/2023\/08\/7-toutes-les-lignes-masquees-de-la-feuille.png\" sizes=\"auto, \" srcset=\"\" alt=\"alle ausgeblendeten Zeilen auf dem Blatt\" width=\"638\" height=\"213\"><\/figure><\/div><ul><li> Gehen Sie anschlie\u00dfend zum <a href=\"https:\/\/exceladvisor.org\/de\/schleife\/\">Excel-Men\u00fcband<\/a> \u21e2 Registerkarte \u201eStartseite\u201c \u21e2 Format. <\/li><\/ul><div class=\"wp-block-image\"><figure class=\"aligncenter size-full is-resized\"><img loading=\"lazy\" decoding=\"async\" class=\"wp-image-79061\" src=\"https:\/\/exceladvisor.org\/wp-content\/uploads\/2023\/08\/8-cliquez-sur-format-selectionner-masquer-afficher.png\" sizes=\"auto, \" srcset=\"\" alt=\"Klicken Sie auf Format, w\u00e4hlen Sie es aus und zeigen Sie es an\" width=\"772\" height=\"429\"><\/figure><\/div><ul><li> W\u00e4hlen Sie als N\u00e4chstes das gesamte Blatt aus und klicken Sie in der Dropdown-Liste \u201eEin- und Ausblenden\u201c auf die Option \u201eZeilen anzeigen\u201c. <\/li><\/ul><div class=\"wp-block-image\"><figure class=\"aligncenter size-full is-resized\"><img loading=\"lazy\" decoding=\"async\" class=\"wp-image-79062\" src=\"https:\/\/exceladvisor.org\/wp-content\/uploads\/2023\/08\/9-selectionnez-la-feuille-entiere-cliquez-sur-afficher-les-lignes.png\" sizes=\"auto, \" srcset=\"\" alt=\"Gesamtes Blatt ausw\u00e4hlen, Zeilen anklicken\" width=\"356\" height=\"448\"><\/figure><\/div><ul><li> Sobald Sie darauf klicken, werden alle ausgeblendeten Zeilen im Arbeitsblatt wiederhergestellt. <\/li><\/ul><div class=\"wp-block-image\"><figure class=\"aligncenter size-full is-resized\"><img loading=\"lazy\" decoding=\"async\" class=\"wp-image-79063\" src=\"https:\/\/exceladvisor.org\/wp-content\/uploads\/2023\/08\/10-toutes-les-lignes-disponibles.png\" sizes=\"auto, \" srcset=\"\" alt=\"auf allen Linien verf\u00fcgbar\" width=\"433\" height=\"306\"><\/figure><\/div><div class=\"gb-container gb-container-4db6181c gb-container-mt\"> <a class=\"gb-button gb-button-c5897111 gb-button-text gb-button-mt-button\" href=\"https:\/\/exceladvisor.org\/de\/excel-grundlagen\/\">Microsoft Excel-Grundlagen (Komponenten, Teile und Wissenshinweise)<\/a><h2 class=\"gb-headline gb-headline-665e5f6b gb-headline-text gb-headline-mt-heading\"> Verwandte Tutorials <\/h2><div class=\"gb-grid-wrapper gb-grid-wrapper-a20baf7c gb-grid-wrapper-mt-grid\"><div class=\"gb-grid-column gb-grid-column-50067b57\"><div class=\"gb-container gb-container-50067b57\"><ul><li> <a href=\"https:\/\/exceladvisor.org\/de\/zeilen-loschen\/\">L\u00f6schen Sie eine Zeile oder mehrere Zeilen in Excel<\/a><\/li><li> <a href=\"https:\/\/exceladvisor.org\/de\/spalte-kopieren\/\">Kopieren Sie eine Spalte und f\u00fcgen Sie sie in Excel ein<\/a><\/li><li> <a href=\"https:\/\/exceladvisor.org\/de\/zeilenspalte-verschieben\/\">Verschieben Sie eine Zeile und Spalte in Excel<\/a><\/li><li> <a href=\"https:\/\/exceladvisor.org\/de\/spaltenbreite\/\">So \u00e4ndern Sie die Spaltenbreite in Excel<\/a><\/li><li> <a href=\"https:\/\/exceladvisor.org\/de\/die-zelle-austauschen\/\">Tauschen Sie schnell zwei Zellen in Excel aus<\/a><\/li><\/ul><\/div><\/div><\/div><\/div>","protected":false},"excerpt":{"rendered":"","protected":false},"author":1,"featured_media":0,"parent":0,"menu_order":0,"comment_status":"open","ping_status":"closed","template":"","meta":{"ub_ctt_via":"","footnotes":""},"class_list":["post-3589","page","type-page","status-publish","hentry"],"featured_image_src":null,"yoast_head":"<!-- This site is optimized with the Yoast SEO plugin v25.4 - https:\/\/yoast.com\/wordpress\/plugins\/seo\/ -->\n<title>Wie zeige ich Zeilen in Excel an? \u2013 Excel-Berater<\/title>\n<meta name=\"description\" content=\"Dies ist ein grundlegendes Microsoft Excel-Tutorial, um zu lernen, wie Zeilen in einem Blatt angezeigt werden (einzelne + alle Zeilen).\" \/>\n<meta name=\"robots\" content=\"index, follow, max-snippet:-1, max-image-preview:large, max-video-preview:-1\" \/>\n<link rel=\"canonical\" href=\"https:\/\/exceladvisor.org\/de\/linien-anzeigen\/\" \/>\n<meta property=\"og:locale\" content=\"de_DE\" \/>\n<meta property=\"og:type\" content=\"article\" \/>\n<meta property=\"og:title\" content=\"Wie zeige ich Zeilen in Excel an? \u2013 Excel-Berater\" \/>\n<meta property=\"og:description\" content=\"Dies ist ein grundlegendes Microsoft Excel-Tutorial, um zu lernen, wie Zeilen in einem Blatt angezeigt werden (einzelne + alle Zeilen).\" \/>\n<meta property=\"og:url\" content=\"https:\/\/exceladvisor.org\/de\/linien-anzeigen\/\" \/>\n<meta property=\"og:site_name\" content=\"Excel Advisor\" \/>\n<meta property=\"article:modified_time\" content=\"2023-12-03T13:06:10+00:00\" \/>\n<meta property=\"og:image\" content=\"https:\/\/exceladvisor.org\/wp-content\/uploads\/2023\/08\/gif-afficher-une-seule-ligne.gif\" \/>\n<meta name=\"twitter:card\" content=\"summary_large_image\" \/>\n<meta name=\"twitter:label1\" content=\"Gesch\u00e4tzte Lesezeit\" \/>\n\t<meta name=\"twitter:data1\" content=\"2\u00a0Minuten\" \/>\n<script type=\"application\/ld+json\" class=\"yoast-schema-graph\">{\"@context\":\"https:\/\/schema.org\",\"@graph\":[{\"@type\":\"WebPage\",\"@id\":\"https:\/\/exceladvisor.org\/de\/linien-anzeigen\/\",\"url\":\"https:\/\/exceladvisor.org\/de\/linien-anzeigen\/\",\"name\":\"Wie zeige ich Zeilen in Excel an? \u2013 Excel-Berater\",\"isPartOf\":{\"@id\":\"https:\/\/exceladvisor.org\/de\/#website\"},\"primaryImageOfPage\":{\"@id\":\"https:\/\/exceladvisor.org\/de\/linien-anzeigen\/#primaryimage\"},\"image\":{\"@id\":\"https:\/\/exceladvisor.org\/de\/linien-anzeigen\/#primaryimage\"},\"thumbnailUrl\":\"https:\/\/exceladvisor.org\/wp-content\/uploads\/2023\/08\/gif-afficher-une-seule-ligne.gif\",\"datePublished\":\"2023-10-18T00:33:31+00:00\",\"dateModified\":\"2023-12-03T13:06:10+00:00\",\"description\":\"Dies ist ein grundlegendes Microsoft Excel-Tutorial, um zu lernen, wie Zeilen in einem Blatt angezeigt werden (einzelne + alle Zeilen).\",\"breadcrumb\":{\"@id\":\"https:\/\/exceladvisor.org\/de\/linien-anzeigen\/#breadcrumb\"},\"inLanguage\":\"de\",\"potentialAction\":[{\"@type\":\"ReadAction\",\"target\":[\"https:\/\/exceladvisor.org\/de\/linien-anzeigen\/\"]}]},{\"@type\":\"ImageObject\",\"inLanguage\":\"de\",\"@id\":\"https:\/\/exceladvisor.org\/de\/linien-anzeigen\/#primaryimage\",\"url\":\"https:\/\/exceladvisor.org\/wp-content\/uploads\/2023\/08\/gif-afficher-une-seule-ligne.gif\",\"contentUrl\":\"https:\/\/exceladvisor.org\/wp-content\/uploads\/2023\/08\/gif-afficher-une-seule-ligne.gif\"},{\"@type\":\"BreadcrumbList\",\"@id\":\"https:\/\/exceladvisor.org\/de\/linien-anzeigen\/#breadcrumb\",\"itemListElement\":[{\"@type\":\"ListItem\",\"position\":1,\"name\":\"Accueil\",\"item\":\"https:\/\/exceladvisor.org\/de\/\"},{\"@type\":\"ListItem\",\"position\":2,\"name\":\"Wie zeige ich zeilen in excel an?\"}]},{\"@type\":\"WebSite\",\"@id\":\"https:\/\/exceladvisor.org\/de\/#website\",\"url\":\"https:\/\/exceladvisor.org\/de\/\",\"name\":\"Excel Advisor\",\"description\":\"Ihr Leitfaden zur Datendominanz\",\"publisher\":{\"@id\":\"https:\/\/exceladvisor.org\/de\/#organization\"},\"potentialAction\":[{\"@type\":\"SearchAction\",\"target\":{\"@type\":\"EntryPoint\",\"urlTemplate\":\"https:\/\/exceladvisor.org\/de\/?s={search_term_string}\"},\"query-input\":{\"@type\":\"PropertyValueSpecification\",\"valueRequired\":true,\"valueName\":\"search_term_string\"}}],\"inLanguage\":\"de\"},{\"@type\":\"Organization\",\"@id\":\"https:\/\/exceladvisor.org\/de\/#organization\",\"name\":\"Excel Advisor\",\"url\":\"https:\/\/exceladvisor.org\/de\/\",\"logo\":{\"@type\":\"ImageObject\",\"inLanguage\":\"de\",\"@id\":\"https:\/\/exceladvisor.org\/de\/#\/schema\/logo\/image\/\",\"url\":\"https:\/\/exceladvisor.org\/de\/wp-content\/uploads\/2023\/11\/exceladvisor.org_.png\",\"contentUrl\":\"https:\/\/exceladvisor.org\/de\/wp-content\/uploads\/2023\/11\/exceladvisor.org_.png\",\"width\":105,\"height\":36,\"caption\":\"Excel Advisor\"},\"image\":{\"@id\":\"https:\/\/exceladvisor.org\/de\/#\/schema\/logo\/image\/\"}}]}<\/script>\n<!-- \/ Yoast SEO plugin. -->","yoast_head_json":{"title":"Wie zeige ich Zeilen in Excel an? \u2013 Excel-Berater","description":"Dies ist ein grundlegendes Microsoft Excel-Tutorial, um zu lernen, wie Zeilen in einem Blatt angezeigt werden (einzelne + alle Zeilen).","robots":{"index":"index","follow":"follow","max-snippet":"max-snippet:-1","max-image-preview":"max-image-preview:large","max-video-preview":"max-video-preview:-1"},"canonical":"https:\/\/exceladvisor.org\/de\/linien-anzeigen\/","og_locale":"de_DE","og_type":"article","og_title":"Wie zeige ich Zeilen in Excel an? \u2013 Excel-Berater","og_description":"Dies ist ein grundlegendes Microsoft Excel-Tutorial, um zu lernen, wie Zeilen in einem Blatt angezeigt werden (einzelne + alle Zeilen).","og_url":"https:\/\/exceladvisor.org\/de\/linien-anzeigen\/","og_site_name":"Excel Advisor","article_modified_time":"2023-12-03T13:06:10+00:00","og_image":[{"url":"https:\/\/exceladvisor.org\/wp-content\/uploads\/2023\/08\/gif-afficher-une-seule-ligne.gif","type":"","width":"","height":""}],"twitter_card":"summary_large_image","twitter_misc":{"Gesch\u00e4tzte Lesezeit":"2\u00a0Minuten"},"schema":{"@context":"https:\/\/schema.org","@graph":[{"@type":"WebPage","@id":"https:\/\/exceladvisor.org\/de\/linien-anzeigen\/","url":"https:\/\/exceladvisor.org\/de\/linien-anzeigen\/","name":"Wie zeige ich Zeilen in Excel an? \u2013 Excel-Berater","isPartOf":{"@id":"https:\/\/exceladvisor.org\/de\/#website"},"primaryImageOfPage":{"@id":"https:\/\/exceladvisor.org\/de\/linien-anzeigen\/#primaryimage"},"image":{"@id":"https:\/\/exceladvisor.org\/de\/linien-anzeigen\/#primaryimage"},"thumbnailUrl":"https:\/\/exceladvisor.org\/wp-content\/uploads\/2023\/08\/gif-afficher-une-seule-ligne.gif","datePublished":"2023-10-18T00:33:31+00:00","dateModified":"2023-12-03T13:06:10+00:00","description":"Dies ist ein grundlegendes Microsoft Excel-Tutorial, um zu lernen, wie Zeilen in einem Blatt angezeigt werden (einzelne + alle Zeilen).","breadcrumb":{"@id":"https:\/\/exceladvisor.org\/de\/linien-anzeigen\/#breadcrumb"},"inLanguage":"de","potentialAction":[{"@type":"ReadAction","target":["https:\/\/exceladvisor.org\/de\/linien-anzeigen\/"]}]},{"@type":"ImageObject","inLanguage":"de","@id":"https:\/\/exceladvisor.org\/de\/linien-anzeigen\/#primaryimage","url":"https:\/\/exceladvisor.org\/wp-content\/uploads\/2023\/08\/gif-afficher-une-seule-ligne.gif","contentUrl":"https:\/\/exceladvisor.org\/wp-content\/uploads\/2023\/08\/gif-afficher-une-seule-ligne.gif"},{"@type":"BreadcrumbList","@id":"https:\/\/exceladvisor.org\/de\/linien-anzeigen\/#breadcrumb","itemListElement":[{"@type":"ListItem","position":1,"name":"Accueil","item":"https:\/\/exceladvisor.org\/de\/"},{"@type":"ListItem","position":2,"name":"Wie zeige ich zeilen in excel an?"}]},{"@type":"WebSite","@id":"https:\/\/exceladvisor.org\/de\/#website","url":"https:\/\/exceladvisor.org\/de\/","name":"Excel Advisor","description":"Ihr Leitfaden zur Datendominanz","publisher":{"@id":"https:\/\/exceladvisor.org\/de\/#organization"},"potentialAction":[{"@type":"SearchAction","target":{"@type":"EntryPoint","urlTemplate":"https:\/\/exceladvisor.org\/de\/?s={search_term_string}"},"query-input":{"@type":"PropertyValueSpecification","valueRequired":true,"valueName":"search_term_string"}}],"inLanguage":"de"},{"@type":"Organization","@id":"https:\/\/exceladvisor.org\/de\/#organization","name":"Excel Advisor","url":"https:\/\/exceladvisor.org\/de\/","logo":{"@type":"ImageObject","inLanguage":"de","@id":"https:\/\/exceladvisor.org\/de\/#\/schema\/logo\/image\/","url":"https:\/\/exceladvisor.org\/de\/wp-content\/uploads\/2023\/11\/exceladvisor.org_.png","contentUrl":"https:\/\/exceladvisor.org\/de\/wp-content\/uploads\/2023\/11\/exceladvisor.org_.png","width":105,"height":36,"caption":"Excel Advisor"},"image":{"@id":"https:\/\/exceladvisor.org\/de\/#\/schema\/logo\/image\/"}}]}},"yoast_meta":{"yoast_wpseo_title":"","yoast_wpseo_metadesc":"","yoast_wpseo_canonical":""},"_links":{"self":[{"href":"https:\/\/exceladvisor.org\/de\/wp-json\/wp\/v2\/pages\/3589","targetHints":{"allow":["GET"]}}],"collection":[{"href":"https:\/\/exceladvisor.org\/de\/wp-json\/wp\/v2\/pages"}],"about":[{"href":"https:\/\/exceladvisor.org\/de\/wp-json\/wp\/v2\/types\/page"}],"author":[{"embeddable":true,"href":"https:\/\/exceladvisor.org\/de\/wp-json\/wp\/v2\/users\/1"}],"replies":[{"embeddable":true,"href":"https:\/\/exceladvisor.org\/de\/wp-json\/wp\/v2\/comments?post=3589"}],"version-history":[{"count":1,"href":"https:\/\/exceladvisor.org\/de\/wp-json\/wp\/v2\/pages\/3589\/revisions"}],"predecessor-version":[{"id":4437,"href":"https:\/\/exceladvisor.org\/de\/wp-json\/wp\/v2\/pages\/3589\/revisions\/4437"}],"wp:attachment":[{"href":"https:\/\/exceladvisor.org\/de\/wp-json\/wp\/v2\/media?parent=3589"}],"curies":[{"name":"wp","href":"https:\/\/api.w.org\/{rel}","templated":true}]}}