{"id":3590,"date":"2023-10-17T21:47:55","date_gmt":"2023-10-17T21:47:55","guid":{"rendered":"https:\/\/exceladvisor.org\/de\/erstellen-sie-die-kopfzeile-der-ersten-zeile\/"},"modified":"2023-12-03T11:19:43","modified_gmt":"2023-12-03T11:19:43","slug":"erstellen-sie-die-kopfzeile-der-ersten-zeile","status":"publish","type":"page","link":"https:\/\/exceladvisor.org\/de\/erstellen-sie-die-kopfzeile-der-ersten-zeile\/","title":{"rendered":"Wie erstelle ich eine kopfzeile f\u00fcr die erste zeile in excel?"},"content":{"rendered":"<div class=\"excel-vor-dem-inhalt\" id=\"excel-913786155\"><script type=\"text\/javascript\">\r\n\tatOptions = {\r\n\t\t'key' : 'c1158f160081d6540a8409e6925dab94',\r\n\t\t'format' : 'iframe',\r\n\t\t'height' : 250,\r\n\t\t'width' : 300,\r\n\t\t'params' : {}\r\n\t};\r\n<\/script>\r\n<script type=\"text\/javascript\" src=\"\/\/www.highperformanceformat.com\/c1158f160081d6540a8409e6925dab94\/invoke.js\"><\/script><\/div> <p>In Excel sind Kopfzeilen ein sehr wichtiger Teil der Datenstruktur, der das Lesen und Verstehen von Daten erleichtert.<\/p><p> Dies hilft Benutzern, anhand der Kopfzeilennamen zu verstehen, welche Art von Daten die Zellen in den verschiedenen Spalten enthalten.<\/p><p> Jeder, der mit Excel arbeitet, wei\u00df also, wie wichtig es ist, die erste Zeile Ihres Datensatzes als Kopfzeile zu verwenden.<\/p><p> In diesem Tutorial wird erkl\u00e4rt, wie Sie die erste Zeile Ihrer Daten in eine Kopfzeile umwandeln.<\/p><h2 class=\"wp-block-heading\"> Schritte, um die erste Zeile mit der Option \u201eEinfrieren\u201c in eine Kopfzeile umzuwandeln<\/h2><p> Wenn Sie \u201eEinfrieren\u201c auf die erste Zeile im Datensatz anwenden, wird die erste Zeile als Kopfzeile eingefroren, und wenn Sie im Arbeitsblatt nach unten scrollen, wird die erste Kopfzeile eingefroren. Der Kopf ist immer sichtbar.<\/p><ol><li> \u00d6ffnen Sie zun\u00e4chst die Daten in der Tabelle, wobei Sie die erste Zeile als Kopfzeile fixieren m\u00f6chten.<\/li><li> Gehen Sie anschlie\u00dfend zur Registerkarte \u201eAnsicht\u201c und klicken Sie auf das Symbol \u201eFenster einfrieren\u201c und dann im Dropdown-Men\u00fc auf die Option \u201eObere Zeile einfrieren\u201c.<\/li><li> Oder verwenden Sie die Tastenkombination \u201eAlt \u2192 W \u2192 F \u2192 R\u201c, um direkt die Option \u201eObere Zeile einfrieren\u201c auszuw\u00e4hlen.<\/li><li> Zu diesem Zeitpunkt ist Ihre erste Zeile als Kopfzeile eingefroren und wenn Sie in der Excel-Tabelle nach unten scrollen, sind die Kopfzeilen immer sichtbar. <\/li><\/ol><div class=\"wp-block-image\"><figure class=\"aligncenter size-full is-resized\"><img loading=\"lazy\" decoding=\"async\" class=\"wp-image-80423\" src=\"https:\/\/exceladvisor.org\/wp-content\/uploads\/2023\/08\/1-figer-la-rangee-du-haut.png\" sizes=\"auto, \" srcset=\"\" alt=\"Top-Reihe einfrieren\" width=\"785\" height=\"331\"><\/figure><\/div><h2 class=\"wp-block-heading\"> Konvertieren Sie Daten in das Tabellenformat, um die erste Zeile in eine Kopfzeile umzuwandeln<\/h2><p> Sie k\u00f6nnen Ihren Datensatz in das Tabellenformat konvertieren und die erste Zeile in eine Kopfzeile umwandeln, indem Sie die folgenden Schritte ausf\u00fchren:<\/p><ol><li> Navigieren Sie zun\u00e4chst zu einer beliebigen Zelle in den Daten und dann zur Registerkarte \u201eStartseite\u201c.<\/li><li> Klicken Sie anschlie\u00dfend auf das Symbol \u201eAls Tabelle formatieren\u201c und w\u00e4hlen Sie das Design f\u00fcr das Tabellenformat. <br><img loading=\"lazy\" decoding=\"async\" title=\"Dropdown-Liste f\u00fcr Tabellen mit 2 Formaten\" src=\"https:\/\/exceladvisor.org\/wp-content\/uploads\/2023\/08\/2-format-de-tableau-deroulant.png\" sizes=\"auto, \" srcset=\"\" alt=\"table-format-drop-down\" width=\"819\" height=\"317\"><\/li><li> Sobald Sie das Tabellenformat ausw\u00e4hlen oder gleichzeitig die Tastenkombination \u201eStrg + T\u201c dr\u00fccken, \u00f6ffnet sich das Dialogfeld \u201eTabelle erstellen\u201c.<\/li><li> Jetzt sehen Sie, dass Ihr Datenbereich automatisch ausgew\u00e4hlt wird und Sie m\u00fcssen nur noch die Option \u201eMeine Tabelle hat Kopfzeilen\u201c ausw\u00e4hlen und auf \u201eOK\u201c klicken. <br><img loading=\"lazy\" decoding=\"async\" title=\"Dialog zur Erstellung von 3 Tabellen\" src=\"https:\/\/exceladvisor.org\/wp-content\/uploads\/2023\/08\/3-creer-une-boite-de-dialogue-de-table.png\" sizes=\"auto, \" srcset=\"\" alt=\"create-table-dialog-box\" width=\"671\" height=\"240\"><\/li><li> Zu diesem Zeitpunkt werden die Daten in das Tabellenformat konvertiert, wobei die erste Zeile als Kopfzeile mit Filtersymbolen dient. <br><img loading=\"lazy\" decoding=\"async\" title=\"4-erste-Zeile-als-Kopfzeile\" src=\"https:\/\/exceladvisor.org\/wp-content\/uploads\/2023\/08\/4-premiere-ligne-comme-ligne-den-tete.png\" sizes=\"auto, \" srcset=\"\" alt=\"first-row-as-header-row\" width=\"478\" height=\"233\"><\/li><\/ol><h2 class=\"wp-block-heading\"> W\u00e4hlen Sie mit dem Power Query-Editor die erste Zeile als Kopfzeile aus<\/h2><p> Sie k\u00f6nnen den Power Query-Editor verwenden, um die erste Zeile Ihres Datensatzes zur Kopfzeile zu machen, indem Sie die folgenden Schritte ausf\u00fchren:<\/p><ol><li> Navigieren Sie zun\u00e4chst zu einer beliebigen Zelle im Datensatz, navigieren Sie zur Registerkarte \u201eDaten\u201c und klicken Sie auf die Option \u201eAus Tabelle\/Bereich\u201c. <br><img loading=\"lazy\" decoding=\"async\" title=\"5-get-table-range\" src=\"https:\/\/exceladvisor.org\/wp-content\/uploads\/2023\/08\/5-obtenir-la-plage-de-la-table.png\" sizes=\"auto, \" srcset=\"\" alt=\"get-table-range\" width=\"429\" height=\"381\"><\/li><li> Sehen Sie sich anschlie\u00dfend den ausgew\u00e4hlten Bereich an, wenn er Ihren gesamten Datensatz abdeckt, deaktivieren Sie dann die Option \u201eMeine Tabelle hat Kopfzeilen\u201c und klicken Sie auf \u201eOK\u201c. <br><img loading=\"lazy\" decoding=\"async\" title=\"6-un-select-my-table-has-headers-option\" src=\"https:\/\/exceladvisor.org\/wp-content\/uploads\/2023\/08\/6-deselectionnez-loption-mon-tableau-a-des-en-tetes.png\" sizes=\"auto, \" srcset=\"\" alt=\"un-select-my-table-has-headers-option\" width=\"619\" height=\"215\"><\/li><li> Klicken Sie nun auf der Registerkarte \u201eStartseite\u201c auf das Dropdown-Symbol \u201eErste Zeile als Kopfzeile verwenden\u201c und w\u00e4hlen Sie dann die erste Option \u201eErste Zeile als Kopfzeile verwenden\u201c aus. <br><img loading=\"lazy\" decoding=\"async\" title=\"7-erste-Zeile-als-Kopfzeile verwenden\" src=\"https:\/\/exceladvisor.org\/wp-content\/uploads\/2023\/08\/7-utiliser-la-premiere-ligne-comme-en-tetes.png\" sizes=\"auto, \" srcset=\"\" alt=\"use-first-row-as-headers\" width=\"705\" height=\"405\"><\/li><li> Sobald Sie auf \u201eErste Zeile als Kopfzeilen verwenden\u201c klicken, wird die erste Zeile Ihrer Daten in Kopfzeilen umgewandelt. <br><img loading=\"lazy\" decoding=\"async\" title=\"8-erste-Zeile-als-Kopfzeilen konvertieren\" src=\"https:\/\/exceladvisor.org\/wp-content\/uploads\/2023\/08\/8-convertir-la-premiere-ligne-en-en-tetes.png\" sizes=\"auto, \" srcset=\"\" alt=\"convert-first-row-as-headers\" width=\"493\" height=\"244\"><\/li><li> Klicken Sie am Ende auf das Symbol \u201eSchlie\u00dfen und Laden\u201c und dann im Dropdown-Men\u00fc auf die Option \u201eSchlie\u00dfen und Laden\u201c. <br><img loading=\"lazy\" decoding=\"async\" title=\"9-Schlie\u00dfen-Laden-Symbol ausw\u00e4hlen\" src=\"https:\/\/exceladvisor.org\/wp-content\/uploads\/2023\/08\/9-choisissez-fermer-licone-de-chargement.png\" sizes=\"auto, \" srcset=\"\" alt=\"choose-close-&amp;-load-icon\" width=\"486\" height=\"208\"><\/li><li> Sobald Sie auf die Option \u201eSchlie\u00dfen und Laden\u201c klicken, werden Ihre Daten in ein neues Blatt in derselben Arbeitsmappe \u00fcbertragen, wobei die erste Zeile als Kopfzeile dient. <br><img loading=\"lazy\" decoding=\"async\" title=\"10-Daten-mit-erster-Zeile-als-Kopfzeilen\" src=\"https:\/\/exceladvisor.org\/wp-content\/uploads\/2023\/08\/10-donnees-avec-la-premiere-ligne-comme-en-tete.png\" sizes=\"auto, \" srcset=\"\" alt=\"data-with-first-row-as-headers\" width=\"479\" height=\"253\"><\/li><\/ol><h2 class=\"wp-block-heading\"> W\u00e4hlen Sie mithilfe des Layouts die erste Zeile als Kopfzeile aus<\/h2><p> Oft m\u00fcssen Sie die erste Zeile Ihres Datensatzes zur Kopfzeile machen und diese Kopfzeile beim Drucken der Daten auf jeder Seite drucken. Befolgen Sie dazu die folgenden Schritte:<\/p><ol><li> Gehen Sie zun\u00e4chst zur Registerkarte \u201eSeitenlayout\u201c, klicken Sie dann auf die Option \u201eTitel drucken\u201c und das Dialogfeld \u201eSeite einrichten\u201c wird ge\u00f6ffnet. <br><img loading=\"lazy\" decoding=\"async\" title=\"11-seitiges Layout-Drucktitel\" src=\"https:\/\/exceladvisor.org\/wp-content\/uploads\/2023\/08\/11-titres-dimpression-de-mise-en-page.png\" sizes=\"auto, \" srcset=\"\" alt=\"page-layout-print-titles\" width=\"812\" height=\"131\"><\/li><li> Gehen Sie anschlie\u00dfend zum Feld \u201eZu wiederholende Zeilen oben\u201c und w\u00e4hlen Sie die erste Kopfzeile aus. Klicken Sie dann auf die Schaltfl\u00e4che \u201eDruckvorschau\u201c, um zu sehen, ob die Kopfzeilen auf den Seiten korrekt sichtbar sind. <br><img loading=\"lazy\" decoding=\"async\" title=\"12-seitiger Konfigurationsdialog\" src=\"https:\/\/exceladvisor.org\/wp-content\/uploads\/2023\/08\/Boite-de-dialogue-de-configuration-de-12-pages.png\" sizes=\"auto, \" srcset=\"\" alt=\"page-setup-dialog-box\" width=\"717\" height=\"371\"><\/li><li> Gehen Sie am Ende auf die Registerkarte \u201eDatei\u201c und klicken Sie auf die Option \u201eDrucken\u201c oder verwenden Sie die Tastenkombination \u201eStrg + P\u201c, um zum Dialogfeld \u201eDrucken\u201c zu gelangen, um die Seiten zu drucken.<\/li><\/ol><div class=\"gb-container gb-container-4db6181c gb-container-mt\"> <a class=\"gb-button gb-button-c5897111 gb-button-text gb-button-mt-button\" href=\"https:\/\/exceladvisor.org\/de\/excel-grundlagen\/\">Microsoft Excel-Grundlagen (Komponenten, Teile und Wissenshinweise)<\/a><h2 class=\"gb-headline gb-headline-665e5f6b gb-headline-text gb-headline-mt-heading\"> Verwandte Tutorials <\/h2><div class=\"gb-grid-wrapper gb-grid-wrapper-a20baf7c gb-grid-wrapper-mt-grid\"><div class=\"gb-grid-column gb-grid-column-50067b57\"><div class=\"gb-container gb-container-50067b57\"><ul><li> <a href=\"https:\/\/exceladvisor.org\/de\/ersatz-finden\/\">Suchen und Ersetzen in Excel<\/a><\/li><li> <a href=\"https:\/\/exceladvisor.org\/de\/spaltenbreite-kopieren-und-einfugen\/\">Kopieren Sie die Spaltenbreite und f\u00fcgen Sie sie in Excel ein<\/a><\/li><li> <a href=\"https:\/\/exceladvisor.org\/de\/werte-ohne-formatierung-einfugen\/\">Kopieren Sie Werte und f\u00fcgen Sie sie ohne Formatierung in Excel ein<\/a><\/li><li> <a href=\"https:\/\/exceladvisor.org\/de\/dollarzeichen\/\">F\u00fcgen Sie in Excel ein Dollarzeichen hinzu<\/a><\/li><\/ul><\/div><\/div><\/div><\/div>","protected":false},"excerpt":{"rendered":"","protected":false},"author":1,"featured_media":0,"parent":0,"menu_order":0,"comment_status":"open","ping_status":"closed","template":"","meta":{"ub_ctt_via":"","footnotes":""},"class_list":["post-3590","page","type-page","status-publish","hentry"],"featured_image_src":null,"yoast_head":"<!-- This site is optimized with the Yoast SEO plugin v25.4 - https:\/\/yoast.com\/wordpress\/plugins\/seo\/ -->\n<title>Wie erstelle ich eine Kopfzeile f\u00fcr die erste Zeile in Excel? (F\u00fchrung)<\/title>\n<meta name=\"description\" content=\"Dieses Tutorial konzentriert sich auf die Erstellung der ersten Zeile des Blattes als Kopfzeile. Das ist eine wichtige Sache, die man lernen muss.\" \/>\n<meta name=\"robots\" content=\"index, follow, max-snippet:-1, max-image-preview:large, max-video-preview:-1\" \/>\n<link rel=\"canonical\" href=\"https:\/\/exceladvisor.org\/de\/erstellen-sie-die-kopfzeile-der-ersten-zeile\/\" \/>\n<meta property=\"og:locale\" content=\"de_DE\" \/>\n<meta property=\"og:type\" content=\"article\" \/>\n<meta property=\"og:title\" content=\"Wie erstelle ich eine Kopfzeile f\u00fcr die erste Zeile in Excel? (F\u00fchrung)\" \/>\n<meta property=\"og:description\" content=\"Dieses Tutorial konzentriert sich auf die Erstellung der ersten Zeile des Blattes als Kopfzeile. Das ist eine wichtige Sache, die man lernen muss.\" \/>\n<meta property=\"og:url\" content=\"https:\/\/exceladvisor.org\/de\/erstellen-sie-die-kopfzeile-der-ersten-zeile\/\" \/>\n<meta property=\"og:site_name\" content=\"Excel Advisor\" \/>\n<meta property=\"article:modified_time\" content=\"2023-12-03T11:19:43+00:00\" \/>\n<meta property=\"og:image\" content=\"https:\/\/exceladvisor.org\/wp-content\/uploads\/2023\/08\/1-figer-la-rangee-du-haut.png\" \/>\n<meta name=\"twitter:card\" content=\"summary_large_image\" \/>\n<meta name=\"twitter:label1\" content=\"Gesch\u00e4tzte Lesezeit\" \/>\n\t<meta name=\"twitter:data1\" content=\"4\u00a0Minuten\" \/>\n<script type=\"application\/ld+json\" class=\"yoast-schema-graph\">{\"@context\":\"https:\/\/schema.org\",\"@graph\":[{\"@type\":\"WebPage\",\"@id\":\"https:\/\/exceladvisor.org\/de\/erstellen-sie-die-kopfzeile-der-ersten-zeile\/\",\"url\":\"https:\/\/exceladvisor.org\/de\/erstellen-sie-die-kopfzeile-der-ersten-zeile\/\",\"name\":\"Wie erstelle ich eine Kopfzeile f\u00fcr die erste Zeile in Excel? (F\u00fchrung)\",\"isPartOf\":{\"@id\":\"https:\/\/exceladvisor.org\/de\/#website\"},\"primaryImageOfPage\":{\"@id\":\"https:\/\/exceladvisor.org\/de\/erstellen-sie-die-kopfzeile-der-ersten-zeile\/#primaryimage\"},\"image\":{\"@id\":\"https:\/\/exceladvisor.org\/de\/erstellen-sie-die-kopfzeile-der-ersten-zeile\/#primaryimage\"},\"thumbnailUrl\":\"https:\/\/exceladvisor.org\/wp-content\/uploads\/2023\/08\/1-figer-la-rangee-du-haut.png\",\"datePublished\":\"2023-10-17T21:47:55+00:00\",\"dateModified\":\"2023-12-03T11:19:43+00:00\",\"description\":\"Dieses Tutorial konzentriert sich auf die Erstellung der ersten Zeile des Blattes als Kopfzeile. Das ist eine wichtige Sache, die man lernen muss.\",\"breadcrumb\":{\"@id\":\"https:\/\/exceladvisor.org\/de\/erstellen-sie-die-kopfzeile-der-ersten-zeile\/#breadcrumb\"},\"inLanguage\":\"de\",\"potentialAction\":[{\"@type\":\"ReadAction\",\"target\":[\"https:\/\/exceladvisor.org\/de\/erstellen-sie-die-kopfzeile-der-ersten-zeile\/\"]}]},{\"@type\":\"ImageObject\",\"inLanguage\":\"de\",\"@id\":\"https:\/\/exceladvisor.org\/de\/erstellen-sie-die-kopfzeile-der-ersten-zeile\/#primaryimage\",\"url\":\"https:\/\/exceladvisor.org\/wp-content\/uploads\/2023\/08\/1-figer-la-rangee-du-haut.png\",\"contentUrl\":\"https:\/\/exceladvisor.org\/wp-content\/uploads\/2023\/08\/1-figer-la-rangee-du-haut.png\"},{\"@type\":\"BreadcrumbList\",\"@id\":\"https:\/\/exceladvisor.org\/de\/erstellen-sie-die-kopfzeile-der-ersten-zeile\/#breadcrumb\",\"itemListElement\":[{\"@type\":\"ListItem\",\"position\":1,\"name\":\"Accueil\",\"item\":\"https:\/\/exceladvisor.org\/de\/\"},{\"@type\":\"ListItem\",\"position\":2,\"name\":\"Wie erstelle ich eine kopfzeile f\u00fcr die erste zeile in excel?\"}]},{\"@type\":\"WebSite\",\"@id\":\"https:\/\/exceladvisor.org\/de\/#website\",\"url\":\"https:\/\/exceladvisor.org\/de\/\",\"name\":\"Excel Advisor\",\"description\":\"Ihr Leitfaden zur Datendominanz\",\"publisher\":{\"@id\":\"https:\/\/exceladvisor.org\/de\/#organization\"},\"potentialAction\":[{\"@type\":\"SearchAction\",\"target\":{\"@type\":\"EntryPoint\",\"urlTemplate\":\"https:\/\/exceladvisor.org\/de\/?s={search_term_string}\"},\"query-input\":{\"@type\":\"PropertyValueSpecification\",\"valueRequired\":true,\"valueName\":\"search_term_string\"}}],\"inLanguage\":\"de\"},{\"@type\":\"Organization\",\"@id\":\"https:\/\/exceladvisor.org\/de\/#organization\",\"name\":\"Excel Advisor\",\"url\":\"https:\/\/exceladvisor.org\/de\/\",\"logo\":{\"@type\":\"ImageObject\",\"inLanguage\":\"de\",\"@id\":\"https:\/\/exceladvisor.org\/de\/#\/schema\/logo\/image\/\",\"url\":\"https:\/\/exceladvisor.org\/de\/wp-content\/uploads\/2023\/11\/exceladvisor.org_.png\",\"contentUrl\":\"https:\/\/exceladvisor.org\/de\/wp-content\/uploads\/2023\/11\/exceladvisor.org_.png\",\"width\":105,\"height\":36,\"caption\":\"Excel Advisor\"},\"image\":{\"@id\":\"https:\/\/exceladvisor.org\/de\/#\/schema\/logo\/image\/\"}}]}<\/script>\n<!-- \/ Yoast SEO plugin. -->","yoast_head_json":{"title":"Wie erstelle ich eine Kopfzeile f\u00fcr die erste Zeile in Excel? (F\u00fchrung)","description":"Dieses Tutorial konzentriert sich auf die Erstellung der ersten Zeile des Blattes als Kopfzeile. Das ist eine wichtige Sache, die man lernen muss.","robots":{"index":"index","follow":"follow","max-snippet":"max-snippet:-1","max-image-preview":"max-image-preview:large","max-video-preview":"max-video-preview:-1"},"canonical":"https:\/\/exceladvisor.org\/de\/erstellen-sie-die-kopfzeile-der-ersten-zeile\/","og_locale":"de_DE","og_type":"article","og_title":"Wie erstelle ich eine Kopfzeile f\u00fcr die erste Zeile in Excel? (F\u00fchrung)","og_description":"Dieses Tutorial konzentriert sich auf die Erstellung der ersten Zeile des Blattes als Kopfzeile. Das ist eine wichtige Sache, die man lernen muss.","og_url":"https:\/\/exceladvisor.org\/de\/erstellen-sie-die-kopfzeile-der-ersten-zeile\/","og_site_name":"Excel Advisor","article_modified_time":"2023-12-03T11:19:43+00:00","og_image":[{"url":"https:\/\/exceladvisor.org\/wp-content\/uploads\/2023\/08\/1-figer-la-rangee-du-haut.png","type":"","width":"","height":""}],"twitter_card":"summary_large_image","twitter_misc":{"Gesch\u00e4tzte Lesezeit":"4\u00a0Minuten"},"schema":{"@context":"https:\/\/schema.org","@graph":[{"@type":"WebPage","@id":"https:\/\/exceladvisor.org\/de\/erstellen-sie-die-kopfzeile-der-ersten-zeile\/","url":"https:\/\/exceladvisor.org\/de\/erstellen-sie-die-kopfzeile-der-ersten-zeile\/","name":"Wie erstelle ich eine Kopfzeile f\u00fcr die erste Zeile in Excel? (F\u00fchrung)","isPartOf":{"@id":"https:\/\/exceladvisor.org\/de\/#website"},"primaryImageOfPage":{"@id":"https:\/\/exceladvisor.org\/de\/erstellen-sie-die-kopfzeile-der-ersten-zeile\/#primaryimage"},"image":{"@id":"https:\/\/exceladvisor.org\/de\/erstellen-sie-die-kopfzeile-der-ersten-zeile\/#primaryimage"},"thumbnailUrl":"https:\/\/exceladvisor.org\/wp-content\/uploads\/2023\/08\/1-figer-la-rangee-du-haut.png","datePublished":"2023-10-17T21:47:55+00:00","dateModified":"2023-12-03T11:19:43+00:00","description":"Dieses Tutorial konzentriert sich auf die Erstellung der ersten Zeile des Blattes als Kopfzeile. Das ist eine wichtige Sache, die man lernen muss.","breadcrumb":{"@id":"https:\/\/exceladvisor.org\/de\/erstellen-sie-die-kopfzeile-der-ersten-zeile\/#breadcrumb"},"inLanguage":"de","potentialAction":[{"@type":"ReadAction","target":["https:\/\/exceladvisor.org\/de\/erstellen-sie-die-kopfzeile-der-ersten-zeile\/"]}]},{"@type":"ImageObject","inLanguage":"de","@id":"https:\/\/exceladvisor.org\/de\/erstellen-sie-die-kopfzeile-der-ersten-zeile\/#primaryimage","url":"https:\/\/exceladvisor.org\/wp-content\/uploads\/2023\/08\/1-figer-la-rangee-du-haut.png","contentUrl":"https:\/\/exceladvisor.org\/wp-content\/uploads\/2023\/08\/1-figer-la-rangee-du-haut.png"},{"@type":"BreadcrumbList","@id":"https:\/\/exceladvisor.org\/de\/erstellen-sie-die-kopfzeile-der-ersten-zeile\/#breadcrumb","itemListElement":[{"@type":"ListItem","position":1,"name":"Accueil","item":"https:\/\/exceladvisor.org\/de\/"},{"@type":"ListItem","position":2,"name":"Wie erstelle ich eine kopfzeile f\u00fcr die erste zeile in excel?"}]},{"@type":"WebSite","@id":"https:\/\/exceladvisor.org\/de\/#website","url":"https:\/\/exceladvisor.org\/de\/","name":"Excel Advisor","description":"Ihr Leitfaden zur Datendominanz","publisher":{"@id":"https:\/\/exceladvisor.org\/de\/#organization"},"potentialAction":[{"@type":"SearchAction","target":{"@type":"EntryPoint","urlTemplate":"https:\/\/exceladvisor.org\/de\/?s={search_term_string}"},"query-input":{"@type":"PropertyValueSpecification","valueRequired":true,"valueName":"search_term_string"}}],"inLanguage":"de"},{"@type":"Organization","@id":"https:\/\/exceladvisor.org\/de\/#organization","name":"Excel Advisor","url":"https:\/\/exceladvisor.org\/de\/","logo":{"@type":"ImageObject","inLanguage":"de","@id":"https:\/\/exceladvisor.org\/de\/#\/schema\/logo\/image\/","url":"https:\/\/exceladvisor.org\/de\/wp-content\/uploads\/2023\/11\/exceladvisor.org_.png","contentUrl":"https:\/\/exceladvisor.org\/de\/wp-content\/uploads\/2023\/11\/exceladvisor.org_.png","width":105,"height":36,"caption":"Excel Advisor"},"image":{"@id":"https:\/\/exceladvisor.org\/de\/#\/schema\/logo\/image\/"}}]}},"yoast_meta":{"yoast_wpseo_title":"","yoast_wpseo_metadesc":"","yoast_wpseo_canonical":""},"_links":{"self":[{"href":"https:\/\/exceladvisor.org\/de\/wp-json\/wp\/v2\/pages\/3590","targetHints":{"allow":["GET"]}}],"collection":[{"href":"https:\/\/exceladvisor.org\/de\/wp-json\/wp\/v2\/pages"}],"about":[{"href":"https:\/\/exceladvisor.org\/de\/wp-json\/wp\/v2\/types\/page"}],"author":[{"embeddable":true,"href":"https:\/\/exceladvisor.org\/de\/wp-json\/wp\/v2\/users\/1"}],"replies":[{"embeddable":true,"href":"https:\/\/exceladvisor.org\/de\/wp-json\/wp\/v2\/comments?post=3590"}],"version-history":[{"count":1,"href":"https:\/\/exceladvisor.org\/de\/wp-json\/wp\/v2\/pages\/3590\/revisions"}],"predecessor-version":[{"id":3958,"href":"https:\/\/exceladvisor.org\/de\/wp-json\/wp\/v2\/pages\/3590\/revisions\/3958"}],"wp:attachment":[{"href":"https:\/\/exceladvisor.org\/de\/wp-json\/wp\/v2\/media?parent=3590"}],"curies":[{"name":"wp","href":"https:\/\/api.w.org\/{rel}","templated":true}]}}