{"id":3591,"date":"2023-10-17T19:47:21","date_gmt":"2023-10-17T19:47:21","guid":{"rendered":"https:\/\/exceladvisor.org\/de\/konzentrieren-sie-sich-auf-die-auswahl\/"},"modified":"2023-12-03T13:06:12","modified_gmt":"2023-12-03T13:06:12","slug":"konzentrieren-sie-sich-auf-die-auswahl","status":"publish","type":"page","link":"https:\/\/exceladvisor.org\/de\/konzentrieren-sie-sich-auf-die-auswahl\/","title":{"rendered":"Wie zentriere ich mich auf eine auswahl in excel?"},"content":{"rendered":"<div class=\"excel-vor-dem-inhalt\" id=\"excel-3793633984\"><script type=\"text\/javascript\">\r\n\tatOptions = {\r\n\t\t'key' : 'c1158f160081d6540a8409e6925dab94',\r\n\t\t'format' : 'iframe',\r\n\t\t'height' : 250,\r\n\t\t'width' : 300,\r\n\t\t'params' : {}\r\n\t};\r\n<\/script>\r\n<script type=\"text\/javascript\" src=\"\/\/www.highperformanceformat.com\/c1158f160081d6540a8409e6925dab94\/invoke.js\"><\/script><\/div> <p>In Excel verwenden viele von uns immer noch die Funktion \u201eZellen zusammenf\u00fchren\u201c, um Text \u00fcber mehrere Spalten hinweg zu zentrieren, indem sie die Zellen zusammenf\u00fchren. Es gibt jedoch eine weitere Funktion namens \u201eBei Auswahl zentrieren\u201c, mit der Benutzer den Text auch horizontal in mehreren Spalten zentrieren k\u00f6nnen. aber ohne die Zellen zusammenzuf\u00fchren.<\/p><p> Diese Funktion zum Zentrieren von Text ohne Zusammenf\u00fchren der Auswahl macht die Verwendung bei zusammengef\u00fchrten Zellen vorzuziehen, da beim Zusammenf\u00fchren von Zellen Ihre Datenstruktur manipuliert werden kann und wenn Sie eine Spalte ausw\u00e4hlen, die Teil zusammengef\u00fchrter Zellen ist, die anderen Spalten, die Teil zusammengef\u00fchrter Zellen sind Zellen werden ebenfalls ausgew\u00e4hlt.<\/p><p> In diesem Tutorial zeigen wir Ihnen, wie Sie Text auf mehreren ausgew\u00e4hlten Zellen zentrieren.<\/p><h2 class=\"wp-block-heading\"> Schritte zur Konzentration auf die Auswahl in Excel<\/h2><ol><li> W\u00e4hlen Sie zun\u00e4chst den Zellbereich aus, auf dem Sie den Text zentrieren m\u00f6chten.<\/li><li> Klicken Sie anschlie\u00dfend mit der rechten Maustaste und klicken Sie dann in der Dropdown-Liste auf die Option \u201eZellen formatieren\u201c. <br><img loading=\"lazy\" decoding=\"async\" title=\"-select-cell-range\" src=\"https:\/\/exceladvisor.org\/wp-content\/uploads\/2023\/08\/1-selectionner-la-plage-de-cellules-2.png\" sizes=\"auto, \" srcset=\"\" alt=\"select-the-cells-range\" width=\"482\" height=\"391\"><\/li><li> Oder w\u00e4hlen Sie den Zellbereich aus, gehen Sie dann zur Registerkarte \u201eStartseite\u201c und klicken Sie dann in der Gruppe \u201eAusrichtung\u201c auf \u201eAusrichtungsgruppierungspfeil\u201c. <br><img loading=\"lazy\" decoding=\"async\" title=\"-align-grouping-arrow\" src=\"https:\/\/exceladvisor.org\/wp-content\/uploads\/2023\/08\/2-fleche-de-regroupement-dalignement.png\" sizes=\"auto, \" srcset=\"\" alt=\"alignment-grouping-arrow\" width=\"603\" height=\"253\"><\/li><li> An dieser Stelle wird das Dialogfeld \u201eZellen formatieren\u201c ge\u00f6ffnet.<\/li><li> Gehen Sie hier zur Registerkarte \u201eAusrichtung\u201c, klicken Sie dann auf den Dropdown-Pfeil des Felds \u201eHorizontal\u201c, w\u00e4hlen Sie \u201eAuf Auswahl zentrieren\u201c und klicken Sie auf \u201eOK\u201c. <br><img loading=\"lazy\" decoding=\"async\" title=\"-choose-center-on-selection\" src=\"https:\/\/exceladvisor.org\/wp-content\/uploads\/2023\/08\/3-choisir-le-centre-de-la-selection.png\" sizes=\"auto, \" srcset=\"\" alt=\"choose-center-across-selection\" width=\"514\" height=\"419\"><\/li><li> Wenn Sie nun den Text in die erste Zelle der Auswahl eingeben, platziert Excel ihn \u201eMittig auf der Auswahl\u201c. <br><img loading=\"lazy\" decoding=\"async\" title=\"-Geben Sie Text in die erste Zelle des Auswahlbereichs ein\" src=\"https:\/\/exceladvisor.org\/wp-content\/uploads\/2023\/08\/4-saisir-du-texte-dans-la-premiere-cellule-de-la-plage-de-selection.png\" sizes=\"auto, \" srcset=\"\" alt=\"enter-text-in-first-cell-of-selection-range\" width=\"659\" height=\"140\"><\/li><\/ol><p> Im Bild oben k\u00f6nnen Sie sehen, dass wir den Text in Spalte A eingegeben und Excel in \u201eAuf Auswahl zentrieren\u201c erstellt haben und es aussieht, als w\u00e4ren die Zellen zusammengef\u00fchrt, aber das ist nicht der Fall.<\/p><p> Selbst wenn Sie den Text in eine der Zellen der Auswahl und nicht in die erste Zelle eingeben, wird er immer noch auf der Auswahl zentriert, aber diese Mitte ist nicht die exakte Mitte.<\/p><h2 class=\"wp-block-heading\"> Mit der Tastenkombination auf die Auswahl zentrieren<\/h2><p> Es gibt keine direkte Tastenkombination, um den Text auf der Auswahl zu zentrieren, aber ja, mit der Kombination einiger Tastenkombinationen ist dies m\u00f6glich.<\/p><p> <kbd>Strg<\/kbd> + <kbd>1<\/kbd> \u2192 <kbd>A<\/kbd> \u2192 <kbd>Tab<\/kbd> \u2192 <kbd>C<\/kbd> \u2192 <kbd>C<\/kbd> \u2192 <kbd>Eingabetaste<\/kbd> \u2192 <kbd>Eingabetaste<\/kbd><\/p><ul><li> W\u00e4hlen Sie zun\u00e4chst den Zellbereich aus und dr\u00fccken Sie dann die Tastenkombination \u201eStrg+1\u201c, um das Dialogfeld \u201eZellen formatieren\u201c zu \u00f6ffnen.<\/li><li> Sobald es ge\u00f6ffnet ist, dr\u00fccken Sie einfach \u201eA\u201c, um im Dialogfeld \u201eZellen formatieren\u201c zur Registerkarte \u201eAusrichtung\u201c zu navigieren.<\/li><li> Dr\u00fccken Sie anschlie\u00dfend die \u201eTabulatortaste\u201c, um das Feld \u201eHorizontal\u201c hervorzuheben.<\/li><li> Dr\u00fccken Sie nun zweimal die Taste \u201eC\u201c, um die Option \u201eAuf Auswahl zentrieren\u201c auszuw\u00e4hlen, und dr\u00fccken Sie dann zweimal die Taste \u201eEnter\u201c.<\/li><\/ul><h2 class=\"wp-block-heading\"> Auf Auswahl zentrieren VS. Zellen zusammenf\u00fchren<\/h2><p> Ich glaube, Sie haben bereits bemerkt, dass der Unterschied zwischen diesen beiden darin besteht, dass \u201eZellen zusammengef\u00fchrt und nicht zusammengef\u00fchrt\u201c werden, w\u00e4hrend der Text \u201eauf Auswahl zentriert\u201c wird.<\/p><p> Bisher haben wir beim Schreiben dieses Blogs noch keine M\u00f6glichkeit gefunden, dieses \u201eCenter Across Selection\u201c f\u00fcr die vertikale Auswahl zu verwenden.<\/p><div class=\"gb-container gb-container-4db6181c gb-container-mt\"> <a class=\"gb-button gb-button-c5897111 gb-button-text gb-button-mt-button\" href=\"https:\/\/exceladvisor.org\/de\/excel-grundlagen\/\">Microsoft Excel-Grundlagen (Komponenten, Teile und Wissenshinweise)<\/a><h2 class=\"gb-headline gb-headline-665e5f6b gb-headline-text gb-headline-mt-heading\"> Verwandte Tutorials <\/h2><div class=\"gb-grid-wrapper gb-grid-wrapper-a20baf7c gb-grid-wrapper-mt-grid\"><div class=\"gb-grid-column gb-grid-column-65ddf67e\"><div class=\"gb-container gb-container-65ddf67e\"><ul><li> <a href=\"https:\/\/exceladvisor.org\/de\/titel-drucken\/\">Anwenden von Drucktiteln in Excel (Zeile 1 so einstellen, dass sie auf jeder Seite gedruckt wird)<\/a><\/li><li> <a href=\"https:\/\/exceladvisor.org\/de\/millimeterpapier\/\">Drucken Sie ein Millimeterpapier in Excel (quadratische Rastervorlage)<\/a><\/li><li> <a href=\"https:\/\/exceladvisor.org\/de\/seitenumbruch-entfernen\/\">Seitenumbruch in Excel entfernen<\/a><\/li><li> <a href=\"https:\/\/exceladvisor.org\/de\/druckbereich-festlegen\/\">Legen Sie den Druckbereich in Excel fest<\/a><\/li><li> <a href=\"https:\/\/exceladvisor.org\/de\/zentrieren-sie-das-arbeitsblatt-horizontal\/\">Zentrieren Sie ein Arbeitsblatt in Excel horizontal und vertikal<\/a><\/li><\/ul><\/div><\/div><\/div><\/div>","protected":false},"excerpt":{"rendered":"","protected":false},"author":1,"featured_media":0,"parent":0,"menu_order":0,"comment_status":"open","ping_status":"closed","template":"","meta":{"ub_ctt_via":"","footnotes":""},"class_list":["post-3591","page","type-page","status-publish","hentry"],"featured_image_src":null,"yoast_head":"<!-- This site is optimized with the Yoast SEO plugin v25.4 - https:\/\/yoast.com\/wordpress\/plugins\/seo\/ -->\n<title>Wie zentriere ich mich auf eine Auswahl in Excel?<\/title>\n<meta name=\"description\" content=\"Diese Kurzanleitung hilft Ihnen, Zellen mit \u201eCenter Across Selection\u201c zusammenzuf\u00fchren. Wir werden es in leicht verst\u00e4ndlichen Schritten besprechen.\" \/>\n<meta name=\"robots\" content=\"index, follow, max-snippet:-1, max-image-preview:large, max-video-preview:-1\" \/>\n<link rel=\"canonical\" href=\"https:\/\/exceladvisor.org\/de\/konzentrieren-sie-sich-auf-die-auswahl\/\" \/>\n<meta property=\"og:locale\" content=\"de_DE\" \/>\n<meta property=\"og:type\" content=\"article\" \/>\n<meta property=\"og:title\" content=\"Wie zentriere ich mich auf eine Auswahl in Excel?\" \/>\n<meta property=\"og:description\" content=\"Diese Kurzanleitung hilft Ihnen, Zellen mit \u201eCenter Across Selection\u201c zusammenzuf\u00fchren. Wir werden es in leicht verst\u00e4ndlichen Schritten besprechen.\" \/>\n<meta property=\"og:url\" content=\"https:\/\/exceladvisor.org\/de\/konzentrieren-sie-sich-auf-die-auswahl\/\" \/>\n<meta property=\"og:site_name\" content=\"Excel Advisor\" \/>\n<meta property=\"article:modified_time\" content=\"2023-12-03T13:06:12+00:00\" \/>\n<meta property=\"og:image\" content=\"https:\/\/exceladvisor.org\/wp-content\/uploads\/2023\/08\/1-selectionner-la-plage-de-cellules-2.png\" \/>\n<meta name=\"twitter:card\" content=\"summary_large_image\" \/>\n<meta name=\"twitter:label1\" content=\"Gesch\u00e4tzte Lesezeit\" \/>\n\t<meta name=\"twitter:data1\" content=\"3\u00a0Minuten\" \/>\n<script type=\"application\/ld+json\" class=\"yoast-schema-graph\">{\"@context\":\"https:\/\/schema.org\",\"@graph\":[{\"@type\":\"WebPage\",\"@id\":\"https:\/\/exceladvisor.org\/de\/konzentrieren-sie-sich-auf-die-auswahl\/\",\"url\":\"https:\/\/exceladvisor.org\/de\/konzentrieren-sie-sich-auf-die-auswahl\/\",\"name\":\"Wie zentriere ich mich auf eine Auswahl in Excel?\",\"isPartOf\":{\"@id\":\"https:\/\/exceladvisor.org\/de\/#website\"},\"primaryImageOfPage\":{\"@id\":\"https:\/\/exceladvisor.org\/de\/konzentrieren-sie-sich-auf-die-auswahl\/#primaryimage\"},\"image\":{\"@id\":\"https:\/\/exceladvisor.org\/de\/konzentrieren-sie-sich-auf-die-auswahl\/#primaryimage\"},\"thumbnailUrl\":\"https:\/\/exceladvisor.org\/wp-content\/uploads\/2023\/08\/1-selectionner-la-plage-de-cellules-2.png\",\"datePublished\":\"2023-10-17T19:47:21+00:00\",\"dateModified\":\"2023-12-03T13:06:12+00:00\",\"description\":\"Diese Kurzanleitung hilft Ihnen, Zellen mit \u201eCenter Across Selection\u201c zusammenzuf\u00fchren. Wir werden es in leicht verst\u00e4ndlichen Schritten besprechen.\",\"breadcrumb\":{\"@id\":\"https:\/\/exceladvisor.org\/de\/konzentrieren-sie-sich-auf-die-auswahl\/#breadcrumb\"},\"inLanguage\":\"de\",\"potentialAction\":[{\"@type\":\"ReadAction\",\"target\":[\"https:\/\/exceladvisor.org\/de\/konzentrieren-sie-sich-auf-die-auswahl\/\"]}]},{\"@type\":\"ImageObject\",\"inLanguage\":\"de\",\"@id\":\"https:\/\/exceladvisor.org\/de\/konzentrieren-sie-sich-auf-die-auswahl\/#primaryimage\",\"url\":\"https:\/\/exceladvisor.org\/wp-content\/uploads\/2023\/08\/1-selectionner-la-plage-de-cellules-2.png\",\"contentUrl\":\"https:\/\/exceladvisor.org\/wp-content\/uploads\/2023\/08\/1-selectionner-la-plage-de-cellules-2.png\"},{\"@type\":\"BreadcrumbList\",\"@id\":\"https:\/\/exceladvisor.org\/de\/konzentrieren-sie-sich-auf-die-auswahl\/#breadcrumb\",\"itemListElement\":[{\"@type\":\"ListItem\",\"position\":1,\"name\":\"Accueil\",\"item\":\"https:\/\/exceladvisor.org\/de\/\"},{\"@type\":\"ListItem\",\"position\":2,\"name\":\"Wie zentriere ich mich auf eine auswahl in excel?\"}]},{\"@type\":\"WebSite\",\"@id\":\"https:\/\/exceladvisor.org\/de\/#website\",\"url\":\"https:\/\/exceladvisor.org\/de\/\",\"name\":\"Excel Advisor\",\"description\":\"Ihr Leitfaden zur Datendominanz\",\"publisher\":{\"@id\":\"https:\/\/exceladvisor.org\/de\/#organization\"},\"potentialAction\":[{\"@type\":\"SearchAction\",\"target\":{\"@type\":\"EntryPoint\",\"urlTemplate\":\"https:\/\/exceladvisor.org\/de\/?s={search_term_string}\"},\"query-input\":{\"@type\":\"PropertyValueSpecification\",\"valueRequired\":true,\"valueName\":\"search_term_string\"}}],\"inLanguage\":\"de\"},{\"@type\":\"Organization\",\"@id\":\"https:\/\/exceladvisor.org\/de\/#organization\",\"name\":\"Excel Advisor\",\"url\":\"https:\/\/exceladvisor.org\/de\/\",\"logo\":{\"@type\":\"ImageObject\",\"inLanguage\":\"de\",\"@id\":\"https:\/\/exceladvisor.org\/de\/#\/schema\/logo\/image\/\",\"url\":\"https:\/\/exceladvisor.org\/de\/wp-content\/uploads\/2023\/11\/exceladvisor.org_.png\",\"contentUrl\":\"https:\/\/exceladvisor.org\/de\/wp-content\/uploads\/2023\/11\/exceladvisor.org_.png\",\"width\":105,\"height\":36,\"caption\":\"Excel Advisor\"},\"image\":{\"@id\":\"https:\/\/exceladvisor.org\/de\/#\/schema\/logo\/image\/\"}}]}<\/script>\n<!-- \/ Yoast SEO plugin. -->","yoast_head_json":{"title":"Wie zentriere ich mich auf eine Auswahl in Excel?","description":"Diese Kurzanleitung hilft Ihnen, Zellen mit \u201eCenter Across Selection\u201c zusammenzuf\u00fchren. Wir werden es in leicht verst\u00e4ndlichen Schritten besprechen.","robots":{"index":"index","follow":"follow","max-snippet":"max-snippet:-1","max-image-preview":"max-image-preview:large","max-video-preview":"max-video-preview:-1"},"canonical":"https:\/\/exceladvisor.org\/de\/konzentrieren-sie-sich-auf-die-auswahl\/","og_locale":"de_DE","og_type":"article","og_title":"Wie zentriere ich mich auf eine Auswahl in Excel?","og_description":"Diese Kurzanleitung hilft Ihnen, Zellen mit \u201eCenter Across Selection\u201c zusammenzuf\u00fchren. Wir werden es in leicht verst\u00e4ndlichen Schritten besprechen.","og_url":"https:\/\/exceladvisor.org\/de\/konzentrieren-sie-sich-auf-die-auswahl\/","og_site_name":"Excel Advisor","article_modified_time":"2023-12-03T13:06:12+00:00","og_image":[{"url":"https:\/\/exceladvisor.org\/wp-content\/uploads\/2023\/08\/1-selectionner-la-plage-de-cellules-2.png","type":"","width":"","height":""}],"twitter_card":"summary_large_image","twitter_misc":{"Gesch\u00e4tzte Lesezeit":"3\u00a0Minuten"},"schema":{"@context":"https:\/\/schema.org","@graph":[{"@type":"WebPage","@id":"https:\/\/exceladvisor.org\/de\/konzentrieren-sie-sich-auf-die-auswahl\/","url":"https:\/\/exceladvisor.org\/de\/konzentrieren-sie-sich-auf-die-auswahl\/","name":"Wie zentriere ich mich auf eine Auswahl in Excel?","isPartOf":{"@id":"https:\/\/exceladvisor.org\/de\/#website"},"primaryImageOfPage":{"@id":"https:\/\/exceladvisor.org\/de\/konzentrieren-sie-sich-auf-die-auswahl\/#primaryimage"},"image":{"@id":"https:\/\/exceladvisor.org\/de\/konzentrieren-sie-sich-auf-die-auswahl\/#primaryimage"},"thumbnailUrl":"https:\/\/exceladvisor.org\/wp-content\/uploads\/2023\/08\/1-selectionner-la-plage-de-cellules-2.png","datePublished":"2023-10-17T19:47:21+00:00","dateModified":"2023-12-03T13:06:12+00:00","description":"Diese Kurzanleitung hilft Ihnen, Zellen mit \u201eCenter Across Selection\u201c zusammenzuf\u00fchren. Wir werden es in leicht verst\u00e4ndlichen Schritten besprechen.","breadcrumb":{"@id":"https:\/\/exceladvisor.org\/de\/konzentrieren-sie-sich-auf-die-auswahl\/#breadcrumb"},"inLanguage":"de","potentialAction":[{"@type":"ReadAction","target":["https:\/\/exceladvisor.org\/de\/konzentrieren-sie-sich-auf-die-auswahl\/"]}]},{"@type":"ImageObject","inLanguage":"de","@id":"https:\/\/exceladvisor.org\/de\/konzentrieren-sie-sich-auf-die-auswahl\/#primaryimage","url":"https:\/\/exceladvisor.org\/wp-content\/uploads\/2023\/08\/1-selectionner-la-plage-de-cellules-2.png","contentUrl":"https:\/\/exceladvisor.org\/wp-content\/uploads\/2023\/08\/1-selectionner-la-plage-de-cellules-2.png"},{"@type":"BreadcrumbList","@id":"https:\/\/exceladvisor.org\/de\/konzentrieren-sie-sich-auf-die-auswahl\/#breadcrumb","itemListElement":[{"@type":"ListItem","position":1,"name":"Accueil","item":"https:\/\/exceladvisor.org\/de\/"},{"@type":"ListItem","position":2,"name":"Wie zentriere ich mich auf eine auswahl in excel?"}]},{"@type":"WebSite","@id":"https:\/\/exceladvisor.org\/de\/#website","url":"https:\/\/exceladvisor.org\/de\/","name":"Excel Advisor","description":"Ihr Leitfaden zur Datendominanz","publisher":{"@id":"https:\/\/exceladvisor.org\/de\/#organization"},"potentialAction":[{"@type":"SearchAction","target":{"@type":"EntryPoint","urlTemplate":"https:\/\/exceladvisor.org\/de\/?s={search_term_string}"},"query-input":{"@type":"PropertyValueSpecification","valueRequired":true,"valueName":"search_term_string"}}],"inLanguage":"de"},{"@type":"Organization","@id":"https:\/\/exceladvisor.org\/de\/#organization","name":"Excel Advisor","url":"https:\/\/exceladvisor.org\/de\/","logo":{"@type":"ImageObject","inLanguage":"de","@id":"https:\/\/exceladvisor.org\/de\/#\/schema\/logo\/image\/","url":"https:\/\/exceladvisor.org\/de\/wp-content\/uploads\/2023\/11\/exceladvisor.org_.png","contentUrl":"https:\/\/exceladvisor.org\/de\/wp-content\/uploads\/2023\/11\/exceladvisor.org_.png","width":105,"height":36,"caption":"Excel Advisor"},"image":{"@id":"https:\/\/exceladvisor.org\/de\/#\/schema\/logo\/image\/"}}]}},"yoast_meta":{"yoast_wpseo_title":"","yoast_wpseo_metadesc":"","yoast_wpseo_canonical":""},"_links":{"self":[{"href":"https:\/\/exceladvisor.org\/de\/wp-json\/wp\/v2\/pages\/3591","targetHints":{"allow":["GET"]}}],"collection":[{"href":"https:\/\/exceladvisor.org\/de\/wp-json\/wp\/v2\/pages"}],"about":[{"href":"https:\/\/exceladvisor.org\/de\/wp-json\/wp\/v2\/types\/page"}],"author":[{"embeddable":true,"href":"https:\/\/exceladvisor.org\/de\/wp-json\/wp\/v2\/users\/1"}],"replies":[{"embeddable":true,"href":"https:\/\/exceladvisor.org\/de\/wp-json\/wp\/v2\/comments?post=3591"}],"version-history":[{"count":1,"href":"https:\/\/exceladvisor.org\/de\/wp-json\/wp\/v2\/pages\/3591\/revisions"}],"predecessor-version":[{"id":4440,"href":"https:\/\/exceladvisor.org\/de\/wp-json\/wp\/v2\/pages\/3591\/revisions\/4440"}],"wp:attachment":[{"href":"https:\/\/exceladvisor.org\/de\/wp-json\/wp\/v2\/media?parent=3591"}],"curies":[{"name":"wp","href":"https:\/\/api.w.org\/{rel}","templated":true}]}}