{"id":3592,"date":"2023-10-17T18:10:45","date_gmt":"2023-10-17T18:10:45","guid":{"rendered":"https:\/\/exceladvisor.org\/de\/automatisch-rollierende-monate\/"},"modified":"2023-12-03T11:19:26","modified_gmt":"2023-12-03T11:19:26","slug":"automatisch-rollierende-monate","status":"publish","type":"page","link":"https:\/\/exceladvisor.org\/de\/automatisch-rollierende-monate\/","title":{"rendered":"Wie erstelle ich automatisch rollierende monate in excel?"},"content":{"rendered":"<div class=\"excel-vor-dem-inhalt\" id=\"excel-3613133974\"><script type=\"text\/javascript\">\r\n\tatOptions = {\r\n\t\t'key' : 'c1158f160081d6540a8409e6925dab94',\r\n\t\t'format' : 'iframe',\r\n\t\t'height' : 250,\r\n\t\t'width' : 300,\r\n\t\t'params' : {}\r\n\t};\r\n<\/script>\r\n<script type=\"text\/javascript\" src=\"\/\/www.highperformanceformat.com\/c1158f160081d6540a8409e6925dab94\/invoke.js\"><\/script><\/div> <p>Wenn Sie mit Datens\u00e4tzen arbeiten, befinden Sie sich h\u00e4ufig in der Situation, dass Sie eine Reihe von Datumsangaben hinzuf\u00fcgen m\u00fcssen, und zwar nur in Schritten von aufeinanderfolgenden Monaten. Viele von uns wissen vielleicht nicht, dass Excel \u00fcber die Funktionalit\u00e4t verf\u00fcgt, dies zu automatisieren, was Zeit sparen kann.<\/p><p> In diesem Tutorial zeigen wir Ihnen einige schnelle und einfache M\u00f6glichkeiten, rollierende Monate in der Datumsreihe zu automatisieren.<\/p><h2 class=\"wp-block-heading\"> Schritte zum Erstellen automatischer rollierender Monate mithilfe des F\u00fcllgriffs<\/h2><p> Fill Handle kann verwendet werden, um verschiedene Arten von Datenreihen zu automatisieren, und rollierende Monate sind eine davon. Dies ist der einfachste Weg, rollierende Monate zu automatisieren.<\/p><ol><li> Geben Sie zun\u00e4chst das erste Datum in die Zelle ein, ab dem Sie die Datenreihe beginnen m\u00f6chten.<\/li><li> Platzieren Sie anschlie\u00dfend den Cursor auf dem \u201e <a href=\"https:\/\/exceladvisor.org\/de\/fullgriff\/\">F\u00fcllpunkt<\/a> \u201c unten rechts in der Zelle.<\/li><li> Halten Sie nun die Maus dort gedr\u00fcckt und scrollen Sie dann nach unten. Die Datumsreihe wird erstellt, jedoch mit der Erh\u00f6hung der Datumsangaben.<\/li><li> Wenn Sie fertig sind, klicken Sie auf das \u201eAusf\u00fcllen\u201c-Symbol und w\u00e4hlen Sie dann die Option \u201eMonate ausf\u00fcllen\u201c.<\/li><li> Sobald Sie \u201eMonate f\u00fcllen\u201c w\u00e4hlen, wird die Serie nur in fortlaufenden Monaten schrittweise aktualisiert. <\/li><\/ol><div class=\"wp-block-image\"><figure class=\"aligncenter size-full is-resized\"><img loading=\"lazy\" decoding=\"async\" class=\"wp-image-84479\" src=\"https:\/\/exceladvisor.org\/wp-content\/uploads\/2023\/08\/1-mois-glissants-automatiques.gif\" sizes=\"auto, \" srcset=\"\" alt=\"automatisch rollierende Monate\" width=\"338\" height=\"370\"><\/figure><\/div><h2 class=\"wp-block-heading\"> Automatisieren Sie rollierende Monate mithilfe der F\u00fclloption<\/h2><ol><li> Geben Sie zun\u00e4chst das Datum in die Zelle ein und platzieren Sie dann den Cursor \u00fcber dem \u201e <a href=\"https:\/\/exceladvisor.org\/de\/fullgriff\/\">F\u00fcllpunkt<\/a> \u201c unten rechts in der Zelle. <br><img loading=\"lazy\" decoding=\"async\" title=\"2-Hover-on-Fill-Griff\" src=\"https:\/\/exceladvisor.org\/wp-content\/uploads\/2023\/08\/2-pointez-sur-la-poignee-de-remplissage.png\" sizes=\"auto, \" srcset=\"\" alt=\"hover-on-fill-handle\" width=\"261\" height=\"189\"><\/li><li> Halten Sie anschlie\u00dfend die Maus dort gedr\u00fcckt und scrollen Sie dann nach unten. Die Datumsreihe wird erstellt, jedoch mit der Erh\u00f6hung der Datumsangaben. <br><img loading=\"lazy\" decoding=\"async\" title=\"3-Datums-Serie mit F\u00fcllgriff\" src=\"https:\/\/exceladvisor.org\/wp-content\/uploads\/2023\/08\/3-series-de-dates-avec-poignee-de-remplissage.png\" sizes=\"auto, \" srcset=\"\" alt=\"date-series-with-fill-handle\" width=\"197\" height=\"320\"><\/li><li> W\u00e4hlen Sie nun die gesamte Serie aus und gehen Sie zur Registerkarte \u201eStartseite\u201c, klicken Sie dann auf das Symbol \u201eF\u00fcllen\u201c unter der Gruppe \u201eBearbeiten\u201c und w\u00e4hlen Sie die Option \u201eSerie\u201c. <br><img loading=\"lazy\" decoding=\"async\" title=\"4-w\u00e4hlen-serie-derzeit-bearbeitet\" src=\"https:\/\/exceladvisor.org\/wp-content\/uploads\/2023\/08\/4-choisir-la-serie-en-cours-dedition.png\" sizes=\"auto, \" srcset=\"\" alt=\"choose-series-under-editing\" width=\"517\" height=\"364\"><\/li><li> W\u00e4hlen Sie im Dialogfeld \u201eReihe\u201c die Option \u201eSpalten\u201c, dann \u201eDatum\u201c und dann \u201eMonat\u201c, geben Sie dann 1 als Wert in das Feld \u201eSchrittwert\u201c ein und klicken Sie auf \u201eOK\u201c. <br><img loading=\"lazy\" decoding=\"async\" title=\"Dialog der Serie 5\" src=\"https:\/\/exceladvisor.org\/wp-content\/uploads\/2023\/08\/Boite-de-dialogue-de-la-serie-5.png\" sizes=\"auto, \" srcset=\"\" alt=\"series-dialog-box\" width=\"337\" height=\"287\"><\/li><li> Sobald Sie auf \u201eOK\u201c klicken, wird Ihre ausgew\u00e4hlte Datumsreihe nur in Schritten in Monaten aktualisiert. <br><img loading=\"lazy\" decoding=\"async\" title=\"6-Datumsreihe-mit-inkrementellen-Monaten\" src=\"https:\/\/exceladvisor.org\/wp-content\/uploads\/2023\/08\/6-series-de-dates-avec-des-mois-supplementaires.png\" sizes=\"auto, \" srcset=\"\" alt=\"date-series-with-incremental-months\" width=\"194\" height=\"318\"><\/li><\/ol><h2 class=\"wp-block-heading\"> Automatisieren Sie rollierende Monate mithilfe einer Formel<\/h2><p> Sie k\u00f6nnen die Datumsreihe auch mit rollierenden Monaten erstellen, indem Sie die Funktionen DATE, YEAR, MONTH, MOD und DAY kombinieren.<\/p><pre class=\"wp-block-preformatted\"> =DATE(IF(MONTH(A2)+1&gt;12,YEAR(A2)+1,YEAR(A2)),IF(MONTH(A2)+1&gt;12,MOD(MONTH(A2)+1,12), MONTH(A2)+1),DAY(A2))<\/pre><ol><li> Geben Sie zun\u00e4chst das erste Datum in die Zelle ein, ab dem Sie die Datenreihe beginnen m\u00f6chten.<\/li><li> Schreiben Sie anschlie\u00dfend in die n\u00e4chste Zelle direkt unter dieser Zelle die oben angegebene kombinierte Formel und Sie erhalten die Daten mit dem fortlaufenden Monat. <br><img loading=\"lazy\" decoding=\"async\" title=\"7-Monats-Gleiten nach der Formel\" src=\"https:\/\/exceladvisor.org\/wp-content\/uploads\/2023\/08\/7-mois-glissants-en-utilisant-la-formule.png\" sizes=\"auto, \" srcset=\"\" alt=\"rolling-months-using-formula\" width=\"994\" height=\"189\"><\/li><li> Erstellen Sie nun mit der Option <a href=\"https:\/\/exceladvisor.org\/de\/fullgriff\/\">\u201eFill Handle\u201c<\/a> die Datenreihe nach unten. <br><img loading=\"lazy\" decoding=\"async\" title=\"8-Ziehen Sie mit dem F\u00fcllgriff\" src=\"https:\/\/exceladvisor.org\/wp-content\/uploads\/2023\/08\/8-faites-glisser-a-laide-de-la-poignee-de-recopie.png\" sizes=\"auto, \" srcset=\"\" alt=\"drag-using-fill-handle\" width=\"247\" height=\"214\"><\/li><li> Zu diesem Zeitpunkt wurde Ihre Datumsreihe mit fortlaufenden Monaten erstellt. <br><img loading=\"lazy\" decoding=\"async\" title=\"Nur 9 Datumsreihen mit fortlaufenden Monaten\" src=\"https:\/\/exceladvisor.org\/wp-content\/uploads\/2023\/08\/9-series-de-dates-uniquement-avec-des-mois-glissants.png\" sizes=\"auto, \" srcset=\"\" alt=\"date-series-only-with-rolling-months\" width=\"200\" height=\"315\"><\/li><\/ol><h2 class=\"wp-block-heading\"> Wie funktioniert diese Formel?<\/h2><p> Um die Formel zu verstehen. Teilen wir die Formel in drei Teile: <\/p><div class=\"wp-block-image\"><figure class=\"aligncenter size-full\"><img loading=\"lazy\" decoding=\"async\" class=\"wp-image-84488\" src=\"https:\/\/exceladvisor.org\/wp-content\/uploads\/2023\/08\/Formule-10-mois-glissants.png\" sizes=\"auto, \" srcset=\"\" alt=\"Formel f\u00fcr rollierende Monate\" width=\"1514\" height=\"114\"><\/figure><\/div><pre class=\"wp-block-preformatted\"> =IF(MONTH(A2)+1&gt;12,YEAR(A2)+1,YEAR(A2))<\/pre><p> Wenn im ersten Teil die Summe des Monats plus 1 gr\u00f6\u00dfer als 12 ist, wird der Wert des Jahres durch Addition von 1 zur\u00fcckgegeben, andernfalls wird dasselbe Jahr zur\u00fcckgegeben, das wir im Datum haben.<\/p><pre class=\"wp-block-preformatted\"> =IF(MONTH(A2)+1&gt;12,MOD(MONTH(A2)+1,12),MONTH(A2)+1)<\/pre><p> Wenn im zweiten Teil die Summe aus Monat plus 1 gr\u00f6\u00dfer als 12 ist, wird die Summe aus Monat plus 1 durch 12 dividiert und der Rest entsprechend zur\u00fcckgegeben, andernfalls wird entsprechend 1 im Monat addiert<\/p><p> Im dritten Teil \u00fcbernimmt die Funktion \u201eDatum\u201c die resultierenden Monats- und Jahreswerte aus dem ersten und zweiten Teil der Formel und f\u00fcgt ihnen die Tagesnummer des Datums hinzu.<\/p><div class=\"gb-container gb-container-4db6181c gb-container-mt\"> <a class=\"gb-button gb-button-c5897111 gb-button-text gb-button-mt-button\" href=\"https:\/\/exceladvisor.org\/de\/excel-fortschritt\/\">Erweiterte Excel-Tutorials<\/a><h2 class=\"gb-headline gb-headline-665e5f6b gb-headline-text gb-headline-mt-heading\"> Verwandte Tutorials <\/h2><div class=\"gb-grid-wrapper gb-grid-wrapper-a20baf7c gb-grid-wrapper-mt-grid\"><div class=\"gb-grid-column gb-grid-column-65ddf67e\"><div class=\"gb-container gb-container-65ddf67e\"><ul><li> <a href=\"https:\/\/exceladvisor.org\/de\/vollig-rechtfertigen\/\">F\u00fcllen Sie \u201eAusrichten\u201c in Excel aus<\/a><\/li><li> <a href=\"https:\/\/exceladvisor.org\/de\/excel-formelleiste\/\">Formelleiste in Excel (ausblenden, anzeigen und erweitern)<\/a><\/li><li> <a href=\"https:\/\/exceladvisor.org\/de\/fugen-sie-eine-fusszeile-hinzu\/\">F\u00fcgen Sie in Excel eine Kopf- und Fu\u00dfzeile hinzu<\/a><\/li><li> <a href=\"https:\/\/exceladvisor.org\/de\/herrscher\/\">Lineal in Excel anzeigen<\/a><\/li><li> <a href=\"https:\/\/exceladvisor.org\/de\/fullgriff\/\">Handle in Excel ausf\u00fcllen<\/a><\/li><\/ul><\/div><\/div><\/div><\/div>","protected":false},"excerpt":{"rendered":"","protected":false},"author":1,"featured_media":0,"parent":0,"menu_order":0,"comment_status":"open","ping_status":"closed","template":"","meta":{"ub_ctt_via":"","footnotes":""},"class_list":["post-3592","page","type-page","status-publish","hentry"],"featured_image_src":null,"yoast_head":"<!-- This site is optimized with the Yoast SEO plugin v25.4 - https:\/\/yoast.com\/wordpress\/plugins\/seo\/ -->\n<title>Wie erstelle ich automatisch rollierende Monate in Excel?<\/title>\n<meta name=\"description\" content=\"Diese Kurzanleitung hilft Ihnen beim Erstellen rollierender Monate in Excel mithilfe der Option zum Ausf\u00fcllen von Ziehpunkten. Lassen Sie uns das \u00fcberpr\u00fcfen.\" \/>\n<meta name=\"robots\" content=\"index, follow, max-snippet:-1, max-image-preview:large, max-video-preview:-1\" \/>\n<link rel=\"canonical\" href=\"https:\/\/exceladvisor.org\/de\/automatisch-rollierende-monate\/\" \/>\n<meta property=\"og:locale\" content=\"de_DE\" \/>\n<meta property=\"og:type\" content=\"article\" \/>\n<meta property=\"og:title\" content=\"Wie erstelle ich automatisch rollierende Monate in Excel?\" \/>\n<meta property=\"og:description\" content=\"Diese Kurzanleitung hilft Ihnen beim Erstellen rollierender Monate in Excel mithilfe der Option zum Ausf\u00fcllen von Ziehpunkten. Lassen Sie uns das \u00fcberpr\u00fcfen.\" \/>\n<meta property=\"og:url\" content=\"https:\/\/exceladvisor.org\/de\/automatisch-rollierende-monate\/\" \/>\n<meta property=\"og:site_name\" content=\"Excel Advisor\" \/>\n<meta property=\"article:modified_time\" content=\"2023-12-03T11:19:26+00:00\" \/>\n<meta property=\"og:image\" content=\"https:\/\/exceladvisor.org\/wp-content\/uploads\/2023\/08\/1-mois-glissants-automatiques.gif\" \/>\n<meta name=\"twitter:card\" content=\"summary_large_image\" \/>\n<meta name=\"twitter:label1\" content=\"Gesch\u00e4tzte Lesezeit\" \/>\n\t<meta name=\"twitter:data1\" content=\"3\u00a0Minuten\" \/>\n<script type=\"application\/ld+json\" class=\"yoast-schema-graph\">{\"@context\":\"https:\/\/schema.org\",\"@graph\":[{\"@type\":\"WebPage\",\"@id\":\"https:\/\/exceladvisor.org\/de\/automatisch-rollierende-monate\/\",\"url\":\"https:\/\/exceladvisor.org\/de\/automatisch-rollierende-monate\/\",\"name\":\"Wie erstelle ich automatisch rollierende Monate in Excel?\",\"isPartOf\":{\"@id\":\"https:\/\/exceladvisor.org\/de\/#website\"},\"primaryImageOfPage\":{\"@id\":\"https:\/\/exceladvisor.org\/de\/automatisch-rollierende-monate\/#primaryimage\"},\"image\":{\"@id\":\"https:\/\/exceladvisor.org\/de\/automatisch-rollierende-monate\/#primaryimage\"},\"thumbnailUrl\":\"https:\/\/exceladvisor.org\/wp-content\/uploads\/2023\/08\/1-mois-glissants-automatiques.gif\",\"datePublished\":\"2023-10-17T18:10:45+00:00\",\"dateModified\":\"2023-12-03T11:19:26+00:00\",\"description\":\"Diese Kurzanleitung hilft Ihnen beim Erstellen rollierender Monate in Excel mithilfe der Option zum Ausf\u00fcllen von Ziehpunkten. Lassen Sie uns das \u00fcberpr\u00fcfen.\",\"breadcrumb\":{\"@id\":\"https:\/\/exceladvisor.org\/de\/automatisch-rollierende-monate\/#breadcrumb\"},\"inLanguage\":\"de\",\"potentialAction\":[{\"@type\":\"ReadAction\",\"target\":[\"https:\/\/exceladvisor.org\/de\/automatisch-rollierende-monate\/\"]}]},{\"@type\":\"ImageObject\",\"inLanguage\":\"de\",\"@id\":\"https:\/\/exceladvisor.org\/de\/automatisch-rollierende-monate\/#primaryimage\",\"url\":\"https:\/\/exceladvisor.org\/wp-content\/uploads\/2023\/08\/1-mois-glissants-automatiques.gif\",\"contentUrl\":\"https:\/\/exceladvisor.org\/wp-content\/uploads\/2023\/08\/1-mois-glissants-automatiques.gif\"},{\"@type\":\"BreadcrumbList\",\"@id\":\"https:\/\/exceladvisor.org\/de\/automatisch-rollierende-monate\/#breadcrumb\",\"itemListElement\":[{\"@type\":\"ListItem\",\"position\":1,\"name\":\"Accueil\",\"item\":\"https:\/\/exceladvisor.org\/de\/\"},{\"@type\":\"ListItem\",\"position\":2,\"name\":\"Wie erstelle ich automatisch rollierende monate in excel?\"}]},{\"@type\":\"WebSite\",\"@id\":\"https:\/\/exceladvisor.org\/de\/#website\",\"url\":\"https:\/\/exceladvisor.org\/de\/\",\"name\":\"Excel Advisor\",\"description\":\"Ihr Leitfaden zur Datendominanz\",\"publisher\":{\"@id\":\"https:\/\/exceladvisor.org\/de\/#organization\"},\"potentialAction\":[{\"@type\":\"SearchAction\",\"target\":{\"@type\":\"EntryPoint\",\"urlTemplate\":\"https:\/\/exceladvisor.org\/de\/?s={search_term_string}\"},\"query-input\":{\"@type\":\"PropertyValueSpecification\",\"valueRequired\":true,\"valueName\":\"search_term_string\"}}],\"inLanguage\":\"de\"},{\"@type\":\"Organization\",\"@id\":\"https:\/\/exceladvisor.org\/de\/#organization\",\"name\":\"Excel Advisor\",\"url\":\"https:\/\/exceladvisor.org\/de\/\",\"logo\":{\"@type\":\"ImageObject\",\"inLanguage\":\"de\",\"@id\":\"https:\/\/exceladvisor.org\/de\/#\/schema\/logo\/image\/\",\"url\":\"https:\/\/exceladvisor.org\/de\/wp-content\/uploads\/2023\/11\/exceladvisor.org_.png\",\"contentUrl\":\"https:\/\/exceladvisor.org\/de\/wp-content\/uploads\/2023\/11\/exceladvisor.org_.png\",\"width\":105,\"height\":36,\"caption\":\"Excel Advisor\"},\"image\":{\"@id\":\"https:\/\/exceladvisor.org\/de\/#\/schema\/logo\/image\/\"}}]}<\/script>\n<!-- \/ Yoast SEO plugin. -->","yoast_head_json":{"title":"Wie erstelle ich automatisch rollierende Monate in Excel?","description":"Diese Kurzanleitung hilft Ihnen beim Erstellen rollierender Monate in Excel mithilfe der Option zum Ausf\u00fcllen von Ziehpunkten. Lassen Sie uns das \u00fcberpr\u00fcfen.","robots":{"index":"index","follow":"follow","max-snippet":"max-snippet:-1","max-image-preview":"max-image-preview:large","max-video-preview":"max-video-preview:-1"},"canonical":"https:\/\/exceladvisor.org\/de\/automatisch-rollierende-monate\/","og_locale":"de_DE","og_type":"article","og_title":"Wie erstelle ich automatisch rollierende Monate in Excel?","og_description":"Diese Kurzanleitung hilft Ihnen beim Erstellen rollierender Monate in Excel mithilfe der Option zum Ausf\u00fcllen von Ziehpunkten. Lassen Sie uns das \u00fcberpr\u00fcfen.","og_url":"https:\/\/exceladvisor.org\/de\/automatisch-rollierende-monate\/","og_site_name":"Excel Advisor","article_modified_time":"2023-12-03T11:19:26+00:00","og_image":[{"url":"https:\/\/exceladvisor.org\/wp-content\/uploads\/2023\/08\/1-mois-glissants-automatiques.gif","type":"","width":"","height":""}],"twitter_card":"summary_large_image","twitter_misc":{"Gesch\u00e4tzte Lesezeit":"3\u00a0Minuten"},"schema":{"@context":"https:\/\/schema.org","@graph":[{"@type":"WebPage","@id":"https:\/\/exceladvisor.org\/de\/automatisch-rollierende-monate\/","url":"https:\/\/exceladvisor.org\/de\/automatisch-rollierende-monate\/","name":"Wie erstelle ich automatisch rollierende Monate in Excel?","isPartOf":{"@id":"https:\/\/exceladvisor.org\/de\/#website"},"primaryImageOfPage":{"@id":"https:\/\/exceladvisor.org\/de\/automatisch-rollierende-monate\/#primaryimage"},"image":{"@id":"https:\/\/exceladvisor.org\/de\/automatisch-rollierende-monate\/#primaryimage"},"thumbnailUrl":"https:\/\/exceladvisor.org\/wp-content\/uploads\/2023\/08\/1-mois-glissants-automatiques.gif","datePublished":"2023-10-17T18:10:45+00:00","dateModified":"2023-12-03T11:19:26+00:00","description":"Diese Kurzanleitung hilft Ihnen beim Erstellen rollierender Monate in Excel mithilfe der Option zum Ausf\u00fcllen von Ziehpunkten. Lassen Sie uns das \u00fcberpr\u00fcfen.","breadcrumb":{"@id":"https:\/\/exceladvisor.org\/de\/automatisch-rollierende-monate\/#breadcrumb"},"inLanguage":"de","potentialAction":[{"@type":"ReadAction","target":["https:\/\/exceladvisor.org\/de\/automatisch-rollierende-monate\/"]}]},{"@type":"ImageObject","inLanguage":"de","@id":"https:\/\/exceladvisor.org\/de\/automatisch-rollierende-monate\/#primaryimage","url":"https:\/\/exceladvisor.org\/wp-content\/uploads\/2023\/08\/1-mois-glissants-automatiques.gif","contentUrl":"https:\/\/exceladvisor.org\/wp-content\/uploads\/2023\/08\/1-mois-glissants-automatiques.gif"},{"@type":"BreadcrumbList","@id":"https:\/\/exceladvisor.org\/de\/automatisch-rollierende-monate\/#breadcrumb","itemListElement":[{"@type":"ListItem","position":1,"name":"Accueil","item":"https:\/\/exceladvisor.org\/de\/"},{"@type":"ListItem","position":2,"name":"Wie erstelle ich automatisch rollierende monate in excel?"}]},{"@type":"WebSite","@id":"https:\/\/exceladvisor.org\/de\/#website","url":"https:\/\/exceladvisor.org\/de\/","name":"Excel Advisor","description":"Ihr Leitfaden zur Datendominanz","publisher":{"@id":"https:\/\/exceladvisor.org\/de\/#organization"},"potentialAction":[{"@type":"SearchAction","target":{"@type":"EntryPoint","urlTemplate":"https:\/\/exceladvisor.org\/de\/?s={search_term_string}"},"query-input":{"@type":"PropertyValueSpecification","valueRequired":true,"valueName":"search_term_string"}}],"inLanguage":"de"},{"@type":"Organization","@id":"https:\/\/exceladvisor.org\/de\/#organization","name":"Excel Advisor","url":"https:\/\/exceladvisor.org\/de\/","logo":{"@type":"ImageObject","inLanguage":"de","@id":"https:\/\/exceladvisor.org\/de\/#\/schema\/logo\/image\/","url":"https:\/\/exceladvisor.org\/de\/wp-content\/uploads\/2023\/11\/exceladvisor.org_.png","contentUrl":"https:\/\/exceladvisor.org\/de\/wp-content\/uploads\/2023\/11\/exceladvisor.org_.png","width":105,"height":36,"caption":"Excel Advisor"},"image":{"@id":"https:\/\/exceladvisor.org\/de\/#\/schema\/logo\/image\/"}}]}},"yoast_meta":{"yoast_wpseo_title":"","yoast_wpseo_metadesc":"","yoast_wpseo_canonical":""},"_links":{"self":[{"href":"https:\/\/exceladvisor.org\/de\/wp-json\/wp\/v2\/pages\/3592","targetHints":{"allow":["GET"]}}],"collection":[{"href":"https:\/\/exceladvisor.org\/de\/wp-json\/wp\/v2\/pages"}],"about":[{"href":"https:\/\/exceladvisor.org\/de\/wp-json\/wp\/v2\/types\/page"}],"author":[{"embeddable":true,"href":"https:\/\/exceladvisor.org\/de\/wp-json\/wp\/v2\/users\/1"}],"replies":[{"embeddable":true,"href":"https:\/\/exceladvisor.org\/de\/wp-json\/wp\/v2\/comments?post=3592"}],"version-history":[{"count":1,"href":"https:\/\/exceladvisor.org\/de\/wp-json\/wp\/v2\/pages\/3592\/revisions"}],"predecessor-version":[{"id":3935,"href":"https:\/\/exceladvisor.org\/de\/wp-json\/wp\/v2\/pages\/3592\/revisions\/3935"}],"wp:attachment":[{"href":"https:\/\/exceladvisor.org\/de\/wp-json\/wp\/v2\/media?parent=3592"}],"curies":[{"name":"wp","href":"https:\/\/api.w.org\/{rel}","templated":true}]}}