{"id":3593,"date":"2023-10-17T17:18:59","date_gmt":"2023-10-17T17:18:59","guid":{"rendered":"https:\/\/exceladvisor.org\/de\/scroll-sperre\/"},"modified":"2023-12-03T11:13:58","modified_gmt":"2023-12-03T11:13:58","slug":"scroll-sperre","status":"publish","type":"page","link":"https:\/\/exceladvisor.org\/de\/scroll-sperre\/","title":{"rendered":"Wie behebe ich, dass pfeiltasten in excel nicht funktionieren?"},"content":{"rendered":"<div class=\"excel-vor-dem-inhalt\" id=\"excel-3607114564\"><script type=\"text\/javascript\">\r\n\tatOptions = {\r\n\t\t'key' : 'c1158f160081d6540a8409e6925dab94',\r\n\t\t'format' : 'iframe',\r\n\t\t'height' : 250,\r\n\t\t'width' : 300,\r\n\t\t'params' : {}\r\n\t};\r\n<\/script>\r\n<script type=\"text\/javascript\" src=\"\/\/www.highperformanceformat.com\/c1158f160081d6540a8409e6925dab94\/invoke.js\"><\/script><\/div> <p>Das passiert mir oft, wenn ich versuche, mit der Pfeiltaste auf der Tastatur zu navigieren, aber anstatt zur n\u00e4chsten Zelle zu navigieren, wird das Excel-Fenster verschoben. Dies geschieht in Excel unter Windows, jedoch nicht so h\u00e4ufig auf dem Mac.<\/p><p> Was ist der Grund? Scroll-Sperre<\/p><h2 class=\"wp-block-heading\"> Pfeiltasten in Excel reparieren (Bildlaufsperre)<\/h2><p> Wenn Sie eine PC-Tastatur verwenden, verf\u00fcgen Sie m\u00f6glicherweise \u00fcber die Scroll-Lock-Taste. Dr\u00fccken Sie diese. Dadurch wird die Scroll-Sperre deaktiviert und Ihre Pfeiltasten funktionieren wieder. <\/p><div class=\"wp-block-image\"><figure class=\"aligncenter size-full is-resized\"><img loading=\"lazy\" decoding=\"async\" class=\"wp-image-85895\" src=\"https:\/\/exceladvisor.org\/wp-content\/uploads\/2023\/08\/1-fixer-les-touches-flechees.png\" sizes=\"auto, \" srcset=\"\" alt=\"Korrigieren Sie die Pfeiltasten\" width=\"116\" height=\"110\"><\/figure><\/div><p> Wenn Sie Excel jedoch von einem Laptop aus verwenden, auf dem Sie keine Scroll-Taste haben, k\u00f6nnen Sie Folgendes verwenden:<\/p><p> <strong>Fn+K<\/strong><\/p><p> Zum Deaktivieren der Scroll-Sperre. Und wenn Sie es wieder aktivieren m\u00f6chten:<\/p><p> <strong>Fn+C<\/strong><\/p><p> Sie k\u00f6nnen auch die Bildschirmtastatur verwenden, indem Sie die folgenden Schritte ausf\u00fchren:<\/p><ol><li> Verwenden Sie die Tastenkombination Fenster + S, um die Windows-Suche zu \u00f6ffnen.<\/li><li> Geben Sie \u201eBildschirmtastatur\u201c ein und \u00f6ffnen Sie es. <br><img loading=\"lazy\" decoding=\"async\" title=\"2-Typ-Bildschirmtastatur\" src=\"https:\/\/exceladvisor.org\/wp-content\/uploads\/2023\/08\/2-types-de-clavier-a-lecran.png\" sizes=\"auto, \" srcset=\"\" alt=\"type-on-screen-keyboard\" width=\"556\" height=\"305\"><\/li><li> Auf dem Bildschirm wird die \u201eOn-Screen-Tastatur\u201c ge\u00f6ffnet.<\/li><li> Klicken Sie dort auf die Schaltfl\u00e4che \u201eScroll Lock\u201c. <br><img loading=\"lazy\" decoding=\"async\" title=\"3-Klick-Bildlauftaste\" src=\"https:\/\/exceladvisor.org\/wp-content\/uploads\/2023\/08\/3-cliquez-sur-le-bouton-de-defilement.png\" sizes=\"auto, \" srcset=\"\" alt=\"click-on-scroll-button\" width=\"787\" height=\"229\"><\/li><li> Kehren Sie am Ende zur Tabelle zur\u00fcck und verwenden Sie die Navigationstasten auf der Tastatur.<\/li><\/ol><h2 class=\"wp-block-heading\"> Scroll-Einstellung, die Sie in Excel verwenden sollten<\/h2><p> Der beste Weg, die Scroll-Sperre ein- und auszuschalten, ist die Verwendung der Tastatur oder der Bildschirmtastatur. Es gibt jedoch eine Einstellung in der Statusleiste von Excel, die Sie aktivieren k\u00f6nnen.<\/p><ul><li> Klicken Sie mit der rechten Maustaste auf die Statusleiste.<\/li><li> Klicken Sie auf die Bildlaufleiste. <\/li><\/ul><div class=\"wp-block-image\"><figure class=\"aligncenter size-full is-resized\"><img loading=\"lazy\" decoding=\"async\" class=\"wp-image-85898\" src=\"https:\/\/exceladvisor.org\/wp-content\/uploads\/2023\/08\/4-parametres-de-defilement-dans-Excel.png\" sizes=\"auto, \" srcset=\"\" alt=\"Bildlaufeinstellungen in Excel\" width=\"352\" height=\"359\"><\/figure><\/div><p> Und selbst wenn Sie die Bildlaufsperre aktiviert haben, wird in der Statusleiste eine kleine Meldung \u201eBildlaufsperre\u201c angezeigt. <\/p><div class=\"wp-block-image\"><figure class=\"aligncenter size-full is-resized\"><img loading=\"lazy\" decoding=\"async\" class=\"wp-image-85899\" src=\"https:\/\/exceladvisor.org\/wp-content\/uploads\/2023\/08\/5-verrouillage-du-defilement-active.png\" sizes=\"auto, \" srcset=\"\" alt=\"Scroll-Sperre aktiviert\" width=\"450\" height=\"95\"><\/figure><\/div><p> Es hilft Ihnen, das Problem zu identifizieren, wenn die Navigationstasten in Excel nicht funktionieren.<\/p><p class=\"tip-box\"> Die Scroll-Sperre ist eine Option, die auf Betriebssystemebene aktiviert werden kann, nicht nur in Excel. Aber manchmal bleibt es h\u00e4ngen, wenn Sie in Excel arbeiten.<\/p><div class=\"gb-container gb-container-4db6181c gb-container-mt\"> <a class=\"gb-button gb-button-c5897111 gb-button-text gb-button-mt-button\" href=\"https:\/\/exceladvisor.org\/de\/excel-fortschritt\/\">Erweiterte Excel-Tutorials<\/a><h2 class=\"gb-headline gb-headline-665e5f6b gb-headline-text gb-headline-mt-heading\"> Verwandte Tutorials <\/h2><div class=\"gb-grid-wrapper gb-grid-wrapper-a20baf7c gb-grid-wrapper-mt-grid\"><div class=\"gb-grid-column gb-grid-column-65ddf67e\"><div class=\"gb-container gb-container-65ddf67e\"><ul><li> <a href=\"https:\/\/exceladvisor.org\/de\/vollig-rechtfertigen\/\">F\u00fcllen Sie \u201eAusrichten\u201c in Excel aus<\/a><\/li><li> <a href=\"https:\/\/exceladvisor.org\/de\/excel-formelleiste\/\">Formelleiste in Excel (ausblenden, anzeigen und erweitern)<\/a><\/li><li> <a href=\"https:\/\/exceladvisor.org\/de\/fugen-sie-eine-fusszeile-hinzu\/\">F\u00fcgen Sie in Excel eine Kopf- und Fu\u00dfzeile hinzu<\/a><\/li><li> <a href=\"https:\/\/exceladvisor.org\/de\/herrscher\/\">Lineal in Excel anzeigen<\/a><\/li><li> <a href=\"https:\/\/exceladvisor.org\/de\/fullgriff\/\">Handle in Excel ausf\u00fcllen<\/a><\/li><\/ul><\/div><\/div><\/div><\/div>","protected":false},"excerpt":{"rendered":"","protected":false},"author":1,"featured_media":0,"parent":0,"menu_order":0,"comment_status":"open","ping_status":"closed","template":"","meta":{"ub_ctt_via":"","footnotes":""},"class_list":["post-3593","page","type-page","status-publish","hentry"],"featured_image_src":null,"yoast_head":"<!-- This site is optimized with the Yoast SEO plugin v25.4 - https:\/\/yoast.com\/wordpress\/plugins\/seo\/ -->\n<title>Wie behebe ich, dass Pfeiltasten nicht funktionieren?<\/title>\n<meta name=\"description\" content=\"Diese Kurzanleitung hilft Ihnen, das Problem zu beheben, wenn Ihre Pfeiltasten in Excel nicht funktionieren (Ein-Aus-Rollensperre). Lassen Sie uns das \u00fcberpr\u00fcfen...\" \/>\n<meta name=\"robots\" content=\"index, follow, max-snippet:-1, max-image-preview:large, max-video-preview:-1\" \/>\n<link rel=\"canonical\" href=\"https:\/\/exceladvisor.org\/de\/scroll-sperre\/\" \/>\n<meta property=\"og:locale\" content=\"de_DE\" \/>\n<meta property=\"og:type\" content=\"article\" \/>\n<meta property=\"og:title\" content=\"Wie behebe ich, dass Pfeiltasten nicht funktionieren?\" \/>\n<meta property=\"og:description\" content=\"Diese Kurzanleitung hilft Ihnen, das Problem zu beheben, wenn Ihre Pfeiltasten in Excel nicht funktionieren (Ein-Aus-Rollensperre). Lassen Sie uns das \u00fcberpr\u00fcfen...\" \/>\n<meta property=\"og:url\" content=\"https:\/\/exceladvisor.org\/de\/scroll-sperre\/\" \/>\n<meta property=\"og:site_name\" content=\"Excel Advisor\" \/>\n<meta property=\"article:modified_time\" content=\"2023-12-03T11:13:58+00:00\" \/>\n<meta property=\"og:image\" content=\"https:\/\/exceladvisor.org\/wp-content\/uploads\/2023\/08\/1-fixer-les-touches-flechees.png\" \/>\n<meta name=\"twitter:card\" content=\"summary_large_image\" \/>\n<meta name=\"twitter:label1\" content=\"Gesch\u00e4tzte Lesezeit\" \/>\n\t<meta name=\"twitter:data1\" content=\"2\u00a0Minuten\" \/>\n<script type=\"application\/ld+json\" class=\"yoast-schema-graph\">{\"@context\":\"https:\/\/schema.org\",\"@graph\":[{\"@type\":\"WebPage\",\"@id\":\"https:\/\/exceladvisor.org\/de\/scroll-sperre\/\",\"url\":\"https:\/\/exceladvisor.org\/de\/scroll-sperre\/\",\"name\":\"Wie behebe ich, dass Pfeiltasten nicht funktionieren?\",\"isPartOf\":{\"@id\":\"https:\/\/exceladvisor.org\/de\/#website\"},\"primaryImageOfPage\":{\"@id\":\"https:\/\/exceladvisor.org\/de\/scroll-sperre\/#primaryimage\"},\"image\":{\"@id\":\"https:\/\/exceladvisor.org\/de\/scroll-sperre\/#primaryimage\"},\"thumbnailUrl\":\"https:\/\/exceladvisor.org\/wp-content\/uploads\/2023\/08\/1-fixer-les-touches-flechees.png\",\"datePublished\":\"2023-10-17T17:18:59+00:00\",\"dateModified\":\"2023-12-03T11:13:58+00:00\",\"description\":\"Diese Kurzanleitung hilft Ihnen, das Problem zu beheben, wenn Ihre Pfeiltasten in Excel nicht funktionieren (Ein-Aus-Rollensperre). Lassen Sie uns das \u00fcberpr\u00fcfen...\",\"breadcrumb\":{\"@id\":\"https:\/\/exceladvisor.org\/de\/scroll-sperre\/#breadcrumb\"},\"inLanguage\":\"de\",\"potentialAction\":[{\"@type\":\"ReadAction\",\"target\":[\"https:\/\/exceladvisor.org\/de\/scroll-sperre\/\"]}]},{\"@type\":\"ImageObject\",\"inLanguage\":\"de\",\"@id\":\"https:\/\/exceladvisor.org\/de\/scroll-sperre\/#primaryimage\",\"url\":\"https:\/\/exceladvisor.org\/wp-content\/uploads\/2023\/08\/1-fixer-les-touches-flechees.png\",\"contentUrl\":\"https:\/\/exceladvisor.org\/wp-content\/uploads\/2023\/08\/1-fixer-les-touches-flechees.png\"},{\"@type\":\"BreadcrumbList\",\"@id\":\"https:\/\/exceladvisor.org\/de\/scroll-sperre\/#breadcrumb\",\"itemListElement\":[{\"@type\":\"ListItem\",\"position\":1,\"name\":\"Accueil\",\"item\":\"https:\/\/exceladvisor.org\/de\/\"},{\"@type\":\"ListItem\",\"position\":2,\"name\":\"Wie behebe ich, dass pfeiltasten in excel nicht funktionieren?\"}]},{\"@type\":\"WebSite\",\"@id\":\"https:\/\/exceladvisor.org\/de\/#website\",\"url\":\"https:\/\/exceladvisor.org\/de\/\",\"name\":\"Excel Advisor\",\"description\":\"Ihr Leitfaden zur Datendominanz\",\"publisher\":{\"@id\":\"https:\/\/exceladvisor.org\/de\/#organization\"},\"potentialAction\":[{\"@type\":\"SearchAction\",\"target\":{\"@type\":\"EntryPoint\",\"urlTemplate\":\"https:\/\/exceladvisor.org\/de\/?s={search_term_string}\"},\"query-input\":{\"@type\":\"PropertyValueSpecification\",\"valueRequired\":true,\"valueName\":\"search_term_string\"}}],\"inLanguage\":\"de\"},{\"@type\":\"Organization\",\"@id\":\"https:\/\/exceladvisor.org\/de\/#organization\",\"name\":\"Excel Advisor\",\"url\":\"https:\/\/exceladvisor.org\/de\/\",\"logo\":{\"@type\":\"ImageObject\",\"inLanguage\":\"de\",\"@id\":\"https:\/\/exceladvisor.org\/de\/#\/schema\/logo\/image\/\",\"url\":\"https:\/\/exceladvisor.org\/de\/wp-content\/uploads\/2023\/11\/exceladvisor.org_.png\",\"contentUrl\":\"https:\/\/exceladvisor.org\/de\/wp-content\/uploads\/2023\/11\/exceladvisor.org_.png\",\"width\":105,\"height\":36,\"caption\":\"Excel Advisor\"},\"image\":{\"@id\":\"https:\/\/exceladvisor.org\/de\/#\/schema\/logo\/image\/\"}}]}<\/script>\n<!-- \/ Yoast SEO plugin. -->","yoast_head_json":{"title":"Wie behebe ich, dass Pfeiltasten nicht funktionieren?","description":"Diese Kurzanleitung hilft Ihnen, das Problem zu beheben, wenn Ihre Pfeiltasten in Excel nicht funktionieren (Ein-Aus-Rollensperre). Lassen Sie uns das \u00fcberpr\u00fcfen...","robots":{"index":"index","follow":"follow","max-snippet":"max-snippet:-1","max-image-preview":"max-image-preview:large","max-video-preview":"max-video-preview:-1"},"canonical":"https:\/\/exceladvisor.org\/de\/scroll-sperre\/","og_locale":"de_DE","og_type":"article","og_title":"Wie behebe ich, dass Pfeiltasten nicht funktionieren?","og_description":"Diese Kurzanleitung hilft Ihnen, das Problem zu beheben, wenn Ihre Pfeiltasten in Excel nicht funktionieren (Ein-Aus-Rollensperre). Lassen Sie uns das \u00fcberpr\u00fcfen...","og_url":"https:\/\/exceladvisor.org\/de\/scroll-sperre\/","og_site_name":"Excel Advisor","article_modified_time":"2023-12-03T11:13:58+00:00","og_image":[{"url":"https:\/\/exceladvisor.org\/wp-content\/uploads\/2023\/08\/1-fixer-les-touches-flechees.png","type":"","width":"","height":""}],"twitter_card":"summary_large_image","twitter_misc":{"Gesch\u00e4tzte Lesezeit":"2\u00a0Minuten"},"schema":{"@context":"https:\/\/schema.org","@graph":[{"@type":"WebPage","@id":"https:\/\/exceladvisor.org\/de\/scroll-sperre\/","url":"https:\/\/exceladvisor.org\/de\/scroll-sperre\/","name":"Wie behebe ich, dass Pfeiltasten nicht funktionieren?","isPartOf":{"@id":"https:\/\/exceladvisor.org\/de\/#website"},"primaryImageOfPage":{"@id":"https:\/\/exceladvisor.org\/de\/scroll-sperre\/#primaryimage"},"image":{"@id":"https:\/\/exceladvisor.org\/de\/scroll-sperre\/#primaryimage"},"thumbnailUrl":"https:\/\/exceladvisor.org\/wp-content\/uploads\/2023\/08\/1-fixer-les-touches-flechees.png","datePublished":"2023-10-17T17:18:59+00:00","dateModified":"2023-12-03T11:13:58+00:00","description":"Diese Kurzanleitung hilft Ihnen, das Problem zu beheben, wenn Ihre Pfeiltasten in Excel nicht funktionieren (Ein-Aus-Rollensperre). Lassen Sie uns das \u00fcberpr\u00fcfen...","breadcrumb":{"@id":"https:\/\/exceladvisor.org\/de\/scroll-sperre\/#breadcrumb"},"inLanguage":"de","potentialAction":[{"@type":"ReadAction","target":["https:\/\/exceladvisor.org\/de\/scroll-sperre\/"]}]},{"@type":"ImageObject","inLanguage":"de","@id":"https:\/\/exceladvisor.org\/de\/scroll-sperre\/#primaryimage","url":"https:\/\/exceladvisor.org\/wp-content\/uploads\/2023\/08\/1-fixer-les-touches-flechees.png","contentUrl":"https:\/\/exceladvisor.org\/wp-content\/uploads\/2023\/08\/1-fixer-les-touches-flechees.png"},{"@type":"BreadcrumbList","@id":"https:\/\/exceladvisor.org\/de\/scroll-sperre\/#breadcrumb","itemListElement":[{"@type":"ListItem","position":1,"name":"Accueil","item":"https:\/\/exceladvisor.org\/de\/"},{"@type":"ListItem","position":2,"name":"Wie behebe ich, dass pfeiltasten in excel nicht funktionieren?"}]},{"@type":"WebSite","@id":"https:\/\/exceladvisor.org\/de\/#website","url":"https:\/\/exceladvisor.org\/de\/","name":"Excel Advisor","description":"Ihr Leitfaden zur Datendominanz","publisher":{"@id":"https:\/\/exceladvisor.org\/de\/#organization"},"potentialAction":[{"@type":"SearchAction","target":{"@type":"EntryPoint","urlTemplate":"https:\/\/exceladvisor.org\/de\/?s={search_term_string}"},"query-input":{"@type":"PropertyValueSpecification","valueRequired":true,"valueName":"search_term_string"}}],"inLanguage":"de"},{"@type":"Organization","@id":"https:\/\/exceladvisor.org\/de\/#organization","name":"Excel Advisor","url":"https:\/\/exceladvisor.org\/de\/","logo":{"@type":"ImageObject","inLanguage":"de","@id":"https:\/\/exceladvisor.org\/de\/#\/schema\/logo\/image\/","url":"https:\/\/exceladvisor.org\/de\/wp-content\/uploads\/2023\/11\/exceladvisor.org_.png","contentUrl":"https:\/\/exceladvisor.org\/de\/wp-content\/uploads\/2023\/11\/exceladvisor.org_.png","width":105,"height":36,"caption":"Excel Advisor"},"image":{"@id":"https:\/\/exceladvisor.org\/de\/#\/schema\/logo\/image\/"}}]}},"yoast_meta":{"yoast_wpseo_title":"","yoast_wpseo_metadesc":"","yoast_wpseo_canonical":""},"_links":{"self":[{"href":"https:\/\/exceladvisor.org\/de\/wp-json\/wp\/v2\/pages\/3593","targetHints":{"allow":["GET"]}}],"collection":[{"href":"https:\/\/exceladvisor.org\/de\/wp-json\/wp\/v2\/pages"}],"about":[{"href":"https:\/\/exceladvisor.org\/de\/wp-json\/wp\/v2\/types\/page"}],"author":[{"embeddable":true,"href":"https:\/\/exceladvisor.org\/de\/wp-json\/wp\/v2\/users\/1"}],"replies":[{"embeddable":true,"href":"https:\/\/exceladvisor.org\/de\/wp-json\/wp\/v2\/comments?post=3593"}],"version-history":[{"count":1,"href":"https:\/\/exceladvisor.org\/de\/wp-json\/wp\/v2\/pages\/3593\/revisions"}],"predecessor-version":[{"id":3872,"href":"https:\/\/exceladvisor.org\/de\/wp-json\/wp\/v2\/pages\/3593\/revisions\/3872"}],"wp:attachment":[{"href":"https:\/\/exceladvisor.org\/de\/wp-json\/wp\/v2\/media?parent=3593"}],"curies":[{"name":"wp","href":"https:\/\/api.w.org\/{rel}","templated":true}]}}