{"id":3594,"date":"2023-10-17T00:17:04","date_gmt":"2023-10-17T00:17:04","guid":{"rendered":"https:\/\/exceladvisor.org\/de\/reichweite\/"},"modified":"2023-12-03T11:13:15","modified_gmt":"2023-12-03T11:13:15","slug":"reichweite","status":"publish","type":"page","link":"https:\/\/exceladvisor.org\/de\/reichweite\/","title":{"rendered":"Was ist ein excel-bereich und seine funktionen?"},"content":{"rendered":"<div class=\"excel-vor-dem-inhalt\" id=\"excel-2552893188\"><script type=\"text\/javascript\">\r\n\tatOptions = {\r\n\t\t'key' : 'c1158f160081d6540a8409e6925dab94',\r\n\t\t'format' : 'iframe',\r\n\t\t'height' : 250,\r\n\t\t'width' : 300,\r\n\t\t'params' : {}\r\n\t};\r\n<\/script>\r\n<script type=\"text\/javascript\" src=\"\/\/www.highperformanceformat.com\/c1158f160081d6540a8409e6925dab94\/invoke.js\"><\/script><\/div> <h2 class=\"wp-block-heading\">Was ist ein Bereich in Excel?<\/h2><p> Ein Bereich ist eine Gruppe mehrerer Zellen in Excel. Es kann sowohl einen kontinuierlichen als auch einen nicht kontinuierlichen Bereich geben. Genau wie eine einzelne Zelle verf\u00fcgt jeder Bereich \u00fcber eine Adresse, mit der Sie auf diesen Bereich verweisen k\u00f6nnen. Eine Spalte und eine Zeile sind ebenfalls eine Form eines kontinuierlichen Bereichs, da es sich um eine Gruppe von Zellen handelt.<\/p><h2 class=\"wp-block-heading\"> Zellbereich ausw\u00e4hlen<\/h2><p> Wenn Sie mit Daten in Excel arbeiten, m\u00fcssen Sie einen Bereich ausw\u00e4hlen, der das Kopieren, Einf\u00fcgen, Verschieben und L\u00f6schen (und viele andere Dinge) erm\u00f6glicht.<\/p><p> Um den gesamten Bereich auszuw\u00e4hlen, w\u00e4hlen Sie die Zelle aus, von der aus Sie mit der Auswahl beginnen m\u00f6chten (C1). Halten Sie die linke Maustaste gedr\u00fcckt und w\u00e4hlen Sie die Zelle aus, in der Sie Ihre Bereichsauswahl erweitern m\u00f6chten. <\/p><div class=\"wp-block-image\"><figure class=\"aligncenter size-full is-resized\"><img loading=\"lazy\" decoding=\"async\" class=\"wp-image-78750\" src=\"https:\/\/exceladvisor.org\/wp-content\/uploads\/2023\/08\/image-gif.gif\" sizes=\"auto, \" srcset=\"\" alt=\"\" width=\"480\" height=\"321\"><\/figure><\/div><p> Eine andere M\u00f6glichkeit, den Bereich auszuw\u00e4hlen, besteht darin, die Umschalttaste zu dr\u00fccken und die Navigationstasten zu verwenden. Wie Sie im Schnappschuss oben sehen k\u00f6nnen, w\u00e4hlen wir den Bereich von C1 bis C10.<\/p><p class=\"tips\"> Wenn Sie einen Bereich ausw\u00e4hlen, zeigt Excel die Anzahl der Zeilen und Spalten im Feld \u201eName\u201c links neben der Bearbeitungsleiste an.<\/p><p class=\"tips\"> Sobald Sie die Auswahl abgeschlossen haben, wird im Namensfeld die Adresse der aktiven Zelle angezeigt, die nicht hervorgehoben ist. <\/p><div class=\"wp-block-image\"><figure class=\"aligncenter size-full is-resized\"><img loading=\"lazy\" decoding=\"async\" class=\"wp-image-78744\" src=\"https:\/\/exceladvisor.org\/wp-content\/uploads\/2023\/08\/1-case-nom-dans-la-feuille.png\" sizes=\"auto, \" srcset=\"\" alt=\"Feldname im Blatt\" width=\"500\" height=\"216\"><\/figure><\/div><h2 class=\"wp-block-heading\"> Bezieht sich auf einen zusammenh\u00e4ngenden Bereich<\/h2><p> Um einen Bereich in einer Funktion oder Formel zu referenzieren, haben Sie zwei verschiedene Methoden:<\/p><ul><li> <strong>Maus:<\/strong> Sie k\u00f6nnen den Bereich mit der Maus ausw\u00e4hlen, w\u00e4hrend Sie eine Funktion oder Formel eingeben.<\/li><li> <strong>Typ:<\/strong> Sie k\u00f6nnen die Bereichsadresse auch mit Ihrer Tastatur eingeben, wenn Sie eine Funktion oder Formel eingeben. <\/li><\/ul><div class=\"wp-block-image\"><figure class=\"aligncenter size-full is-resized\"><img loading=\"lazy\" decoding=\"async\" class=\"wp-image-78745\" src=\"https:\/\/exceladvisor.org\/wp-content\/uploads\/2023\/08\/2-plage-continue-de-reference.png\" sizes=\"auto, \" srcset=\"\" alt=\"Referenzbereich-weiterhin\" width=\"721\" height=\"196\"><\/figure><\/div><h2 class=\"wp-block-heading\"> Verweis auf einen nicht zusammenh\u00e4ngenden Bereich<\/h2><p> Gehen Sie folgenderma\u00dfen vor, um auf einen nicht kontinuierlichen Bereich zu verweisen:<\/p><ol><li> W\u00e4hlen Sie zun\u00e4chst die erste Zelle oder den ersten Bereich aus und geben Sie einen Befehl ein.<\/li><li> Halten Sie anschlie\u00dfend die Strg-Taste gedr\u00fcckt, w\u00e4hlen Sie die zweite Zeile in Ihrem Arbeitsblatt aus und geben Sie dann erneut ein Komma ein.<\/li><li> W\u00e4hlen Sie am Ende die dritte Zellenreihe aus.<\/li><\/ol><p> Nachfolgend haben wir B3:B5, C2:C6 und D3:D5 ausgew\u00e4hlt. <\/p><div class=\"wp-block-image\"><figure class=\"aligncenter size-full is-resized\"><img loading=\"lazy\" decoding=\"async\" class=\"wp-image-78746\" src=\"https:\/\/exceladvisor.org\/wp-content\/uploads\/2023\/08\/3-gamme-non-continue-de-reference.png\" sizes=\"auto, \" srcset=\"\" alt=\"nicht kontinuierliche Scope-Referenz\" width=\"646\" height=\"332\"><\/figure><\/div><p> Eine andere M\u00f6glichkeit besteht darin, die Adresse des ersten Bereichs einzugeben, dann ein Komma zu verwenden und den zweiten Bereich einzugeben und nun erneut ein Komma zu verwenden und den dritten Zellbereich in die Formel oder Funktion einzugeben.<\/p><div class=\"gb-container gb-container-4db6181c gb-container-mt\"> <a class=\"gb-button gb-button-c5897111 gb-button-text gb-button-mt-button\" href=\"https:\/\/exceladvisor.org\/de\/excel-grundlagen\/\">Microsoft Excel-Grundlagen (Komponenten, Teile und Wissenshinweise)<\/a><h2 class=\"gb-headline gb-headline-665e5f6b gb-headline-text gb-headline-mt-heading\"> Verwandte Tutorials <\/h2><div class=\"gb-grid-wrapper gb-grid-wrapper-a20baf7c gb-grid-wrapper-mt-grid\"><div class=\"gb-grid-column gb-grid-column-65ddf67e\"><div class=\"gb-container gb-container-65ddf67e\"><ul><li> <a href=\"https:\/\/exceladvisor.org\/de\/hyperlinks-hinzufugen-und-entfernen\/\">F\u00fcgen Sie Hyperlinks in Excel hinzu und entfernen Sie sie<\/a><\/li><li> <a href=\"https:\/\/exceladvisor.org\/de\/wasserzeichen-hinzufugen\/\">F\u00fcgen Sie in Excel ein Wasserzeichen hinzu<\/a><\/li><li> <a href=\"https:\/\/exceladvisor.org\/de\/entfernen-sie-ausgeblendete-zeilenspalten\/\">L\u00f6schen Sie ausgeblendete Zeilen in Excel<\/a><\/li><li> <a href=\"https:\/\/exceladvisor.org\/de\/zellen-abwahlen\/\">Zellen in Excel abw\u00e4hlen<\/a><\/li><li> <a href=\"https:\/\/exceladvisor.org\/de\/fugen-sie-eine-spalte-hinzu\/\">F\u00fcgen Sie eine Spalte in Excel hinzu<\/a><\/li><\/ul><\/div><\/div><\/div><\/div>","protected":false},"excerpt":{"rendered":"","protected":false},"author":1,"featured_media":0,"parent":0,"menu_order":0,"comment_status":"open","ping_status":"closed","template":"","meta":{"ub_ctt_via":"","footnotes":""},"class_list":["post-3594","page","type-page","status-publish","hentry"],"featured_image_src":null,"yoast_head":"<!-- This site is optimized with the Yoast SEO plugin v25.4 - https:\/\/yoast.com\/wordpress\/plugins\/seo\/ -->\n<title>\u25b7 Was ist ein Excel-Bereich und seine Funktionen?<\/title>\n<meta name=\"description\" content=\"Dies ist ein grundlegendes Microsoft Excel-Tutorial zum Kennenlernen einer Reihe von Zellen. Erfahren Sie auch, wie Sie auf einen Bereich verweisen ...\" \/>\n<meta name=\"robots\" content=\"index, follow, max-snippet:-1, max-image-preview:large, max-video-preview:-1\" \/>\n<link rel=\"canonical\" href=\"https:\/\/exceladvisor.org\/de\/reichweite\/\" \/>\n<meta property=\"og:locale\" content=\"de_DE\" \/>\n<meta property=\"og:type\" content=\"article\" \/>\n<meta property=\"og:title\" content=\"\u25b7 Was ist ein Excel-Bereich und seine Funktionen?\" \/>\n<meta property=\"og:description\" content=\"Dies ist ein grundlegendes Microsoft Excel-Tutorial zum Kennenlernen einer Reihe von Zellen. Erfahren Sie auch, wie Sie auf einen Bereich verweisen ...\" \/>\n<meta property=\"og:url\" content=\"https:\/\/exceladvisor.org\/de\/reichweite\/\" \/>\n<meta property=\"og:site_name\" content=\"Excel Advisor\" \/>\n<meta property=\"article:modified_time\" content=\"2023-12-03T11:13:15+00:00\" \/>\n<meta property=\"og:image\" content=\"https:\/\/exceladvisor.org\/wp-content\/uploads\/2023\/08\/image-gif.gif\" \/>\n<meta name=\"twitter:card\" content=\"summary_large_image\" \/>\n<meta name=\"twitter:label1\" content=\"Gesch\u00e4tzte Lesezeit\" \/>\n\t<meta name=\"twitter:data1\" content=\"2\u00a0Minuten\" \/>\n<script type=\"application\/ld+json\" class=\"yoast-schema-graph\">{\"@context\":\"https:\/\/schema.org\",\"@graph\":[{\"@type\":\"WebPage\",\"@id\":\"https:\/\/exceladvisor.org\/de\/reichweite\/\",\"url\":\"https:\/\/exceladvisor.org\/de\/reichweite\/\",\"name\":\"\u25b7 Was ist ein Excel-Bereich und seine Funktionen?\",\"isPartOf\":{\"@id\":\"https:\/\/exceladvisor.org\/de\/#website\"},\"primaryImageOfPage\":{\"@id\":\"https:\/\/exceladvisor.org\/de\/reichweite\/#primaryimage\"},\"image\":{\"@id\":\"https:\/\/exceladvisor.org\/de\/reichweite\/#primaryimage\"},\"thumbnailUrl\":\"https:\/\/exceladvisor.org\/wp-content\/uploads\/2023\/08\/image-gif.gif\",\"datePublished\":\"2023-10-17T00:17:04+00:00\",\"dateModified\":\"2023-12-03T11:13:15+00:00\",\"description\":\"Dies ist ein grundlegendes Microsoft Excel-Tutorial zum Kennenlernen einer Reihe von Zellen. Erfahren Sie auch, wie Sie auf einen Bereich verweisen ...\",\"breadcrumb\":{\"@id\":\"https:\/\/exceladvisor.org\/de\/reichweite\/#breadcrumb\"},\"inLanguage\":\"de\",\"potentialAction\":[{\"@type\":\"ReadAction\",\"target\":[\"https:\/\/exceladvisor.org\/de\/reichweite\/\"]}]},{\"@type\":\"ImageObject\",\"inLanguage\":\"de\",\"@id\":\"https:\/\/exceladvisor.org\/de\/reichweite\/#primaryimage\",\"url\":\"https:\/\/exceladvisor.org\/wp-content\/uploads\/2023\/08\/image-gif.gif\",\"contentUrl\":\"https:\/\/exceladvisor.org\/wp-content\/uploads\/2023\/08\/image-gif.gif\"},{\"@type\":\"BreadcrumbList\",\"@id\":\"https:\/\/exceladvisor.org\/de\/reichweite\/#breadcrumb\",\"itemListElement\":[{\"@type\":\"ListItem\",\"position\":1,\"name\":\"Accueil\",\"item\":\"https:\/\/exceladvisor.org\/de\/\"},{\"@type\":\"ListItem\",\"position\":2,\"name\":\"Was ist ein excel-bereich und seine funktionen?\"}]},{\"@type\":\"WebSite\",\"@id\":\"https:\/\/exceladvisor.org\/de\/#website\",\"url\":\"https:\/\/exceladvisor.org\/de\/\",\"name\":\"Excel Advisor\",\"description\":\"Ihr Leitfaden zur Datendominanz\",\"publisher\":{\"@id\":\"https:\/\/exceladvisor.org\/de\/#organization\"},\"potentialAction\":[{\"@type\":\"SearchAction\",\"target\":{\"@type\":\"EntryPoint\",\"urlTemplate\":\"https:\/\/exceladvisor.org\/de\/?s={search_term_string}\"},\"query-input\":{\"@type\":\"PropertyValueSpecification\",\"valueRequired\":true,\"valueName\":\"search_term_string\"}}],\"inLanguage\":\"de\"},{\"@type\":\"Organization\",\"@id\":\"https:\/\/exceladvisor.org\/de\/#organization\",\"name\":\"Excel Advisor\",\"url\":\"https:\/\/exceladvisor.org\/de\/\",\"logo\":{\"@type\":\"ImageObject\",\"inLanguage\":\"de\",\"@id\":\"https:\/\/exceladvisor.org\/de\/#\/schema\/logo\/image\/\",\"url\":\"https:\/\/exceladvisor.org\/de\/wp-content\/uploads\/2023\/11\/exceladvisor.org_.png\",\"contentUrl\":\"https:\/\/exceladvisor.org\/de\/wp-content\/uploads\/2023\/11\/exceladvisor.org_.png\",\"width\":105,\"height\":36,\"caption\":\"Excel Advisor\"},\"image\":{\"@id\":\"https:\/\/exceladvisor.org\/de\/#\/schema\/logo\/image\/\"}}]}<\/script>\n<!-- \/ Yoast SEO plugin. -->","yoast_head_json":{"title":"\u25b7 Was ist ein Excel-Bereich und seine Funktionen?","description":"Dies ist ein grundlegendes Microsoft Excel-Tutorial zum Kennenlernen einer Reihe von Zellen. Erfahren Sie auch, wie Sie auf einen Bereich verweisen ...","robots":{"index":"index","follow":"follow","max-snippet":"max-snippet:-1","max-image-preview":"max-image-preview:large","max-video-preview":"max-video-preview:-1"},"canonical":"https:\/\/exceladvisor.org\/de\/reichweite\/","og_locale":"de_DE","og_type":"article","og_title":"\u25b7 Was ist ein Excel-Bereich und seine Funktionen?","og_description":"Dies ist ein grundlegendes Microsoft Excel-Tutorial zum Kennenlernen einer Reihe von Zellen. Erfahren Sie auch, wie Sie auf einen Bereich verweisen ...","og_url":"https:\/\/exceladvisor.org\/de\/reichweite\/","og_site_name":"Excel Advisor","article_modified_time":"2023-12-03T11:13:15+00:00","og_image":[{"url":"https:\/\/exceladvisor.org\/wp-content\/uploads\/2023\/08\/image-gif.gif","type":"","width":"","height":""}],"twitter_card":"summary_large_image","twitter_misc":{"Gesch\u00e4tzte Lesezeit":"2\u00a0Minuten"},"schema":{"@context":"https:\/\/schema.org","@graph":[{"@type":"WebPage","@id":"https:\/\/exceladvisor.org\/de\/reichweite\/","url":"https:\/\/exceladvisor.org\/de\/reichweite\/","name":"\u25b7 Was ist ein Excel-Bereich und seine Funktionen?","isPartOf":{"@id":"https:\/\/exceladvisor.org\/de\/#website"},"primaryImageOfPage":{"@id":"https:\/\/exceladvisor.org\/de\/reichweite\/#primaryimage"},"image":{"@id":"https:\/\/exceladvisor.org\/de\/reichweite\/#primaryimage"},"thumbnailUrl":"https:\/\/exceladvisor.org\/wp-content\/uploads\/2023\/08\/image-gif.gif","datePublished":"2023-10-17T00:17:04+00:00","dateModified":"2023-12-03T11:13:15+00:00","description":"Dies ist ein grundlegendes Microsoft Excel-Tutorial zum Kennenlernen einer Reihe von Zellen. Erfahren Sie auch, wie Sie auf einen Bereich verweisen ...","breadcrumb":{"@id":"https:\/\/exceladvisor.org\/de\/reichweite\/#breadcrumb"},"inLanguage":"de","potentialAction":[{"@type":"ReadAction","target":["https:\/\/exceladvisor.org\/de\/reichweite\/"]}]},{"@type":"ImageObject","inLanguage":"de","@id":"https:\/\/exceladvisor.org\/de\/reichweite\/#primaryimage","url":"https:\/\/exceladvisor.org\/wp-content\/uploads\/2023\/08\/image-gif.gif","contentUrl":"https:\/\/exceladvisor.org\/wp-content\/uploads\/2023\/08\/image-gif.gif"},{"@type":"BreadcrumbList","@id":"https:\/\/exceladvisor.org\/de\/reichweite\/#breadcrumb","itemListElement":[{"@type":"ListItem","position":1,"name":"Accueil","item":"https:\/\/exceladvisor.org\/de\/"},{"@type":"ListItem","position":2,"name":"Was ist ein excel-bereich und seine funktionen?"}]},{"@type":"WebSite","@id":"https:\/\/exceladvisor.org\/de\/#website","url":"https:\/\/exceladvisor.org\/de\/","name":"Excel Advisor","description":"Ihr Leitfaden zur Datendominanz","publisher":{"@id":"https:\/\/exceladvisor.org\/de\/#organization"},"potentialAction":[{"@type":"SearchAction","target":{"@type":"EntryPoint","urlTemplate":"https:\/\/exceladvisor.org\/de\/?s={search_term_string}"},"query-input":{"@type":"PropertyValueSpecification","valueRequired":true,"valueName":"search_term_string"}}],"inLanguage":"de"},{"@type":"Organization","@id":"https:\/\/exceladvisor.org\/de\/#organization","name":"Excel Advisor","url":"https:\/\/exceladvisor.org\/de\/","logo":{"@type":"ImageObject","inLanguage":"de","@id":"https:\/\/exceladvisor.org\/de\/#\/schema\/logo\/image\/","url":"https:\/\/exceladvisor.org\/de\/wp-content\/uploads\/2023\/11\/exceladvisor.org_.png","contentUrl":"https:\/\/exceladvisor.org\/de\/wp-content\/uploads\/2023\/11\/exceladvisor.org_.png","width":105,"height":36,"caption":"Excel Advisor"},"image":{"@id":"https:\/\/exceladvisor.org\/de\/#\/schema\/logo\/image\/"}}]}},"yoast_meta":{"yoast_wpseo_title":"","yoast_wpseo_metadesc":"","yoast_wpseo_canonical":""},"_links":{"self":[{"href":"https:\/\/exceladvisor.org\/de\/wp-json\/wp\/v2\/pages\/3594","targetHints":{"allow":["GET"]}}],"collection":[{"href":"https:\/\/exceladvisor.org\/de\/wp-json\/wp\/v2\/pages"}],"about":[{"href":"https:\/\/exceladvisor.org\/de\/wp-json\/wp\/v2\/types\/page"}],"author":[{"embeddable":true,"href":"https:\/\/exceladvisor.org\/de\/wp-json\/wp\/v2\/users\/1"}],"replies":[{"embeddable":true,"href":"https:\/\/exceladvisor.org\/de\/wp-json\/wp\/v2\/comments?post=3594"}],"version-history":[{"count":1,"href":"https:\/\/exceladvisor.org\/de\/wp-json\/wp\/v2\/pages\/3594\/revisions"}],"predecessor-version":[{"id":3820,"href":"https:\/\/exceladvisor.org\/de\/wp-json\/wp\/v2\/pages\/3594\/revisions\/3820"}],"wp:attachment":[{"href":"https:\/\/exceladvisor.org\/de\/wp-json\/wp\/v2\/media?parent=3594"}],"curies":[{"name":"wp","href":"https:\/\/api.w.org\/{rel}","templated":true}]}}