{"id":3596,"date":"2023-10-16T09:28:07","date_gmt":"2023-10-16T09:28:07","guid":{"rendered":"https:\/\/exceladvisor.org\/de\/klarer-inhalt\/"},"modified":"2023-12-03T13:04:18","modified_gmt":"2023-12-03T13:04:18","slug":"klarer-inhalt","status":"publish","type":"page","link":"https:\/\/exceladvisor.org\/de\/klarer-inhalt\/","title":{"rendered":"Wie l\u00f6sche ich inhalte in excel?"},"content":{"rendered":"<div class=\"excel-vor-dem-inhalt\" id=\"excel-4249471275\"><script type=\"text\/javascript\">\r\n\tatOptions = {\r\n\t\t'key' : 'c1158f160081d6540a8409e6925dab94',\r\n\t\t'format' : 'iframe',\r\n\t\t'height' : 250,\r\n\t\t'width' : 300,\r\n\t\t'params' : {}\r\n\t};\r\n<\/script>\r\n<script type=\"text\/javascript\" src=\"\/\/www.highperformanceformat.com\/c1158f160081d6540a8409e6925dab94\/invoke.js\"><\/script><\/div> <p>Um den Inhalt einer Zelle oder eines Zellbereichs in Excel zu l\u00f6schen, m\u00fcssen Sie die Schaltfl\u00e4che \u201eL\u00f6schen\u201c auf der Tastatur verwenden. Diese Taste funktioniert auch dann gleich, wenn Sie eine Zelle, mehrere nicht zusammenh\u00e4ngende Zellen oder einen Zellbereich ausgew\u00e4hlt haben.<\/p><p> <kbd>L\u00d6SCHEN<\/kbd> <\/p><div class=\"wp-block-image\"><figure class=\"aligncenter size-full is-resized\"><img loading=\"lazy\" decoding=\"async\" class=\"wp-image-62310\" src=\"https:\/\/exceladvisor.org\/wp-content\/uploads\/2023\/08\/1-supprimer.png\" sizes=\"auto, \" srcset=\"\" alt=\"L\u00d6SCHEN\" width=\"790\" height=\"182\"><\/figure><\/div><p> Abgesehen davon k\u00f6nnen Sie auch die folgenden Tasten verwenden, um dasselbe zu erreichen.<\/p><ul><li> <strong>R\u00fccktaste<\/strong> : Auch wenn die R\u00fccktaste nicht zum L\u00f6schen von Inhalten verwendet wird, funktioniert sie fast genauso. Wenn Sie eine Zelle ausw\u00e4hlen und die R\u00fccktaste dr\u00fccken, wird der Inhalt der Zelle gel\u00f6scht und ge\u00e4ndert.<\/li><li> <kbd>Alt<\/kbd> \u279c <kbd>H<\/kbd> \u279c <kbd>E<\/kbd> \u279c <kbd>A<\/kbd> : Diese Tastenkombination aktiviert die Option \u201eInhalt l\u00f6schen\u201c auf der Registerkarte \u201eStartseite\u201c. <\/li><\/ul><div class=\"wp-block-group more-tutorials is-layout-flow\"><div class=\"wp-block-group__inner-container\"><h2 class=\"wp-block-heading\"> Weitere Verkn\u00fcpfungen <\/h2><div class=\"wp-block-columns is-layout-flex wp-container-33\"><div class=\"wp-block-column is-layout-flow\"><ul><li> <a href=\"https:\/\/exceladvisor.org\/de\/filter-1\/\">Filter anwenden und entfernen<\/a><\/li><li> <a href=\"https:\/\/exceladvisor.org\/de\/formeln-anzeigen\/\">Formeln anzeigen<\/a><\/li><li> <a href=\"https:\/\/exceladvisor.org\/de\/autosumme-2\/\">Automatische Summe<\/a><\/li><li> <a href=\"https:\/\/exceladvisor.org\/de\/herunterrutschen\/\">Wischen Sie nach unten<\/a><\/li><li> <a href=\"https:\/\/exceladvisor.org\/de\/loschen\/\">L\u00d6SCHEN<\/a><\/li><\/ul><\/div><div class=\"wp-block-column is-layout-flow\"><\/div><\/div><p> \u21e0 Zur\u00fcck zu <a href=\"https:\/\/exceladvisor.org\/de\/tastaturkurzel\/\">Excel-Verkn\u00fcpfungen (PDF-Spickzettel)<\/a><\/p><\/div><\/div>","protected":false},"excerpt":{"rendered":"","protected":false},"author":1,"featured_media":0,"parent":0,"menu_order":0,"comment_status":"open","ping_status":"closed","template":"","meta":{"ub_ctt_via":"","footnotes":""},"class_list":["post-3596","page","type-page","status-publish","hentry"],"featured_image_src":null,"yoast_head":"<!-- This site is optimized with the Yoast SEO plugin v25.4 - https:\/\/yoast.com\/wordpress\/plugins\/seo\/ -->\n<title>Wie l\u00f6sche ich Inhalte in Excel? (Excel-Verkn\u00fcpfung)<\/title>\n<meta name=\"description\" content=\"In diesem Tutorial lernen Sie die Tastenkombination zum L\u00f6schen des Inhalts einer Zelle oder eines Zellbereichs kennen.\" \/>\n<meta name=\"robots\" content=\"index, follow, max-snippet:-1, max-image-preview:large, max-video-preview:-1\" \/>\n<link rel=\"canonical\" href=\"https:\/\/exceladvisor.org\/de\/klarer-inhalt\/\" \/>\n<meta property=\"og:locale\" content=\"de_DE\" \/>\n<meta property=\"og:type\" content=\"article\" \/>\n<meta property=\"og:title\" content=\"Wie l\u00f6sche ich Inhalte in Excel? (Excel-Verkn\u00fcpfung)\" \/>\n<meta property=\"og:description\" content=\"In diesem Tutorial lernen Sie die Tastenkombination zum L\u00f6schen des Inhalts einer Zelle oder eines Zellbereichs kennen.\" \/>\n<meta property=\"og:url\" content=\"https:\/\/exceladvisor.org\/de\/klarer-inhalt\/\" \/>\n<meta property=\"og:site_name\" content=\"Excel Advisor\" \/>\n<meta property=\"article:modified_time\" content=\"2023-12-03T13:04:18+00:00\" \/>\n<meta property=\"og:image\" content=\"https:\/\/exceladvisor.org\/wp-content\/uploads\/2023\/08\/1-supprimer.png\" \/>\n<meta name=\"twitter:card\" content=\"summary_large_image\" \/>\n<meta name=\"twitter:label1\" content=\"Gesch\u00e4tzte Lesezeit\" \/>\n\t<meta name=\"twitter:data1\" content=\"1\u00a0Minute\" \/>\n<script type=\"application\/ld+json\" class=\"yoast-schema-graph\">{\"@context\":\"https:\/\/schema.org\",\"@graph\":[{\"@type\":\"WebPage\",\"@id\":\"https:\/\/exceladvisor.org\/de\/klarer-inhalt\/\",\"url\":\"https:\/\/exceladvisor.org\/de\/klarer-inhalt\/\",\"name\":\"Wie l\u00f6sche ich Inhalte in Excel? (Excel-Verkn\u00fcpfung)\",\"isPartOf\":{\"@id\":\"https:\/\/exceladvisor.org\/de\/#website\"},\"primaryImageOfPage\":{\"@id\":\"https:\/\/exceladvisor.org\/de\/klarer-inhalt\/#primaryimage\"},\"image\":{\"@id\":\"https:\/\/exceladvisor.org\/de\/klarer-inhalt\/#primaryimage\"},\"thumbnailUrl\":\"https:\/\/exceladvisor.org\/wp-content\/uploads\/2023\/08\/1-supprimer.png\",\"datePublished\":\"2023-10-16T09:28:07+00:00\",\"dateModified\":\"2023-12-03T13:04:18+00:00\",\"description\":\"In diesem Tutorial lernen Sie die Tastenkombination zum L\u00f6schen des Inhalts einer Zelle oder eines Zellbereichs kennen.\",\"breadcrumb\":{\"@id\":\"https:\/\/exceladvisor.org\/de\/klarer-inhalt\/#breadcrumb\"},\"inLanguage\":\"de\",\"potentialAction\":[{\"@type\":\"ReadAction\",\"target\":[\"https:\/\/exceladvisor.org\/de\/klarer-inhalt\/\"]}]},{\"@type\":\"ImageObject\",\"inLanguage\":\"de\",\"@id\":\"https:\/\/exceladvisor.org\/de\/klarer-inhalt\/#primaryimage\",\"url\":\"https:\/\/exceladvisor.org\/wp-content\/uploads\/2023\/08\/1-supprimer.png\",\"contentUrl\":\"https:\/\/exceladvisor.org\/wp-content\/uploads\/2023\/08\/1-supprimer.png\"},{\"@type\":\"BreadcrumbList\",\"@id\":\"https:\/\/exceladvisor.org\/de\/klarer-inhalt\/#breadcrumb\",\"itemListElement\":[{\"@type\":\"ListItem\",\"position\":1,\"name\":\"Accueil\",\"item\":\"https:\/\/exceladvisor.org\/de\/\"},{\"@type\":\"ListItem\",\"position\":2,\"name\":\"Wie l\u00f6sche ich inhalte in excel?\"}]},{\"@type\":\"WebSite\",\"@id\":\"https:\/\/exceladvisor.org\/de\/#website\",\"url\":\"https:\/\/exceladvisor.org\/de\/\",\"name\":\"Excel Advisor\",\"description\":\"Ihr Leitfaden zur Datendominanz\",\"publisher\":{\"@id\":\"https:\/\/exceladvisor.org\/de\/#organization\"},\"potentialAction\":[{\"@type\":\"SearchAction\",\"target\":{\"@type\":\"EntryPoint\",\"urlTemplate\":\"https:\/\/exceladvisor.org\/de\/?s={search_term_string}\"},\"query-input\":{\"@type\":\"PropertyValueSpecification\",\"valueRequired\":true,\"valueName\":\"search_term_string\"}}],\"inLanguage\":\"de\"},{\"@type\":\"Organization\",\"@id\":\"https:\/\/exceladvisor.org\/de\/#organization\",\"name\":\"Excel Advisor\",\"url\":\"https:\/\/exceladvisor.org\/de\/\",\"logo\":{\"@type\":\"ImageObject\",\"inLanguage\":\"de\",\"@id\":\"https:\/\/exceladvisor.org\/de\/#\/schema\/logo\/image\/\",\"url\":\"https:\/\/exceladvisor.org\/de\/wp-content\/uploads\/2023\/11\/exceladvisor.org_.png\",\"contentUrl\":\"https:\/\/exceladvisor.org\/de\/wp-content\/uploads\/2023\/11\/exceladvisor.org_.png\",\"width\":105,\"height\":36,\"caption\":\"Excel Advisor\"},\"image\":{\"@id\":\"https:\/\/exceladvisor.org\/de\/#\/schema\/logo\/image\/\"}}]}<\/script>\n<!-- \/ Yoast SEO plugin. -->","yoast_head_json":{"title":"Wie l\u00f6sche ich Inhalte in Excel? (Excel-Verkn\u00fcpfung)","description":"In diesem Tutorial lernen Sie die Tastenkombination zum L\u00f6schen des Inhalts einer Zelle oder eines Zellbereichs kennen.","robots":{"index":"index","follow":"follow","max-snippet":"max-snippet:-1","max-image-preview":"max-image-preview:large","max-video-preview":"max-video-preview:-1"},"canonical":"https:\/\/exceladvisor.org\/de\/klarer-inhalt\/","og_locale":"de_DE","og_type":"article","og_title":"Wie l\u00f6sche ich Inhalte in Excel? (Excel-Verkn\u00fcpfung)","og_description":"In diesem Tutorial lernen Sie die Tastenkombination zum L\u00f6schen des Inhalts einer Zelle oder eines Zellbereichs kennen.","og_url":"https:\/\/exceladvisor.org\/de\/klarer-inhalt\/","og_site_name":"Excel Advisor","article_modified_time":"2023-12-03T13:04:18+00:00","og_image":[{"url":"https:\/\/exceladvisor.org\/wp-content\/uploads\/2023\/08\/1-supprimer.png","type":"","width":"","height":""}],"twitter_card":"summary_large_image","twitter_misc":{"Gesch\u00e4tzte Lesezeit":"1\u00a0Minute"},"schema":{"@context":"https:\/\/schema.org","@graph":[{"@type":"WebPage","@id":"https:\/\/exceladvisor.org\/de\/klarer-inhalt\/","url":"https:\/\/exceladvisor.org\/de\/klarer-inhalt\/","name":"Wie l\u00f6sche ich Inhalte in Excel? (Excel-Verkn\u00fcpfung)","isPartOf":{"@id":"https:\/\/exceladvisor.org\/de\/#website"},"primaryImageOfPage":{"@id":"https:\/\/exceladvisor.org\/de\/klarer-inhalt\/#primaryimage"},"image":{"@id":"https:\/\/exceladvisor.org\/de\/klarer-inhalt\/#primaryimage"},"thumbnailUrl":"https:\/\/exceladvisor.org\/wp-content\/uploads\/2023\/08\/1-supprimer.png","datePublished":"2023-10-16T09:28:07+00:00","dateModified":"2023-12-03T13:04:18+00:00","description":"In diesem Tutorial lernen Sie die Tastenkombination zum L\u00f6schen des Inhalts einer Zelle oder eines Zellbereichs kennen.","breadcrumb":{"@id":"https:\/\/exceladvisor.org\/de\/klarer-inhalt\/#breadcrumb"},"inLanguage":"de","potentialAction":[{"@type":"ReadAction","target":["https:\/\/exceladvisor.org\/de\/klarer-inhalt\/"]}]},{"@type":"ImageObject","inLanguage":"de","@id":"https:\/\/exceladvisor.org\/de\/klarer-inhalt\/#primaryimage","url":"https:\/\/exceladvisor.org\/wp-content\/uploads\/2023\/08\/1-supprimer.png","contentUrl":"https:\/\/exceladvisor.org\/wp-content\/uploads\/2023\/08\/1-supprimer.png"},{"@type":"BreadcrumbList","@id":"https:\/\/exceladvisor.org\/de\/klarer-inhalt\/#breadcrumb","itemListElement":[{"@type":"ListItem","position":1,"name":"Accueil","item":"https:\/\/exceladvisor.org\/de\/"},{"@type":"ListItem","position":2,"name":"Wie l\u00f6sche ich inhalte in excel?"}]},{"@type":"WebSite","@id":"https:\/\/exceladvisor.org\/de\/#website","url":"https:\/\/exceladvisor.org\/de\/","name":"Excel Advisor","description":"Ihr Leitfaden zur Datendominanz","publisher":{"@id":"https:\/\/exceladvisor.org\/de\/#organization"},"potentialAction":[{"@type":"SearchAction","target":{"@type":"EntryPoint","urlTemplate":"https:\/\/exceladvisor.org\/de\/?s={search_term_string}"},"query-input":{"@type":"PropertyValueSpecification","valueRequired":true,"valueName":"search_term_string"}}],"inLanguage":"de"},{"@type":"Organization","@id":"https:\/\/exceladvisor.org\/de\/#organization","name":"Excel Advisor","url":"https:\/\/exceladvisor.org\/de\/","logo":{"@type":"ImageObject","inLanguage":"de","@id":"https:\/\/exceladvisor.org\/de\/#\/schema\/logo\/image\/","url":"https:\/\/exceladvisor.org\/de\/wp-content\/uploads\/2023\/11\/exceladvisor.org_.png","contentUrl":"https:\/\/exceladvisor.org\/de\/wp-content\/uploads\/2023\/11\/exceladvisor.org_.png","width":105,"height":36,"caption":"Excel Advisor"},"image":{"@id":"https:\/\/exceladvisor.org\/de\/#\/schema\/logo\/image\/"}}]}},"yoast_meta":{"yoast_wpseo_title":"","yoast_wpseo_metadesc":"","yoast_wpseo_canonical":""},"_links":{"self":[{"href":"https:\/\/exceladvisor.org\/de\/wp-json\/wp\/v2\/pages\/3596","targetHints":{"allow":["GET"]}}],"collection":[{"href":"https:\/\/exceladvisor.org\/de\/wp-json\/wp\/v2\/pages"}],"about":[{"href":"https:\/\/exceladvisor.org\/de\/wp-json\/wp\/v2\/types\/page"}],"author":[{"embeddable":true,"href":"https:\/\/exceladvisor.org\/de\/wp-json\/wp\/v2\/users\/1"}],"replies":[{"embeddable":true,"href":"https:\/\/exceladvisor.org\/de\/wp-json\/wp\/v2\/comments?post=3596"}],"version-history":[{"count":1,"href":"https:\/\/exceladvisor.org\/de\/wp-json\/wp\/v2\/pages\/3596\/revisions"}],"predecessor-version":[{"id":4148,"href":"https:\/\/exceladvisor.org\/de\/wp-json\/wp\/v2\/pages\/3596\/revisions\/4148"}],"wp:attachment":[{"href":"https:\/\/exceladvisor.org\/de\/wp-json\/wp\/v2\/media?parent=3596"}],"curies":[{"name":"wp","href":"https:\/\/api.w.org\/{rel}","templated":true}]}}