{"id":3597,"date":"2023-10-16T06:58:22","date_gmt":"2023-10-16T06:58:22","guid":{"rendered":"https:\/\/exceladvisor.org\/de\/speichern-als\/"},"modified":"2023-12-03T13:05:05","modified_gmt":"2023-12-03T13:05:05","slug":"speichern-als","status":"publish","type":"page","link":"https:\/\/exceladvisor.org\/de\/speichern-als\/","title":{"rendered":"Wie speichere ich schnell als excel-arbeitsmappe?"},"content":{"rendered":"<div class=\"excel-vor-dem-inhalt\" id=\"excel-523186851\"><script type=\"text\/javascript\">\r\n\tatOptions = {\r\n\t\t'key' : 'c1158f160081d6540a8409e6925dab94',\r\n\t\t'format' : 'iframe',\r\n\t\t'height' : 250,\r\n\t\t'width' : 300,\r\n\t\t'params' : {}\r\n\t};\r\n<\/script>\r\n<script type=\"text\/javascript\" src=\"\/\/www.highperformanceformat.com\/c1158f160081d6540a8409e6925dab94\/invoke.js\"><\/script><\/div> <p>Manchmal m\u00f6chte der Benutzer, dass die an der vorhandenen Datei vorgenommenen \u00c4nderungen in einer neuen separaten Datei mit dem neuen oder vorhandenen Dateinamen und -format gespeichert werden.<\/p><p> Dazu muss der Benutzer die Datei mit der Option \u201eSpeichern unter\u201c speichern, die die M\u00f6glichkeit bietet, die Datei als neue separate Datei mit neuem oder bestehendem Namen und Format zu speichern und einen Speicherort zum Speichern dieser Datei auszuw\u00e4hlen.<\/p><h2 class=\"wp-block-heading\"> Tastenkombination zum Speichern als Excel-Arbeitsmappe<\/h2><p> Es gibt mehrere M\u00f6glichkeiten, die Option \u201eSpeichern unter\u201c zu verwenden, es gibt jedoch zwei schnelle Verkn\u00fcpfungen, um die Option \u201eSpeichern unter\u201c wie folgt zu verwenden:<\/p><p> <kbd>Fn<\/kbd> + <kbd>F12<\/kbd> <\/p><div class=\"wp-block-image\"><figure class=\"aligncenter size-full is-resized\"><img loading=\"lazy\" decoding=\"async\" class=\"wp-image-67535\" src=\"https:\/\/exceladvisor.org\/wp-content\/uploads\/2023\/08\/1-raccourci-clavier-pour-enregistrer-sous.png\" sizes=\"auto, \" srcset=\"\" alt=\"Tastaturk\u00fcrzel zum Speichern unter\" width=\"881\" height=\"345\"><\/figure><\/div><p> <kbd>Alt<\/kbd> \u2192 <kbd>F<\/kbd> \u2192 <kbd>A<\/kbd> <\/p><div class=\"wp-block-image\"><figure class=\"aligncenter size-full is-resized\"><img loading=\"lazy\" decoding=\"async\" class=\"wp-image-67536\" src=\"https:\/\/exceladvisor.org\/wp-content\/uploads\/2023\/08\/2-raccourcis-clavier-pour-enregistrer-sous.png\" sizes=\"auto, \" srcset=\"\" alt=\"Tastaturk\u00fcrzel zum Speichern unter\" width=\"886\" height=\"347\"><\/figure><\/div><h2 class=\"wp-block-heading\"> Schritte zum Speichern als Datei mithilfe einer Tastenkombination<\/h2><ol><li> Dr\u00fccken Sie zun\u00e4chst die Tastenkombination Fn + F12 oder Alt \u2192 F \u2192 A, um das Dialogfeld \u201eSpeichern unter\u201c zu \u00f6ffnen.<\/li><li> Danach k\u00f6nnen Sie die Datei umbenennen, das Dateiformat \u00e4ndern und den Speicherort ausw\u00e4hlen, um sie als neue separate Datei zu speichern.<\/li><li> Wenn Sie fertig sind, klicken Sie auf die Schaltfl\u00e4che \u201eSpeichern\u201c und Sie erhalten Ihre neu generierte separate Datei. <\/li><\/ol><div class=\"wp-block-image\"><figure class=\"aligncenter size-full is-resized\"><img loading=\"lazy\" decoding=\"async\" class=\"wp-image-67537\" src=\"https:\/\/exceladvisor.org\/wp-content\/uploads\/2023\/08\/3-enregistrer-sous-la-boite-de-dialogue-2.png\" sizes=\"auto, \" srcset=\"\" alt=\"Dialogfeld \u201eSpeichern unter\u201c.\" width=\"608\" height=\"396\"><\/figure><\/div><div class=\"wp-block-group more-tutorials is-layout-flow\"><div class=\"wp-block-group__inner-container\"><h2 class=\"wp-block-heading\"> Weitere Tutorials <\/h2><div class=\"wp-block-columns is-layout-flex wp-container-83\"><div class=\"wp-block-column is-layout-flow\"><ul><li> <a href=\"https:\/\/exceladvisor.org\/de\/schliessen\/\">Schlie\u00dfen<\/a><\/li><li> <a href=\"https:\/\/exceladvisor.org\/de\/vollbild\/\">Ganzer Bildschirm<\/a><\/li><li> <a href=\"https:\/\/exceladvisor.org\/de\/band\/\">Band<\/a><\/li><li> <a href=\"https:\/\/exceladvisor.org\/de\/druckvorschau-1\/\">Vorschau vor dem Drucken<\/a><\/li><li> <a href=\"https:\/\/exceladvisor.org\/de\/tab-wechseln\/\">Tab wechseln<\/a><\/li><li> <a href=\"https:\/\/exceladvisor.org\/de\/ruckgangig-wiederholen\/\">R\u00fcckg\u00e4ngig machen und wiederholen<\/a><\/li><\/ul><\/div><div class=\"wp-block-column is-layout-flow\"><\/div><\/div><p> \u21e0 Zur\u00fcck zu <a href=\"https:\/\/exceladvisor.org\/de\/tastaturkurzel\/\">Excel-Verkn\u00fcpfungen (PDF-Spickzettel)<\/a><\/p><\/div><\/div>","protected":false},"excerpt":{"rendered":"","protected":false},"author":1,"featured_media":0,"parent":0,"menu_order":0,"comment_status":"open","ping_status":"closed","template":"","meta":{"ub_ctt_via":"","footnotes":""},"class_list":["post-3597","page","type-page","status-publish","hentry"],"featured_image_src":null,"yoast_head":"<!-- This site is optimized with the Yoast SEO plugin v25.4 - https:\/\/yoast.com\/wordpress\/plugins\/seo\/ -->\n<title>Wie speichere ich schnell als Excel-Arbeitsmappe?<\/title>\n<meta name=\"description\" content=\"In diesem Tutorial erfahren Sie, wie Sie mithilfe einer Tastenkombination Formeln in einer Tabellenkalkulation in Excel anzeigen.\" \/>\n<meta name=\"robots\" content=\"index, follow, max-snippet:-1, max-image-preview:large, max-video-preview:-1\" \/>\n<link rel=\"canonical\" href=\"https:\/\/exceladvisor.org\/de\/speichern-als\/\" \/>\n<meta property=\"og:locale\" content=\"de_DE\" \/>\n<meta property=\"og:type\" content=\"article\" \/>\n<meta property=\"og:title\" content=\"Wie speichere ich schnell als Excel-Arbeitsmappe?\" \/>\n<meta property=\"og:description\" content=\"In diesem Tutorial erfahren Sie, wie Sie mithilfe einer Tastenkombination Formeln in einer Tabellenkalkulation in Excel anzeigen.\" \/>\n<meta property=\"og:url\" content=\"https:\/\/exceladvisor.org\/de\/speichern-als\/\" \/>\n<meta property=\"og:site_name\" content=\"Excel Advisor\" \/>\n<meta property=\"article:modified_time\" content=\"2023-12-03T13:05:05+00:00\" \/>\n<meta property=\"og:image\" content=\"https:\/\/exceladvisor.org\/wp-content\/uploads\/2023\/08\/1-raccourci-clavier-pour-enregistrer-sous.png\" \/>\n<meta name=\"twitter:card\" content=\"summary_large_image\" \/>\n<meta name=\"twitter:label1\" content=\"Gesch\u00e4tzte Lesezeit\" \/>\n\t<meta name=\"twitter:data1\" content=\"1\u00a0Minute\" \/>\n<script type=\"application\/ld+json\" class=\"yoast-schema-graph\">{\"@context\":\"https:\/\/schema.org\",\"@graph\":[{\"@type\":\"WebPage\",\"@id\":\"https:\/\/exceladvisor.org\/de\/speichern-als\/\",\"url\":\"https:\/\/exceladvisor.org\/de\/speichern-als\/\",\"name\":\"Wie speichere ich schnell als Excel-Arbeitsmappe?\",\"isPartOf\":{\"@id\":\"https:\/\/exceladvisor.org\/de\/#website\"},\"primaryImageOfPage\":{\"@id\":\"https:\/\/exceladvisor.org\/de\/speichern-als\/#primaryimage\"},\"image\":{\"@id\":\"https:\/\/exceladvisor.org\/de\/speichern-als\/#primaryimage\"},\"thumbnailUrl\":\"https:\/\/exceladvisor.org\/wp-content\/uploads\/2023\/08\/1-raccourci-clavier-pour-enregistrer-sous.png\",\"datePublished\":\"2023-10-16T06:58:22+00:00\",\"dateModified\":\"2023-12-03T13:05:05+00:00\",\"description\":\"In diesem Tutorial erfahren Sie, wie Sie mithilfe einer Tastenkombination Formeln in einer Tabellenkalkulation in Excel anzeigen.\",\"breadcrumb\":{\"@id\":\"https:\/\/exceladvisor.org\/de\/speichern-als\/#breadcrumb\"},\"inLanguage\":\"de\",\"potentialAction\":[{\"@type\":\"ReadAction\",\"target\":[\"https:\/\/exceladvisor.org\/de\/speichern-als\/\"]}]},{\"@type\":\"ImageObject\",\"inLanguage\":\"de\",\"@id\":\"https:\/\/exceladvisor.org\/de\/speichern-als\/#primaryimage\",\"url\":\"https:\/\/exceladvisor.org\/wp-content\/uploads\/2023\/08\/1-raccourci-clavier-pour-enregistrer-sous.png\",\"contentUrl\":\"https:\/\/exceladvisor.org\/wp-content\/uploads\/2023\/08\/1-raccourci-clavier-pour-enregistrer-sous.png\"},{\"@type\":\"BreadcrumbList\",\"@id\":\"https:\/\/exceladvisor.org\/de\/speichern-als\/#breadcrumb\",\"itemListElement\":[{\"@type\":\"ListItem\",\"position\":1,\"name\":\"Accueil\",\"item\":\"https:\/\/exceladvisor.org\/de\/\"},{\"@type\":\"ListItem\",\"position\":2,\"name\":\"Wie speichere ich schnell als excel-arbeitsmappe?\"}]},{\"@type\":\"WebSite\",\"@id\":\"https:\/\/exceladvisor.org\/de\/#website\",\"url\":\"https:\/\/exceladvisor.org\/de\/\",\"name\":\"Excel Advisor\",\"description\":\"Ihr Leitfaden zur Datendominanz\",\"publisher\":{\"@id\":\"https:\/\/exceladvisor.org\/de\/#organization\"},\"potentialAction\":[{\"@type\":\"SearchAction\",\"target\":{\"@type\":\"EntryPoint\",\"urlTemplate\":\"https:\/\/exceladvisor.org\/de\/?s={search_term_string}\"},\"query-input\":{\"@type\":\"PropertyValueSpecification\",\"valueRequired\":true,\"valueName\":\"search_term_string\"}}],\"inLanguage\":\"de\"},{\"@type\":\"Organization\",\"@id\":\"https:\/\/exceladvisor.org\/de\/#organization\",\"name\":\"Excel Advisor\",\"url\":\"https:\/\/exceladvisor.org\/de\/\",\"logo\":{\"@type\":\"ImageObject\",\"inLanguage\":\"de\",\"@id\":\"https:\/\/exceladvisor.org\/de\/#\/schema\/logo\/image\/\",\"url\":\"https:\/\/exceladvisor.org\/de\/wp-content\/uploads\/2023\/11\/exceladvisor.org_.png\",\"contentUrl\":\"https:\/\/exceladvisor.org\/de\/wp-content\/uploads\/2023\/11\/exceladvisor.org_.png\",\"width\":105,\"height\":36,\"caption\":\"Excel Advisor\"},\"image\":{\"@id\":\"https:\/\/exceladvisor.org\/de\/#\/schema\/logo\/image\/\"}}]}<\/script>\n<!-- \/ Yoast SEO plugin. -->","yoast_head_json":{"title":"Wie speichere ich schnell als Excel-Arbeitsmappe?","description":"In diesem Tutorial erfahren Sie, wie Sie mithilfe einer Tastenkombination Formeln in einer Tabellenkalkulation in Excel anzeigen.","robots":{"index":"index","follow":"follow","max-snippet":"max-snippet:-1","max-image-preview":"max-image-preview:large","max-video-preview":"max-video-preview:-1"},"canonical":"https:\/\/exceladvisor.org\/de\/speichern-als\/","og_locale":"de_DE","og_type":"article","og_title":"Wie speichere ich schnell als Excel-Arbeitsmappe?","og_description":"In diesem Tutorial erfahren Sie, wie Sie mithilfe einer Tastenkombination Formeln in einer Tabellenkalkulation in Excel anzeigen.","og_url":"https:\/\/exceladvisor.org\/de\/speichern-als\/","og_site_name":"Excel Advisor","article_modified_time":"2023-12-03T13:05:05+00:00","og_image":[{"url":"https:\/\/exceladvisor.org\/wp-content\/uploads\/2023\/08\/1-raccourci-clavier-pour-enregistrer-sous.png","type":"","width":"","height":""}],"twitter_card":"summary_large_image","twitter_misc":{"Gesch\u00e4tzte Lesezeit":"1\u00a0Minute"},"schema":{"@context":"https:\/\/schema.org","@graph":[{"@type":"WebPage","@id":"https:\/\/exceladvisor.org\/de\/speichern-als\/","url":"https:\/\/exceladvisor.org\/de\/speichern-als\/","name":"Wie speichere ich schnell als Excel-Arbeitsmappe?","isPartOf":{"@id":"https:\/\/exceladvisor.org\/de\/#website"},"primaryImageOfPage":{"@id":"https:\/\/exceladvisor.org\/de\/speichern-als\/#primaryimage"},"image":{"@id":"https:\/\/exceladvisor.org\/de\/speichern-als\/#primaryimage"},"thumbnailUrl":"https:\/\/exceladvisor.org\/wp-content\/uploads\/2023\/08\/1-raccourci-clavier-pour-enregistrer-sous.png","datePublished":"2023-10-16T06:58:22+00:00","dateModified":"2023-12-03T13:05:05+00:00","description":"In diesem Tutorial erfahren Sie, wie Sie mithilfe einer Tastenkombination Formeln in einer Tabellenkalkulation in Excel anzeigen.","breadcrumb":{"@id":"https:\/\/exceladvisor.org\/de\/speichern-als\/#breadcrumb"},"inLanguage":"de","potentialAction":[{"@type":"ReadAction","target":["https:\/\/exceladvisor.org\/de\/speichern-als\/"]}]},{"@type":"ImageObject","inLanguage":"de","@id":"https:\/\/exceladvisor.org\/de\/speichern-als\/#primaryimage","url":"https:\/\/exceladvisor.org\/wp-content\/uploads\/2023\/08\/1-raccourci-clavier-pour-enregistrer-sous.png","contentUrl":"https:\/\/exceladvisor.org\/wp-content\/uploads\/2023\/08\/1-raccourci-clavier-pour-enregistrer-sous.png"},{"@type":"BreadcrumbList","@id":"https:\/\/exceladvisor.org\/de\/speichern-als\/#breadcrumb","itemListElement":[{"@type":"ListItem","position":1,"name":"Accueil","item":"https:\/\/exceladvisor.org\/de\/"},{"@type":"ListItem","position":2,"name":"Wie speichere ich schnell als excel-arbeitsmappe?"}]},{"@type":"WebSite","@id":"https:\/\/exceladvisor.org\/de\/#website","url":"https:\/\/exceladvisor.org\/de\/","name":"Excel Advisor","description":"Ihr Leitfaden zur Datendominanz","publisher":{"@id":"https:\/\/exceladvisor.org\/de\/#organization"},"potentialAction":[{"@type":"SearchAction","target":{"@type":"EntryPoint","urlTemplate":"https:\/\/exceladvisor.org\/de\/?s={search_term_string}"},"query-input":{"@type":"PropertyValueSpecification","valueRequired":true,"valueName":"search_term_string"}}],"inLanguage":"de"},{"@type":"Organization","@id":"https:\/\/exceladvisor.org\/de\/#organization","name":"Excel Advisor","url":"https:\/\/exceladvisor.org\/de\/","logo":{"@type":"ImageObject","inLanguage":"de","@id":"https:\/\/exceladvisor.org\/de\/#\/schema\/logo\/image\/","url":"https:\/\/exceladvisor.org\/de\/wp-content\/uploads\/2023\/11\/exceladvisor.org_.png","contentUrl":"https:\/\/exceladvisor.org\/de\/wp-content\/uploads\/2023\/11\/exceladvisor.org_.png","width":105,"height":36,"caption":"Excel Advisor"},"image":{"@id":"https:\/\/exceladvisor.org\/de\/#\/schema\/logo\/image\/"}}]}},"yoast_meta":{"yoast_wpseo_title":"","yoast_wpseo_metadesc":"","yoast_wpseo_canonical":""},"_links":{"self":[{"href":"https:\/\/exceladvisor.org\/de\/wp-json\/wp\/v2\/pages\/3597","targetHints":{"allow":["GET"]}}],"collection":[{"href":"https:\/\/exceladvisor.org\/de\/wp-json\/wp\/v2\/pages"}],"about":[{"href":"https:\/\/exceladvisor.org\/de\/wp-json\/wp\/v2\/types\/page"}],"author":[{"embeddable":true,"href":"https:\/\/exceladvisor.org\/de\/wp-json\/wp\/v2\/users\/1"}],"replies":[{"embeddable":true,"href":"https:\/\/exceladvisor.org\/de\/wp-json\/wp\/v2\/comments?post=3597"}],"version-history":[{"count":1,"href":"https:\/\/exceladvisor.org\/de\/wp-json\/wp\/v2\/pages\/3597\/revisions"}],"predecessor-version":[{"id":4195,"href":"https:\/\/exceladvisor.org\/de\/wp-json\/wp\/v2\/pages\/3597\/revisions\/4195"}],"wp:attachment":[{"href":"https:\/\/exceladvisor.org\/de\/wp-json\/wp\/v2\/media?parent=3597"}],"curies":[{"name":"wp","href":"https:\/\/api.w.org\/{rel}","templated":true}]}}