{"id":3599,"date":"2023-10-15T17:12:29","date_gmt":"2023-10-15T17:12:29","guid":{"rendered":"https:\/\/exceladvisor.org\/de\/funktionsformeln\/"},"modified":"2023-12-03T13:04:57","modified_gmt":"2023-12-03T13:04:57","slug":"funktionsformeln","status":"publish","type":"page","link":"https:\/\/exceladvisor.org\/de\/funktionsformeln\/","title":{"rendered":"Wie verwende ich funktionen und formeln in power query?"},"content":{"rendered":"<div class=\"excel-vor-dem-inhalt\" id=\"excel-39856029\"><script type=\"text\/javascript\">\r\n\tatOptions = {\r\n\t\t'key' : 'c1158f160081d6540a8409e6925dab94',\r\n\t\t'format' : 'iframe',\r\n\t\t'height' : 250,\r\n\t\t'width' : 300,\r\n\t\t'params' : {}\r\n\t};\r\n<\/script>\r\n<script type=\"text\/javascript\" src=\"\/\/www.highperformanceformat.com\/c1158f160081d6540a8409e6925dab94\/invoke.js\"><\/script><\/div> <p>In Power Query k\u00f6nnen Sie Funktionen und Formeln fast wie in einer Tabellenkalkulation verwenden. Power Query verf\u00fcgt \u00fcber eine lange Liste von Funktionen und Sie k\u00f6nnen Formeln mit verschiedenen Berechnungsfunktionen oder Operatoren schreiben.<\/p><p> Und in diesem Tutorial werden wir Funktionen und Formeln im Detail verstehen.<\/p><h2 class=\"wp-block-heading\"> Schreiben Sie Ihre erste Formel in Power Query<\/h2><p> In Power Query m\u00fcssen Sie im Gegensatz zu Excel eine neue Spalte hinzuf\u00fcgen, um eine Formel einzugeben. Sie k\u00f6nnen es jedoch in einer einzelnen Zelle eingeben. Lassen Sie es uns anhand eines Beispiels verstehen. Unten haben wir einige Werte in den Spalten A und B. <\/p><div class=\"wp-block-image\"><figure class=\"aligncenter size-full is-resized\"><img loading=\"lazy\" decoding=\"async\" class=\"wp-image-88811\" src=\"https:\/\/exceladvisor.org\/wp-content\/uploads\/2023\/08\/1-formule-dans-power-query.png\" sizes=\"auto, \" srcset=\"\" alt=\"Formel-in-Power-Abfrage\" width=\"185\" height=\"306\"><\/figure><\/div><p> Und f\u00fcgen Sie nun eine neue Spalte mit der Summe beider Spalten ein. Um es zu erhalten, k\u00f6nnen Sie die folgenden Schritte ausf\u00fchren:<\/p><ol><li> Laden Sie zun\u00e4chst die Daten in den leistungsstarken Abfrageeditor (Registerkarte \u201eDaten\u201c &gt; \u201eAus anderen Quellen\u201c &gt; \u201eAus Bereich\/Tabelle\u201c). <br><img decoding=\"async\" style=\"height: 442px; width: 509px;\" title=\"2-Ladedaten-in-Power-Abfrage\" src=\"https:\/\/exceladvisor.org\/wp-content\/uploads\/2023\/08\/2-charger-les-donnees-dans-la-requete-de-puissance.png\" sizes=\"\" srcset=\"\" alt=\"load-data-into-power-query\"><\/li><li> Im Editor m\u00fcssen Sie zur Registerkarte \u201eSpalte hinzuf\u00fcgen\u201c gehen und auf die Schaltfl\u00e4che \u201eBenutzerdefinierte Spalte\u201c klicken, um das Dialogfeld zu \u00f6ffnen. <br><img decoding=\"async\" style=\"height: 429px; width: 540px;\" title=\"3-Tasten-Spalte-benutzerdefiniert\" src=\"https:\/\/exceladvisor.org\/wp-content\/uploads\/2023\/08\/3-bouton-de-colonne-personnalise.png\" sizes=\"\" srcset=\"\" alt=\"custom-column-button\"><\/li><li> Von dort aus m\u00fcssen Sie im Dialogfeld die Formel eingeben, die Sie verwenden m\u00f6chten. Das Gleichheitszeichen ist bereits vorhanden, sodass Sie es nicht eingeben m\u00fcssen. <br><img decoding=\"async\" style=\"height: 304px; width: 797px;\" title=\"4-Geben Sie die Formel in das Dialogfenster ein\" src=\"https:\/\/exceladvisor.org\/wp-content\/uploads\/2023\/08\/4-entrez-la-formule-dans-la-boite-de-dialogue.png\" sizes=\"\" srcset=\"\" alt=\"enter-the-formula-in-dialog-box\"><\/li><li> Als n\u00e4chstes m\u00fcssen Sie die Formel schreiben:<ul><li> Klicken Sie in den verf\u00fcgbaren Spalten auf Jan, um ihn in die Formel einzugeben.<\/li><\/ul><ul><li> Geben Sie das Pluszeichen (+) ein.<\/li><\/ul><ul><li> Klicken Sie in den verf\u00fcgbaren Spalten auf den Februar, um ihn in die Formel einzugeben.<\/li><\/ul><ul><li> Geben Sie au\u00dferdem einen Namen f\u00fcr die Spalte ein. <\/li><\/ul><p><img decoding=\"async\" style=\"height: 404px; width: 665px;\" title=\"5-Schreiben-Formel-zur-Eingabe-mit-neuer-benutzerdefinierter-Spalte\" src=\"https:\/\/exceladvisor.org\/wp-content\/uploads\/2023\/08\/5-ecrire-une-formule-a-saisir-avec-une-nouvelle-colonne-personnalisee.png\" sizes=\"\" srcset=\"\" alt=\"write-formula-to-enter-with-new-custom-column\"><\/p><\/li><li> Klicken Sie am Ende auf OK, um die Formel mit einer neuen benutzerdefinierten Spalte einzugeben.<\/li><\/ol><p> Sobald Sie die Eingabetaste dr\u00fccken, wird eine neue Spalte mit der Summe der Spalten A und B (Jan und Februar) eingef\u00fcgt. <\/p><div class=\"wp-block-image\"><figure class=\"aligncenter size-full is-resized\"><img loading=\"lazy\" decoding=\"async\" class=\"wp-image-88816\" src=\"https:\/\/exceladvisor.org\/wp-content\/uploads\/2023\/08\/6-nouvelle-colonne-avec-les-resultats-de-la-formule.png\" sizes=\"auto, \" srcset=\"\" alt=\"Neue-Spalte-mit-Formel-Ergebnissen\" width=\"552\" height=\"306\"><\/figure><\/div><p> Klicken Sie abschlie\u00dfend auf der Registerkarte \u201eStartseite\u201c auf die Schaltfl\u00e4che \u201eSchlie\u00dfen und laden\u201c, um die Daten in ein neues Arbeitsblatt in Excel zu laden. <\/p><div class=\"wp-block-image\"><figure class=\"aligncenter size-full is-resized\"><img loading=\"lazy\" decoding=\"async\" class=\"wp-image-88817\" src=\"https:\/\/exceladvisor.org\/wp-content\/uploads\/2023\/08\/7-cliquez-sur-fermer-et-charger.png\" sizes=\"auto, \" srcset=\"\" alt=\"Klicken-Schlie\u00dfen-und-Laden\" width=\"494\" height=\"156\"><\/figure><\/div><p> Und sobald Sie darauf klicken, wird der leistungsstarke Abfrageeditor geschlossen und die Daten werden geladen, indem ein neues Arbeitsblatt eingef\u00fcgt wird. <\/p><div class=\"wp-block-image\"><figure class=\"aligncenter size-full is-resized\"><img loading=\"lazy\" decoding=\"async\" class=\"wp-image-88818\" src=\"https:\/\/exceladvisor.org\/wp-content\/uploads\/2023\/08\/8-charge-les-donnees-en-inserant-une-nouvelle-feuille-de-calcul.png\" sizes=\"auto, \" srcset=\"\" alt=\"Laden von Daten durch Einf\u00fcgen eines neuen Arbeitsblatts\" width=\"435\" height=\"401\"><\/figure><\/div><p> Da es sich um eine erweiterte Echtzeitabfrage handelt, erhalten Sie alle neuen Werte in dieser Tabelle, wenn Sie neue Werte in die Quelldaten eingeben und die neue Tabelle aktualisieren, die Sie aus dem erweiterten Abfrageeditor neu geladen haben. So wird auch die Berechnung der neuen Werte w\u00e4hrend der Aktualisierung durchgef\u00fchrt.<\/p><h2 class=\"wp-block-heading\"> Bearbeiten einer Formel<\/h2><p> Sobald Sie eine Formel in Power Query geschrieben haben, k\u00f6nnen Sie sie bearbeiten.<\/p><ul><li> W\u00e4hlen Sie zun\u00e4chst eine der Zellen in der neuen Tabelle aus und navigieren Sie im Men\u00fcband zur Registerkarte \u201eAbfrage\u201c.<\/li><li> Klicken Sie dann auf die Schaltfl\u00e4che \u201eBearbeiten\u201c. <\/li><\/ul><div class=\"wp-block-image\"><figure class=\"aligncenter size-full is-resized\"><img loading=\"lazy\" decoding=\"async\" class=\"wp-image-88819\" src=\"https:\/\/exceladvisor.org\/wp-content\/uploads\/2023\/08\/9-modifier-une-formule-dans-power-query.png\" sizes=\"auto, \" srcset=\"\" alt=\"\u00c4ndern-einer-Formel-in-Power-Abfrage\" width=\"473\" height=\"379\"><\/figure><\/div><p> Sobald Sie auf die Schaltfl\u00e4che \u201eBearbeiten\u201c klicken, wird der Power Query-Editor ge\u00f6ffnet. <\/p><div class=\"wp-block-image\"><figure class=\"aligncenter size-full is-resized\"><img loading=\"lazy\" decoding=\"async\" class=\"wp-image-88820\" src=\"https:\/\/exceladvisor.org\/wp-content\/uploads\/2023\/08\/10-editeur-de-requete-de-puissance-ouvert.png\" sizes=\"auto, \" srcset=\"\" alt=\"Power-Query-Editor-ge\u00f6ffnet\" width=\"600\" height=\"377\"><\/figure><\/div><p> Von hier aus m\u00fcssen Sie zur rechten Seite des Fensters gehen, wo sich die \u201eAngewandten Schritte\u201c befinden.<\/p><p> Klicken Sie dann auf \u201eBenutzerdefiniert hinzuf\u00fcgen\u201c, um das Dialogfeld der benutzerdefinierten Spalte zu \u00f6ffnen, in der Sie zun\u00e4chst die Formel eingeben. <\/p><div class=\"wp-block-image\"><figure class=\"aligncenter size-full is-resized\"><img loading=\"lazy\" decoding=\"async\" class=\"wp-image-88821\" src=\"https:\/\/exceladvisor.org\/wp-content\/uploads\/2023\/08\/11-cliquez-sur-la-coutume-ajoutee.png\" sizes=\"auto, \" srcset=\"\" alt=\"Klicken Sie auf \u201eHinzugef\u00fcgte Benutzerdefiniert\u201c.\" width=\"242\" height=\"274\"><\/figure><\/div><p> Und im Dialogfeld k\u00f6nnen Sie die von Ihnen geschriebene Formel bearbeiten und \u00e4ndern. <\/p><div class=\"wp-block-image\"><figure class=\"aligncenter size-full is-resized\"><img loading=\"lazy\" decoding=\"async\" class=\"wp-image-88822\" src=\"https:\/\/exceladvisor.org\/wp-content\/uploads\/2023\/08\/12-modifier-ou-modifier-la-formule-existante.png\" sizes=\"auto, \" srcset=\"\" alt=\"die vorhandene Formel modifizieren oder \u00e4ndern\" width=\"626\" height=\"238\"><\/figure><\/div><p> Die Verwendung von Formeln in Power Query \u00e4hnelt <a href=\"https:\/\/exceladvisor.org\/de\/formeln\/\">Formeln in Excel<\/a> . Sie m\u00fcssen lediglich die richtige Funktion oder den richtigen Operator kennen.<\/p><p> Im n\u00e4chsten Teil dieses Tutorials erfahren Sie, wie Sie eine Funktion verwenden, um das gew\u00fcnschte Ergebnis zu erhalten oder mit einer Leistungsabfrage ein bestimmtes Ergebnis zu erzielen.<\/p><h2 class=\"wp-block-heading\"> Verwenden von Funktionen in Power Query<\/h2><p> Power Query verf\u00fcgt wie Excel \u00fcber eine lange Liste von Funktionen, die Sie f\u00fcr bestimmte Berechnungen verwenden k\u00f6nnen.<\/p><p> Im weiteren Verlauf dieses Tutorials werden wir lernen, wie man eine Funktion verwendet, um zu verstehen, wie man sie mithilfe einer neuen benutzerdefinierten Spalte einf\u00fcgt. <a href=\"https:\/\/learn.microsoft.com\/en-us\/powerquery-m\/power-query-m-function-reference\" target=\"_blank\" rel=\"noreferrer noopener nofollow\">Hier ist die Liste<\/a> der Microsoft-Funktionen, die Sie konsultieren k\u00f6nnen, um die Funktion zu finden, die Sie ben\u00f6tigen.<\/p><p> Im folgenden Beispiel haben wir eine Liste mit Daten und m\u00fcssen nun das letzte Datum des Monats ermitteln, zu dem diese Tage geh\u00f6ren. Wenn ein Datum beispielsweise auf den Monat Mai f\u00e4llt, m\u00fcssen wir das letzte Datum im Mai ermitteln. <\/p><div class=\"wp-block-image\"><figure class=\"aligncenter size-full is-resized\"><img loading=\"lazy\" decoding=\"async\" class=\"wp-image-88823\" src=\"https:\/\/exceladvisor.org\/wp-content\/uploads\/2023\/08\/13-fonctions-dutilisation-dans-la-requete-de-puissance.png\" sizes=\"auto, \" srcset=\"\" alt=\"Use-Functions-in-Power-Query\" width=\"152\" height=\"311\"><\/figure><\/div><p> Und daf\u00fcr k\u00f6nnen wir die Funktion Date.EndOfMonth verwenden. In dieser Funktion m\u00fcssen wir nur ein Argument definieren: <strong>dateTime<\/strong> .<\/p><p> Sobald Sie Ihre Daten in den erweiterten Abfrageeditor geladen haben, m\u00fcssen Sie zur Registerkarte \u201eSpalte hinzuf\u00fcgen\u201c gehen und auf die Schaltfl\u00e4che \u201eBenutzerdefinierte Spalte\u201c klicken, um das Dialogfeld \u201eBenutzerdefinierte Spalte\u201c zu \u00f6ffnen. <\/p><div class=\"wp-block-image\"><figure class=\"aligncenter size-full is-resized\"><img loading=\"lazy\" decoding=\"async\" class=\"wp-image-88824\" src=\"https:\/\/exceladvisor.org\/wp-content\/uploads\/2023\/08\/14-ouvrir-une-boite-de-dialogue-personnalisee.png\" sizes=\"auto, \" srcset=\"\" alt=\"Benutzerdefiniertes Dialogfeld \u00f6ffnen\" width=\"406\" height=\"150\"><\/figure><\/div><p> Geben Sie im Dialogfeld den Funktionsnamen Date.EndOfMonth ein. Intellisense zeigt sofort eine Liste verwandter Funktionen an, wenn Sie mit der Eingabe des Funktionsnamens beginnen. <\/p><div class=\"wp-block-image\"><figure class=\"aligncenter size-full is-resized\"><img loading=\"lazy\" decoding=\"async\" class=\"wp-image-88825\" src=\"https:\/\/exceladvisor.org\/wp-content\/uploads\/2023\/08\/15-dans-la-boite-de-dialogue-entrez-le-nom-de-la-fonction.png\" sizes=\"auto, \" srcset=\"\" alt=\"Geben Sie im Dialogfenster den Funktionsnamen ein\" width=\"566\" height=\"311\"><\/figure><\/div><p> Sie k\u00f6nnen den vollst\u00e4ndigen Namen der Funktion eingeben oder auf den Namen klicken, den Sie in der Liste haben. Nachdem Sie den Funktionsnamen eingegeben haben, m\u00fcssen Sie eine Startklammer eingeben. Daraufhin werden Ihnen die Details der Argumente angezeigt, die Sie angeben m\u00fcssen. <\/p><div class=\"wp-block-image\"><figure class=\"aligncenter size-full is-resized\"><img loading=\"lazy\" decoding=\"async\" class=\"wp-image-88826\" src=\"https:\/\/exceladvisor.org\/wp-content\/uploads\/2023\/08\/16-entrez-une-parenthese-ouvrante-apres-le-nom-de-la-formule.png\" sizes=\"auto, \" srcset=\"\" alt=\"Geben Sie die Anfangsklammern nach dem Formelnamen ein\" width=\"591\" height=\"233\"><\/figure><\/div><p> Wie ich bereits erw\u00e4hnt habe, m\u00fcssen wir das dateTime-Argument angeben, das ein Datum oder ein datetime-Wert sein kann. Und wir haben eine Liste der Daten in den Daten, die in die Leistungsabfrage geladen werden.<\/p><p> Sie m\u00fcssen also den Spaltennamen in das Funktionsargument eingeben. Und schlie\u00dfen Sie dann die Funktion mit den schlie\u00dfenden Klammern. <\/p><div class=\"wp-block-image\"><figure class=\"aligncenter size-full is-resized\"><img loading=\"lazy\" decoding=\"async\" class=\"wp-image-88827\" src=\"https:\/\/exceladvisor.org\/wp-content\/uploads\/2023\/08\/17-nom-de-colonne-dans-largument-de-la-fonction.png\" sizes=\"auto, \" srcset=\"\" alt=\"Spaltenname-im-Funktionsargument\" width=\"712\" height=\"257\"><\/figure><\/div><p> Bevor Sie auf \u201eOK\u201c klicken, f\u00fcgen Sie einen Namen f\u00fcr die neue Spalte hinzu. <\/p><div class=\"wp-block-image\"><figure class=\"aligncenter size-full is-resized\"><img loading=\"lazy\" decoding=\"async\" class=\"wp-image-88829\" src=\"https:\/\/exceladvisor.org\/wp-content\/uploads\/2023\/08\/18-ajouter-le-nom-de-la-nouvelle-colonne.png\" sizes=\"auto, \" srcset=\"\" alt=\"Add-new-column-name\" width=\"696\" height=\"219\"><\/figure><\/div><p> Klicken Sie abschlie\u00dfend auf OK, um die Spalte einzuf\u00fcgen. Und sobald Sie auf \u201eOK\u201c klicken, wird eine neue Spalte mit dem letzten Datum des Monats eingef\u00fcgt, basierend auf dem Datum, das Sie in der entsprechenden Spalte haben. <\/p><div class=\"wp-block-image\"><figure class=\"aligncenter size-full is-resized\"><img loading=\"lazy\" decoding=\"async\" class=\"wp-image-88830\" src=\"https:\/\/exceladvisor.org\/wp-content\/uploads\/2023\/08\/19-nouvelles-colonnes-avec-la-derniere-date-du-mois.png\" sizes=\"auto, \" srcset=\"\" alt=\"Neue Spalte mit dem letzten Datum des Monats\" width=\"431\" height=\"316\"><\/figure><\/div><p> Diese Spalte enth\u00e4lt auch eine Uhrzeit mit dem Datum, sodass Sie das Spaltenformat nur f\u00fcr das Datum \u00e4ndern m\u00fcssen. Klicken Sie auf das Dropdown-Men\u00fc \u201eDatentyp\u201c und w\u00e4hlen Sie \u201eDatum\u201c aus. <\/p><div class=\"wp-block-image\"><figure class=\"aligncenter size-full is-resized\"><img loading=\"lazy\" decoding=\"async\" class=\"wp-image-88831\" src=\"https:\/\/exceladvisor.org\/wp-content\/uploads\/2023\/08\/20-a-partir-du-type-de-donnees-selectionner-la-date.png\" sizes=\"auto, \" srcset=\"\" alt=\"Von-Datentyp-Auswahldatum\" width=\"626\" height=\"364\"><\/figure><\/div><p> Dadurch wird das Format der Spalte in \u201eDatum\u201c ge\u00e4ndert. Und Sie k\u00f6nnen sehen, dass wir das letzte Datum des Monats basierend auf dem Monat haben, den Sie in der ersten Spalte haben. <\/p><div class=\"wp-block-image\"><figure class=\"aligncenter size-full is-resized\"><img loading=\"lazy\" decoding=\"async\" class=\"wp-image-88832\" src=\"https:\/\/exceladvisor.org\/wp-content\/uploads\/2023\/08\/Format-21-colonnes-change-en-date.png\" sizes=\"auto, \" srcset=\"\" alt=\"Spaltenformat-ge\u00e4ndert-am-Datum\" width=\"390\" height=\"286\"><\/figure><\/div><h2 class=\"wp-block-heading\"> Verwendung von Funktionen f\u00fcr Berechnungen<\/h2><p> Im obigen Beispiel haben wir eine einfache Funktion verwendet, um Ihnen die Schritte zur Verwendung einer beliebigen Funktion in der Leistungsabfrage verst\u00e4ndlich zu machen.<\/p><p> Sobald Sie wissen, welche Funktion Sie f\u00fcr die ben\u00f6tigte Berechnung verwenden m\u00fcssen, k\u00f6nnen Sie eine benutzerdefinierte Spalte einf\u00fcgen, die Funktion einf\u00fcgen und dann die erforderlichen Argumente angeben.<\/p><div class=\"gb-container gb-container-9e2850fe gb-container-mt\"> <a class=\"gb-button gb-button-71636faa gb-button-text gb-button-mt-button\" href=\"https:\/\/exceladvisor.org\/de\/leistungsanforderung\/\">Power Query in Excel (Tutorial)<\/a><h2 class=\"gb-headline gb-headline-c566b2ed gb-headline-text gb-headline-mt-heading\"> Verwandte Tutorials <\/h2><div class=\"gb-grid-wrapper gb-grid-wrapper-b15ed1bf gb-grid-wrapper-mt-grid\"><div class=\"gb-grid-column gb-grid-column-6e9de105\"><div class=\"gb-container gb-container-6e9de105\"><ul><li> F\u00fchren Sie mehrere Excel-Dateien in EINEM NOTIZBUCH zusammen<\/li><li> <a href=\"https:\/\/exceladvisor.org\/de\/suchev-2\/\">F\u00fchren Sie SVERWEIS in Power Query in Excel durch<\/a><\/li><li> <a href=\"https:\/\/exceladvisor.org\/de\/nicht-gedrehte-daten\/\">Entfernen Sie den Daten-Pivot in Excel mithilfe von Power Query<\/a><\/li><li> <a href=\"https:\/\/exceladvisor.org\/de\/kette\/\">Power Query: Werte verketten (Text und Zahlen)<\/a><\/li><li> <a href=\"https:\/\/exceladvisor.org\/de\/unterschied-in-den-daten\/\">Power Query: Datumsunterschied<\/a> <\/li><\/ul><\/div><\/div><div class=\"gb-grid-column gb-grid-column-4eaecde3\"><div class=\"gb-container gb-container-4eaecde3\"><\/div><\/div><\/div><\/div>","protected":false},"excerpt":{"rendered":"","protected":false},"author":1,"featured_media":0,"parent":0,"menu_order":0,"comment_status":"open","ping_status":"closed","template":"","meta":{"ub_ctt_via":"","footnotes":""},"class_list":["post-3599","page","type-page","status-publish","hentry"],"featured_image_src":null,"yoast_head":"<!-- This site is optimized with the Yoast SEO plugin v25.4 - https:\/\/yoast.com\/wordpress\/plugins\/seo\/ -->\n<title>Wie verwende ich Funktionen und Formeln in Power Query?<\/title>\n<meta name=\"description\" content=\"In Power Query k\u00f6nnen Sie Funktionen und Formeln fast wie in einer Tabellenkalkulation verwenden.\" \/>\n<meta name=\"robots\" content=\"index, follow, max-snippet:-1, max-image-preview:large, max-video-preview:-1\" \/>\n<link rel=\"canonical\" href=\"https:\/\/exceladvisor.org\/de\/funktionsformeln\/\" \/>\n<meta property=\"og:locale\" content=\"de_DE\" \/>\n<meta property=\"og:type\" content=\"article\" \/>\n<meta property=\"og:title\" content=\"Wie verwende ich Funktionen und Formeln in Power Query?\" \/>\n<meta property=\"og:description\" content=\"In Power Query k\u00f6nnen Sie Funktionen und Formeln fast wie in einer Tabellenkalkulation verwenden.\" \/>\n<meta property=\"og:url\" content=\"https:\/\/exceladvisor.org\/de\/funktionsformeln\/\" \/>\n<meta property=\"og:site_name\" content=\"Excel Advisor\" \/>\n<meta property=\"article:modified_time\" content=\"2023-12-03T13:04:57+00:00\" \/>\n<meta property=\"og:image\" content=\"https:\/\/exceladvisor.org\/wp-content\/uploads\/2023\/08\/1-formule-dans-power-query.png\" \/>\n<meta name=\"twitter:card\" content=\"summary_large_image\" \/>\n<meta name=\"twitter:label1\" content=\"Gesch\u00e4tzte Lesezeit\" \/>\n\t<meta name=\"twitter:data1\" content=\"6\u00a0Minuten\" \/>\n<script type=\"application\/ld+json\" class=\"yoast-schema-graph\">{\"@context\":\"https:\/\/schema.org\",\"@graph\":[{\"@type\":\"WebPage\",\"@id\":\"https:\/\/exceladvisor.org\/de\/funktionsformeln\/\",\"url\":\"https:\/\/exceladvisor.org\/de\/funktionsformeln\/\",\"name\":\"Wie verwende ich Funktionen und Formeln in Power Query?\",\"isPartOf\":{\"@id\":\"https:\/\/exceladvisor.org\/de\/#website\"},\"primaryImageOfPage\":{\"@id\":\"https:\/\/exceladvisor.org\/de\/funktionsformeln\/#primaryimage\"},\"image\":{\"@id\":\"https:\/\/exceladvisor.org\/de\/funktionsformeln\/#primaryimage\"},\"thumbnailUrl\":\"https:\/\/exceladvisor.org\/wp-content\/uploads\/2023\/08\/1-formule-dans-power-query.png\",\"datePublished\":\"2023-10-15T17:12:29+00:00\",\"dateModified\":\"2023-12-03T13:04:57+00:00\",\"description\":\"In Power Query k\u00f6nnen Sie Funktionen und Formeln fast wie in einer Tabellenkalkulation verwenden.\",\"breadcrumb\":{\"@id\":\"https:\/\/exceladvisor.org\/de\/funktionsformeln\/#breadcrumb\"},\"inLanguage\":\"de\",\"potentialAction\":[{\"@type\":\"ReadAction\",\"target\":[\"https:\/\/exceladvisor.org\/de\/funktionsformeln\/\"]}]},{\"@type\":\"ImageObject\",\"inLanguage\":\"de\",\"@id\":\"https:\/\/exceladvisor.org\/de\/funktionsformeln\/#primaryimage\",\"url\":\"https:\/\/exceladvisor.org\/wp-content\/uploads\/2023\/08\/1-formule-dans-power-query.png\",\"contentUrl\":\"https:\/\/exceladvisor.org\/wp-content\/uploads\/2023\/08\/1-formule-dans-power-query.png\"},{\"@type\":\"BreadcrumbList\",\"@id\":\"https:\/\/exceladvisor.org\/de\/funktionsformeln\/#breadcrumb\",\"itemListElement\":[{\"@type\":\"ListItem\",\"position\":1,\"name\":\"Accueil\",\"item\":\"https:\/\/exceladvisor.org\/de\/\"},{\"@type\":\"ListItem\",\"position\":2,\"name\":\"Wie verwende ich funktionen und formeln in power query?\"}]},{\"@type\":\"WebSite\",\"@id\":\"https:\/\/exceladvisor.org\/de\/#website\",\"url\":\"https:\/\/exceladvisor.org\/de\/\",\"name\":\"Excel Advisor\",\"description\":\"Ihr Leitfaden zur Datendominanz\",\"publisher\":{\"@id\":\"https:\/\/exceladvisor.org\/de\/#organization\"},\"potentialAction\":[{\"@type\":\"SearchAction\",\"target\":{\"@type\":\"EntryPoint\",\"urlTemplate\":\"https:\/\/exceladvisor.org\/de\/?s={search_term_string}\"},\"query-input\":{\"@type\":\"PropertyValueSpecification\",\"valueRequired\":true,\"valueName\":\"search_term_string\"}}],\"inLanguage\":\"de\"},{\"@type\":\"Organization\",\"@id\":\"https:\/\/exceladvisor.org\/de\/#organization\",\"name\":\"Excel Advisor\",\"url\":\"https:\/\/exceladvisor.org\/de\/\",\"logo\":{\"@type\":\"ImageObject\",\"inLanguage\":\"de\",\"@id\":\"https:\/\/exceladvisor.org\/de\/#\/schema\/logo\/image\/\",\"url\":\"https:\/\/exceladvisor.org\/de\/wp-content\/uploads\/2023\/11\/exceladvisor.org_.png\",\"contentUrl\":\"https:\/\/exceladvisor.org\/de\/wp-content\/uploads\/2023\/11\/exceladvisor.org_.png\",\"width\":105,\"height\":36,\"caption\":\"Excel Advisor\"},\"image\":{\"@id\":\"https:\/\/exceladvisor.org\/de\/#\/schema\/logo\/image\/\"}}]}<\/script>\n<!-- \/ Yoast SEO plugin. -->","yoast_head_json":{"title":"Wie verwende ich Funktionen und Formeln in Power Query?","description":"In Power Query k\u00f6nnen Sie Funktionen und Formeln fast wie in einer Tabellenkalkulation verwenden.","robots":{"index":"index","follow":"follow","max-snippet":"max-snippet:-1","max-image-preview":"max-image-preview:large","max-video-preview":"max-video-preview:-1"},"canonical":"https:\/\/exceladvisor.org\/de\/funktionsformeln\/","og_locale":"de_DE","og_type":"article","og_title":"Wie verwende ich Funktionen und Formeln in Power Query?","og_description":"In Power Query k\u00f6nnen Sie Funktionen und Formeln fast wie in einer Tabellenkalkulation verwenden.","og_url":"https:\/\/exceladvisor.org\/de\/funktionsformeln\/","og_site_name":"Excel Advisor","article_modified_time":"2023-12-03T13:04:57+00:00","og_image":[{"url":"https:\/\/exceladvisor.org\/wp-content\/uploads\/2023\/08\/1-formule-dans-power-query.png","type":"","width":"","height":""}],"twitter_card":"summary_large_image","twitter_misc":{"Gesch\u00e4tzte Lesezeit":"6\u00a0Minuten"},"schema":{"@context":"https:\/\/schema.org","@graph":[{"@type":"WebPage","@id":"https:\/\/exceladvisor.org\/de\/funktionsformeln\/","url":"https:\/\/exceladvisor.org\/de\/funktionsformeln\/","name":"Wie verwende ich Funktionen und Formeln in Power Query?","isPartOf":{"@id":"https:\/\/exceladvisor.org\/de\/#website"},"primaryImageOfPage":{"@id":"https:\/\/exceladvisor.org\/de\/funktionsformeln\/#primaryimage"},"image":{"@id":"https:\/\/exceladvisor.org\/de\/funktionsformeln\/#primaryimage"},"thumbnailUrl":"https:\/\/exceladvisor.org\/wp-content\/uploads\/2023\/08\/1-formule-dans-power-query.png","datePublished":"2023-10-15T17:12:29+00:00","dateModified":"2023-12-03T13:04:57+00:00","description":"In Power Query k\u00f6nnen Sie Funktionen und Formeln fast wie in einer Tabellenkalkulation verwenden.","breadcrumb":{"@id":"https:\/\/exceladvisor.org\/de\/funktionsformeln\/#breadcrumb"},"inLanguage":"de","potentialAction":[{"@type":"ReadAction","target":["https:\/\/exceladvisor.org\/de\/funktionsformeln\/"]}]},{"@type":"ImageObject","inLanguage":"de","@id":"https:\/\/exceladvisor.org\/de\/funktionsformeln\/#primaryimage","url":"https:\/\/exceladvisor.org\/wp-content\/uploads\/2023\/08\/1-formule-dans-power-query.png","contentUrl":"https:\/\/exceladvisor.org\/wp-content\/uploads\/2023\/08\/1-formule-dans-power-query.png"},{"@type":"BreadcrumbList","@id":"https:\/\/exceladvisor.org\/de\/funktionsformeln\/#breadcrumb","itemListElement":[{"@type":"ListItem","position":1,"name":"Accueil","item":"https:\/\/exceladvisor.org\/de\/"},{"@type":"ListItem","position":2,"name":"Wie verwende ich funktionen und formeln in power query?"}]},{"@type":"WebSite","@id":"https:\/\/exceladvisor.org\/de\/#website","url":"https:\/\/exceladvisor.org\/de\/","name":"Excel Advisor","description":"Ihr Leitfaden zur Datendominanz","publisher":{"@id":"https:\/\/exceladvisor.org\/de\/#organization"},"potentialAction":[{"@type":"SearchAction","target":{"@type":"EntryPoint","urlTemplate":"https:\/\/exceladvisor.org\/de\/?s={search_term_string}"},"query-input":{"@type":"PropertyValueSpecification","valueRequired":true,"valueName":"search_term_string"}}],"inLanguage":"de"},{"@type":"Organization","@id":"https:\/\/exceladvisor.org\/de\/#organization","name":"Excel Advisor","url":"https:\/\/exceladvisor.org\/de\/","logo":{"@type":"ImageObject","inLanguage":"de","@id":"https:\/\/exceladvisor.org\/de\/#\/schema\/logo\/image\/","url":"https:\/\/exceladvisor.org\/de\/wp-content\/uploads\/2023\/11\/exceladvisor.org_.png","contentUrl":"https:\/\/exceladvisor.org\/de\/wp-content\/uploads\/2023\/11\/exceladvisor.org_.png","width":105,"height":36,"caption":"Excel Advisor"},"image":{"@id":"https:\/\/exceladvisor.org\/de\/#\/schema\/logo\/image\/"}}]}},"yoast_meta":{"yoast_wpseo_title":"","yoast_wpseo_metadesc":"","yoast_wpseo_canonical":""},"_links":{"self":[{"href":"https:\/\/exceladvisor.org\/de\/wp-json\/wp\/v2\/pages\/3599","targetHints":{"allow":["GET"]}}],"collection":[{"href":"https:\/\/exceladvisor.org\/de\/wp-json\/wp\/v2\/pages"}],"about":[{"href":"https:\/\/exceladvisor.org\/de\/wp-json\/wp\/v2\/types\/page"}],"author":[{"embeddable":true,"href":"https:\/\/exceladvisor.org\/de\/wp-json\/wp\/v2\/users\/1"}],"replies":[{"embeddable":true,"href":"https:\/\/exceladvisor.org\/de\/wp-json\/wp\/v2\/comments?post=3599"}],"version-history":[{"count":1,"href":"https:\/\/exceladvisor.org\/de\/wp-json\/wp\/v2\/pages\/3599\/revisions"}],"predecessor-version":[{"id":4365,"href":"https:\/\/exceladvisor.org\/de\/wp-json\/wp\/v2\/pages\/3599\/revisions\/4365"}],"wp:attachment":[{"href":"https:\/\/exceladvisor.org\/de\/wp-json\/wp\/v2\/media?parent=3599"}],"curies":[{"name":"wp","href":"https:\/\/api.w.org\/{rel}","templated":true}]}}