{"id":3600,"date":"2023-10-15T16:51:36","date_gmt":"2023-10-15T16:51:36","guid":{"rendered":"https:\/\/exceladvisor.org\/de\/unterschied-in-den-daten\/"},"modified":"2023-12-03T11:19:22","modified_gmt":"2023-12-03T11:19:22","slug":"unterschied-in-den-daten","status":"publish","type":"page","link":"https:\/\/exceladvisor.org\/de\/unterschied-in-den-daten\/","title":{"rendered":"Wie erhalte ich einen datumsunterschied in power query?"},"content":{"rendered":"<div class=\"excel-vor-dem-inhalt\" id=\"excel-76330875\"><script type=\"text\/javascript\">\r\n\tatOptions = {\r\n\t\t'key' : 'c1158f160081d6540a8409e6925dab94',\r\n\t\t'format' : 'iframe',\r\n\t\t'height' : 250,\r\n\t\t'width' : 300,\r\n\t\t'params' : {}\r\n\t};\r\n<\/script>\r\n<script type=\"text\/javascript\" src=\"\/\/www.highperformanceformat.com\/c1158f160081d6540a8409e6925dab94\/invoke.js\"><\/script><\/div> <p>Mit Power Query k\u00f6nnen Sie die Differenz zwischen zwei Datumsangaben in Excel ermitteln. Und in diesem Tutorial werden wir dies im Detail lernen. <\/p><div class=\"wp-block-image\"><figure class=\"aligncenter size-full is-resized\"><img loading=\"lazy\" decoding=\"async\" class=\"wp-image-88797\" src=\"https:\/\/exceladvisor.org\/wp-content\/uploads\/2023\/08\/1-difference-entre-deux-dates-dans-la-requete-de-puissance.png\" sizes=\"auto, \" srcset=\"\" alt=\"Unterschied-zwischen-zwei-Daten-in-Power-Abfrage\" width=\"314\" height=\"97\"><\/figure><\/div><h2 class=\"wp-block-heading\"> Z\u00e4hlen Sie die Tage zwischen zwei Daten<\/h2><ol><li> \u00d6ffnen Sie zun\u00e4chst Ihre Daten im leistungsstarken Abfrageeditor (Registerkarte \u201eDaten\u201c &gt; \u201eDaten abrufen\u201c &gt; \u201eAus anderen Quellen\u201c &gt; \u201eAus Tabelle\/Bereich\u201c). <br><img loading=\"lazy\" decoding=\"async\" title=\"2-Tage-Z\u00e4hlung zwischen zwei Tagen\" src=\"https:\/\/exceladvisor.org\/wp-content\/uploads\/2023\/08\/2-compter-les-jours-entre-deux-jours.png\" sizes=\"auto, \" srcset=\"\" alt=\"count-days-between-two-days\" width=\"508\" height=\"434\"><\/li><li> Gehen Sie danach zu \u201eSpalte hinzuf\u00fcgen\u201c &gt; \u201eBenutzerdefinierte Spalte\u201c. <br><img loading=\"lazy\" decoding=\"async\" title=\"3-Spalten hinzuf\u00fcgen und dann benutzerdefinierte Spalten\" src=\"https:\/\/exceladvisor.org\/wp-content\/uploads\/2023\/08\/3-allez-ajouter-des-colonnes-puis-des-colonnes-personnalisees.png\" sizes=\"auto, \" srcset=\"\" alt=\"go-to-add-columns-and-then-custom-columns\" width=\"600\" height=\"259\"><\/li><li> Benennen Sie nun im Dialogfeld \u201eBenutzerdefinierte Spalte\u201c die neue benutzerdefinierte Spalte und geben Sie die Formel ein (Dauer.Tage([Datum 2]-[Datum 1])). <br><img loading=\"lazy\" decoding=\"async\" title=\"4-benennen-neue-benutzerdefinierte-Spalte-und-geben-Formel ein\" src=\"https:\/\/exceladvisor.org\/wp-content\/uploads\/2023\/08\/4-nommez-la-nouvelle-colonne-personnalisee-et-entrez-la-formule.png\" sizes=\"auto, \" srcset=\"\" alt=\"name-new-custom-column-and-enter-formula\" width=\"614\" height=\"384\"><\/li><li> Klicken Sie abschlie\u00dfend auf OK, um die neue benutzerdefinierte Spalte einzuf\u00fcgen. <br><img loading=\"lazy\" decoding=\"async\" title=\"5-Klick-OK-zum-Einf\u00fcgen-einer-neuen-benutzerdefinierten-Spalte\" src=\"https:\/\/exceladvisor.org\/wp-content\/uploads\/2023\/08\/5-cliquez-sur-ok-pour-inserer-une-nouvelle-colonne-personnalisee.png\" sizes=\"auto, \" srcset=\"\" alt=\"click-ok-to-insert-new-custom-column\" width=\"561\" height=\"123\"><\/li><\/ol><p> In dieser Formel ziehen wir Datum 1 von Datum 2 ab und verwenden dann die Funktion \u201eDuration.Days\u201c, um die Anzahl der Tage zu ermitteln.<\/p><p> Mit der Funktion \u201eDuration.Days\u201c k\u00f6nnen Sie sogar die Anzahl der Tage ermitteln. Sie k\u00f6nnen Datum 1 aus Datum 2 ableiten, wie im folgenden Beispiel. <\/p><div class=\"wp-block-image\"><figure class=\"aligncenter size-full is-resized\"><img loading=\"lazy\" decoding=\"async\" class=\"wp-image-88802\" src=\"https:\/\/exceladvisor.org\/wp-content\/uploads\/2023\/08\/6-deduire-date1-de-date2.png\" sizes=\"auto, \" srcset=\"\" alt=\"Infer-date1-from-date2\" width=\"644\" height=\"237\"><\/figure><\/div><pre class=\"wp-block-preformatted\"> =[Date 2]-[Date 1]<\/pre><p> Und sobald Sie auf \u201eOK\u201c klicken, wird eine Z\u00e4hlung in der neuen benutzerdefinierten Spalte zur\u00fcckgegeben. Sie m\u00fcssen jedoch das Spaltenformat in eine Ganzzahl \u00e4ndern, um das Dezimalformat zu entfernen. <\/p><div class=\"wp-block-image\"><figure class=\"aligncenter size-full is-resized\"><img loading=\"lazy\" decoding=\"async\" class=\"wp-image-88803\" src=\"https:\/\/exceladvisor.org\/wp-content\/uploads\/2023\/08\/7-changer-le-format-de-la-colonne-en-nombre-entier.png\" sizes=\"auto, \" srcset=\"\" alt=\"Spaltenformat in Ganzzahl \u00e4ndern\" width=\"700\" height=\"342\"><\/figure><\/div><h2 class=\"wp-block-heading\"> Datumsdifferenz zum heutigen Datum<\/h2><p> Und wenn Sie die Differenz anhand des heutigen Datums ermitteln m\u00f6chten, m\u00fcssen Sie eine etwas andere Formel als die vorherige verwenden. <\/p><pre class=\"wp-block-preformatted\"> = DateTime.Date( DateTime.LocalNow() )-[Date 1] <\/pre><div class=\"wp-block-image\"><figure class=\"aligncenter size-full is-resized\"><img loading=\"lazy\" decoding=\"async\" class=\"wp-image-88804\" src=\"https:\/\/exceladvisor.org\/wp-content\/uploads\/2023\/08\/8-difference-de-date-par-rapport-a-la-date-daujourdhui.png\" sizes=\"auto, \" srcset=\"\" alt=\"Differenz zwischen Datum und heutigem Datum\" width=\"648\" height=\"345\"><\/figure><\/div><p> Diese Formel ruft das heutige Datum ab und leitet daraus das von Ihnen angegebene Datum ab. Und sobald Sie auf \u201eOK\u201c klicken, wird eine neue Spalte mit der Differenz zwischen den Datumsangaben eingef\u00fcgt. Und Sie k\u00f6nnen die Formel der Tagesz\u00e4hlspalte in eine Ganzzahl \u00e4ndern. <\/p><div class=\"wp-block-image\"><figure class=\"aligncenter size-full is-resized\"><img loading=\"lazy\" decoding=\"async\" class=\"wp-image-88805\" src=\"https:\/\/exceladvisor.org\/wp-content\/uploads\/2023\/08\/9-nouvelle-colonne-avec-la-difference-entre-les-dates.png\" sizes=\"auto, \" srcset=\"\" alt=\"Neue-Spalte-mit-Differenz-zwischen-Daten\" width=\"626\" height=\"324\"><\/figure><\/div><h2 class=\"wp-block-heading\"> Ermitteln Sie die Anzahl der Monate zwischen Datumsangaben<\/h2><p> Und unten ist die Formel, mit der Sie die Anzahl der Monate zwischen zwei Tagen ermitteln k\u00f6nnen.<\/p><pre class=\"wp-block-preformatted\"> =((Date.Year([Date 2])-Date.Year([Date 1]))*12) + Date.Month([Date 2]) - Date.Month([Date 1])<\/pre><p> Diese Formel gibt die Gesamtzahl der vollst\u00e4ndigen Monate zwischen zwei Daten im Ergebnis zur\u00fcck. <\/p><div class=\"wp-block-image\"><figure class=\"aligncenter size-full is-resized\"><img loading=\"lazy\" decoding=\"async\" class=\"wp-image-88806\" src=\"https:\/\/exceladvisor.org\/wp-content\/uploads\/2023\/08\/10-nombre-de-mois-entre-les-dates.png\" sizes=\"auto, \" srcset=\"\" alt=\"Anzahl der Monate zwischen den Daten\" width=\"668\" height=\"415\"><\/figure><\/div><div class=\"gb-container gb-container-9e2850fe gb-container-mt\"> <a class=\"gb-button gb-button-71636faa gb-button-text gb-button-mt-button\" href=\"https:\/\/exceladvisor.org\/de\/leistungsanforderung\/\">Power Query in Excel (Tutorial)<\/a><h2 class=\"gb-headline gb-headline-c566b2ed gb-headline-text gb-headline-mt-heading\"> Verwandte Tutorials <\/h2><div class=\"gb-grid-wrapper gb-grid-wrapper-b15ed1bf gb-grid-wrapper-mt-grid\"><div class=\"gb-grid-column gb-grid-column-6e9de105\"><div class=\"gb-container gb-container-6e9de105\"><ul><li> F\u00fchren Sie mehrere Excel-Dateien in EINEM NOTIZBUCH zusammen<\/li><li> <a href=\"https:\/\/exceladvisor.org\/de\/suchev-2\/\">F\u00fchren Sie SVERWEIS in Power Query in Excel durch<\/a><\/li><li> <a href=\"https:\/\/exceladvisor.org\/de\/nicht-gedrehte-daten\/\">Entfernen Sie den Daten-Pivot in Excel mithilfe von Power Query<\/a><\/li><li> <a href=\"https:\/\/exceladvisor.org\/de\/kette\/\">Power Query: Werte verketten (Text und Zahlen)<\/a><\/li><\/ul><\/div><\/div><\/div><\/div>","protected":false},"excerpt":{"rendered":"","protected":false},"author":1,"featured_media":0,"parent":0,"menu_order":0,"comment_status":"open","ping_status":"closed","template":"","meta":{"ub_ctt_via":"","footnotes":""},"class_list":["post-3600","page","type-page","status-publish","hentry"],"featured_image_src":null,"yoast_head":"<!-- This site is optimized with the Yoast SEO plugin v25.4 - https:\/\/yoast.com\/wordpress\/plugins\/seo\/ -->\n<title>Wie erhalte ich einen Datumsunterschied in Power Query?<\/title>\n<meta name=\"description\" content=\"Mit Power Query k\u00f6nnen Sie die Differenz zwischen zwei Datumsangaben in Excel ermitteln. Und in diesem Tutorial werden wir dies im Detail lernen.\" \/>\n<meta name=\"robots\" content=\"index, follow, max-snippet:-1, max-image-preview:large, max-video-preview:-1\" \/>\n<link rel=\"canonical\" href=\"https:\/\/exceladvisor.org\/de\/unterschied-in-den-daten\/\" \/>\n<meta property=\"og:locale\" content=\"de_DE\" \/>\n<meta property=\"og:type\" content=\"article\" \/>\n<meta property=\"og:title\" content=\"Wie erhalte ich einen Datumsunterschied in Power Query?\" \/>\n<meta property=\"og:description\" content=\"Mit Power Query k\u00f6nnen Sie die Differenz zwischen zwei Datumsangaben in Excel ermitteln. Und in diesem Tutorial werden wir dies im Detail lernen.\" \/>\n<meta property=\"og:url\" content=\"https:\/\/exceladvisor.org\/de\/unterschied-in-den-daten\/\" \/>\n<meta property=\"og:site_name\" content=\"Excel Advisor\" \/>\n<meta property=\"article:modified_time\" content=\"2023-12-03T11:19:22+00:00\" \/>\n<meta property=\"og:image\" content=\"https:\/\/exceladvisor.org\/wp-content\/uploads\/2023\/08\/1-difference-entre-deux-dates-dans-la-requete-de-puissance.png\" \/>\n<meta name=\"twitter:card\" content=\"summary_large_image\" \/>\n<meta name=\"twitter:label1\" content=\"Gesch\u00e4tzte Lesezeit\" \/>\n\t<meta name=\"twitter:data1\" content=\"2\u00a0Minuten\" \/>\n<script type=\"application\/ld+json\" class=\"yoast-schema-graph\">{\"@context\":\"https:\/\/schema.org\",\"@graph\":[{\"@type\":\"WebPage\",\"@id\":\"https:\/\/exceladvisor.org\/de\/unterschied-in-den-daten\/\",\"url\":\"https:\/\/exceladvisor.org\/de\/unterschied-in-den-daten\/\",\"name\":\"Wie erhalte ich einen Datumsunterschied in Power Query?\",\"isPartOf\":{\"@id\":\"https:\/\/exceladvisor.org\/de\/#website\"},\"primaryImageOfPage\":{\"@id\":\"https:\/\/exceladvisor.org\/de\/unterschied-in-den-daten\/#primaryimage\"},\"image\":{\"@id\":\"https:\/\/exceladvisor.org\/de\/unterschied-in-den-daten\/#primaryimage\"},\"thumbnailUrl\":\"https:\/\/exceladvisor.org\/wp-content\/uploads\/2023\/08\/1-difference-entre-deux-dates-dans-la-requete-de-puissance.png\",\"datePublished\":\"2023-10-15T16:51:36+00:00\",\"dateModified\":\"2023-12-03T11:19:22+00:00\",\"description\":\"Mit Power Query k\u00f6nnen Sie die Differenz zwischen zwei Datumsangaben in Excel ermitteln. Und in diesem Tutorial werden wir dies im Detail lernen.\",\"breadcrumb\":{\"@id\":\"https:\/\/exceladvisor.org\/de\/unterschied-in-den-daten\/#breadcrumb\"},\"inLanguage\":\"de\",\"potentialAction\":[{\"@type\":\"ReadAction\",\"target\":[\"https:\/\/exceladvisor.org\/de\/unterschied-in-den-daten\/\"]}]},{\"@type\":\"ImageObject\",\"inLanguage\":\"de\",\"@id\":\"https:\/\/exceladvisor.org\/de\/unterschied-in-den-daten\/#primaryimage\",\"url\":\"https:\/\/exceladvisor.org\/wp-content\/uploads\/2023\/08\/1-difference-entre-deux-dates-dans-la-requete-de-puissance.png\",\"contentUrl\":\"https:\/\/exceladvisor.org\/wp-content\/uploads\/2023\/08\/1-difference-entre-deux-dates-dans-la-requete-de-puissance.png\"},{\"@type\":\"BreadcrumbList\",\"@id\":\"https:\/\/exceladvisor.org\/de\/unterschied-in-den-daten\/#breadcrumb\",\"itemListElement\":[{\"@type\":\"ListItem\",\"position\":1,\"name\":\"Accueil\",\"item\":\"https:\/\/exceladvisor.org\/de\/\"},{\"@type\":\"ListItem\",\"position\":2,\"name\":\"Wie erhalte ich einen datumsunterschied in power query?\"}]},{\"@type\":\"WebSite\",\"@id\":\"https:\/\/exceladvisor.org\/de\/#website\",\"url\":\"https:\/\/exceladvisor.org\/de\/\",\"name\":\"Excel Advisor\",\"description\":\"Ihr Leitfaden zur Datendominanz\",\"publisher\":{\"@id\":\"https:\/\/exceladvisor.org\/de\/#organization\"},\"potentialAction\":[{\"@type\":\"SearchAction\",\"target\":{\"@type\":\"EntryPoint\",\"urlTemplate\":\"https:\/\/exceladvisor.org\/de\/?s={search_term_string}\"},\"query-input\":{\"@type\":\"PropertyValueSpecification\",\"valueRequired\":true,\"valueName\":\"search_term_string\"}}],\"inLanguage\":\"de\"},{\"@type\":\"Organization\",\"@id\":\"https:\/\/exceladvisor.org\/de\/#organization\",\"name\":\"Excel Advisor\",\"url\":\"https:\/\/exceladvisor.org\/de\/\",\"logo\":{\"@type\":\"ImageObject\",\"inLanguage\":\"de\",\"@id\":\"https:\/\/exceladvisor.org\/de\/#\/schema\/logo\/image\/\",\"url\":\"https:\/\/exceladvisor.org\/de\/wp-content\/uploads\/2023\/11\/exceladvisor.org_.png\",\"contentUrl\":\"https:\/\/exceladvisor.org\/de\/wp-content\/uploads\/2023\/11\/exceladvisor.org_.png\",\"width\":105,\"height\":36,\"caption\":\"Excel Advisor\"},\"image\":{\"@id\":\"https:\/\/exceladvisor.org\/de\/#\/schema\/logo\/image\/\"}}]}<\/script>\n<!-- \/ Yoast SEO plugin. -->","yoast_head_json":{"title":"Wie erhalte ich einen Datumsunterschied in Power Query?","description":"Mit Power Query k\u00f6nnen Sie die Differenz zwischen zwei Datumsangaben in Excel ermitteln. Und in diesem Tutorial werden wir dies im Detail lernen.","robots":{"index":"index","follow":"follow","max-snippet":"max-snippet:-1","max-image-preview":"max-image-preview:large","max-video-preview":"max-video-preview:-1"},"canonical":"https:\/\/exceladvisor.org\/de\/unterschied-in-den-daten\/","og_locale":"de_DE","og_type":"article","og_title":"Wie erhalte ich einen Datumsunterschied in Power Query?","og_description":"Mit Power Query k\u00f6nnen Sie die Differenz zwischen zwei Datumsangaben in Excel ermitteln. Und in diesem Tutorial werden wir dies im Detail lernen.","og_url":"https:\/\/exceladvisor.org\/de\/unterschied-in-den-daten\/","og_site_name":"Excel Advisor","article_modified_time":"2023-12-03T11:19:22+00:00","og_image":[{"url":"https:\/\/exceladvisor.org\/wp-content\/uploads\/2023\/08\/1-difference-entre-deux-dates-dans-la-requete-de-puissance.png","type":"","width":"","height":""}],"twitter_card":"summary_large_image","twitter_misc":{"Gesch\u00e4tzte Lesezeit":"2\u00a0Minuten"},"schema":{"@context":"https:\/\/schema.org","@graph":[{"@type":"WebPage","@id":"https:\/\/exceladvisor.org\/de\/unterschied-in-den-daten\/","url":"https:\/\/exceladvisor.org\/de\/unterschied-in-den-daten\/","name":"Wie erhalte ich einen Datumsunterschied in Power Query?","isPartOf":{"@id":"https:\/\/exceladvisor.org\/de\/#website"},"primaryImageOfPage":{"@id":"https:\/\/exceladvisor.org\/de\/unterschied-in-den-daten\/#primaryimage"},"image":{"@id":"https:\/\/exceladvisor.org\/de\/unterschied-in-den-daten\/#primaryimage"},"thumbnailUrl":"https:\/\/exceladvisor.org\/wp-content\/uploads\/2023\/08\/1-difference-entre-deux-dates-dans-la-requete-de-puissance.png","datePublished":"2023-10-15T16:51:36+00:00","dateModified":"2023-12-03T11:19:22+00:00","description":"Mit Power Query k\u00f6nnen Sie die Differenz zwischen zwei Datumsangaben in Excel ermitteln. Und in diesem Tutorial werden wir dies im Detail lernen.","breadcrumb":{"@id":"https:\/\/exceladvisor.org\/de\/unterschied-in-den-daten\/#breadcrumb"},"inLanguage":"de","potentialAction":[{"@type":"ReadAction","target":["https:\/\/exceladvisor.org\/de\/unterschied-in-den-daten\/"]}]},{"@type":"ImageObject","inLanguage":"de","@id":"https:\/\/exceladvisor.org\/de\/unterschied-in-den-daten\/#primaryimage","url":"https:\/\/exceladvisor.org\/wp-content\/uploads\/2023\/08\/1-difference-entre-deux-dates-dans-la-requete-de-puissance.png","contentUrl":"https:\/\/exceladvisor.org\/wp-content\/uploads\/2023\/08\/1-difference-entre-deux-dates-dans-la-requete-de-puissance.png"},{"@type":"BreadcrumbList","@id":"https:\/\/exceladvisor.org\/de\/unterschied-in-den-daten\/#breadcrumb","itemListElement":[{"@type":"ListItem","position":1,"name":"Accueil","item":"https:\/\/exceladvisor.org\/de\/"},{"@type":"ListItem","position":2,"name":"Wie erhalte ich einen datumsunterschied in power query?"}]},{"@type":"WebSite","@id":"https:\/\/exceladvisor.org\/de\/#website","url":"https:\/\/exceladvisor.org\/de\/","name":"Excel Advisor","description":"Ihr Leitfaden zur Datendominanz","publisher":{"@id":"https:\/\/exceladvisor.org\/de\/#organization"},"potentialAction":[{"@type":"SearchAction","target":{"@type":"EntryPoint","urlTemplate":"https:\/\/exceladvisor.org\/de\/?s={search_term_string}"},"query-input":{"@type":"PropertyValueSpecification","valueRequired":true,"valueName":"search_term_string"}}],"inLanguage":"de"},{"@type":"Organization","@id":"https:\/\/exceladvisor.org\/de\/#organization","name":"Excel Advisor","url":"https:\/\/exceladvisor.org\/de\/","logo":{"@type":"ImageObject","inLanguage":"de","@id":"https:\/\/exceladvisor.org\/de\/#\/schema\/logo\/image\/","url":"https:\/\/exceladvisor.org\/de\/wp-content\/uploads\/2023\/11\/exceladvisor.org_.png","contentUrl":"https:\/\/exceladvisor.org\/de\/wp-content\/uploads\/2023\/11\/exceladvisor.org_.png","width":105,"height":36,"caption":"Excel Advisor"},"image":{"@id":"https:\/\/exceladvisor.org\/de\/#\/schema\/logo\/image\/"}}]}},"yoast_meta":{"yoast_wpseo_title":"","yoast_wpseo_metadesc":"","yoast_wpseo_canonical":""},"_links":{"self":[{"href":"https:\/\/exceladvisor.org\/de\/wp-json\/wp\/v2\/pages\/3600","targetHints":{"allow":["GET"]}}],"collection":[{"href":"https:\/\/exceladvisor.org\/de\/wp-json\/wp\/v2\/pages"}],"about":[{"href":"https:\/\/exceladvisor.org\/de\/wp-json\/wp\/v2\/types\/page"}],"author":[{"embeddable":true,"href":"https:\/\/exceladvisor.org\/de\/wp-json\/wp\/v2\/users\/1"}],"replies":[{"embeddable":true,"href":"https:\/\/exceladvisor.org\/de\/wp-json\/wp\/v2\/comments?post=3600"}],"version-history":[{"count":1,"href":"https:\/\/exceladvisor.org\/de\/wp-json\/wp\/v2\/pages\/3600\/revisions"}],"predecessor-version":[{"id":3931,"href":"https:\/\/exceladvisor.org\/de\/wp-json\/wp\/v2\/pages\/3600\/revisions\/3931"}],"wp:attachment":[{"href":"https:\/\/exceladvisor.org\/de\/wp-json\/wp\/v2\/media?parent=3600"}],"curies":[{"name":"wp","href":"https:\/\/api.w.org\/{rel}","templated":true}]}}