{"id":3604,"date":"2023-10-15T13:31:10","date_gmt":"2023-10-15T13:31:10","guid":{"rendered":"https:\/\/exceladvisor.org\/de\/hervorragende-finanzfunktionen\/"},"modified":"2023-12-03T11:12:22","modified_gmt":"2023-12-03T11:12:22","slug":"hervorragende-finanzfunktionen","status":"publish","type":"page","link":"https:\/\/exceladvisor.org\/de\/hervorragende-finanzfunktionen\/","title":{"rendered":"Excel-finanzfunktionen (mit beispielen)"},"content":{"rendered":"<div class=\"excel-vor-dem-inhalt\" id=\"excel-2349692639\"><script type=\"text\/javascript\">\r\n\tatOptions = {\r\n\t\t'key' : 'c1158f160081d6540a8409e6925dab94',\r\n\t\t'format' : 'iframe',\r\n\t\t'height' : 250,\r\n\t\t'width' : 300,\r\n\t\t'params' : {}\r\n\t};\r\n<\/script>\r\n<script type=\"text\/javascript\" src=\"\/\/www.highperformanceformat.com\/c1158f160081d6540a8409e6925dab94\/invoke.js\"><\/script><\/div> <p><strong><em><a href=\"https:\/\/exceladvisor.org\/wp-content\/uploads\/2023\/08\/excel_financial_functions_sample_files.zip\" target=\"_blank\" rel=\"noreferrer noopener nofollow\">Beispieldateien<\/a><\/em><\/strong> <\/p><div class=\"wp-block-group groupx is-layout-constrained\"><div class=\"wp-block-group__inner-container\"><h2 class=\"wp-block-heading\"> 1. VF-Funktion<\/h2><p> Die FV-Funktion gibt den zuk\u00fcnftigen Wert einer Investition unter Verwendung konstanter Zahlungen und eines konstanten Zinssatzes zur\u00fcck. Vereinfacht ausgedr\u00fcckt bedeutet dies, dass Sie einen zuk\u00fcnftigen Wert einer Investition erzielen, wenn Sie \u00fcber den gesamten Investitionszeitraum hinweg konstante Zahlungen und einen konstanten Zinssatz haben.<\/p><h3 class=\"wp-block-heading\"> <strong>Syntax<\/strong><\/h3><p> <em>FV(rate,nper,pmt,[pv],[typ])<\/em><\/p><h3 class=\"wp-block-heading\"> <strong>Argumente<\/strong><\/h3><ul><li> <strong>Zinssatz:<\/strong> ein konstanter Zinssatz, den Sie bei der Berechnung verwenden m\u00f6chten.<\/li><li> <strong>nper:<\/strong> Anzahl der Zahlungen.<\/li><li> <strong>pmt:<\/strong> ein konstanter Zahlungsbetrag, der w\u00e4hrend der gesamten Laufzeit der Investition regelm\u00e4\u00dfig gezahlt wird.<\/li><li> <strong>[pv]:<\/strong> Der Barwert zuk\u00fcnftiger Zahlungen. Es muss als negativer Wert eingegeben werden. 0, wenn weggelassen.<\/li><li> <strong>[Typ]:<\/strong> eine Zahl, die angibt, wann die Zahlung f\u00e4llig ist. 0 = am Ende der Periode, 1 = am Anfang der Periode.<\/li><\/ul><h3 class=\"wp-block-heading\"> <strong>Kommentare<\/strong><\/h3><ul><li> Wenn es sich bei pmt um das Geld handelt, das Sie eingezahlt haben (z. B. Spareinlagen usw.), muss der Wert negativ sein; und wenn es sich um erhaltenes Geld (Einkommen, Dividenden) handelt, muss der Wert positiv sein.<\/li><li> Stellen Sie sicher, dass Sie einen einheitlichen Tarif und eine einheitliche Anzahl an Zahlungen haben. Wenn es sich um einen j\u00e4hrlichen Zinssatz handelt, m\u00fcssen Sie auch die Zahlungsperioden auf j\u00e4hrlicher Basis angeben. Wenn Sie Zahlungen auf monatlicher Basis festlegen m\u00f6chten, m\u00fcssen Sie den Zinssatz durch Division durch 12 in einen monatlichen Zinssatz umwandeln. Das Gleiche gilt f\u00fcr einen viertelj\u00e4hrlichen Zinssatz und halbj\u00e4hrlich.<\/li><\/ul><h3 class=\"wp-block-heading\"> Beispiel<\/h3><p> Im folgenden Beispiel haben wir einen Zinssatz von 10 %, 5 Zahlungen pro Jahr, einen Zahlungsbetrag von 1.000 $, keinen PV-Betrag und keine Zahlungsart zu Beginn des Zeitraums verwendet. Und die Funktion hat im Ergebnis 6716 zur\u00fcckgegeben. <\/p><div class=\"wp-block-image\"><figure class=\"aligncenter size-large is-resized\"><img loading=\"lazy\" decoding=\"async\" class=\"wp-image-36926\" src=\"https:\/\/exceladvisor.org\/wp-content\/uploads\/2023\/08\/exemple-de-fonction-fv-excel-1.png\" sizes=\"auto, \" srcset=\"\" alt=\"Excel-FV-Funktionsbeispiel-1\" width=\"473\" height=\"238\"><\/figure><\/div><p> Lassen Sie mich die Ph\u00e4nomene hinter FV erkl\u00e4ren.<\/p><p> Zu Beginn jeder Periode berechnet es die Zinsen f\u00fcr die Zahlung und \u00fcbertr\u00e4gt diesen Betrag (tats\u00e4chlicher Betrag + Zinsen) auf die n\u00e4chste Periode. Und in der n\u00e4chsten Periode wird die gleiche Berechnung durchgef\u00fchrt und so weiter.<\/p><p> Das Beste an FV ist, dass es diese Schritt-f\u00fcr-Schritt-Berechnung in einer einzigen Zelle f\u00fcr Sie durchf\u00fchren kann. Im folgenden Beispiel haben wir monatliche Zahlungen verwendet. <\/p><div class=\"wp-block-image\"><figure class=\"aligncenter size-large is-resized\"><img loading=\"lazy\" decoding=\"async\" class=\"wp-image-36928\" src=\"https:\/\/exceladvisor.org\/wp-content\/uploads\/2023\/08\/exemple-de-fonction-fv-excel-2.png\" sizes=\"auto, \" srcset=\"\" alt=\"Excel-FV-Funktionsbeispiel-2\" width=\"572\" height=\"181\"><\/figure><\/div><p> Daf\u00fcr haben wir den Jahreszins durch Division durch 12 und 60 Monate statt 5 Jahre auf einen Monat umgerechnet und dann 10000 zur Auszahlung angegeben. Sie k\u00f6nnen <a href=\"https:\/\/exceladvisor.org\/de\/zinseszins\/\">den Zinseszins auch mit FV berechnen<\/a> . <\/p><\/div><\/div><div class=\"wp-block-group groupx is-layout-constrained\"><div class=\"wp-block-group__inner-container\"><h2 class=\"wp-block-heading\"> 2.EMP<\/h2><p> Die PMT-Funktion gibt eine regelm\u00e4\u00dfige Kreditzahlung zur\u00fcck, die Sie bezahlen m\u00fcssen. Vereinfacht ausgedr\u00fcckt berechnet es die Kreditr\u00fcckzahlung auf Basis fester monatlicher Raten und einem konstanten Zinssatz (Kreditzahlung auf Basis fester monatlicher Raten und konstantem Zinssatz).<\/p><h3 class=\"wp-block-heading\"> <strong>Syntax<\/strong><\/h3><p> <em>PMT(Rate, nper, pv, [fv], [Typ])<\/em><\/p><h3 class=\"wp-block-heading\"> <strong>Argumente<\/strong><\/h3><ul><li> <strong>Zinssatz:<\/strong> Der Zinssatz des Darlehens. Dieser Zinssatz muss konstant sein.<\/li><li> <strong>nper:<\/strong> Die Gesamtzahl der Zahlungen.<\/li><li> <strong>pv:<\/strong> Der aktuelle Wert oder Gesamtbetrag des Darlehens.<\/li><li> <strong>[fv]:<\/strong> Der zuk\u00fcnftige Wert oder Barsaldo, den Sie nach der letzten Zahlung w\u00fcnschen. Der Standardwert ist 0.<\/li><li> <strong>[Typ]:<\/strong> Verwenden Sie 0 oder 1, um das F\u00e4lligkeitsdatum der Zahlung anzugeben. Sie k\u00f6nnen 0 verwenden, wenn die Zahlung am Ende jeder Zahlung f\u00e4llig ist, oder 1, wenn die Zahlung zu Beginn jeder Periode f\u00e4llig ist. Wenn Sie den Typ nicht angeben, wird 0 angenommen.<\/li><\/ul><h3 class=\"wp-block-heading\"> <strong>Kommentare<\/strong><\/h3><ul><li> Der PMT-Zahlungsr\u00fcckerstattungsbetrag umfasst nur Zahlung und Zinsen, nicht jedoch Steuern und andere kreditbezogene Geb\u00fchren.<\/li><li> Sie m\u00fcssen sicher sein, wenn Sie den Wert der Argumente rate und nper angeben. Wenn Sie monatliche Raten f\u00fcr ein f\u00fcnfj\u00e4hriges Darlehen zu einem j\u00e4hrlichen Zinssatz von 8 % zahlen m\u00f6chten, verwenden Sie 8 %\/12 f\u00fcr den Zinssatz und 5*12 f\u00fcr den Zinssatz. F\u00fcr j\u00e4hrliche Zahlungen f\u00fcr dasselbe Darlehen verwenden Sie 8 % als Zinssatz und 5 % als Nper.<\/li><\/ul><h3 class=\"wp-block-heading\"> Beispiel<\/h3><p> Nehmen wir an, Sie m\u00f6chten eine Hypothek mit einer Laufzeit von 20 Jahren \u00fcber 250.000 US-Dollar bei einem Zinssatz von 2,5 % aufnehmen. Jetzt k\u00f6nnen wir PMT verwenden, um Ihre monatlichen Zahlungen zu berechnen. <\/p><div class=\"wp-block-image\"><figure class=\"aligncenter size-large is-resized\"><img loading=\"lazy\" decoding=\"async\" class=\"wp-image-37227\" src=\"https:\/\/exceladvisor.org\/wp-content\/uploads\/2023\/08\/exemple-de-fonction-excel-pmt-1.png\" sizes=\"auto, \" srcset=\"\" alt=\"Excel-PMT-Funktionsbeispiel-1\" width=\"485\" height=\"278\"><\/figure><\/div><p> In der obigen Berechnung haben wir den Jahreszinssatz durch Division durch 12 in Monate und durch Multiplikation mit 12 die Jahre in Monate umgerechnet.<\/p><p> Wir haben jedoch keinen zuk\u00fcnftigen Wert erw\u00e4hnt und die Zahlungsart ist Standard. Das Ergebnis ist ein negativer Wert, denn der Betrag von 987,80 $ ist der Betrag, den wir 30 Jahre lang jeden Monat zahlen m\u00fcssen. <\/p><\/div><\/div><div class=\"wp-block-group groupx is-layout-constrained\"><div class=\"wp-block-group__inner-container\"><h2 class=\"wp-block-heading\"> 3. PV<\/h2><p> <span style=\"background-color: #f6e6c5;\"><strong>Die PV-Funktion gibt den aktuellen Wert einer Geldanlage oder eines Kredits zur\u00fcck.<\/strong><\/span> Vereinfacht ausgedr\u00fcckt k\u00f6nnen Sie mit der PV-Funktion den aktuellen Wert einer Investition oder eines Kredits berechnen und \u00fcberpr\u00fcfen, ob dieser aktuell ist.<\/p><h3 class=\"wp-block-heading\"> <strong>Syntax<\/strong><\/h3><p> <em>PV(Rate, nper, pmt, [fv], [Typ])<\/em><\/p><h3 class=\"wp-block-heading\"> <strong>Argumente<\/strong><\/h3><ul><li> <strong>Zinssatz:<\/strong> Der Zinssatz f\u00fcr die R\u00fcckzahlung des Darlehens.<\/li><li> <strong>nper:<\/strong> Gesamtzahl der Zahlungsperioden<\/li><li> <strong>pmt:<\/strong> Ein konstanter Zahlungsbetrag, den Sie nach jeder Periode leisten m\u00fcssen.<\/li><li> <strong>[FV]:<\/strong> Der zuk\u00fcnftige Wert oder Barbestand eines Darlehens oder einer Investition, den Sie nach der letzten Zahlung erreichen m\u00f6chten. Wenn es weggelassen wird, wird der Wert 0 angenommen.<\/li><li> <strong>[Typ]:<\/strong> Zeitpunkt der Zahlung. Beginn der Periode (verwenden Sie \u201e0\u201c) oder Ende der Periode (verwenden Sie \u201e1\u201c).<\/li><\/ul><h3 class=\"wp-block-heading\"> <strong>Kommentare<\/strong><\/h3><ol><li> Die Einheiten, die Sie als Argumente verwenden, m\u00fcssen konsistent sein. Wenn Sie beispielsweise Zeitr\u00e4ume in Monaten verwenden (36 Monate = 3 Jahre), m\u00fcssen Sie den j\u00e4hrlichen Zinssatz in einen monatlichen Zinssatz (6 %\/12 = 0,5 %) umrechnen.<\/li><li> Die PV-Funktion ist eine Annuit\u00e4tenfunktion. Bei Rentenfunktionen werden die von Ihnen geleisteten Barzahlungen durch negative Zahlen und die von Ihnen erhaltenen Zahlungen durch positive Zahlen dargestellt.<\/li><\/ol><h3 class=\"wp-block-heading\"> Beispiel<\/h3><p> Nehmen wir an, Sie m\u00f6chten <strong>4.000 US-Dollar<\/strong> in einen Investitionsplan investieren und erhalten im Gegenzug am Ende jedes Jahres f\u00fcr die n\u00e4chsten 5 Jahre 1.000 US-Dollar.<\/p><p> Das bedeutet, dass Sie in den n\u00e4chsten 5 Jahren insgesamt 5.000 US-Dollar erhalten.<\/p><p> Nun kommt es darauf an, dass Sie beurteilen m\u00fcssen, ob diese Investition rentabel ist oder nicht. Sie investieren heute 4.000 $ und die Rendite wird Ihnen in den n\u00e4chsten 5 Jahren zuflie\u00dfen. <\/p><div class=\"wp-block-image\"><figure class=\"aligncenter size-large is-resized\"><img loading=\"lazy\" decoding=\"async\" class=\"wp-image-37232\" src=\"https:\/\/exceladvisor.org\/wp-content\/uploads\/2023\/08\/exemple-de-fonction-pv-excel-1.png\" sizes=\"auto, \" srcset=\"\" alt=\"Excel-PV-Funktionsbeispiel-1\" width=\"471\" height=\"504\"><\/figure><\/div><p> In der obigen Berechnung wurde -4329 zur\u00fcckgegeben. Der aktuelle Wert Ihrer Investition betr\u00e4gt 4.329 $ und Sie investieren 4.000 $ darin. Damit sich Ihre Investition lohnt.<\/p><\/div><\/div><h2 class=\"wp-block-heading\" style=\"font-size: 24px;\"> Weitere Excel-Tutorials<\/h2><ul><li> <a href=\"https:\/\/exceladvisor.org\/de\/excel-grundlagen\/\">Excel-\u00dcbersicht<\/a><\/li><li> <a href=\"https:\/\/exceladvisor.org\/de\/hervorragende-fahigkeiten\/\">Excel-Kenntnisse<\/a><\/li><li> <a href=\"https:\/\/exceladvisor.org\/de\/tastaturkurzel\/\">Excel f\u00fcr Buchhalter<\/a><\/li><li> <a href=\"https:\/\/exceladvisor.org\/de\/beratung\/\" data-wpil=\"url\">Excel-Tipps und Tricks<\/a><\/li><li> <a href=\"https:\/\/exceladvisor.org\/de\/tastaturkurzel\/\">Tastaturk\u00fcrzel (PDF-Spickzettel)<\/a><\/li><\/ul>","protected":false},"excerpt":{"rendered":"","protected":false},"author":1,"featured_media":0,"parent":0,"menu_order":0,"comment_status":"open","ping_status":"closed","template":"","meta":{"ub_ctt_via":"","footnotes":""},"class_list":["post-3604","page","type-page","status-publish","hentry"],"featured_image_src":null,"yoast_head":"<!-- This site is optimized with the Yoast SEO plugin v25.4 - https:\/\/yoast.com\/wordpress\/plugins\/seo\/ -->\n<title>Excel-Finanzfunktionen (mit Beispielen) \u2013 Excel Advisor<\/title>\n<meta name=\"description\" content=\"In Excel k\u00f6nnen Ihnen mehrere Finanzfunktionen bei der Verwaltung von Finanzberechnungen helfen. Diese Funktionen k\u00f6nnen Ihnen helfen zu wissen...\" \/>\n<meta name=\"robots\" content=\"index, follow, max-snippet:-1, max-image-preview:large, max-video-preview:-1\" \/>\n<link rel=\"canonical\" href=\"https:\/\/exceladvisor.org\/de\/hervorragende-finanzfunktionen\/\" \/>\n<meta property=\"og:locale\" content=\"de_DE\" \/>\n<meta property=\"og:type\" content=\"article\" \/>\n<meta property=\"og:title\" content=\"Excel-Finanzfunktionen (mit Beispielen) \u2013 Excel Advisor\" \/>\n<meta property=\"og:description\" content=\"In Excel k\u00f6nnen Ihnen mehrere Finanzfunktionen bei der Verwaltung von Finanzberechnungen helfen. Diese Funktionen k\u00f6nnen Ihnen helfen zu wissen...\" \/>\n<meta property=\"og:url\" content=\"https:\/\/exceladvisor.org\/de\/hervorragende-finanzfunktionen\/\" \/>\n<meta property=\"og:site_name\" content=\"Excel Advisor\" \/>\n<meta property=\"article:modified_time\" content=\"2023-12-03T11:12:22+00:00\" \/>\n<meta property=\"og:image\" content=\"https:\/\/exceladvisor.org\/wp-content\/uploads\/2023\/08\/exemple-de-fonction-fv-excel-1.png\" \/>\n<meta name=\"twitter:card\" content=\"summary_large_image\" \/>\n<meta name=\"twitter:label1\" content=\"Gesch\u00e4tzte Lesezeit\" \/>\n\t<meta name=\"twitter:data1\" content=\"5\u00a0Minuten\" \/>\n<script type=\"application\/ld+json\" class=\"yoast-schema-graph\">{\"@context\":\"https:\/\/schema.org\",\"@graph\":[{\"@type\":\"WebPage\",\"@id\":\"https:\/\/exceladvisor.org\/de\/hervorragende-finanzfunktionen\/\",\"url\":\"https:\/\/exceladvisor.org\/de\/hervorragende-finanzfunktionen\/\",\"name\":\"Excel-Finanzfunktionen (mit Beispielen) \u2013 Excel Advisor\",\"isPartOf\":{\"@id\":\"https:\/\/exceladvisor.org\/de\/#website\"},\"primaryImageOfPage\":{\"@id\":\"https:\/\/exceladvisor.org\/de\/hervorragende-finanzfunktionen\/#primaryimage\"},\"image\":{\"@id\":\"https:\/\/exceladvisor.org\/de\/hervorragende-finanzfunktionen\/#primaryimage\"},\"thumbnailUrl\":\"https:\/\/exceladvisor.org\/wp-content\/uploads\/2023\/08\/exemple-de-fonction-fv-excel-1.png\",\"datePublished\":\"2023-10-15T13:31:10+00:00\",\"dateModified\":\"2023-12-03T11:12:22+00:00\",\"description\":\"In Excel k\u00f6nnen Ihnen mehrere Finanzfunktionen bei der Verwaltung von Finanzberechnungen helfen. Diese Funktionen k\u00f6nnen Ihnen helfen zu wissen...\",\"breadcrumb\":{\"@id\":\"https:\/\/exceladvisor.org\/de\/hervorragende-finanzfunktionen\/#breadcrumb\"},\"inLanguage\":\"de\",\"potentialAction\":[{\"@type\":\"ReadAction\",\"target\":[\"https:\/\/exceladvisor.org\/de\/hervorragende-finanzfunktionen\/\"]}]},{\"@type\":\"ImageObject\",\"inLanguage\":\"de\",\"@id\":\"https:\/\/exceladvisor.org\/de\/hervorragende-finanzfunktionen\/#primaryimage\",\"url\":\"https:\/\/exceladvisor.org\/wp-content\/uploads\/2023\/08\/exemple-de-fonction-fv-excel-1.png\",\"contentUrl\":\"https:\/\/exceladvisor.org\/wp-content\/uploads\/2023\/08\/exemple-de-fonction-fv-excel-1.png\"},{\"@type\":\"BreadcrumbList\",\"@id\":\"https:\/\/exceladvisor.org\/de\/hervorragende-finanzfunktionen\/#breadcrumb\",\"itemListElement\":[{\"@type\":\"ListItem\",\"position\":1,\"name\":\"Accueil\",\"item\":\"https:\/\/exceladvisor.org\/de\/\"},{\"@type\":\"ListItem\",\"position\":2,\"name\":\"Excel-finanzfunktionen (mit beispielen)\"}]},{\"@type\":\"WebSite\",\"@id\":\"https:\/\/exceladvisor.org\/de\/#website\",\"url\":\"https:\/\/exceladvisor.org\/de\/\",\"name\":\"Excel Advisor\",\"description\":\"Ihr Leitfaden zur Datendominanz\",\"publisher\":{\"@id\":\"https:\/\/exceladvisor.org\/de\/#organization\"},\"potentialAction\":[{\"@type\":\"SearchAction\",\"target\":{\"@type\":\"EntryPoint\",\"urlTemplate\":\"https:\/\/exceladvisor.org\/de\/?s={search_term_string}\"},\"query-input\":{\"@type\":\"PropertyValueSpecification\",\"valueRequired\":true,\"valueName\":\"search_term_string\"}}],\"inLanguage\":\"de\"},{\"@type\":\"Organization\",\"@id\":\"https:\/\/exceladvisor.org\/de\/#organization\",\"name\":\"Excel Advisor\",\"url\":\"https:\/\/exceladvisor.org\/de\/\",\"logo\":{\"@type\":\"ImageObject\",\"inLanguage\":\"de\",\"@id\":\"https:\/\/exceladvisor.org\/de\/#\/schema\/logo\/image\/\",\"url\":\"https:\/\/exceladvisor.org\/de\/wp-content\/uploads\/2023\/11\/exceladvisor.org_.png\",\"contentUrl\":\"https:\/\/exceladvisor.org\/de\/wp-content\/uploads\/2023\/11\/exceladvisor.org_.png\",\"width\":105,\"height\":36,\"caption\":\"Excel Advisor\"},\"image\":{\"@id\":\"https:\/\/exceladvisor.org\/de\/#\/schema\/logo\/image\/\"}}]}<\/script>\n<!-- \/ Yoast SEO plugin. -->","yoast_head_json":{"title":"Excel-Finanzfunktionen (mit Beispielen) \u2013 Excel Advisor","description":"In Excel k\u00f6nnen Ihnen mehrere Finanzfunktionen bei der Verwaltung von Finanzberechnungen helfen. Diese Funktionen k\u00f6nnen Ihnen helfen zu wissen...","robots":{"index":"index","follow":"follow","max-snippet":"max-snippet:-1","max-image-preview":"max-image-preview:large","max-video-preview":"max-video-preview:-1"},"canonical":"https:\/\/exceladvisor.org\/de\/hervorragende-finanzfunktionen\/","og_locale":"de_DE","og_type":"article","og_title":"Excel-Finanzfunktionen (mit Beispielen) \u2013 Excel Advisor","og_description":"In Excel k\u00f6nnen Ihnen mehrere Finanzfunktionen bei der Verwaltung von Finanzberechnungen helfen. Diese Funktionen k\u00f6nnen Ihnen helfen zu wissen...","og_url":"https:\/\/exceladvisor.org\/de\/hervorragende-finanzfunktionen\/","og_site_name":"Excel Advisor","article_modified_time":"2023-12-03T11:12:22+00:00","og_image":[{"url":"https:\/\/exceladvisor.org\/wp-content\/uploads\/2023\/08\/exemple-de-fonction-fv-excel-1.png","type":"","width":"","height":""}],"twitter_card":"summary_large_image","twitter_misc":{"Gesch\u00e4tzte Lesezeit":"5\u00a0Minuten"},"schema":{"@context":"https:\/\/schema.org","@graph":[{"@type":"WebPage","@id":"https:\/\/exceladvisor.org\/de\/hervorragende-finanzfunktionen\/","url":"https:\/\/exceladvisor.org\/de\/hervorragende-finanzfunktionen\/","name":"Excel-Finanzfunktionen (mit Beispielen) \u2013 Excel Advisor","isPartOf":{"@id":"https:\/\/exceladvisor.org\/de\/#website"},"primaryImageOfPage":{"@id":"https:\/\/exceladvisor.org\/de\/hervorragende-finanzfunktionen\/#primaryimage"},"image":{"@id":"https:\/\/exceladvisor.org\/de\/hervorragende-finanzfunktionen\/#primaryimage"},"thumbnailUrl":"https:\/\/exceladvisor.org\/wp-content\/uploads\/2023\/08\/exemple-de-fonction-fv-excel-1.png","datePublished":"2023-10-15T13:31:10+00:00","dateModified":"2023-12-03T11:12:22+00:00","description":"In Excel k\u00f6nnen Ihnen mehrere Finanzfunktionen bei der Verwaltung von Finanzberechnungen helfen. Diese Funktionen k\u00f6nnen Ihnen helfen zu wissen...","breadcrumb":{"@id":"https:\/\/exceladvisor.org\/de\/hervorragende-finanzfunktionen\/#breadcrumb"},"inLanguage":"de","potentialAction":[{"@type":"ReadAction","target":["https:\/\/exceladvisor.org\/de\/hervorragende-finanzfunktionen\/"]}]},{"@type":"ImageObject","inLanguage":"de","@id":"https:\/\/exceladvisor.org\/de\/hervorragende-finanzfunktionen\/#primaryimage","url":"https:\/\/exceladvisor.org\/wp-content\/uploads\/2023\/08\/exemple-de-fonction-fv-excel-1.png","contentUrl":"https:\/\/exceladvisor.org\/wp-content\/uploads\/2023\/08\/exemple-de-fonction-fv-excel-1.png"},{"@type":"BreadcrumbList","@id":"https:\/\/exceladvisor.org\/de\/hervorragende-finanzfunktionen\/#breadcrumb","itemListElement":[{"@type":"ListItem","position":1,"name":"Accueil","item":"https:\/\/exceladvisor.org\/de\/"},{"@type":"ListItem","position":2,"name":"Excel-finanzfunktionen (mit beispielen)"}]},{"@type":"WebSite","@id":"https:\/\/exceladvisor.org\/de\/#website","url":"https:\/\/exceladvisor.org\/de\/","name":"Excel Advisor","description":"Ihr Leitfaden zur Datendominanz","publisher":{"@id":"https:\/\/exceladvisor.org\/de\/#organization"},"potentialAction":[{"@type":"SearchAction","target":{"@type":"EntryPoint","urlTemplate":"https:\/\/exceladvisor.org\/de\/?s={search_term_string}"},"query-input":{"@type":"PropertyValueSpecification","valueRequired":true,"valueName":"search_term_string"}}],"inLanguage":"de"},{"@type":"Organization","@id":"https:\/\/exceladvisor.org\/de\/#organization","name":"Excel Advisor","url":"https:\/\/exceladvisor.org\/de\/","logo":{"@type":"ImageObject","inLanguage":"de","@id":"https:\/\/exceladvisor.org\/de\/#\/schema\/logo\/image\/","url":"https:\/\/exceladvisor.org\/de\/wp-content\/uploads\/2023\/11\/exceladvisor.org_.png","contentUrl":"https:\/\/exceladvisor.org\/de\/wp-content\/uploads\/2023\/11\/exceladvisor.org_.png","width":105,"height":36,"caption":"Excel Advisor"},"image":{"@id":"https:\/\/exceladvisor.org\/de\/#\/schema\/logo\/image\/"}}]}},"yoast_meta":{"yoast_wpseo_title":"","yoast_wpseo_metadesc":"","yoast_wpseo_canonical":""},"_links":{"self":[{"href":"https:\/\/exceladvisor.org\/de\/wp-json\/wp\/v2\/pages\/3604","targetHints":{"allow":["GET"]}}],"collection":[{"href":"https:\/\/exceladvisor.org\/de\/wp-json\/wp\/v2\/pages"}],"about":[{"href":"https:\/\/exceladvisor.org\/de\/wp-json\/wp\/v2\/types\/page"}],"author":[{"embeddable":true,"href":"https:\/\/exceladvisor.org\/de\/wp-json\/wp\/v2\/users\/1"}],"replies":[{"embeddable":true,"href":"https:\/\/exceladvisor.org\/de\/wp-json\/wp\/v2\/comments?post=3604"}],"version-history":[{"count":1,"href":"https:\/\/exceladvisor.org\/de\/wp-json\/wp\/v2\/pages\/3604\/revisions"}],"predecessor-version":[{"id":3751,"href":"https:\/\/exceladvisor.org\/de\/wp-json\/wp\/v2\/pages\/3604\/revisions\/3751"}],"wp:attachment":[{"href":"https:\/\/exceladvisor.org\/de\/wp-json\/wp\/v2\/media?parent=3604"}],"curies":[{"name":"wp","href":"https:\/\/api.w.org\/{rel}","templated":true}]}}