{"id":3605,"date":"2023-10-15T13:08:31","date_gmt":"2023-10-15T13:08:31","guid":{"rendered":"https:\/\/exceladvisor.org\/de\/excel-zeitfunktionen\/"},"modified":"2023-12-03T13:05:25","modified_gmt":"2023-12-03T13:05:25","slug":"excel-zeitfunktionen","status":"publish","type":"page","link":"https:\/\/exceladvisor.org\/de\/excel-zeitfunktionen\/","title":{"rendered":"Wie verwende ich zeitfunktionen in excel?"},"content":{"rendered":"<div class=\"excel-vor-dem-inhalt\" id=\"excel-61127018\"><script type=\"text\/javascript\">\r\n\tatOptions = {\r\n\t\t'key' : 'c1158f160081d6540a8409e6925dab94',\r\n\t\t'format' : 'iframe',\r\n\t\t'height' : 250,\r\n\t\t'width' : 300,\r\n\t\t'params' : {}\r\n\t};\r\n<\/script>\r\n<script type=\"text\/javascript\" src=\"\/\/www.highperformanceformat.com\/c1158f160081d6540a8409e6925dab94\/invoke.js\"><\/script><\/div> <p><strong><em><a href=\"https:\/\/exceladvisor.org\/wp-content\/uploads\/2023\/08\/excel_time_functions_sample_files.zip\" target=\"_blank\" rel=\"noreferrer noopener nofollow\">Beispieldateien<\/a><\/em><\/strong> <\/p><div class=\"wp-block-group groupx is-layout-constrained\"><div class=\"wp-block-group__inner-container\"><h2 class=\"wp-block-heading\"> 1. ZEITfunktion<\/h2><p> <strong>Die TIME-Funktion gibt den Zeitwert einer g\u00fcltigen Zeit zur\u00fcck.<\/strong> Der Zeitwert besteht aus Stunden, Minuten und Sekunden und die TIME-Funktion \u00fcbernimmt den Stundenwert und ignoriert den Rest.<\/p><h3 class=\"wp-block-heading\"> <strong>Syntax<\/strong><\/h3><p> <em>ZEIT(Seriennummer)<\/em><\/p><h3 class=\"wp-block-heading\"> <strong>Argumente<\/strong><\/h3><ul><li> <strong>Seriennummer:<\/strong> Eine g\u00fcltige Zeit, von der Sie den Zeitwert erhalten m\u00f6chten.<\/li><\/ul><h3 class=\"wp-block-heading\"> <strong>Beispiel<\/strong><\/h3><h4 class=\"wp-block-heading\"> <strong>1. Zellbezug verwenden<\/strong><\/h4><p> Im folgenden Beispiel haben wir auf eine Zelle verwiesen, in der ich einen g\u00fcltigen Zeitwert habe. Aus diesem Zeitwert extrahierte die Funktion lediglich die Uhrzeit im 24-Stunden-Format. Sie k\u00f6nnen diese Methode verwenden, wenn Sie \u00fcber Zeitdaten verf\u00fcgen und die Zeit aus diesen Werten extrahieren m\u00f6chten. <\/p><div class=\"wp-block-image\"><figure class=\"aligncenter size-large is-resized\"><img loading=\"lazy\" decoding=\"async\" class=\"wp-image-36933\" src=\"https:\/\/exceladvisor.org\/wp-content\/uploads\/2023\/08\/Excel-fonction-heure-exemple-1.png\" sizes=\"auto, \" srcset=\"\" alt=\"Excel-Zeitfunktion-Beispiel-1\" width=\"379\" height=\"251\"><\/figure><\/div><h4 class=\"wp-block-heading\"> <strong>2. Verwenden Sie das Datum als Referenz<\/strong><\/h4><p> Im folgenden Beispiel haben wir ein Datum verwendet, das einen Zeitwert enth\u00e4lt, und HOUR hat daraus die Zeit als Ganzzahl extrahiert. <\/p><div class=\"wp-block-image\"><figure class=\"aligncenter size-large is-resized\"><img loading=\"lazy\" decoding=\"async\" class=\"wp-image-36934\" src=\"https:\/\/exceladvisor.org\/wp-content\/uploads\/2023\/08\/Excel-fonction-heure-exemple-2.png\" sizes=\"auto, \" srcset=\"\" alt=\"Excel-Zeitfunktion-Beispiel-2\" width=\"421\" height=\"285\"><\/figure><\/div><p> Und wenn Sie dieses Datum durch \u00c4ndern seines Formats in einen Wert umwandeln, wissen Sie, dass es einen Zeitwert in Dezimalform hat. <\/p><div class=\"wp-block-image\"><figure class=\"aligncenter size-large is-resized\"><img loading=\"lazy\" decoding=\"async\" class=\"wp-image-36935\" src=\"https:\/\/exceladvisor.org\/wp-content\/uploads\/2023\/08\/Excel-fonction-heure-exemple-3.png\" sizes=\"auto, \" srcset=\"\" alt=\"Excel-Zeitfunktion-Beispiel-3\" width=\"466\" height=\"279\"><\/figure><\/div><\/div><\/div><div class=\"wp-block-group groupx is-layout-constrained\"><div class=\"wp-block-group__inner-container\"><h2 class=\"wp-block-heading\"> 2. MINUTEN-Funktion<\/h2><p> <strong>Die MINUTE-Funktion gibt den Wert der Minuten ab einem g\u00fcltigen Zeitpunkt zur\u00fcck.<\/strong> Der Zeitwert besteht aus Stunden, Minuten und Sekunden und die Funktion MINUTE nimmt den Minutenwert und ignoriert den Rest.<\/p><h3 class=\"wp-block-heading\"> <strong>Syntax<\/strong><\/h3><p> <em>MINUTE(serial_number)<\/em><\/p><h3 class=\"wp-block-heading\"> <strong>Argumente<\/strong><\/h3><ul><li> <strong>Seriennummer:<\/strong> eine g\u00fcltige Uhrzeit, von der Sie den Minutenwert erhalten m\u00f6chten.<\/li><\/ul><h3 class=\"wp-block-heading\"> <strong>Beispiel<\/strong><\/h3><p> Im folgenden Beispiel haben wir die Minutenfunktion verwendet, um den Minutenwert aus verschiedenen Zeitwerten zu extrahieren. <\/p><div class=\"wp-block-image\"><figure class=\"aligncenter size-large is-resized\"><img loading=\"lazy\" decoding=\"async\" class=\"wp-image-37196\" src=\"https:\/\/exceladvisor.org\/wp-content\/uploads\/2023\/08\/exemple-de-fonction-minute-excel-1.png\" sizes=\"auto, \" srcset=\"\" alt=\"Excel-Minutenfunktion-Beispiel-1\" width=\"452\" height=\"319\"><\/figure><\/div><\/div><\/div><div class=\"wp-block-group groupx is-layout-constrained\"><div class=\"wp-block-group__inner-container\"><h2 class=\"wp-block-heading\"> 3. JETZT-Funktion<\/h2><p> <strong>Die NOW-Funktion gibt das aktuelle Datum und die aktuelle Uhrzeit basierend auf dem Systemdatum und der Systemuhrzeit zur\u00fcck.<\/strong> Das von der NOW-Funktion zur\u00fcckgegebene Datum und die Uhrzeit werden jedes Mal, wenn Sie etwas im Arbeitsblatt aktualisieren, kontinuierlich aktualisiert.<\/p><h3 class=\"wp-block-heading\"> <strong>Syntax<\/strong><\/h3><p> <em>JETZT()<\/em><\/p><h3 class=\"wp-block-heading\"> <strong>Argumente<\/strong><\/h3><ul><li> In NOW gibt es kein Argument anzugeben, aber Sie m\u00fcssen darauf achten, dass es sich bei dieser Funktion um eine fl\u00fcchtige Funktion handelt, deren Wert sich jedes Mal \u00e4ndert, wenn Sie Ihre Tabellenkalkulation aktualisieren.<\/li><\/ul><h3 class=\"wp-block-heading\"> <strong>Beispiel<\/strong><\/h3><p> Im Folgenden haben wir NOW auf zwei verschiedene Arten verwendet: <\/p><div class=\"wp-block-image\"><figure class=\"aligncenter size-large is-resized\"><img loading=\"lazy\" decoding=\"async\" class=\"wp-image-37221\" src=\"https:\/\/exceladvisor.org\/wp-content\/uploads\/2023\/08\/excel-maintenant-fonction-exemple-1.png\" sizes=\"auto, \" srcset=\"\" alt=\"Excel-Now-Funktionsbeispiel-1\" width=\"531\" height=\"326\"><\/figure><\/div><ul><li> Im ersten Beispiel haben wir die TEXT-Funktion mit now verwendet, um die aktuelle Uhrzeit zu extrahieren.<\/li><li> Im zweiten Beispiel haben wir das Zellenformat in \u201eAllgemein\u201c ge\u00e4ndert. Die Zahl vor dem Dezimalpunkt ist das aktuelle Datum und die Zahl nach dem Dezimalpunkt ist die Uhrzeit. <\/li><\/ul><\/div><\/div><div class=\"wp-block-group groupx is-layout-constrained\"><div class=\"wp-block-group__inner-container\"><h2 class=\"wp-block-heading\"> 4. ZWEITE Funktion<\/h2><p> <strong>Die SECOND-Funktion gibt den Wert von Sekunden ab einem g\u00fcltigen Zeitpunkt zur\u00fcck.<\/strong> Der Zeitwert besteht aus Stunden, Minuten und Sekunden und die SECOND-Funktion nimmt den Sekundenwert und ignoriert den Rest.<\/p><h3 class=\"wp-block-heading\"> <strong>Syntax<\/strong><\/h3><p> <em>SECOND(serial_number)<\/em><\/p><h3 class=\"wp-block-heading\"> <strong>Argumente<\/strong><\/h3><ul><li> <strong>Seriennummer<\/strong> : Eine g\u00fcltige Zeit, von der Sie den zweiten Wert erhalten m\u00f6chten.<\/li><\/ul><h3 class=\"wp-block-heading\"> <strong>Beispiel<\/strong><\/h3><p> Im folgenden Beispiel haben wir einen anderen Eingabewert verwendet, um den zweiten zu erhalten. Der Eingabewert muss ein g\u00fcltiges Datum und eine g\u00fcltige Uhrzeit gem\u00e4\u00df dem Datums- und Uhrzeitsystem von Excel sein. <\/p><div class=\"wp-block-image\"><figure class=\"aligncenter size-large is-resized\"><img loading=\"lazy\" decoding=\"async\" class=\"wp-image-37317\" src=\"https:\/\/exceladvisor.org\/wp-content\/uploads\/2023\/08\/excel-deuxieme-fonction-exemple-1.png\" sizes=\"auto, \" srcset=\"\" alt=\"Excel-zweite-Funktionsbeispiel-1\" width=\"440\" height=\"289\"><\/figure><\/div><p> Ein Eingabewert, der keinen Sekundenwert enth\u00e4lt, gibt entsprechend 0 zur\u00fcck. <\/p><div class=\"wp-block-image\"><figure class=\"aligncenter size-large is-resized\"><img loading=\"lazy\" decoding=\"async\" class=\"wp-image-37318\" src=\"https:\/\/exceladvisor.org\/wp-content\/uploads\/2023\/08\/excel-deuxieme-fonction-exemple-2.png\" sizes=\"auto, \" srcset=\"\" alt=\"Excel-zweite-Funktionsbeispiel-2\" width=\"463\" height=\"287\"><\/figure><\/div><\/div><\/div><div class=\"wp-block-group groupx is-layout-constrained\"><div class=\"wp-block-group__inner-container\"><h2 class=\"wp-block-heading\"> 5. ZEITfunktion<\/h2><p> <strong>Die TIME-Funktion gibt eine g\u00fcltige Zeit basierend auf den eingegebenen Stunden, Minuten und Sekunden zur\u00fcck.<\/strong> Vereinfacht ausgedr\u00fcckt m\u00fcssen Sie alle Zeitkomponenten angeben, damit wird ein Zeitwert erstellt und das Ergebnis zur\u00fcckgegeben.<\/p><h3 class=\"wp-block-heading\"> <strong>Syntax<\/strong><\/h3><p> <em>ZEIT (Stunde, Minute, Sekunde)<\/em><\/p><h3 class=\"wp-block-heading\"> <strong>Argumente<\/strong><\/h3><ul><li> <strong>Stunde:<\/strong> Die Zahl, die als Stundenwert verwendet werden soll.<\/li><li> <strong>Minute:<\/strong> Die Zahl, die als Minutenwert verwendet werden soll.<\/li><li> <strong>Sekunde:<\/strong> die Zahl, die als zweiter Wert verwendet werden soll.<\/li><\/ul><h3 class=\"wp-block-heading\"> <strong>Beispiel<\/strong><\/h3><p> Im folgenden Beispiel haben wir verschiedene Argumente verwendet: <\/p><div class=\"wp-block-image\"><figure class=\"aligncenter size-large is-resized\"><img loading=\"lazy\" decoding=\"async\" class=\"wp-image-37344\" src=\"https:\/\/exceladvisor.org\/wp-content\/uploads\/2023\/08\/Excel-fonction-de-temps-exemple-1.png\" sizes=\"auto, \" srcset=\"\" alt=\"Excel-Zeitfunktion-Beispiel-1\" width=\"538\" height=\"345\"><\/figure><\/div><ul><li> Die von dieser Funktion zur\u00fcckgegebene Zeit liegt im 12-Stunden-Format vor.<\/li><li> Wenn Sie f\u00fcr den Stundenwert Null verwenden, erhalten Sie die Zeit ab der Startzeit eines Tages.<\/li><li> Wenn Sie eine negative Zahl angeben, wird dieser Wert von der vorherigen Stunde, Minute oder Sekunde subtrahiert.<\/li><li> Die Zeitfunktion gibt eine Dezimalzahl zur\u00fcck, die eine bestimmte Zeit in Excel darstellt. <\/li><\/ul><\/div><\/div><div class=\"wp-block-group groupx is-layout-constrained\"><div class=\"wp-block-group__inner-container\"><h2 class=\"wp-block-heading\"> 6. TIMEVALUE-Funktion<\/h2><p> <strong>Die Funktion TIMEVALUE gibt die Zeit nach der Konvertierung von Text, der eine Zeit darstellt, in die tats\u00e4chliche Zeit zur\u00fcck.<\/strong> Vereinfacht ausgedr\u00fcckt wandelt es die Zeit in eine tats\u00e4chliche Zeit um, die als Text formatiert ist.<\/p><h3 class=\"wp-block-heading\"> <strong>Syntax<\/strong><\/h3><p> <em>ZEITWERT(text_time)<\/em><\/p><h3 class=\"wp-block-heading\"> <strong>Argumente<\/strong><\/h3><ul><li> <strong>time_text:<\/strong> ein Text, der ein Zeitwert ist, aber als Text gespeichert wird.<\/li><\/ul><h3 class=\"wp-block-heading\"> <strong>Beispiel<\/strong><\/h3><p> Wir m\u00fcssen es an einem Beispiel ausprobieren, schauen Sie sich also unbedingt das folgende an: <\/p><div class=\"wp-block-image\"><figure class=\"aligncenter size-large is-resized\"><img loading=\"lazy\" decoding=\"async\" class=\"wp-image-37347\" src=\"https:\/\/exceladvisor.org\/wp-content\/uploads\/2023\/08\/exemple-de-fonction-excel-timevalue-1.png\" sizes=\"auto, \" srcset=\"\" alt=\"Excel-Zeitwert-Funktionsbeispiel-1\" width=\"501\" height=\"388\"><\/figure><\/div><p> Wenn Sie einen Textzeitwert ohne am\/pm verwenden, gibt die Funktion eine Seriennummer zur\u00fcck, die die Zeit im 24-Stunden-Format darstellt. Sie k\u00f6nnen das Format der Seriennummer \u00e4ndern, um die Uhrzeit zu erhalten.<\/p><p> TIMEVALUE wandelt jeden von Excel erkennbaren Textzeitwert in eine Dezimalzahl um. Da 12:00 Uhr die Startzeit des Tages ist, gibt die Funktion 0 zur\u00fcck.<\/p><p> Es stellt die Zeit von 00:00 bis 23:59 dar. Es ist ziemlich clever, die Uhrzeit eines Datums zu ermitteln, wenn dieses Datum eine Uhrzeit enth\u00e4lt. Wenn Sie TIMEVALUE verwenden, m\u00fcssen Sie sich nur um ein Datum k\u00fcmmern, das Excel erkennen kann.<\/p><\/div><\/div>","protected":false},"excerpt":{"rendered":"","protected":false},"author":1,"featured_media":0,"parent":0,"menu_order":0,"comment_status":"open","ping_status":"closed","template":"","meta":{"ub_ctt_via":"","footnotes":""},"class_list":["post-3605","page","type-page","status-publish","hentry"],"featured_image_src":null,"yoast_head":"<!-- This site is optimized with the Yoast SEO plugin v25.4 - https:\/\/yoast.com\/wordpress\/plugins\/seo\/ -->\n<title>Wie verwende ich Zeitfunktionen in Excel? (Beispiele)<\/title>\n<meta name=\"description\" content=\"Excel-Zeitfunktionen zur Durchf\u00fchrung zeitbezogener Berechnungen in Excel.\" \/>\n<meta name=\"robots\" content=\"index, follow, max-snippet:-1, max-image-preview:large, max-video-preview:-1\" \/>\n<link rel=\"canonical\" href=\"https:\/\/exceladvisor.org\/de\/excel-zeitfunktionen\/\" \/>\n<meta property=\"og:locale\" content=\"de_DE\" \/>\n<meta property=\"og:type\" content=\"article\" \/>\n<meta property=\"og:title\" content=\"Wie verwende ich Zeitfunktionen in Excel? (Beispiele)\" \/>\n<meta property=\"og:description\" content=\"Excel-Zeitfunktionen zur Durchf\u00fchrung zeitbezogener Berechnungen in Excel.\" \/>\n<meta property=\"og:url\" content=\"https:\/\/exceladvisor.org\/de\/excel-zeitfunktionen\/\" \/>\n<meta property=\"og:site_name\" content=\"Excel Advisor\" \/>\n<meta property=\"article:modified_time\" content=\"2023-12-03T13:05:25+00:00\" \/>\n<meta property=\"og:image\" content=\"https:\/\/exceladvisor.org\/wp-content\/uploads\/2023\/08\/Excel-fonction-heure-exemple-1.png\" \/>\n<meta name=\"twitter:card\" content=\"summary_large_image\" \/>\n<meta name=\"twitter:label1\" content=\"Gesch\u00e4tzte Lesezeit\" \/>\n\t<meta name=\"twitter:data1\" content=\"4\u00a0Minuten\" \/>\n<script type=\"application\/ld+json\" class=\"yoast-schema-graph\">{\"@context\":\"https:\/\/schema.org\",\"@graph\":[{\"@type\":\"WebPage\",\"@id\":\"https:\/\/exceladvisor.org\/de\/excel-zeitfunktionen\/\",\"url\":\"https:\/\/exceladvisor.org\/de\/excel-zeitfunktionen\/\",\"name\":\"Wie verwende ich Zeitfunktionen in Excel? (Beispiele)\",\"isPartOf\":{\"@id\":\"https:\/\/exceladvisor.org\/de\/#website\"},\"primaryImageOfPage\":{\"@id\":\"https:\/\/exceladvisor.org\/de\/excel-zeitfunktionen\/#primaryimage\"},\"image\":{\"@id\":\"https:\/\/exceladvisor.org\/de\/excel-zeitfunktionen\/#primaryimage\"},\"thumbnailUrl\":\"https:\/\/exceladvisor.org\/wp-content\/uploads\/2023\/08\/Excel-fonction-heure-exemple-1.png\",\"datePublished\":\"2023-10-15T13:08:31+00:00\",\"dateModified\":\"2023-12-03T13:05:25+00:00\",\"description\":\"Excel-Zeitfunktionen zur Durchf\u00fchrung zeitbezogener Berechnungen in Excel.\",\"breadcrumb\":{\"@id\":\"https:\/\/exceladvisor.org\/de\/excel-zeitfunktionen\/#breadcrumb\"},\"inLanguage\":\"de\",\"potentialAction\":[{\"@type\":\"ReadAction\",\"target\":[\"https:\/\/exceladvisor.org\/de\/excel-zeitfunktionen\/\"]}]},{\"@type\":\"ImageObject\",\"inLanguage\":\"de\",\"@id\":\"https:\/\/exceladvisor.org\/de\/excel-zeitfunktionen\/#primaryimage\",\"url\":\"https:\/\/exceladvisor.org\/wp-content\/uploads\/2023\/08\/Excel-fonction-heure-exemple-1.png\",\"contentUrl\":\"https:\/\/exceladvisor.org\/wp-content\/uploads\/2023\/08\/Excel-fonction-heure-exemple-1.png\"},{\"@type\":\"BreadcrumbList\",\"@id\":\"https:\/\/exceladvisor.org\/de\/excel-zeitfunktionen\/#breadcrumb\",\"itemListElement\":[{\"@type\":\"ListItem\",\"position\":1,\"name\":\"Accueil\",\"item\":\"https:\/\/exceladvisor.org\/de\/\"},{\"@type\":\"ListItem\",\"position\":2,\"name\":\"Wie verwende ich zeitfunktionen in excel?\"}]},{\"@type\":\"WebSite\",\"@id\":\"https:\/\/exceladvisor.org\/de\/#website\",\"url\":\"https:\/\/exceladvisor.org\/de\/\",\"name\":\"Excel Advisor\",\"description\":\"Ihr Leitfaden zur Datendominanz\",\"publisher\":{\"@id\":\"https:\/\/exceladvisor.org\/de\/#organization\"},\"potentialAction\":[{\"@type\":\"SearchAction\",\"target\":{\"@type\":\"EntryPoint\",\"urlTemplate\":\"https:\/\/exceladvisor.org\/de\/?s={search_term_string}\"},\"query-input\":{\"@type\":\"PropertyValueSpecification\",\"valueRequired\":true,\"valueName\":\"search_term_string\"}}],\"inLanguage\":\"de\"},{\"@type\":\"Organization\",\"@id\":\"https:\/\/exceladvisor.org\/de\/#organization\",\"name\":\"Excel Advisor\",\"url\":\"https:\/\/exceladvisor.org\/de\/\",\"logo\":{\"@type\":\"ImageObject\",\"inLanguage\":\"de\",\"@id\":\"https:\/\/exceladvisor.org\/de\/#\/schema\/logo\/image\/\",\"url\":\"https:\/\/exceladvisor.org\/de\/wp-content\/uploads\/2023\/11\/exceladvisor.org_.png\",\"contentUrl\":\"https:\/\/exceladvisor.org\/de\/wp-content\/uploads\/2023\/11\/exceladvisor.org_.png\",\"width\":105,\"height\":36,\"caption\":\"Excel Advisor\"},\"image\":{\"@id\":\"https:\/\/exceladvisor.org\/de\/#\/schema\/logo\/image\/\"}}]}<\/script>\n<!-- \/ Yoast SEO plugin. -->","yoast_head_json":{"title":"Wie verwende ich Zeitfunktionen in Excel? (Beispiele)","description":"Excel-Zeitfunktionen zur Durchf\u00fchrung zeitbezogener Berechnungen in Excel.","robots":{"index":"index","follow":"follow","max-snippet":"max-snippet:-1","max-image-preview":"max-image-preview:large","max-video-preview":"max-video-preview:-1"},"canonical":"https:\/\/exceladvisor.org\/de\/excel-zeitfunktionen\/","og_locale":"de_DE","og_type":"article","og_title":"Wie verwende ich Zeitfunktionen in Excel? (Beispiele)","og_description":"Excel-Zeitfunktionen zur Durchf\u00fchrung zeitbezogener Berechnungen in Excel.","og_url":"https:\/\/exceladvisor.org\/de\/excel-zeitfunktionen\/","og_site_name":"Excel Advisor","article_modified_time":"2023-12-03T13:05:25+00:00","og_image":[{"url":"https:\/\/exceladvisor.org\/wp-content\/uploads\/2023\/08\/Excel-fonction-heure-exemple-1.png","type":"","width":"","height":""}],"twitter_card":"summary_large_image","twitter_misc":{"Gesch\u00e4tzte Lesezeit":"4\u00a0Minuten"},"schema":{"@context":"https:\/\/schema.org","@graph":[{"@type":"WebPage","@id":"https:\/\/exceladvisor.org\/de\/excel-zeitfunktionen\/","url":"https:\/\/exceladvisor.org\/de\/excel-zeitfunktionen\/","name":"Wie verwende ich Zeitfunktionen in Excel? (Beispiele)","isPartOf":{"@id":"https:\/\/exceladvisor.org\/de\/#website"},"primaryImageOfPage":{"@id":"https:\/\/exceladvisor.org\/de\/excel-zeitfunktionen\/#primaryimage"},"image":{"@id":"https:\/\/exceladvisor.org\/de\/excel-zeitfunktionen\/#primaryimage"},"thumbnailUrl":"https:\/\/exceladvisor.org\/wp-content\/uploads\/2023\/08\/Excel-fonction-heure-exemple-1.png","datePublished":"2023-10-15T13:08:31+00:00","dateModified":"2023-12-03T13:05:25+00:00","description":"Excel-Zeitfunktionen zur Durchf\u00fchrung zeitbezogener Berechnungen in Excel.","breadcrumb":{"@id":"https:\/\/exceladvisor.org\/de\/excel-zeitfunktionen\/#breadcrumb"},"inLanguage":"de","potentialAction":[{"@type":"ReadAction","target":["https:\/\/exceladvisor.org\/de\/excel-zeitfunktionen\/"]}]},{"@type":"ImageObject","inLanguage":"de","@id":"https:\/\/exceladvisor.org\/de\/excel-zeitfunktionen\/#primaryimage","url":"https:\/\/exceladvisor.org\/wp-content\/uploads\/2023\/08\/Excel-fonction-heure-exemple-1.png","contentUrl":"https:\/\/exceladvisor.org\/wp-content\/uploads\/2023\/08\/Excel-fonction-heure-exemple-1.png"},{"@type":"BreadcrumbList","@id":"https:\/\/exceladvisor.org\/de\/excel-zeitfunktionen\/#breadcrumb","itemListElement":[{"@type":"ListItem","position":1,"name":"Accueil","item":"https:\/\/exceladvisor.org\/de\/"},{"@type":"ListItem","position":2,"name":"Wie verwende ich zeitfunktionen in excel?"}]},{"@type":"WebSite","@id":"https:\/\/exceladvisor.org\/de\/#website","url":"https:\/\/exceladvisor.org\/de\/","name":"Excel Advisor","description":"Ihr Leitfaden zur Datendominanz","publisher":{"@id":"https:\/\/exceladvisor.org\/de\/#organization"},"potentialAction":[{"@type":"SearchAction","target":{"@type":"EntryPoint","urlTemplate":"https:\/\/exceladvisor.org\/de\/?s={search_term_string}"},"query-input":{"@type":"PropertyValueSpecification","valueRequired":true,"valueName":"search_term_string"}}],"inLanguage":"de"},{"@type":"Organization","@id":"https:\/\/exceladvisor.org\/de\/#organization","name":"Excel Advisor","url":"https:\/\/exceladvisor.org\/de\/","logo":{"@type":"ImageObject","inLanguage":"de","@id":"https:\/\/exceladvisor.org\/de\/#\/schema\/logo\/image\/","url":"https:\/\/exceladvisor.org\/de\/wp-content\/uploads\/2023\/11\/exceladvisor.org_.png","contentUrl":"https:\/\/exceladvisor.org\/de\/wp-content\/uploads\/2023\/11\/exceladvisor.org_.png","width":105,"height":36,"caption":"Excel Advisor"},"image":{"@id":"https:\/\/exceladvisor.org\/de\/#\/schema\/logo\/image\/"}}]}},"yoast_meta":{"yoast_wpseo_title":"","yoast_wpseo_metadesc":"","yoast_wpseo_canonical":""},"_links":{"self":[{"href":"https:\/\/exceladvisor.org\/de\/wp-json\/wp\/v2\/pages\/3605","targetHints":{"allow":["GET"]}}],"collection":[{"href":"https:\/\/exceladvisor.org\/de\/wp-json\/wp\/v2\/pages"}],"about":[{"href":"https:\/\/exceladvisor.org\/de\/wp-json\/wp\/v2\/types\/page"}],"author":[{"embeddable":true,"href":"https:\/\/exceladvisor.org\/de\/wp-json\/wp\/v2\/users\/1"}],"replies":[{"embeddable":true,"href":"https:\/\/exceladvisor.org\/de\/wp-json\/wp\/v2\/comments?post=3605"}],"version-history":[{"count":1,"href":"https:\/\/exceladvisor.org\/de\/wp-json\/wp\/v2\/pages\/3605\/revisions"}],"predecessor-version":[{"id":4392,"href":"https:\/\/exceladvisor.org\/de\/wp-json\/wp\/v2\/pages\/3605\/revisions\/4392"}],"wp:attachment":[{"href":"https:\/\/exceladvisor.org\/de\/wp-json\/wp\/v2\/media?parent=3605"}],"curies":[{"name":"wp","href":"https:\/\/api.w.org\/{rel}","templated":true}]}}