{"id":3607,"date":"2023-10-15T11:45:18","date_gmt":"2023-10-15T11:45:18","guid":{"rendered":"https:\/\/exceladvisor.org\/de\/rund\/"},"modified":"2023-12-03T13:05:58","modified_gmt":"2023-12-03T13:05:58","slug":"rund","status":"publish","type":"page","link":"https:\/\/exceladvisor.org\/de\/rund\/","title":{"rendered":"Wie verwende ich die mround-funktion in excel?"},"content":{"rendered":"<div class=\"excel-vor-dem-inhalt\" id=\"excel-1045906090\"><script type=\"text\/javascript\">\r\n\tatOptions = {\r\n\t\t'key' : 'c1158f160081d6540a8409e6925dab94',\r\n\t\t'format' : 'iframe',\r\n\t\t'height' : 250,\r\n\t\t'width' : 300,\r\n\t\t'params' : {}\r\n\t};\r\n<\/script>\r\n<script type=\"text\/javascript\" src=\"\/\/www.highperformanceformat.com\/c1158f160081d6540a8409e6925dab94\/invoke.js\"><\/script><\/div> <p>MROUND <strong>gibt eine Zahl zur\u00fcck, nachdem sie auf ein bestimmtes Vielfaches gerundet wurde<\/strong> . Einfach ausgedr\u00fcckt: Es rundet eine Zahl auf das n\u00e4chste Vielfache einer Zahl und geht beim Runden nicht davon aus, dass diese Zahl gr\u00f6\u00dfer oder kleiner als die urspr\u00fcngliche Zahl ist. <\/p><div class=\"wp-block-image\"><figure class=\"aligncenter size-full is-resized\"><img loading=\"lazy\" decoding=\"async\" class=\"wp-image-72731\" src=\"https:\/\/exceladvisor.org\/wp-content\/uploads\/2023\/08\/1-fonction-ronde-2.png\" sizes=\"auto, \" srcset=\"\" alt=\"runde Funktion\" width=\"471\" height=\"171\"><\/figure><\/div><h2 class=\"wp-block-heading\"> Syntax<\/h2><p> MROUND(Zahl, Vielfaches)<\/p><h2 class=\"wp-block-heading\"> Argumente<\/h2><ul><li> <strong>Zahl<\/strong> : eine Zahl, die Sie runden m\u00f6chten.<\/li><li> <strong>Vielfaches<\/strong> : eine Zahl, deren n\u00e4chstgelegenes Vielfaches Sie ermitteln m\u00f6chten.<\/li><\/ul><h2 class=\"wp-block-heading\"> Beispiel<\/h2><p> Im folgenden Beispiel haben wir in der MROUND-Funktion verschiedene Argumente verwendet, wobei das n\u00e4chste Vielfache unterschiedlich ist, um die Zahl zu runden. <\/p><div class=\"wp-block-image\"><figure class=\"aligncenter size-full is-resized\"><img loading=\"lazy\" decoding=\"async\" class=\"wp-image-72732\" src=\"https:\/\/exceladvisor.org\/wp-content\/uploads\/2023\/08\/2-mtour-avec-differents-multiples-les-plus-proches.png\" sizes=\"auto, \" srcset=\"\" alt=\"gebr\u00e4unt mit unterschiedlichen n\u00e4chsten Vielfachen\" width=\"581\" height=\"416\"><\/figure><\/div><ol type=\"1\"><li> 12,5 auf 12 gerundet, wobei das n\u00e4chste Vielfache von 3 12 ergibt.<\/li><li> 19 wird auf 20 auf das n\u00e4chste Vielfache von 5 gerundet<\/li><li> 13 wird auf 12 auf das n\u00e4chste Vielfache von 6 gerundet.<\/li><li> 3,6 wird auf 2 auf das n\u00e4chste Vielfache von 4 gerundet.<\/li><li> Das Ergebnis ist 0, da ich auf die Angabe von \u201emultiple\u201c verzichtet habe.<\/li><li> Das Ergebnis ist 0, da ich 0 als Vielfaches angegeben habe.<\/li><li> Das Ergebnis ist ein Fehler, da ich -2 als Vielfaches angegeben habe.<\/li><li> Hier haben wir ein Unentschieden zwischen 20 und 18, aber wir bekommen 20, weil immer von Null aus aufgerundet wird.<\/li><\/ol><h2 class=\"wp-block-heading\"> Wichtige Punkte<\/h2><ol type=\"1\"><li> Wenn Sie in mehreren Argumenten eine Null verwenden, wird im Ergebnis eine Null zur\u00fcckgegeben.<\/li><li> Ohne Angabe mehrerer Argumente wird im Ergebnis ein Fehler zur\u00fcckgegeben.<\/li><li> Es wird immer von Null aus gerundet, wenn es zwei n\u00e4chste Vielfache gibt. Das hei\u00dft, wenn Sie zwei Vielfache im gleichen Abstand haben, wird das Vielfache zur\u00fcckgegeben, das gr\u00f6\u00dfer ist als die Zahl, die Sie aufrunden (siehe Beispiel 8 als Referenz).<\/li><\/ol>","protected":false},"excerpt":{"rendered":"","protected":false},"author":1,"featured_media":0,"parent":0,"menu_order":0,"comment_status":"open","ping_status":"closed","template":"","meta":{"ub_ctt_via":"","footnotes":""},"class_list":["post-3607","page","type-page","status-publish","hentry"],"featured_image_src":null,"yoast_head":"<!-- This site is optimized with the Yoast SEO plugin v25.4 - https:\/\/yoast.com\/wordpress\/plugins\/seo\/ -->\n<title>Wie verwende ich die MROUND-Funktion in Excel? (Beispiel)<\/title>\n<meta name=\"description\" content=\"Ein schnelles und einfaches Tutorial zum Erlernen der Verwendung der MROUND-Funktion in Excel.\" \/>\n<meta name=\"robots\" content=\"index, follow, max-snippet:-1, max-image-preview:large, max-video-preview:-1\" \/>\n<link rel=\"canonical\" href=\"https:\/\/exceladvisor.org\/de\/rund\/\" \/>\n<meta property=\"og:locale\" content=\"de_DE\" \/>\n<meta property=\"og:type\" content=\"article\" \/>\n<meta property=\"og:title\" content=\"Wie verwende ich die MROUND-Funktion in Excel? (Beispiel)\" \/>\n<meta property=\"og:description\" content=\"Ein schnelles und einfaches Tutorial zum Erlernen der Verwendung der MROUND-Funktion in Excel.\" \/>\n<meta property=\"og:url\" content=\"https:\/\/exceladvisor.org\/de\/rund\/\" \/>\n<meta property=\"og:site_name\" content=\"Excel Advisor\" \/>\n<meta property=\"article:modified_time\" content=\"2023-12-03T13:05:58+00:00\" \/>\n<meta property=\"og:image\" content=\"https:\/\/exceladvisor.org\/wp-content\/uploads\/2023\/08\/1-fonction-ronde-2.png\" \/>\n<meta name=\"twitter:card\" content=\"summary_large_image\" \/>\n<meta name=\"twitter:label1\" content=\"Gesch\u00e4tzte Lesezeit\" \/>\n\t<meta name=\"twitter:data1\" content=\"1\u00a0Minute\" \/>\n<script type=\"application\/ld+json\" class=\"yoast-schema-graph\">{\"@context\":\"https:\/\/schema.org\",\"@graph\":[{\"@type\":\"WebPage\",\"@id\":\"https:\/\/exceladvisor.org\/de\/rund\/\",\"url\":\"https:\/\/exceladvisor.org\/de\/rund\/\",\"name\":\"Wie verwende ich die MROUND-Funktion in Excel? (Beispiel)\",\"isPartOf\":{\"@id\":\"https:\/\/exceladvisor.org\/de\/#website\"},\"primaryImageOfPage\":{\"@id\":\"https:\/\/exceladvisor.org\/de\/rund\/#primaryimage\"},\"image\":{\"@id\":\"https:\/\/exceladvisor.org\/de\/rund\/#primaryimage\"},\"thumbnailUrl\":\"https:\/\/exceladvisor.org\/wp-content\/uploads\/2023\/08\/1-fonction-ronde-2.png\",\"datePublished\":\"2023-10-15T11:45:18+00:00\",\"dateModified\":\"2023-12-03T13:05:58+00:00\",\"description\":\"Ein schnelles und einfaches Tutorial zum Erlernen der Verwendung der MROUND-Funktion in Excel.\",\"breadcrumb\":{\"@id\":\"https:\/\/exceladvisor.org\/de\/rund\/#breadcrumb\"},\"inLanguage\":\"de\",\"potentialAction\":[{\"@type\":\"ReadAction\",\"target\":[\"https:\/\/exceladvisor.org\/de\/rund\/\"]}]},{\"@type\":\"ImageObject\",\"inLanguage\":\"de\",\"@id\":\"https:\/\/exceladvisor.org\/de\/rund\/#primaryimage\",\"url\":\"https:\/\/exceladvisor.org\/wp-content\/uploads\/2023\/08\/1-fonction-ronde-2.png\",\"contentUrl\":\"https:\/\/exceladvisor.org\/wp-content\/uploads\/2023\/08\/1-fonction-ronde-2.png\"},{\"@type\":\"BreadcrumbList\",\"@id\":\"https:\/\/exceladvisor.org\/de\/rund\/#breadcrumb\",\"itemListElement\":[{\"@type\":\"ListItem\",\"position\":1,\"name\":\"Accueil\",\"item\":\"https:\/\/exceladvisor.org\/de\/\"},{\"@type\":\"ListItem\",\"position\":2,\"name\":\"Wie verwende ich die mround-funktion in excel?\"}]},{\"@type\":\"WebSite\",\"@id\":\"https:\/\/exceladvisor.org\/de\/#website\",\"url\":\"https:\/\/exceladvisor.org\/de\/\",\"name\":\"Excel Advisor\",\"description\":\"Ihr Leitfaden zur Datendominanz\",\"publisher\":{\"@id\":\"https:\/\/exceladvisor.org\/de\/#organization\"},\"potentialAction\":[{\"@type\":\"SearchAction\",\"target\":{\"@type\":\"EntryPoint\",\"urlTemplate\":\"https:\/\/exceladvisor.org\/de\/?s={search_term_string}\"},\"query-input\":{\"@type\":\"PropertyValueSpecification\",\"valueRequired\":true,\"valueName\":\"search_term_string\"}}],\"inLanguage\":\"de\"},{\"@type\":\"Organization\",\"@id\":\"https:\/\/exceladvisor.org\/de\/#organization\",\"name\":\"Excel Advisor\",\"url\":\"https:\/\/exceladvisor.org\/de\/\",\"logo\":{\"@type\":\"ImageObject\",\"inLanguage\":\"de\",\"@id\":\"https:\/\/exceladvisor.org\/de\/#\/schema\/logo\/image\/\",\"url\":\"https:\/\/exceladvisor.org\/de\/wp-content\/uploads\/2023\/11\/exceladvisor.org_.png\",\"contentUrl\":\"https:\/\/exceladvisor.org\/de\/wp-content\/uploads\/2023\/11\/exceladvisor.org_.png\",\"width\":105,\"height\":36,\"caption\":\"Excel Advisor\"},\"image\":{\"@id\":\"https:\/\/exceladvisor.org\/de\/#\/schema\/logo\/image\/\"}}]}<\/script>\n<!-- \/ Yoast SEO plugin. -->","yoast_head_json":{"title":"Wie verwende ich die MROUND-Funktion in Excel? (Beispiel)","description":"Ein schnelles und einfaches Tutorial zum Erlernen der Verwendung der MROUND-Funktion in Excel.","robots":{"index":"index","follow":"follow","max-snippet":"max-snippet:-1","max-image-preview":"max-image-preview:large","max-video-preview":"max-video-preview:-1"},"canonical":"https:\/\/exceladvisor.org\/de\/rund\/","og_locale":"de_DE","og_type":"article","og_title":"Wie verwende ich die MROUND-Funktion in Excel? (Beispiel)","og_description":"Ein schnelles und einfaches Tutorial zum Erlernen der Verwendung der MROUND-Funktion in Excel.","og_url":"https:\/\/exceladvisor.org\/de\/rund\/","og_site_name":"Excel Advisor","article_modified_time":"2023-12-03T13:05:58+00:00","og_image":[{"url":"https:\/\/exceladvisor.org\/wp-content\/uploads\/2023\/08\/1-fonction-ronde-2.png","type":"","width":"","height":""}],"twitter_card":"summary_large_image","twitter_misc":{"Gesch\u00e4tzte Lesezeit":"1\u00a0Minute"},"schema":{"@context":"https:\/\/schema.org","@graph":[{"@type":"WebPage","@id":"https:\/\/exceladvisor.org\/de\/rund\/","url":"https:\/\/exceladvisor.org\/de\/rund\/","name":"Wie verwende ich die MROUND-Funktion in Excel? (Beispiel)","isPartOf":{"@id":"https:\/\/exceladvisor.org\/de\/#website"},"primaryImageOfPage":{"@id":"https:\/\/exceladvisor.org\/de\/rund\/#primaryimage"},"image":{"@id":"https:\/\/exceladvisor.org\/de\/rund\/#primaryimage"},"thumbnailUrl":"https:\/\/exceladvisor.org\/wp-content\/uploads\/2023\/08\/1-fonction-ronde-2.png","datePublished":"2023-10-15T11:45:18+00:00","dateModified":"2023-12-03T13:05:58+00:00","description":"Ein schnelles und einfaches Tutorial zum Erlernen der Verwendung der MROUND-Funktion in Excel.","breadcrumb":{"@id":"https:\/\/exceladvisor.org\/de\/rund\/#breadcrumb"},"inLanguage":"de","potentialAction":[{"@type":"ReadAction","target":["https:\/\/exceladvisor.org\/de\/rund\/"]}]},{"@type":"ImageObject","inLanguage":"de","@id":"https:\/\/exceladvisor.org\/de\/rund\/#primaryimage","url":"https:\/\/exceladvisor.org\/wp-content\/uploads\/2023\/08\/1-fonction-ronde-2.png","contentUrl":"https:\/\/exceladvisor.org\/wp-content\/uploads\/2023\/08\/1-fonction-ronde-2.png"},{"@type":"BreadcrumbList","@id":"https:\/\/exceladvisor.org\/de\/rund\/#breadcrumb","itemListElement":[{"@type":"ListItem","position":1,"name":"Accueil","item":"https:\/\/exceladvisor.org\/de\/"},{"@type":"ListItem","position":2,"name":"Wie verwende ich die mround-funktion in excel?"}]},{"@type":"WebSite","@id":"https:\/\/exceladvisor.org\/de\/#website","url":"https:\/\/exceladvisor.org\/de\/","name":"Excel Advisor","description":"Ihr Leitfaden zur Datendominanz","publisher":{"@id":"https:\/\/exceladvisor.org\/de\/#organization"},"potentialAction":[{"@type":"SearchAction","target":{"@type":"EntryPoint","urlTemplate":"https:\/\/exceladvisor.org\/de\/?s={search_term_string}"},"query-input":{"@type":"PropertyValueSpecification","valueRequired":true,"valueName":"search_term_string"}}],"inLanguage":"de"},{"@type":"Organization","@id":"https:\/\/exceladvisor.org\/de\/#organization","name":"Excel Advisor","url":"https:\/\/exceladvisor.org\/de\/","logo":{"@type":"ImageObject","inLanguage":"de","@id":"https:\/\/exceladvisor.org\/de\/#\/schema\/logo\/image\/","url":"https:\/\/exceladvisor.org\/de\/wp-content\/uploads\/2023\/11\/exceladvisor.org_.png","contentUrl":"https:\/\/exceladvisor.org\/de\/wp-content\/uploads\/2023\/11\/exceladvisor.org_.png","width":105,"height":36,"caption":"Excel Advisor"},"image":{"@id":"https:\/\/exceladvisor.org\/de\/#\/schema\/logo\/image\/"}}]}},"yoast_meta":{"yoast_wpseo_title":"","yoast_wpseo_metadesc":"","yoast_wpseo_canonical":""},"_links":{"self":[{"href":"https:\/\/exceladvisor.org\/de\/wp-json\/wp\/v2\/pages\/3607","targetHints":{"allow":["GET"]}}],"collection":[{"href":"https:\/\/exceladvisor.org\/de\/wp-json\/wp\/v2\/pages"}],"about":[{"href":"https:\/\/exceladvisor.org\/de\/wp-json\/wp\/v2\/types\/page"}],"author":[{"embeddable":true,"href":"https:\/\/exceladvisor.org\/de\/wp-json\/wp\/v2\/users\/1"}],"replies":[{"embeddable":true,"href":"https:\/\/exceladvisor.org\/de\/wp-json\/wp\/v2\/comments?post=3607"}],"version-history":[{"count":1,"href":"https:\/\/exceladvisor.org\/de\/wp-json\/wp\/v2\/pages\/3607\/revisions"}],"predecessor-version":[{"id":4248,"href":"https:\/\/exceladvisor.org\/de\/wp-json\/wp\/v2\/pages\/3607\/revisions\/4248"}],"wp:attachment":[{"href":"https:\/\/exceladvisor.org\/de\/wp-json\/wp\/v2\/media?parent=3607"}],"curies":[{"name":"wp","href":"https:\/\/api.w.org\/{rel}","templated":true}]}}