{"id":3609,"date":"2023-10-15T10:48:02","date_gmt":"2023-10-15T10:48:02","guid":{"rendered":"https:\/\/exceladvisor.org\/de\/summen-2\/"},"modified":"2023-12-03T13:06:03","modified_gmt":"2023-12-03T13:06:03","slug":"summen-2","status":"publish","type":"page","link":"https:\/\/exceladvisor.org\/de\/summen-2\/","title":{"rendered":"Wie verwende ich die sumifs-funktion in excel?"},"content":{"rendered":"<div class=\"excel-vor-dem-inhalt\" id=\"excel-2150237046\"><script type=\"text\/javascript\">\r\n\tatOptions = {\r\n\t\t'key' : 'c1158f160081d6540a8409e6925dab94',\r\n\t\t'format' : 'iframe',\r\n\t\t'height' : 250,\r\n\t\t'width' : 300,\r\n\t\t'params' : {}\r\n\t};\r\n<\/script>\r\n<script type=\"text\/javascript\" src=\"\/\/www.highperformanceformat.com\/c1158f160081d6540a8409e6925dab94\/invoke.js\"><\/script><\/div> <p>SUMIFS <strong>gibt die Summe der Zahlen zur\u00fcck, die mehrere von Ihnen angegebene Bedingungen erf\u00fcllen<\/strong> . Ja, Sie k\u00f6nnen mehrere Bedingungen zum Testen angeben. Im Gegensatz zu SUMIF k\u00f6nnen Sie mehrere Bedingungen definieren und nur Werte summieren, die alle diese Bedingungen erf\u00fcllen. <\/p><div class=\"wp-block-image\"><figure class=\"aligncenter size-full is-resized\"><img loading=\"lazy\" decoding=\"async\" class=\"wp-image-72738\" src=\"https:\/\/exceladvisor.org\/wp-content\/uploads\/2023\/08\/1-fonction-sumifs.png\" sizes=\"auto, \" srcset=\"\" alt=\"Sumiffunktion\" width=\"588\" height=\"167\"><\/figure><\/div><h2 class=\"wp-block-heading\"> Syntax<\/h2><p> <em>SUMIFS(sum_range, Kriterien_Bereich1, Kriterien1, [Kriterien_Bereich2, Kriterien2], \u2026)<\/em><\/p><h2 class=\"wp-block-heading\"> Argumente<\/h2><ul><li> <strong>[sum_range]<\/strong> : Ein Bereich von Zellen und Werten, die Sie summieren m\u00f6chten.<\/li><li> <strong>Kriterien_Bereich1<\/strong> : ein Bereich, aus dem Sie die Kriterien testen m\u00f6chten.<\/li><li> <strong>Kriterium1<\/strong> : ein Kriterium, das eine Zahl, ein Text, ein Ausdruck, ein Zellbezug oder eine Funktion sein kann.<\/li><li> <strong>[criteria_range2]<\/strong> : Bereich, aus dem Sie die Kriterien testen m\u00f6chten.<\/li><li> <strong>[Kriterium2]<\/strong> : ein Kriterium, das eine Zahl, ein Text, ein Ausdruck, ein Zellbezug oder eine Funktion sein kann.<\/li><\/ul><h2 class=\"wp-block-heading\"> Beispiel<\/h2><p> Im folgenden Beispiel haben wir drei verschiedene Kriterien verwendet, um die Spalten A, B und C zu \u00fcberpr\u00fcfen, und es wurde die Summe der Werte in Spalte E zur\u00fcckgegeben, die diese Kriterien erf\u00fcllen. <\/p><div class=\"wp-block-image\"><figure class=\"aligncenter size-full is-resized\"><img loading=\"lazy\" decoding=\"async\" class=\"wp-image-72739\" src=\"https:\/\/exceladvisor.org\/wp-content\/uploads\/2023\/08\/2-trois-criteres-differents-pour-les-sumifs.png\" sizes=\"auto, \" srcset=\"\" alt=\"drei-verschiedene-kriterien-f\u00fcr-summen\" width=\"593\" height=\"587\"><\/figure><\/div><p> Im folgenden Beispiel haben wir <a href=\"https:\/\/exceladvisor.org\/de\/platzhalter-2\/\" data-wpil=\"url\">Platzhalter<\/a> verwendet, um drei verschiedene Kriterien anzugeben. <\/p><div class=\"wp-block-image\"><figure class=\"aligncenter size-full is-resized\"><img loading=\"lazy\" decoding=\"async\" class=\"wp-image-72740\" src=\"https:\/\/exceladvisor.org\/wp-content\/uploads\/2023\/08\/3-caracteres-sauvages-avec-sumif.png\" sizes=\"auto, \" srcset=\"\" alt=\"Platzhalterzeichen-mit-Summenzeichen\" width=\"596\" height=\"569\"><\/figure><\/div><ul><li> Der erste Kriterienbereich ist A2:A9 und die Kriterien in Zelle A12 addieren nur die Zellen, die das Alphabet O haben.<\/li><li> Der zweite Kriterienbereich umfasst die Kriterien B2:B9 und Zelle B12, die nur Zellen summieren, die das Alphabet P enthalten. Er gilt f\u00fcr alle Zellen, die Bedingung 1 erf\u00fcllen.<\/li><li> Der dritte Kriterienbereich ist C2:C9 und das Kriterium in Zelle C12, das Zellen mit einem beliebigen Werttyp summiert. Dies gilt f\u00fcr alle Zellen, die die Bedingungen 1 und 2 erf\u00fcllen.<\/li><\/ul><h2 class=\"wp-block-heading\"> Kommentare<\/h2><ol type=\"1\"><li> Die Gr\u00f6\u00dfe des Kriterienbereichs und des Summenbereichs m\u00fcssen gleich gro\u00df sein.<\/li><li> Wenn Sie die Angabe des SUM-Bereichs ignorieren, werden die Kriterienbereichswerte summiert, die die Kriterien erf\u00fcllen.<\/li><\/ol><div class=\"more-box myList\"><p> <strong>Mehr Beispiele<\/strong><\/p><ul style=\"list-style-type: circle;\"><li> <a href=\"https:\/\/exceladvisor.org\/de\/summe-der-werte-zwischen-zwei-daten\/\">SUMIFS-Datumsbereich<\/a><\/li><li> <a href=\"https:\/\/exceladvisor.org\/de\/sumif-sumifs-oder-logik\/\">SUMIFS mit ODER-Logik<\/a><\/li><li> <a href=\"https:\/\/exceladvisor.org\/de\/summen-nicht-gleich\/\">Summe ungleicher Werte (SUMIFS)<\/a><\/li><\/ul><\/div>","protected":false},"excerpt":{"rendered":"","protected":false},"author":1,"featured_media":0,"parent":0,"menu_order":0,"comment_status":"open","ping_status":"closed","template":"","meta":{"ub_ctt_via":"","footnotes":""},"class_list":["post-3609","page","type-page","status-publish","hentry"],"featured_image_src":null,"yoast_head":"<!-- This site is optimized with the Yoast SEO plugin v25.4 - https:\/\/yoast.com\/wordpress\/plugins\/seo\/ -->\n<title>Wie verwende ich die SUMIFS-Funktion in Excel? (Mit Beispiel)<\/title>\n<meta name=\"description\" content=\"Ein schnelles und einfaches Tutorial zum Erlernen der Verwendung der SUMIFS-Funktion in Excel.\" \/>\n<meta name=\"robots\" content=\"index, follow, max-snippet:-1, max-image-preview:large, max-video-preview:-1\" \/>\n<link rel=\"canonical\" href=\"https:\/\/exceladvisor.org\/de\/summen-2\/\" \/>\n<meta property=\"og:locale\" content=\"de_DE\" \/>\n<meta property=\"og:type\" content=\"article\" \/>\n<meta property=\"og:title\" content=\"Wie verwende ich die SUMIFS-Funktion in Excel? (Mit Beispiel)\" \/>\n<meta property=\"og:description\" content=\"Ein schnelles und einfaches Tutorial zum Erlernen der Verwendung der SUMIFS-Funktion in Excel.\" \/>\n<meta property=\"og:url\" content=\"https:\/\/exceladvisor.org\/de\/summen-2\/\" \/>\n<meta property=\"og:site_name\" content=\"Excel Advisor\" \/>\n<meta property=\"article:modified_time\" content=\"2023-12-03T13:06:03+00:00\" \/>\n<meta property=\"og:image\" content=\"https:\/\/exceladvisor.org\/wp-content\/uploads\/2023\/08\/1-fonction-sumifs.png\" \/>\n<meta name=\"twitter:card\" content=\"summary_large_image\" \/>\n<meta name=\"twitter:label1\" content=\"Gesch\u00e4tzte Lesezeit\" \/>\n\t<meta name=\"twitter:data1\" content=\"1\u00a0Minute\" \/>\n<script type=\"application\/ld+json\" class=\"yoast-schema-graph\">{\"@context\":\"https:\/\/schema.org\",\"@graph\":[{\"@type\":\"WebPage\",\"@id\":\"https:\/\/exceladvisor.org\/de\/summen-2\/\",\"url\":\"https:\/\/exceladvisor.org\/de\/summen-2\/\",\"name\":\"Wie verwende ich die SUMIFS-Funktion in Excel? (Mit Beispiel)\",\"isPartOf\":{\"@id\":\"https:\/\/exceladvisor.org\/de\/#website\"},\"primaryImageOfPage\":{\"@id\":\"https:\/\/exceladvisor.org\/de\/summen-2\/#primaryimage\"},\"image\":{\"@id\":\"https:\/\/exceladvisor.org\/de\/summen-2\/#primaryimage\"},\"thumbnailUrl\":\"https:\/\/exceladvisor.org\/wp-content\/uploads\/2023\/08\/1-fonction-sumifs.png\",\"datePublished\":\"2023-10-15T10:48:02+00:00\",\"dateModified\":\"2023-12-03T13:06:03+00:00\",\"description\":\"Ein schnelles und einfaches Tutorial zum Erlernen der Verwendung der SUMIFS-Funktion in Excel.\",\"breadcrumb\":{\"@id\":\"https:\/\/exceladvisor.org\/de\/summen-2\/#breadcrumb\"},\"inLanguage\":\"de\",\"potentialAction\":[{\"@type\":\"ReadAction\",\"target\":[\"https:\/\/exceladvisor.org\/de\/summen-2\/\"]}]},{\"@type\":\"ImageObject\",\"inLanguage\":\"de\",\"@id\":\"https:\/\/exceladvisor.org\/de\/summen-2\/#primaryimage\",\"url\":\"https:\/\/exceladvisor.org\/wp-content\/uploads\/2023\/08\/1-fonction-sumifs.png\",\"contentUrl\":\"https:\/\/exceladvisor.org\/wp-content\/uploads\/2023\/08\/1-fonction-sumifs.png\"},{\"@type\":\"BreadcrumbList\",\"@id\":\"https:\/\/exceladvisor.org\/de\/summen-2\/#breadcrumb\",\"itemListElement\":[{\"@type\":\"ListItem\",\"position\":1,\"name\":\"Accueil\",\"item\":\"https:\/\/exceladvisor.org\/de\/\"},{\"@type\":\"ListItem\",\"position\":2,\"name\":\"Wie verwende ich die sumifs-funktion in excel?\"}]},{\"@type\":\"WebSite\",\"@id\":\"https:\/\/exceladvisor.org\/de\/#website\",\"url\":\"https:\/\/exceladvisor.org\/de\/\",\"name\":\"Excel Advisor\",\"description\":\"Ihr Leitfaden zur Datendominanz\",\"publisher\":{\"@id\":\"https:\/\/exceladvisor.org\/de\/#organization\"},\"potentialAction\":[{\"@type\":\"SearchAction\",\"target\":{\"@type\":\"EntryPoint\",\"urlTemplate\":\"https:\/\/exceladvisor.org\/de\/?s={search_term_string}\"},\"query-input\":{\"@type\":\"PropertyValueSpecification\",\"valueRequired\":true,\"valueName\":\"search_term_string\"}}],\"inLanguage\":\"de\"},{\"@type\":\"Organization\",\"@id\":\"https:\/\/exceladvisor.org\/de\/#organization\",\"name\":\"Excel Advisor\",\"url\":\"https:\/\/exceladvisor.org\/de\/\",\"logo\":{\"@type\":\"ImageObject\",\"inLanguage\":\"de\",\"@id\":\"https:\/\/exceladvisor.org\/de\/#\/schema\/logo\/image\/\",\"url\":\"https:\/\/exceladvisor.org\/de\/wp-content\/uploads\/2023\/11\/exceladvisor.org_.png\",\"contentUrl\":\"https:\/\/exceladvisor.org\/de\/wp-content\/uploads\/2023\/11\/exceladvisor.org_.png\",\"width\":105,\"height\":36,\"caption\":\"Excel Advisor\"},\"image\":{\"@id\":\"https:\/\/exceladvisor.org\/de\/#\/schema\/logo\/image\/\"}}]}<\/script>\n<!-- \/ Yoast SEO plugin. -->","yoast_head_json":{"title":"Wie verwende ich die SUMIFS-Funktion in Excel? (Mit Beispiel)","description":"Ein schnelles und einfaches Tutorial zum Erlernen der Verwendung der SUMIFS-Funktion in Excel.","robots":{"index":"index","follow":"follow","max-snippet":"max-snippet:-1","max-image-preview":"max-image-preview:large","max-video-preview":"max-video-preview:-1"},"canonical":"https:\/\/exceladvisor.org\/de\/summen-2\/","og_locale":"de_DE","og_type":"article","og_title":"Wie verwende ich die SUMIFS-Funktion in Excel? (Mit Beispiel)","og_description":"Ein schnelles und einfaches Tutorial zum Erlernen der Verwendung der SUMIFS-Funktion in Excel.","og_url":"https:\/\/exceladvisor.org\/de\/summen-2\/","og_site_name":"Excel Advisor","article_modified_time":"2023-12-03T13:06:03+00:00","og_image":[{"url":"https:\/\/exceladvisor.org\/wp-content\/uploads\/2023\/08\/1-fonction-sumifs.png","type":"","width":"","height":""}],"twitter_card":"summary_large_image","twitter_misc":{"Gesch\u00e4tzte Lesezeit":"1\u00a0Minute"},"schema":{"@context":"https:\/\/schema.org","@graph":[{"@type":"WebPage","@id":"https:\/\/exceladvisor.org\/de\/summen-2\/","url":"https:\/\/exceladvisor.org\/de\/summen-2\/","name":"Wie verwende ich die SUMIFS-Funktion in Excel? (Mit Beispiel)","isPartOf":{"@id":"https:\/\/exceladvisor.org\/de\/#website"},"primaryImageOfPage":{"@id":"https:\/\/exceladvisor.org\/de\/summen-2\/#primaryimage"},"image":{"@id":"https:\/\/exceladvisor.org\/de\/summen-2\/#primaryimage"},"thumbnailUrl":"https:\/\/exceladvisor.org\/wp-content\/uploads\/2023\/08\/1-fonction-sumifs.png","datePublished":"2023-10-15T10:48:02+00:00","dateModified":"2023-12-03T13:06:03+00:00","description":"Ein schnelles und einfaches Tutorial zum Erlernen der Verwendung der SUMIFS-Funktion in Excel.","breadcrumb":{"@id":"https:\/\/exceladvisor.org\/de\/summen-2\/#breadcrumb"},"inLanguage":"de","potentialAction":[{"@type":"ReadAction","target":["https:\/\/exceladvisor.org\/de\/summen-2\/"]}]},{"@type":"ImageObject","inLanguage":"de","@id":"https:\/\/exceladvisor.org\/de\/summen-2\/#primaryimage","url":"https:\/\/exceladvisor.org\/wp-content\/uploads\/2023\/08\/1-fonction-sumifs.png","contentUrl":"https:\/\/exceladvisor.org\/wp-content\/uploads\/2023\/08\/1-fonction-sumifs.png"},{"@type":"BreadcrumbList","@id":"https:\/\/exceladvisor.org\/de\/summen-2\/#breadcrumb","itemListElement":[{"@type":"ListItem","position":1,"name":"Accueil","item":"https:\/\/exceladvisor.org\/de\/"},{"@type":"ListItem","position":2,"name":"Wie verwende ich die sumifs-funktion in excel?"}]},{"@type":"WebSite","@id":"https:\/\/exceladvisor.org\/de\/#website","url":"https:\/\/exceladvisor.org\/de\/","name":"Excel Advisor","description":"Ihr Leitfaden zur Datendominanz","publisher":{"@id":"https:\/\/exceladvisor.org\/de\/#organization"},"potentialAction":[{"@type":"SearchAction","target":{"@type":"EntryPoint","urlTemplate":"https:\/\/exceladvisor.org\/de\/?s={search_term_string}"},"query-input":{"@type":"PropertyValueSpecification","valueRequired":true,"valueName":"search_term_string"}}],"inLanguage":"de"},{"@type":"Organization","@id":"https:\/\/exceladvisor.org\/de\/#organization","name":"Excel Advisor","url":"https:\/\/exceladvisor.org\/de\/","logo":{"@type":"ImageObject","inLanguage":"de","@id":"https:\/\/exceladvisor.org\/de\/#\/schema\/logo\/image\/","url":"https:\/\/exceladvisor.org\/de\/wp-content\/uploads\/2023\/11\/exceladvisor.org_.png","contentUrl":"https:\/\/exceladvisor.org\/de\/wp-content\/uploads\/2023\/11\/exceladvisor.org_.png","width":105,"height":36,"caption":"Excel Advisor"},"image":{"@id":"https:\/\/exceladvisor.org\/de\/#\/schema\/logo\/image\/"}}]}},"yoast_meta":{"yoast_wpseo_title":"","yoast_wpseo_metadesc":"","yoast_wpseo_canonical":""},"_links":{"self":[{"href":"https:\/\/exceladvisor.org\/de\/wp-json\/wp\/v2\/pages\/3609","targetHints":{"allow":["GET"]}}],"collection":[{"href":"https:\/\/exceladvisor.org\/de\/wp-json\/wp\/v2\/pages"}],"about":[{"href":"https:\/\/exceladvisor.org\/de\/wp-json\/wp\/v2\/types\/page"}],"author":[{"embeddable":true,"href":"https:\/\/exceladvisor.org\/de\/wp-json\/wp\/v2\/users\/1"}],"replies":[{"embeddable":true,"href":"https:\/\/exceladvisor.org\/de\/wp-json\/wp\/v2\/comments?post=3609"}],"version-history":[{"count":1,"href":"https:\/\/exceladvisor.org\/de\/wp-json\/wp\/v2\/pages\/3609\/revisions"}],"predecessor-version":[{"id":4253,"href":"https:\/\/exceladvisor.org\/de\/wp-json\/wp\/v2\/pages\/3609\/revisions\/4253"}],"wp:attachment":[{"href":"https:\/\/exceladvisor.org\/de\/wp-json\/wp\/v2\/media?parent=3609"}],"curies":[{"name":"wp","href":"https:\/\/api.w.org\/{rel}","templated":true}]}}