{"id":3610,"date":"2023-10-15T00:07:10","date_gmt":"2023-10-15T00:07:10","guid":{"rendered":"https:\/\/exceladvisor.org\/de\/vollig-rechtfertigen\/"},"modified":"2023-12-03T11:21:19","modified_gmt":"2023-12-03T11:21:19","slug":"vollig-rechtfertigen","status":"publish","type":"page","link":"https:\/\/exceladvisor.org\/de\/vollig-rechtfertigen\/","title":{"rendered":"Wie f\u00fcge ich text aus mehreren zellen zusammen?"},"content":{"rendered":"<div class=\"excel-vor-dem-inhalt\" id=\"excel-678534894\"><script type=\"text\/javascript\">\r\n\tatOptions = {\r\n\t\t'key' : 'c1158f160081d6540a8409e6925dab94',\r\n\t\t'format' : 'iframe',\r\n\t\t'height' : 250,\r\n\t\t'width' : 300,\r\n\t\t'params' : {}\r\n\t};\r\n<\/script>\r\n<script type=\"text\/javascript\" src=\"\/\/www.highperformanceformat.com\/c1158f160081d6540a8409e6925dab94\/invoke.js\"><\/script><\/div> <p>Das Abschlie\u00dfen des Begr\u00fcndungsprozesses ist eine zeitsparende Option in Excel. Der Hauptzweck der Verwendung der Auff\u00fcllausrichtung in Excel besteht darin, Daten aus mehreren Zellen in einer einzigen Zelle zusammenzufassen.<\/p><p> Wenn Sie eine alternative Methode zum Zusammenf\u00fchren von Text in einer Zelle haben, teilen Sie diese mit uns. Die Vervollst\u00e4ndigung der Begr\u00fcndung bleibt jedoch die bevorzugte Option. Heute erfahren Sie in diesem Artikel, wie Sie mithilfe der Auff\u00fcllausrichtung Text aus mehreren Zellen in einer einzigen Zelle zusammenf\u00fchren.<\/p><p> Also fangen wir an (dies ist einer dieser <a style=\"outline: none;\" href=\"https:\/\/exceladvisor.org\/de\/beratung\/\" data-wpil=\"url\">Excel-Tipps<\/a> , die dabei helfen k\u00f6nnen, <a href=\"https:\/\/exceladvisor.org\/de\/hervorragende-fahigkeiten\/\">grundlegende Excel-Kenntnisse<\/a> zu verbessern).<\/p><h2 id=\"tab-con-1\" class=\"wp-block-heading\"> Kurze Einf\u00fchrung:<\/h2><p> Nehmen wir ein Beispiel, um zu verstehen, wie n\u00fctzlich das Ausf\u00fcllen der Begr\u00fcndungsoption f\u00fcr uns ist, um Daten aus mehreren Zellen zusammenzuf\u00fchren.<\/p><p> Unten sehen Sie Text in drei Zellen. Wenn Sie jedoch genau hinsehen, handelt es sich bei dem Text in verschiedenen Zellen um einen einzigen Satz. Und als wir versuchten, sie mithilfe der Zusammenf\u00fchrung zu kombinieren, bekamen wir gerade den Text aus der ersten Zelle. <\/p><div class=\"wp-block-image\"><figure class=\"aligncenter\"><img decoding=\"async\" src=\"https:\/\/exceladvisor.org\/wp-content\/uploads\/2023\/08\/Remplir-la-justification-peut-nous-aider-a-fusionner-les-donnees-dans-une-seule-cellule-2.gif\" sizes=\"\" srcset=\"\" alt=\"Verwenden Sie \u201eAusf\u00fcllen\u201c in Excel, um Text in einer Zelle zusammenzuf\u00fchren\"><\/figure><\/div><p> Mit der Padding-Ausrichtung k\u00f6nnen Sie jedoch den gesamten Text kombinieren, wie unten dargestellt. <\/p><div class=\"wp-block-image\"><figure class=\"aligncenter\"><img decoding=\"async\" src=\"https:\/\/exceladvisor.org\/wp-content\/uploads\/2023\/08\/Remplir-la-justification-peut-nous-aider-a-fusionner-les-donnees-dans-une-seule-cellule-3.png\" sizes=\"\" srcset=\"\" alt=\"Verwenden Sie \u201eAusf\u00fcllen\u201c in Excel, um Text in einer Zelle zusammenzuf\u00fchren\"><\/figure><\/div><h2 id=\"tab-con-2\" class=\"wp-block-heading\"> Wie benutzt man<\/h2><p> Befolgen Sie diese einfachen Schritte, um kombinierten Text mit F\u00fcllausrichtung zu verwenden.<\/p><ol><li> Stellen Sie zun\u00e4chst sicher, dass die Spalte, in der Ihr Text erfasst wird, breit genug ist, um den gesamten Text in einer einzigen Zelle zu speichern.<\/li><li> W\u00e4hlen Sie nun alle Zellen aus, in denen der Text gespeichert ist.<\/li><li> Gehen Sie zur Registerkarte \u201eStartseite\u201c -&gt; \u201eGruppe bearbeiten\u201c -&gt; \u201eF\u00fcllen\u201c -&gt; \u201eAusrichten\u201c.<\/li><li> Jetzt werden Ihre ausgew\u00e4hlten Daten aus mehreren Zellen in eine einzelne Zelle umgewandelt. <\/li><\/ol><div class=\"wp-block-image\"><figure class=\"aligncenter\"><img decoding=\"async\" src=\"https:\/\/exceladvisor.org\/wp-content\/uploads\/2023\/08\/Remplir-la-justification-peut-nous-aider-a-fusionner-les-donnees-dans-une-seule-cellule-4.gif\" sizes=\"\" srcset=\"\" alt=\"F\u00fcllen Sie die Option \u201eAusrichten\u201c aus, um sie durch die Zusammenf\u00fchrungsoption zu ersetzen\"><\/figure><\/div><h2 id=\"tab-con-3\" class=\"wp-block-heading\"> Tastenk\u00fcrzel<\/h2><p> Sie k\u00f6nnen zum Anwenden der F\u00fcllausrichtung auch <a href=\"https:\/\/exceladvisor.org\/de\/tastaturkurzel\/\">eine Tastenkombination verwenden<\/a> : <kbd>Alt \u279c E \u279c I \u279c J<\/kbd><\/p><h2 id=\"tab-con-4\" class=\"wp-block-heading\"> Wichtige Punkte<\/h2><ol><li> Sie k\u00f6nnen Daten nur in Textform zusammenf\u00fchren. Zahlen k\u00f6nnen mithilfe der Auff\u00fcllausrichtung nicht in einer einzelnen Zelle zusammengef\u00fchrt werden.<\/li><li> Es k\u00f6nnen nur 255 Zeichen in einer einzigen Zelle zusammengef\u00fchrt werden. Wenn Sie mehr als 255 Zeichen haben, werden die restlichen Zeichen nicht in die Zelle eingef\u00fcgt.<\/li><li> Die Spaltenbreite ist ein sehr wichtiger Faktor bei der Verwendung der Auff\u00fcllausrichtung.<\/li><\/ol><div class=\"gb-container gb-container-4db6181c gb-container-mt\"> <a class=\"gb-button gb-button-c5897111 gb-button-text gb-button-mt-button\" href=\"https:\/\/exceladvisor.org\/de\/excel-grundlagen\/\">Microsoft Excel-Grundlagen (Komponenten, Teile und Wissenshinweise)<\/a><h2 class=\"gb-headline gb-headline-665e5f6b gb-headline-text gb-headline-mt-heading\"> Verwandte Tutorials <\/h2><div class=\"gb-grid-wrapper gb-grid-wrapper-a20baf7c gb-grid-wrapper-mt-grid\"><div class=\"gb-grid-column gb-grid-column-65ddf67e\"><div class=\"gb-container gb-container-65ddf67e\"><ul><li> <a href=\"https:\/\/exceladvisor.org\/de\/excel-formelleiste\/\">Formelleiste in Excel<\/a><\/li><li> <a href=\"https:\/\/exceladvisor.org\/de\/fugen-sie-eine-fusszeile-hinzu\/\">F\u00fcgen Sie in Excel eine Kopf- und Fu\u00dfzeile hinzu<\/a><\/li><li> <a href=\"https:\/\/exceladvisor.org\/de\/herrscher\/\">Lineal in Excel anzeigen<\/a><\/li><li> <a href=\"https:\/\/exceladvisor.org\/de\/fullgriff\/\">Handle in Excel ausf\u00fcllen<\/a><\/li><li> <a href=\"https:\/\/exceladvisor.org\/de\/malerformat\/\">Format Painter in Excel<\/a> <\/li><\/ul><\/div><\/div><div class=\"gb-grid-column gb-grid-column-50067b57\"><div class=\"gb-container gb-container-50067b57\"><\/div><\/div><\/div><\/div>","protected":false},"excerpt":{"rendered":"","protected":false},"author":1,"featured_media":0,"parent":0,"menu_order":0,"comment_status":"open","ping_status":"closed","template":"","meta":{"ub_ctt_via":"","footnotes":""},"class_list":["post-3610","page","type-page","status-publish","hentry"],"featured_image_src":null,"yoast_head":"<!-- This site is optimized with the Yoast SEO plugin v25.4 - https:\/\/yoast.com\/wordpress\/plugins\/seo\/ -->\n<title>Wie f\u00fcge ich Text aus mehreren Zellen zusammen? (Tutorial 2023)<\/title>\n<meta name=\"description\" content=\"Mithilfe der F\u00fcllausrichtung k\u00f6nnen Sie Text mit nur wenigen Mausklicks in einer Zelle zusammenf\u00fchren. Dies ist eines der erstaunlichsten Tools in Excel, die Sie verwenden k\u00f6nnen.\" \/>\n<meta name=\"robots\" content=\"index, follow, max-snippet:-1, max-image-preview:large, max-video-preview:-1\" \/>\n<link rel=\"canonical\" href=\"https:\/\/exceladvisor.org\/de\/vollig-rechtfertigen\/\" \/>\n<meta property=\"og:locale\" content=\"de_DE\" \/>\n<meta property=\"og:type\" content=\"article\" \/>\n<meta property=\"og:title\" content=\"Wie f\u00fcge ich Text aus mehreren Zellen zusammen? (Tutorial 2023)\" \/>\n<meta property=\"og:description\" content=\"Mithilfe der F\u00fcllausrichtung k\u00f6nnen Sie Text mit nur wenigen Mausklicks in einer Zelle zusammenf\u00fchren. Dies ist eines der erstaunlichsten Tools in Excel, die Sie verwenden k\u00f6nnen.\" \/>\n<meta property=\"og:url\" content=\"https:\/\/exceladvisor.org\/de\/vollig-rechtfertigen\/\" \/>\n<meta property=\"og:site_name\" content=\"Excel Advisor\" \/>\n<meta property=\"article:modified_time\" content=\"2023-12-03T11:21:19+00:00\" \/>\n<meta property=\"og:image\" content=\"https:\/\/exceladvisor.org\/wp-content\/uploads\/2023\/08\/Remplir-la-justification-peut-nous-aider-a-fusionner-les-donnees-dans-une-seule-cellule-2.gif\" \/>\n<meta name=\"twitter:card\" content=\"summary_large_image\" \/>\n<meta name=\"twitter:label1\" content=\"Gesch\u00e4tzte Lesezeit\" \/>\n\t<meta name=\"twitter:data1\" content=\"2\u00a0Minuten\" \/>\n<script type=\"application\/ld+json\" class=\"yoast-schema-graph\">{\"@context\":\"https:\/\/schema.org\",\"@graph\":[{\"@type\":\"WebPage\",\"@id\":\"https:\/\/exceladvisor.org\/de\/vollig-rechtfertigen\/\",\"url\":\"https:\/\/exceladvisor.org\/de\/vollig-rechtfertigen\/\",\"name\":\"Wie f\u00fcge ich Text aus mehreren Zellen zusammen? (Tutorial 2023)\",\"isPartOf\":{\"@id\":\"https:\/\/exceladvisor.org\/de\/#website\"},\"primaryImageOfPage\":{\"@id\":\"https:\/\/exceladvisor.org\/de\/vollig-rechtfertigen\/#primaryimage\"},\"image\":{\"@id\":\"https:\/\/exceladvisor.org\/de\/vollig-rechtfertigen\/#primaryimage\"},\"thumbnailUrl\":\"https:\/\/exceladvisor.org\/wp-content\/uploads\/2023\/08\/Remplir-la-justification-peut-nous-aider-a-fusionner-les-donnees-dans-une-seule-cellule-2.gif\",\"datePublished\":\"2023-10-15T00:07:10+00:00\",\"dateModified\":\"2023-12-03T11:21:19+00:00\",\"description\":\"Mithilfe der F\u00fcllausrichtung k\u00f6nnen Sie Text mit nur wenigen Mausklicks in einer Zelle zusammenf\u00fchren. Dies ist eines der erstaunlichsten Tools in Excel, die Sie verwenden k\u00f6nnen.\",\"breadcrumb\":{\"@id\":\"https:\/\/exceladvisor.org\/de\/vollig-rechtfertigen\/#breadcrumb\"},\"inLanguage\":\"de\",\"potentialAction\":[{\"@type\":\"ReadAction\",\"target\":[\"https:\/\/exceladvisor.org\/de\/vollig-rechtfertigen\/\"]}]},{\"@type\":\"ImageObject\",\"inLanguage\":\"de\",\"@id\":\"https:\/\/exceladvisor.org\/de\/vollig-rechtfertigen\/#primaryimage\",\"url\":\"https:\/\/exceladvisor.org\/wp-content\/uploads\/2023\/08\/Remplir-la-justification-peut-nous-aider-a-fusionner-les-donnees-dans-une-seule-cellule-2.gif\",\"contentUrl\":\"https:\/\/exceladvisor.org\/wp-content\/uploads\/2023\/08\/Remplir-la-justification-peut-nous-aider-a-fusionner-les-donnees-dans-une-seule-cellule-2.gif\"},{\"@type\":\"BreadcrumbList\",\"@id\":\"https:\/\/exceladvisor.org\/de\/vollig-rechtfertigen\/#breadcrumb\",\"itemListElement\":[{\"@type\":\"ListItem\",\"position\":1,\"name\":\"Accueil\",\"item\":\"https:\/\/exceladvisor.org\/de\/\"},{\"@type\":\"ListItem\",\"position\":2,\"name\":\"Wie f\u00fcge ich text aus mehreren zellen zusammen?\"}]},{\"@type\":\"WebSite\",\"@id\":\"https:\/\/exceladvisor.org\/de\/#website\",\"url\":\"https:\/\/exceladvisor.org\/de\/\",\"name\":\"Excel Advisor\",\"description\":\"Ihr Leitfaden zur Datendominanz\",\"publisher\":{\"@id\":\"https:\/\/exceladvisor.org\/de\/#organization\"},\"potentialAction\":[{\"@type\":\"SearchAction\",\"target\":{\"@type\":\"EntryPoint\",\"urlTemplate\":\"https:\/\/exceladvisor.org\/de\/?s={search_term_string}\"},\"query-input\":{\"@type\":\"PropertyValueSpecification\",\"valueRequired\":true,\"valueName\":\"search_term_string\"}}],\"inLanguage\":\"de\"},{\"@type\":\"Organization\",\"@id\":\"https:\/\/exceladvisor.org\/de\/#organization\",\"name\":\"Excel Advisor\",\"url\":\"https:\/\/exceladvisor.org\/de\/\",\"logo\":{\"@type\":\"ImageObject\",\"inLanguage\":\"de\",\"@id\":\"https:\/\/exceladvisor.org\/de\/#\/schema\/logo\/image\/\",\"url\":\"https:\/\/exceladvisor.org\/de\/wp-content\/uploads\/2023\/11\/exceladvisor.org_.png\",\"contentUrl\":\"https:\/\/exceladvisor.org\/de\/wp-content\/uploads\/2023\/11\/exceladvisor.org_.png\",\"width\":105,\"height\":36,\"caption\":\"Excel Advisor\"},\"image\":{\"@id\":\"https:\/\/exceladvisor.org\/de\/#\/schema\/logo\/image\/\"}}]}<\/script>\n<!-- \/ Yoast SEO plugin. -->","yoast_head_json":{"title":"Wie f\u00fcge ich Text aus mehreren Zellen zusammen? (Tutorial 2023)","description":"Mithilfe der F\u00fcllausrichtung k\u00f6nnen Sie Text mit nur wenigen Mausklicks in einer Zelle zusammenf\u00fchren. Dies ist eines der erstaunlichsten Tools in Excel, die Sie verwenden k\u00f6nnen.","robots":{"index":"index","follow":"follow","max-snippet":"max-snippet:-1","max-image-preview":"max-image-preview:large","max-video-preview":"max-video-preview:-1"},"canonical":"https:\/\/exceladvisor.org\/de\/vollig-rechtfertigen\/","og_locale":"de_DE","og_type":"article","og_title":"Wie f\u00fcge ich Text aus mehreren Zellen zusammen? (Tutorial 2023)","og_description":"Mithilfe der F\u00fcllausrichtung k\u00f6nnen Sie Text mit nur wenigen Mausklicks in einer Zelle zusammenf\u00fchren. Dies ist eines der erstaunlichsten Tools in Excel, die Sie verwenden k\u00f6nnen.","og_url":"https:\/\/exceladvisor.org\/de\/vollig-rechtfertigen\/","og_site_name":"Excel Advisor","article_modified_time":"2023-12-03T11:21:19+00:00","og_image":[{"url":"https:\/\/exceladvisor.org\/wp-content\/uploads\/2023\/08\/Remplir-la-justification-peut-nous-aider-a-fusionner-les-donnees-dans-une-seule-cellule-2.gif","type":"","width":"","height":""}],"twitter_card":"summary_large_image","twitter_misc":{"Gesch\u00e4tzte Lesezeit":"2\u00a0Minuten"},"schema":{"@context":"https:\/\/schema.org","@graph":[{"@type":"WebPage","@id":"https:\/\/exceladvisor.org\/de\/vollig-rechtfertigen\/","url":"https:\/\/exceladvisor.org\/de\/vollig-rechtfertigen\/","name":"Wie f\u00fcge ich Text aus mehreren Zellen zusammen? (Tutorial 2023)","isPartOf":{"@id":"https:\/\/exceladvisor.org\/de\/#website"},"primaryImageOfPage":{"@id":"https:\/\/exceladvisor.org\/de\/vollig-rechtfertigen\/#primaryimage"},"image":{"@id":"https:\/\/exceladvisor.org\/de\/vollig-rechtfertigen\/#primaryimage"},"thumbnailUrl":"https:\/\/exceladvisor.org\/wp-content\/uploads\/2023\/08\/Remplir-la-justification-peut-nous-aider-a-fusionner-les-donnees-dans-une-seule-cellule-2.gif","datePublished":"2023-10-15T00:07:10+00:00","dateModified":"2023-12-03T11:21:19+00:00","description":"Mithilfe der F\u00fcllausrichtung k\u00f6nnen Sie Text mit nur wenigen Mausklicks in einer Zelle zusammenf\u00fchren. Dies ist eines der erstaunlichsten Tools in Excel, die Sie verwenden k\u00f6nnen.","breadcrumb":{"@id":"https:\/\/exceladvisor.org\/de\/vollig-rechtfertigen\/#breadcrumb"},"inLanguage":"de","potentialAction":[{"@type":"ReadAction","target":["https:\/\/exceladvisor.org\/de\/vollig-rechtfertigen\/"]}]},{"@type":"ImageObject","inLanguage":"de","@id":"https:\/\/exceladvisor.org\/de\/vollig-rechtfertigen\/#primaryimage","url":"https:\/\/exceladvisor.org\/wp-content\/uploads\/2023\/08\/Remplir-la-justification-peut-nous-aider-a-fusionner-les-donnees-dans-une-seule-cellule-2.gif","contentUrl":"https:\/\/exceladvisor.org\/wp-content\/uploads\/2023\/08\/Remplir-la-justification-peut-nous-aider-a-fusionner-les-donnees-dans-une-seule-cellule-2.gif"},{"@type":"BreadcrumbList","@id":"https:\/\/exceladvisor.org\/de\/vollig-rechtfertigen\/#breadcrumb","itemListElement":[{"@type":"ListItem","position":1,"name":"Accueil","item":"https:\/\/exceladvisor.org\/de\/"},{"@type":"ListItem","position":2,"name":"Wie f\u00fcge ich text aus mehreren zellen zusammen?"}]},{"@type":"WebSite","@id":"https:\/\/exceladvisor.org\/de\/#website","url":"https:\/\/exceladvisor.org\/de\/","name":"Excel Advisor","description":"Ihr Leitfaden zur Datendominanz","publisher":{"@id":"https:\/\/exceladvisor.org\/de\/#organization"},"potentialAction":[{"@type":"SearchAction","target":{"@type":"EntryPoint","urlTemplate":"https:\/\/exceladvisor.org\/de\/?s={search_term_string}"},"query-input":{"@type":"PropertyValueSpecification","valueRequired":true,"valueName":"search_term_string"}}],"inLanguage":"de"},{"@type":"Organization","@id":"https:\/\/exceladvisor.org\/de\/#organization","name":"Excel Advisor","url":"https:\/\/exceladvisor.org\/de\/","logo":{"@type":"ImageObject","inLanguage":"de","@id":"https:\/\/exceladvisor.org\/de\/#\/schema\/logo\/image\/","url":"https:\/\/exceladvisor.org\/de\/wp-content\/uploads\/2023\/11\/exceladvisor.org_.png","contentUrl":"https:\/\/exceladvisor.org\/de\/wp-content\/uploads\/2023\/11\/exceladvisor.org_.png","width":105,"height":36,"caption":"Excel Advisor"},"image":{"@id":"https:\/\/exceladvisor.org\/de\/#\/schema\/logo\/image\/"}}]}},"yoast_meta":{"yoast_wpseo_title":"","yoast_wpseo_metadesc":"","yoast_wpseo_canonical":""},"_links":{"self":[{"href":"https:\/\/exceladvisor.org\/de\/wp-json\/wp\/v2\/pages\/3610","targetHints":{"allow":["GET"]}}],"collection":[{"href":"https:\/\/exceladvisor.org\/de\/wp-json\/wp\/v2\/pages"}],"about":[{"href":"https:\/\/exceladvisor.org\/de\/wp-json\/wp\/v2\/types\/page"}],"author":[{"embeddable":true,"href":"https:\/\/exceladvisor.org\/de\/wp-json\/wp\/v2\/users\/1"}],"replies":[{"embeddable":true,"href":"https:\/\/exceladvisor.org\/de\/wp-json\/wp\/v2\/comments?post=3610"}],"version-history":[{"count":1,"href":"https:\/\/exceladvisor.org\/de\/wp-json\/wp\/v2\/pages\/3610\/revisions"}],"predecessor-version":[{"id":4057,"href":"https:\/\/exceladvisor.org\/de\/wp-json\/wp\/v2\/pages\/3610\/revisions\/4057"}],"wp:attachment":[{"href":"https:\/\/exceladvisor.org\/de\/wp-json\/wp\/v2\/media?parent=3610"}],"curies":[{"name":"wp","href":"https:\/\/api.w.org\/{rel}","templated":true}]}}