{"id":3611,"date":"2023-10-14T20:26:54","date_gmt":"2023-10-14T20:26:54","guid":{"rendered":"https:\/\/exceladvisor.org\/de\/zellen-abwahlen\/"},"modified":"2023-12-03T13:05:32","modified_gmt":"2023-12-03T13:05:32","slug":"zellen-abwahlen","status":"publish","type":"page","link":"https:\/\/exceladvisor.org\/de\/zellen-abwahlen\/","title":{"rendered":"Wie w\u00e4hle ich zellen in excel ab?"},"content":{"rendered":"<div class=\"excel-vor-dem-inhalt\" id=\"excel-3656905404\"><script type=\"text\/javascript\">\r\n\tatOptions = {\r\n\t\t'key' : 'c1158f160081d6540a8409e6925dab94',\r\n\t\t'format' : 'iframe',\r\n\t\t'height' : 250,\r\n\t\t'width' : 300,\r\n\t\t'params' : {}\r\n\t};\r\n<\/script>\r\n<script type=\"text\/javascript\" src=\"\/\/www.highperformanceformat.com\/c1158f160081d6540a8409e6925dab94\/invoke.js\"><\/script><\/div> <p>Bisher war es in Excel nicht m\u00f6glich, Zellen oder einen Bereich aus dem ausgew\u00e4hlten Zellbereich abzuw\u00e4hlen. Daher konnte niemand Zellen oder einen Zellbereich aus seiner Auswahl entfernen.<\/p><p> Aber jetzt hat Excel die Funktion eingef\u00fchrt, die Auswahl ausgew\u00e4hlter Zellen oder eines Zellbereichs aus Ihrer aktuellen Auswahl aufzuheben. Zum Zeitpunkt des Schreibens dieses Blogs ist diese neue Funktion nur f\u00fcr PC- und Mac-Abonnenten von Office 365 und Excel 2019 verf\u00fcgbar.<\/p><p> Nachfolgend haben wir einige schnelle und einfache Schritte f\u00fcr Sie zusammengestellt, mit denen Sie Zellen in Excel abw\u00e4hlen und ausw\u00e4hlen k\u00f6nnen<\/p><h2 id=\"deselect-cells-in-excel\" class=\"wp-block-heading\"> Zellen in Excel abw\u00e4hlen<\/h2><p> Nachdem Sie die Funktion \u201eZellenauswahl aufheben\u201c in Excel hinzugef\u00fcgt haben, k\u00f6nnen Sie die Auswahl nicht ben\u00f6tigter Zellen ganz einfach aus Ihrer aktuellen Auswahl aufheben.<\/p><ul><li> Halten Sie zun\u00e4chst die \u201eStrg\u201c-Taste auf der Tastatur gedr\u00fcckt.<\/li><li> Klicken Sie anschlie\u00dfend auf die Zellen in Ihrer aktuellen Auswahl, die Sie aus der Auswahl entfernen m\u00f6chten. <\/li><\/ul><div class=\"wp-block-image\"><figure class=\"aligncenter size-full is-resized\"><img loading=\"lazy\" decoding=\"async\" class=\"wp-image-64054\" src=\"https:\/\/exceladvisor.org\/wp-content\/uploads\/2023\/08\/1-deselectionner-les-cellules.png\" sizes=\"auto, \" srcset=\"\" alt=\"Zellen abw\u00e4hlen\" width=\"580\" height=\"284\"><\/figure><\/div><p> Im obigen Beispielbild haben wir die Strg-Taste gedr\u00fcckt gehalten und auf die Zellen B1, B3 und B7 geklickt, um die Auswahl dieser Spalten aus der aktuellen Auswahl (A1-I15) aufzuheben. Sie k\u00f6nnen nach der Auswahl sehen, dass die ausgew\u00e4hlten Spalten deselektiert sind.<\/p><h2 id=\"deselect-the-entire-columns-in-excel\" class=\"wp-block-heading\"> Deaktivieren Sie ganze Spalten in Excel<\/h2><ul><li> Halten Sie zun\u00e4chst die \u201eStrg\u201c-Taste auf der Tastatur gedr\u00fcckt.<\/li><li> Klicken Sie anschlie\u00dfend auf die Spalten\u00fcberschrift und ziehen Sie \u00fcber die gesamte Spalte, um die Auswahl dieser Spalte aus Ihrer aktuellen Auswahl aufzuheben. <\/li><\/ul><div class=\"wp-block-image\"><figure class=\"aligncenter size-full is-resized\"><img loading=\"lazy\" decoding=\"async\" class=\"wp-image-64055\" src=\"https:\/\/exceladvisor.org\/wp-content\/uploads\/2023\/08\/2-deselectionner-la-colonne-entiere.png\" sizes=\"auto, \" srcset=\"\" alt=\"gesamte Spalte abw\u00e4hlen\" width=\"654\" height=\"303\"><\/figure><\/div><p> Im Beispielbild oben haben wir die Strg-Taste gedr\u00fcckt gehalten und auf die Spalten\u00fcberschrift (Kategorie) geklickt, die gesamte Spalte auf D15 gezogen und das Gleiche f\u00fcr die Spalten\u00fcberschrift (Zone) getan, um die Auswahl dieser beiden gesamten Spalten aufzuheben (D &amp; F) aus der aktuellen Auswahl (A1-I15).<\/p><h2 id=\"select-cells-or-ranges-in-excel\" class=\"wp-block-heading\"> W\u00e4hlen Sie Zellen oder Bereiche in Excel aus<\/h2><p> In Excel \u00e4ndert sich weder die Zellauswahl noch der Zellbereich. Der Zellauswahlprozess ist derselbe und wird unten dargestellt:<\/p><ul><li> W\u00e4hlen Sie bei zusammenh\u00e4ngenden Zellen die Zelle aus, aus der Sie Ihre Auswahl erstellen m\u00f6chten<\/li><li> Halten Sie anschlie\u00dfend die \u201eShift\u201c-Taste auf der Tastatur gedr\u00fcckt und klicken Sie dann auf die andere Zelle, bis zu der Sie eine Auswahl erstellen m\u00f6chten<\/li><li> Oder w\u00e4hlen Sie die Zelle aus, aus der Sie Ihre Auswahl erstellen m\u00f6chten, und ziehen Sie sie dann in die Zelle, in der Sie eine Auswahl erstellen m\u00f6chten. <\/li><\/ul><div class=\"wp-block-image\"><figure class=\"aligncenter size-full is-resized\"><img loading=\"lazy\" decoding=\"async\" class=\"wp-image-64056\" src=\"https:\/\/exceladvisor.org\/wp-content\/uploads\/2023\/08\/3-selectionner-des-cellules-contigues.png\" sizes=\"auto, \" srcset=\"\" alt=\"Markieren Sie zusammenh\u00e4ngende Zellen\" width=\"589\" height=\"295\"><\/figure><\/div><p> Im Beispielbild oben haben wir zuerst auf Zelle A1 geklickt und die Umschalttaste gedr\u00fcckt gehalten und dann direkt auf Zelle I15 geklickt, um eine Auswahl aus (A1-I15) zu erstellen.<\/p><ul><li> Halten Sie bei nicht zusammenh\u00e4ngenden Zellen die Strg-Taste gedr\u00fcckt und w\u00e4hlen Sie dann die gew\u00fcnschten Zellen oder Bereiche als Auswahl aus. <\/li><\/ul><div class=\"wp-block-image\"><figure class=\"aligncenter size-full is-resized\"><img loading=\"lazy\" decoding=\"async\" class=\"wp-image-64057\" src=\"https:\/\/exceladvisor.org\/wp-content\/uploads\/2023\/08\/4-selectionner-des-cellules-non-contigues.png\" sizes=\"auto, \" srcset=\"\" alt=\"W\u00e4hlen Sie nicht zusammenh\u00e4ngende Zellen aus\" width=\"646\" height=\"266\"><\/figure><\/div><p> Im obigen Beispielbild haben wir die Strg-Taste gedr\u00fcckt gehalten und die nicht zusammenh\u00e4ngenden Zellbereiche ausgew\u00e4hlt.<\/p><div class=\"gb-container gb-container-4db6181c gb-container-mt\"> <a class=\"gb-button gb-button-c5897111 gb-button-text gb-button-mt-button\" href=\"https:\/\/exceladvisor.org\/de\/excel-grundlagen\/\">Microsoft Excel-Grundlagen (Komponenten, Teile und Wissenshinweise)<\/a><h2 class=\"gb-headline gb-headline-665e5f6b gb-headline-text gb-headline-mt-heading\"> Verwandte Tutorials <\/h2><div class=\"gb-grid-wrapper gb-grid-wrapper-a20baf7c gb-grid-wrapper-mt-grid\"><div class=\"gb-grid-column gb-grid-column-65ddf67e\"><div class=\"gb-container gb-container-65ddf67e\"><ul><li> <a href=\"https:\/\/exceladvisor.org\/de\/hyperlinks-hinzufugen-und-entfernen\/\">F\u00fcgen Sie Hyperlinks in Excel hinzu und entfernen Sie sie<\/a><\/li><li> <a href=\"https:\/\/exceladvisor.org\/de\/wasserzeichen-hinzufugen\/\">F\u00fcgen Sie in Excel ein Wasserzeichen hinzu<\/a><\/li><li> <a href=\"https:\/\/exceladvisor.org\/de\/entfernen-sie-ausgeblendete-zeilenspalten\/\">L\u00f6schen Sie ausgeblendete Zeilen in Excel<\/a><\/li><li> <a href=\"https:\/\/exceladvisor.org\/de\/fugen-sie-eine-spalte-hinzu\/\">F\u00fcgen Sie eine Spalte in Excel hinzu<\/a><\/li><li> <a href=\"https:\/\/exceladvisor.org\/de\/wahlen-sie-nicht-zusammenhangende-zellen-aus\/\">W\u00e4hlen Sie nicht zusammenh\u00e4ngende Zellen in Excel aus<\/a><\/li><\/ul><\/div><\/div><\/div><\/div>","protected":false},"excerpt":{"rendered":"","protected":false},"author":1,"featured_media":0,"parent":0,"menu_order":0,"comment_status":"open","ping_status":"closed","template":"","meta":{"ub_ctt_via":"","footnotes":""},"class_list":["post-3611","page","type-page","status-publish","hentry"],"featured_image_src":null,"yoast_head":"<!-- This site is optimized with the Yoast SEO plugin v25.4 - https:\/\/yoast.com\/wordpress\/plugins\/seo\/ -->\n<title>Wie w\u00e4hle ich Zellen in Excel ab? (Tutorial 2023)<\/title>\n<meta name=\"description\" content=\"In diesem Tutorial erfahren Sie, wie Sie die Auswahl von Zellen in Excel aufheben. Au\u00dferdem erfahren Sie, wie Sie a abw\u00e4hlen\" \/>\n<meta name=\"robots\" content=\"index, follow, max-snippet:-1, max-image-preview:large, max-video-preview:-1\" \/>\n<link rel=\"canonical\" href=\"https:\/\/exceladvisor.org\/de\/zellen-abwahlen\/\" \/>\n<meta property=\"og:locale\" content=\"de_DE\" \/>\n<meta property=\"og:type\" content=\"article\" \/>\n<meta property=\"og:title\" content=\"Wie w\u00e4hle ich Zellen in Excel ab? (Tutorial 2023)\" \/>\n<meta property=\"og:description\" content=\"In diesem Tutorial erfahren Sie, wie Sie die Auswahl von Zellen in Excel aufheben. Au\u00dferdem erfahren Sie, wie Sie a abw\u00e4hlen\" \/>\n<meta property=\"og:url\" content=\"https:\/\/exceladvisor.org\/de\/zellen-abwahlen\/\" \/>\n<meta property=\"og:site_name\" content=\"Excel Advisor\" \/>\n<meta property=\"article:modified_time\" content=\"2023-12-03T13:05:32+00:00\" \/>\n<meta property=\"og:image\" content=\"https:\/\/exceladvisor.org\/wp-content\/uploads\/2023\/08\/1-deselectionner-les-cellules.png\" \/>\n<meta name=\"twitter:card\" content=\"summary_large_image\" \/>\n<meta name=\"twitter:label1\" content=\"Gesch\u00e4tzte Lesezeit\" \/>\n\t<meta name=\"twitter:data1\" content=\"3\u00a0Minuten\" \/>\n<script type=\"application\/ld+json\" class=\"yoast-schema-graph\">{\"@context\":\"https:\/\/schema.org\",\"@graph\":[{\"@type\":\"WebPage\",\"@id\":\"https:\/\/exceladvisor.org\/de\/zellen-abwahlen\/\",\"url\":\"https:\/\/exceladvisor.org\/de\/zellen-abwahlen\/\",\"name\":\"Wie w\u00e4hle ich Zellen in Excel ab? (Tutorial 2023)\",\"isPartOf\":{\"@id\":\"https:\/\/exceladvisor.org\/de\/#website\"},\"primaryImageOfPage\":{\"@id\":\"https:\/\/exceladvisor.org\/de\/zellen-abwahlen\/#primaryimage\"},\"image\":{\"@id\":\"https:\/\/exceladvisor.org\/de\/zellen-abwahlen\/#primaryimage\"},\"thumbnailUrl\":\"https:\/\/exceladvisor.org\/wp-content\/uploads\/2023\/08\/1-deselectionner-les-cellules.png\",\"datePublished\":\"2023-10-14T20:26:54+00:00\",\"dateModified\":\"2023-12-03T13:05:32+00:00\",\"description\":\"In diesem Tutorial erfahren Sie, wie Sie die Auswahl von Zellen in Excel aufheben. Au\u00dferdem erfahren Sie, wie Sie a abw\u00e4hlen\",\"breadcrumb\":{\"@id\":\"https:\/\/exceladvisor.org\/de\/zellen-abwahlen\/#breadcrumb\"},\"inLanguage\":\"de\",\"potentialAction\":[{\"@type\":\"ReadAction\",\"target\":[\"https:\/\/exceladvisor.org\/de\/zellen-abwahlen\/\"]}]},{\"@type\":\"ImageObject\",\"inLanguage\":\"de\",\"@id\":\"https:\/\/exceladvisor.org\/de\/zellen-abwahlen\/#primaryimage\",\"url\":\"https:\/\/exceladvisor.org\/wp-content\/uploads\/2023\/08\/1-deselectionner-les-cellules.png\",\"contentUrl\":\"https:\/\/exceladvisor.org\/wp-content\/uploads\/2023\/08\/1-deselectionner-les-cellules.png\"},{\"@type\":\"BreadcrumbList\",\"@id\":\"https:\/\/exceladvisor.org\/de\/zellen-abwahlen\/#breadcrumb\",\"itemListElement\":[{\"@type\":\"ListItem\",\"position\":1,\"name\":\"Accueil\",\"item\":\"https:\/\/exceladvisor.org\/de\/\"},{\"@type\":\"ListItem\",\"position\":2,\"name\":\"Wie w\u00e4hle ich zellen in excel ab?\"}]},{\"@type\":\"WebSite\",\"@id\":\"https:\/\/exceladvisor.org\/de\/#website\",\"url\":\"https:\/\/exceladvisor.org\/de\/\",\"name\":\"Excel Advisor\",\"description\":\"Ihr Leitfaden zur Datendominanz\",\"publisher\":{\"@id\":\"https:\/\/exceladvisor.org\/de\/#organization\"},\"potentialAction\":[{\"@type\":\"SearchAction\",\"target\":{\"@type\":\"EntryPoint\",\"urlTemplate\":\"https:\/\/exceladvisor.org\/de\/?s={search_term_string}\"},\"query-input\":{\"@type\":\"PropertyValueSpecification\",\"valueRequired\":true,\"valueName\":\"search_term_string\"}}],\"inLanguage\":\"de\"},{\"@type\":\"Organization\",\"@id\":\"https:\/\/exceladvisor.org\/de\/#organization\",\"name\":\"Excel Advisor\",\"url\":\"https:\/\/exceladvisor.org\/de\/\",\"logo\":{\"@type\":\"ImageObject\",\"inLanguage\":\"de\",\"@id\":\"https:\/\/exceladvisor.org\/de\/#\/schema\/logo\/image\/\",\"url\":\"https:\/\/exceladvisor.org\/de\/wp-content\/uploads\/2023\/11\/exceladvisor.org_.png\",\"contentUrl\":\"https:\/\/exceladvisor.org\/de\/wp-content\/uploads\/2023\/11\/exceladvisor.org_.png\",\"width\":105,\"height\":36,\"caption\":\"Excel Advisor\"},\"image\":{\"@id\":\"https:\/\/exceladvisor.org\/de\/#\/schema\/logo\/image\/\"}}]}<\/script>\n<!-- \/ Yoast SEO plugin. -->","yoast_head_json":{"title":"Wie w\u00e4hle ich Zellen in Excel ab? (Tutorial 2023)","description":"In diesem Tutorial erfahren Sie, wie Sie die Auswahl von Zellen in Excel aufheben. Au\u00dferdem erfahren Sie, wie Sie a abw\u00e4hlen","robots":{"index":"index","follow":"follow","max-snippet":"max-snippet:-1","max-image-preview":"max-image-preview:large","max-video-preview":"max-video-preview:-1"},"canonical":"https:\/\/exceladvisor.org\/de\/zellen-abwahlen\/","og_locale":"de_DE","og_type":"article","og_title":"Wie w\u00e4hle ich Zellen in Excel ab? (Tutorial 2023)","og_description":"In diesem Tutorial erfahren Sie, wie Sie die Auswahl von Zellen in Excel aufheben. Au\u00dferdem erfahren Sie, wie Sie a abw\u00e4hlen","og_url":"https:\/\/exceladvisor.org\/de\/zellen-abwahlen\/","og_site_name":"Excel Advisor","article_modified_time":"2023-12-03T13:05:32+00:00","og_image":[{"url":"https:\/\/exceladvisor.org\/wp-content\/uploads\/2023\/08\/1-deselectionner-les-cellules.png","type":"","width":"","height":""}],"twitter_card":"summary_large_image","twitter_misc":{"Gesch\u00e4tzte Lesezeit":"3\u00a0Minuten"},"schema":{"@context":"https:\/\/schema.org","@graph":[{"@type":"WebPage","@id":"https:\/\/exceladvisor.org\/de\/zellen-abwahlen\/","url":"https:\/\/exceladvisor.org\/de\/zellen-abwahlen\/","name":"Wie w\u00e4hle ich Zellen in Excel ab? (Tutorial 2023)","isPartOf":{"@id":"https:\/\/exceladvisor.org\/de\/#website"},"primaryImageOfPage":{"@id":"https:\/\/exceladvisor.org\/de\/zellen-abwahlen\/#primaryimage"},"image":{"@id":"https:\/\/exceladvisor.org\/de\/zellen-abwahlen\/#primaryimage"},"thumbnailUrl":"https:\/\/exceladvisor.org\/wp-content\/uploads\/2023\/08\/1-deselectionner-les-cellules.png","datePublished":"2023-10-14T20:26:54+00:00","dateModified":"2023-12-03T13:05:32+00:00","description":"In diesem Tutorial erfahren Sie, wie Sie die Auswahl von Zellen in Excel aufheben. Au\u00dferdem erfahren Sie, wie Sie a abw\u00e4hlen","breadcrumb":{"@id":"https:\/\/exceladvisor.org\/de\/zellen-abwahlen\/#breadcrumb"},"inLanguage":"de","potentialAction":[{"@type":"ReadAction","target":["https:\/\/exceladvisor.org\/de\/zellen-abwahlen\/"]}]},{"@type":"ImageObject","inLanguage":"de","@id":"https:\/\/exceladvisor.org\/de\/zellen-abwahlen\/#primaryimage","url":"https:\/\/exceladvisor.org\/wp-content\/uploads\/2023\/08\/1-deselectionner-les-cellules.png","contentUrl":"https:\/\/exceladvisor.org\/wp-content\/uploads\/2023\/08\/1-deselectionner-les-cellules.png"},{"@type":"BreadcrumbList","@id":"https:\/\/exceladvisor.org\/de\/zellen-abwahlen\/#breadcrumb","itemListElement":[{"@type":"ListItem","position":1,"name":"Accueil","item":"https:\/\/exceladvisor.org\/de\/"},{"@type":"ListItem","position":2,"name":"Wie w\u00e4hle ich zellen in excel ab?"}]},{"@type":"WebSite","@id":"https:\/\/exceladvisor.org\/de\/#website","url":"https:\/\/exceladvisor.org\/de\/","name":"Excel Advisor","description":"Ihr Leitfaden zur Datendominanz","publisher":{"@id":"https:\/\/exceladvisor.org\/de\/#organization"},"potentialAction":[{"@type":"SearchAction","target":{"@type":"EntryPoint","urlTemplate":"https:\/\/exceladvisor.org\/de\/?s={search_term_string}"},"query-input":{"@type":"PropertyValueSpecification","valueRequired":true,"valueName":"search_term_string"}}],"inLanguage":"de"},{"@type":"Organization","@id":"https:\/\/exceladvisor.org\/de\/#organization","name":"Excel Advisor","url":"https:\/\/exceladvisor.org\/de\/","logo":{"@type":"ImageObject","inLanguage":"de","@id":"https:\/\/exceladvisor.org\/de\/#\/schema\/logo\/image\/","url":"https:\/\/exceladvisor.org\/de\/wp-content\/uploads\/2023\/11\/exceladvisor.org_.png","contentUrl":"https:\/\/exceladvisor.org\/de\/wp-content\/uploads\/2023\/11\/exceladvisor.org_.png","width":105,"height":36,"caption":"Excel Advisor"},"image":{"@id":"https:\/\/exceladvisor.org\/de\/#\/schema\/logo\/image\/"}}]}},"yoast_meta":{"yoast_wpseo_title":"","yoast_wpseo_metadesc":"","yoast_wpseo_canonical":""},"_links":{"self":[{"href":"https:\/\/exceladvisor.org\/de\/wp-json\/wp\/v2\/pages\/3611","targetHints":{"allow":["GET"]}}],"collection":[{"href":"https:\/\/exceladvisor.org\/de\/wp-json\/wp\/v2\/pages"}],"about":[{"href":"https:\/\/exceladvisor.org\/de\/wp-json\/wp\/v2\/types\/page"}],"author":[{"embeddable":true,"href":"https:\/\/exceladvisor.org\/de\/wp-json\/wp\/v2\/users\/1"}],"replies":[{"embeddable":true,"href":"https:\/\/exceladvisor.org\/de\/wp-json\/wp\/v2\/comments?post=3611"}],"version-history":[{"count":1,"href":"https:\/\/exceladvisor.org\/de\/wp-json\/wp\/v2\/pages\/3611\/revisions"}],"predecessor-version":[{"id":4400,"href":"https:\/\/exceladvisor.org\/de\/wp-json\/wp\/v2\/pages\/3611\/revisions\/4400"}],"wp:attachment":[{"href":"https:\/\/exceladvisor.org\/de\/wp-json\/wp\/v2\/media?parent=3611"}],"curies":[{"name":"wp","href":"https:\/\/api.w.org\/{rel}","templated":true}]}}