{"id":3612,"date":"2023-10-14T18:35:59","date_gmt":"2023-10-14T18:35:59","guid":{"rendered":"https:\/\/exceladvisor.org\/de\/verschmelzen-dissoziieren-zellen\/"},"modified":"2023-12-03T11:21:27","modified_gmt":"2023-12-03T11:21:27","slug":"verschmelzen-dissoziieren-zellen","status":"publish","type":"page","link":"https:\/\/exceladvisor.org\/de\/verschmelzen-dissoziieren-zellen\/","title":{"rendered":"Wie f\u00fcge ich zellen zusammen oder entbinde sie?"},"content":{"rendered":"<div class=\"excel-vor-dem-inhalt\" id=\"excel-2980803801\"><script type=\"text\/javascript\">\r\n\tatOptions = {\r\n\t\t'key' : 'c1158f160081d6540a8409e6925dab94',\r\n\t\t'format' : 'iframe',\r\n\t\t'height' : 250,\r\n\t\t'width' : 300,\r\n\t\t'params' : {}\r\n\t};\r\n<\/script>\r\n<script type=\"text\/javascript\" src=\"\/\/www.highperformanceformat.com\/c1158f160081d6540a8409e6925dab94\/invoke.js\"><\/script><\/div> <p>Das Zusammenf\u00fchren und Aufheben der Verbindung von Zellen w\u00e4hrend der Arbeit in Excel ist eine h\u00e4ufige Aufgabe.<\/p><p> Manchmal, wenn Sie Daten mit vielen verbundenen Zellen erhalten, wahrscheinlich weil in vielen Zellen verwandte Daten vorhanden sind und Sie Daten in Spalten nicht genau filtern und sortieren k\u00f6nnen, verwenden Sie dieses Mal die Funktion zum Aufheben der Gruppierung von Excel, um die Gruppierung dieser Zellen aufzuheben.<\/p><h2 id=\"merge-the-cells-through-the-ribbon-option\" class=\"wp-block-heading\"> Zellen \u00fcber die Multifunktionsleistenoption zusammenf\u00fchren<\/h2><ol><li> Um Zellen zusammenzuf\u00fchren, w\u00e4hlen Sie zun\u00e4chst die Zellen aus, die Sie zusammenf\u00fchren m\u00f6chten.<\/li><li> Gehen Sie anschlie\u00dfend zur Registerkarte \u201eStartseite\u201c. Hier finden Sie die Option \u201eZusammenf\u00fchren und zentrieren\u201c in der Gruppe \u201eAusrichtung\u201c im Men\u00fcband.<\/li><li> Klicken Sie nun einfach auf die Option \u201eZusammenf\u00fchren und zentrieren\u201c. <br><img loading=\"lazy\" decoding=\"async\" title=\"1-Home-Tab-Alignment-Gruppe\" src=\"https:\/\/exceladvisor.org\/wp-content\/uploads\/2023\/08\/1-groupe-dalignement-de-longlet-daccueil.png\" sizes=\"auto, \" srcset=\"\" alt=\"home-tab-alignment-group\" width=\"511\" height=\"317\"><\/li><li> Sobald Sie auf die Option \u201eZusammenf\u00fchren und zentrieren\u201c klicken, wird die Popup-Option angezeigt und Sie klicken einfach auf \u201eOK\u201c. <br><img loading=\"lazy\" decoding=\"async\" title=\"2-Fusions-Zentrum\" src=\"https:\/\/exceladvisor.org\/wp-content\/uploads\/2023\/08\/2-centre-de-fusion.png\" sizes=\"auto, \" srcset=\"\" alt=\"merge-&amp;-center\" width=\"513\" height=\"259\"><\/li><li> An diesem Punkt wird Ihr ausgew\u00e4hlter Zellbereich zusammengef\u00fchrt. <br><img loading=\"lazy\" decoding=\"async\" title=\"Bereich von 3 fusionierten Zellen\" src=\"https:\/\/exceladvisor.org\/wp-content\/uploads\/2023\/08\/3-plages-de-cellules-fusionnees.png\" sizes=\"auto, \" srcset=\"\" alt=\"merged-cell-range\" width=\"526\" height=\"185\"><\/li><\/ol><h2 id=\"unmerge-the-cells-through-ribbon-option\" class=\"wp-block-heading\"> Bandzellen trennen<\/h2><ol><li> W\u00e4hlen Sie zun\u00e4chst einen oder mehrere Bereiche zusammengef\u00fchrter Zellen aus, deren Gruppierung Sie aufheben m\u00f6chten.<\/li><li> Gehen Sie anschlie\u00dfend zur Registerkarte \u201eStartseite\u201c. Dort ist die Option \u201eZusammenf\u00fchren und zentrieren\u201c hervorgehoben.<\/li><li> Klicken Sie nun einfach auf die Option \u201eZusammenf\u00fchren und zentrieren\u201c. <br><img loading=\"lazy\" decoding=\"async\" title=\"4-Zellen-durch-Band trennen\" src=\"https:\/\/exceladvisor.org\/wp-content\/uploads\/2023\/08\/4-cellules-non-fusionnees-a-travers-le-ruban.png\" sizes=\"auto, \" srcset=\"\" alt=\"unmerge-cells-through-ribbon\" width=\"505\" height=\"314\"><\/li><li> Zu diesem Zeitpunkt werden Ihre ausgew\u00e4hlten zusammengef\u00fchrten Zellbereiche nicht mehr zusammengef\u00fchrt. <br><img loading=\"lazy\" decoding=\"async\" title=\"5 nicht verschmolzene Zellen\" src=\"https:\/\/exceladvisor.org\/wp-content\/uploads\/2023\/08\/5-cellules-non-fusionnees.png\" sizes=\"auto, \" srcset=\"\" alt=\"unmerged-cells\" width=\"519\" height=\"180\"><\/li><\/ol><h2 id=\"merge-unmerge-the-cells-using-keyboard-shortcut\" class=\"wp-block-heading\"> Mit einer <a href=\"https:\/\/exceladvisor.org\/de\/zellen-verschmelzen-dissoziieren-1\/\">Tastenkombination<\/a> k\u00f6nnen Sie Zellen zusammenf\u00fchren und ihre Gruppierung aufheben<\/h2><p> Um Zeit zu sparen, k\u00f6nnen Sie Zellen mithilfe der Tastenkombination zusammenf\u00fchren und die Gruppierung aufheben.<\/p><ol><li> Um Zellen zusammenzuf\u00fchren, w\u00e4hlen Sie den Zellbereich aus, den Sie zusammenf\u00fchren m\u00f6chten.<\/li><li> Dr\u00fccken Sie anschlie\u00dfend nacheinander \u201eAlt+H+M+C\u201c oder \u201eAlt+H+M+M\u201c und klicken Sie in der Popup-Option auf \u201eOK\u201c. <br><img loading=\"lazy\" decoding=\"async\" title=\"6-Zusammenf\u00fchren-mit-Eyboard-Verkn\u00fcpfung\" src=\"https:\/\/exceladvisor.org\/wp-content\/uploads\/2023\/08\/6-fusionner-en-utilisant-le-raccourci-clavier.png\" sizes=\"auto, \" srcset=\"\" alt=\"merge-using-keyboard-shortcut\" width=\"522\" height=\"324\"><br><img loading=\"lazy\" decoding=\"async\" title=\"7-OK-zum Zusammenf\u00fchren\" src=\"https:\/\/exceladvisor.org\/wp-content\/uploads\/2023\/08\/7-ok-pour-fusionner.png\" sizes=\"auto, \" srcset=\"\" alt=\"ok-to-merge\" width=\"478\" height=\"261\"><\/li><li> An diesem Punkt wird Ihr ausgew\u00e4hlter Zellbereich zusammengef\u00fchrt. <br><img loading=\"lazy\" decoding=\"async\" title=\"8 zusammengef\u00fchrte Zellen\" src=\"https:\/\/exceladvisor.org\/wp-content\/uploads\/2023\/08\/8-cellules-fusionnees.png\" sizes=\"auto, \" srcset=\"\" alt=\"merged-cells\" width=\"522\" height=\"184\"><\/li><li> Um nun die Gruppierung der zusammengef\u00fchrten Zellen aufzuheben, w\u00e4hlen Sie den Bereich der zusammengef\u00fchrten Zellen aus, dessen Gruppierung Sie aufheben m\u00f6chten.<\/li><li> Dr\u00fccken Sie anschlie\u00dfend nacheinander \u201eAlt + H + M + C\u201c. <br><img loading=\"lazy\" decoding=\"async\" title=\"9-Zusammenf\u00fchrung mithilfe der Tastenkombination aufheben\" src=\"https:\/\/exceladvisor.org\/wp-content\/uploads\/2023\/08\/9-dissocier-a-laide-du-raccourci-clavier.png\" sizes=\"auto, \" srcset=\"\" alt=\"unmerge-using-keyboard-shortcut\" width=\"489\" height=\"305\"><\/li><li> An diesem Punkt wird die Verbindung Ihres ausgew\u00e4hlten Bereichs zusammengef\u00fchrter Zellen aufgehoben. <br><img loading=\"lazy\" decoding=\"async\" title=\"Bereich von 10 nicht verschmolzenen Zellen\" src=\"https:\/\/exceladvisor.org\/wp-content\/uploads\/2023\/08\/10-plages-de-cellules-non-fusionnees.png\" sizes=\"auto, \" srcset=\"\" alt=\"unmerged-cells-range\" width=\"506\" height=\"179\"><\/li><\/ol><p> Oft finden Sie das Arbeitsblatt mit mehreren verbundenen Zellen und um die Gruppierung aller Zellen auf einmal aufzuheben, m\u00fcssen Sie nur das Arbeitsblatt ausw\u00e4hlen, indem Sie \u201eStrg+A\u201c dr\u00fccken.<\/p><p> Oder indem Sie auf das Eckfeld in der oberen linken Ecke des Blattes klicken und Ihr gesamtes Blatt ausgew\u00e4hlt wird. Klicken Sie anschlie\u00dfend einfach auf die Option \u201eZusammenf\u00fchren und zentrieren\u201c im Men\u00fcband und alle zusammengef\u00fchrten Zellen werden nicht mehr auf einmal im Blatt zusammengef\u00fchrt. <\/p><div class=\"wp-block-image\"><figure class=\"aligncenter size-full is-resized\"><img loading=\"lazy\" decoding=\"async\" class=\"wp-image-63920\" src=\"https:\/\/exceladvisor.org\/wp-content\/uploads\/2023\/08\/11-multiples-cellules-fusionnees.png\" sizes=\"auto, \" srcset=\"\" alt=\"Mehrere Zellen wurden zusammengef\u00fchrt\" width=\"567\" height=\"350\"><\/figure><\/div><div class=\"wp-block-image\"><figure class=\"aligncenter size-full is-resized\"><img loading=\"lazy\" decoding=\"async\" class=\"wp-image-63921\" src=\"https:\/\/exceladvisor.org\/wp-content\/uploads\/2023\/08\/12-feuille-de-calcul-non-fusionnee.png\" sizes=\"auto, \" srcset=\"\" alt=\"nicht zusammengef\u00fchrte Tabelle\" width=\"570\" height=\"198\"><\/figure><\/div><h2 id=\"unmerge-and-fill-the-unmerged-cells-with-the-original-value\" class=\"wp-block-heading\">Nicht zusammengef\u00fchrte Zellen aufheben und mit Originalwert f\u00fcllen<\/h2><p> Die Herausforderung, die sich beim Zusammenf\u00fchren von Zellen immer ergibt, besteht darin, den urspr\u00fcnglichen Wert in alle nicht zusammengef\u00fchrten Zellen einzutragen, denn wenn Sie einen Zellbereich zusammenf\u00fchren, weist Excel basierend auf Ihrer Zellbereichsauswahl nur den oberen oder linken Zellwert in diesem zusammengef\u00fchrten Bereich zu.<\/p><p> Wenn Sie also die Verbindung dieser zusammengef\u00fchrten Zellen aufheben, finden Sie immer noch den Wert in der obersten, nicht zusammengef\u00fchrten Zelle, und andere nicht zusammengef\u00fchrte Zellen in diesem ausgew\u00e4hlten Bereich werden leer.<\/p><ol><li> Beginnen Sie damit, die Gruppierung des zusammengef\u00fchrten Zellbereichs aufzuheben. <br><img loading=\"lazy\" decoding=\"async\" title=\"13-nicht zusammengef\u00fchrte-zusammengeschlossene-Zellen\" src=\"https:\/\/exceladvisor.org\/wp-content\/uploads\/2023\/08\/13-cellules-fusionnees-non-fusionnees.png\" sizes=\"auto, \" srcset=\"\" alt=\"unmerge-merged-cells\" width=\"523\" height=\"182\"><\/li><li> W\u00e4hlen Sie anschlie\u00dfend die nicht zusammengef\u00fchrten Zellen aus, einschlie\u00dflich leerer Zellen oder den gesamten Datensatz\/die gesamte Tabelle.<\/li><li> Gehen Sie nun zur Registerkarte \u201eStartseite\u201c und klicken Sie in der Gruppe \u201eBearbeiten\u201c auf \u201eSuchen und Ausw\u00e4hlen\u201c und dann auf \u201eGehe zu Spezial\u201c. <br><img loading=\"lazy\" decoding=\"async\" title=\"14-go-to-special\" src=\"https:\/\/exceladvisor.org\/wp-content\/uploads\/2023\/08\/14-aller-au-special.png\" sizes=\"auto, \" srcset=\"\" alt=\"go-to-special\" width=\"638\" height=\"339\"><br><img loading=\"lazy\" decoding=\"async\" title=\"15-select-data-go-to-special\" src=\"https:\/\/exceladvisor.org\/wp-content\/uploads\/2023\/08\/15-donnees-selectionnees-aller-a-special.png\" sizes=\"auto, \" srcset=\"\" alt=\"select-data-go-to-special\" width=\"633\" height=\"338\"><\/li><li> Sobald Sie auf \u201eGehe zu Spezial\u201c klicken, wird eine Popup-Option ge\u00f6ffnet. W\u00e4hlen Sie \u201eLeer\u201c aus und klicken Sie auf \u201eOK\u201c. <br><img loading=\"lazy\" decoding=\"async\" title=\"16-select-option-blank\" src=\"https:\/\/exceladvisor.org\/wp-content\/uploads\/2023\/08\/16-selectionnez-loption-vide.png\" sizes=\"auto, \" srcset=\"\" alt=\"select-blank-option\" width=\"574\" height=\"300\"><\/li><li> Jetzt finden Sie alle ausgew\u00e4hlten leeren Zellen. Geben Sie einfach das Gleichheitszeichen (=) ein, dr\u00fccken Sie dann die Aufw\u00e4rtspfeiltaste auf der Tastatur und dr\u00fccken Sie die Tasten Strg + Eingabetaste. Die Formel wird in alle leeren Zellen kopiert. <br><img loading=\"lazy\" decoding=\"async\" title=\"17 leere Zellen ausgew\u00e4hlt\" src=\"https:\/\/exceladvisor.org\/wp-content\/uploads\/2023\/08\/17-toutes-les-cellules-vides-selectionnees.png\" sizes=\"auto, \" srcset=\"\" alt=\"all-blank-cells-selected\" width=\"545\" height=\"191\"><\/li><li> Zu diesem Zeitpunkt werden Ihre leeren Zellen mit dem urspr\u00fcnglichen Wert gef\u00fcllt, den Sie im zusammengef\u00fchrten Zellbereich hatten. <br><img loading=\"lazy\" decoding=\"async\" title=\"18 leere Zellen gef\u00fcllt\" src=\"https:\/\/exceladvisor.org\/wp-content\/uploads\/2023\/08\/18-cellules-vides-remplies.png\" sizes=\"auto, \" srcset=\"\" alt=\"blank-cells-filled\" width=\"542\" height=\"193\"><\/li><\/ol><h2 id=\"how-to-find-the-merged-cells\" class=\"wp-block-heading\"> So finden Sie zusammengef\u00fchrte Zellen<\/h2><p> Oft erhalten Sie eine Excel-Datei mit einem riesigen Datensatz und wissen nicht, ob sie verbundene Zellen enth\u00e4lt oder nicht. Um die zusammengef\u00fchrten Zellen in den Daten zu finden, k\u00f6nnen Sie sie einfach alle finden, indem Sie die folgenden Schritte ausf\u00fchren.<\/p><ol><li> Klicken Sie zun\u00e4chst irgendwo in die Daten und gehen Sie zur Registerkarte \u201eStartseite\u201c und klicken Sie in der Gruppe \u201eBearbeiten\u201c auf \u201eSuchen &amp; Ausw\u00e4hlen\u201c und dann auf die Option \u201eSuchen\u201c oder dr\u00fccken Sie einfach Strg + F auf Ihrer Tastatur. <br><img loading=\"lazy\" decoding=\"async\" title=\"19-find-merge-cells\" src=\"https:\/\/exceladvisor.org\/wp-content\/uploads\/2023\/08\/19-trouver-des-cellules-fusionnees.png\" sizes=\"auto, \" srcset=\"\" alt=\"find-merged-cells\" width=\"588\" height=\"308\"><\/li><li> Sobald Sie auf die Option \u201eSuchen\u201c klicken oder Strg+F dr\u00fccken, gelangen Sie zum Men\u00fc \u201eSuchen und Ersetzen\u201c und klicken Sie einfach auf \u201eFormatieren\u201c. <br><img loading=\"lazy\" decoding=\"async\" title=\"20-Suchen-Ersetzen-Men\u00fc\" src=\"https:\/\/exceladvisor.org\/wp-content\/uploads\/2023\/08\/20-rechercher-remplacer-le-menu.png\" sizes=\"auto, \" srcset=\"\" alt=\"find-&amp;-replace-menu\" width=\"436\" height=\"234\"><\/li><li> W\u00e4hlen Sie nun \u201eAusrichtung\u201c, aktivieren Sie \u201eZellen zusammenf\u00fchren\u201c und klicken Sie auf \u201eOK\u201c. <br><img loading=\"lazy\" decoding=\"async\" title=\"21-Registerkarte \u201eAusrichtung ausw\u00e4hlen\u201c.\" src=\"https:\/\/exceladvisor.org\/wp-content\/uploads\/2023\/08\/21-selectionner-longlet-dalignement.png\" sizes=\"auto, \" srcset=\"\" alt=\"select-alignment-tab\" width=\"451\" height=\"447\"><\/li><li> W\u00e4hlen Sie am Ende \u201eAlle suchen\u201c und Sie erhalten eine Liste aller zusammengef\u00fchrten Zellen in den Daten.<\/li><li> Um die zusammengef\u00fchrten Zellen einzeln anzuzeigen, klicken Sie einfach auf \u201eWeitersuchen\u201c. Jedes Mal gelangen Sie zu den n\u00e4chsten zusammengef\u00fchrten Zellen und die zusammengef\u00fchrten Zellen werden hervorgehoben. Sie k\u00f6nnen dies auch tun, indem Sie auf die Liste der zusammengef\u00fchrten Zellen klicken. <br><img loading=\"lazy\" decoding=\"async\" title=\"22-select-find-all\" src=\"https:\/\/exceladvisor.org\/wp-content\/uploads\/2023\/08\/22-selectionner-le-trouver-tout.png\" sizes=\"auto, \" srcset=\"\" alt=\"select-the-find-all\" width=\"662\" height=\"323\"><\/li><\/ol><div class=\"gb-container gb-container-4db6181c gb-container-mt\"> <a class=\"gb-button gb-button-c5897111 gb-button-text gb-button-mt-button\" href=\"https:\/\/exceladvisor.org\/de\/excel-grundlagen\/\">Microsoft Excel-Grundlagen (Komponenten, Teile und Wissenshinweise)<\/a><h2 class=\"gb-headline gb-headline-665e5f6b gb-headline-text gb-headline-mt-heading\"> Verwandte Tutorials <\/h2><div class=\"gb-grid-wrapper gb-grid-wrapper-a20baf7c gb-grid-wrapper-mt-grid\"><div class=\"gb-grid-column gb-grid-column-65ddf67e\"><div class=\"gb-container gb-container-65ddf67e\"><ul><li> <a href=\"https:\/\/exceladvisor.org\/de\/zeichne-eine-linie\/\">Zeichnen Sie eine Linie in Excel<\/a><\/li><li> <a href=\"https:\/\/exceladvisor.org\/de\/fugen-sie-eine-schaltflache-hinzu\/\">F\u00fcgen Sie eine Schaltfl\u00e4che in Excel hinzu<\/a><\/li><li> <a href=\"https:\/\/exceladvisor.org\/de\/rechtschreibprufung\/\">Rechtschreibpr\u00fcfung in Excel<\/a><\/li><li> <a href=\"https:\/\/exceladvisor.org\/de\/ruckzug\/\">Einzug in Excel vergr\u00f6\u00dfern und verkleinern<\/a><\/li><li> <a href=\"https:\/\/exceladvisor.org\/de\/text-drehen\/\">Text in Excel drehen (Textausrichtung)<\/a> <\/li><\/ul><\/div><\/div><div class=\"gb-grid-column gb-grid-column-50067b57\"><div class=\"gb-container gb-container-50067b57\"><\/div><\/div><\/div><\/div>","protected":false},"excerpt":{"rendered":"","protected":false},"author":1,"featured_media":0,"parent":0,"menu_order":0,"comment_status":"open","ping_status":"closed","template":"","meta":{"ub_ctt_via":"","footnotes":""},"class_list":["post-3612","page","type-page","status-publish","hentry"],"featured_image_src":null,"yoast_head":"<!-- This site is optimized with the Yoast SEO plugin v25.4 - https:\/\/yoast.com\/wordpress\/plugins\/seo\/ -->\n<title>\u25b7 Wie f\u00fcge ich Zellen zusammen bzw. entbinde sie?<\/title>\n<meta name=\"description\" content=\"In diesem Tutorial erfahren Sie, wie Sie Zellen zusammenf\u00fchren und wieder aufheben. Manchmal, wenn Sie Daten erhalten, die Folgendes enthalten\" \/>\n<meta name=\"robots\" content=\"index, follow, max-snippet:-1, max-image-preview:large, max-video-preview:-1\" \/>\n<link rel=\"canonical\" href=\"https:\/\/exceladvisor.org\/de\/verschmelzen-dissoziieren-zellen\/\" \/>\n<meta property=\"og:locale\" content=\"de_DE\" \/>\n<meta property=\"og:type\" content=\"article\" \/>\n<meta property=\"og:title\" content=\"\u25b7 Wie f\u00fcge ich Zellen zusammen bzw. entbinde sie?\" \/>\n<meta property=\"og:description\" content=\"In diesem Tutorial erfahren Sie, wie Sie Zellen zusammenf\u00fchren und wieder aufheben. Manchmal, wenn Sie Daten erhalten, die Folgendes enthalten\" \/>\n<meta property=\"og:url\" content=\"https:\/\/exceladvisor.org\/de\/verschmelzen-dissoziieren-zellen\/\" \/>\n<meta property=\"og:site_name\" content=\"Excel Advisor\" \/>\n<meta property=\"article:modified_time\" content=\"2023-12-03T11:21:27+00:00\" \/>\n<meta property=\"og:image\" content=\"https:\/\/exceladvisor.org\/wp-content\/uploads\/2023\/08\/1-groupe-dalignement-de-longlet-daccueil.png\" \/>\n<meta name=\"twitter:card\" content=\"summary_large_image\" \/>\n<meta name=\"twitter:label1\" content=\"Gesch\u00e4tzte Lesezeit\" \/>\n\t<meta name=\"twitter:data1\" content=\"4\u00a0Minuten\" \/>\n<script type=\"application\/ld+json\" class=\"yoast-schema-graph\">{\"@context\":\"https:\/\/schema.org\",\"@graph\":[{\"@type\":\"WebPage\",\"@id\":\"https:\/\/exceladvisor.org\/de\/verschmelzen-dissoziieren-zellen\/\",\"url\":\"https:\/\/exceladvisor.org\/de\/verschmelzen-dissoziieren-zellen\/\",\"name\":\"\u25b7 Wie f\u00fcge ich Zellen zusammen bzw. entbinde sie?\",\"isPartOf\":{\"@id\":\"https:\/\/exceladvisor.org\/de\/#website\"},\"primaryImageOfPage\":{\"@id\":\"https:\/\/exceladvisor.org\/de\/verschmelzen-dissoziieren-zellen\/#primaryimage\"},\"image\":{\"@id\":\"https:\/\/exceladvisor.org\/de\/verschmelzen-dissoziieren-zellen\/#primaryimage\"},\"thumbnailUrl\":\"https:\/\/exceladvisor.org\/wp-content\/uploads\/2023\/08\/1-groupe-dalignement-de-longlet-daccueil.png\",\"datePublished\":\"2023-10-14T18:35:59+00:00\",\"dateModified\":\"2023-12-03T11:21:27+00:00\",\"description\":\"In diesem Tutorial erfahren Sie, wie Sie Zellen zusammenf\u00fchren und wieder aufheben. Manchmal, wenn Sie Daten erhalten, die Folgendes enthalten\",\"breadcrumb\":{\"@id\":\"https:\/\/exceladvisor.org\/de\/verschmelzen-dissoziieren-zellen\/#breadcrumb\"},\"inLanguage\":\"de\",\"potentialAction\":[{\"@type\":\"ReadAction\",\"target\":[\"https:\/\/exceladvisor.org\/de\/verschmelzen-dissoziieren-zellen\/\"]}]},{\"@type\":\"ImageObject\",\"inLanguage\":\"de\",\"@id\":\"https:\/\/exceladvisor.org\/de\/verschmelzen-dissoziieren-zellen\/#primaryimage\",\"url\":\"https:\/\/exceladvisor.org\/wp-content\/uploads\/2023\/08\/1-groupe-dalignement-de-longlet-daccueil.png\",\"contentUrl\":\"https:\/\/exceladvisor.org\/wp-content\/uploads\/2023\/08\/1-groupe-dalignement-de-longlet-daccueil.png\"},{\"@type\":\"BreadcrumbList\",\"@id\":\"https:\/\/exceladvisor.org\/de\/verschmelzen-dissoziieren-zellen\/#breadcrumb\",\"itemListElement\":[{\"@type\":\"ListItem\",\"position\":1,\"name\":\"Accueil\",\"item\":\"https:\/\/exceladvisor.org\/de\/\"},{\"@type\":\"ListItem\",\"position\":2,\"name\":\"Wie f\u00fcge ich zellen zusammen oder entbinde sie?\"}]},{\"@type\":\"WebSite\",\"@id\":\"https:\/\/exceladvisor.org\/de\/#website\",\"url\":\"https:\/\/exceladvisor.org\/de\/\",\"name\":\"Excel Advisor\",\"description\":\"Ihr Leitfaden zur Datendominanz\",\"publisher\":{\"@id\":\"https:\/\/exceladvisor.org\/de\/#organization\"},\"potentialAction\":[{\"@type\":\"SearchAction\",\"target\":{\"@type\":\"EntryPoint\",\"urlTemplate\":\"https:\/\/exceladvisor.org\/de\/?s={search_term_string}\"},\"query-input\":{\"@type\":\"PropertyValueSpecification\",\"valueRequired\":true,\"valueName\":\"search_term_string\"}}],\"inLanguage\":\"de\"},{\"@type\":\"Organization\",\"@id\":\"https:\/\/exceladvisor.org\/de\/#organization\",\"name\":\"Excel Advisor\",\"url\":\"https:\/\/exceladvisor.org\/de\/\",\"logo\":{\"@type\":\"ImageObject\",\"inLanguage\":\"de\",\"@id\":\"https:\/\/exceladvisor.org\/de\/#\/schema\/logo\/image\/\",\"url\":\"https:\/\/exceladvisor.org\/de\/wp-content\/uploads\/2023\/11\/exceladvisor.org_.png\",\"contentUrl\":\"https:\/\/exceladvisor.org\/de\/wp-content\/uploads\/2023\/11\/exceladvisor.org_.png\",\"width\":105,\"height\":36,\"caption\":\"Excel Advisor\"},\"image\":{\"@id\":\"https:\/\/exceladvisor.org\/de\/#\/schema\/logo\/image\/\"}}]}<\/script>\n<!-- \/ Yoast SEO plugin. -->","yoast_head_json":{"title":"\u25b7 Wie f\u00fcge ich Zellen zusammen bzw. entbinde sie?","description":"In diesem Tutorial erfahren Sie, wie Sie Zellen zusammenf\u00fchren und wieder aufheben. Manchmal, wenn Sie Daten erhalten, die Folgendes enthalten","robots":{"index":"index","follow":"follow","max-snippet":"max-snippet:-1","max-image-preview":"max-image-preview:large","max-video-preview":"max-video-preview:-1"},"canonical":"https:\/\/exceladvisor.org\/de\/verschmelzen-dissoziieren-zellen\/","og_locale":"de_DE","og_type":"article","og_title":"\u25b7 Wie f\u00fcge ich Zellen zusammen bzw. entbinde sie?","og_description":"In diesem Tutorial erfahren Sie, wie Sie Zellen zusammenf\u00fchren und wieder aufheben. Manchmal, wenn Sie Daten erhalten, die Folgendes enthalten","og_url":"https:\/\/exceladvisor.org\/de\/verschmelzen-dissoziieren-zellen\/","og_site_name":"Excel Advisor","article_modified_time":"2023-12-03T11:21:27+00:00","og_image":[{"url":"https:\/\/exceladvisor.org\/wp-content\/uploads\/2023\/08\/1-groupe-dalignement-de-longlet-daccueil.png","type":"","width":"","height":""}],"twitter_card":"summary_large_image","twitter_misc":{"Gesch\u00e4tzte Lesezeit":"4\u00a0Minuten"},"schema":{"@context":"https:\/\/schema.org","@graph":[{"@type":"WebPage","@id":"https:\/\/exceladvisor.org\/de\/verschmelzen-dissoziieren-zellen\/","url":"https:\/\/exceladvisor.org\/de\/verschmelzen-dissoziieren-zellen\/","name":"\u25b7 Wie f\u00fcge ich Zellen zusammen bzw. entbinde sie?","isPartOf":{"@id":"https:\/\/exceladvisor.org\/de\/#website"},"primaryImageOfPage":{"@id":"https:\/\/exceladvisor.org\/de\/verschmelzen-dissoziieren-zellen\/#primaryimage"},"image":{"@id":"https:\/\/exceladvisor.org\/de\/verschmelzen-dissoziieren-zellen\/#primaryimage"},"thumbnailUrl":"https:\/\/exceladvisor.org\/wp-content\/uploads\/2023\/08\/1-groupe-dalignement-de-longlet-daccueil.png","datePublished":"2023-10-14T18:35:59+00:00","dateModified":"2023-12-03T11:21:27+00:00","description":"In diesem Tutorial erfahren Sie, wie Sie Zellen zusammenf\u00fchren und wieder aufheben. Manchmal, wenn Sie Daten erhalten, die Folgendes enthalten","breadcrumb":{"@id":"https:\/\/exceladvisor.org\/de\/verschmelzen-dissoziieren-zellen\/#breadcrumb"},"inLanguage":"de","potentialAction":[{"@type":"ReadAction","target":["https:\/\/exceladvisor.org\/de\/verschmelzen-dissoziieren-zellen\/"]}]},{"@type":"ImageObject","inLanguage":"de","@id":"https:\/\/exceladvisor.org\/de\/verschmelzen-dissoziieren-zellen\/#primaryimage","url":"https:\/\/exceladvisor.org\/wp-content\/uploads\/2023\/08\/1-groupe-dalignement-de-longlet-daccueil.png","contentUrl":"https:\/\/exceladvisor.org\/wp-content\/uploads\/2023\/08\/1-groupe-dalignement-de-longlet-daccueil.png"},{"@type":"BreadcrumbList","@id":"https:\/\/exceladvisor.org\/de\/verschmelzen-dissoziieren-zellen\/#breadcrumb","itemListElement":[{"@type":"ListItem","position":1,"name":"Accueil","item":"https:\/\/exceladvisor.org\/de\/"},{"@type":"ListItem","position":2,"name":"Wie f\u00fcge ich zellen zusammen oder entbinde sie?"}]},{"@type":"WebSite","@id":"https:\/\/exceladvisor.org\/de\/#website","url":"https:\/\/exceladvisor.org\/de\/","name":"Excel Advisor","description":"Ihr Leitfaden zur Datendominanz","publisher":{"@id":"https:\/\/exceladvisor.org\/de\/#organization"},"potentialAction":[{"@type":"SearchAction","target":{"@type":"EntryPoint","urlTemplate":"https:\/\/exceladvisor.org\/de\/?s={search_term_string}"},"query-input":{"@type":"PropertyValueSpecification","valueRequired":true,"valueName":"search_term_string"}}],"inLanguage":"de"},{"@type":"Organization","@id":"https:\/\/exceladvisor.org\/de\/#organization","name":"Excel Advisor","url":"https:\/\/exceladvisor.org\/de\/","logo":{"@type":"ImageObject","inLanguage":"de","@id":"https:\/\/exceladvisor.org\/de\/#\/schema\/logo\/image\/","url":"https:\/\/exceladvisor.org\/de\/wp-content\/uploads\/2023\/11\/exceladvisor.org_.png","contentUrl":"https:\/\/exceladvisor.org\/de\/wp-content\/uploads\/2023\/11\/exceladvisor.org_.png","width":105,"height":36,"caption":"Excel Advisor"},"image":{"@id":"https:\/\/exceladvisor.org\/de\/#\/schema\/logo\/image\/"}}]}},"yoast_meta":{"yoast_wpseo_title":"","yoast_wpseo_metadesc":"","yoast_wpseo_canonical":""},"_links":{"self":[{"href":"https:\/\/exceladvisor.org\/de\/wp-json\/wp\/v2\/pages\/3612","targetHints":{"allow":["GET"]}}],"collection":[{"href":"https:\/\/exceladvisor.org\/de\/wp-json\/wp\/v2\/pages"}],"about":[{"href":"https:\/\/exceladvisor.org\/de\/wp-json\/wp\/v2\/types\/page"}],"author":[{"embeddable":true,"href":"https:\/\/exceladvisor.org\/de\/wp-json\/wp\/v2\/users\/1"}],"replies":[{"embeddable":true,"href":"https:\/\/exceladvisor.org\/de\/wp-json\/wp\/v2\/comments?post=3612"}],"version-history":[{"count":1,"href":"https:\/\/exceladvisor.org\/de\/wp-json\/wp\/v2\/pages\/3612\/revisions"}],"predecessor-version":[{"id":4065,"href":"https:\/\/exceladvisor.org\/de\/wp-json\/wp\/v2\/pages\/3612\/revisions\/4065"}],"wp:attachment":[{"href":"https:\/\/exceladvisor.org\/de\/wp-json\/wp\/v2\/media?parent=3612"}],"curies":[{"name":"wp","href":"https:\/\/api.w.org\/{rel}","templated":true}]}}