{"id":3614,"date":"2023-10-13T20:57:26","date_gmt":"2023-10-13T20:57:26","guid":{"rendered":"https:\/\/exceladvisor.org\/de\/excel-datei-auf-dem-mac-speichern\/"},"modified":"2023-12-03T13:05:01","modified_gmt":"2023-12-03T13:05:01","slug":"excel-datei-auf-dem-mac-speichern","status":"publish","type":"page","link":"https:\/\/exceladvisor.org\/de\/excel-datei-auf-dem-mac-speichern\/","title":{"rendered":"Wie speichere ich als excel-arbeitsmappe auf dem mac?"},"content":{"rendered":"<div class=\"excel-vor-dem-inhalt\" id=\"excel-3448343529\"><script type=\"text\/javascript\">\r\n\tatOptions = {\r\n\t\t'key' : 'c1158f160081d6540a8409e6925dab94',\r\n\t\t'format' : 'iframe',\r\n\t\t'height' : 250,\r\n\t\t'width' : 300,\r\n\t\t'params' : {}\r\n\t};\r\n<\/script>\r\n<script type=\"text\/javascript\" src=\"\/\/www.highperformanceformat.com\/c1158f160081d6540a8409e6925dab94\/invoke.js\"><\/script><\/div> <p>Wenn Sie Excel auf einem Mac verwenden, m\u00fcssen zum Speichern der Datei andere Schritte ausgef\u00fchrt werden als unter Windows. In diesem Tutorial werden die Schritte zum Speichern einer Excel-Datei auf einem Mac beschrieben. Wir werden auch alle verf\u00fcgbaren Formate sehen.<\/p><h2 class=\"wp-block-heading\"> Schritte zum Speichern einer Datei in Excel auf dem Mac<\/h2><p> Sie m\u00fcssen die folgenden Schritte ausf\u00fchren:<\/p><ol><li> Gehen Sie zun\u00e4chst in der Men\u00fcleiste auf das Men\u00fc \u201eDatei\u201c. <br><img loading=\"lazy\" decoding=\"async\" title=\"-speichere-die-exce-datei-auf-dem-mac\" src=\"https:\/\/exceladvisor.org\/wp-content\/uploads\/2023\/08\/1-enregistrer-le-fichier-exce-sur-mac.png\" sizes=\"auto, \" srcset=\"\" alt=\"save-excel-file-on-mac\" width=\"550\" height=\"277\"><\/li><li> Klicken Sie anschlie\u00dfend dort auf die Option \u201eSpeichern unter\u201c. <br><img loading=\"lazy\" decoding=\"async\" title=\"-Klicken Sie auf \u201eSpeichern unter\u201c.\" src=\"https:\/\/exceladvisor.org\/wp-content\/uploads\/2023\/08\/2-cliquez-sur-enregistrer-sous.png\" sizes=\"auto, \" srcset=\"\" alt=\"click-on-save-as\" width=\"658\" height=\"444\"><\/li><li> Geben Sie dann im Dialogfeld \u201eSpeichern unter\u201c den Namen ein, den Sie der Datei geben m\u00f6chten. <br><img loading=\"lazy\" decoding=\"async\" title=\"-Dateinamen eingeben\" src=\"https:\/\/exceladvisor.org\/wp-content\/uploads\/2023\/08\/3-entrez-le-nom-du-fichier.png\" sizes=\"auto, \" srcset=\"\" alt=\"enter-name-of-the-file\" width=\"534\" height=\"247\"><\/li><li> W\u00e4hlen Sie nun den Standort aus dem Dropdown-Men\u00fc \u201eWo\u201c aus. <br><img loading=\"lazy\" decoding=\"async\" title=\"-Dropdown-Men\u00fc \u201eStandort-von-wo\u201c ausw\u00e4hlen\" src=\"https:\/\/exceladvisor.org\/wp-content\/uploads\/2023\/08\/4-selectionnez-lemplacement-dou-la-liste-deroulante.png\" sizes=\"auto, \" srcset=\"\" alt=\"select-location-from-where-drop-down\" width=\"538\" height=\"249\"><\/li><li> Um fortzufahren, w\u00e4hlen Sie den Dateityp unter \u201eDateiformat\u201c aus. <br><img loading=\"lazy\" decoding=\"async\" title=\"-Dateiformat-Dateityp\" src=\"https:\/\/exceladvisor.org\/wp-content\/uploads\/2023\/08\/5-types-de-fichiers-a-partir-du-format-de-fichier.png\" sizes=\"auto, \" srcset=\"\" alt=\"file-type-from-file-format\" width=\"538\" height=\"249\"><\/li><li> Klicken Sie abschlie\u00dfend auf die Schaltfl\u00e4che \u201eSpeichern\u201c, um die Datei zu speichern. <br><img loading=\"lazy\" decoding=\"async\" title=\"-Klicken Sie auf \u201eSpeichern\u201c, um die Datei zu speichern\" src=\"https:\/\/exceladvisor.org\/wp-content\/uploads\/2023\/08\/6-cliquez-sur-enregistrer-pour-enregistrer-le-fichier.png\" sizes=\"auto, \" srcset=\"\" alt=\"click-save-to-save-the-file\" width=\"537\" height=\"248\"><\/li><\/ol><h2 class=\"wp-block-heading\"> Speichern in verschiedenen Formaten<\/h2><p> Wenn Sie eine Datei speichern, k\u00f6nnen Sie in Excel aus mehreren Formaten w\u00e4hlen, z. B. PDF, CSV usw. Sie k\u00f6nnen jedes der verf\u00fcgbaren Formate verwenden, indem Sie auf das Dropdown-Men\u00fc \u201eDateiformat\u201c klicken. <\/p><div class=\"wp-block-image\"><figure class=\"aligncenter size-full is-resized\"><img loading=\"lazy\" decoding=\"async\" class=\"wp-image-82523\" src=\"https:\/\/exceladvisor.org\/wp-content\/uploads\/2023\/08\/7-enregistrer-le-fichier-dans-differents-formats.png\" sizes=\"auto, \" srcset=\"\" alt=\"Datei in verschiedenen Formaten speichern\" width=\"567\" height=\"266\"><\/figure><\/div><h2 class=\"wp-block-heading\"> Den Ort wechseln<\/h2><p> Wenn Sie den Speicherort der Datei beim Speichern der Datei \u00e4ndern m\u00f6chten, k\u00f6nnen Sie auf das kleine Dropdown-Men\u00fc neben dem Dropdown-Men\u00fc \u201eWo\u201c klicken. <\/p><div class=\"wp-block-image\"><figure class=\"aligncenter size-full is-resized\"><img loading=\"lazy\" decoding=\"async\" class=\"wp-image-82524\" src=\"https:\/\/exceladvisor.org\/wp-content\/uploads\/2023\/08\/8-changer-lemplacement.png\" sizes=\"auto, \" srcset=\"\" alt=\"Pl\u00e4tze tauschen\" width=\"599\" height=\"277\"><\/figure><\/div><p> Sobald Sie darauf klicken, wird das Dialogfeld erweitert und Sie k\u00f6nnen den Ordner oder Pfad zum Speichern der Datei suchen. <\/p><div class=\"wp-block-image\"><figure class=\"aligncenter size-full is-resized\"><img loading=\"lazy\" decoding=\"async\" class=\"wp-image-82525\" src=\"https:\/\/exceladvisor.org\/wp-content\/uploads\/2023\/08\/9-localiser-le-chemin-pour-enregistrer-le-fichier.png\" sizes=\"auto, \" srcset=\"\" alt=\"Pfad der Sicherungsdatei suchen\" width=\"556\" height=\"394\"><\/figure><\/div><div class=\"gb-container gb-container-4db6181c gb-container-mt\"> <a class=\"gb-button gb-button-c5897111 gb-button-text gb-button-mt-button\" href=\"https:\/\/exceladvisor.org\/de\/excel-grundlagen\/\">Microsoft Excel-Grundlagen (Komponenten, Teile und Wissenshinweise)<\/a><h2 class=\"gb-headline gb-headline-665e5f6b gb-headline-text gb-headline-mt-heading\"> Verwandte Tutorials <\/h2><div class=\"gb-grid-wrapper gb-grid-wrapper-a20baf7c gb-grid-wrapper-mt-grid\"><div class=\"gb-grid-column gb-grid-column-65ddf67e\"><div class=\"gb-container gb-container-65ddf67e\"><ul><li> <a href=\"https:\/\/exceladvisor.org\/de\/reparieren-sie-beschadigte-excel-dateien\/\">Besch\u00e4digte Excel-Datei reparieren<\/a><\/li><li> <a href=\"https:\/\/exceladvisor.org\/de\/nicht-gespeicherte-dateien-wiederherstellen\/\">Stellen Sie nicht gespeicherte Excel-Dateien wieder her, wenn Excel abst\u00fcrzt<\/a><\/li><li> <a href=\"https:\/\/exceladvisor.org\/de\/xlsx-in-csv\/\">Excel-Datei (Arbeitsmappe) im CSV-Format speichern (XLSX TO CSV)<\/a><\/li><li> <a href=\"https:\/\/exceladvisor.org\/de\/ausblenden-arbeitsmappe-anzeigen\/\">Eine Arbeitsmappe in Excel ein- und ausblenden<\/a> <\/li><\/ul><\/div><\/div><div class=\"gb-grid-column gb-grid-column-50067b57\"><div class=\"gb-container gb-container-50067b57\"><\/div><\/div><\/div><\/div>","protected":false},"excerpt":{"rendered":"","protected":false},"author":1,"featured_media":0,"parent":0,"menu_order":0,"comment_status":"open","ping_status":"closed","template":"","meta":{"ub_ctt_via":"","footnotes":""},"class_list":["post-3614","page","type-page","status-publish","hentry"],"featured_image_src":null,"yoast_head":"<!-- This site is optimized with the Yoast SEO plugin v25.4 - https:\/\/yoast.com\/wordpress\/plugins\/seo\/ -->\n<title>Wie speichere ich als Excel-Arbeitsmappe auf dem Mac?<\/title>\n<meta name=\"description\" content=\"In dieser Kurzanleitung erfahren Sie, wie Sie eine Excel-Datei auf dem Mac speichern. Wir werden es in leicht verst\u00e4ndlichen Schritten besprechen.\" \/>\n<meta name=\"robots\" content=\"index, follow, max-snippet:-1, max-image-preview:large, max-video-preview:-1\" \/>\n<link rel=\"canonical\" href=\"https:\/\/exceladvisor.org\/de\/excel-datei-auf-dem-mac-speichern\/\" \/>\n<meta property=\"og:locale\" content=\"de_DE\" \/>\n<meta property=\"og:type\" content=\"article\" \/>\n<meta property=\"og:title\" content=\"Wie speichere ich als Excel-Arbeitsmappe auf dem Mac?\" \/>\n<meta property=\"og:description\" content=\"In dieser Kurzanleitung erfahren Sie, wie Sie eine Excel-Datei auf dem Mac speichern. Wir werden es in leicht verst\u00e4ndlichen Schritten besprechen.\" \/>\n<meta property=\"og:url\" content=\"https:\/\/exceladvisor.org\/de\/excel-datei-auf-dem-mac-speichern\/\" \/>\n<meta property=\"og:site_name\" content=\"Excel Advisor\" \/>\n<meta property=\"article:modified_time\" content=\"2023-12-03T13:05:01+00:00\" \/>\n<meta property=\"og:image\" content=\"https:\/\/exceladvisor.org\/wp-content\/uploads\/2023\/08\/1-enregistrer-le-fichier-exce-sur-mac.png\" \/>\n<meta name=\"twitter:card\" content=\"summary_large_image\" \/>\n<meta name=\"twitter:label1\" content=\"Gesch\u00e4tzte Lesezeit\" \/>\n\t<meta name=\"twitter:data1\" content=\"1\u00a0Minute\" \/>\n<script type=\"application\/ld+json\" class=\"yoast-schema-graph\">{\"@context\":\"https:\/\/schema.org\",\"@graph\":[{\"@type\":\"WebPage\",\"@id\":\"https:\/\/exceladvisor.org\/de\/excel-datei-auf-dem-mac-speichern\/\",\"url\":\"https:\/\/exceladvisor.org\/de\/excel-datei-auf-dem-mac-speichern\/\",\"name\":\"Wie speichere ich als Excel-Arbeitsmappe auf dem Mac?\",\"isPartOf\":{\"@id\":\"https:\/\/exceladvisor.org\/de\/#website\"},\"primaryImageOfPage\":{\"@id\":\"https:\/\/exceladvisor.org\/de\/excel-datei-auf-dem-mac-speichern\/#primaryimage\"},\"image\":{\"@id\":\"https:\/\/exceladvisor.org\/de\/excel-datei-auf-dem-mac-speichern\/#primaryimage\"},\"thumbnailUrl\":\"https:\/\/exceladvisor.org\/wp-content\/uploads\/2023\/08\/1-enregistrer-le-fichier-exce-sur-mac.png\",\"datePublished\":\"2023-10-13T20:57:26+00:00\",\"dateModified\":\"2023-12-03T13:05:01+00:00\",\"description\":\"In dieser Kurzanleitung erfahren Sie, wie Sie eine Excel-Datei auf dem Mac speichern. Wir werden es in leicht verst\u00e4ndlichen Schritten besprechen.\",\"breadcrumb\":{\"@id\":\"https:\/\/exceladvisor.org\/de\/excel-datei-auf-dem-mac-speichern\/#breadcrumb\"},\"inLanguage\":\"de\",\"potentialAction\":[{\"@type\":\"ReadAction\",\"target\":[\"https:\/\/exceladvisor.org\/de\/excel-datei-auf-dem-mac-speichern\/\"]}]},{\"@type\":\"ImageObject\",\"inLanguage\":\"de\",\"@id\":\"https:\/\/exceladvisor.org\/de\/excel-datei-auf-dem-mac-speichern\/#primaryimage\",\"url\":\"https:\/\/exceladvisor.org\/wp-content\/uploads\/2023\/08\/1-enregistrer-le-fichier-exce-sur-mac.png\",\"contentUrl\":\"https:\/\/exceladvisor.org\/wp-content\/uploads\/2023\/08\/1-enregistrer-le-fichier-exce-sur-mac.png\"},{\"@type\":\"BreadcrumbList\",\"@id\":\"https:\/\/exceladvisor.org\/de\/excel-datei-auf-dem-mac-speichern\/#breadcrumb\",\"itemListElement\":[{\"@type\":\"ListItem\",\"position\":1,\"name\":\"Accueil\",\"item\":\"https:\/\/exceladvisor.org\/de\/\"},{\"@type\":\"ListItem\",\"position\":2,\"name\":\"Wie speichere ich als excel-arbeitsmappe auf dem mac?\"}]},{\"@type\":\"WebSite\",\"@id\":\"https:\/\/exceladvisor.org\/de\/#website\",\"url\":\"https:\/\/exceladvisor.org\/de\/\",\"name\":\"Excel Advisor\",\"description\":\"Ihr Leitfaden zur Datendominanz\",\"publisher\":{\"@id\":\"https:\/\/exceladvisor.org\/de\/#organization\"},\"potentialAction\":[{\"@type\":\"SearchAction\",\"target\":{\"@type\":\"EntryPoint\",\"urlTemplate\":\"https:\/\/exceladvisor.org\/de\/?s={search_term_string}\"},\"query-input\":{\"@type\":\"PropertyValueSpecification\",\"valueRequired\":true,\"valueName\":\"search_term_string\"}}],\"inLanguage\":\"de\"},{\"@type\":\"Organization\",\"@id\":\"https:\/\/exceladvisor.org\/de\/#organization\",\"name\":\"Excel Advisor\",\"url\":\"https:\/\/exceladvisor.org\/de\/\",\"logo\":{\"@type\":\"ImageObject\",\"inLanguage\":\"de\",\"@id\":\"https:\/\/exceladvisor.org\/de\/#\/schema\/logo\/image\/\",\"url\":\"https:\/\/exceladvisor.org\/de\/wp-content\/uploads\/2023\/11\/exceladvisor.org_.png\",\"contentUrl\":\"https:\/\/exceladvisor.org\/de\/wp-content\/uploads\/2023\/11\/exceladvisor.org_.png\",\"width\":105,\"height\":36,\"caption\":\"Excel Advisor\"},\"image\":{\"@id\":\"https:\/\/exceladvisor.org\/de\/#\/schema\/logo\/image\/\"}}]}<\/script>\n<!-- \/ Yoast SEO plugin. -->","yoast_head_json":{"title":"Wie speichere ich als Excel-Arbeitsmappe auf dem Mac?","description":"In dieser Kurzanleitung erfahren Sie, wie Sie eine Excel-Datei auf dem Mac speichern. Wir werden es in leicht verst\u00e4ndlichen Schritten besprechen.","robots":{"index":"index","follow":"follow","max-snippet":"max-snippet:-1","max-image-preview":"max-image-preview:large","max-video-preview":"max-video-preview:-1"},"canonical":"https:\/\/exceladvisor.org\/de\/excel-datei-auf-dem-mac-speichern\/","og_locale":"de_DE","og_type":"article","og_title":"Wie speichere ich als Excel-Arbeitsmappe auf dem Mac?","og_description":"In dieser Kurzanleitung erfahren Sie, wie Sie eine Excel-Datei auf dem Mac speichern. Wir werden es in leicht verst\u00e4ndlichen Schritten besprechen.","og_url":"https:\/\/exceladvisor.org\/de\/excel-datei-auf-dem-mac-speichern\/","og_site_name":"Excel Advisor","article_modified_time":"2023-12-03T13:05:01+00:00","og_image":[{"url":"https:\/\/exceladvisor.org\/wp-content\/uploads\/2023\/08\/1-enregistrer-le-fichier-exce-sur-mac.png","type":"","width":"","height":""}],"twitter_card":"summary_large_image","twitter_misc":{"Gesch\u00e4tzte Lesezeit":"1\u00a0Minute"},"schema":{"@context":"https:\/\/schema.org","@graph":[{"@type":"WebPage","@id":"https:\/\/exceladvisor.org\/de\/excel-datei-auf-dem-mac-speichern\/","url":"https:\/\/exceladvisor.org\/de\/excel-datei-auf-dem-mac-speichern\/","name":"Wie speichere ich als Excel-Arbeitsmappe auf dem Mac?","isPartOf":{"@id":"https:\/\/exceladvisor.org\/de\/#website"},"primaryImageOfPage":{"@id":"https:\/\/exceladvisor.org\/de\/excel-datei-auf-dem-mac-speichern\/#primaryimage"},"image":{"@id":"https:\/\/exceladvisor.org\/de\/excel-datei-auf-dem-mac-speichern\/#primaryimage"},"thumbnailUrl":"https:\/\/exceladvisor.org\/wp-content\/uploads\/2023\/08\/1-enregistrer-le-fichier-exce-sur-mac.png","datePublished":"2023-10-13T20:57:26+00:00","dateModified":"2023-12-03T13:05:01+00:00","description":"In dieser Kurzanleitung erfahren Sie, wie Sie eine Excel-Datei auf dem Mac speichern. Wir werden es in leicht verst\u00e4ndlichen Schritten besprechen.","breadcrumb":{"@id":"https:\/\/exceladvisor.org\/de\/excel-datei-auf-dem-mac-speichern\/#breadcrumb"},"inLanguage":"de","potentialAction":[{"@type":"ReadAction","target":["https:\/\/exceladvisor.org\/de\/excel-datei-auf-dem-mac-speichern\/"]}]},{"@type":"ImageObject","inLanguage":"de","@id":"https:\/\/exceladvisor.org\/de\/excel-datei-auf-dem-mac-speichern\/#primaryimage","url":"https:\/\/exceladvisor.org\/wp-content\/uploads\/2023\/08\/1-enregistrer-le-fichier-exce-sur-mac.png","contentUrl":"https:\/\/exceladvisor.org\/wp-content\/uploads\/2023\/08\/1-enregistrer-le-fichier-exce-sur-mac.png"},{"@type":"BreadcrumbList","@id":"https:\/\/exceladvisor.org\/de\/excel-datei-auf-dem-mac-speichern\/#breadcrumb","itemListElement":[{"@type":"ListItem","position":1,"name":"Accueil","item":"https:\/\/exceladvisor.org\/de\/"},{"@type":"ListItem","position":2,"name":"Wie speichere ich als excel-arbeitsmappe auf dem mac?"}]},{"@type":"WebSite","@id":"https:\/\/exceladvisor.org\/de\/#website","url":"https:\/\/exceladvisor.org\/de\/","name":"Excel Advisor","description":"Ihr Leitfaden zur Datendominanz","publisher":{"@id":"https:\/\/exceladvisor.org\/de\/#organization"},"potentialAction":[{"@type":"SearchAction","target":{"@type":"EntryPoint","urlTemplate":"https:\/\/exceladvisor.org\/de\/?s={search_term_string}"},"query-input":{"@type":"PropertyValueSpecification","valueRequired":true,"valueName":"search_term_string"}}],"inLanguage":"de"},{"@type":"Organization","@id":"https:\/\/exceladvisor.org\/de\/#organization","name":"Excel Advisor","url":"https:\/\/exceladvisor.org\/de\/","logo":{"@type":"ImageObject","inLanguage":"de","@id":"https:\/\/exceladvisor.org\/de\/#\/schema\/logo\/image\/","url":"https:\/\/exceladvisor.org\/de\/wp-content\/uploads\/2023\/11\/exceladvisor.org_.png","contentUrl":"https:\/\/exceladvisor.org\/de\/wp-content\/uploads\/2023\/11\/exceladvisor.org_.png","width":105,"height":36,"caption":"Excel Advisor"},"image":{"@id":"https:\/\/exceladvisor.org\/de\/#\/schema\/logo\/image\/"}}]}},"yoast_meta":{"yoast_wpseo_title":"","yoast_wpseo_metadesc":"","yoast_wpseo_canonical":""},"_links":{"self":[{"href":"https:\/\/exceladvisor.org\/de\/wp-json\/wp\/v2\/pages\/3614","targetHints":{"allow":["GET"]}}],"collection":[{"href":"https:\/\/exceladvisor.org\/de\/wp-json\/wp\/v2\/pages"}],"about":[{"href":"https:\/\/exceladvisor.org\/de\/wp-json\/wp\/v2\/types\/page"}],"author":[{"embeddable":true,"href":"https:\/\/exceladvisor.org\/de\/wp-json\/wp\/v2\/users\/1"}],"replies":[{"embeddable":true,"href":"https:\/\/exceladvisor.org\/de\/wp-json\/wp\/v2\/comments?post=3614"}],"version-history":[{"count":1,"href":"https:\/\/exceladvisor.org\/de\/wp-json\/wp\/v2\/pages\/3614\/revisions"}],"predecessor-version":[{"id":4191,"href":"https:\/\/exceladvisor.org\/de\/wp-json\/wp\/v2\/pages\/3614\/revisions\/4191"}],"wp:attachment":[{"href":"https:\/\/exceladvisor.org\/de\/wp-json\/wp\/v2\/media?parent=3614"}],"curies":[{"name":"wp","href":"https:\/\/api.w.org\/{rel}","templated":true}]}}