{"id":3615,"date":"2023-09-30T23:35:12","date_gmt":"2023-09-30T23:35:12","guid":{"rendered":"https:\/\/exceladvisor.org\/de\/berechnung\/"},"modified":"2023-12-03T11:14:17","modified_gmt":"2023-12-03T11:14:17","slug":"berechnung","status":"publish","type":"page","link":"https:\/\/exceladvisor.org\/de\/berechnung\/","title":{"rendered":"Wie berechnet man zellwerte in vba?"},"content":{"rendered":"<div class=\"excel-vor-dem-inhalt\" id=\"excel-1540122195\"><script type=\"text\/javascript\">\r\n\tatOptions = {\r\n\t\t'key' : 'c1158f160081d6540a8409e6925dab94',\r\n\t\t'format' : 'iframe',\r\n\t\t'height' : 250,\r\n\t\t'width' : 300,\r\n\t\t'params' : {}\r\n\t};\r\n<\/script>\r\n<script type=\"text\/javascript\" src=\"\/\/www.highperformanceformat.com\/c1158f160081d6540a8409e6925dab94\/invoke.js\"><\/script><\/div> <p>Standardm\u00e4\u00dfig berechnet Excel in Excel jedes Mal, wenn Sie einen Zellenwert \u00e4ndern, alle Zellen neu, die eine Berechnungsabh\u00e4ngigkeit von dieser Zelle haben. Wenn Sie jedoch VBA verwenden, haben Sie die M\u00f6glichkeit, es auf manuell umzustellen, wie wir es in Excel tun. <\/p><div class=\"wp-block-image\"><figure class=\"aligncenter size-full is-resized\"><img loading=\"lazy\" decoding=\"async\" class=\"alignnone wp-image-12581 \" src=\"https:\/\/exceladvisor.org\/wp-content\/uploads\/2023\/11\/calculer-vba.png\" alt=\"berechnen-vba\" width=\"436\" height=\"301\" srcset=\"https:\/\/exceladvisor.org\/wp-content\/uploads\/2023\/11\/calculer-vba.png 574w, https:\/\/exceladvisor.org\/wp-content\/uploads\/2023\/11\/calculer-vba-300x207.png 300w\" sizes=\"auto, (max-width: 436px) 100vw, 436px\"><\/figure><\/div><h2 class=\"wp-block-heading\"> Mit der VBA-Berechnungsmethode<\/h2><p> Sie k\u00f6nnen die Berechnung wie folgt auf manuell umstellen, bevor Sie mit dem Code beginnen.<\/p><pre class=\"wp-block-code\"> <code class=\"language-visual-basic\" lang=\"visual-basic\">Application.Calculation = xlManual<\/code><\/pre><p> Wenn Sie diesen Code ausf\u00fchren, wird die Berechnung auf manuell umgestellt. <\/p><div class=\"wp-block-image\"><figure class=\"aligncenter size-full is-resized\"><img loading=\"lazy\" decoding=\"async\" class=\"alignnone wp-image-12582 \" src=\"https:\/\/exceladvisor.org\/wp-content\/uploads\/2023\/11\/vba-calculate-method.png\" alt=\"vba-Berechnungsmethode\" width=\"466\" height=\"300\" srcset=\"https:\/\/exceladvisor.org\/wp-content\/uploads\/2023\/11\/vba-calculate-method.png 577w, https:\/\/exceladvisor.org\/wp-content\/uploads\/2023\/11\/vba-calculate-method-300x193.png 300w\" sizes=\"auto, (max-width: 466px) 100vw, 466px\"><\/figure><\/div><p> Und am Ende des Codes k\u00f6nnen Sie mit der folgenden Codezeile auf automatisch umstellen. <\/p><pre class=\"wp-block-code\"> <code class=\"language-visual-basic\" lang=\"visual-basic\">Application.Calculation = xlAutomatic<\/code><\/pre><div class=\"wp-block-image\"><figure class=\"aligncenter size-full is-resized\"><img loading=\"lazy\" decoding=\"async\" class=\"alignnone wp-image-12585 \" src=\"https:\/\/exceladvisor.org\/wp-content\/uploads\/2023\/11\/passer-a-automatique-en-vba.png\" alt=\"In VBA auf Automatik umstellen\" width=\"473\" height=\"301\" srcset=\"https:\/\/exceladvisor.org\/wp-content\/uploads\/2023\/11\/passer-a-automatique-en-vba.png 625w, https:\/\/exceladvisor.org\/wp-content\/uploads\/2023\/11\/passer-a-automatique-en-vba-300x191.png 300w\" sizes=\"auto, (max-width: 473px) 100vw, 473px\"><\/figure><\/div><p> Sie k\u00f6nnen die Berechnung wie folgt verwenden. <\/p><div class=\"wp-block-image\"><figure class=\"aligncenter size-full is-resized\"><img loading=\"lazy\" decoding=\"async\" class=\"wp-image-61159\" src=\"https:\/\/exceladvisor.org\/wp-content\/uploads\/2023\/08\/4-methode-de-calcul-code-vba.png\" sizes=\"auto, \" srcset=\"\" alt=\"VBA-Code-Berechnungsmethode\" width=\"419\" height=\"279\"><\/figure><\/div><pre class=\"wp-block-code\"> <code class=\"language-visual-basic\" lang=\"visual-basic\">Sub myMacro()    Application.Calculation = xlManual           'your code goes here       Application.Calculation = xlAutomatic End Sub<\/code><\/pre><h2 class=\"wp-block-heading\"> Jetzt berechnen (alle ge\u00f6ffneten Arbeitsmappen)<\/h2><p> Wenn Sie nur alle <a href=\"https:\/\/exceladvisor.org\/de\/offener-aktenschrank\/\">ge\u00f6ffneten Arbeitsmappen<\/a> neu berechnen m\u00f6chten, k\u00f6nnen Sie die unten beschriebene Methode \u201eBerechnen\u201c verwenden.<\/p><pre class=\"wp-block-code\"> <code class=\"language-visual-basic\" lang=\"visual-basic\">Calculate<\/code><\/pre><h2 class=\"wp-block-heading\"> Verwenden Sie die Berechnungsmethode f\u00fcr ein Blatt<\/h2><p> Auf folgende Weise k\u00f6nnen Sie alle Berechnungen f\u00fcr alle neu berechnen<\/p><pre class=\"wp-block-code\"> <code class=\"language-visual-basic\" lang=\"visual-basic\">ActiveSheet.Calculate Sheets(\"Sheet1\").Calculate<\/code><\/pre><p> Die erste Codezeile f\u00fchrt eine Neuberechnung f\u00fcr das aktive Blatt durch und die zweite Zeile f\u00fchrt dies f\u00fcr \u201eBlatt1\u201c durch, aber Sie k\u00f6nnen das Blatt \u00e4ndern, wenn Sie m\u00f6chten.<\/p><h2 class=\"wp-block-heading\"> Berechnen Sie f\u00fcr einen einzelnen Bereich oder eine einzelne Zelle<\/h2><p> Ebenso k\u00f6nnen Sie alle Berechnungen f\u00fcr einen bestimmten Bereich oder eine einzelne Zelle wie folgt neu berechnen.<\/p><pre class=\"wp-block-code\"> <code class=\"language-visual-basic\" lang=\"visual-basic\">Sheets(\"Sheet1\").Range(\"A1:A10\").Calculate Sheets(\"Sheet1\").Range(\"A1\").Calculate<\/code><\/pre><div class=\"gb-container gb-container-4db6181c gb-container-mt\"> <a class=\"gb-button gb-button-c5897111 gb-button-text gb-button-mt-button\" href=\"https:\/\/exceladvisor.org\/de\/vba\/\">Was ist VBA<\/a><h2 class=\"gb-headline gb-headline-665e5f6b gb-headline-text gb-headline-mt-heading\"> Verwandte Tutorials <\/h2><div class=\"gb-grid-wrapper gb-grid-wrapper-a20baf7c gb-grid-wrapper-mt-grid\"><div class=\"gb-grid-column gb-grid-column-65ddf67e\"><div class=\"gb-container gb-container-65ddf67e\"><ul><li> <a href=\"https:\/\/exceladvisor.org\/de\/durchschnitt-2\/\">Durchschnittswerte in Excel mit VBA<\/a><\/li><li> <a href=\"https:\/\/exceladvisor.org\/de\/heutiges-datum-aktuelle-uhrzeit\/\">Erhalten Sie das heutige Datum und die aktuelle Uhrzeit mit VBA<\/a><\/li><li> <a href=\"https:\/\/exceladvisor.org\/de\/summe-1\/\">Summieren Sie Werte in Excel mit VBA<\/a><\/li><li> <a href=\"https:\/\/exceladvisor.org\/de\/spiel-2\/\">Match-Funktion in VBA<\/a><\/li><li> <a href=\"https:\/\/exceladvisor.org\/de\/modus-1\/\">MOD in VBA<\/a><\/li><\/ul><\/div><\/div><\/div><\/div>","protected":false},"excerpt":{"rendered":"","protected":false},"author":1,"featured_media":0,"parent":0,"menu_order":0,"comment_status":"open","ping_status":"closed","template":"","meta":{"ub_ctt_via":"","footnotes":""},"class_list":["post-3615","page","type-page","status-publish","hentry"],"featured_image_src":null,"yoast_head":"<!-- This site is optimized with the Yoast SEO plugin v25.4 - https:\/\/yoast.com\/wordpress\/plugins\/seo\/ -->\n<title>Wie berechnet man Zellwerte in VBA?<\/title>\n<meta name=\"description\" content=\"In diesem Tutorial erfahren Sie, wie Sie die Methode \u201eCALCULATE\u201c in VBA verwenden, um die Berechnung des Arbeitsblatts auf manuell oder manuell umzustellen\" \/>\n<meta name=\"robots\" content=\"index, follow, max-snippet:-1, max-image-preview:large, max-video-preview:-1\" \/>\n<link rel=\"canonical\" href=\"https:\/\/exceladvisor.org\/de\/berechnung\/\" \/>\n<meta property=\"og:locale\" content=\"de_DE\" \/>\n<meta property=\"og:type\" content=\"article\" \/>\n<meta property=\"og:title\" content=\"Wie berechnet man Zellwerte in VBA?\" \/>\n<meta property=\"og:description\" content=\"In diesem Tutorial erfahren Sie, wie Sie die Methode \u201eCALCULATE\u201c in VBA verwenden, um die Berechnung des Arbeitsblatts auf manuell oder manuell umzustellen\" \/>\n<meta property=\"og:url\" content=\"https:\/\/exceladvisor.org\/de\/berechnung\/\" \/>\n<meta property=\"og:site_name\" content=\"Excel Advisor\" \/>\n<meta property=\"article:modified_time\" content=\"2023-12-03T11:14:17+00:00\" \/>\n<meta property=\"og:image\" content=\"https:\/\/exceladvisor.org\/wp-content\/uploads\/2023\/11\/calculer-vba.png\" \/>\n<meta name=\"twitter:card\" content=\"summary_large_image\" \/>\n<meta name=\"twitter:label1\" content=\"Gesch\u00e4tzte Lesezeit\" \/>\n\t<meta name=\"twitter:data1\" content=\"1\u00a0Minute\" \/>\n<script type=\"application\/ld+json\" class=\"yoast-schema-graph\">{\"@context\":\"https:\/\/schema.org\",\"@graph\":[{\"@type\":\"WebPage\",\"@id\":\"https:\/\/exceladvisor.org\/de\/berechnung\/\",\"url\":\"https:\/\/exceladvisor.org\/de\/berechnung\/\",\"name\":\"Wie berechnet man Zellwerte in VBA?\",\"isPartOf\":{\"@id\":\"https:\/\/exceladvisor.org\/de\/#website\"},\"primaryImageOfPage\":{\"@id\":\"https:\/\/exceladvisor.org\/de\/berechnung\/#primaryimage\"},\"image\":{\"@id\":\"https:\/\/exceladvisor.org\/de\/berechnung\/#primaryimage\"},\"thumbnailUrl\":\"https:\/\/exceladvisor.org\/wp-content\/uploads\/2023\/11\/calculer-vba.png\",\"datePublished\":\"2023-09-30T23:35:12+00:00\",\"dateModified\":\"2023-12-03T11:14:17+00:00\",\"description\":\"In diesem Tutorial erfahren Sie, wie Sie die Methode \u201eCALCULATE\u201c in VBA verwenden, um die Berechnung des Arbeitsblatts auf manuell oder manuell umzustellen\",\"breadcrumb\":{\"@id\":\"https:\/\/exceladvisor.org\/de\/berechnung\/#breadcrumb\"},\"inLanguage\":\"de\",\"potentialAction\":[{\"@type\":\"ReadAction\",\"target\":[\"https:\/\/exceladvisor.org\/de\/berechnung\/\"]}]},{\"@type\":\"ImageObject\",\"inLanguage\":\"de\",\"@id\":\"https:\/\/exceladvisor.org\/de\/berechnung\/#primaryimage\",\"url\":\"https:\/\/exceladvisor.org\/wp-content\/uploads\/2023\/11\/calculer-vba.png\",\"contentUrl\":\"https:\/\/exceladvisor.org\/wp-content\/uploads\/2023\/11\/calculer-vba.png\"},{\"@type\":\"BreadcrumbList\",\"@id\":\"https:\/\/exceladvisor.org\/de\/berechnung\/#breadcrumb\",\"itemListElement\":[{\"@type\":\"ListItem\",\"position\":1,\"name\":\"Accueil\",\"item\":\"https:\/\/exceladvisor.org\/de\/\"},{\"@type\":\"ListItem\",\"position\":2,\"name\":\"Wie berechnet man zellwerte in vba?\"}]},{\"@type\":\"WebSite\",\"@id\":\"https:\/\/exceladvisor.org\/de\/#website\",\"url\":\"https:\/\/exceladvisor.org\/de\/\",\"name\":\"Excel Advisor\",\"description\":\"Ihr Leitfaden zur Datendominanz\",\"publisher\":{\"@id\":\"https:\/\/exceladvisor.org\/de\/#organization\"},\"potentialAction\":[{\"@type\":\"SearchAction\",\"target\":{\"@type\":\"EntryPoint\",\"urlTemplate\":\"https:\/\/exceladvisor.org\/de\/?s={search_term_string}\"},\"query-input\":{\"@type\":\"PropertyValueSpecification\",\"valueRequired\":true,\"valueName\":\"search_term_string\"}}],\"inLanguage\":\"de\"},{\"@type\":\"Organization\",\"@id\":\"https:\/\/exceladvisor.org\/de\/#organization\",\"name\":\"Excel Advisor\",\"url\":\"https:\/\/exceladvisor.org\/de\/\",\"logo\":{\"@type\":\"ImageObject\",\"inLanguage\":\"de\",\"@id\":\"https:\/\/exceladvisor.org\/de\/#\/schema\/logo\/image\/\",\"url\":\"https:\/\/exceladvisor.org\/de\/wp-content\/uploads\/2023\/11\/exceladvisor.org_.png\",\"contentUrl\":\"https:\/\/exceladvisor.org\/de\/wp-content\/uploads\/2023\/11\/exceladvisor.org_.png\",\"width\":105,\"height\":36,\"caption\":\"Excel Advisor\"},\"image\":{\"@id\":\"https:\/\/exceladvisor.org\/de\/#\/schema\/logo\/image\/\"}}]}<\/script>\n<!-- \/ Yoast SEO plugin. -->","yoast_head_json":{"title":"Wie berechnet man Zellwerte in VBA?","description":"In diesem Tutorial erfahren Sie, wie Sie die Methode \u201eCALCULATE\u201c in VBA verwenden, um die Berechnung des Arbeitsblatts auf manuell oder manuell umzustellen","robots":{"index":"index","follow":"follow","max-snippet":"max-snippet:-1","max-image-preview":"max-image-preview:large","max-video-preview":"max-video-preview:-1"},"canonical":"https:\/\/exceladvisor.org\/de\/berechnung\/","og_locale":"de_DE","og_type":"article","og_title":"Wie berechnet man Zellwerte in VBA?","og_description":"In diesem Tutorial erfahren Sie, wie Sie die Methode \u201eCALCULATE\u201c in VBA verwenden, um die Berechnung des Arbeitsblatts auf manuell oder manuell umzustellen","og_url":"https:\/\/exceladvisor.org\/de\/berechnung\/","og_site_name":"Excel Advisor","article_modified_time":"2023-12-03T11:14:17+00:00","og_image":[{"url":"https:\/\/exceladvisor.org\/wp-content\/uploads\/2023\/11\/calculer-vba.png","type":"","width":"","height":""}],"twitter_card":"summary_large_image","twitter_misc":{"Gesch\u00e4tzte Lesezeit":"1\u00a0Minute"},"schema":{"@context":"https:\/\/schema.org","@graph":[{"@type":"WebPage","@id":"https:\/\/exceladvisor.org\/de\/berechnung\/","url":"https:\/\/exceladvisor.org\/de\/berechnung\/","name":"Wie berechnet man Zellwerte in VBA?","isPartOf":{"@id":"https:\/\/exceladvisor.org\/de\/#website"},"primaryImageOfPage":{"@id":"https:\/\/exceladvisor.org\/de\/berechnung\/#primaryimage"},"image":{"@id":"https:\/\/exceladvisor.org\/de\/berechnung\/#primaryimage"},"thumbnailUrl":"https:\/\/exceladvisor.org\/wp-content\/uploads\/2023\/11\/calculer-vba.png","datePublished":"2023-09-30T23:35:12+00:00","dateModified":"2023-12-03T11:14:17+00:00","description":"In diesem Tutorial erfahren Sie, wie Sie die Methode \u201eCALCULATE\u201c in VBA verwenden, um die Berechnung des Arbeitsblatts auf manuell oder manuell umzustellen","breadcrumb":{"@id":"https:\/\/exceladvisor.org\/de\/berechnung\/#breadcrumb"},"inLanguage":"de","potentialAction":[{"@type":"ReadAction","target":["https:\/\/exceladvisor.org\/de\/berechnung\/"]}]},{"@type":"ImageObject","inLanguage":"de","@id":"https:\/\/exceladvisor.org\/de\/berechnung\/#primaryimage","url":"https:\/\/exceladvisor.org\/wp-content\/uploads\/2023\/11\/calculer-vba.png","contentUrl":"https:\/\/exceladvisor.org\/wp-content\/uploads\/2023\/11\/calculer-vba.png"},{"@type":"BreadcrumbList","@id":"https:\/\/exceladvisor.org\/de\/berechnung\/#breadcrumb","itemListElement":[{"@type":"ListItem","position":1,"name":"Accueil","item":"https:\/\/exceladvisor.org\/de\/"},{"@type":"ListItem","position":2,"name":"Wie berechnet man zellwerte in vba?"}]},{"@type":"WebSite","@id":"https:\/\/exceladvisor.org\/de\/#website","url":"https:\/\/exceladvisor.org\/de\/","name":"Excel Advisor","description":"Ihr Leitfaden zur Datendominanz","publisher":{"@id":"https:\/\/exceladvisor.org\/de\/#organization"},"potentialAction":[{"@type":"SearchAction","target":{"@type":"EntryPoint","urlTemplate":"https:\/\/exceladvisor.org\/de\/?s={search_term_string}"},"query-input":{"@type":"PropertyValueSpecification","valueRequired":true,"valueName":"search_term_string"}}],"inLanguage":"de"},{"@type":"Organization","@id":"https:\/\/exceladvisor.org\/de\/#organization","name":"Excel Advisor","url":"https:\/\/exceladvisor.org\/de\/","logo":{"@type":"ImageObject","inLanguage":"de","@id":"https:\/\/exceladvisor.org\/de\/#\/schema\/logo\/image\/","url":"https:\/\/exceladvisor.org\/de\/wp-content\/uploads\/2023\/11\/exceladvisor.org_.png","contentUrl":"https:\/\/exceladvisor.org\/de\/wp-content\/uploads\/2023\/11\/exceladvisor.org_.png","width":105,"height":36,"caption":"Excel Advisor"},"image":{"@id":"https:\/\/exceladvisor.org\/de\/#\/schema\/logo\/image\/"}}]}},"yoast_meta":{"yoast_wpseo_title":"","yoast_wpseo_metadesc":"","yoast_wpseo_canonical":""},"_links":{"self":[{"href":"https:\/\/exceladvisor.org\/de\/wp-json\/wp\/v2\/pages\/3615","targetHints":{"allow":["GET"]}}],"collection":[{"href":"https:\/\/exceladvisor.org\/de\/wp-json\/wp\/v2\/pages"}],"about":[{"href":"https:\/\/exceladvisor.org\/de\/wp-json\/wp\/v2\/types\/page"}],"author":[{"embeddable":true,"href":"https:\/\/exceladvisor.org\/de\/wp-json\/wp\/v2\/users\/1"}],"replies":[{"embeddable":true,"href":"https:\/\/exceladvisor.org\/de\/wp-json\/wp\/v2\/comments?post=3615"}],"version-history":[{"count":1,"href":"https:\/\/exceladvisor.org\/de\/wp-json\/wp\/v2\/pages\/3615\/revisions"}],"predecessor-version":[{"id":3898,"href":"https:\/\/exceladvisor.org\/de\/wp-json\/wp\/v2\/pages\/3615\/revisions\/3898"}],"wp:attachment":[{"href":"https:\/\/exceladvisor.org\/de\/wp-json\/wp\/v2\/media?parent=3615"}],"curies":[{"name":"wp","href":"https:\/\/api.w.org\/{rel}","templated":true}]}}