{"id":3618,"date":"2023-09-30T05:44:46","date_gmt":"2023-09-30T05:44:46","guid":{"rendered":"https:\/\/exceladvisor.org\/de\/ungultiger-prozeduraufruf-oder-argumentfehler-5\/"},"modified":"2023-12-03T11:13:54","modified_gmt":"2023-12-03T11:13:54","slug":"ungultiger-prozeduraufruf-oder-argumentfehler-5","status":"publish","type":"page","link":"https:\/\/exceladvisor.org\/de\/ungultiger-prozeduraufruf-oder-argumentfehler-5\/","title":{"rendered":"Wie behebe ich den vba-fehler 5 in excel?"},"content":{"rendered":"<div class=\"excel-vor-dem-inhalt\" id=\"excel-899479548\"><script type=\"text\/javascript\">\r\n\tatOptions = {\r\n\t\t'key' : 'c1158f160081d6540a8409e6925dab94',\r\n\t\t'format' : 'iframe',\r\n\t\t'height' : 250,\r\n\t\t'width' : 300,\r\n\t\t'params' : {}\r\n\t};\r\n<\/script>\r\n<script type=\"text\/javascript\" src=\"\/\/www.highperformanceformat.com\/c1158f160081d6540a8409e6925dab94\/invoke.js\"><\/script><\/div> <p>Wie Microsoft sagt, tritt ein ung\u00fcltiger Prozeduraufruf oder ein ung\u00fcltiges Argument (Fehler 5) auf, wenn Sie einen angegebenen Wert haben, der au\u00dferhalb des Argumentbereichs liegt, oder wenn Sie eine Prozedur verwenden, die auf der Plattform nicht verf\u00fcgbar ist. -aktuelles Excel-Formular. Der Fehler k\u00f6nnte eines dieser Probleme sein, die verschiedene Ursachen haben k\u00f6nnen.<\/p><p> <strong>Fehlermeldung<\/strong><\/p><ul><li> Ung\u00fcltiger VBA-Prozeduraufruf oder Argumentfehler (Fehler 5)<\/li><\/ul><p> Sie verwenden beispielsweise eine VBA-SIN-Funktion im Code. Wenn Sie nun den Argumentwert angeben und den Zahlenbereich verlassen, gibt VBA diesen Fehler aus.<\/p><p> Oder Sie haben vielleicht Code in der Windows-Version von Excel geschrieben und wenn Sie versuchen, denselben Code in der Macintosh-Version auszuf\u00fchren, erhalten Sie die Fehlermeldung 5 \u201eUng\u00fcltiger Prozeduraufruf oder Argument\u201c, weil die Prozedur, die Sie ausf\u00fchren m\u00f6chten, ung\u00fcltig ist.<\/p><div class=\"gb-container gb-container-4db6181c gb-container-mt\"> <a class=\"gb-button gb-button-c5897111 gb-button-text gb-button-mt-button\" href=\"https:\/\/exceladvisor.org\/de\/vba\/\">Was ist VBA<\/a><h2 class=\"gb-headline gb-headline-665e5f6b gb-headline-text gb-headline-mt-heading\"> Verwandte Tutorials <\/h2><div class=\"gb-grid-wrapper gb-grid-wrapper-a20baf7c gb-grid-wrapper-mt-grid\"><div class=\"gb-grid-column gb-grid-column-65ddf67e\"><div class=\"gb-container gb-container-65ddf67e\"><ul><li> <a href=\"https:\/\/exceladvisor.org\/de\/fehlerbehandlung\/\">VBA-Fehlerbehandlung<\/a><\/li><li> <a href=\"https:\/\/exceladvisor.org\/de\/automatisierungsfehler-440\/\">VBA-Automatisierungsfehler (Fehler 440)<\/a><\/li><li> <a href=\"https:\/\/exceladvisor.org\/de\/fehler-400\/\">VBA-Fehler 400<\/a><\/li><li> <a href=\"https:\/\/exceladvisor.org\/de\/das-objekt-unterstutzt-diese-eigenschaft-oder-methode-nicht.-fehler-438\/\">VBA-Objekt unterst\u00fctzt diesen Eigenschafts- oder Methodenfehler nicht (Fehler 438)<\/a><\/li><li> <a href=\"https:\/\/exceladvisor.org\/de\/objekt-erforderlich-fehler-424\/\">Fehler \u201eVBA-Objekt erforderlich\u201c (Fehler 424)<\/a> <\/li><\/ul><\/div><\/div><div class=\"gb-grid-column gb-grid-column-50067b57\"><div class=\"gb-container gb-container-50067b57\"><\/div><\/div><\/div><\/div>","protected":false},"excerpt":{"rendered":"","protected":false},"author":1,"featured_media":0,"parent":0,"menu_order":0,"comment_status":"open","ping_status":"closed","template":"","meta":{"ub_ctt_via":"","footnotes":""},"class_list":["post-3618","page","type-page","status-publish","hentry"],"featured_image_src":null,"yoast_head":"<!-- This site is optimized with the Yoast SEO plugin v25.4 - https:\/\/yoast.com\/wordpress\/plugins\/seo\/ -->\n<title>\u25b7Wie behebe ich den VBA 5-Fehler? (Tutorial 2023)<\/title>\n<meta name=\"description\" content=\"In diesem Tutorial erfahren Sie, warum der ung\u00fcltige Prozeduraufruf oder das ung\u00fcltige Argument (Fehler 5) auftritt und wie Sie damit umgehen\" \/>\n<meta name=\"robots\" content=\"index, follow, max-snippet:-1, max-image-preview:large, max-video-preview:-1\" \/>\n<link rel=\"canonical\" href=\"https:\/\/exceladvisor.org\/de\/ungultiger-prozeduraufruf-oder-argumentfehler-5\/\" \/>\n<meta property=\"og:locale\" content=\"de_DE\" \/>\n<meta property=\"og:type\" content=\"article\" \/>\n<meta property=\"og:title\" content=\"\u25b7Wie behebe ich den VBA 5-Fehler? (Tutorial 2023)\" \/>\n<meta property=\"og:description\" content=\"In diesem Tutorial erfahren Sie, warum der ung\u00fcltige Prozeduraufruf oder das ung\u00fcltige Argument (Fehler 5) auftritt und wie Sie damit umgehen\" \/>\n<meta property=\"og:url\" content=\"https:\/\/exceladvisor.org\/de\/ungultiger-prozeduraufruf-oder-argumentfehler-5\/\" \/>\n<meta property=\"og:site_name\" content=\"Excel Advisor\" \/>\n<meta property=\"article:modified_time\" content=\"2023-12-03T11:13:54+00:00\" \/>\n<meta name=\"twitter:card\" content=\"summary_large_image\" \/>\n<meta name=\"twitter:label1\" content=\"Gesch\u00e4tzte Lesezeit\" \/>\n\t<meta name=\"twitter:data1\" content=\"1\u00a0Minute\" \/>\n<script type=\"application\/ld+json\" class=\"yoast-schema-graph\">{\"@context\":\"https:\/\/schema.org\",\"@graph\":[{\"@type\":\"WebPage\",\"@id\":\"https:\/\/exceladvisor.org\/de\/ungultiger-prozeduraufruf-oder-argumentfehler-5\/\",\"url\":\"https:\/\/exceladvisor.org\/de\/ungultiger-prozeduraufruf-oder-argumentfehler-5\/\",\"name\":\"\u25b7Wie behebe ich den VBA 5-Fehler? (Tutorial 2023)\",\"isPartOf\":{\"@id\":\"https:\/\/exceladvisor.org\/de\/#website\"},\"datePublished\":\"2023-09-30T05:44:46+00:00\",\"dateModified\":\"2023-12-03T11:13:54+00:00\",\"description\":\"In diesem Tutorial erfahren Sie, warum der ung\u00fcltige Prozeduraufruf oder das ung\u00fcltige Argument (Fehler 5) auftritt und wie Sie damit umgehen\",\"breadcrumb\":{\"@id\":\"https:\/\/exceladvisor.org\/de\/ungultiger-prozeduraufruf-oder-argumentfehler-5\/#breadcrumb\"},\"inLanguage\":\"de\",\"potentialAction\":[{\"@type\":\"ReadAction\",\"target\":[\"https:\/\/exceladvisor.org\/de\/ungultiger-prozeduraufruf-oder-argumentfehler-5\/\"]}]},{\"@type\":\"BreadcrumbList\",\"@id\":\"https:\/\/exceladvisor.org\/de\/ungultiger-prozeduraufruf-oder-argumentfehler-5\/#breadcrumb\",\"itemListElement\":[{\"@type\":\"ListItem\",\"position\":1,\"name\":\"Accueil\",\"item\":\"https:\/\/exceladvisor.org\/de\/\"},{\"@type\":\"ListItem\",\"position\":2,\"name\":\"Wie behebe ich den vba-fehler 5 in excel?\"}]},{\"@type\":\"WebSite\",\"@id\":\"https:\/\/exceladvisor.org\/de\/#website\",\"url\":\"https:\/\/exceladvisor.org\/de\/\",\"name\":\"Excel Advisor\",\"description\":\"Ihr Leitfaden zur Datendominanz\",\"publisher\":{\"@id\":\"https:\/\/exceladvisor.org\/de\/#organization\"},\"potentialAction\":[{\"@type\":\"SearchAction\",\"target\":{\"@type\":\"EntryPoint\",\"urlTemplate\":\"https:\/\/exceladvisor.org\/de\/?s={search_term_string}\"},\"query-input\":{\"@type\":\"PropertyValueSpecification\",\"valueRequired\":true,\"valueName\":\"search_term_string\"}}],\"inLanguage\":\"de\"},{\"@type\":\"Organization\",\"@id\":\"https:\/\/exceladvisor.org\/de\/#organization\",\"name\":\"Excel Advisor\",\"url\":\"https:\/\/exceladvisor.org\/de\/\",\"logo\":{\"@type\":\"ImageObject\",\"inLanguage\":\"de\",\"@id\":\"https:\/\/exceladvisor.org\/de\/#\/schema\/logo\/image\/\",\"url\":\"https:\/\/exceladvisor.org\/de\/wp-content\/uploads\/2023\/11\/exceladvisor.org_.png\",\"contentUrl\":\"https:\/\/exceladvisor.org\/de\/wp-content\/uploads\/2023\/11\/exceladvisor.org_.png\",\"width\":105,\"height\":36,\"caption\":\"Excel Advisor\"},\"image\":{\"@id\":\"https:\/\/exceladvisor.org\/de\/#\/schema\/logo\/image\/\"}}]}<\/script>\n<!-- \/ Yoast SEO plugin. -->","yoast_head_json":{"title":"\u25b7Wie behebe ich den VBA 5-Fehler? (Tutorial 2023)","description":"In diesem Tutorial erfahren Sie, warum der ung\u00fcltige Prozeduraufruf oder das ung\u00fcltige Argument (Fehler 5) auftritt und wie Sie damit umgehen","robots":{"index":"index","follow":"follow","max-snippet":"max-snippet:-1","max-image-preview":"max-image-preview:large","max-video-preview":"max-video-preview:-1"},"canonical":"https:\/\/exceladvisor.org\/de\/ungultiger-prozeduraufruf-oder-argumentfehler-5\/","og_locale":"de_DE","og_type":"article","og_title":"\u25b7Wie behebe ich den VBA 5-Fehler? (Tutorial 2023)","og_description":"In diesem Tutorial erfahren Sie, warum der ung\u00fcltige Prozeduraufruf oder das ung\u00fcltige Argument (Fehler 5) auftritt und wie Sie damit umgehen","og_url":"https:\/\/exceladvisor.org\/de\/ungultiger-prozeduraufruf-oder-argumentfehler-5\/","og_site_name":"Excel Advisor","article_modified_time":"2023-12-03T11:13:54+00:00","twitter_card":"summary_large_image","twitter_misc":{"Gesch\u00e4tzte Lesezeit":"1\u00a0Minute"},"schema":{"@context":"https:\/\/schema.org","@graph":[{"@type":"WebPage","@id":"https:\/\/exceladvisor.org\/de\/ungultiger-prozeduraufruf-oder-argumentfehler-5\/","url":"https:\/\/exceladvisor.org\/de\/ungultiger-prozeduraufruf-oder-argumentfehler-5\/","name":"\u25b7Wie behebe ich den VBA 5-Fehler? (Tutorial 2023)","isPartOf":{"@id":"https:\/\/exceladvisor.org\/de\/#website"},"datePublished":"2023-09-30T05:44:46+00:00","dateModified":"2023-12-03T11:13:54+00:00","description":"In diesem Tutorial erfahren Sie, warum der ung\u00fcltige Prozeduraufruf oder das ung\u00fcltige Argument (Fehler 5) auftritt und wie Sie damit umgehen","breadcrumb":{"@id":"https:\/\/exceladvisor.org\/de\/ungultiger-prozeduraufruf-oder-argumentfehler-5\/#breadcrumb"},"inLanguage":"de","potentialAction":[{"@type":"ReadAction","target":["https:\/\/exceladvisor.org\/de\/ungultiger-prozeduraufruf-oder-argumentfehler-5\/"]}]},{"@type":"BreadcrumbList","@id":"https:\/\/exceladvisor.org\/de\/ungultiger-prozeduraufruf-oder-argumentfehler-5\/#breadcrumb","itemListElement":[{"@type":"ListItem","position":1,"name":"Accueil","item":"https:\/\/exceladvisor.org\/de\/"},{"@type":"ListItem","position":2,"name":"Wie behebe ich den vba-fehler 5 in excel?"}]},{"@type":"WebSite","@id":"https:\/\/exceladvisor.org\/de\/#website","url":"https:\/\/exceladvisor.org\/de\/","name":"Excel Advisor","description":"Ihr Leitfaden zur Datendominanz","publisher":{"@id":"https:\/\/exceladvisor.org\/de\/#organization"},"potentialAction":[{"@type":"SearchAction","target":{"@type":"EntryPoint","urlTemplate":"https:\/\/exceladvisor.org\/de\/?s={search_term_string}"},"query-input":{"@type":"PropertyValueSpecification","valueRequired":true,"valueName":"search_term_string"}}],"inLanguage":"de"},{"@type":"Organization","@id":"https:\/\/exceladvisor.org\/de\/#organization","name":"Excel Advisor","url":"https:\/\/exceladvisor.org\/de\/","logo":{"@type":"ImageObject","inLanguage":"de","@id":"https:\/\/exceladvisor.org\/de\/#\/schema\/logo\/image\/","url":"https:\/\/exceladvisor.org\/de\/wp-content\/uploads\/2023\/11\/exceladvisor.org_.png","contentUrl":"https:\/\/exceladvisor.org\/de\/wp-content\/uploads\/2023\/11\/exceladvisor.org_.png","width":105,"height":36,"caption":"Excel Advisor"},"image":{"@id":"https:\/\/exceladvisor.org\/de\/#\/schema\/logo\/image\/"}}]}},"yoast_meta":{"yoast_wpseo_title":"","yoast_wpseo_metadesc":"","yoast_wpseo_canonical":""},"_links":{"self":[{"href":"https:\/\/exceladvisor.org\/de\/wp-json\/wp\/v2\/pages\/3618","targetHints":{"allow":["GET"]}}],"collection":[{"href":"https:\/\/exceladvisor.org\/de\/wp-json\/wp\/v2\/pages"}],"about":[{"href":"https:\/\/exceladvisor.org\/de\/wp-json\/wp\/v2\/types\/page"}],"author":[{"embeddable":true,"href":"https:\/\/exceladvisor.org\/de\/wp-json\/wp\/v2\/users\/1"}],"replies":[{"embeddable":true,"href":"https:\/\/exceladvisor.org\/de\/wp-json\/wp\/v2\/comments?post=3618"}],"version-history":[{"count":1,"href":"https:\/\/exceladvisor.org\/de\/wp-json\/wp\/v2\/pages\/3618\/revisions"}],"predecessor-version":[{"id":3867,"href":"https:\/\/exceladvisor.org\/de\/wp-json\/wp\/v2\/pages\/3618\/revisions\/3867"}],"wp:attachment":[{"href":"https:\/\/exceladvisor.org\/de\/wp-json\/wp\/v2\/media?parent=3618"}],"curies":[{"name":"wp","href":"https:\/\/api.w.org\/{rel}","templated":true}]}}