{"id":3619,"date":"2023-09-30T05:31:59","date_gmt":"2023-09-30T05:31:59","guid":{"rendered":"https:\/\/exceladvisor.org\/de\/uberlauffehler-6\/"},"modified":"2023-12-03T11:14:00","modified_gmt":"2023-12-03T11:14:00","slug":"uberlauffehler-6","status":"publish","type":"page","link":"https:\/\/exceladvisor.org\/de\/uberlauffehler-6\/","title":{"rendered":"Wie behebt man den vba-\u00fcberlauffehler (fehler 6)?"},"content":{"rendered":"<div class=\"excel-vor-dem-inhalt\" id=\"excel-3741904286\"><script type=\"text\/javascript\">\r\n\tatOptions = {\r\n\t\t'key' : 'c1158f160081d6540a8409e6925dab94',\r\n\t\t'format' : 'iframe',\r\n\t\t'height' : 250,\r\n\t\t'width' : 300,\r\n\t\t'params' : {}\r\n\t};\r\n<\/script>\r\n<script type=\"text\/javascript\" src=\"\/\/www.highperformanceformat.com\/c1158f160081d6540a8409e6925dab94\/invoke.js\"><\/script><\/div> <p>In VBA ist \u00dcberlauf (Fehler 6) ein Laufzeitfehler, der auftritt, wenn Sie f\u00fcr die Variable eine Zahl angeben, die au\u00dferhalb des Zahlenbereichs liegt, den dieser Datentyp annehmen kann. Einfach ausgedr\u00fcckt tritt dieser Fehler auf, wenn Sie den Bereich f\u00fcr den Typ einer Variablen verlassen.<\/p><p> Angenommen, Sie verwenden den Datentyp \u201eInteger\u201c, der Werte zwischen -32768 und 32767 annehmen kann. Wenn Sie also einen Wert au\u00dferhalb dieses Bereichs angeben, erhalten Sie den Laufzeitfehler \u201eOverflow\u201c. <\/p><div class=\"wp-block-image\"><figure class=\"aligncenter size-large is-resized\"><img loading=\"lazy\" decoding=\"async\" class=\"wp-image-57085\" src=\"https:\/\/exceladvisor.org\/wp-content\/uploads\/2023\/08\/1-erreur-de-debordement-vba.png\" sizes=\"auto, \" srcset=\"\" alt=\"VBA-\u00dcberlauffehler\" width=\"679\" height=\"315\"><\/figure><\/div><p> Im obigen Beispiel sehen Sie, dass wir den Datentyp \u201eInteger\u201c f\u00fcr die iNum-Variable verwendet haben, aber bei der Angabe des Werts haben wir \u201e10000000\u201c verwendet, was weit \u00fcber dem Bereich liegt, und wenn Sie den Laufzeitfehler ausf\u00fchren, tritt ein \u00dcberlaufcode auf. <\/p><div class=\"wp-block-image\"><figure class=\"aligncenter size-large is-resized\"><img loading=\"lazy\" decoding=\"async\" class=\"wp-image-57086\" src=\"https:\/\/exceladvisor.org\/wp-content\/uploads\/2023\/08\/2-erreur-de-type-dexecution-de-debordement.png\" sizes=\"auto, \" srcset=\"\" alt=\"\" width=\"841\" height=\"231\"><\/figure><\/div><pre class=\"wp-block-code\"> <code class=\"language-visual-basic\" lang=\"visual-basic\">Sub myMacro() Dim iNum As Integer iNum = 10000000 End Sub<\/code><\/pre><h2 class=\"wp-block-heading\"> <strong>Umgang mit \u00dcberlauf (VBA-Fehler 6)<\/strong><\/h2><p> Die M\u00f6glichkeit, mit diesem Fehler umzugehen, besteht darin, ein umfassendes Verst\u00e4ndnis der VBA-Datentypen zu erlangen, die Sie beim Deklarieren einer Variablen verwenden sollten. Sie m\u00fcssen einen Wertebereich verarbeiten, wenn Sie einen Datentyp zum Speichern eines numerischen Werts in der Variablen verwenden. Sie m\u00fcssen sich also den Bereich des Ergebnisses ansehen, das Sie in der Variablen speichern m\u00f6chten.<\/p><div class=\"gb-container gb-container-4db6181c gb-container-mt\"> <a class=\"gb-button gb-button-c5897111 gb-button-text gb-button-mt-button\" href=\"https:\/\/exceladvisor.org\/de\/vba\/\">Was ist VBA<\/a><h2 class=\"gb-headline gb-headline-665e5f6b gb-headline-text gb-headline-mt-heading\"> Verwandte Tutorials <\/h2><div class=\"gb-grid-wrapper gb-grid-wrapper-a20baf7c gb-grid-wrapper-mt-grid\"><div class=\"gb-grid-column gb-grid-column-65ddf67e\"><div class=\"gb-container gb-container-65ddf67e\"><ul><li> <a href=\"https:\/\/exceladvisor.org\/de\/fehlerbehandlung\/\">VBA-Fehlerbehandlung<\/a><\/li><li> <a href=\"https:\/\/exceladvisor.org\/de\/automatisierungsfehler-440\/\">VBA-Automatisierungsfehler (Fehler 440)<\/a><\/li><li> <a href=\"https:\/\/exceladvisor.org\/de\/fehler-400\/\">VBA-Fehler 400<\/a><\/li><li> <a href=\"https:\/\/exceladvisor.org\/de\/ungultiger-prozeduraufruf-oder-argumentfehler-5\/\">Ung\u00fcltiger VBA-Prozeduraufruf oder Argumentfehler (Fehler 5)<\/a><\/li><li> <a href=\"https:\/\/exceladvisor.org\/de\/das-objekt-unterstutzt-diese-eigenschaft-oder-methode-nicht.-fehler-438\/\">VBA-Objekt unterst\u00fctzt diesen Eigenschafts- oder Methodenfehler nicht (Fehler 438)<\/a> <\/li><\/ul><\/div><\/div><div class=\"gb-grid-column gb-grid-column-50067b57\"><div class=\"gb-container gb-container-50067b57\"><\/div><\/div><\/div><\/div>","protected":false},"excerpt":{"rendered":"","protected":false},"author":1,"featured_media":0,"parent":0,"menu_order":0,"comment_status":"open","ping_status":"closed","template":"","meta":{"ub_ctt_via":"","footnotes":""},"class_list":["post-3619","page","type-page","status-publish","hentry"],"featured_image_src":null,"yoast_head":"<!-- This site is optimized with the Yoast SEO plugin v25.4 - https:\/\/yoast.com\/wordpress\/plugins\/seo\/ -->\n<title>\u25b7 Wie behebe ich den VBA-\u00dcberlauffehler (Fehler 6)?<\/title>\n<meta name=\"description\" content=\"In diesem Tutorial erfahren Sie, warum ein \u00dcberlauf (Fehler 6) auftritt und wie Sie beim Schreiben von VBA-Code damit umgehen.\" \/>\n<meta name=\"robots\" content=\"index, follow, max-snippet:-1, max-image-preview:large, max-video-preview:-1\" \/>\n<link rel=\"canonical\" href=\"https:\/\/exceladvisor.org\/de\/uberlauffehler-6\/\" \/>\n<meta property=\"og:locale\" content=\"de_DE\" \/>\n<meta property=\"og:type\" content=\"article\" \/>\n<meta property=\"og:title\" content=\"\u25b7 Wie behebe ich den VBA-\u00dcberlauffehler (Fehler 6)?\" \/>\n<meta property=\"og:description\" content=\"In diesem Tutorial erfahren Sie, warum ein \u00dcberlauf (Fehler 6) auftritt und wie Sie beim Schreiben von VBA-Code damit umgehen.\" \/>\n<meta property=\"og:url\" content=\"https:\/\/exceladvisor.org\/de\/uberlauffehler-6\/\" \/>\n<meta property=\"og:site_name\" content=\"Excel Advisor\" \/>\n<meta property=\"article:modified_time\" content=\"2023-12-03T11:14:00+00:00\" \/>\n<meta property=\"og:image\" content=\"https:\/\/exceladvisor.org\/wp-content\/uploads\/2023\/08\/1-erreur-de-debordement-vba.png\" \/>\n<meta name=\"twitter:card\" content=\"summary_large_image\" \/>\n<meta name=\"twitter:label1\" content=\"Gesch\u00e4tzte Lesezeit\" \/>\n\t<meta name=\"twitter:data1\" content=\"1\u00a0Minute\" \/>\n<script type=\"application\/ld+json\" class=\"yoast-schema-graph\">{\"@context\":\"https:\/\/schema.org\",\"@graph\":[{\"@type\":\"WebPage\",\"@id\":\"https:\/\/exceladvisor.org\/de\/uberlauffehler-6\/\",\"url\":\"https:\/\/exceladvisor.org\/de\/uberlauffehler-6\/\",\"name\":\"\u25b7 Wie behebe ich den VBA-\u00dcberlauffehler (Fehler 6)?\",\"isPartOf\":{\"@id\":\"https:\/\/exceladvisor.org\/de\/#website\"},\"primaryImageOfPage\":{\"@id\":\"https:\/\/exceladvisor.org\/de\/uberlauffehler-6\/#primaryimage\"},\"image\":{\"@id\":\"https:\/\/exceladvisor.org\/de\/uberlauffehler-6\/#primaryimage\"},\"thumbnailUrl\":\"https:\/\/exceladvisor.org\/wp-content\/uploads\/2023\/08\/1-erreur-de-debordement-vba.png\",\"datePublished\":\"2023-09-30T05:31:59+00:00\",\"dateModified\":\"2023-12-03T11:14:00+00:00\",\"description\":\"In diesem Tutorial erfahren Sie, warum ein \u00dcberlauf (Fehler 6) auftritt und wie Sie beim Schreiben von VBA-Code damit umgehen.\",\"breadcrumb\":{\"@id\":\"https:\/\/exceladvisor.org\/de\/uberlauffehler-6\/#breadcrumb\"},\"inLanguage\":\"de\",\"potentialAction\":[{\"@type\":\"ReadAction\",\"target\":[\"https:\/\/exceladvisor.org\/de\/uberlauffehler-6\/\"]}]},{\"@type\":\"ImageObject\",\"inLanguage\":\"de\",\"@id\":\"https:\/\/exceladvisor.org\/de\/uberlauffehler-6\/#primaryimage\",\"url\":\"https:\/\/exceladvisor.org\/wp-content\/uploads\/2023\/08\/1-erreur-de-debordement-vba.png\",\"contentUrl\":\"https:\/\/exceladvisor.org\/wp-content\/uploads\/2023\/08\/1-erreur-de-debordement-vba.png\"},{\"@type\":\"BreadcrumbList\",\"@id\":\"https:\/\/exceladvisor.org\/de\/uberlauffehler-6\/#breadcrumb\",\"itemListElement\":[{\"@type\":\"ListItem\",\"position\":1,\"name\":\"Accueil\",\"item\":\"https:\/\/exceladvisor.org\/de\/\"},{\"@type\":\"ListItem\",\"position\":2,\"name\":\"Wie behebt man den vba-\u00fcberlauffehler (fehler 6)?\"}]},{\"@type\":\"WebSite\",\"@id\":\"https:\/\/exceladvisor.org\/de\/#website\",\"url\":\"https:\/\/exceladvisor.org\/de\/\",\"name\":\"Excel Advisor\",\"description\":\"Ihr Leitfaden zur Datendominanz\",\"publisher\":{\"@id\":\"https:\/\/exceladvisor.org\/de\/#organization\"},\"potentialAction\":[{\"@type\":\"SearchAction\",\"target\":{\"@type\":\"EntryPoint\",\"urlTemplate\":\"https:\/\/exceladvisor.org\/de\/?s={search_term_string}\"},\"query-input\":{\"@type\":\"PropertyValueSpecification\",\"valueRequired\":true,\"valueName\":\"search_term_string\"}}],\"inLanguage\":\"de\"},{\"@type\":\"Organization\",\"@id\":\"https:\/\/exceladvisor.org\/de\/#organization\",\"name\":\"Excel Advisor\",\"url\":\"https:\/\/exceladvisor.org\/de\/\",\"logo\":{\"@type\":\"ImageObject\",\"inLanguage\":\"de\",\"@id\":\"https:\/\/exceladvisor.org\/de\/#\/schema\/logo\/image\/\",\"url\":\"https:\/\/exceladvisor.org\/de\/wp-content\/uploads\/2023\/11\/exceladvisor.org_.png\",\"contentUrl\":\"https:\/\/exceladvisor.org\/de\/wp-content\/uploads\/2023\/11\/exceladvisor.org_.png\",\"width\":105,\"height\":36,\"caption\":\"Excel Advisor\"},\"image\":{\"@id\":\"https:\/\/exceladvisor.org\/de\/#\/schema\/logo\/image\/\"}}]}<\/script>\n<!-- \/ Yoast SEO plugin. -->","yoast_head_json":{"title":"\u25b7 Wie behebe ich den VBA-\u00dcberlauffehler (Fehler 6)?","description":"In diesem Tutorial erfahren Sie, warum ein \u00dcberlauf (Fehler 6) auftritt und wie Sie beim Schreiben von VBA-Code damit umgehen.","robots":{"index":"index","follow":"follow","max-snippet":"max-snippet:-1","max-image-preview":"max-image-preview:large","max-video-preview":"max-video-preview:-1"},"canonical":"https:\/\/exceladvisor.org\/de\/uberlauffehler-6\/","og_locale":"de_DE","og_type":"article","og_title":"\u25b7 Wie behebe ich den VBA-\u00dcberlauffehler (Fehler 6)?","og_description":"In diesem Tutorial erfahren Sie, warum ein \u00dcberlauf (Fehler 6) auftritt und wie Sie beim Schreiben von VBA-Code damit umgehen.","og_url":"https:\/\/exceladvisor.org\/de\/uberlauffehler-6\/","og_site_name":"Excel Advisor","article_modified_time":"2023-12-03T11:14:00+00:00","og_image":[{"url":"https:\/\/exceladvisor.org\/wp-content\/uploads\/2023\/08\/1-erreur-de-debordement-vba.png","type":"","width":"","height":""}],"twitter_card":"summary_large_image","twitter_misc":{"Gesch\u00e4tzte Lesezeit":"1\u00a0Minute"},"schema":{"@context":"https:\/\/schema.org","@graph":[{"@type":"WebPage","@id":"https:\/\/exceladvisor.org\/de\/uberlauffehler-6\/","url":"https:\/\/exceladvisor.org\/de\/uberlauffehler-6\/","name":"\u25b7 Wie behebe ich den VBA-\u00dcberlauffehler (Fehler 6)?","isPartOf":{"@id":"https:\/\/exceladvisor.org\/de\/#website"},"primaryImageOfPage":{"@id":"https:\/\/exceladvisor.org\/de\/uberlauffehler-6\/#primaryimage"},"image":{"@id":"https:\/\/exceladvisor.org\/de\/uberlauffehler-6\/#primaryimage"},"thumbnailUrl":"https:\/\/exceladvisor.org\/wp-content\/uploads\/2023\/08\/1-erreur-de-debordement-vba.png","datePublished":"2023-09-30T05:31:59+00:00","dateModified":"2023-12-03T11:14:00+00:00","description":"In diesem Tutorial erfahren Sie, warum ein \u00dcberlauf (Fehler 6) auftritt und wie Sie beim Schreiben von VBA-Code damit umgehen.","breadcrumb":{"@id":"https:\/\/exceladvisor.org\/de\/uberlauffehler-6\/#breadcrumb"},"inLanguage":"de","potentialAction":[{"@type":"ReadAction","target":["https:\/\/exceladvisor.org\/de\/uberlauffehler-6\/"]}]},{"@type":"ImageObject","inLanguage":"de","@id":"https:\/\/exceladvisor.org\/de\/uberlauffehler-6\/#primaryimage","url":"https:\/\/exceladvisor.org\/wp-content\/uploads\/2023\/08\/1-erreur-de-debordement-vba.png","contentUrl":"https:\/\/exceladvisor.org\/wp-content\/uploads\/2023\/08\/1-erreur-de-debordement-vba.png"},{"@type":"BreadcrumbList","@id":"https:\/\/exceladvisor.org\/de\/uberlauffehler-6\/#breadcrumb","itemListElement":[{"@type":"ListItem","position":1,"name":"Accueil","item":"https:\/\/exceladvisor.org\/de\/"},{"@type":"ListItem","position":2,"name":"Wie behebt man den vba-\u00fcberlauffehler (fehler 6)?"}]},{"@type":"WebSite","@id":"https:\/\/exceladvisor.org\/de\/#website","url":"https:\/\/exceladvisor.org\/de\/","name":"Excel Advisor","description":"Ihr Leitfaden zur Datendominanz","publisher":{"@id":"https:\/\/exceladvisor.org\/de\/#organization"},"potentialAction":[{"@type":"SearchAction","target":{"@type":"EntryPoint","urlTemplate":"https:\/\/exceladvisor.org\/de\/?s={search_term_string}"},"query-input":{"@type":"PropertyValueSpecification","valueRequired":true,"valueName":"search_term_string"}}],"inLanguage":"de"},{"@type":"Organization","@id":"https:\/\/exceladvisor.org\/de\/#organization","name":"Excel Advisor","url":"https:\/\/exceladvisor.org\/de\/","logo":{"@type":"ImageObject","inLanguage":"de","@id":"https:\/\/exceladvisor.org\/de\/#\/schema\/logo\/image\/","url":"https:\/\/exceladvisor.org\/de\/wp-content\/uploads\/2023\/11\/exceladvisor.org_.png","contentUrl":"https:\/\/exceladvisor.org\/de\/wp-content\/uploads\/2023\/11\/exceladvisor.org_.png","width":105,"height":36,"caption":"Excel Advisor"},"image":{"@id":"https:\/\/exceladvisor.org\/de\/#\/schema\/logo\/image\/"}}]}},"yoast_meta":{"yoast_wpseo_title":"","yoast_wpseo_metadesc":"","yoast_wpseo_canonical":""},"_links":{"self":[{"href":"https:\/\/exceladvisor.org\/de\/wp-json\/wp\/v2\/pages\/3619","targetHints":{"allow":["GET"]}}],"collection":[{"href":"https:\/\/exceladvisor.org\/de\/wp-json\/wp\/v2\/pages"}],"about":[{"href":"https:\/\/exceladvisor.org\/de\/wp-json\/wp\/v2\/types\/page"}],"author":[{"embeddable":true,"href":"https:\/\/exceladvisor.org\/de\/wp-json\/wp\/v2\/users\/1"}],"replies":[{"embeddable":true,"href":"https:\/\/exceladvisor.org\/de\/wp-json\/wp\/v2\/comments?post=3619"}],"version-history":[{"count":1,"href":"https:\/\/exceladvisor.org\/de\/wp-json\/wp\/v2\/pages\/3619\/revisions"}],"predecessor-version":[{"id":3874,"href":"https:\/\/exceladvisor.org\/de\/wp-json\/wp\/v2\/pages\/3619\/revisions\/3874"}],"wp:attachment":[{"href":"https:\/\/exceladvisor.org\/de\/wp-json\/wp\/v2\/media?parent=3619"}],"curies":[{"name":"wp","href":"https:\/\/api.w.org\/{rel}","templated":true}]}}