{"id":3620,"date":"2023-09-30T05:19:39","date_gmt":"2023-09-30T05:19:39","guid":{"rendered":"https:\/\/exceladvisor.org\/de\/fehler-400\/"},"modified":"2023-12-03T11:13:53","modified_gmt":"2023-12-03T11:13:53","slug":"fehler-400","status":"publish","type":"page","link":"https:\/\/exceladvisor.org\/de\/fehler-400\/","title":{"rendered":"Wie behebe ich den vba-fehler 400?"},"content":{"rendered":"<div class=\"excel-vor-dem-inhalt\" id=\"excel-1864481039\"><script type=\"text\/javascript\">\r\n\tatOptions = {\r\n\t\t'key' : 'c1158f160081d6540a8409e6925dab94',\r\n\t\t'format' : 'iframe',\r\n\t\t'height' : 250,\r\n\t\t'width' : 300,\r\n\t\t'params' : {}\r\n\t};\r\n<\/script>\r\n<script type=\"text\/javascript\" src=\"\/\/www.highperformanceformat.com\/c1158f160081d6540a8409e6925dab94\/invoke.js\"><\/script><\/div> <p>In VBA ist Fehler 400 ein Laufzeitfehler, der nicht so h\u00e4ufig vorkommt, aber es gibt einige Situationen, in denen dieser Fehler auftreten kann. Dieser Fehler tritt auf, wenn Microsoft Excel beim Ausf\u00fchren eines Makros abst\u00fcrzt oder fehlschl\u00e4gt. Und verschiedene Gr\u00fcnde k\u00f6nnen dazu f\u00fchren, dass Excel abst\u00fcrzt oder fehlschl\u00e4gt:<\/p><ul><li> Mangelhafte Installation von Microsoft Excel.<\/li><li> Excel konnte nicht aus einer Datei lesen oder schreiben oder versuchen, auf ein Objekt zuzugreifen, das nicht existiert oder verschoben wurde.<\/li><li> Das Makro, das Sie ausf\u00fchren m\u00f6chten, ist besch\u00e4digt.<\/li><li> Oder es besteht die M\u00f6glichkeit, dass sich in diesem System ein Virus oder eine Malware befindet.<\/li><\/ul><h2 class=\"wp-block-heading\"> So beheben Sie den VBA-Fehler 400<\/h2><p> Es ist etwas schwierig, den Fehler 400 zu beheben, da er keine Benachrichtigung enth\u00e4lt, die ihn verursacht. Sie k\u00f6nnen das Problem jedoch auf verschiedene Arten beheben.<\/p><ul><li> Sie k\u00f6nnen den Code debuggen und jede Codezeile einzeln ausf\u00fchren.<\/li><li> Sie k\u00f6nnen das gesamte Makro in ein neues Modul verschieben.<\/li><li> Sie k\u00f6nnen auch das vertrauensw\u00fcrdige VBA-Projekt aktivieren, das vollen Zugriff auf den auszuf\u00fchrenden Code gew\u00e4hrt.<\/li><\/ul><p> Wie gesagt, es besteht die M\u00f6glichkeit, dass ein Virus oder eine Malware diesen Fehler verursacht. Sie k\u00f6nnen also auch ein Antivirenprogramm verwenden, um Ihr System und alle Dateien zu scannen, auf die Sie \u00fcber das Makro zugreifen m\u00f6chten.<\/p><div class=\"gb-container gb-container-4db6181c gb-container-mt\"> <a class=\"gb-button gb-button-c5897111 gb-button-text gb-button-mt-button\" href=\"https:\/\/exceladvisor.org\/de\/vba\/\">Was ist VBA<\/a><h2 class=\"gb-headline gb-headline-665e5f6b gb-headline-text gb-headline-mt-heading\"> Verwandte Tutorials <\/h2><div class=\"gb-grid-wrapper gb-grid-wrapper-a20baf7c gb-grid-wrapper-mt-grid\"><div class=\"gb-grid-column gb-grid-column-65ddf67e\"><\/div><div class=\"gb-grid-column gb-grid-column-50067b57\"><div class=\"gb-container gb-container-50067b57\"><ul><li> <a href=\"https:\/\/exceladvisor.org\/de\/nicht-genugend-speicherfehler-7\/\">VBA-Fehler \u201eNicht gen\u00fcgend Speicher\u201c (Fehler 7)<\/a><\/li><li> <a href=\"https:\/\/exceladvisor.org\/de\/uberlauffehler-6\/\">VBA-\u00dcberlauffehler (Fehler 6)<\/a><\/li><li> <a href=\"https:\/\/exceladvisor.org\/de\/ausfuhrungsfehler-1004\/\">VBA-Laufzeitfehler (Fehler 1004)<\/a><\/li><li> <a href=\"https:\/\/exceladvisor.org\/de\/indexfehler-ausserhalb-des-bereichs-9\/\">VBA-Indexausf\u00fchrungsfehler au\u00dferhalb des zul\u00e4ssigen Bereichs (Fehler 9)<\/a><\/li><li> <a href=\"https:\/\/exceladvisor.org\/de\/inkompatibilitatsfehler-typ-13\/\">VBA-Typ-Inkompatibilit\u00e4tsfehler (Fehler 13)<\/a><\/li><\/ul><\/div><\/div><\/div><\/div>","protected":false},"excerpt":{"rendered":"","protected":false},"author":1,"featured_media":0,"parent":0,"menu_order":0,"comment_status":"open","ping_status":"closed","template":"","meta":{"ub_ctt_via":"","footnotes":""},"class_list":["post-3620","page","type-page","status-publish","hentry"],"featured_image_src":null,"yoast_head":"<!-- This site is optimized with the Yoast SEO plugin v25.4 - https:\/\/yoast.com\/wordpress\/plugins\/seo\/ -->\n<title>\u25b7Wie behebe ich den VBA-Fehler 400? (Tutorial 2023)<\/title>\n<meta name=\"description\" content=\"In diesem Tutorial erfahren Sie, warum der VBA-Fehler 400 auftritt und wie Sie beim Schreiben von VBA-Code damit umgehen.\" \/>\n<meta name=\"robots\" content=\"index, follow, max-snippet:-1, max-image-preview:large, max-video-preview:-1\" \/>\n<link rel=\"canonical\" href=\"https:\/\/exceladvisor.org\/de\/fehler-400\/\" \/>\n<meta property=\"og:locale\" content=\"de_DE\" \/>\n<meta property=\"og:type\" content=\"article\" \/>\n<meta property=\"og:title\" content=\"\u25b7Wie behebe ich den VBA-Fehler 400? (Tutorial 2023)\" \/>\n<meta property=\"og:description\" content=\"In diesem Tutorial erfahren Sie, warum der VBA-Fehler 400 auftritt und wie Sie beim Schreiben von VBA-Code damit umgehen.\" \/>\n<meta property=\"og:url\" content=\"https:\/\/exceladvisor.org\/de\/fehler-400\/\" \/>\n<meta property=\"og:site_name\" content=\"Excel Advisor\" \/>\n<meta property=\"article:modified_time\" content=\"2023-12-03T11:13:53+00:00\" \/>\n<meta name=\"twitter:card\" content=\"summary_large_image\" \/>\n<meta name=\"twitter:label1\" content=\"Gesch\u00e4tzte Lesezeit\" \/>\n\t<meta name=\"twitter:data1\" content=\"1\u00a0Minute\" \/>\n<script type=\"application\/ld+json\" class=\"yoast-schema-graph\">{\"@context\":\"https:\/\/schema.org\",\"@graph\":[{\"@type\":\"WebPage\",\"@id\":\"https:\/\/exceladvisor.org\/de\/fehler-400\/\",\"url\":\"https:\/\/exceladvisor.org\/de\/fehler-400\/\",\"name\":\"\u25b7Wie behebe ich den VBA-Fehler 400? (Tutorial 2023)\",\"isPartOf\":{\"@id\":\"https:\/\/exceladvisor.org\/de\/#website\"},\"datePublished\":\"2023-09-30T05:19:39+00:00\",\"dateModified\":\"2023-12-03T11:13:53+00:00\",\"description\":\"In diesem Tutorial erfahren Sie, warum der VBA-Fehler 400 auftritt und wie Sie beim Schreiben von VBA-Code damit umgehen.\",\"breadcrumb\":{\"@id\":\"https:\/\/exceladvisor.org\/de\/fehler-400\/#breadcrumb\"},\"inLanguage\":\"de\",\"potentialAction\":[{\"@type\":\"ReadAction\",\"target\":[\"https:\/\/exceladvisor.org\/de\/fehler-400\/\"]}]},{\"@type\":\"BreadcrumbList\",\"@id\":\"https:\/\/exceladvisor.org\/de\/fehler-400\/#breadcrumb\",\"itemListElement\":[{\"@type\":\"ListItem\",\"position\":1,\"name\":\"Accueil\",\"item\":\"https:\/\/exceladvisor.org\/de\/\"},{\"@type\":\"ListItem\",\"position\":2,\"name\":\"Wie behebe ich den vba-fehler 400?\"}]},{\"@type\":\"WebSite\",\"@id\":\"https:\/\/exceladvisor.org\/de\/#website\",\"url\":\"https:\/\/exceladvisor.org\/de\/\",\"name\":\"Excel Advisor\",\"description\":\"Ihr Leitfaden zur Datendominanz\",\"publisher\":{\"@id\":\"https:\/\/exceladvisor.org\/de\/#organization\"},\"potentialAction\":[{\"@type\":\"SearchAction\",\"target\":{\"@type\":\"EntryPoint\",\"urlTemplate\":\"https:\/\/exceladvisor.org\/de\/?s={search_term_string}\"},\"query-input\":{\"@type\":\"PropertyValueSpecification\",\"valueRequired\":true,\"valueName\":\"search_term_string\"}}],\"inLanguage\":\"de\"},{\"@type\":\"Organization\",\"@id\":\"https:\/\/exceladvisor.org\/de\/#organization\",\"name\":\"Excel Advisor\",\"url\":\"https:\/\/exceladvisor.org\/de\/\",\"logo\":{\"@type\":\"ImageObject\",\"inLanguage\":\"de\",\"@id\":\"https:\/\/exceladvisor.org\/de\/#\/schema\/logo\/image\/\",\"url\":\"https:\/\/exceladvisor.org\/de\/wp-content\/uploads\/2023\/11\/exceladvisor.org_.png\",\"contentUrl\":\"https:\/\/exceladvisor.org\/de\/wp-content\/uploads\/2023\/11\/exceladvisor.org_.png\",\"width\":105,\"height\":36,\"caption\":\"Excel Advisor\"},\"image\":{\"@id\":\"https:\/\/exceladvisor.org\/de\/#\/schema\/logo\/image\/\"}}]}<\/script>\n<!-- \/ Yoast SEO plugin. -->","yoast_head_json":{"title":"\u25b7Wie behebe ich den VBA-Fehler 400? (Tutorial 2023)","description":"In diesem Tutorial erfahren Sie, warum der VBA-Fehler 400 auftritt und wie Sie beim Schreiben von VBA-Code damit umgehen.","robots":{"index":"index","follow":"follow","max-snippet":"max-snippet:-1","max-image-preview":"max-image-preview:large","max-video-preview":"max-video-preview:-1"},"canonical":"https:\/\/exceladvisor.org\/de\/fehler-400\/","og_locale":"de_DE","og_type":"article","og_title":"\u25b7Wie behebe ich den VBA-Fehler 400? (Tutorial 2023)","og_description":"In diesem Tutorial erfahren Sie, warum der VBA-Fehler 400 auftritt und wie Sie beim Schreiben von VBA-Code damit umgehen.","og_url":"https:\/\/exceladvisor.org\/de\/fehler-400\/","og_site_name":"Excel Advisor","article_modified_time":"2023-12-03T11:13:53+00:00","twitter_card":"summary_large_image","twitter_misc":{"Gesch\u00e4tzte Lesezeit":"1\u00a0Minute"},"schema":{"@context":"https:\/\/schema.org","@graph":[{"@type":"WebPage","@id":"https:\/\/exceladvisor.org\/de\/fehler-400\/","url":"https:\/\/exceladvisor.org\/de\/fehler-400\/","name":"\u25b7Wie behebe ich den VBA-Fehler 400? (Tutorial 2023)","isPartOf":{"@id":"https:\/\/exceladvisor.org\/de\/#website"},"datePublished":"2023-09-30T05:19:39+00:00","dateModified":"2023-12-03T11:13:53+00:00","description":"In diesem Tutorial erfahren Sie, warum der VBA-Fehler 400 auftritt und wie Sie beim Schreiben von VBA-Code damit umgehen.","breadcrumb":{"@id":"https:\/\/exceladvisor.org\/de\/fehler-400\/#breadcrumb"},"inLanguage":"de","potentialAction":[{"@type":"ReadAction","target":["https:\/\/exceladvisor.org\/de\/fehler-400\/"]}]},{"@type":"BreadcrumbList","@id":"https:\/\/exceladvisor.org\/de\/fehler-400\/#breadcrumb","itemListElement":[{"@type":"ListItem","position":1,"name":"Accueil","item":"https:\/\/exceladvisor.org\/de\/"},{"@type":"ListItem","position":2,"name":"Wie behebe ich den vba-fehler 400?"}]},{"@type":"WebSite","@id":"https:\/\/exceladvisor.org\/de\/#website","url":"https:\/\/exceladvisor.org\/de\/","name":"Excel Advisor","description":"Ihr Leitfaden zur Datendominanz","publisher":{"@id":"https:\/\/exceladvisor.org\/de\/#organization"},"potentialAction":[{"@type":"SearchAction","target":{"@type":"EntryPoint","urlTemplate":"https:\/\/exceladvisor.org\/de\/?s={search_term_string}"},"query-input":{"@type":"PropertyValueSpecification","valueRequired":true,"valueName":"search_term_string"}}],"inLanguage":"de"},{"@type":"Organization","@id":"https:\/\/exceladvisor.org\/de\/#organization","name":"Excel Advisor","url":"https:\/\/exceladvisor.org\/de\/","logo":{"@type":"ImageObject","inLanguage":"de","@id":"https:\/\/exceladvisor.org\/de\/#\/schema\/logo\/image\/","url":"https:\/\/exceladvisor.org\/de\/wp-content\/uploads\/2023\/11\/exceladvisor.org_.png","contentUrl":"https:\/\/exceladvisor.org\/de\/wp-content\/uploads\/2023\/11\/exceladvisor.org_.png","width":105,"height":36,"caption":"Excel Advisor"},"image":{"@id":"https:\/\/exceladvisor.org\/de\/#\/schema\/logo\/image\/"}}]}},"yoast_meta":{"yoast_wpseo_title":"","yoast_wpseo_metadesc":"","yoast_wpseo_canonical":""},"_links":{"self":[{"href":"https:\/\/exceladvisor.org\/de\/wp-json\/wp\/v2\/pages\/3620","targetHints":{"allow":["GET"]}}],"collection":[{"href":"https:\/\/exceladvisor.org\/de\/wp-json\/wp\/v2\/pages"}],"about":[{"href":"https:\/\/exceladvisor.org\/de\/wp-json\/wp\/v2\/types\/page"}],"author":[{"embeddable":true,"href":"https:\/\/exceladvisor.org\/de\/wp-json\/wp\/v2\/users\/1"}],"replies":[{"embeddable":true,"href":"https:\/\/exceladvisor.org\/de\/wp-json\/wp\/v2\/comments?post=3620"}],"version-history":[{"count":1,"href":"https:\/\/exceladvisor.org\/de\/wp-json\/wp\/v2\/pages\/3620\/revisions"}],"predecessor-version":[{"id":3865,"href":"https:\/\/exceladvisor.org\/de\/wp-json\/wp\/v2\/pages\/3620\/revisions\/3865"}],"wp:attachment":[{"href":"https:\/\/exceladvisor.org\/de\/wp-json\/wp\/v2\/media?parent=3620"}],"curies":[{"name":"wp","href":"https:\/\/api.w.org\/{rel}","templated":true}]}}