{"id":3623,"date":"2023-09-30T04:10:38","date_gmt":"2023-09-30T04:10:38","guid":{"rendered":"https:\/\/exceladvisor.org\/de\/sofortiger-fenster-debugging-druck\/"},"modified":"2023-12-03T11:12:37","modified_gmt":"2023-12-03T11:12:37","slug":"sofortiger-fenster-debugging-druck","status":"publish","type":"page","link":"https:\/\/exceladvisor.org\/de\/sofortiger-fenster-debugging-druck\/","title":{"rendered":"Immediate window vba: die vollst\u00e4ndige illustrierte anleitung"},"content":{"rendered":"<div class=\"excel-vor-dem-inhalt\" id=\"excel-983207776\"><script type=\"text\/javascript\">\r\n\tatOptions = {\r\n\t\t'key' : 'c1158f160081d6540a8409e6925dab94',\r\n\t\t'format' : 'iframe',\r\n\t\t'height' : 250,\r\n\t\t'width' : 300,\r\n\t\t'params' : {}\r\n\t};\r\n<\/script>\r\n<script type=\"text\/javascript\" src=\"\/\/www.highperformanceformat.com\/c1158f160081d6540a8409e6925dab94\/invoke.js\"><\/script><\/div> <h2 class=\"wp-block-heading\">Was ist ein Sofortfenster?<\/h2><p> Das Instant Window ist ein kleines Visual Basic-Editorfeld, mit dem Sie eine einzelne Codezeile ausf\u00fchren und sofortige Ergebnisse erhalten k\u00f6nnen. Einfach ausgedr\u00fcckt: Anstatt Ihren Code direkt in Excel auszuf\u00fchren, k\u00f6nnen Sie eine Makrozeile f\u00fcr das, was er zur\u00fcckgibt, ausf\u00fchren. Dies ist sehr n\u00fctzlich, wenn Sie Code debuggen.<\/p><p> Wenn Sie den Visual Basic-Editor \u00f6ffnen (Alt+F11), sehen Sie unten das Direktfenster. <\/p><div class=\"wp-block-image\"><figure class=\"aligncenter size-large is-resized\"><img loading=\"lazy\" decoding=\"async\" class=\"wp-image-51309\" src=\"https:\/\/exceladvisor.org\/wp-content\/uploads\/2023\/08\/1-fenetre-immediate-vba.png\" sizes=\"auto, \" srcset=\"\" alt=\"Sofortiges Fenster vba\" width=\"631\" height=\"583\"><\/figure><\/div><p> Wenn es jedoch nicht vorhanden ist, m\u00fcssen Sie es \u00fcber das Bearbeitungsmen\u00fc aktivieren oder Sie k\u00f6nnen auch die <a href=\"https:\/\/exceladvisor.org\/de\/tastaturkurzel\/\">Tastenkombination Strg<\/a> + G verwenden. <\/p><div class=\"wp-block-image\"><figure class=\"aligncenter size-large is-resized\"><img loading=\"lazy\" decoding=\"async\" class=\"wp-image-51310\" src=\"https:\/\/exceladvisor.org\/wp-content\/uploads\/2023\/08\/2-raccourci-clavier-pour-fenetre-immediate.png\" sizes=\"auto, \" srcset=\"\" alt=\"Hotkey-Verkn\u00fcpfung-f\u00fcr-Fenster-Popup\" width=\"258\" height=\"428\"><\/figure><\/div><p> Und wenn Sie es entsperren m\u00f6chten, klicken Sie auf die Titelleiste, halten Sie die Maustaste gedr\u00fcckt und ziehen Sie sie in den <a href=\"https:\/\/exceladvisor.org\/de\/einfacher-visueller-editor\/\">VB-Editor<\/a> oder aus ihm heraus. <\/p><div class=\"wp-block-image\"><figure class=\"aligncenter size-large is-resized\"><img loading=\"lazy\" decoding=\"async\" class=\"wp-image-51311\" src=\"https:\/\/exceladvisor.org\/wp-content\/uploads\/2023\/08\/3-cliquez-et-maintenez-la-barre-de-titre.png\" sizes=\"auto, \" srcset=\"\" alt=\"Klicken-Halten-Titelleiste\" width=\"845\" height=\"511\"><\/figure><\/div><h2 class=\"wp-block-heading\"> Was ist Debug.Print?<\/h2><p> Debug.Print ist ein Befehl, mit dem Sie eine einzelne Codezeile ausf\u00fchren und das Ergebnis dieser Zeile im Direktfenster abrufen k\u00f6nnen. Einfach ausgedr\u00fcckt: Wenn Sie den Befehl debug.print am Anfang der Codezeile verwenden und ihn dann ausf\u00fchren, zeigt VBA das Ergebnis dieser Zeile im unmittelbaren Fenster an.<\/p><p> Stellen Sie sich vor, Sie m\u00f6chten wissen, welche Schriftfarbe auf A1 angewendet wird. In diesem Fall k\u00f6nnen Sie die folgende Codezeile verwenden. Sie beginnt mit Debug.Print und folgt dann dem Code, um die Schriftfarbe zu erhalten.<\/p><pre class=\"wp-block-code\"> <code class=\"language-visual-basic\" lang=\"visual-basic\">Debug.Print Range(\"A1\").Font.Color<\/code><\/pre><p> Wenn Sie nun diesen Code ausf\u00fchren, erhalten Sie im unmittelbaren Fenster das Ergebnis wie folgt: <\/p><div class=\"wp-block-image\"><figure class=\"aligncenter size-large is-resized\"><img loading=\"lazy\" decoding=\"async\" class=\"wp-image-51312\" src=\"https:\/\/exceladvisor.org\/wp-content\/uploads\/2023\/08\/4-impression-de-debogage.png\" sizes=\"auto, \" srcset=\"\" alt=\"Debug-Druck\" width=\"735\" height=\"503\"><\/figure><\/div><h2 class=\"wp-block-heading\"> Eine Codezeile ausf\u00fchren<\/h2><p> Neben der Verwendung von debug.print k\u00f6nnen Sie eine Codezeile direkt im Direktfenster ausf\u00fchren. Nehmen wir an, wenn Sie einen Wert in Zelle A1 eingeben m\u00f6chten, k\u00f6nnen Sie den folgenden Code direkt in das unmittelbare Fenster eingeben und anschlie\u00dfend die EINGABETASTE dr\u00fccken. <\/p><div class=\"wp-block-image\"><figure class=\"aligncenter size-large is-resized\"><img loading=\"lazy\" decoding=\"async\" class=\"wp-image-51313\" src=\"https:\/\/exceladvisor.org\/wp-content\/uploads\/2023\/08\/5-executer-un-code-de-ligne.png\" sizes=\"auto, \" srcset=\"\" alt=\"F\u00fchren Sie einen Zeilencode aus\" width=\"537\" height=\"212\"><\/figure><\/div><p> Das unmittelbare Fenster f\u00fchrt jeweils eine einzelne Codezeile aus. Sie m\u00fcssen also f\u00fcr jede Codezeile, die Sie ausf\u00fchren m\u00f6chten, die Eingabetaste dr\u00fccken.<\/p><h2 class=\"wp-block-heading\"> <a href=\"https:\/\/exceladvisor.org\/de\/ein-makro-ausfuhren-2\/\">F\u00fchren Sie ein Makro<\/a> direkt aus dem Direktfenster aus<\/h2><p> Sie k\u00f6nnen ein Makro auch direkt aus dem Direktfenster ausf\u00fchren, indem Sie den Makronamen verwenden. Sie m\u00fcssen lediglich den Makronamen eingeben und dann die Eingabetaste dr\u00fccken. <\/p><div class=\"wp-block-image\"><figure class=\"aligncenter size-large is-resized\"><img loading=\"lazy\" decoding=\"async\" class=\"wp-image-51314\" src=\"https:\/\/exceladvisor.org\/wp-content\/uploads\/2023\/08\/6-executer-une-macro-directement.png\" sizes=\"auto, \" srcset=\"\" alt=\"F\u00fchren Sie ein Makro direkt aus\" width=\"591\" height=\"485\"><\/figure><\/div><p> Stellen Sie sicher, dass Sie die Argumente im Direktfenster festlegen, falls vorhanden. <\/p><div class=\"wp-block-image\"><figure class=\"aligncenter size-large is-resized\"><img loading=\"lazy\" decoding=\"async\" class=\"wp-image-51315\" src=\"https:\/\/exceladvisor.org\/wp-content\/uploads\/2023\/08\/7-definir-largument-dans-la-fenetre-immediate.png\" sizes=\"auto, \" srcset=\"\" alt=\"set-argument-in-immediate-window\" width=\"601\" height=\"416\"><\/figure><\/div><h2 class=\"wp-block-heading\"> Stellen Sie kurze Fragen<\/h2><p> Sie k\u00f6nnen Fragen auch direkt im Direktfenster stellen. Ich m\u00f6chte damit sagen, dass Sie direkt eine Codezeile in das unmittelbare Fenster schreiben und ein Fragezeichen verwenden k\u00f6nnen, um das Ergebnis zu erhalten.<\/p><p> Nehmen wir an, Sie m\u00f6chten den Wert in Zelle A1 wissen. In diesem Fall k\u00f6nnen Sie die folgende Codezeile in das unmittelbare Fenster eingeben und die Eingabetaste dr\u00fccken. <\/p><pre class=\"wp-block-code\"> <code class=\"language-visual-basic\" lang=\"visual-basic\">?Range(\"A1\").Value<\/code><\/pre><div class=\"wp-block-image\"><figure class=\"aligncenter size-large is-resized\"><img loading=\"lazy\" decoding=\"async\" class=\"wp-image-51316\" src=\"https:\/\/exceladvisor.org\/wp-content\/uploads\/2023\/08\/8-lignes-de-code-dans-la-fenetre-immediate.png\" sizes=\"auto, \" srcset=\"\" alt=\"Codezeile im unmittelbaren Fenster\" width=\"508\" height=\"136\"><\/figure><\/div><div class=\"gb-container gb-container-4db6181c gb-container-mt\"> <a class=\"gb-button gb-button-c5897111 gb-button-text gb-button-mt-button\" href=\"https:\/\/exceladvisor.org\/de\/vba\/\">Was ist VBA<\/a><h2 class=\"gb-headline gb-headline-665e5f6b gb-headline-text gb-headline-mt-heading\"> Verwandte Tutorials <\/h2><div class=\"gb-grid-wrapper gb-grid-wrapper-a20baf7c gb-grid-wrapper-mt-grid\"><div class=\"gb-grid-column gb-grid-column-65ddf67e\"><div class=\"gb-container gb-container-65ddf67e\"><ul><li> <a href=\"https:\/\/exceladvisor.org\/de\/interview-fragen\/\">Fragen zum VBA-Interview<\/a><\/li><li> <a href=\"https:\/\/exceladvisor.org\/de\/kommentar\/\">F\u00fcgen Sie einen Kommentar im VBA-Code hinzu<\/a><\/li><li> <a href=\"https:\/\/exceladvisor.org\/de\/zeilenumbruch\/\">F\u00fcgen Sie einen Zeilenumbruch im VBA-Code hinzu<\/a><\/li><li> <a href=\"https:\/\/exceladvisor.org\/de\/neue-zeile\/\">F\u00fcgen Sie in VBA einer Zeichenfolge eine neue Zeile (Wagenr\u00fccklauf) hinzu<\/a><\/li><li> <a href=\"https:\/\/exceladvisor.org\/de\/ein-makro-ausfuhren-2\/\">F\u00fchren Sie ein Makro in Excel aus (VBA-Code ausf\u00fchren)<\/a> <\/li><\/ul><\/div><\/div><div class=\"gb-grid-column gb-grid-column-50067b57\"><div class=\"gb-container gb-container-50067b57\"><\/div><\/div><\/div><\/div>","protected":false},"excerpt":{"rendered":"","protected":false},"author":1,"featured_media":0,"parent":0,"menu_order":0,"comment_status":"open","ping_status":"closed","template":"","meta":{"ub_ctt_via":"","footnotes":""},"class_list":["post-3623","page","type-page","status-publish","hentry"],"featured_image_src":null,"yoast_head":"<!-- This site is optimized with the Yoast SEO plugin v25.4 - https:\/\/yoast.com\/wordpress\/plugins\/seo\/ -->\n<title>\u25b7 Was ist das VBA-Immediate-Fenster (Debug.Print)?<\/title>\n<meta name=\"description\" content=\"Dieses Tutorial hilft Ihnen, das unmittelbare Fenster zu verstehen und den Befehl debug.print zu verwenden, um das Ergebnis einer Codezeile zu erhalten.\" \/>\n<meta name=\"robots\" content=\"index, follow, max-snippet:-1, max-image-preview:large, max-video-preview:-1\" \/>\n<link rel=\"canonical\" href=\"https:\/\/exceladvisor.org\/de\/sofortiger-fenster-debugging-druck\/\" \/>\n<meta property=\"og:locale\" content=\"de_DE\" \/>\n<meta property=\"og:type\" content=\"article\" \/>\n<meta property=\"og:title\" content=\"\u25b7 Was ist das VBA-Immediate-Fenster (Debug.Print)?\" \/>\n<meta property=\"og:description\" content=\"Dieses Tutorial hilft Ihnen, das unmittelbare Fenster zu verstehen und den Befehl debug.print zu verwenden, um das Ergebnis einer Codezeile zu erhalten.\" \/>\n<meta property=\"og:url\" content=\"https:\/\/exceladvisor.org\/de\/sofortiger-fenster-debugging-druck\/\" \/>\n<meta property=\"og:site_name\" content=\"Excel Advisor\" \/>\n<meta property=\"article:modified_time\" content=\"2023-12-03T11:12:37+00:00\" \/>\n<meta property=\"og:image\" content=\"https:\/\/exceladvisor.org\/wp-content\/uploads\/2023\/08\/1-fenetre-immediate-vba.png\" \/>\n<meta name=\"twitter:card\" content=\"summary_large_image\" \/>\n<meta name=\"twitter:label1\" content=\"Gesch\u00e4tzte Lesezeit\" \/>\n\t<meta name=\"twitter:data1\" content=\"2\u00a0Minuten\" \/>\n<script type=\"application\/ld+json\" class=\"yoast-schema-graph\">{\"@context\":\"https:\/\/schema.org\",\"@graph\":[{\"@type\":\"WebPage\",\"@id\":\"https:\/\/exceladvisor.org\/de\/sofortiger-fenster-debugging-druck\/\",\"url\":\"https:\/\/exceladvisor.org\/de\/sofortiger-fenster-debugging-druck\/\",\"name\":\"\u25b7 Was ist das VBA-Immediate-Fenster (Debug.Print)?\",\"isPartOf\":{\"@id\":\"https:\/\/exceladvisor.org\/de\/#website\"},\"primaryImageOfPage\":{\"@id\":\"https:\/\/exceladvisor.org\/de\/sofortiger-fenster-debugging-druck\/#primaryimage\"},\"image\":{\"@id\":\"https:\/\/exceladvisor.org\/de\/sofortiger-fenster-debugging-druck\/#primaryimage\"},\"thumbnailUrl\":\"https:\/\/exceladvisor.org\/wp-content\/uploads\/2023\/08\/1-fenetre-immediate-vba.png\",\"datePublished\":\"2023-09-30T04:10:38+00:00\",\"dateModified\":\"2023-12-03T11:12:37+00:00\",\"description\":\"Dieses Tutorial hilft Ihnen, das unmittelbare Fenster zu verstehen und den Befehl debug.print zu verwenden, um das Ergebnis einer Codezeile zu erhalten.\",\"breadcrumb\":{\"@id\":\"https:\/\/exceladvisor.org\/de\/sofortiger-fenster-debugging-druck\/#breadcrumb\"},\"inLanguage\":\"de\",\"potentialAction\":[{\"@type\":\"ReadAction\",\"target\":[\"https:\/\/exceladvisor.org\/de\/sofortiger-fenster-debugging-druck\/\"]}]},{\"@type\":\"ImageObject\",\"inLanguage\":\"de\",\"@id\":\"https:\/\/exceladvisor.org\/de\/sofortiger-fenster-debugging-druck\/#primaryimage\",\"url\":\"https:\/\/exceladvisor.org\/wp-content\/uploads\/2023\/08\/1-fenetre-immediate-vba.png\",\"contentUrl\":\"https:\/\/exceladvisor.org\/wp-content\/uploads\/2023\/08\/1-fenetre-immediate-vba.png\"},{\"@type\":\"BreadcrumbList\",\"@id\":\"https:\/\/exceladvisor.org\/de\/sofortiger-fenster-debugging-druck\/#breadcrumb\",\"itemListElement\":[{\"@type\":\"ListItem\",\"position\":1,\"name\":\"Accueil\",\"item\":\"https:\/\/exceladvisor.org\/de\/\"},{\"@type\":\"ListItem\",\"position\":2,\"name\":\"Immediate window vba: die vollst\u00e4ndige illustrierte anleitung\"}]},{\"@type\":\"WebSite\",\"@id\":\"https:\/\/exceladvisor.org\/de\/#website\",\"url\":\"https:\/\/exceladvisor.org\/de\/\",\"name\":\"Excel Advisor\",\"description\":\"Ihr Leitfaden zur Datendominanz\",\"publisher\":{\"@id\":\"https:\/\/exceladvisor.org\/de\/#organization\"},\"potentialAction\":[{\"@type\":\"SearchAction\",\"target\":{\"@type\":\"EntryPoint\",\"urlTemplate\":\"https:\/\/exceladvisor.org\/de\/?s={search_term_string}\"},\"query-input\":{\"@type\":\"PropertyValueSpecification\",\"valueRequired\":true,\"valueName\":\"search_term_string\"}}],\"inLanguage\":\"de\"},{\"@type\":\"Organization\",\"@id\":\"https:\/\/exceladvisor.org\/de\/#organization\",\"name\":\"Excel Advisor\",\"url\":\"https:\/\/exceladvisor.org\/de\/\",\"logo\":{\"@type\":\"ImageObject\",\"inLanguage\":\"de\",\"@id\":\"https:\/\/exceladvisor.org\/de\/#\/schema\/logo\/image\/\",\"url\":\"https:\/\/exceladvisor.org\/de\/wp-content\/uploads\/2023\/11\/exceladvisor.org_.png\",\"contentUrl\":\"https:\/\/exceladvisor.org\/de\/wp-content\/uploads\/2023\/11\/exceladvisor.org_.png\",\"width\":105,\"height\":36,\"caption\":\"Excel Advisor\"},\"image\":{\"@id\":\"https:\/\/exceladvisor.org\/de\/#\/schema\/logo\/image\/\"}}]}<\/script>\n<!-- \/ Yoast SEO plugin. -->","yoast_head_json":{"title":"\u25b7 Was ist das VBA-Immediate-Fenster (Debug.Print)?","description":"Dieses Tutorial hilft Ihnen, das unmittelbare Fenster zu verstehen und den Befehl debug.print zu verwenden, um das Ergebnis einer Codezeile zu erhalten.","robots":{"index":"index","follow":"follow","max-snippet":"max-snippet:-1","max-image-preview":"max-image-preview:large","max-video-preview":"max-video-preview:-1"},"canonical":"https:\/\/exceladvisor.org\/de\/sofortiger-fenster-debugging-druck\/","og_locale":"de_DE","og_type":"article","og_title":"\u25b7 Was ist das VBA-Immediate-Fenster (Debug.Print)?","og_description":"Dieses Tutorial hilft Ihnen, das unmittelbare Fenster zu verstehen und den Befehl debug.print zu verwenden, um das Ergebnis einer Codezeile zu erhalten.","og_url":"https:\/\/exceladvisor.org\/de\/sofortiger-fenster-debugging-druck\/","og_site_name":"Excel Advisor","article_modified_time":"2023-12-03T11:12:37+00:00","og_image":[{"url":"https:\/\/exceladvisor.org\/wp-content\/uploads\/2023\/08\/1-fenetre-immediate-vba.png","type":"","width":"","height":""}],"twitter_card":"summary_large_image","twitter_misc":{"Gesch\u00e4tzte Lesezeit":"2\u00a0Minuten"},"schema":{"@context":"https:\/\/schema.org","@graph":[{"@type":"WebPage","@id":"https:\/\/exceladvisor.org\/de\/sofortiger-fenster-debugging-druck\/","url":"https:\/\/exceladvisor.org\/de\/sofortiger-fenster-debugging-druck\/","name":"\u25b7 Was ist das VBA-Immediate-Fenster (Debug.Print)?","isPartOf":{"@id":"https:\/\/exceladvisor.org\/de\/#website"},"primaryImageOfPage":{"@id":"https:\/\/exceladvisor.org\/de\/sofortiger-fenster-debugging-druck\/#primaryimage"},"image":{"@id":"https:\/\/exceladvisor.org\/de\/sofortiger-fenster-debugging-druck\/#primaryimage"},"thumbnailUrl":"https:\/\/exceladvisor.org\/wp-content\/uploads\/2023\/08\/1-fenetre-immediate-vba.png","datePublished":"2023-09-30T04:10:38+00:00","dateModified":"2023-12-03T11:12:37+00:00","description":"Dieses Tutorial hilft Ihnen, das unmittelbare Fenster zu verstehen und den Befehl debug.print zu verwenden, um das Ergebnis einer Codezeile zu erhalten.","breadcrumb":{"@id":"https:\/\/exceladvisor.org\/de\/sofortiger-fenster-debugging-druck\/#breadcrumb"},"inLanguage":"de","potentialAction":[{"@type":"ReadAction","target":["https:\/\/exceladvisor.org\/de\/sofortiger-fenster-debugging-druck\/"]}]},{"@type":"ImageObject","inLanguage":"de","@id":"https:\/\/exceladvisor.org\/de\/sofortiger-fenster-debugging-druck\/#primaryimage","url":"https:\/\/exceladvisor.org\/wp-content\/uploads\/2023\/08\/1-fenetre-immediate-vba.png","contentUrl":"https:\/\/exceladvisor.org\/wp-content\/uploads\/2023\/08\/1-fenetre-immediate-vba.png"},{"@type":"BreadcrumbList","@id":"https:\/\/exceladvisor.org\/de\/sofortiger-fenster-debugging-druck\/#breadcrumb","itemListElement":[{"@type":"ListItem","position":1,"name":"Accueil","item":"https:\/\/exceladvisor.org\/de\/"},{"@type":"ListItem","position":2,"name":"Immediate window vba: die vollst\u00e4ndige illustrierte anleitung"}]},{"@type":"WebSite","@id":"https:\/\/exceladvisor.org\/de\/#website","url":"https:\/\/exceladvisor.org\/de\/","name":"Excel Advisor","description":"Ihr Leitfaden zur Datendominanz","publisher":{"@id":"https:\/\/exceladvisor.org\/de\/#organization"},"potentialAction":[{"@type":"SearchAction","target":{"@type":"EntryPoint","urlTemplate":"https:\/\/exceladvisor.org\/de\/?s={search_term_string}"},"query-input":{"@type":"PropertyValueSpecification","valueRequired":true,"valueName":"search_term_string"}}],"inLanguage":"de"},{"@type":"Organization","@id":"https:\/\/exceladvisor.org\/de\/#organization","name":"Excel Advisor","url":"https:\/\/exceladvisor.org\/de\/","logo":{"@type":"ImageObject","inLanguage":"de","@id":"https:\/\/exceladvisor.org\/de\/#\/schema\/logo\/image\/","url":"https:\/\/exceladvisor.org\/de\/wp-content\/uploads\/2023\/11\/exceladvisor.org_.png","contentUrl":"https:\/\/exceladvisor.org\/de\/wp-content\/uploads\/2023\/11\/exceladvisor.org_.png","width":105,"height":36,"caption":"Excel Advisor"},"image":{"@id":"https:\/\/exceladvisor.org\/de\/#\/schema\/logo\/image\/"}}]}},"yoast_meta":{"yoast_wpseo_title":"","yoast_wpseo_metadesc":"","yoast_wpseo_canonical":""},"_links":{"self":[{"href":"https:\/\/exceladvisor.org\/de\/wp-json\/wp\/v2\/pages\/3623","targetHints":{"allow":["GET"]}}],"collection":[{"href":"https:\/\/exceladvisor.org\/de\/wp-json\/wp\/v2\/pages"}],"about":[{"href":"https:\/\/exceladvisor.org\/de\/wp-json\/wp\/v2\/types\/page"}],"author":[{"embeddable":true,"href":"https:\/\/exceladvisor.org\/de\/wp-json\/wp\/v2\/users\/1"}],"replies":[{"embeddable":true,"href":"https:\/\/exceladvisor.org\/de\/wp-json\/wp\/v2\/comments?post=3623"}],"version-history":[{"count":1,"href":"https:\/\/exceladvisor.org\/de\/wp-json\/wp\/v2\/pages\/3623\/revisions"}],"predecessor-version":[{"id":3772,"href":"https:\/\/exceladvisor.org\/de\/wp-json\/wp\/v2\/pages\/3623\/revisions\/3772"}],"wp:attachment":[{"href":"https:\/\/exceladvisor.org\/de\/wp-json\/wp\/v2\/media?parent=3623"}],"curies":[{"name":"wp","href":"https:\/\/api.w.org\/{rel}","templated":true}]}}