{"id":3626,"date":"2023-09-30T00:09:48","date_gmt":"2023-09-30T00:09:48","guid":{"rendered":"https:\/\/exceladvisor.org\/de\/textdateien\/"},"modified":"2023-12-03T11:20:00","modified_gmt":"2023-12-03T11:20:00","slug":"textdateien","status":"publish","type":"page","link":"https:\/\/exceladvisor.org\/de\/textdateien\/","title":{"rendered":"Wie erstelle und schreibe ich mit vba eine textdatei?"},"content":{"rendered":"<div class=\"excel-vor-dem-inhalt\" id=\"excel-2040422250\"><script type=\"text\/javascript\">\r\n\tatOptions = {\r\n\t\t'key' : 'c1158f160081d6540a8409e6925dab94',\r\n\t\t'format' : 'iframe',\r\n\t\t'height' : 250,\r\n\t\t'width' : 300,\r\n\t\t'params' : {}\r\n\t};\r\n<\/script>\r\n<script type=\"text\/javascript\" src=\"\/\/www.highperformanceformat.com\/c1158f160081d6540a8409e6925dab94\/invoke.js\"><\/script><\/div> <p>Um Text mit VBA-Code zu erstellen, m\u00fcssen Sie die Methode CreateTextFile verwenden. Mit dieser Methode k\u00f6nnen Sie einen Ort festlegen, an dem Sie es erstellen m\u00f6chten. Diese Methode verf\u00fcgt \u00fcber eine Syntax, mit der Sie angeben k\u00f6nnen, ob Sie die Datei am Speicherort \u00fcberschreiben m\u00f6chten und ob die Datei als Unicode- oder ASCII-Datei erstellt wird.<\/p><h2 class=\"wp-block-heading\"> Erstellen Sie eine Textdatei mit VBA<\/h2><p> F\u00fchren Sie die folgenden Schritte aus:<\/p><ol><li> Zun\u00e4chst m\u00fcssen Sie ein FileSystemObject- oder Folder-Objekt verwenden, um es mit der Methode zu verwenden. <br><img loading=\"lazy\" decoding=\"async\" title=\"1-erstelle-eine-textdatei-mit-vba\" src=\"https:\/\/exceladvisor.org\/wp-content\/uploads\/2023\/08\/1-creer-un-fichier-texte-en-utilisant-vba.png\" sizes=\"auto, \" srcset=\"\" alt=\"create-a-text-fie-using-vba\" width=\"522\" height=\"305\"><\/li><li> Danach m\u00fcssen Sie mit der Methode CreateTextFile ein weiteres Objekt erstellen. <br><img loading=\"lazy\" decoding=\"async\" title=\"2-Methode zum Erstellen einer Textdatei\" src=\"https:\/\/exceladvisor.org\/wp-content\/uploads\/2023\/08\/2-Creer-une-methode-de-fichier-texte.png\" sizes=\"auto, \" srcset=\"\" alt=\"create-text-file-method\" width=\"779\" height=\"321\"><\/li><li> In diesem Code haben wir TRUE zum \u00dcberschreiben verwendet, wenn sich im Ordner bereits eine Datei mit demselben Namen befindet.<\/li><li> Wenn Sie dieses Makro abschlie\u00dfend ausf\u00fchren, erstellen Sie wie folgt eine neue Textdatei im Ordner.<\/li><\/ol><pre class=\"wp-block-code\"> <code class=\"language-visual-basic\" lang=\"visual-basic\">Sub create_text_file() 'object to use as folder Dim fld As Object Set fld = CreateObject(\"Scripting.FileSystemObject\") 'using create text file method Dim myFile As Object Set myFile = fld.CreateTextFile(\"C:UsersDellDesktopmyFoldermyTextFile.txt\", True) End Sub<\/code><\/pre><h2 class=\"wp-block-heading\"> Syntax der CreateTextFile-Methode<\/h2><pre class=\"wp-block-code\"> <code class=\"language-visual-basic\" lang=\"visual-basic\">CreateTextFile (filename, [ overwrite, [ unicode ]])<\/code><\/pre><ul><li> <strong>Dateiname:<\/strong> Pfad und Name der Datei, die Sie erstellen m\u00f6chten.<\/li><li> <strong>\u00fcberschreiben:<\/strong> Boolescher Wert, um zu definieren, ob Sie die Datei \u00fcberschreiben m\u00f6chten (falls sie bereits vorhanden ist) (optional).<\/li><li> <strong>unicode:<\/strong> boolescher Wert, um zu definieren, ob die Datei als Unicode- oder ASCII-Datei erstellt wird (optional).<\/li><\/ul><h2 class=\"wp-block-heading\"> Schreiben Sie mit VBA in eine Textdatei<\/h2><p> Sie k\u00f6nnen zwei Anweisungen verwenden, um Daten in eine Textdatei zu schreiben:<\/p><ol><li> <strong data-rich-text-format-boundary=\"true\">Schreiben:<\/strong> Mit dieser Anweisung k\u00f6nnen Sie Daten in eine Textdatei schreiben, in der Sie Kommas zwischen Werten, Anf\u00fchrungszeichen um Zeichenfolgen und #-Zeichen um Datumsangaben setzen. <br><img loading=\"lazy\" decoding=\"async\" title=\"3-write-Anweisung\" src=\"https:\/\/exceladvisor.org\/wp-content\/uploads\/2023\/08\/3-ecrire-une-declaration.png\" sizes=\"auto, \" srcset=\"\" alt=\"write-statement\" width=\"496\" height=\"291\"><\/li><li> <strong data-rich-text-format-boundary=\"true\">Drucken:<\/strong> Mit dieser Anweisung k\u00f6nnen Sie Daten in eine Textdatei schreiben, die genau so aussieht wie in der Excel-Tabelle. <br><img loading=\"lazy\" decoding=\"async\" title=\"Aussage in 4 Zeichen\" src=\"https:\/\/exceladvisor.org\/wp-content\/uploads\/2023\/08\/4-declaration-dimpression.png\" sizes=\"auto, \" srcset=\"\" alt=\"print-statement\" width=\"650\" height=\"344\"><\/li><\/ol><p> Jetzt werden wir uns Beispiele f\u00fcr beide Anweisungen ansehen und verstehen, wie man vollst\u00e4ndigen Code schreibt, um ihn in eine Textdatei zu schreiben. Zuvor m\u00fcssen Sie jedoch <strong>einige Terminologien<\/strong> verstehen, um den Code wie gew\u00fcnscht zu schreiben.<\/p><ul><li> <strong>F\u00fcr die Ausgabe:<\/strong> Sie k\u00f6nnen diesen Befehl verwenden, wenn Sie Daten schreiben oder Daten in einer Textdatei \u00e4ndern m\u00f6chten.<\/li><li> <strong>Zur Eingabe:<\/strong> Mit diesem Befehl k\u00f6nnen Sie Daten aus einem Text extrahieren, aber Sie k\u00f6nnen die Datei nicht \u00e4ndern und keine Daten hinzuf\u00fcgen.<\/li><li> <strong>Hinzuf\u00fcgen:<\/strong> Mit diesem Befehl k\u00f6nnen Sie am Ende der Textdatei neue Daten hinzuf\u00fcgen.<\/li><li> <strong>FreeFile:<\/strong> Damit k\u00f6nnen Sie eine Dateinummer festlegen, die nicht f\u00fcr die Textdatei verwendet wird, die Sie verwenden m\u00f6chten, damit Sie darauf verweisen k\u00f6nnen.<\/li><\/ul><p> Schreiben wir nun einen Code zum Eingeben von Daten in eine Textdatei.<\/p><ol><li> Zuerst m\u00fcssen Sie die Variablen deklarieren, die im Code verwendet werden sollen. <br><img loading=\"lazy\" decoding=\"async\" title=\"5-Deklarationsvariablen\" src=\"https:\/\/exceladvisor.org\/wp-content\/uploads\/2023\/08\/5-declarer-des-variables.png\" sizes=\"auto, \" srcset=\"\" alt=\"declare-variables\" width=\"381\" height=\"337\"><\/li><li> Danach m\u00fcssen Sie den Bereich definieren, den Sie in die Textdatei schreiben m\u00f6chten. Und verwenden Sie die Anzahl der Zellen im Bereich als Z\u00e4hler f\u00fcr die Schleife, indem Sie sie auf eine Variable setzen. <br><img loading=\"lazy\" decoding=\"async\" title=\"6-definiere-den-Bereich\" src=\"https:\/\/exceladvisor.org\/wp-content\/uploads\/2023\/08\/6-definir-la-gamme.png\" sizes=\"auto, \" srcset=\"\" alt=\"define-the-range\" width=\"416\" height=\"114\"><\/li><li> Als n\u00e4chstes m\u00fcssen Sie die Adresse der Textdatei festlegen, zu der Sie Daten hinzuf\u00fcgen m\u00f6chten. <br><img loading=\"lazy\" decoding=\"async\" title=\"7-Textdateiadresse festlegen\" src=\"https:\/\/exceladvisor.org\/wp-content\/uploads\/2023\/08\/7-definir-ladresse-du-fichier-texte.png\" sizes=\"auto, \" srcset=\"\" alt=\"define-the-address-of-the-text-file\" width=\"575\" height=\"99\"><\/li><li> Von dort aus m\u00fcssen Sie den Befehl \u201eFreeFile\u201c einer Variablen deklarieren, um die Dateinummer zu erhalten. <br><img loading=\"lazy\" decoding=\"async\" title=\"8-Freefile-Befehl\" src=\"https:\/\/exceladvisor.org\/wp-content\/uploads\/2023\/08\/8-commande-de-fichier-libre.png\" sizes=\"auto, \" srcset=\"\" alt=\"freefile-command\" width=\"452\" height=\"80\"><\/li><li> Jetzt m\u00fcssen Sie mit dem Befehl \u201eAusgabe\u201c erstellen, da Sie der Datei Daten hinzuf\u00fcgen m\u00fcssen. <br><img loading=\"lazy\" decoding=\"async\" title=\"9 Ausgangssteuerung\" src=\"https:\/\/exceladvisor.org\/wp-content\/uploads\/2023\/08\/9-sortie-de-commande.png\" sizes=\"auto, \" srcset=\"\" alt=\"output-command\" width=\"580\" height=\"80\"><\/li><li> Schlie\u00dflich m\u00fcssen Sie die \u201eFor Next\u201c-Schleife verwenden, um die Bereichswerte einzeln abzurufen und zur Datei hinzuzuf\u00fcgen. <br><img loading=\"lazy\" decoding=\"async\" title=\"10-for-next-loop-to-get-values\" src=\"https:\/\/exceladvisor.org\/wp-content\/uploads\/2023\/08\/10-pour-la-prochaine-boucle-pour-obtenir-des-valeurs.png\" sizes=\"auto, \" srcset=\"\" alt=\"for-next-loop-to-get-values\" width=\"436\" height=\"201\"><\/li><li> Dar\u00fcber hinaus m\u00fcssen Sie den Befehl \u201eSchlie\u00dfen\u201c verwenden, um die Textdatei zu schlie\u00dfen, nachdem die Daten hinzugef\u00fcgt wurden. <br><img loading=\"lazy\" decoding=\"async\" title=\"11-Schlie\u00dfbefehl\" src=\"https:\/\/exceladvisor.org\/wp-content\/uploads\/2023\/08\/11-commande-de-fermeture.png\" sizes=\"auto, \" srcset=\"\" alt=\"close-command\" width=\"549\" height=\"86\"><\/li><li> Wenn Sie dieses Makro ausf\u00fchren, f\u00fcgt es letztendlich Daten aus dem Bereich A1:A13 zu der Textdatei hinzu, die Sie im angegebenen Pfad gespeichert haben. <br><img loading=\"lazy\" decoding=\"async\" title=\"12-F\u00fchren Sie das Makro aus\" src=\"https:\/\/exceladvisor.org\/wp-content\/uploads\/2023\/08\/12-executer-la-macro.png\" sizes=\"auto, \" srcset=\"\" alt=\"run-the-macro\" width=\"464\" height=\"404\"><\/li><\/ol><p class=\"qt-tip\"> <strong>Hinweis:<\/strong> Stellen Sie sicher, dass Sie den Pfad der Textdatei im Code entsprechend dem Pfad \u00e4ndern, den Sie in Ihrem System haben.<\/p><pre class=\"wp-block-code\"> <code class=\"language-visual-basic\" lang=\"visual-basic\">Option Explicit Sub data_to_text_file() 'variables that you need to use in the code Dim TextFile As Integer Dim iCol As Integer Dim myRange As Range Dim cVal As Range Dim i As Integer Dim myFile As String 'define the range that you want to write Set myRange = Range(\"A1:A13\") iCol = myRange.Count 'path to the text file <strong>(MAKE SURE TO CHANGE IT)<\/strong> myFile = \"C:UsersDellDesktopNewFoldertextfile.txt\" 'define FreeFile to the variable file number TextFile = FreeFile 'using append command to add text to the end of the file Open myFile For Output As TextFile 'loop to add data to the text file For i = 1 To iCol Print #TextFile, Cells(i, 1), Print #TextFile, Cells(i, 2) Next i 'close command to close the text file after adding data Close #TextFile End Sub<\/code><\/pre><div class=\"gb-container gb-container-4db6181c gb-container-mt\"> <a class=\"gb-button gb-button-c5897111 gb-button-text gb-button-mt-button\" href=\"https:\/\/exceladvisor.org\/de\/vba\/\">Was ist VBA<\/a><h2 class=\"gb-headline gb-headline-665e5f6b gb-headline-text gb-headline-mt-heading\"> Verwandte Tutorials <\/h2><div class=\"gb-grid-wrapper gb-grid-wrapper-a20baf7c gb-grid-wrapper-mt-grid\"><div class=\"gb-grid-column gb-grid-column-65ddf67e\"><div class=\"gb-container gb-container-65ddf67e\"><ul><li> <a href=\"https:\/\/exceladvisor.org\/de\/markieren-sie-doppelte-werte\/\">Markieren Sie doppelte Werte mit VBA<\/a><\/li><li> <a href=\"https:\/\/exceladvisor.org\/de\/hyperlink-extrahieren\/\">Extrahieren Sie die Hyperlink-Adresse (URL) per VBA<\/a><\/li><li> <a href=\"https:\/\/exceladvisor.org\/de\/eingabefeld\/\">Eingabefeld in VBA<\/a><\/li><li> <a href=\"https:\/\/exceladvisor.org\/de\/bildschirmaktualisierung\/\">VBA-Bildschirmaktualisierung<\/a><\/li><li> <a href=\"https:\/\/exceladvisor.org\/de\/statusleiste-1\/\">VBA-Statusleiste (ausblenden, anzeigen und fortfahren)<\/a> <\/li><\/ul><\/div><\/div><div class=\"gb-grid-column gb-grid-column-50067b57\"><div class=\"gb-container gb-container-50067b57\"><\/div><\/div><\/div><\/div>","protected":false},"excerpt":{"rendered":"","protected":false},"author":1,"featured_media":0,"parent":0,"menu_order":0,"comment_status":"open","ping_status":"closed","template":"","meta":{"ub_ctt_via":"","footnotes":""},"class_list":["post-3626","page","type-page","status-publish","hentry"],"featured_image_src":null,"yoast_head":"<!-- This site is optimized with the Yoast SEO plugin v25.4 - https:\/\/yoast.com\/wordpress\/plugins\/seo\/ -->\n<title>\u25b7 Wie erstelle und schreibe ich eine Textdatei \u00fcber VBA?<\/title>\n<meta name=\"description\" content=\"In diesem Tutorial erfahren Sie, wie Sie eine Textdatei erstellen und diese dann mit zwei verschiedenen Methoden (Drucken und Schreiben) beschreiben\" \/>\n<meta name=\"robots\" content=\"index, follow, max-snippet:-1, max-image-preview:large, max-video-preview:-1\" \/>\n<link rel=\"canonical\" href=\"https:\/\/exceladvisor.org\/de\/textdateien\/\" \/>\n<meta property=\"og:locale\" content=\"de_DE\" \/>\n<meta property=\"og:type\" content=\"article\" \/>\n<meta property=\"og:title\" content=\"\u25b7 Wie erstelle und schreibe ich eine Textdatei \u00fcber VBA?\" \/>\n<meta property=\"og:description\" content=\"In diesem Tutorial erfahren Sie, wie Sie eine Textdatei erstellen und diese dann mit zwei verschiedenen Methoden (Drucken und Schreiben) beschreiben\" \/>\n<meta property=\"og:url\" content=\"https:\/\/exceladvisor.org\/de\/textdateien\/\" \/>\n<meta property=\"og:site_name\" content=\"Excel Advisor\" \/>\n<meta property=\"article:modified_time\" content=\"2023-12-03T11:20:00+00:00\" \/>\n<meta property=\"og:image\" content=\"https:\/\/exceladvisor.org\/wp-content\/uploads\/2023\/08\/1-creer-un-fichier-texte-en-utilisant-vba.png\" \/>\n<meta name=\"twitter:card\" content=\"summary_large_image\" \/>\n<meta name=\"twitter:label1\" content=\"Gesch\u00e4tzte Lesezeit\" \/>\n\t<meta name=\"twitter:data1\" content=\"4\u00a0Minuten\" \/>\n<script type=\"application\/ld+json\" class=\"yoast-schema-graph\">{\"@context\":\"https:\/\/schema.org\",\"@graph\":[{\"@type\":\"WebPage\",\"@id\":\"https:\/\/exceladvisor.org\/de\/textdateien\/\",\"url\":\"https:\/\/exceladvisor.org\/de\/textdateien\/\",\"name\":\"\u25b7 Wie erstelle und schreibe ich eine Textdatei \u00fcber VBA?\",\"isPartOf\":{\"@id\":\"https:\/\/exceladvisor.org\/de\/#website\"},\"primaryImageOfPage\":{\"@id\":\"https:\/\/exceladvisor.org\/de\/textdateien\/#primaryimage\"},\"image\":{\"@id\":\"https:\/\/exceladvisor.org\/de\/textdateien\/#primaryimage\"},\"thumbnailUrl\":\"https:\/\/exceladvisor.org\/wp-content\/uploads\/2023\/08\/1-creer-un-fichier-texte-en-utilisant-vba.png\",\"datePublished\":\"2023-09-30T00:09:48+00:00\",\"dateModified\":\"2023-12-03T11:20:00+00:00\",\"description\":\"In diesem Tutorial erfahren Sie, wie Sie eine Textdatei erstellen und diese dann mit zwei verschiedenen Methoden (Drucken und Schreiben) beschreiben\",\"breadcrumb\":{\"@id\":\"https:\/\/exceladvisor.org\/de\/textdateien\/#breadcrumb\"},\"inLanguage\":\"de\",\"potentialAction\":[{\"@type\":\"ReadAction\",\"target\":[\"https:\/\/exceladvisor.org\/de\/textdateien\/\"]}]},{\"@type\":\"ImageObject\",\"inLanguage\":\"de\",\"@id\":\"https:\/\/exceladvisor.org\/de\/textdateien\/#primaryimage\",\"url\":\"https:\/\/exceladvisor.org\/wp-content\/uploads\/2023\/08\/1-creer-un-fichier-texte-en-utilisant-vba.png\",\"contentUrl\":\"https:\/\/exceladvisor.org\/wp-content\/uploads\/2023\/08\/1-creer-un-fichier-texte-en-utilisant-vba.png\"},{\"@type\":\"BreadcrumbList\",\"@id\":\"https:\/\/exceladvisor.org\/de\/textdateien\/#breadcrumb\",\"itemListElement\":[{\"@type\":\"ListItem\",\"position\":1,\"name\":\"Accueil\",\"item\":\"https:\/\/exceladvisor.org\/de\/\"},{\"@type\":\"ListItem\",\"position\":2,\"name\":\"Wie erstelle und schreibe ich mit vba eine textdatei?\"}]},{\"@type\":\"WebSite\",\"@id\":\"https:\/\/exceladvisor.org\/de\/#website\",\"url\":\"https:\/\/exceladvisor.org\/de\/\",\"name\":\"Excel Advisor\",\"description\":\"Ihr Leitfaden zur Datendominanz\",\"publisher\":{\"@id\":\"https:\/\/exceladvisor.org\/de\/#organization\"},\"potentialAction\":[{\"@type\":\"SearchAction\",\"target\":{\"@type\":\"EntryPoint\",\"urlTemplate\":\"https:\/\/exceladvisor.org\/de\/?s={search_term_string}\"},\"query-input\":{\"@type\":\"PropertyValueSpecification\",\"valueRequired\":true,\"valueName\":\"search_term_string\"}}],\"inLanguage\":\"de\"},{\"@type\":\"Organization\",\"@id\":\"https:\/\/exceladvisor.org\/de\/#organization\",\"name\":\"Excel Advisor\",\"url\":\"https:\/\/exceladvisor.org\/de\/\",\"logo\":{\"@type\":\"ImageObject\",\"inLanguage\":\"de\",\"@id\":\"https:\/\/exceladvisor.org\/de\/#\/schema\/logo\/image\/\",\"url\":\"https:\/\/exceladvisor.org\/de\/wp-content\/uploads\/2023\/11\/exceladvisor.org_.png\",\"contentUrl\":\"https:\/\/exceladvisor.org\/de\/wp-content\/uploads\/2023\/11\/exceladvisor.org_.png\",\"width\":105,\"height\":36,\"caption\":\"Excel Advisor\"},\"image\":{\"@id\":\"https:\/\/exceladvisor.org\/de\/#\/schema\/logo\/image\/\"}}]}<\/script>\n<!-- \/ Yoast SEO plugin. -->","yoast_head_json":{"title":"\u25b7 Wie erstelle und schreibe ich eine Textdatei \u00fcber VBA?","description":"In diesem Tutorial erfahren Sie, wie Sie eine Textdatei erstellen und diese dann mit zwei verschiedenen Methoden (Drucken und Schreiben) beschreiben","robots":{"index":"index","follow":"follow","max-snippet":"max-snippet:-1","max-image-preview":"max-image-preview:large","max-video-preview":"max-video-preview:-1"},"canonical":"https:\/\/exceladvisor.org\/de\/textdateien\/","og_locale":"de_DE","og_type":"article","og_title":"\u25b7 Wie erstelle und schreibe ich eine Textdatei \u00fcber VBA?","og_description":"In diesem Tutorial erfahren Sie, wie Sie eine Textdatei erstellen und diese dann mit zwei verschiedenen Methoden (Drucken und Schreiben) beschreiben","og_url":"https:\/\/exceladvisor.org\/de\/textdateien\/","og_site_name":"Excel Advisor","article_modified_time":"2023-12-03T11:20:00+00:00","og_image":[{"url":"https:\/\/exceladvisor.org\/wp-content\/uploads\/2023\/08\/1-creer-un-fichier-texte-en-utilisant-vba.png","type":"","width":"","height":""}],"twitter_card":"summary_large_image","twitter_misc":{"Gesch\u00e4tzte Lesezeit":"4\u00a0Minuten"},"schema":{"@context":"https:\/\/schema.org","@graph":[{"@type":"WebPage","@id":"https:\/\/exceladvisor.org\/de\/textdateien\/","url":"https:\/\/exceladvisor.org\/de\/textdateien\/","name":"\u25b7 Wie erstelle und schreibe ich eine Textdatei \u00fcber VBA?","isPartOf":{"@id":"https:\/\/exceladvisor.org\/de\/#website"},"primaryImageOfPage":{"@id":"https:\/\/exceladvisor.org\/de\/textdateien\/#primaryimage"},"image":{"@id":"https:\/\/exceladvisor.org\/de\/textdateien\/#primaryimage"},"thumbnailUrl":"https:\/\/exceladvisor.org\/wp-content\/uploads\/2023\/08\/1-creer-un-fichier-texte-en-utilisant-vba.png","datePublished":"2023-09-30T00:09:48+00:00","dateModified":"2023-12-03T11:20:00+00:00","description":"In diesem Tutorial erfahren Sie, wie Sie eine Textdatei erstellen und diese dann mit zwei verschiedenen Methoden (Drucken und Schreiben) beschreiben","breadcrumb":{"@id":"https:\/\/exceladvisor.org\/de\/textdateien\/#breadcrumb"},"inLanguage":"de","potentialAction":[{"@type":"ReadAction","target":["https:\/\/exceladvisor.org\/de\/textdateien\/"]}]},{"@type":"ImageObject","inLanguage":"de","@id":"https:\/\/exceladvisor.org\/de\/textdateien\/#primaryimage","url":"https:\/\/exceladvisor.org\/wp-content\/uploads\/2023\/08\/1-creer-un-fichier-texte-en-utilisant-vba.png","contentUrl":"https:\/\/exceladvisor.org\/wp-content\/uploads\/2023\/08\/1-creer-un-fichier-texte-en-utilisant-vba.png"},{"@type":"BreadcrumbList","@id":"https:\/\/exceladvisor.org\/de\/textdateien\/#breadcrumb","itemListElement":[{"@type":"ListItem","position":1,"name":"Accueil","item":"https:\/\/exceladvisor.org\/de\/"},{"@type":"ListItem","position":2,"name":"Wie erstelle und schreibe ich mit vba eine textdatei?"}]},{"@type":"WebSite","@id":"https:\/\/exceladvisor.org\/de\/#website","url":"https:\/\/exceladvisor.org\/de\/","name":"Excel Advisor","description":"Ihr Leitfaden zur Datendominanz","publisher":{"@id":"https:\/\/exceladvisor.org\/de\/#organization"},"potentialAction":[{"@type":"SearchAction","target":{"@type":"EntryPoint","urlTemplate":"https:\/\/exceladvisor.org\/de\/?s={search_term_string}"},"query-input":{"@type":"PropertyValueSpecification","valueRequired":true,"valueName":"search_term_string"}}],"inLanguage":"de"},{"@type":"Organization","@id":"https:\/\/exceladvisor.org\/de\/#organization","name":"Excel Advisor","url":"https:\/\/exceladvisor.org\/de\/","logo":{"@type":"ImageObject","inLanguage":"de","@id":"https:\/\/exceladvisor.org\/de\/#\/schema\/logo\/image\/","url":"https:\/\/exceladvisor.org\/de\/wp-content\/uploads\/2023\/11\/exceladvisor.org_.png","contentUrl":"https:\/\/exceladvisor.org\/de\/wp-content\/uploads\/2023\/11\/exceladvisor.org_.png","width":105,"height":36,"caption":"Excel Advisor"},"image":{"@id":"https:\/\/exceladvisor.org\/de\/#\/schema\/logo\/image\/"}}]}},"yoast_meta":{"yoast_wpseo_title":"","yoast_wpseo_metadesc":"","yoast_wpseo_canonical":""},"_links":{"self":[{"href":"https:\/\/exceladvisor.org\/de\/wp-json\/wp\/v2\/pages\/3626","targetHints":{"allow":["GET"]}}],"collection":[{"href":"https:\/\/exceladvisor.org\/de\/wp-json\/wp\/v2\/pages"}],"about":[{"href":"https:\/\/exceladvisor.org\/de\/wp-json\/wp\/v2\/types\/page"}],"author":[{"embeddable":true,"href":"https:\/\/exceladvisor.org\/de\/wp-json\/wp\/v2\/users\/1"}],"replies":[{"embeddable":true,"href":"https:\/\/exceladvisor.org\/de\/wp-json\/wp\/v2\/comments?post=3626"}],"version-history":[{"count":1,"href":"https:\/\/exceladvisor.org\/de\/wp-json\/wp\/v2\/pages\/3626\/revisions"}],"predecessor-version":[{"id":3981,"href":"https:\/\/exceladvisor.org\/de\/wp-json\/wp\/v2\/pages\/3626\/revisions\/3981"}],"wp:attachment":[{"href":"https:\/\/exceladvisor.org\/de\/wp-json\/wp\/v2\/media?parent=3626"}],"curies":[{"name":"wp","href":"https:\/\/api.w.org\/{rel}","templated":true}]}}