{"id":3628,"date":"2023-09-29T02:43:45","date_gmt":"2023-09-29T02:43:45","guid":{"rendered":"https:\/\/exceladvisor.org\/de\/schwach\/"},"modified":"2023-12-03T13:04:50","modified_gmt":"2023-12-03T13:04:50","slug":"schwach","status":"publish","type":"page","link":"https:\/\/exceladvisor.org\/de\/schwach\/","title":{"rendered":"Wie verwende ich dim in vba in excel?"},"content":{"rendered":"<div class=\"excel-vor-dem-inhalt\" id=\"excel-350222169\"><script type=\"text\/javascript\">\r\n\tatOptions = {\r\n\t\t'key' : 'c1158f160081d6540a8409e6925dab94',\r\n\t\t'format' : 'iframe',\r\n\t\t'height' : 250,\r\n\t\t'width' : 300,\r\n\t\t'params' : {}\r\n\t};\r\n<\/script>\r\n<script type=\"text\/javascript\" src=\"\/\/www.highperformanceformat.com\/c1158f160081d6540a8409e6925dab94\/invoke.js\"><\/script><\/div> <h2 class=\"wp-block-heading\">Was ist eine VBA-DIM-Deklaration?<\/h2><p> Die VBA-DIM-Anweisung bedeutet \u201edeklarieren\u201c und sollte verwendet werden, wenn Sie eine Variable deklarieren m\u00fcssen. Wenn Sie es verwenden, teilt es VBA mit, dass Sie einen bestimmten Namen als Variable deklarieren, indem Sie ihm einen bestimmten Datentyp zuweisen. Es kann verwendet werden, um Folgendes zu deklarieren:<\/p><ul><li> Grundlegende Variablen<\/li><li> Varianten<\/li><li> <a href=\"https:\/\/exceladvisor.org\/de\/objekte\/\">Objekte<\/a><\/li><li> Einsetzen<\/li><\/ul><h2 class=\"wp-block-heading\"> Verwenden Sie die DIM-Anweisung in VBA<\/h2><ol type=\"1\"><li> Geben Sie am Anfang das Schl\u00fcsselwort \u201eDim\u201c ein.<\/li><li> Geben Sie anschlie\u00dfend den Namen der Variablen ein, die Sie verwenden m\u00f6chten.<\/li><li> Dann m\u00fcssen Sie das Wort \u201eGef\u00e4llt mir\u201c verwenden und erhalten sofort eine Liste der <a href=\"https:\/\/exceladvisor.org\/de\/variablen\/\">Datentypen<\/a> .<\/li><li> W\u00e4hlen Sie abschlie\u00dfend den Datentyp aus, den Sie der Variablen zuweisen m\u00f6chten. <\/li><\/ol><div class=\"wp-block-image\"><figure class=\"aligncenter size-large is-resized\"><img loading=\"lazy\" decoding=\"async\" class=\"wp-image-55786\" src=\"https:\/\/exceladvisor.org\/wp-content\/uploads\/2023\/08\/1-instruction-dim-en-vba.png\" sizes=\"auto, \" srcset=\"\" alt=\"dim-Anweisung-in-vba\" width=\"490\" height=\"380\"><\/figure><\/div><p> Wie gesagt, wenn Sie eine Variable deklarieren, m\u00fcssen Sie ihr einen Datentyp zuweisen. Siehe den folgenden Schnappschuss. <\/p><div class=\"wp-block-image\"><figure class=\"aligncenter size-large is-resized\"><img loading=\"lazy\" decoding=\"async\" class=\"wp-image-55787\" src=\"https:\/\/exceladvisor.org\/wp-content\/uploads\/2023\/08\/2-attribuer-un-type-de-donnees.png\" sizes=\"auto, \" srcset=\"\" alt=\"\" width=\"491\" height=\"384\"><\/figure><\/div><h2 class=\"wp-block-heading\"> Deklarieren mehrerer Variablen mit einer einzigen Dim-Anweisung<\/h2><p> Wenn Sie mehrere Variablen deklarieren m\u00fcssen, k\u00f6nnen Sie dies mit der Dim-Anweisung nur einmal tun. Betrachten Sie das folgende Beispiel. <\/p><div class=\"wp-block-image\"><figure class=\"aligncenter size-large is-resized\"><img loading=\"lazy\" decoding=\"async\" class=\"wp-image-55788\" src=\"https:\/\/exceladvisor.org\/wp-content\/uploads\/2023\/08\/3-variables-multiples-avec-une-instruction-dim.png\" sizes=\"auto, \" srcset=\"\" alt=\"\" width=\"568\" height=\"367\"><\/figure><\/div><h2 class=\"wp-block-heading\"> Verwendung der expliziten Option<\/h2><p> Dies wird dringend empfohlen, um alle Variablen zu deklarieren, die die Leistung Ihres Codes verbessern und auch seine Effizienz steigern. Wenn Sie jedoch die Deklaration einer Variablen \u00fcberspringen und sie dann in einem Code verwenden, verwendet VBA diese Variable als Variante.<\/p><p> Der beste Weg, die Deklaration einer Variablen nie zu verpassen, ist die Verwendung der Option Explicit-Anweisung, die Sie zur Deklaration einer Variablen zwingt und jedes Mal einen Fehler anzeigt, wenn Sie sie verpassen. <\/p><div class=\"wp-block-image\"><figure class=\"aligncenter size-large is-resized\"><img loading=\"lazy\" decoding=\"async\" class=\"wp-image-55789\" src=\"https:\/\/exceladvisor.org\/wp-content\/uploads\/2023\/08\/4-en-utilisant-loption-explicite.png\" sizes=\"auto, \" srcset=\"\" alt=\"\" width=\"520\" height=\"325\"><\/figure><\/div><h2 class=\"wp-block-heading\"> Dimmanleitung mit Tabellen<\/h2><p> Sie sollten die DIM-Anweisung auch verwenden, wenn Sie ein Array deklarieren m\u00fcssen. Betrachten Sie das folgende Beispiel, das ich geteilt habe. <\/p><div class=\"wp-block-image\"><figure class=\"aligncenter size-large is-resized\"><img loading=\"lazy\" decoding=\"async\" class=\"wp-image-55790\" src=\"https:\/\/exceladvisor.org\/wp-content\/uploads\/2023\/08\/Instruction-5-dim-avec-tableaux.png\" sizes=\"auto, \" srcset=\"\" alt=\"\" width=\"469\" height=\"388\"><\/figure><\/div><p> Im obigen Beispiel haben Sie zwei <a href=\"https:\/\/exceladvisor.org\/de\/gemalde\/\">Arrays<\/a> , die mit der dim-Anweisung deklariert wurden.<\/p><p> Im ersten Array haben Sie drei Elemente und im zweiten sind keine Elemente deklariert. <strong>Hier<\/strong> m\u00fcssen Sie ein Array deklarieren. Sie m\u00fcssen Klammern verwenden, um die Array-Elemente zu deklarieren, und leere Klammern, wenn Sie ein <a href=\"https:\/\/exceladvisor.org\/de\/dynamische-tabelle\/\">dynamisches Array<\/a> w\u00fcnschen.<\/p><h2 class=\"wp-block-heading\"> Verwenden Sie DIM mit Excel-Objekten<\/h2><p> Sie k\u00f6nnen auch mit der DIM-Anweisung auf ein <a href=\"https:\/\/exceladvisor.org\/de\/objekte\/\">Objekt<\/a> verweisen. Angenommen, Sie m\u00f6chten Bl\u00e4tter in einer Arbeitsmappe z\u00e4hlen, k\u00f6nnen Sie dieses Objekt deklarieren und das Arbeitsblatt daraus z\u00e4hlen. <\/p><div class=\"wp-block-image\"><figure class=\"aligncenter size-large is-resized\"><img loading=\"lazy\" decoding=\"async\" class=\"wp-image-55791\" src=\"https:\/\/exceladvisor.org\/wp-content\/uploads\/2023\/08\/6-dim-avec-des-objets-excel.png\" sizes=\"auto, \" srcset=\"\" alt=\"\" width=\"671\" height=\"416\"><\/figure><\/div><p> Im obigen Beispiel haben Sie wb als <a href=\"https:\/\/exceladvisor.org\/de\/bindemittel\/\">Arbeitsmappe<\/a> deklariert und dann die Arbeitsmappe \u201ebook1\u201c f\u00fcr die sp\u00e4tere Verwendung im Code definiert.<\/p><h2 class=\"wp-block-heading\"> Wohin mit der Dim-Deklaration?<\/h2><p> Sie k\u00f6nnen eine Variable mithilfe der DIM-Anweisung an einer beliebigen Stelle im Code deklarieren. Deklarieren Sie sie jedoch unbedingt, bevor Sie sie verwenden. Nehmen wir also an, Sie beziehen sich auf eine Variable in Zeile 2 des Codes und haben Dim in Zeile 3 zur Deklaration verwendet. Nun, Sie erhalten eine Fehlermeldung. <\/p><div class=\"wp-block-image\"><figure class=\"aligncenter size-large is-resized\"><img loading=\"lazy\" decoding=\"async\" class=\"wp-image-55792\" src=\"https:\/\/exceladvisor.org\/wp-content\/uploads\/2023\/08\/7-declarer-une-variable-en-utilisant-dim.png\" sizes=\"auto, \" srcset=\"\" alt=\"\" width=\"595\" height=\"399\"><\/figure><\/div><p> Stellen Sie daher sicher, dass Sie eine Variable deklarieren, bevor Sie sie verwenden. <\/p><div class=\"wp-block-image\"><figure class=\"aligncenter size-large is-resized\"><img loading=\"lazy\" decoding=\"async\" class=\"wp-image-55793\" src=\"https:\/\/exceladvisor.org\/wp-content\/uploads\/2023\/08\/8-declarer-une-variable-avant-de-lutiliser.png\" sizes=\"auto, \" srcset=\"\" alt=\"\" width=\"612\" height=\"387\"><\/figure><\/div><div class=\"gb-container gb-container-4db6181c gb-container-mt\"> <a class=\"gb-button gb-button-c5897111 gb-button-text gb-button-mt-button\" href=\"https:\/\/exceladvisor.org\/de\/vba\/\">Was ist VBA<\/a><h2 class=\"gb-headline gb-headline-665e5f6b gb-headline-text gb-headline-mt-heading\"> Verwandte Tutorials <\/h2><div class=\"gb-grid-wrapper gb-grid-wrapper-a20baf7c gb-grid-wrapper-mt-grid\"><div class=\"gb-grid-column gb-grid-column-65ddf67e\"><div class=\"gb-container gb-container-65ddf67e\"><ul><li> <a href=\"https:\/\/exceladvisor.org\/de\/globale-variable\/\">Deklarieren Sie eine globale (\u00f6ffentliche) Variable in VBA<\/a><\/li><li> <a href=\"https:\/\/exceladvisor.org\/de\/variabler-bereich\/\">Verwenden Sie in VBA einen Bereich oder eine Zelle als Variable<\/a><\/li><li> <a href=\"https:\/\/exceladvisor.org\/de\/explizite-option-2\/\">Explizite Optionsanweisung in VBA<\/a><\/li><li> <a href=\"https:\/\/exceladvisor.org\/de\/variables-nachrichtenfeld\/\">Variable in einem Meldungsfeld<\/a><\/li><li> <a href=\"https:\/\/exceladvisor.org\/de\/variablen\/\">VBA-Variablen (Deklaration, Datentypen und Umfang)<\/a><\/li><\/ul><\/div><\/div><\/div><\/div>","protected":false},"excerpt":{"rendered":"","protected":false},"author":1,"featured_media":0,"parent":0,"menu_order":0,"comment_status":"open","ping_status":"closed","template":"","meta":{"ub_ctt_via":"","footnotes":""},"class_list":["post-3628","page","type-page","status-publish","hentry"],"featured_image_src":null,"yoast_head":"<!-- This site is optimized with the Yoast SEO plugin v25.4 - https:\/\/yoast.com\/wordpress\/plugins\/seo\/ -->\n<title>Wie verwende ich Dim in VBA in Excel? (Tutorial 2023)<\/title>\n<meta name=\"description\" content=\"Sie m\u00fcssen die dim-Anweisung verwenden, um beim Schreiben von VBA-Code eine Variable und ihren Datentyp zu deklarieren.\" \/>\n<meta name=\"robots\" content=\"index, follow, max-snippet:-1, max-image-preview:large, max-video-preview:-1\" \/>\n<link rel=\"canonical\" href=\"https:\/\/exceladvisor.org\/de\/schwach\/\" \/>\n<meta property=\"og:locale\" content=\"de_DE\" \/>\n<meta property=\"og:type\" content=\"article\" \/>\n<meta property=\"og:title\" content=\"Wie verwende ich Dim in VBA in Excel? (Tutorial 2023)\" \/>\n<meta property=\"og:description\" content=\"Sie m\u00fcssen die dim-Anweisung verwenden, um beim Schreiben von VBA-Code eine Variable und ihren Datentyp zu deklarieren.\" \/>\n<meta property=\"og:url\" content=\"https:\/\/exceladvisor.org\/de\/schwach\/\" \/>\n<meta property=\"og:site_name\" content=\"Excel Advisor\" \/>\n<meta property=\"article:modified_time\" content=\"2023-12-03T13:04:50+00:00\" \/>\n<meta property=\"og:image\" content=\"https:\/\/exceladvisor.org\/wp-content\/uploads\/2023\/08\/1-instruction-dim-en-vba.png\" \/>\n<meta name=\"twitter:card\" content=\"summary_large_image\" \/>\n<meta name=\"twitter:label1\" content=\"Gesch\u00e4tzte Lesezeit\" \/>\n\t<meta name=\"twitter:data1\" content=\"2\u00a0Minuten\" \/>\n<script type=\"application\/ld+json\" class=\"yoast-schema-graph\">{\"@context\":\"https:\/\/schema.org\",\"@graph\":[{\"@type\":\"WebPage\",\"@id\":\"https:\/\/exceladvisor.org\/de\/schwach\/\",\"url\":\"https:\/\/exceladvisor.org\/de\/schwach\/\",\"name\":\"Wie verwende ich Dim in VBA in Excel? (Tutorial 2023)\",\"isPartOf\":{\"@id\":\"https:\/\/exceladvisor.org\/de\/#website\"},\"primaryImageOfPage\":{\"@id\":\"https:\/\/exceladvisor.org\/de\/schwach\/#primaryimage\"},\"image\":{\"@id\":\"https:\/\/exceladvisor.org\/de\/schwach\/#primaryimage\"},\"thumbnailUrl\":\"https:\/\/exceladvisor.org\/wp-content\/uploads\/2023\/08\/1-instruction-dim-en-vba.png\",\"datePublished\":\"2023-09-29T02:43:45+00:00\",\"dateModified\":\"2023-12-03T13:04:50+00:00\",\"description\":\"Sie m\u00fcssen die dim-Anweisung verwenden, um beim Schreiben von VBA-Code eine Variable und ihren Datentyp zu deklarieren.\",\"breadcrumb\":{\"@id\":\"https:\/\/exceladvisor.org\/de\/schwach\/#breadcrumb\"},\"inLanguage\":\"de\",\"potentialAction\":[{\"@type\":\"ReadAction\",\"target\":[\"https:\/\/exceladvisor.org\/de\/schwach\/\"]}]},{\"@type\":\"ImageObject\",\"inLanguage\":\"de\",\"@id\":\"https:\/\/exceladvisor.org\/de\/schwach\/#primaryimage\",\"url\":\"https:\/\/exceladvisor.org\/wp-content\/uploads\/2023\/08\/1-instruction-dim-en-vba.png\",\"contentUrl\":\"https:\/\/exceladvisor.org\/wp-content\/uploads\/2023\/08\/1-instruction-dim-en-vba.png\"},{\"@type\":\"BreadcrumbList\",\"@id\":\"https:\/\/exceladvisor.org\/de\/schwach\/#breadcrumb\",\"itemListElement\":[{\"@type\":\"ListItem\",\"position\":1,\"name\":\"Accueil\",\"item\":\"https:\/\/exceladvisor.org\/de\/\"},{\"@type\":\"ListItem\",\"position\":2,\"name\":\"Wie verwende ich dim in vba in excel?\"}]},{\"@type\":\"WebSite\",\"@id\":\"https:\/\/exceladvisor.org\/de\/#website\",\"url\":\"https:\/\/exceladvisor.org\/de\/\",\"name\":\"Excel Advisor\",\"description\":\"Ihr Leitfaden zur Datendominanz\",\"publisher\":{\"@id\":\"https:\/\/exceladvisor.org\/de\/#organization\"},\"potentialAction\":[{\"@type\":\"SearchAction\",\"target\":{\"@type\":\"EntryPoint\",\"urlTemplate\":\"https:\/\/exceladvisor.org\/de\/?s={search_term_string}\"},\"query-input\":{\"@type\":\"PropertyValueSpecification\",\"valueRequired\":true,\"valueName\":\"search_term_string\"}}],\"inLanguage\":\"de\"},{\"@type\":\"Organization\",\"@id\":\"https:\/\/exceladvisor.org\/de\/#organization\",\"name\":\"Excel Advisor\",\"url\":\"https:\/\/exceladvisor.org\/de\/\",\"logo\":{\"@type\":\"ImageObject\",\"inLanguage\":\"de\",\"@id\":\"https:\/\/exceladvisor.org\/de\/#\/schema\/logo\/image\/\",\"url\":\"https:\/\/exceladvisor.org\/de\/wp-content\/uploads\/2023\/11\/exceladvisor.org_.png\",\"contentUrl\":\"https:\/\/exceladvisor.org\/de\/wp-content\/uploads\/2023\/11\/exceladvisor.org_.png\",\"width\":105,\"height\":36,\"caption\":\"Excel Advisor\"},\"image\":{\"@id\":\"https:\/\/exceladvisor.org\/de\/#\/schema\/logo\/image\/\"}}]}<\/script>\n<!-- \/ Yoast SEO plugin. -->","yoast_head_json":{"title":"Wie verwende ich Dim in VBA in Excel? (Tutorial 2023)","description":"Sie m\u00fcssen die dim-Anweisung verwenden, um beim Schreiben von VBA-Code eine Variable und ihren Datentyp zu deklarieren.","robots":{"index":"index","follow":"follow","max-snippet":"max-snippet:-1","max-image-preview":"max-image-preview:large","max-video-preview":"max-video-preview:-1"},"canonical":"https:\/\/exceladvisor.org\/de\/schwach\/","og_locale":"de_DE","og_type":"article","og_title":"Wie verwende ich Dim in VBA in Excel? (Tutorial 2023)","og_description":"Sie m\u00fcssen die dim-Anweisung verwenden, um beim Schreiben von VBA-Code eine Variable und ihren Datentyp zu deklarieren.","og_url":"https:\/\/exceladvisor.org\/de\/schwach\/","og_site_name":"Excel Advisor","article_modified_time":"2023-12-03T13:04:50+00:00","og_image":[{"url":"https:\/\/exceladvisor.org\/wp-content\/uploads\/2023\/08\/1-instruction-dim-en-vba.png","type":"","width":"","height":""}],"twitter_card":"summary_large_image","twitter_misc":{"Gesch\u00e4tzte Lesezeit":"2\u00a0Minuten"},"schema":{"@context":"https:\/\/schema.org","@graph":[{"@type":"WebPage","@id":"https:\/\/exceladvisor.org\/de\/schwach\/","url":"https:\/\/exceladvisor.org\/de\/schwach\/","name":"Wie verwende ich Dim in VBA in Excel? (Tutorial 2023)","isPartOf":{"@id":"https:\/\/exceladvisor.org\/de\/#website"},"primaryImageOfPage":{"@id":"https:\/\/exceladvisor.org\/de\/schwach\/#primaryimage"},"image":{"@id":"https:\/\/exceladvisor.org\/de\/schwach\/#primaryimage"},"thumbnailUrl":"https:\/\/exceladvisor.org\/wp-content\/uploads\/2023\/08\/1-instruction-dim-en-vba.png","datePublished":"2023-09-29T02:43:45+00:00","dateModified":"2023-12-03T13:04:50+00:00","description":"Sie m\u00fcssen die dim-Anweisung verwenden, um beim Schreiben von VBA-Code eine Variable und ihren Datentyp zu deklarieren.","breadcrumb":{"@id":"https:\/\/exceladvisor.org\/de\/schwach\/#breadcrumb"},"inLanguage":"de","potentialAction":[{"@type":"ReadAction","target":["https:\/\/exceladvisor.org\/de\/schwach\/"]}]},{"@type":"ImageObject","inLanguage":"de","@id":"https:\/\/exceladvisor.org\/de\/schwach\/#primaryimage","url":"https:\/\/exceladvisor.org\/wp-content\/uploads\/2023\/08\/1-instruction-dim-en-vba.png","contentUrl":"https:\/\/exceladvisor.org\/wp-content\/uploads\/2023\/08\/1-instruction-dim-en-vba.png"},{"@type":"BreadcrumbList","@id":"https:\/\/exceladvisor.org\/de\/schwach\/#breadcrumb","itemListElement":[{"@type":"ListItem","position":1,"name":"Accueil","item":"https:\/\/exceladvisor.org\/de\/"},{"@type":"ListItem","position":2,"name":"Wie verwende ich dim in vba in excel?"}]},{"@type":"WebSite","@id":"https:\/\/exceladvisor.org\/de\/#website","url":"https:\/\/exceladvisor.org\/de\/","name":"Excel Advisor","description":"Ihr Leitfaden zur Datendominanz","publisher":{"@id":"https:\/\/exceladvisor.org\/de\/#organization"},"potentialAction":[{"@type":"SearchAction","target":{"@type":"EntryPoint","urlTemplate":"https:\/\/exceladvisor.org\/de\/?s={search_term_string}"},"query-input":{"@type":"PropertyValueSpecification","valueRequired":true,"valueName":"search_term_string"}}],"inLanguage":"de"},{"@type":"Organization","@id":"https:\/\/exceladvisor.org\/de\/#organization","name":"Excel Advisor","url":"https:\/\/exceladvisor.org\/de\/","logo":{"@type":"ImageObject","inLanguage":"de","@id":"https:\/\/exceladvisor.org\/de\/#\/schema\/logo\/image\/","url":"https:\/\/exceladvisor.org\/de\/wp-content\/uploads\/2023\/11\/exceladvisor.org_.png","contentUrl":"https:\/\/exceladvisor.org\/de\/wp-content\/uploads\/2023\/11\/exceladvisor.org_.png","width":105,"height":36,"caption":"Excel Advisor"},"image":{"@id":"https:\/\/exceladvisor.org\/de\/#\/schema\/logo\/image\/"}}]}},"yoast_meta":{"yoast_wpseo_title":"","yoast_wpseo_metadesc":"","yoast_wpseo_canonical":""},"_links":{"self":[{"href":"https:\/\/exceladvisor.org\/de\/wp-json\/wp\/v2\/pages\/3628","targetHints":{"allow":["GET"]}}],"collection":[{"href":"https:\/\/exceladvisor.org\/de\/wp-json\/wp\/v2\/pages"}],"about":[{"href":"https:\/\/exceladvisor.org\/de\/wp-json\/wp\/v2\/types\/page"}],"author":[{"embeddable":true,"href":"https:\/\/exceladvisor.org\/de\/wp-json\/wp\/v2\/users\/1"}],"replies":[{"embeddable":true,"href":"https:\/\/exceladvisor.org\/de\/wp-json\/wp\/v2\/comments?post=3628"}],"version-history":[{"count":1,"href":"https:\/\/exceladvisor.org\/de\/wp-json\/wp\/v2\/pages\/3628\/revisions"}],"predecessor-version":[{"id":4358,"href":"https:\/\/exceladvisor.org\/de\/wp-json\/wp\/v2\/pages\/3628\/revisions\/4358"}],"wp:attachment":[{"href":"https:\/\/exceladvisor.org\/de\/wp-json\/wp\/v2\/media?parent=3628"}],"curies":[{"name":"wp","href":"https:\/\/api.w.org\/{rel}","templated":true}]}}