{"id":3630,"date":"2023-09-29T01:54:15","date_gmt":"2023-09-29T01:54:15","guid":{"rendered":"https:\/\/exceladvisor.org\/de\/kette-1\/"},"modified":"2023-12-03T13:05:20","modified_gmt":"2023-12-03T13:05:20","slug":"kette-1","status":"publish","type":"page","link":"https:\/\/exceladvisor.org\/de\/kette-1\/","title":{"rendered":"Wie verwende ich vba zum verketten von zeichenfolgen?"},"content":{"rendered":"<div class=\"excel-vor-dem-inhalt\" id=\"excel-1313233680\"><script type=\"text\/javascript\">\r\n\tatOptions = {\r\n\t\t'key' : 'c1158f160081d6540a8409e6925dab94',\r\n\t\t'format' : 'iframe',\r\n\t\t'height' : 250,\r\n\t\t'width' : 300,\r\n\t\t'params' : {}\r\n\t};\r\n<\/script>\r\n<script type=\"text\/javascript\" src=\"\/\/www.highperformanceformat.com\/c1158f160081d6540a8409e6925dab94\/invoke.js\"><\/script><\/div> <p>Um zwei Zeichenfolgen mithilfe von VBA-Code zu verketten, m\u00fcssen Sie das kaufm\u00e4nnische Und-Zeichen verwenden. Sie k\u00f6nnen ein kaufm\u00e4nnisches Und-Zeichen zwischen zwei Zeichenfolgen verwenden, um sie zu kombinieren, und diesen neuen Wert dann einer Zelle, einer Variablen oder einem Meldungsfeld zuweisen. Ebenso k\u00f6nnen Sie auch mehr als zwei Werte verketten.<\/p><p> Sp\u00e4ter werden wir ein einfaches Beispiel sehen, um es zu verstehen.<\/p><h2 class=\"wp-block-heading\"> Schritte zur Verwendung von VBA zum Verketten<\/h2><ol type=\"1\"><li> Geben Sie zun\u00e4chst die erste Zeichenfolge in doppelte Anf\u00fchrungszeichen ein.<\/li><li> Geben Sie anschlie\u00dfend ein kaufm\u00e4nnisches Und ein.<\/li><li> Geben Sie als N\u00e4chstes den zweiten Text in doppelte Anf\u00fchrungszeichen ein.<\/li><li> Weisen Sie diesen Wert am Ende einer Zelle oder Variablen zu oder verwenden Sie ein Meldungsfeld, um ihn anzuzeigen.<\/li><\/ol><pre class=\"wp-block-code\"> <code class=\"language-visual-basic\" lang=\"visual-basic\">Sub vba_concatenate() Range(\"A1\") = \"Mike\" &amp; \"Ross\" End Sub<\/code><\/pre><h2 class=\"wp-block-heading\"> Mit einem Trennzeichen verketten<\/h2><p> Sie k\u00f6nnen auch ein Trennzeichen zwischen zwei Zeichenfolgen verwenden, indem Sie einfach ein drittes Amsand hinzuf\u00fcgen. Betrachten Sie den folgenden Code.<\/p><pre class=\"wp-block-code\"> <code class=\"language-visual-basic\" lang=\"visual-basic\">Range(\"A1\") = \"Mike\" &amp; \"-\" &amp; \"Ross\"<\/code><\/pre><p> Im obigen Code haben Sie ein Trennzeichen in zwei Zeichenfolgen verwendet und diese nur mit kaufm\u00e4nnischen Und-Zeichen verbunden. Wenn Sie also etwas einschlie\u00dfen m\u00fcssen, m\u00fcssen Sie im Grunde ein kaufm\u00e4nnisches Und verwenden.<\/p><h2 class=\"wp-block-heading\"> Verketten Sie mithilfe von Variablen<\/h2><p> Sie k\u00f6nnen Werte auch in Variablen speichern und dann die Werte dieser beiden Variablen verketten. Betrachten Sie den folgenden Code.<\/p><p> Im obigen Code haben Sie Variablen als Variablen deklariert und diesen Variablen dann Werte zugewiesen. Und am Ende haben wir die drei Variablen mit einem kaufm\u00e4nnischen Und kombiniert und das Ergebnis dann der Zelle A1 zugewiesen.<\/p><h2 class=\"wp-block-heading\"> Verketten Sie einen Bereich mit VBA<\/h2><p> Sie k\u00f6nnen Werte aus einem Zellbereich auch mithilfe von VBA verketten. Betrachten Sie das folgende Makro.<\/p><pre class=\"wp-block-code\"> <code class=\"language-visual-basic\" lang=\"visual-basic\">Sub vba_concatenate() Dim rng As Range Dim i As String Dim SourceRange As Range Set SourceRange = Range(\"A1:A10\") For Each rng In SourceRange i = i &amp; rng &amp; \" \" Next rng Range(\"B1\").Value = Trim(i) End Sub<\/code><\/pre><p> Im obigen Code haben Sie <a href=\"https:\/\/exceladvisor.org\/de\/fur-die-schleife\/\">FOR NEXT (For-Schleifen)<\/a> verwendet, um den Bereich zu durchlaufen, den Sie verketten m\u00f6chten.<\/p><p> Es geht also zu jeder Zelle im Bereich (A1:A10), speichert diesen Wert in der Variablen I und verwendet ein kaufm\u00e4nnisches Und, um einen Wert in jeder Iteration zu verketten. Zum Schluss stellen Sie den kombinierten Kanal auf Bereich B1 ein.<\/p><p> Und der folgende Code verkettet die Werte des ausgew\u00e4hlten Bereichs. Sie m\u00fcssen lediglich einen Bereich ausw\u00e4hlen und dann den Code ausf\u00fchren.<\/p><pre class=\"wp-block-code\" title=\"\"> <code class=\"language-visual-basic\" lang=\"visual-basic\">Dim rng As Range Dim i As String For Each rng In Selection i = i &amp; rng &amp; \" \" Next rng Range(\"B1\").Value = Trim(i)<\/code><\/pre><h2 class=\"wp-block-heading\"> Verketten Sie eine ganze Spalte oder Zeile<\/h2><p> Wenn Sie eine ganze Spalte oder Zeile verketten m\u00f6chten, ist es in diesem Fall besser, nicht die Schleifenmethode zu verwenden. Sie k\u00f6nnen die Arbeitsblattfunktion \u201eTextJoin\u201c verwenden, die eine ganze Zeile oder Spalte verbinden kann (beachten Sie den folgenden Code).<\/p><pre class=\"wp-block-code\"> <code class=\"language-visual-basic\" lang=\"visual-basic\">'join values from column A. Dim myRange As Range Dim myString As String Range(\"B1\") = WorksheetFunction.TextJoin(\" \", True, Range(\"A:A\")) 'join values from row 1. Dim myRange As Range Dim myString As String Range(\"B1\") = WorksheetFunction.TextJoin(\" \", True, Range(\"1:1\"))<\/code><\/pre><div class=\"gb-container gb-container-4db6181c gb-container-mt\"> <a class=\"gb-button gb-button-c5897111 gb-button-text gb-button-mt-button\" href=\"https:\/\/exceladvisor.org\/de\/vba\/\">Was ist VBA<\/a><h2 class=\"gb-headline gb-headline-665e5f6b gb-headline-text gb-headline-mt-heading\"> Verwandte Tutorials <\/h2><div class=\"gb-grid-wrapper gb-grid-wrapper-a20baf7c gb-grid-wrapper-mt-grid\"><div class=\"gb-grid-column gb-grid-column-65ddf67e\"><div class=\"gb-container gb-container-65ddf67e\"><ul><li> <a href=\"https:\/\/exceladvisor.org\/de\/durchschnitt-2\/\">Durchschnittswerte in Excel mit VBA<\/a><\/li><li> <a href=\"https:\/\/exceladvisor.org\/de\/heutiges-datum-aktuelle-uhrzeit\/\">Erhalten Sie das heutige Datum und die aktuelle Uhrzeit mit VBA<\/a><\/li><li> <a href=\"https:\/\/exceladvisor.org\/de\/summe-1\/\">Summieren Sie Werte in Excel mit VBA<\/a><\/li><li> <a href=\"https:\/\/exceladvisor.org\/de\/spiel-2\/\">Match-Funktion in VBA<\/a><\/li><li> <a href=\"https:\/\/exceladvisor.org\/de\/modus-1\/\">MOD in VBA<\/a> <\/li><\/ul><\/div><\/div><div class=\"gb-grid-column gb-grid-column-50067b57\"><div class=\"gb-container gb-container-50067b57\"><\/div><\/div><\/div><\/div>","protected":false},"excerpt":{"rendered":"","protected":false},"author":1,"featured_media":0,"parent":0,"menu_order":0,"comment_status":"open","ping_status":"closed","template":"","meta":{"ub_ctt_via":"","footnotes":""},"class_list":["post-3630","page","type-page","status-publish","hentry"],"featured_image_src":null,"yoast_head":"<!-- This site is optimized with the Yoast SEO plugin v25.4 - https:\/\/yoast.com\/wordpress\/plugins\/seo\/ -->\n<title>\u25b7 Wie verwende ich VBA zum Verketten von Zeichenfolgen?<\/title>\n<meta name=\"description\" content=\"Um zwei Zeichenfolgen mithilfe von VBA-Code zu verketten, m\u00fcssen Sie das kaufm\u00e4nnische Und-Zeichen verwenden. Sie k\u00f6nnen zwischen zwei ein kaufm\u00e4nnisches Und verwenden\" \/>\n<meta name=\"robots\" content=\"index, follow, max-snippet:-1, max-image-preview:large, max-video-preview:-1\" \/>\n<link rel=\"canonical\" href=\"https:\/\/exceladvisor.org\/de\/kette-1\/\" \/>\n<meta property=\"og:locale\" content=\"de_DE\" \/>\n<meta property=\"og:type\" content=\"article\" \/>\n<meta property=\"og:title\" content=\"\u25b7 Wie verwende ich VBA zum Verketten von Zeichenfolgen?\" \/>\n<meta property=\"og:description\" content=\"Um zwei Zeichenfolgen mithilfe von VBA-Code zu verketten, m\u00fcssen Sie das kaufm\u00e4nnische Und-Zeichen verwenden. Sie k\u00f6nnen zwischen zwei ein kaufm\u00e4nnisches Und verwenden\" \/>\n<meta property=\"og:url\" content=\"https:\/\/exceladvisor.org\/de\/kette-1\/\" \/>\n<meta property=\"og:site_name\" content=\"Excel Advisor\" \/>\n<meta property=\"article:modified_time\" content=\"2023-12-03T13:05:20+00:00\" \/>\n<meta name=\"twitter:card\" content=\"summary_large_image\" \/>\n<meta name=\"twitter:label1\" content=\"Gesch\u00e4tzte Lesezeit\" \/>\n\t<meta name=\"twitter:data1\" content=\"3\u00a0Minuten\" \/>\n<script type=\"application\/ld+json\" class=\"yoast-schema-graph\">{\"@context\":\"https:\/\/schema.org\",\"@graph\":[{\"@type\":\"WebPage\",\"@id\":\"https:\/\/exceladvisor.org\/de\/kette-1\/\",\"url\":\"https:\/\/exceladvisor.org\/de\/kette-1\/\",\"name\":\"\u25b7 Wie verwende ich VBA zum Verketten von Zeichenfolgen?\",\"isPartOf\":{\"@id\":\"https:\/\/exceladvisor.org\/de\/#website\"},\"datePublished\":\"2023-09-29T01:54:15+00:00\",\"dateModified\":\"2023-12-03T13:05:20+00:00\",\"description\":\"Um zwei Zeichenfolgen mithilfe von VBA-Code zu verketten, m\u00fcssen Sie das kaufm\u00e4nnische Und-Zeichen verwenden. Sie k\u00f6nnen zwischen zwei ein kaufm\u00e4nnisches Und verwenden\",\"breadcrumb\":{\"@id\":\"https:\/\/exceladvisor.org\/de\/kette-1\/#breadcrumb\"},\"inLanguage\":\"de\",\"potentialAction\":[{\"@type\":\"ReadAction\",\"target\":[\"https:\/\/exceladvisor.org\/de\/kette-1\/\"]}]},{\"@type\":\"BreadcrumbList\",\"@id\":\"https:\/\/exceladvisor.org\/de\/kette-1\/#breadcrumb\",\"itemListElement\":[{\"@type\":\"ListItem\",\"position\":1,\"name\":\"Accueil\",\"item\":\"https:\/\/exceladvisor.org\/de\/\"},{\"@type\":\"ListItem\",\"position\":2,\"name\":\"Wie verwende ich vba zum verketten von zeichenfolgen?\"}]},{\"@type\":\"WebSite\",\"@id\":\"https:\/\/exceladvisor.org\/de\/#website\",\"url\":\"https:\/\/exceladvisor.org\/de\/\",\"name\":\"Excel Advisor\",\"description\":\"Ihr Leitfaden zur Datendominanz\",\"publisher\":{\"@id\":\"https:\/\/exceladvisor.org\/de\/#organization\"},\"potentialAction\":[{\"@type\":\"SearchAction\",\"target\":{\"@type\":\"EntryPoint\",\"urlTemplate\":\"https:\/\/exceladvisor.org\/de\/?s={search_term_string}\"},\"query-input\":{\"@type\":\"PropertyValueSpecification\",\"valueRequired\":true,\"valueName\":\"search_term_string\"}}],\"inLanguage\":\"de\"},{\"@type\":\"Organization\",\"@id\":\"https:\/\/exceladvisor.org\/de\/#organization\",\"name\":\"Excel Advisor\",\"url\":\"https:\/\/exceladvisor.org\/de\/\",\"logo\":{\"@type\":\"ImageObject\",\"inLanguage\":\"de\",\"@id\":\"https:\/\/exceladvisor.org\/de\/#\/schema\/logo\/image\/\",\"url\":\"https:\/\/exceladvisor.org\/de\/wp-content\/uploads\/2023\/11\/exceladvisor.org_.png\",\"contentUrl\":\"https:\/\/exceladvisor.org\/de\/wp-content\/uploads\/2023\/11\/exceladvisor.org_.png\",\"width\":105,\"height\":36,\"caption\":\"Excel Advisor\"},\"image\":{\"@id\":\"https:\/\/exceladvisor.org\/de\/#\/schema\/logo\/image\/\"}}]}<\/script>\n<!-- \/ Yoast SEO plugin. -->","yoast_head_json":{"title":"\u25b7 Wie verwende ich VBA zum Verketten von Zeichenfolgen?","description":"Um zwei Zeichenfolgen mithilfe von VBA-Code zu verketten, m\u00fcssen Sie das kaufm\u00e4nnische Und-Zeichen verwenden. Sie k\u00f6nnen zwischen zwei ein kaufm\u00e4nnisches Und verwenden","robots":{"index":"index","follow":"follow","max-snippet":"max-snippet:-1","max-image-preview":"max-image-preview:large","max-video-preview":"max-video-preview:-1"},"canonical":"https:\/\/exceladvisor.org\/de\/kette-1\/","og_locale":"de_DE","og_type":"article","og_title":"\u25b7 Wie verwende ich VBA zum Verketten von Zeichenfolgen?","og_description":"Um zwei Zeichenfolgen mithilfe von VBA-Code zu verketten, m\u00fcssen Sie das kaufm\u00e4nnische Und-Zeichen verwenden. Sie k\u00f6nnen zwischen zwei ein kaufm\u00e4nnisches Und verwenden","og_url":"https:\/\/exceladvisor.org\/de\/kette-1\/","og_site_name":"Excel Advisor","article_modified_time":"2023-12-03T13:05:20+00:00","twitter_card":"summary_large_image","twitter_misc":{"Gesch\u00e4tzte Lesezeit":"3\u00a0Minuten"},"schema":{"@context":"https:\/\/schema.org","@graph":[{"@type":"WebPage","@id":"https:\/\/exceladvisor.org\/de\/kette-1\/","url":"https:\/\/exceladvisor.org\/de\/kette-1\/","name":"\u25b7 Wie verwende ich VBA zum Verketten von Zeichenfolgen?","isPartOf":{"@id":"https:\/\/exceladvisor.org\/de\/#website"},"datePublished":"2023-09-29T01:54:15+00:00","dateModified":"2023-12-03T13:05:20+00:00","description":"Um zwei Zeichenfolgen mithilfe von VBA-Code zu verketten, m\u00fcssen Sie das kaufm\u00e4nnische Und-Zeichen verwenden. Sie k\u00f6nnen zwischen zwei ein kaufm\u00e4nnisches Und verwenden","breadcrumb":{"@id":"https:\/\/exceladvisor.org\/de\/kette-1\/#breadcrumb"},"inLanguage":"de","potentialAction":[{"@type":"ReadAction","target":["https:\/\/exceladvisor.org\/de\/kette-1\/"]}]},{"@type":"BreadcrumbList","@id":"https:\/\/exceladvisor.org\/de\/kette-1\/#breadcrumb","itemListElement":[{"@type":"ListItem","position":1,"name":"Accueil","item":"https:\/\/exceladvisor.org\/de\/"},{"@type":"ListItem","position":2,"name":"Wie verwende ich vba zum verketten von zeichenfolgen?"}]},{"@type":"WebSite","@id":"https:\/\/exceladvisor.org\/de\/#website","url":"https:\/\/exceladvisor.org\/de\/","name":"Excel Advisor","description":"Ihr Leitfaden zur Datendominanz","publisher":{"@id":"https:\/\/exceladvisor.org\/de\/#organization"},"potentialAction":[{"@type":"SearchAction","target":{"@type":"EntryPoint","urlTemplate":"https:\/\/exceladvisor.org\/de\/?s={search_term_string}"},"query-input":{"@type":"PropertyValueSpecification","valueRequired":true,"valueName":"search_term_string"}}],"inLanguage":"de"},{"@type":"Organization","@id":"https:\/\/exceladvisor.org\/de\/#organization","name":"Excel Advisor","url":"https:\/\/exceladvisor.org\/de\/","logo":{"@type":"ImageObject","inLanguage":"de","@id":"https:\/\/exceladvisor.org\/de\/#\/schema\/logo\/image\/","url":"https:\/\/exceladvisor.org\/de\/wp-content\/uploads\/2023\/11\/exceladvisor.org_.png","contentUrl":"https:\/\/exceladvisor.org\/de\/wp-content\/uploads\/2023\/11\/exceladvisor.org_.png","width":105,"height":36,"caption":"Excel Advisor"},"image":{"@id":"https:\/\/exceladvisor.org\/de\/#\/schema\/logo\/image\/"}}]}},"yoast_meta":{"yoast_wpseo_title":"","yoast_wpseo_metadesc":"","yoast_wpseo_canonical":""},"_links":{"self":[{"href":"https:\/\/exceladvisor.org\/de\/wp-json\/wp\/v2\/pages\/3630","targetHints":{"allow":["GET"]}}],"collection":[{"href":"https:\/\/exceladvisor.org\/de\/wp-json\/wp\/v2\/pages"}],"about":[{"href":"https:\/\/exceladvisor.org\/de\/wp-json\/wp\/v2\/types\/page"}],"author":[{"embeddable":true,"href":"https:\/\/exceladvisor.org\/de\/wp-json\/wp\/v2\/users\/1"}],"replies":[{"embeddable":true,"href":"https:\/\/exceladvisor.org\/de\/wp-json\/wp\/v2\/comments?post=3630"}],"version-history":[{"count":1,"href":"https:\/\/exceladvisor.org\/de\/wp-json\/wp\/v2\/pages\/3630\/revisions"}],"predecessor-version":[{"id":4388,"href":"https:\/\/exceladvisor.org\/de\/wp-json\/wp\/v2\/pages\/3630\/revisions\/4388"}],"wp:attachment":[{"href":"https:\/\/exceladvisor.org\/de\/wp-json\/wp\/v2\/media?parent=3630"}],"curies":[{"name":"wp","href":"https:\/\/api.w.org\/{rel}","templated":true}]}}