{"id":3633,"date":"2023-09-29T01:09:10","date_gmt":"2023-09-29T01:09:10","guid":{"rendered":"https:\/\/exceladvisor.org\/de\/gehe-zu-1\/"},"modified":"2023-12-03T13:05:53","modified_gmt":"2023-12-03T13:05:53","slug":"gehe-zu-1","status":"publish","type":"page","link":"https:\/\/exceladvisor.org\/de\/gehe-zu-1\/","title":{"rendered":"Wie verwende ich die goto-anweisung im vba-code?"},"content":{"rendered":"<div class=\"excel-vor-dem-inhalt\" id=\"excel-4020281257\"><script type=\"text\/javascript\">\r\n\tatOptions = {\r\n\t\t'key' : 'c1158f160081d6540a8409e6925dab94',\r\n\t\t'format' : 'iframe',\r\n\t\t'height' : 250,\r\n\t\t'width' : 300,\r\n\t\t'params' : {}\r\n\t};\r\n<\/script>\r\n<script type=\"text\/javascript\" src=\"\/\/www.highperformanceformat.com\/c1158f160081d6540a8409e6925dab94\/invoke.js\"><\/script><\/div> <p>Die VBA-GoTo-Anweisung hilft der Codeausf\u00fchrung, zu einer bestimmten Zeile in der Prozedur zu navigieren. Vereinfacht ausgedr\u00fcckt springt VBA mit der goto-Anweisung zu einer bestimmten Zeile, die Sie angegeben haben. Wenn Sie beispielsweise angegeben haben, dass zur zweiten Zeile gesprungen werden soll, springt go zu dieser Zeile.<\/p><h2 class=\"wp-block-heading\"> So verwenden Sie die VBA-GoTo-Anweisung im Code<\/h2><ol type=\"1\"><li> Zuerst m\u00fcssen Sie die goto-Anweisung verwenden.<\/li><li> Danach m\u00fcssen Sie definieren, wohin VBA von \u201eGehe zu\u201c gehen soll.<\/li><li> Als n\u00e4chstes erstellen Sie das Tag, um diese Stelle in der Prozedur zu erstellen.<\/li><li> F\u00fcgen Sie am Ende die Codezeile(n) hinzu, die Sie ausf\u00fchren m\u00f6chten. <\/li><\/ol><div class=\"wp-block-image\"><figure class=\"aligncenter size-large is-resized\"><img loading=\"lazy\" decoding=\"async\" class=\"wp-image-59662\" src=\"https:\/\/exceladvisor.org\/wp-content\/uploads\/2023\/08\/1-vba-aller-a-linstruction-dans-le-code.png\" sizes=\"auto, \" srcset=\"\" alt=\"vba-go-to-statement-in-code\" width=\"593\" height=\"446\"><\/figure><\/div><pre class=\"wp-block-code\"> <code class=\"language-visual-basic\" lang=\"visual-basic\">Sub vba_goto() GoTo <strong>Last<\/strong> <strong>Range<\/strong> (\"A1\"). <strong>Select<\/strong> <strong>Last<\/strong> : <strong>Range<\/strong> (\"A12\"). <strong>Select<\/strong> <strong>End<\/strong> Sub<\/code><\/pre><h2 class=\"wp-block-heading\"> Gehen Sie zu, um einen Code zu wiederholen<\/h2><p> Sie k\u00f6nnen die go to-Anweisung auch verwenden, um Code mithilfe einer Reihe von Bedingungen zu wiederholen.<\/p><pre class=\"wp-block-code\"> <code class=\"language-visual-basic\" lang=\"visual-basic\"><strong>Sub<\/strong> goto_repeat() <strong>Dim<\/strong> iMessage As String Question:    iMessage = InputBox(\"what's the day today?\") <strong>If<\/strong> iMessage &lt;&gt; \"tuesday\" <strong>Then<\/strong>    MsgBox (\"wrong answer, try again.\") <strong>GoTo<\/strong> Question <strong>Else<\/strong>    MsgBox (\"that's the right answer.\") <strong>End<\/strong> <strong>If<\/strong> <strong>End<\/strong> <strong>Sub<\/strong><\/code><\/pre><p> Wenn Sie den obigen Code ausf\u00fchren, werden Sie nach dem Namen des Tages gefragt. Wenn Sie etwas anderes als \u201eDienstag\u201c eingeben, wird die Frage wiederholt. Wenn Sie sich den Code ansehen, k\u00f6nnen Sie sehen, dass wir die goto-Anweisung und die <a href=\"https:\/\/exceladvisor.org\/de\/wenn-2\/\">if-Anweisung<\/a> verwenden m\u00fcssen.<\/p><p> Wenn der Benutzer nun etwas anderes als die richtige Antwort eingibt, zwingt die goto-Anweisung VBA dazu, den Code zu wiederholen. (Aber wenn Sie diese Art von Code verwenden, m\u00fcssen Sie sehr vorsichtig sein, da dies zu einer Endlosschleife f\u00fchren kann.<\/p><h2 class=\"wp-block-heading\"> VBA Gehe zum Ende<\/h2><p> Sie k\u00f6nnen ein Sub auch mit der goto-Anweisung verlassen. <\/p><div class=\"wp-block-image\"><figure class=\"aligncenter size-large is-resized\"><img loading=\"lazy\" decoding=\"async\" class=\"wp-image-59664\" src=\"https:\/\/exceladvisor.org\/wp-content\/uploads\/2023\/08\/2-vba-aller-a-la-fin.png\" sizes=\"auto, \" srcset=\"\" alt=\"vba-gehe zum Ende\" width=\"461\" height=\"198\"><\/figure><\/div><p> Im obigen Code haben wir das Tag \u201elast\u201c direkt vor der End-Anweisung verwendet. Wenn VBA die GoTo-Anweisung erreicht, springt VBA am Ende der Prozedur zum \u201eLast\u201c.<\/p><h2 class=\"wp-block-heading\"> GoTo-Anweisung, um zu einer Zeile in einer anderen Unterroutine zu wechseln<\/h2><p> Nun, die Going-to-Anweisung ist sehr praktisch, um VBA von einer Stelle zur anderen springen zu lassen, aber es ist nicht m\u00f6glich, sie zu einer anderen Prozedur im <a href=\"https:\/\/exceladvisor.org\/de\/modul\/\">Modul<\/a> springen zu lassen.<\/p><div class=\"gb-container gb-container-4db6181c gb-container-mt\"> <a class=\"gb-button gb-button-c5897111 gb-button-text gb-button-mt-button\" href=\"https:\/\/exceladvisor.org\/de\/vba\/\">Was ist VBA<\/a><h2 class=\"gb-headline gb-headline-665e5f6b gb-headline-text gb-headline-mt-heading\"> Verwandte Tutorials <\/h2><div class=\"gb-grid-wrapper gb-grid-wrapper-a20baf7c gb-grid-wrapper-mt-grid\"><div class=\"gb-grid-column gb-grid-column-65ddf67e\"><div class=\"gb-container gb-container-65ddf67e\"><ul><li> <a href=\"https:\/\/exceladvisor.org\/de\/schleifen\/\">VBA-Schleifen (Anf\u00e4nger bis Fortgeschrittene)<\/a><\/li><li> <a href=\"https:\/\/exceladvisor.org\/de\/wahlen-sie-den-fall-aus\/\">VBA-Fall ausw\u00e4hlen<\/a><\/li><li> <a href=\"https:\/\/exceladvisor.org\/de\/wahrend-tun\/\">Excel VBA Do While Loop und (Do Loop While) \u2013 Eine Anleitung<\/a><\/li><li> <a href=\"https:\/\/exceladvisor.org\/de\/schleifenblatter\/\">Durchlaufen Sie alle Bl\u00e4tter mit VBA in Excel<\/a><\/li><li> <a href=\"https:\/\/exceladvisor.org\/de\/schleife-durch-den-bereich\/\">Schleife \u00fcber einen Bereich mit VBA (Spalten, Zeilen und UsedRange)<\/a> <\/li><\/ul><\/div><\/div><div class=\"gb-grid-column gb-grid-column-50067b57\"><div class=\"gb-container gb-container-50067b57\"><\/div><\/div><\/div><\/div>","protected":false},"excerpt":{"rendered":"","protected":false},"author":1,"featured_media":0,"parent":0,"menu_order":0,"comment_status":"open","ping_status":"closed","template":"","meta":{"ub_ctt_via":"","footnotes":""},"class_list":["post-3633","page","type-page","status-publish","hentry"],"featured_image_src":null,"yoast_head":"<!-- This site is optimized with the Yoast SEO plugin v25.4 - https:\/\/yoast.com\/wordpress\/plugins\/seo\/ -->\n<title>\u25b7 Wie verwende ich die GoTo-Anweisung im VBA-Code?<\/title>\n<meta name=\"description\" content=\"In diesem Tutorial erfahren Sie, wie Sie mit der GoTo-Anweisung im VBA-Code zu einer bestimmten Zeile im Code navigieren.\" \/>\n<meta name=\"robots\" content=\"index, follow, max-snippet:-1, max-image-preview:large, max-video-preview:-1\" \/>\n<link rel=\"canonical\" href=\"https:\/\/exceladvisor.org\/de\/gehe-zu-1\/\" \/>\n<meta property=\"og:locale\" content=\"de_DE\" \/>\n<meta property=\"og:type\" content=\"article\" \/>\n<meta property=\"og:title\" content=\"\u25b7 Wie verwende ich die GoTo-Anweisung im VBA-Code?\" \/>\n<meta property=\"og:description\" content=\"In diesem Tutorial erfahren Sie, wie Sie mit der GoTo-Anweisung im VBA-Code zu einer bestimmten Zeile im Code navigieren.\" \/>\n<meta property=\"og:url\" content=\"https:\/\/exceladvisor.org\/de\/gehe-zu-1\/\" \/>\n<meta property=\"og:site_name\" content=\"Excel Advisor\" \/>\n<meta property=\"article:modified_time\" content=\"2023-12-03T13:05:53+00:00\" \/>\n<meta property=\"og:image\" content=\"https:\/\/exceladvisor.org\/wp-content\/uploads\/2023\/08\/1-vba-aller-a-linstruction-dans-le-code.png\" \/>\n<meta name=\"twitter:card\" content=\"summary_large_image\" \/>\n<meta name=\"twitter:label1\" content=\"Gesch\u00e4tzte Lesezeit\" \/>\n\t<meta name=\"twitter:data1\" content=\"2\u00a0Minuten\" \/>\n<script type=\"application\/ld+json\" class=\"yoast-schema-graph\">{\"@context\":\"https:\/\/schema.org\",\"@graph\":[{\"@type\":\"WebPage\",\"@id\":\"https:\/\/exceladvisor.org\/de\/gehe-zu-1\/\",\"url\":\"https:\/\/exceladvisor.org\/de\/gehe-zu-1\/\",\"name\":\"\u25b7 Wie verwende ich die GoTo-Anweisung im VBA-Code?\",\"isPartOf\":{\"@id\":\"https:\/\/exceladvisor.org\/de\/#website\"},\"primaryImageOfPage\":{\"@id\":\"https:\/\/exceladvisor.org\/de\/gehe-zu-1\/#primaryimage\"},\"image\":{\"@id\":\"https:\/\/exceladvisor.org\/de\/gehe-zu-1\/#primaryimage\"},\"thumbnailUrl\":\"https:\/\/exceladvisor.org\/wp-content\/uploads\/2023\/08\/1-vba-aller-a-linstruction-dans-le-code.png\",\"datePublished\":\"2023-09-29T01:09:10+00:00\",\"dateModified\":\"2023-12-03T13:05:53+00:00\",\"description\":\"In diesem Tutorial erfahren Sie, wie Sie mit der GoTo-Anweisung im VBA-Code zu einer bestimmten Zeile im Code navigieren.\",\"breadcrumb\":{\"@id\":\"https:\/\/exceladvisor.org\/de\/gehe-zu-1\/#breadcrumb\"},\"inLanguage\":\"de\",\"potentialAction\":[{\"@type\":\"ReadAction\",\"target\":[\"https:\/\/exceladvisor.org\/de\/gehe-zu-1\/\"]}]},{\"@type\":\"ImageObject\",\"inLanguage\":\"de\",\"@id\":\"https:\/\/exceladvisor.org\/de\/gehe-zu-1\/#primaryimage\",\"url\":\"https:\/\/exceladvisor.org\/wp-content\/uploads\/2023\/08\/1-vba-aller-a-linstruction-dans-le-code.png\",\"contentUrl\":\"https:\/\/exceladvisor.org\/wp-content\/uploads\/2023\/08\/1-vba-aller-a-linstruction-dans-le-code.png\"},{\"@type\":\"BreadcrumbList\",\"@id\":\"https:\/\/exceladvisor.org\/de\/gehe-zu-1\/#breadcrumb\",\"itemListElement\":[{\"@type\":\"ListItem\",\"position\":1,\"name\":\"Accueil\",\"item\":\"https:\/\/exceladvisor.org\/de\/\"},{\"@type\":\"ListItem\",\"position\":2,\"name\":\"Wie verwende ich die goto-anweisung im vba-code?\"}]},{\"@type\":\"WebSite\",\"@id\":\"https:\/\/exceladvisor.org\/de\/#website\",\"url\":\"https:\/\/exceladvisor.org\/de\/\",\"name\":\"Excel Advisor\",\"description\":\"Ihr Leitfaden zur Datendominanz\",\"publisher\":{\"@id\":\"https:\/\/exceladvisor.org\/de\/#organization\"},\"potentialAction\":[{\"@type\":\"SearchAction\",\"target\":{\"@type\":\"EntryPoint\",\"urlTemplate\":\"https:\/\/exceladvisor.org\/de\/?s={search_term_string}\"},\"query-input\":{\"@type\":\"PropertyValueSpecification\",\"valueRequired\":true,\"valueName\":\"search_term_string\"}}],\"inLanguage\":\"de\"},{\"@type\":\"Organization\",\"@id\":\"https:\/\/exceladvisor.org\/de\/#organization\",\"name\":\"Excel Advisor\",\"url\":\"https:\/\/exceladvisor.org\/de\/\",\"logo\":{\"@type\":\"ImageObject\",\"inLanguage\":\"de\",\"@id\":\"https:\/\/exceladvisor.org\/de\/#\/schema\/logo\/image\/\",\"url\":\"https:\/\/exceladvisor.org\/de\/wp-content\/uploads\/2023\/11\/exceladvisor.org_.png\",\"contentUrl\":\"https:\/\/exceladvisor.org\/de\/wp-content\/uploads\/2023\/11\/exceladvisor.org_.png\",\"width\":105,\"height\":36,\"caption\":\"Excel Advisor\"},\"image\":{\"@id\":\"https:\/\/exceladvisor.org\/de\/#\/schema\/logo\/image\/\"}}]}<\/script>\n<!-- \/ Yoast SEO plugin. -->","yoast_head_json":{"title":"\u25b7 Wie verwende ich die GoTo-Anweisung im VBA-Code?","description":"In diesem Tutorial erfahren Sie, wie Sie mit der GoTo-Anweisung im VBA-Code zu einer bestimmten Zeile im Code navigieren.","robots":{"index":"index","follow":"follow","max-snippet":"max-snippet:-1","max-image-preview":"max-image-preview:large","max-video-preview":"max-video-preview:-1"},"canonical":"https:\/\/exceladvisor.org\/de\/gehe-zu-1\/","og_locale":"de_DE","og_type":"article","og_title":"\u25b7 Wie verwende ich die GoTo-Anweisung im VBA-Code?","og_description":"In diesem Tutorial erfahren Sie, wie Sie mit der GoTo-Anweisung im VBA-Code zu einer bestimmten Zeile im Code navigieren.","og_url":"https:\/\/exceladvisor.org\/de\/gehe-zu-1\/","og_site_name":"Excel Advisor","article_modified_time":"2023-12-03T13:05:53+00:00","og_image":[{"url":"https:\/\/exceladvisor.org\/wp-content\/uploads\/2023\/08\/1-vba-aller-a-linstruction-dans-le-code.png","type":"","width":"","height":""}],"twitter_card":"summary_large_image","twitter_misc":{"Gesch\u00e4tzte Lesezeit":"2\u00a0Minuten"},"schema":{"@context":"https:\/\/schema.org","@graph":[{"@type":"WebPage","@id":"https:\/\/exceladvisor.org\/de\/gehe-zu-1\/","url":"https:\/\/exceladvisor.org\/de\/gehe-zu-1\/","name":"\u25b7 Wie verwende ich die GoTo-Anweisung im VBA-Code?","isPartOf":{"@id":"https:\/\/exceladvisor.org\/de\/#website"},"primaryImageOfPage":{"@id":"https:\/\/exceladvisor.org\/de\/gehe-zu-1\/#primaryimage"},"image":{"@id":"https:\/\/exceladvisor.org\/de\/gehe-zu-1\/#primaryimage"},"thumbnailUrl":"https:\/\/exceladvisor.org\/wp-content\/uploads\/2023\/08\/1-vba-aller-a-linstruction-dans-le-code.png","datePublished":"2023-09-29T01:09:10+00:00","dateModified":"2023-12-03T13:05:53+00:00","description":"In diesem Tutorial erfahren Sie, wie Sie mit der GoTo-Anweisung im VBA-Code zu einer bestimmten Zeile im Code navigieren.","breadcrumb":{"@id":"https:\/\/exceladvisor.org\/de\/gehe-zu-1\/#breadcrumb"},"inLanguage":"de","potentialAction":[{"@type":"ReadAction","target":["https:\/\/exceladvisor.org\/de\/gehe-zu-1\/"]}]},{"@type":"ImageObject","inLanguage":"de","@id":"https:\/\/exceladvisor.org\/de\/gehe-zu-1\/#primaryimage","url":"https:\/\/exceladvisor.org\/wp-content\/uploads\/2023\/08\/1-vba-aller-a-linstruction-dans-le-code.png","contentUrl":"https:\/\/exceladvisor.org\/wp-content\/uploads\/2023\/08\/1-vba-aller-a-linstruction-dans-le-code.png"},{"@type":"BreadcrumbList","@id":"https:\/\/exceladvisor.org\/de\/gehe-zu-1\/#breadcrumb","itemListElement":[{"@type":"ListItem","position":1,"name":"Accueil","item":"https:\/\/exceladvisor.org\/de\/"},{"@type":"ListItem","position":2,"name":"Wie verwende ich die goto-anweisung im vba-code?"}]},{"@type":"WebSite","@id":"https:\/\/exceladvisor.org\/de\/#website","url":"https:\/\/exceladvisor.org\/de\/","name":"Excel Advisor","description":"Ihr Leitfaden zur Datendominanz","publisher":{"@id":"https:\/\/exceladvisor.org\/de\/#organization"},"potentialAction":[{"@type":"SearchAction","target":{"@type":"EntryPoint","urlTemplate":"https:\/\/exceladvisor.org\/de\/?s={search_term_string}"},"query-input":{"@type":"PropertyValueSpecification","valueRequired":true,"valueName":"search_term_string"}}],"inLanguage":"de"},{"@type":"Organization","@id":"https:\/\/exceladvisor.org\/de\/#organization","name":"Excel Advisor","url":"https:\/\/exceladvisor.org\/de\/","logo":{"@type":"ImageObject","inLanguage":"de","@id":"https:\/\/exceladvisor.org\/de\/#\/schema\/logo\/image\/","url":"https:\/\/exceladvisor.org\/de\/wp-content\/uploads\/2023\/11\/exceladvisor.org_.png","contentUrl":"https:\/\/exceladvisor.org\/de\/wp-content\/uploads\/2023\/11\/exceladvisor.org_.png","width":105,"height":36,"caption":"Excel Advisor"},"image":{"@id":"https:\/\/exceladvisor.org\/de\/#\/schema\/logo\/image\/"}}]}},"yoast_meta":{"yoast_wpseo_title":"","yoast_wpseo_metadesc":"","yoast_wpseo_canonical":""},"_links":{"self":[{"href":"https:\/\/exceladvisor.org\/de\/wp-json\/wp\/v2\/pages\/3633","targetHints":{"allow":["GET"]}}],"collection":[{"href":"https:\/\/exceladvisor.org\/de\/wp-json\/wp\/v2\/pages"}],"about":[{"href":"https:\/\/exceladvisor.org\/de\/wp-json\/wp\/v2\/types\/page"}],"author":[{"embeddable":true,"href":"https:\/\/exceladvisor.org\/de\/wp-json\/wp\/v2\/users\/1"}],"replies":[{"embeddable":true,"href":"https:\/\/exceladvisor.org\/de\/wp-json\/wp\/v2\/comments?post=3633"}],"version-history":[{"count":1,"href":"https:\/\/exceladvisor.org\/de\/wp-json\/wp\/v2\/pages\/3633\/revisions"}],"predecessor-version":[{"id":4243,"href":"https:\/\/exceladvisor.org\/de\/wp-json\/wp\/v2\/pages\/3633\/revisions\/4243"}],"wp:attachment":[{"href":"https:\/\/exceladvisor.org\/de\/wp-json\/wp\/v2\/media?parent=3633"}],"curies":[{"name":"wp","href":"https:\/\/api.w.org\/{rel}","templated":true}]}}