{"id":3634,"date":"2023-09-29T00:37:26","date_gmt":"2023-09-29T00:37:26","guid":{"rendered":"https:\/\/exceladvisor.org\/de\/konstanten\/"},"modified":"2023-12-03T11:13:18","modified_gmt":"2023-12-03T11:13:18","slug":"konstanten","status":"publish","type":"page","link":"https:\/\/exceladvisor.org\/de\/konstanten\/","title":{"rendered":"Was ist eine konstante in vba?"},"content":{"rendered":"<div class=\"excel-vor-dem-inhalt\" id=\"excel-297115877\"><script type=\"text\/javascript\">\r\n\tatOptions = {\r\n\t\t'key' : 'c1158f160081d6540a8409e6925dab94',\r\n\t\t'format' : 'iframe',\r\n\t\t'height' : 250,\r\n\t\t'width' : 300,\r\n\t\t'params' : {}\r\n\t};\r\n<\/script>\r\n<script type=\"text\/javascript\" src=\"\/\/www.highperformanceformat.com\/c1158f160081d6540a8409e6925dab94\/invoke.js\"><\/script><\/div> <p>In VBA ist eine Konstante ein Speicherfeld, das selbst in Ihrem System gespeichert ist und dort einen Wert f\u00fcr Sie speichern kann. Der Wert, den Sie ihm zuweisen, kann jedoch nicht ge\u00e4ndert werden, wenn der Code ausgef\u00fchrt wird. In VBA gibt es zwei verschiedene Arten von Konstanten, die Sie verwenden k\u00f6nnen:<\/p><ul><li> Intrinsische Konstanten<\/li><li> Benutzerdefinierte Konstanten<\/li><\/ul><p> <strong>Intrinsische Konstanten<\/strong> sind solche, die in die VBA-Sprache selbst integriert sind (z. B. die integrierte Konstante vbOKCancel, die Sie im <a href=\"https:\/\/exceladvisor.org\/de\/vba-nachrichtenbox\/\">Meldungsfeld<\/a> verwenden), und <strong>benutzerdefinierte Konstanten<\/strong> sind andererseits solche, die Sie durch Zuweisung von a erstellen k\u00f6nnen Wert darauf legen.<\/p><h2 class=\"wp-block-heading\"> Deklarieren Sie eine Konstante in VBA<\/h2><ol type=\"1\"><li> Verwenden Sie das Schl\u00fcsselwort \u201eConst\u201c.<\/li><li> Geben Sie einen Namen f\u00fcr die Konstante an.<\/li><li> Verwenden Sie nach dem Namen das Schl\u00fcsselwort \u201eAs\u201c.<\/li><li> Geben Sie den \u201eDatentyp\u201c f\u00fcr die Konstante basierend auf dem Wert an, den Sie ihr zuweisen m\u00f6chten.<\/li><li> Entspricht dem \u201e=\u201c-Zeichen.<\/li><li> Letztendlich der Wert, den Sie ihm zuweisen m\u00f6chten. <\/li><\/ol><div class=\"wp-block-image\"><figure class=\"aligncenter size-large is-resized\"><img loading=\"lazy\" decoding=\"async\" class=\"wp-image-60175\" src=\"https:\/\/exceladvisor.org\/wp-content\/uploads\/2023\/08\/1-declarer-une-constante-en-vba.png\" sizes=\"auto, \" srcset=\"\" alt=\"Deklarieren Sie eine Konstante in VBA\" width=\"483\" height=\"267\"><\/figure><\/div><p> Oben ist eine Konstante, die ein Geburtsdatum speichert. Wenn Sie nun der Meinung sind, dass ein Geburtsdatum fest sein sollte, k\u00f6nnen Sie f\u00fcr diese Art von Wert eine Konstante verwenden.<\/p><h2 class=\"wp-block-heading\"> Geltungsbereich einer Konstante<\/h2><p> Konstanten haben denselben G\u00fcltigkeitsbereich wie <a href=\"https:\/\/exceladvisor.org\/de\/variablen\/\">Variablen<\/a> . Wenn Sie eine Konstante deklarieren, hat sie einen G\u00fcltigkeitsbereich auf Prozedurebene, d. h. Sie k\u00f6nnen sie \u00fcberall in der Prozedur verwenden. Sie k\u00f6nnen eine Konstante jedoch im privaten oder \u00f6ffentlichen Bereich deklarieren.<\/p><p> Eine private Konstante ist nur f\u00fcr die Prozedur verf\u00fcgbar, in der sie als Konstante deklariert ist. Um eine private Konstante zu deklarieren, m\u00fcssen Sie die Schl\u00fcsselw\u00f6rter \u201ePrivate\u201c verwenden, wie im folgenden Beispiel.<\/p><pre class=\"wp-block-code\"> <code class=\"language-visual-basic\" lang=\"visual-basic\">Private Const iName As String = \u201cPuneet\u201d<\/code><\/pre><p> Und ebenso sollten Sie das Schl\u00fcsselwort \u201ePublic\u201c verwenden, wenn Sie eine Konstante als \u00f6ffentlich deklarieren m\u00fcssen.<\/p><pre class=\"wp-block-code\"> <code class=\"language-visual-basic\" lang=\"visual-basic\">Public Const iPrice As String = \u201c$3.99\u201d<\/code><\/pre><div class=\"gb-container gb-container-4db6181c gb-container-mt\"> <a class=\"gb-button gb-button-c5897111 gb-button-text gb-button-mt-button\" href=\"https:\/\/exceladvisor.org\/de\/vba\/\">Was ist VBA<\/a><h2 class=\"gb-headline gb-headline-665e5f6b gb-headline-text gb-headline-mt-heading\"> Verwandte Tutorials <\/h2><div class=\"gb-grid-wrapper gb-grid-wrapper-a20baf7c gb-grid-wrapper-mt-grid\"><div class=\"gb-grid-column gb-grid-column-65ddf67e\"><div class=\"gb-container gb-container-65ddf67e\"><ul><li> <a href=\"https:\/\/exceladvisor.org\/de\/globale-variable\/\">Deklarieren Sie eine globale (\u00f6ffentliche) Variable in VBA<\/a><\/li><li> <a href=\"https:\/\/exceladvisor.org\/de\/variabler-bereich\/\">Verwenden Sie in VBA einen Bereich oder eine Zelle als Variable<\/a><\/li><li> <a href=\"https:\/\/exceladvisor.org\/de\/explizite-option-2\/\">Explizite Optionsanweisung in VBA<\/a><\/li><li> <a href=\"https:\/\/exceladvisor.org\/de\/variables-nachrichtenfeld\/\">Variable in einem Meldungsfeld<\/a><\/li><li> <a href=\"https:\/\/exceladvisor.org\/de\/variablen\/\">VBA-Variablen (Deklaration, Datentypen und Umfang)<\/a> <\/li><\/ul><\/div><\/div><div class=\"gb-grid-column gb-grid-column-50067b57\"><div class=\"gb-container gb-container-50067b57\"><\/div><\/div><\/div><\/div>","protected":false},"excerpt":{"rendered":"","protected":false},"author":1,"featured_media":0,"parent":0,"menu_order":0,"comment_status":"open","ping_status":"closed","template":"","meta":{"ub_ctt_via":"","footnotes":""},"class_list":["post-3634","page","type-page","status-publish","hentry"],"featured_image_src":null,"yoast_head":"<!-- This site is optimized with the Yoast SEO plugin v25.4 - https:\/\/yoast.com\/wordpress\/plugins\/seo\/ -->\n<title>\u25b7 VBA-Konstanten: Umfang und Deklaration (Tutorial 2023)<\/title>\n<meta name=\"description\" content=\"In VBA ist eine Konstante ein Speicherfeld, das selbst in Ihrem System gespeichert ist und dort einen Wert f\u00fcr Sie speichern kann\" \/>\n<meta name=\"robots\" content=\"index, follow, max-snippet:-1, max-image-preview:large, max-video-preview:-1\" \/>\n<link rel=\"canonical\" href=\"https:\/\/exceladvisor.org\/de\/konstanten\/\" \/>\n<meta property=\"og:locale\" content=\"de_DE\" \/>\n<meta property=\"og:type\" content=\"article\" \/>\n<meta property=\"og:title\" content=\"\u25b7 VBA-Konstanten: Umfang und Deklaration (Tutorial 2023)\" \/>\n<meta property=\"og:description\" content=\"In VBA ist eine Konstante ein Speicherfeld, das selbst in Ihrem System gespeichert ist und dort einen Wert f\u00fcr Sie speichern kann\" \/>\n<meta property=\"og:url\" content=\"https:\/\/exceladvisor.org\/de\/konstanten\/\" \/>\n<meta property=\"og:site_name\" content=\"Excel Advisor\" \/>\n<meta property=\"article:modified_time\" content=\"2023-12-03T11:13:18+00:00\" \/>\n<meta property=\"og:image\" content=\"https:\/\/exceladvisor.org\/wp-content\/uploads\/2023\/08\/1-declarer-une-constante-en-vba.png\" \/>\n<meta name=\"twitter:card\" content=\"summary_large_image\" \/>\n<meta name=\"twitter:label1\" content=\"Gesch\u00e4tzte Lesezeit\" \/>\n\t<meta name=\"twitter:data1\" content=\"2\u00a0Minuten\" \/>\n<script type=\"application\/ld+json\" class=\"yoast-schema-graph\">{\"@context\":\"https:\/\/schema.org\",\"@graph\":[{\"@type\":\"WebPage\",\"@id\":\"https:\/\/exceladvisor.org\/de\/konstanten\/\",\"url\":\"https:\/\/exceladvisor.org\/de\/konstanten\/\",\"name\":\"\u25b7 VBA-Konstanten: Umfang und Deklaration (Tutorial 2023)\",\"isPartOf\":{\"@id\":\"https:\/\/exceladvisor.org\/de\/#website\"},\"primaryImageOfPage\":{\"@id\":\"https:\/\/exceladvisor.org\/de\/konstanten\/#primaryimage\"},\"image\":{\"@id\":\"https:\/\/exceladvisor.org\/de\/konstanten\/#primaryimage\"},\"thumbnailUrl\":\"https:\/\/exceladvisor.org\/wp-content\/uploads\/2023\/08\/1-declarer-une-constante-en-vba.png\",\"datePublished\":\"2023-09-29T00:37:26+00:00\",\"dateModified\":\"2023-12-03T11:13:18+00:00\",\"description\":\"In VBA ist eine Konstante ein Speicherfeld, das selbst in Ihrem System gespeichert ist und dort einen Wert f\u00fcr Sie speichern kann\",\"breadcrumb\":{\"@id\":\"https:\/\/exceladvisor.org\/de\/konstanten\/#breadcrumb\"},\"inLanguage\":\"de\",\"potentialAction\":[{\"@type\":\"ReadAction\",\"target\":[\"https:\/\/exceladvisor.org\/de\/konstanten\/\"]}]},{\"@type\":\"ImageObject\",\"inLanguage\":\"de\",\"@id\":\"https:\/\/exceladvisor.org\/de\/konstanten\/#primaryimage\",\"url\":\"https:\/\/exceladvisor.org\/wp-content\/uploads\/2023\/08\/1-declarer-une-constante-en-vba.png\",\"contentUrl\":\"https:\/\/exceladvisor.org\/wp-content\/uploads\/2023\/08\/1-declarer-une-constante-en-vba.png\"},{\"@type\":\"BreadcrumbList\",\"@id\":\"https:\/\/exceladvisor.org\/de\/konstanten\/#breadcrumb\",\"itemListElement\":[{\"@type\":\"ListItem\",\"position\":1,\"name\":\"Accueil\",\"item\":\"https:\/\/exceladvisor.org\/de\/\"},{\"@type\":\"ListItem\",\"position\":2,\"name\":\"Was ist eine konstante in vba?\"}]},{\"@type\":\"WebSite\",\"@id\":\"https:\/\/exceladvisor.org\/de\/#website\",\"url\":\"https:\/\/exceladvisor.org\/de\/\",\"name\":\"Excel Advisor\",\"description\":\"Ihr Leitfaden zur Datendominanz\",\"publisher\":{\"@id\":\"https:\/\/exceladvisor.org\/de\/#organization\"},\"potentialAction\":[{\"@type\":\"SearchAction\",\"target\":{\"@type\":\"EntryPoint\",\"urlTemplate\":\"https:\/\/exceladvisor.org\/de\/?s={search_term_string}\"},\"query-input\":{\"@type\":\"PropertyValueSpecification\",\"valueRequired\":true,\"valueName\":\"search_term_string\"}}],\"inLanguage\":\"de\"},{\"@type\":\"Organization\",\"@id\":\"https:\/\/exceladvisor.org\/de\/#organization\",\"name\":\"Excel Advisor\",\"url\":\"https:\/\/exceladvisor.org\/de\/\",\"logo\":{\"@type\":\"ImageObject\",\"inLanguage\":\"de\",\"@id\":\"https:\/\/exceladvisor.org\/de\/#\/schema\/logo\/image\/\",\"url\":\"https:\/\/exceladvisor.org\/de\/wp-content\/uploads\/2023\/11\/exceladvisor.org_.png\",\"contentUrl\":\"https:\/\/exceladvisor.org\/de\/wp-content\/uploads\/2023\/11\/exceladvisor.org_.png\",\"width\":105,\"height\":36,\"caption\":\"Excel Advisor\"},\"image\":{\"@id\":\"https:\/\/exceladvisor.org\/de\/#\/schema\/logo\/image\/\"}}]}<\/script>\n<!-- \/ Yoast SEO plugin. -->","yoast_head_json":{"title":"\u25b7 VBA-Konstanten: Umfang und Deklaration (Tutorial 2023)","description":"In VBA ist eine Konstante ein Speicherfeld, das selbst in Ihrem System gespeichert ist und dort einen Wert f\u00fcr Sie speichern kann","robots":{"index":"index","follow":"follow","max-snippet":"max-snippet:-1","max-image-preview":"max-image-preview:large","max-video-preview":"max-video-preview:-1"},"canonical":"https:\/\/exceladvisor.org\/de\/konstanten\/","og_locale":"de_DE","og_type":"article","og_title":"\u25b7 VBA-Konstanten: Umfang und Deklaration (Tutorial 2023)","og_description":"In VBA ist eine Konstante ein Speicherfeld, das selbst in Ihrem System gespeichert ist und dort einen Wert f\u00fcr Sie speichern kann","og_url":"https:\/\/exceladvisor.org\/de\/konstanten\/","og_site_name":"Excel Advisor","article_modified_time":"2023-12-03T11:13:18+00:00","og_image":[{"url":"https:\/\/exceladvisor.org\/wp-content\/uploads\/2023\/08\/1-declarer-une-constante-en-vba.png","type":"","width":"","height":""}],"twitter_card":"summary_large_image","twitter_misc":{"Gesch\u00e4tzte Lesezeit":"2\u00a0Minuten"},"schema":{"@context":"https:\/\/schema.org","@graph":[{"@type":"WebPage","@id":"https:\/\/exceladvisor.org\/de\/konstanten\/","url":"https:\/\/exceladvisor.org\/de\/konstanten\/","name":"\u25b7 VBA-Konstanten: Umfang und Deklaration (Tutorial 2023)","isPartOf":{"@id":"https:\/\/exceladvisor.org\/de\/#website"},"primaryImageOfPage":{"@id":"https:\/\/exceladvisor.org\/de\/konstanten\/#primaryimage"},"image":{"@id":"https:\/\/exceladvisor.org\/de\/konstanten\/#primaryimage"},"thumbnailUrl":"https:\/\/exceladvisor.org\/wp-content\/uploads\/2023\/08\/1-declarer-une-constante-en-vba.png","datePublished":"2023-09-29T00:37:26+00:00","dateModified":"2023-12-03T11:13:18+00:00","description":"In VBA ist eine Konstante ein Speicherfeld, das selbst in Ihrem System gespeichert ist und dort einen Wert f\u00fcr Sie speichern kann","breadcrumb":{"@id":"https:\/\/exceladvisor.org\/de\/konstanten\/#breadcrumb"},"inLanguage":"de","potentialAction":[{"@type":"ReadAction","target":["https:\/\/exceladvisor.org\/de\/konstanten\/"]}]},{"@type":"ImageObject","inLanguage":"de","@id":"https:\/\/exceladvisor.org\/de\/konstanten\/#primaryimage","url":"https:\/\/exceladvisor.org\/wp-content\/uploads\/2023\/08\/1-declarer-une-constante-en-vba.png","contentUrl":"https:\/\/exceladvisor.org\/wp-content\/uploads\/2023\/08\/1-declarer-une-constante-en-vba.png"},{"@type":"BreadcrumbList","@id":"https:\/\/exceladvisor.org\/de\/konstanten\/#breadcrumb","itemListElement":[{"@type":"ListItem","position":1,"name":"Accueil","item":"https:\/\/exceladvisor.org\/de\/"},{"@type":"ListItem","position":2,"name":"Was ist eine konstante in vba?"}]},{"@type":"WebSite","@id":"https:\/\/exceladvisor.org\/de\/#website","url":"https:\/\/exceladvisor.org\/de\/","name":"Excel Advisor","description":"Ihr Leitfaden zur Datendominanz","publisher":{"@id":"https:\/\/exceladvisor.org\/de\/#organization"},"potentialAction":[{"@type":"SearchAction","target":{"@type":"EntryPoint","urlTemplate":"https:\/\/exceladvisor.org\/de\/?s={search_term_string}"},"query-input":{"@type":"PropertyValueSpecification","valueRequired":true,"valueName":"search_term_string"}}],"inLanguage":"de"},{"@type":"Organization","@id":"https:\/\/exceladvisor.org\/de\/#organization","name":"Excel Advisor","url":"https:\/\/exceladvisor.org\/de\/","logo":{"@type":"ImageObject","inLanguage":"de","@id":"https:\/\/exceladvisor.org\/de\/#\/schema\/logo\/image\/","url":"https:\/\/exceladvisor.org\/de\/wp-content\/uploads\/2023\/11\/exceladvisor.org_.png","contentUrl":"https:\/\/exceladvisor.org\/de\/wp-content\/uploads\/2023\/11\/exceladvisor.org_.png","width":105,"height":36,"caption":"Excel Advisor"},"image":{"@id":"https:\/\/exceladvisor.org\/de\/#\/schema\/logo\/image\/"}}]}},"yoast_meta":{"yoast_wpseo_title":"","yoast_wpseo_metadesc":"","yoast_wpseo_canonical":""},"_links":{"self":[{"href":"https:\/\/exceladvisor.org\/de\/wp-json\/wp\/v2\/pages\/3634","targetHints":{"allow":["GET"]}}],"collection":[{"href":"https:\/\/exceladvisor.org\/de\/wp-json\/wp\/v2\/pages"}],"about":[{"href":"https:\/\/exceladvisor.org\/de\/wp-json\/wp\/v2\/types\/page"}],"author":[{"embeddable":true,"href":"https:\/\/exceladvisor.org\/de\/wp-json\/wp\/v2\/users\/1"}],"replies":[{"embeddable":true,"href":"https:\/\/exceladvisor.org\/de\/wp-json\/wp\/v2\/comments?post=3634"}],"version-history":[{"count":1,"href":"https:\/\/exceladvisor.org\/de\/wp-json\/wp\/v2\/pages\/3634\/revisions"}],"predecessor-version":[{"id":3824,"href":"https:\/\/exceladvisor.org\/de\/wp-json\/wp\/v2\/pages\/3634\/revisions\/3824"}],"wp:attachment":[{"href":"https:\/\/exceladvisor.org\/de\/wp-json\/wp\/v2\/media?parent=3634"}],"curies":[{"name":"wp","href":"https:\/\/api.w.org\/{rel}","templated":true}]}}