{"id":3638,"date":"2023-09-28T22:43:00","date_gmt":"2023-09-28T22:43:00","guid":{"rendered":"https:\/\/exceladvisor.org\/de\/schleife-durch-den-bereich\/"},"modified":"2023-12-03T13:04:28","modified_gmt":"2023-12-03T13:04:28","slug":"schleife-durch-den-bereich","status":"publish","type":"page","link":"https:\/\/exceladvisor.org\/de\/schleife-durch-den-bereich\/","title":{"rendered":"Wie navigiere ich mit vba durch einen bereich?"},"content":{"rendered":"<div class=\"excel-vor-dem-inhalt\" id=\"excel-3314795694\"><script type=\"text\/javascript\">\r\n\tatOptions = {\r\n\t\t'key' : 'c1158f160081d6540a8409e6925dab94',\r\n\t\t'format' : 'iframe',\r\n\t\t'height' : 250,\r\n\t\t'width' : 300,\r\n\t\t'params' : {}\r\n\t};\r\n<\/script>\r\n<script type=\"text\/javascript\" src=\"\/\/www.highperformanceformat.com\/c1158f160081d6540a8409e6925dab94\/invoke.js\"><\/script><\/div> <p>Um einen Bereich in VBA zu durchlaufen, m\u00fcssen Sie die Option \u201eF\u00fcr jede Schleife\u201c verwenden. Mithilfe dieser Schleife k\u00f6nnen Sie Code schreiben, in dem Sie VBA anweisen, jede Zelle im Bereich, in der Spalte oder in der Zeile zu durchlaufen und eine bestimmte Aktivit\u00e4t auszuf\u00fchren.<\/p><pre class=\"wp-block-code\"> <code class=\"language-visual-basic\" lang=\"visual-basic\"><strong>Sub<\/strong> vba_loop_range() <strong>Dim<\/strong> iCell <strong>As<\/strong> Range <strong>For<\/strong> <strong>Each<\/strong> iCell <strong>In<\/strong> Range(\"A1:A10\").Cells   iCell.Value = \"Yes\" <strong>Next<\/strong> iCell <strong>End<\/strong> <strong>Sub<\/strong><\/code><\/pre><p> Hier sind die Schritte, um einen Strandspaziergang zu machen:<\/p><ol><li> Deklarieren Sie zun\u00e4chst eine Variable, die als Zelle des zu durchlaufenden Bereichs verwendet werden soll. <br><img loading=\"lazy\" decoding=\"async\" title=\"1-Loop-Through-Bereich\" src=\"https:\/\/exceladvisor.org\/wp-content\/uploads\/2023\/08\/1-boucle-a-travers-la-gamme.png\" sizes=\"auto, \" srcset=\"\" alt=\"loop-through-range\" width=\"281\" height=\"277\"><\/li><li> Starten Sie anschlie\u00dfend die \u201eFor Each\u201c-Schleife und verwenden Sie die Variable \u201eiCell\u201c, um jede Zelle im Bereich w\u00e4hrend der Schleife darzustellen. <br><img loading=\"lazy\" decoding=\"async\" title=\"2-Use-Icell-Variable\" src=\"https:\/\/exceladvisor.org\/wp-content\/uploads\/2023\/08\/2-utiliser-la-variable-icecell.png\" sizes=\"auto, \" srcset=\"\" alt=\"use-icell-variable\" width=\"404\" height=\"289\"><\/li><li> Als N\u00e4chstes m\u00fcssen Sie eine Codezeile schreiben, um eine Aktivit\u00e4t f\u00fcr jede Zelle auszuf\u00fchren, in der wir den Bereich schleifen. <br><img loading=\"lazy\" decoding=\"async\" title=\"3-schreibe-eine-Zeile-von-Code\" src=\"https:\/\/exceladvisor.org\/wp-content\/uploads\/2023\/08\/3-ecrire-une-ligne-de-code.png\" sizes=\"auto, \" srcset=\"\" alt=\"write-a-line-of-code\" width=\"420\" height=\"356\"><\/li><li> Beenden Sie am Ende den Code f\u00fcr eine Schleife. <br><img loading=\"lazy\" decoding=\"async\" title=\"4-ende-den-code-f\u00fcr-eine-schleife\" src=\"https:\/\/exceladvisor.org\/wp-content\/uploads\/2023\/08\/4-terminer-le-code-pour-une-boucle.png\" sizes=\"auto, \" srcset=\"\" alt=\"end-the-code-for-a-loop\" width=\"418\" height=\"363\"><\/li><\/ol><h2 class=\"wp-block-heading\"> F\u00fchren Sie mithilfe von VBA eine Schleife \u00fcber die gesamte Spalte und eine Zeile durch<\/h2><p> Auf die gleiche Weise k\u00f6nnen Sie jede Zelle in einer Zeile mit dem folgenden Code durchlaufen, der mit dem im vorherigen Beispiel verwendeten Code identisch ist. Der einzige Unterschied besteht im angegebenen Bereich. <\/p><div class=\"wp-block-image\"><figure class=\"aligncenter size-full is-resized\"><img loading=\"lazy\" decoding=\"async\" class=\"wp-image-61538\" src=\"https:\/\/exceladvisor.org\/wp-content\/uploads\/2023\/08\/5-boucles-sur-toute-la-colonne-et-la-ligne.png\" sizes=\"auto, \" srcset=\"\" alt=\"Schleife durch die gesamte Spalte und Zeile\" width=\"406\" height=\"344\"><\/figure><\/div><p> Hinweis: Bevor Sie eine ganze Spalte oder Zeile durchgehen, sollten Sie bedenken, dass die Schleife einige Zeit dauern kann und Ihr Excel f\u00fcr einige Minuten einfrieren kann.<\/p><pre class=\"wp-block-code\"> <code class=\"language-visual-basic\" lang=\"visual-basic\"><strong>Sub<\/strong> vba_loop_range() <strong>Dim<\/strong> iCell <strong>As<\/strong> Range <strong>For<\/strong> <strong>Each<\/strong> iCell <strong>In<\/strong> Range(\"A:A\").Cells   iCell.Value = \"Yes\" <strong>Next<\/strong> iCell <strong>End<\/strong> <strong>Sub<\/strong><\/code><\/pre><p> Und auf die gleiche Weise k\u00f6nnen Sie eine vollst\u00e4ndige Zeile als durchlaufenden Bereich verwenden.<\/p><pre class=\"wp-block-code\"> <code class=\"language-visual-basic\" lang=\"visual-basic\"><strong>Sub<\/strong> vba_loop_range() <strong>Dim<\/strong> iCell <strong>As<\/strong> Range <strong>For<\/strong> <strong>Each<\/strong> iCell <strong>In<\/strong> Range(\"1:1\").Cells   iCell.Value = \"Yes\" <strong>Next<\/strong> iCell <strong>End<\/strong> <strong>Sub<\/strong><\/code><\/pre><h2 class=\"wp-block-heading\"> Durchlaufen Sie den Dynamikbereich<\/h2><p> Und wenn Sie \u00fcber einen dynamischen Bereich von Zellen iterieren m\u00f6chten, lesen Sie den folgenden Code. <\/p><div class=\"wp-block-image\"><figure class=\"aligncenter size-full is-resized\"><img loading=\"lazy\" decoding=\"async\" class=\"wp-image-61539\" src=\"https:\/\/exceladvisor.org\/wp-content\/uploads\/2023\/08\/6-boucles-a-travers-la-plage-dynamique.png\" sizes=\"auto, \" srcset=\"\" alt=\"Schleife durch den Dynamikbereich\" width=\"751\" height=\"469\"><\/figure><\/div><pre class=\"wp-block-code\"> <code class=\"language-visual-basic\" lang=\"visual-basic\"><strong>Sub<\/strong> vba_dynamic_loop_range() <strong>Dim<\/strong> iCell <strong>As<\/strong> Range <strong>Dim<\/strong> iRange1 <strong>As<\/strong> String <strong>Dim<\/strong> iRange2 <strong>As<\/strong> String <strong>Dim<\/strong> rangeName <strong>As<\/strong> String iRange1 = ActiveCell.Address iRange2 = ActiveCell.Offset(5, 5).Address rangeName = iRange1 &amp; \":\" &amp; iRange2 <strong>For<\/strong> <strong>Each<\/strong> iCell <strong>In<\/strong> Range(rangeName).Cells   iCell = \"Yes\" <strong>Next<\/strong> iCell <strong>End<\/strong> <strong>Sub<\/strong><\/code><\/pre><div class=\"gb-container gb-container-4db6181c gb-container-mt\"> <a class=\"gb-button gb-button-c5897111 gb-button-text gb-button-mt-button\" href=\"https:\/\/exceladvisor.org\/de\/vba\/\">Was ist VBA<\/a><h2 class=\"gb-headline gb-headline-665e5f6b gb-headline-text gb-headline-mt-heading\"> Verwandte Tutorials <\/h2><div class=\"gb-grid-wrapper gb-grid-wrapper-a20baf7c gb-grid-wrapper-mt-grid\"><div class=\"gb-grid-column gb-grid-column-65ddf67e\"><div class=\"gb-container gb-container-65ddf67e\"><ul><li> <a href=\"https:\/\/exceladvisor.org\/de\/schleifen\/\">VBA-Schleifen (Anf\u00e4nger bis Fortgeschrittene)<\/a><\/li><li> <a href=\"https:\/\/exceladvisor.org\/de\/wahlen-sie-den-fall-aus\/\">VBA-Fall ausw\u00e4hlen<\/a><\/li><li> <a href=\"https:\/\/exceladvisor.org\/de\/wahrend-tun\/\">Excel VBA Do While Loop und (Do Loop While) \u2013 Eine Anleitung<\/a><\/li><li> <a href=\"https:\/\/exceladvisor.org\/de\/schleifenblatter\/\">Durchlaufen Sie alle Bl\u00e4tter mit VBA in Excel<\/a><\/li><li> <a href=\"https:\/\/exceladvisor.org\/de\/fur-die-schleife\/\">VBA FOR LOOP (F\u00fcr Next, For Each)<\/a> <\/li><\/ul><\/div><\/div><div class=\"gb-grid-column gb-grid-column-50067b57\"><div class=\"gb-container gb-container-50067b57\"><\/div><\/div><\/div><\/div>","protected":false},"excerpt":{"rendered":"","protected":false},"author":1,"featured_media":0,"parent":0,"menu_order":0,"comment_status":"open","ping_status":"closed","template":"","meta":{"ub_ctt_via":"","footnotes":""},"class_list":["post-3638","page","type-page","status-publish","hentry"],"featured_image_src":null,"yoast_head":"<!-- This site is optimized with the Yoast SEO plugin v25.4 - https:\/\/yoast.com\/wordpress\/plugins\/seo\/ -->\n<title>Wie navigiere ich mit VBA durch einen Bereich? (Tutorial 2023)<\/title>\n<meta name=\"description\" content=\"Um einen Bereich in VBA zu durchlaufen, m\u00fcssen Sie die Option \u201eF\u00fcr jede Schleife\u201c verwenden. Mit dieser Schleife k\u00f6nnen Sie Code schreiben, in dem...\" \/>\n<meta name=\"robots\" content=\"index, follow, max-snippet:-1, max-image-preview:large, max-video-preview:-1\" \/>\n<link rel=\"canonical\" href=\"https:\/\/exceladvisor.org\/de\/schleife-durch-den-bereich\/\" \/>\n<meta property=\"og:locale\" content=\"de_DE\" \/>\n<meta property=\"og:type\" content=\"article\" \/>\n<meta property=\"og:title\" content=\"Wie navigiere ich mit VBA durch einen Bereich? (Tutorial 2023)\" \/>\n<meta property=\"og:description\" content=\"Um einen Bereich in VBA zu durchlaufen, m\u00fcssen Sie die Option \u201eF\u00fcr jede Schleife\u201c verwenden. Mit dieser Schleife k\u00f6nnen Sie Code schreiben, in dem...\" \/>\n<meta property=\"og:url\" content=\"https:\/\/exceladvisor.org\/de\/schleife-durch-den-bereich\/\" \/>\n<meta property=\"og:site_name\" content=\"Excel Advisor\" \/>\n<meta property=\"article:modified_time\" content=\"2023-12-03T13:04:28+00:00\" \/>\n<meta property=\"og:image\" content=\"https:\/\/exceladvisor.org\/wp-content\/uploads\/2023\/08\/1-boucle-a-travers-la-gamme.png\" \/>\n<meta name=\"twitter:card\" content=\"summary_large_image\" \/>\n<meta name=\"twitter:label1\" content=\"Gesch\u00e4tzte Lesezeit\" \/>\n\t<meta name=\"twitter:data1\" content=\"2\u00a0Minuten\" \/>\n<script type=\"application\/ld+json\" class=\"yoast-schema-graph\">{\"@context\":\"https:\/\/schema.org\",\"@graph\":[{\"@type\":\"WebPage\",\"@id\":\"https:\/\/exceladvisor.org\/de\/schleife-durch-den-bereich\/\",\"url\":\"https:\/\/exceladvisor.org\/de\/schleife-durch-den-bereich\/\",\"name\":\"Wie navigiere ich mit VBA durch einen Bereich? (Tutorial 2023)\",\"isPartOf\":{\"@id\":\"https:\/\/exceladvisor.org\/de\/#website\"},\"primaryImageOfPage\":{\"@id\":\"https:\/\/exceladvisor.org\/de\/schleife-durch-den-bereich\/#primaryimage\"},\"image\":{\"@id\":\"https:\/\/exceladvisor.org\/de\/schleife-durch-den-bereich\/#primaryimage\"},\"thumbnailUrl\":\"https:\/\/exceladvisor.org\/wp-content\/uploads\/2023\/08\/1-boucle-a-travers-la-gamme.png\",\"datePublished\":\"2023-09-28T22:43:00+00:00\",\"dateModified\":\"2023-12-03T13:04:28+00:00\",\"description\":\"Um einen Bereich in VBA zu durchlaufen, m\u00fcssen Sie die Option \u201eF\u00fcr jede Schleife\u201c verwenden. Mit dieser Schleife k\u00f6nnen Sie Code schreiben, in dem...\",\"breadcrumb\":{\"@id\":\"https:\/\/exceladvisor.org\/de\/schleife-durch-den-bereich\/#breadcrumb\"},\"inLanguage\":\"de\",\"potentialAction\":[{\"@type\":\"ReadAction\",\"target\":[\"https:\/\/exceladvisor.org\/de\/schleife-durch-den-bereich\/\"]}]},{\"@type\":\"ImageObject\",\"inLanguage\":\"de\",\"@id\":\"https:\/\/exceladvisor.org\/de\/schleife-durch-den-bereich\/#primaryimage\",\"url\":\"https:\/\/exceladvisor.org\/wp-content\/uploads\/2023\/08\/1-boucle-a-travers-la-gamme.png\",\"contentUrl\":\"https:\/\/exceladvisor.org\/wp-content\/uploads\/2023\/08\/1-boucle-a-travers-la-gamme.png\"},{\"@type\":\"BreadcrumbList\",\"@id\":\"https:\/\/exceladvisor.org\/de\/schleife-durch-den-bereich\/#breadcrumb\",\"itemListElement\":[{\"@type\":\"ListItem\",\"position\":1,\"name\":\"Accueil\",\"item\":\"https:\/\/exceladvisor.org\/de\/\"},{\"@type\":\"ListItem\",\"position\":2,\"name\":\"Wie navigiere ich mit vba durch einen bereich?\"}]},{\"@type\":\"WebSite\",\"@id\":\"https:\/\/exceladvisor.org\/de\/#website\",\"url\":\"https:\/\/exceladvisor.org\/de\/\",\"name\":\"Excel Advisor\",\"description\":\"Ihr Leitfaden zur Datendominanz\",\"publisher\":{\"@id\":\"https:\/\/exceladvisor.org\/de\/#organization\"},\"potentialAction\":[{\"@type\":\"SearchAction\",\"target\":{\"@type\":\"EntryPoint\",\"urlTemplate\":\"https:\/\/exceladvisor.org\/de\/?s={search_term_string}\"},\"query-input\":{\"@type\":\"PropertyValueSpecification\",\"valueRequired\":true,\"valueName\":\"search_term_string\"}}],\"inLanguage\":\"de\"},{\"@type\":\"Organization\",\"@id\":\"https:\/\/exceladvisor.org\/de\/#organization\",\"name\":\"Excel Advisor\",\"url\":\"https:\/\/exceladvisor.org\/de\/\",\"logo\":{\"@type\":\"ImageObject\",\"inLanguage\":\"de\",\"@id\":\"https:\/\/exceladvisor.org\/de\/#\/schema\/logo\/image\/\",\"url\":\"https:\/\/exceladvisor.org\/de\/wp-content\/uploads\/2023\/11\/exceladvisor.org_.png\",\"contentUrl\":\"https:\/\/exceladvisor.org\/de\/wp-content\/uploads\/2023\/11\/exceladvisor.org_.png\",\"width\":105,\"height\":36,\"caption\":\"Excel Advisor\"},\"image\":{\"@id\":\"https:\/\/exceladvisor.org\/de\/#\/schema\/logo\/image\/\"}}]}<\/script>\n<!-- \/ Yoast SEO plugin. -->","yoast_head_json":{"title":"Wie navigiere ich mit VBA durch einen Bereich? (Tutorial 2023)","description":"Um einen Bereich in VBA zu durchlaufen, m\u00fcssen Sie die Option \u201eF\u00fcr jede Schleife\u201c verwenden. Mit dieser Schleife k\u00f6nnen Sie Code schreiben, in dem...","robots":{"index":"index","follow":"follow","max-snippet":"max-snippet:-1","max-image-preview":"max-image-preview:large","max-video-preview":"max-video-preview:-1"},"canonical":"https:\/\/exceladvisor.org\/de\/schleife-durch-den-bereich\/","og_locale":"de_DE","og_type":"article","og_title":"Wie navigiere ich mit VBA durch einen Bereich? (Tutorial 2023)","og_description":"Um einen Bereich in VBA zu durchlaufen, m\u00fcssen Sie die Option \u201eF\u00fcr jede Schleife\u201c verwenden. Mit dieser Schleife k\u00f6nnen Sie Code schreiben, in dem...","og_url":"https:\/\/exceladvisor.org\/de\/schleife-durch-den-bereich\/","og_site_name":"Excel Advisor","article_modified_time":"2023-12-03T13:04:28+00:00","og_image":[{"url":"https:\/\/exceladvisor.org\/wp-content\/uploads\/2023\/08\/1-boucle-a-travers-la-gamme.png","type":"","width":"","height":""}],"twitter_card":"summary_large_image","twitter_misc":{"Gesch\u00e4tzte Lesezeit":"2\u00a0Minuten"},"schema":{"@context":"https:\/\/schema.org","@graph":[{"@type":"WebPage","@id":"https:\/\/exceladvisor.org\/de\/schleife-durch-den-bereich\/","url":"https:\/\/exceladvisor.org\/de\/schleife-durch-den-bereich\/","name":"Wie navigiere ich mit VBA durch einen Bereich? (Tutorial 2023)","isPartOf":{"@id":"https:\/\/exceladvisor.org\/de\/#website"},"primaryImageOfPage":{"@id":"https:\/\/exceladvisor.org\/de\/schleife-durch-den-bereich\/#primaryimage"},"image":{"@id":"https:\/\/exceladvisor.org\/de\/schleife-durch-den-bereich\/#primaryimage"},"thumbnailUrl":"https:\/\/exceladvisor.org\/wp-content\/uploads\/2023\/08\/1-boucle-a-travers-la-gamme.png","datePublished":"2023-09-28T22:43:00+00:00","dateModified":"2023-12-03T13:04:28+00:00","description":"Um einen Bereich in VBA zu durchlaufen, m\u00fcssen Sie die Option \u201eF\u00fcr jede Schleife\u201c verwenden. Mit dieser Schleife k\u00f6nnen Sie Code schreiben, in dem...","breadcrumb":{"@id":"https:\/\/exceladvisor.org\/de\/schleife-durch-den-bereich\/#breadcrumb"},"inLanguage":"de","potentialAction":[{"@type":"ReadAction","target":["https:\/\/exceladvisor.org\/de\/schleife-durch-den-bereich\/"]}]},{"@type":"ImageObject","inLanguage":"de","@id":"https:\/\/exceladvisor.org\/de\/schleife-durch-den-bereich\/#primaryimage","url":"https:\/\/exceladvisor.org\/wp-content\/uploads\/2023\/08\/1-boucle-a-travers-la-gamme.png","contentUrl":"https:\/\/exceladvisor.org\/wp-content\/uploads\/2023\/08\/1-boucle-a-travers-la-gamme.png"},{"@type":"BreadcrumbList","@id":"https:\/\/exceladvisor.org\/de\/schleife-durch-den-bereich\/#breadcrumb","itemListElement":[{"@type":"ListItem","position":1,"name":"Accueil","item":"https:\/\/exceladvisor.org\/de\/"},{"@type":"ListItem","position":2,"name":"Wie navigiere ich mit vba durch einen bereich?"}]},{"@type":"WebSite","@id":"https:\/\/exceladvisor.org\/de\/#website","url":"https:\/\/exceladvisor.org\/de\/","name":"Excel Advisor","description":"Ihr Leitfaden zur Datendominanz","publisher":{"@id":"https:\/\/exceladvisor.org\/de\/#organization"},"potentialAction":[{"@type":"SearchAction","target":{"@type":"EntryPoint","urlTemplate":"https:\/\/exceladvisor.org\/de\/?s={search_term_string}"},"query-input":{"@type":"PropertyValueSpecification","valueRequired":true,"valueName":"search_term_string"}}],"inLanguage":"de"},{"@type":"Organization","@id":"https:\/\/exceladvisor.org\/de\/#organization","name":"Excel Advisor","url":"https:\/\/exceladvisor.org\/de\/","logo":{"@type":"ImageObject","inLanguage":"de","@id":"https:\/\/exceladvisor.org\/de\/#\/schema\/logo\/image\/","url":"https:\/\/exceladvisor.org\/de\/wp-content\/uploads\/2023\/11\/exceladvisor.org_.png","contentUrl":"https:\/\/exceladvisor.org\/de\/wp-content\/uploads\/2023\/11\/exceladvisor.org_.png","width":105,"height":36,"caption":"Excel Advisor"},"image":{"@id":"https:\/\/exceladvisor.org\/de\/#\/schema\/logo\/image\/"}}]}},"yoast_meta":{"yoast_wpseo_title":"","yoast_wpseo_metadesc":"","yoast_wpseo_canonical":""},"_links":{"self":[{"href":"https:\/\/exceladvisor.org\/de\/wp-json\/wp\/v2\/pages\/3638","targetHints":{"allow":["GET"]}}],"collection":[{"href":"https:\/\/exceladvisor.org\/de\/wp-json\/wp\/v2\/pages"}],"about":[{"href":"https:\/\/exceladvisor.org\/de\/wp-json\/wp\/v2\/types\/page"}],"author":[{"embeddable":true,"href":"https:\/\/exceladvisor.org\/de\/wp-json\/wp\/v2\/users\/1"}],"replies":[{"embeddable":true,"href":"https:\/\/exceladvisor.org\/de\/wp-json\/wp\/v2\/comments?post=3638"}],"version-history":[{"count":1,"href":"https:\/\/exceladvisor.org\/de\/wp-json\/wp\/v2\/pages\/3638\/revisions"}],"predecessor-version":[{"id":4158,"href":"https:\/\/exceladvisor.org\/de\/wp-json\/wp\/v2\/pages\/3638\/revisions\/4158"}],"wp:attachment":[{"href":"https:\/\/exceladvisor.org\/de\/wp-json\/wp\/v2\/media?parent=3638"}],"curies":[{"name":"wp","href":"https:\/\/api.w.org\/{rel}","templated":true}]}}