{"id":3639,"date":"2023-09-28T22:14:48","date_gmt":"2023-09-28T22:14:48","guid":{"rendered":"https:\/\/exceladvisor.org\/de\/durchschnitt-2\/"},"modified":"2023-12-03T13:04:25","modified_gmt":"2023-12-03T13:04:25","slug":"durchschnitt-2","status":"publish","type":"page","link":"https:\/\/exceladvisor.org\/de\/durchschnitt-2\/","title":{"rendered":"Wie mittele ich werte in excel \u00fcber vba?"},"content":{"rendered":"<div class=\"excel-vor-dem-inhalt\" id=\"excel-716664964\"><script type=\"text\/javascript\">\r\n\tatOptions = {\r\n\t\t'key' : 'c1158f160081d6540a8409e6925dab94',\r\n\t\t'format' : 'iframe',\r\n\t\t'height' : 250,\r\n\t\t'width' : 300,\r\n\t\t'params' : {}\r\n\t};\r\n<\/script>\r\n<script type=\"text\/javascript\" src=\"\/\/www.highperformanceformat.com\/c1158f160081d6540a8409e6925dab94\/invoke.js\"><\/script><\/div> <p>In Excel k\u00f6nnen Sie mit VBA Durchschnittswerte aus einem Zellbereich oder mehreren Bereichen berechnen. Und in diesem Tutorial lernen wir die verschiedenen Verwendungsm\u00f6glichkeiten kennen.<\/p><h2 class=\"wp-block-heading\"> Durchschnitt in VBA mit WorksheetFunction<\/h2><p> In VBA gibt es <a href=\"https:\/\/exceladvisor.org\/de\/funktionen\/\">mehrere Funktionen<\/a> , die Sie verwenden k\u00f6nnen, es gibt jedoch keine spezielle Funktion f\u00fcr diesen Zweck. Das bedeutet nicht, dass wir keinen Durchschnitt nehmen k\u00f6nnen. In VBA gibt es eine Eigenschaft namens <a href=\"https:\/\/exceladvisor.org\/de\/tabellenkalkulationsfunktion\/\">WorksheetFunction<\/a> , die Ihnen beim Aufrufen von Funktionen im VBA-Code helfen kann. <\/p><div class=\"wp-block-image\"><figure class=\"aligncenter size-full is-resized\"><img loading=\"lazy\" decoding=\"async\" class=\"wp-image-61346\" src=\"https:\/\/exceladvisor.org\/wp-content\/uploads\/2023\/08\/1-moyenne-en-vba-en-utilisant-la-fonction-de-feuille-de-calcul.png\" sizes=\"auto, \" srcset=\"\" alt=\"Durchschnitt in VBA mithilfe der Tabellenkalkulationsfunktion\" width=\"460\" height=\"298\"><\/figure><\/div><p> Lassen Sie uns die Werte im Bereich A1:A10 mitteln.<\/p><ol><li> Geben Sie zun\u00e4chst die Eigenschaft der Arbeitsblattfunktion ein und w\u00e4hlen Sie dann die Funktion AVERAGE aus der Liste aus. <br><img loading=\"lazy\" decoding=\"async\" title=\"2-Blatt-Funktionsdurchschnitt\" src=\"https:\/\/exceladvisor.org\/wp-content\/uploads\/2023\/08\/Moyenne-de-la-fonction-2-feuilles-de-calcul.png\" sizes=\"auto, \" srcset=\"\" alt=\"worksheet-function-average\" width=\"466\" height=\"277\"><\/li><li> Als n\u00e4chstes m\u00fcssen Sie eine Anfangsklammer eingeben, wie Sie es auch tun, wenn Sie eine Funktion in die Tabellenkalkulation eingeben. <br><img loading=\"lazy\" decoding=\"async\" title=\"3-Startklammer eingeben\" src=\"https:\/\/exceladvisor.org\/wp-content\/uploads\/2023\/08\/3-entrer-parenthese-de-depart.png\" sizes=\"auto, \" srcset=\"\" alt=\"enter-starting-paranthesis\" width=\"451\" height=\"251\"><\/li><li> Danach m\u00fcssen wir das Bereichsobjekt verwenden, um auf den Bereich zu verweisen, f\u00fcr den wir den Durchschnitt berechnen m\u00f6chten. <br><img loading=\"lazy\" decoding=\"async\" title=\"4-ue-the-range-object\" src=\"https:\/\/exceladvisor.org\/wp-content\/uploads\/2023\/08\/4-ue-lobjet-range.png\" sizes=\"auto, \" srcset=\"\" alt=\"use-the-range-object\" width=\"527\" height=\"218\"><\/li><li> Geben Sie am Ende eine schlie\u00dfende Klammer ein und weisen Sie Zelle B1 den R\u00fcckgabewert der Funktion zu. <br><img loading=\"lazy\" decoding=\"async\" title=\"5-Typ-Nahpranthese\" src=\"https:\/\/exceladvisor.org\/wp-content\/uploads\/2023\/08\/5-types-de-protheses-fermees.png\" sizes=\"auto, \" srcset=\"\" alt=\"type-close-pranthesis\" width=\"530\" height=\"204\"><\/li><\/ol><pre class=\"wp-block-code\"> <code class=\"language-visual-basic\" lang=\"visual-basic\">Application.WorksheetFunction.Average( <strong>Range<\/strong> (\"A1:A10\"))<\/code><\/pre><p> Wenn Sie nun <a href=\"https:\/\/exceladvisor.org\/de\/ein-makro-ausfuhren-2\/\">diesen Code ausf\u00fchren,<\/a> berechnet er den Durchschnitt der Werte, die Sie im Bereich A1:A10 haben, und gibt den Wert in Zelle B1 ein. <\/p><div class=\"wp-block-image\"><figure class=\"aligncenter size-full is-resized\"><img loading=\"lazy\" decoding=\"async\" class=\"wp-image-61351\" src=\"https:\/\/exceladvisor.org\/wp-content\/uploads\/2023\/08\/6-executer-le-code-calcule-la-moyenne.png\" sizes=\"auto, \" srcset=\"\" alt=\"run-code-calculate-average\" width=\"728\" height=\"353\"><\/figure><\/div><h2 class=\"wp-block-heading\"> Durchschnittswerte einer gesamten Spalte oder Zeile<\/h2><p> In diesem Fall m\u00fcssen Sie lediglich eine Zeile oder Spalte anstelle des Bereichs angeben, den wir im vorherigen Beispiel verwendet haben.<\/p><pre class=\"wp-block-code\"> <code class=\"language-visual-basic\" lang=\"visual-basic\">'for the entire column A <strong>Range<\/strong> (\"B1\") = Application.WorksheetFunction.Average( <strong>Range<\/strong> (\"A:A\")) 'for entire row 1 <strong>Range<\/strong> (\"B1\") = Application.WorksheetFunction.Average( <strong>Range<\/strong> (\"1:1\"))<\/code><\/pre><h2 class=\"wp-block-heading\"> Verwenden Sie VBA, um Auswahlwerte zu mitteln<\/h2><p> Angenommen, Sie m\u00f6chten nur den Durchschnittswert ausgew\u00e4hlter Zellen berechnen, da Sie Code wie diesen verwenden k\u00f6nnen.<\/p><pre class=\"wp-block-code\"> <code class=\"language-visual-basic\" lang=\"visual-basic\"><strong>Sub<\/strong> vba_average_selection() <strong>Dim<\/strong> sRange <strong>As<\/strong> Range <strong>Dim<\/strong> iAverage <strong>As<\/strong> Long <strong>On<\/strong> <strong>Error<\/strong> <strong>GoTo<\/strong> errorHandler <strong>Set<\/strong> sRange = Selection iAverage = WorksheetFunction.Average(Range(sRange.Address)) MsgBox iAverage <strong>Exit<\/strong> <strong>Sub<\/strong> errorHandler: MsgBox \"make sure to select a valid range of cells\" <strong>End<\/strong> <strong>Sub<\/strong><\/code><\/pre><p> Im obigen Code haben wir die Auswahl verwendet, sie dann in der Variablen \u201esRange\u201c angegeben und dann die Adresse dieser Bereichsvariablen verwendet, um den Durchschnitt zu ermitteln.<\/p><h2 class=\"wp-block-heading\"> VBA mittelt alle oben genannten Zellen<\/h2><p> Der folgende Code nimmt alle oben genannten Zellen und ihre Durchschnittswerte und <a href=\"https:\/\/exceladvisor.org\/de\/zellenwert\/\">tr\u00e4gt das Ergebnis in die ausgew\u00e4hlte Zelle ein<\/a> .<\/p><pre class=\"wp-block-code\"> <code class=\"language-visual-basic\" lang=\"visual-basic\"><strong>Sub<\/strong> vba_auto_Average() <strong>Dim<\/strong> iFirst <strong>As<\/strong> String <strong>Dim<\/strong> iLast <strong>As<\/strong> String <strong>Dim<\/strong> iRange <strong>As<\/strong> Range <strong>On<\/strong> <strong>Error<\/strong> <strong>GoTo<\/strong> errorHandler iFirst = Selection. <strong>End<\/strong> (xlUp). <strong>End<\/strong> (xlUp).Address iLast = Selection. <strong>End<\/strong> (xlUp).Address <strong>Set<\/strong> iRange = Range(iFirst &amp; \":\" &amp; iLast) ActiveCell = WorksheetFunction.Average(iRange) <strong>Exit<\/strong> <strong>Sub<\/strong> errorHandler: MsgBox \"make sure to select a valid range of cells\" <strong>End<\/strong> <strong>Sub<\/strong><\/code><\/pre><h2 class=\"wp-block-heading\"> Mittelung eines Dynamikbereichs mit VBA<\/h2><p> Und in \u00e4hnlicher Weise k\u00f6nnen Sie <a href=\"https:\/\/exceladvisor.org\/de\/benannter-strand\/\">den dynamischen Bereich<\/a> verwenden, w\u00e4hrend Sie VBA verwenden, um die Werte zu mitteln.<\/p><pre class=\"wp-block-code\"> <code class=\"language-visual-basic\" lang=\"visual-basic\">Sub vba_dynamic_range_average() Dim iFirst As String Dim iLast As String Dim iRange As Range On Error GoTo errorHandler iFirst = Selection.Offset(1, 1).Address iLast = Selection.Offset(5, 5).Address Set iRange = Range(iFirst &amp; \":\" &amp; iLast) ActiveCell = WorksheetFunction.Average(iRange) Exit Sub errorHandler: MsgBox \"make sure to select a valid range of cells\" End Sub<\/code><\/pre><h2 class=\"wp-block-heading\"> Durchschnitt einer dynamischen Spalte oder Zeile<\/h2><p> Wenn Sie eine dynamische Spalte verwenden m\u00f6chten, k\u00f6nnen Sie auf \u00e4hnliche Weise den folgenden Code verwenden, der die Spalte der aktiven Zelle und den Durchschnitt aller dort vorhandenen Werte verwendet.<\/p><pre class=\"wp-block-code\"> <code class=\"language-visual-basic\" lang=\"visual-basic\">Sub vba_dynamic_column() Dim iCol As Long On Error GoTo errorHandler iCol = ActiveCell.Column MsgBox WorksheetFunction.Average(Columns(iCol)) Exit Sub errorHandler: MsgBox \"make sure to select a valid range of cells\" End Sub<\/code><\/pre><p> Und zwar f\u00fcr eine Reihe.<\/p><pre class=\"wp-block-code\"> <code class=\"language-visual-basic\" lang=\"visual-basic\"><strong>Sub<\/strong> vba_dynamic_row() <strong>Dim<\/strong> iRow <strong>As<\/strong> Long <strong>On<\/strong> <strong>Error<\/strong> <strong>GoTo<\/strong> errorHandler iRow = ActiveCell.Row MsgBox WorksheetFunction.Average(Rows(iCol)) <strong>Exit<\/strong> <strong>Sub<\/strong> errorHandler: MsgBox \"make sure to select a valid range of cells\" <strong>End<\/strong> <strong>Sub<\/strong><\/code><\/pre><div class=\"gb-container gb-container-4db6181c gb-container-mt\"> <a class=\"gb-button gb-button-c5897111 gb-button-text gb-button-mt-button\" href=\"https:\/\/exceladvisor.org\/de\/vba\/\">Was ist VBA<\/a><h2 class=\"gb-headline gb-headline-665e5f6b gb-headline-text gb-headline-mt-heading\"> Verwandte Tutorials <\/h2><div class=\"gb-grid-wrapper gb-grid-wrapper-a20baf7c gb-grid-wrapper-mt-grid\"><div class=\"gb-grid-column gb-grid-column-65ddf67e\"><div class=\"gb-container gb-container-65ddf67e\"><ul><li> <a href=\"https:\/\/exceladvisor.org\/de\/heutiges-datum-aktuelle-uhrzeit\/\">Erhalten Sie das heutige Datum und die aktuelle Uhrzeit mit VBA<\/a><\/li><li> <a href=\"https:\/\/exceladvisor.org\/de\/summe-1\/\">Summieren Sie Werte in Excel mit VBA<\/a><\/li><li> <a href=\"https:\/\/exceladvisor.org\/de\/spiel-2\/\">Match-Funktion in VBA<\/a><\/li><li> <a href=\"https:\/\/exceladvisor.org\/de\/modus-1\/\">MOD in VBA<\/a><\/li><li> <a href=\"https:\/\/exceladvisor.org\/de\/zufallszahl\/\">VBA-Zufallszahlen<\/a> <\/li><\/ul><\/div><\/div><div class=\"gb-grid-column gb-grid-column-50067b57\"><div class=\"gb-container gb-container-50067b57\"><\/div><\/div><\/div><\/div>","protected":false},"excerpt":{"rendered":"","protected":false},"author":1,"featured_media":0,"parent":0,"menu_order":0,"comment_status":"open","ping_status":"closed","template":"","meta":{"ub_ctt_via":"","footnotes":""},"class_list":["post-3639","page","type-page","status-publish","hentry"],"featured_image_src":null,"yoast_head":"<!-- This site is optimized with the Yoast SEO plugin v25.4 - https:\/\/yoast.com\/wordpress\/plugins\/seo\/ -->\n<title>\u25b7 Wie mittele ich Werte in Excel \u00fcber VBA?<\/title>\n<meta name=\"description\" content=\"In Excel k\u00f6nnen Sie mit VBA den Durchschnitt der Werte in einem Zellbereich oder mehreren Bereichen berechnen. Und in diesem Tutorial\" \/>\n<meta name=\"robots\" content=\"index, follow, max-snippet:-1, max-image-preview:large, max-video-preview:-1\" \/>\n<link rel=\"canonical\" href=\"https:\/\/exceladvisor.org\/de\/durchschnitt-2\/\" \/>\n<meta property=\"og:locale\" content=\"de_DE\" \/>\n<meta property=\"og:type\" content=\"article\" \/>\n<meta property=\"og:title\" content=\"\u25b7 Wie mittele ich Werte in Excel \u00fcber VBA?\" \/>\n<meta property=\"og:description\" content=\"In Excel k\u00f6nnen Sie mit VBA den Durchschnitt der Werte in einem Zellbereich oder mehreren Bereichen berechnen. Und in diesem Tutorial\" \/>\n<meta property=\"og:url\" content=\"https:\/\/exceladvisor.org\/de\/durchschnitt-2\/\" \/>\n<meta property=\"og:site_name\" content=\"Excel Advisor\" \/>\n<meta property=\"article:modified_time\" content=\"2023-12-03T13:04:25+00:00\" \/>\n<meta property=\"og:image\" content=\"https:\/\/exceladvisor.org\/wp-content\/uploads\/2023\/08\/1-moyenne-en-vba-en-utilisant-la-fonction-de-feuille-de-calcul.png\" \/>\n<meta name=\"twitter:card\" content=\"summary_large_image\" \/>\n<meta name=\"twitter:label1\" content=\"Gesch\u00e4tzte Lesezeit\" \/>\n\t<meta name=\"twitter:data1\" content=\"3\u00a0Minuten\" \/>\n<script type=\"application\/ld+json\" class=\"yoast-schema-graph\">{\"@context\":\"https:\/\/schema.org\",\"@graph\":[{\"@type\":\"WebPage\",\"@id\":\"https:\/\/exceladvisor.org\/de\/durchschnitt-2\/\",\"url\":\"https:\/\/exceladvisor.org\/de\/durchschnitt-2\/\",\"name\":\"\u25b7 Wie mittele ich Werte in Excel \u00fcber VBA?\",\"isPartOf\":{\"@id\":\"https:\/\/exceladvisor.org\/de\/#website\"},\"primaryImageOfPage\":{\"@id\":\"https:\/\/exceladvisor.org\/de\/durchschnitt-2\/#primaryimage\"},\"image\":{\"@id\":\"https:\/\/exceladvisor.org\/de\/durchschnitt-2\/#primaryimage\"},\"thumbnailUrl\":\"https:\/\/exceladvisor.org\/wp-content\/uploads\/2023\/08\/1-moyenne-en-vba-en-utilisant-la-fonction-de-feuille-de-calcul.png\",\"datePublished\":\"2023-09-28T22:14:48+00:00\",\"dateModified\":\"2023-12-03T13:04:25+00:00\",\"description\":\"In Excel k\u00f6nnen Sie mit VBA den Durchschnitt der Werte in einem Zellbereich oder mehreren Bereichen berechnen. Und in diesem Tutorial\",\"breadcrumb\":{\"@id\":\"https:\/\/exceladvisor.org\/de\/durchschnitt-2\/#breadcrumb\"},\"inLanguage\":\"de\",\"potentialAction\":[{\"@type\":\"ReadAction\",\"target\":[\"https:\/\/exceladvisor.org\/de\/durchschnitt-2\/\"]}]},{\"@type\":\"ImageObject\",\"inLanguage\":\"de\",\"@id\":\"https:\/\/exceladvisor.org\/de\/durchschnitt-2\/#primaryimage\",\"url\":\"https:\/\/exceladvisor.org\/wp-content\/uploads\/2023\/08\/1-moyenne-en-vba-en-utilisant-la-fonction-de-feuille-de-calcul.png\",\"contentUrl\":\"https:\/\/exceladvisor.org\/wp-content\/uploads\/2023\/08\/1-moyenne-en-vba-en-utilisant-la-fonction-de-feuille-de-calcul.png\"},{\"@type\":\"BreadcrumbList\",\"@id\":\"https:\/\/exceladvisor.org\/de\/durchschnitt-2\/#breadcrumb\",\"itemListElement\":[{\"@type\":\"ListItem\",\"position\":1,\"name\":\"Accueil\",\"item\":\"https:\/\/exceladvisor.org\/de\/\"},{\"@type\":\"ListItem\",\"position\":2,\"name\":\"Wie mittele ich werte in excel \u00fcber vba?\"}]},{\"@type\":\"WebSite\",\"@id\":\"https:\/\/exceladvisor.org\/de\/#website\",\"url\":\"https:\/\/exceladvisor.org\/de\/\",\"name\":\"Excel Advisor\",\"description\":\"Ihr Leitfaden zur Datendominanz\",\"publisher\":{\"@id\":\"https:\/\/exceladvisor.org\/de\/#organization\"},\"potentialAction\":[{\"@type\":\"SearchAction\",\"target\":{\"@type\":\"EntryPoint\",\"urlTemplate\":\"https:\/\/exceladvisor.org\/de\/?s={search_term_string}\"},\"query-input\":{\"@type\":\"PropertyValueSpecification\",\"valueRequired\":true,\"valueName\":\"search_term_string\"}}],\"inLanguage\":\"de\"},{\"@type\":\"Organization\",\"@id\":\"https:\/\/exceladvisor.org\/de\/#organization\",\"name\":\"Excel Advisor\",\"url\":\"https:\/\/exceladvisor.org\/de\/\",\"logo\":{\"@type\":\"ImageObject\",\"inLanguage\":\"de\",\"@id\":\"https:\/\/exceladvisor.org\/de\/#\/schema\/logo\/image\/\",\"url\":\"https:\/\/exceladvisor.org\/de\/wp-content\/uploads\/2023\/11\/exceladvisor.org_.png\",\"contentUrl\":\"https:\/\/exceladvisor.org\/de\/wp-content\/uploads\/2023\/11\/exceladvisor.org_.png\",\"width\":105,\"height\":36,\"caption\":\"Excel Advisor\"},\"image\":{\"@id\":\"https:\/\/exceladvisor.org\/de\/#\/schema\/logo\/image\/\"}}]}<\/script>\n<!-- \/ Yoast SEO plugin. -->","yoast_head_json":{"title":"\u25b7 Wie mittele ich Werte in Excel \u00fcber VBA?","description":"In Excel k\u00f6nnen Sie mit VBA den Durchschnitt der Werte in einem Zellbereich oder mehreren Bereichen berechnen. Und in diesem Tutorial","robots":{"index":"index","follow":"follow","max-snippet":"max-snippet:-1","max-image-preview":"max-image-preview:large","max-video-preview":"max-video-preview:-1"},"canonical":"https:\/\/exceladvisor.org\/de\/durchschnitt-2\/","og_locale":"de_DE","og_type":"article","og_title":"\u25b7 Wie mittele ich Werte in Excel \u00fcber VBA?","og_description":"In Excel k\u00f6nnen Sie mit VBA den Durchschnitt der Werte in einem Zellbereich oder mehreren Bereichen berechnen. Und in diesem Tutorial","og_url":"https:\/\/exceladvisor.org\/de\/durchschnitt-2\/","og_site_name":"Excel Advisor","article_modified_time":"2023-12-03T13:04:25+00:00","og_image":[{"url":"https:\/\/exceladvisor.org\/wp-content\/uploads\/2023\/08\/1-moyenne-en-vba-en-utilisant-la-fonction-de-feuille-de-calcul.png","type":"","width":"","height":""}],"twitter_card":"summary_large_image","twitter_misc":{"Gesch\u00e4tzte Lesezeit":"3\u00a0Minuten"},"schema":{"@context":"https:\/\/schema.org","@graph":[{"@type":"WebPage","@id":"https:\/\/exceladvisor.org\/de\/durchschnitt-2\/","url":"https:\/\/exceladvisor.org\/de\/durchschnitt-2\/","name":"\u25b7 Wie mittele ich Werte in Excel \u00fcber VBA?","isPartOf":{"@id":"https:\/\/exceladvisor.org\/de\/#website"},"primaryImageOfPage":{"@id":"https:\/\/exceladvisor.org\/de\/durchschnitt-2\/#primaryimage"},"image":{"@id":"https:\/\/exceladvisor.org\/de\/durchschnitt-2\/#primaryimage"},"thumbnailUrl":"https:\/\/exceladvisor.org\/wp-content\/uploads\/2023\/08\/1-moyenne-en-vba-en-utilisant-la-fonction-de-feuille-de-calcul.png","datePublished":"2023-09-28T22:14:48+00:00","dateModified":"2023-12-03T13:04:25+00:00","description":"In Excel k\u00f6nnen Sie mit VBA den Durchschnitt der Werte in einem Zellbereich oder mehreren Bereichen berechnen. Und in diesem Tutorial","breadcrumb":{"@id":"https:\/\/exceladvisor.org\/de\/durchschnitt-2\/#breadcrumb"},"inLanguage":"de","potentialAction":[{"@type":"ReadAction","target":["https:\/\/exceladvisor.org\/de\/durchschnitt-2\/"]}]},{"@type":"ImageObject","inLanguage":"de","@id":"https:\/\/exceladvisor.org\/de\/durchschnitt-2\/#primaryimage","url":"https:\/\/exceladvisor.org\/wp-content\/uploads\/2023\/08\/1-moyenne-en-vba-en-utilisant-la-fonction-de-feuille-de-calcul.png","contentUrl":"https:\/\/exceladvisor.org\/wp-content\/uploads\/2023\/08\/1-moyenne-en-vba-en-utilisant-la-fonction-de-feuille-de-calcul.png"},{"@type":"BreadcrumbList","@id":"https:\/\/exceladvisor.org\/de\/durchschnitt-2\/#breadcrumb","itemListElement":[{"@type":"ListItem","position":1,"name":"Accueil","item":"https:\/\/exceladvisor.org\/de\/"},{"@type":"ListItem","position":2,"name":"Wie mittele ich werte in excel \u00fcber vba?"}]},{"@type":"WebSite","@id":"https:\/\/exceladvisor.org\/de\/#website","url":"https:\/\/exceladvisor.org\/de\/","name":"Excel Advisor","description":"Ihr Leitfaden zur Datendominanz","publisher":{"@id":"https:\/\/exceladvisor.org\/de\/#organization"},"potentialAction":[{"@type":"SearchAction","target":{"@type":"EntryPoint","urlTemplate":"https:\/\/exceladvisor.org\/de\/?s={search_term_string}"},"query-input":{"@type":"PropertyValueSpecification","valueRequired":true,"valueName":"search_term_string"}}],"inLanguage":"de"},{"@type":"Organization","@id":"https:\/\/exceladvisor.org\/de\/#organization","name":"Excel Advisor","url":"https:\/\/exceladvisor.org\/de\/","logo":{"@type":"ImageObject","inLanguage":"de","@id":"https:\/\/exceladvisor.org\/de\/#\/schema\/logo\/image\/","url":"https:\/\/exceladvisor.org\/de\/wp-content\/uploads\/2023\/11\/exceladvisor.org_.png","contentUrl":"https:\/\/exceladvisor.org\/de\/wp-content\/uploads\/2023\/11\/exceladvisor.org_.png","width":105,"height":36,"caption":"Excel Advisor"},"image":{"@id":"https:\/\/exceladvisor.org\/de\/#\/schema\/logo\/image\/"}}]}},"yoast_meta":{"yoast_wpseo_title":"","yoast_wpseo_metadesc":"","yoast_wpseo_canonical":""},"_links":{"self":[{"href":"https:\/\/exceladvisor.org\/de\/wp-json\/wp\/v2\/pages\/3639","targetHints":{"allow":["GET"]}}],"collection":[{"href":"https:\/\/exceladvisor.org\/de\/wp-json\/wp\/v2\/pages"}],"about":[{"href":"https:\/\/exceladvisor.org\/de\/wp-json\/wp\/v2\/types\/page"}],"author":[{"embeddable":true,"href":"https:\/\/exceladvisor.org\/de\/wp-json\/wp\/v2\/users\/1"}],"replies":[{"embeddable":true,"href":"https:\/\/exceladvisor.org\/de\/wp-json\/wp\/v2\/comments?post=3639"}],"version-history":[{"count":1,"href":"https:\/\/exceladvisor.org\/de\/wp-json\/wp\/v2\/pages\/3639\/revisions"}],"predecessor-version":[{"id":4155,"href":"https:\/\/exceladvisor.org\/de\/wp-json\/wp\/v2\/pages\/3639\/revisions\/4155"}],"wp:attachment":[{"href":"https:\/\/exceladvisor.org\/de\/wp-json\/wp\/v2\/media?parent=3639"}],"curies":[{"name":"wp","href":"https:\/\/api.w.org\/{rel}","templated":true}]}}