{"id":3640,"date":"2023-09-28T21:57:26","date_gmt":"2023-09-28T21:57:26","guid":{"rendered":"https:\/\/exceladvisor.org\/de\/eingabefeld\/"},"modified":"2023-12-03T13:05:42","modified_gmt":"2023-12-03T13:05:42","slug":"eingabefeld","status":"publish","type":"page","link":"https:\/\/exceladvisor.org\/de\/eingabefeld\/","title":{"rendered":"Wie verwende ich das eingabefeld in vba?"},"content":{"rendered":"<div class=\"excel-vor-dem-inhalt\" id=\"excel-2013711194\"><script type=\"text\/javascript\">\r\n\tatOptions = {\r\n\t\t'key' : 'c1158f160081d6540a8409e6925dab94',\r\n\t\t'format' : 'iframe',\r\n\t\t'height' : 250,\r\n\t\t'width' : 300,\r\n\t\t'params' : {}\r\n\t};\r\n<\/script>\r\n<script type=\"text\/javascript\" src=\"\/\/www.highperformanceformat.com\/c1158f160081d6540a8409e6925dab94\/invoke.js\"><\/script><\/div> <p>Wie der Name schon sagt, handelt es sich bei Input Box um eine Funktion, die dem Benutzer ein Eingabefeld anzeigt und eine Antwort sammelt.<\/p><p> Schauen Sie sich das Beispiel unten an, in dem wir ein Eingabefeld haben, in dem Sie nach Ihrem Namen gefragt werden, und ein Eingabefeld, in das Sie diesen eingeben k\u00f6nnen. Wenn Sie sich die Titelleiste ansehen, die wie die Nachrichtenleiste aussieht, haben wir einen Titel mit der Aufschrift \u201eNamen eingeben\u201c und die Meldung \u201eWie ist Ihr Name?\u201c &#8222;. <\/p><div class=\"wp-block-image\"><figure class=\"aligncenter size-full is-resized\"><img loading=\"lazy\" decoding=\"async\" class=\"wp-image-62133\" src=\"https:\/\/exceladvisor.org\/wp-content\/uploads\/2023\/08\/1-champ-de-saisie-en-vba.png\" sizes=\"auto, \" srcset=\"\" alt=\"Eingabefeld-in-vba\" width=\"517\" height=\"224\"><\/figure><\/div><p> Hier ist die Syntax des VBA-Eingabefelds: <\/p><div class=\"wp-block-image\"><figure class=\"aligncenter size-full is-resized\"><img loading=\"lazy\" decoding=\"async\" class=\"wp-image-62134\" src=\"https:\/\/exceladvisor.org\/wp-content\/uploads\/2023\/08\/2-syntaxe-de-la-zone-de-saisie-vba.png\" sizes=\"auto, \" srcset=\"\" alt=\"VBA-Eingabefeld-Syntax\" width=\"684\" height=\"119\"><\/figure><\/div><p> InputBox(Prompt[Titel][Standard][Links][Oben][HelpFile, HelpContextID][Typ])<\/p><ol type=\"1\"><li> <strong>Eingabeaufforderung<\/strong> : In der Eingabeaufforderung k\u00f6nnen Sie die Nachricht angeben, die im Eingabefeld angezeigt werden soll. Sie k\u00f6nnen dort maximal 1024 Zeichen verwenden.<\/li><li> <strong>[Titel]<\/strong> : Eine Zeichenfolge, die in der Titelleiste des Eingabebereichs angezeigt wird. Wenn Sie den Titel ignorieren, wird der Anwendungsname in der Titelleiste platziert.<\/li><li> <strong>[Standard]<\/strong> : Dies ist der Standardtext, den Sie in der Standardeingabeleiste haben m\u00f6chten, um ihn dem Benutzer anzuzeigen.<\/li><li> <strong>[XPos]<\/strong> : Eine Zahl, die (X-Achsen-Position) den Eingabeaufforderungsabstand von der linken Seite des Bildschirms horizontal darstellt. Wenn sie leer bleibt, wird der Eingabebereich horizontal zentriert.<\/li><li> <strong>[YPos]<\/strong> : Eine Zahl, die (Position der Y-Achse) den horizontalen Abstand der Eingabeaufforderung von der linken Seite des Bildschirms darstellt. Wenn sie leer bleibt, wird der Eingabebereich horizontal zentriert.<\/li><li> <strong>[Helpfile]<\/strong> : Zum Angeben einer Hilfedatei f\u00fcr den Benutzer. Der Benutzer kann \u00fcber die Schaltfl\u00e4che \u201eHilfe\u201c auf diese Hilfedatei zugreifen.<\/li><li> <strong>[Kontext]<\/strong> : Ein numerischer Ausdruck, der die zugewiesene Hilfekontextnummer identifiziert. Wenn Kontext bereitgestellt wird, muss auch eine Hilfedatei bereitgestellt werden.<\/li><\/ol><p> Alle Argumente in eckigen Klammern sind optional. Wenn Sie eines davon ignorieren, k\u00f6nnen Sie weiterhin die Eingabefeldfunktion verwenden, aber in den meisten F\u00e4llen m\u00fcssen Sie nicht mehr als die ersten drei Argumente verwenden.<\/p><h2 class=\"wp-block-heading\"> So verwenden Sie das Eingabefeld im VBA-Code<\/h2><ol type=\"1\"><li> Geben Sie \u201eInputBox\u201c ein und geben Sie ein Leerzeichen ein. Sie erhalten dann ein Tool f\u00fcr die Argumente, die Sie festlegen m\u00fcssen.<\/li><li> Geben Sie die \u201eEingabeaufforderung\u201c-Nachricht an, die Sie dem Benutzer anzeigen m\u00f6chten.<\/li><li> Legen Sie einen Titel f\u00fcr das Eingabefeld fest, andernfalls wird der Standardtitel angezeigt.<\/li><li> Erw\u00e4hnen Sie den Text, den Sie in der Standardeingabeleiste haben m\u00f6chten. <\/li><\/ol><div class=\"wp-block-image\"><figure class=\"aligncenter size-full is-resized\"><img loading=\"lazy\" decoding=\"async\" class=\"alignnone wp-image-12601 size-large\" src=\"https:\/\/exceladvisor.org\/wp-content\/uploads\/2023\/11\/utiliser-la-boite-de-saisie-via-vba-1024x490.png\" alt=\"use-input-box-via-vba\" width=\"678\" height=\"324\" srcset=\"https:\/\/exceladvisor.org\/wp-content\/uploads\/2023\/11\/utiliser-la-boite-de-saisie-via-vba-1024x490.png 1024w, https:\/\/exceladvisor.org\/wp-content\/uploads\/2023\/11\/utiliser-la-boite-de-saisie-via-vba-300x144.png 300w, https:\/\/exceladvisor.org\/wp-content\/uploads\/2023\/11\/utiliser-la-boite-de-saisie-via-vba-768x368.png 768w, https:\/\/exceladvisor.org\/wp-content\/uploads\/2023\/11\/utiliser-la-boite-de-saisie-via-vba.png 1260w\" sizes=\"auto, (max-width: 678px) 100vw, 678px\"><\/figure><\/div><p> Und wenn Sie diesen Code ausf\u00fchren, wird ein Eingabefeld wie dieses angezeigt: <\/p><div class=\"wp-block-image\"><figure class=\"aligncenter size-full is-resized\"><img loading=\"lazy\" decoding=\"async\" class=\"wp-image-62136\" src=\"https:\/\/exceladvisor.org\/wp-content\/uploads\/2023\/08\/Code-de-boite-de-saisie-a-4-executions.png\" sizes=\"auto, \" srcset=\"\" alt=\"run-input-box-code\" width=\"504\" height=\"218\"><\/figure><\/div><h2 class=\"wp-block-heading\"> Beispiel f\u00fcr die Verwendung des VBA-Eingabefelds in Excel<\/h2><p> Sie fragen sich vielleicht, wie Sie ein Eingabefeld in der realen Welt verwenden k\u00f6nnen. Im folgenden Beispiel habe ich ein einfaches, aber wirkungsvolles Beispiel geteilt.<\/p><pre class=\"wp-block-code\"> <code class=\"language-visual-basic\" lang=\"visual-basic\">Sub vba_input_box() 'variable to store the count of rows. Dim iRow As Long 'get the count cells that are filled iRow = WorksheetFunction.CountA(Range(\"A:A\")) 'get to the next blank cell in column A Cells(iRow + 1, 1).Select 'enter the value from the input box into the active cell ActiveCell = InputBox(\"What is your name?\", \"Enter Name\") End Sub<\/code><\/pre><p> Der obige Code tr\u00e4gt den Namen nacheinander in Spalte A ein. Es z\u00e4hlt die gef\u00fcllten Zellen in der Spalte und wechselt zur n\u00e4chsten leeren Zelle. Anschlie\u00dfend entnehmen Sie den Wert aus dem Eingabefeld und geben ihn hier ein. <\/p><div class=\"wp-block-image\"><figure class=\"aligncenter size-full is-resized\"><img loading=\"lazy\" decoding=\"async\" class=\"wp-image-62137\" src=\"https:\/\/exceladvisor.org\/wp-content\/uploads\/2023\/08\/5-exemple-dutilisation-de-la-zone-de-saisie-vba.png\" sizes=\"auto, \" srcset=\"\" alt=\"Beispiel f\u00fcr die Verwendung des VBA-Eingabefelds\" width=\"674\" height=\"403\"><\/figure><\/div><div class=\"gb-container gb-container-4db6181c gb-container-mt\"> <a class=\"gb-button gb-button-c5897111 gb-button-text gb-button-mt-button\" href=\"https:\/\/exceladvisor.org\/de\/vba\/\">Was ist VBA<\/a><h2 class=\"gb-headline gb-headline-665e5f6b gb-headline-text gb-headline-mt-heading\"> Verwandte Tutorials <\/h2><div class=\"gb-grid-wrapper gb-grid-wrapper-a20baf7c gb-grid-wrapper-mt-grid\"><div class=\"gb-grid-column gb-grid-column-65ddf67e\"><div class=\"gb-container gb-container-65ddf67e\"><ul><li> <a href=\"https:\/\/exceladvisor.org\/de\/markieren-sie-doppelte-werte\/\">Markieren Sie doppelte Werte mit VBA<\/a><\/li><li> <a href=\"https:\/\/exceladvisor.org\/de\/hyperlink-extrahieren\/\">Extrahieren Sie die Hyperlink-Adresse (URL) per VBA<\/a><\/li><li> <a href=\"https:\/\/exceladvisor.org\/de\/textdateien\/\">VBA erstellen und in eine Textdatei schreiben<\/a><\/li><li> <a href=\"https:\/\/exceladvisor.org\/de\/bildschirmaktualisierung\/\">VBA-Bildschirmaktualisierung<\/a><\/li><li> <a href=\"https:\/\/exceladvisor.org\/de\/statusleiste-1\/\">VBA-Statusleiste (ausblenden, anzeigen und fortfahren)<\/a> <\/li><\/ul><\/div><\/div><div class=\"gb-grid-column gb-grid-column-50067b57\"><div class=\"gb-container gb-container-50067b57\"><\/div><\/div><\/div><\/div>","protected":false},"excerpt":{"rendered":"","protected":false},"author":1,"featured_media":0,"parent":0,"menu_order":0,"comment_status":"open","ping_status":"closed","template":"","meta":{"ub_ctt_via":"","footnotes":""},"class_list":["post-3640","page","type-page","status-publish","hentry"],"featured_image_src":null,"yoast_head":"<!-- This site is optimized with the Yoast SEO plugin v25.4 - https:\/\/yoast.com\/wordpress\/plugins\/seo\/ -->\n<title>Wie verwende ich das Eingabefeld in VBA? - Excel-Berater<\/title>\n<meta name=\"description\" content=\"Wie der Name schon sagt, handelt es sich bei Input Box um eine Funktion, die dem Benutzer ein Eingabefeld anzeigt und eine Antwort sammelt.\" \/>\n<meta name=\"robots\" content=\"index, follow, max-snippet:-1, max-image-preview:large, max-video-preview:-1\" \/>\n<link rel=\"canonical\" href=\"https:\/\/exceladvisor.org\/de\/eingabefeld\/\" \/>\n<meta property=\"og:locale\" content=\"de_DE\" \/>\n<meta property=\"og:type\" content=\"article\" \/>\n<meta property=\"og:title\" content=\"Wie verwende ich das Eingabefeld in VBA? - Excel-Berater\" \/>\n<meta property=\"og:description\" content=\"Wie der Name schon sagt, handelt es sich bei Input Box um eine Funktion, die dem Benutzer ein Eingabefeld anzeigt und eine Antwort sammelt.\" \/>\n<meta property=\"og:url\" content=\"https:\/\/exceladvisor.org\/de\/eingabefeld\/\" \/>\n<meta property=\"og:site_name\" content=\"Excel Advisor\" \/>\n<meta property=\"article:modified_time\" content=\"2023-12-03T13:05:42+00:00\" \/>\n<meta property=\"og:image\" content=\"https:\/\/exceladvisor.org\/wp-content\/uploads\/2023\/08\/1-champ-de-saisie-en-vba.png\" \/>\n<meta name=\"twitter:card\" content=\"summary_large_image\" \/>\n<meta name=\"twitter:label1\" content=\"Gesch\u00e4tzte Lesezeit\" \/>\n\t<meta name=\"twitter:data1\" content=\"3\u00a0Minuten\" \/>\n<script type=\"application\/ld+json\" class=\"yoast-schema-graph\">{\"@context\":\"https:\/\/schema.org\",\"@graph\":[{\"@type\":\"WebPage\",\"@id\":\"https:\/\/exceladvisor.org\/de\/eingabefeld\/\",\"url\":\"https:\/\/exceladvisor.org\/de\/eingabefeld\/\",\"name\":\"Wie verwende ich das Eingabefeld in VBA? - Excel-Berater\",\"isPartOf\":{\"@id\":\"https:\/\/exceladvisor.org\/de\/#website\"},\"primaryImageOfPage\":{\"@id\":\"https:\/\/exceladvisor.org\/de\/eingabefeld\/#primaryimage\"},\"image\":{\"@id\":\"https:\/\/exceladvisor.org\/de\/eingabefeld\/#primaryimage\"},\"thumbnailUrl\":\"https:\/\/exceladvisor.org\/wp-content\/uploads\/2023\/08\/1-champ-de-saisie-en-vba.png\",\"datePublished\":\"2023-09-28T21:57:26+00:00\",\"dateModified\":\"2023-12-03T13:05:42+00:00\",\"description\":\"Wie der Name schon sagt, handelt es sich bei Input Box um eine Funktion, die dem Benutzer ein Eingabefeld anzeigt und eine Antwort sammelt.\",\"breadcrumb\":{\"@id\":\"https:\/\/exceladvisor.org\/de\/eingabefeld\/#breadcrumb\"},\"inLanguage\":\"de\",\"potentialAction\":[{\"@type\":\"ReadAction\",\"target\":[\"https:\/\/exceladvisor.org\/de\/eingabefeld\/\"]}]},{\"@type\":\"ImageObject\",\"inLanguage\":\"de\",\"@id\":\"https:\/\/exceladvisor.org\/de\/eingabefeld\/#primaryimage\",\"url\":\"https:\/\/exceladvisor.org\/wp-content\/uploads\/2023\/08\/1-champ-de-saisie-en-vba.png\",\"contentUrl\":\"https:\/\/exceladvisor.org\/wp-content\/uploads\/2023\/08\/1-champ-de-saisie-en-vba.png\"},{\"@type\":\"BreadcrumbList\",\"@id\":\"https:\/\/exceladvisor.org\/de\/eingabefeld\/#breadcrumb\",\"itemListElement\":[{\"@type\":\"ListItem\",\"position\":1,\"name\":\"Accueil\",\"item\":\"https:\/\/exceladvisor.org\/de\/\"},{\"@type\":\"ListItem\",\"position\":2,\"name\":\"Wie verwende ich das eingabefeld in vba?\"}]},{\"@type\":\"WebSite\",\"@id\":\"https:\/\/exceladvisor.org\/de\/#website\",\"url\":\"https:\/\/exceladvisor.org\/de\/\",\"name\":\"Excel Advisor\",\"description\":\"Ihr Leitfaden zur Datendominanz\",\"publisher\":{\"@id\":\"https:\/\/exceladvisor.org\/de\/#organization\"},\"potentialAction\":[{\"@type\":\"SearchAction\",\"target\":{\"@type\":\"EntryPoint\",\"urlTemplate\":\"https:\/\/exceladvisor.org\/de\/?s={search_term_string}\"},\"query-input\":{\"@type\":\"PropertyValueSpecification\",\"valueRequired\":true,\"valueName\":\"search_term_string\"}}],\"inLanguage\":\"de\"},{\"@type\":\"Organization\",\"@id\":\"https:\/\/exceladvisor.org\/de\/#organization\",\"name\":\"Excel Advisor\",\"url\":\"https:\/\/exceladvisor.org\/de\/\",\"logo\":{\"@type\":\"ImageObject\",\"inLanguage\":\"de\",\"@id\":\"https:\/\/exceladvisor.org\/de\/#\/schema\/logo\/image\/\",\"url\":\"https:\/\/exceladvisor.org\/de\/wp-content\/uploads\/2023\/11\/exceladvisor.org_.png\",\"contentUrl\":\"https:\/\/exceladvisor.org\/de\/wp-content\/uploads\/2023\/11\/exceladvisor.org_.png\",\"width\":105,\"height\":36,\"caption\":\"Excel Advisor\"},\"image\":{\"@id\":\"https:\/\/exceladvisor.org\/de\/#\/schema\/logo\/image\/\"}}]}<\/script>\n<!-- \/ Yoast SEO plugin. -->","yoast_head_json":{"title":"Wie verwende ich das Eingabefeld in VBA? - Excel-Berater","description":"Wie der Name schon sagt, handelt es sich bei Input Box um eine Funktion, die dem Benutzer ein Eingabefeld anzeigt und eine Antwort sammelt.","robots":{"index":"index","follow":"follow","max-snippet":"max-snippet:-1","max-image-preview":"max-image-preview:large","max-video-preview":"max-video-preview:-1"},"canonical":"https:\/\/exceladvisor.org\/de\/eingabefeld\/","og_locale":"de_DE","og_type":"article","og_title":"Wie verwende ich das Eingabefeld in VBA? - Excel-Berater","og_description":"Wie der Name schon sagt, handelt es sich bei Input Box um eine Funktion, die dem Benutzer ein Eingabefeld anzeigt und eine Antwort sammelt.","og_url":"https:\/\/exceladvisor.org\/de\/eingabefeld\/","og_site_name":"Excel Advisor","article_modified_time":"2023-12-03T13:05:42+00:00","og_image":[{"url":"https:\/\/exceladvisor.org\/wp-content\/uploads\/2023\/08\/1-champ-de-saisie-en-vba.png","type":"","width":"","height":""}],"twitter_card":"summary_large_image","twitter_misc":{"Gesch\u00e4tzte Lesezeit":"3\u00a0Minuten"},"schema":{"@context":"https:\/\/schema.org","@graph":[{"@type":"WebPage","@id":"https:\/\/exceladvisor.org\/de\/eingabefeld\/","url":"https:\/\/exceladvisor.org\/de\/eingabefeld\/","name":"Wie verwende ich das Eingabefeld in VBA? - Excel-Berater","isPartOf":{"@id":"https:\/\/exceladvisor.org\/de\/#website"},"primaryImageOfPage":{"@id":"https:\/\/exceladvisor.org\/de\/eingabefeld\/#primaryimage"},"image":{"@id":"https:\/\/exceladvisor.org\/de\/eingabefeld\/#primaryimage"},"thumbnailUrl":"https:\/\/exceladvisor.org\/wp-content\/uploads\/2023\/08\/1-champ-de-saisie-en-vba.png","datePublished":"2023-09-28T21:57:26+00:00","dateModified":"2023-12-03T13:05:42+00:00","description":"Wie der Name schon sagt, handelt es sich bei Input Box um eine Funktion, die dem Benutzer ein Eingabefeld anzeigt und eine Antwort sammelt.","breadcrumb":{"@id":"https:\/\/exceladvisor.org\/de\/eingabefeld\/#breadcrumb"},"inLanguage":"de","potentialAction":[{"@type":"ReadAction","target":["https:\/\/exceladvisor.org\/de\/eingabefeld\/"]}]},{"@type":"ImageObject","inLanguage":"de","@id":"https:\/\/exceladvisor.org\/de\/eingabefeld\/#primaryimage","url":"https:\/\/exceladvisor.org\/wp-content\/uploads\/2023\/08\/1-champ-de-saisie-en-vba.png","contentUrl":"https:\/\/exceladvisor.org\/wp-content\/uploads\/2023\/08\/1-champ-de-saisie-en-vba.png"},{"@type":"BreadcrumbList","@id":"https:\/\/exceladvisor.org\/de\/eingabefeld\/#breadcrumb","itemListElement":[{"@type":"ListItem","position":1,"name":"Accueil","item":"https:\/\/exceladvisor.org\/de\/"},{"@type":"ListItem","position":2,"name":"Wie verwende ich das eingabefeld in vba?"}]},{"@type":"WebSite","@id":"https:\/\/exceladvisor.org\/de\/#website","url":"https:\/\/exceladvisor.org\/de\/","name":"Excel Advisor","description":"Ihr Leitfaden zur Datendominanz","publisher":{"@id":"https:\/\/exceladvisor.org\/de\/#organization"},"potentialAction":[{"@type":"SearchAction","target":{"@type":"EntryPoint","urlTemplate":"https:\/\/exceladvisor.org\/de\/?s={search_term_string}"},"query-input":{"@type":"PropertyValueSpecification","valueRequired":true,"valueName":"search_term_string"}}],"inLanguage":"de"},{"@type":"Organization","@id":"https:\/\/exceladvisor.org\/de\/#organization","name":"Excel Advisor","url":"https:\/\/exceladvisor.org\/de\/","logo":{"@type":"ImageObject","inLanguage":"de","@id":"https:\/\/exceladvisor.org\/de\/#\/schema\/logo\/image\/","url":"https:\/\/exceladvisor.org\/de\/wp-content\/uploads\/2023\/11\/exceladvisor.org_.png","contentUrl":"https:\/\/exceladvisor.org\/de\/wp-content\/uploads\/2023\/11\/exceladvisor.org_.png","width":105,"height":36,"caption":"Excel Advisor"},"image":{"@id":"https:\/\/exceladvisor.org\/de\/#\/schema\/logo\/image\/"}}]}},"yoast_meta":{"yoast_wpseo_title":"","yoast_wpseo_metadesc":"","yoast_wpseo_canonical":""},"_links":{"self":[{"href":"https:\/\/exceladvisor.org\/de\/wp-json\/wp\/v2\/pages\/3640","targetHints":{"allow":["GET"]}}],"collection":[{"href":"https:\/\/exceladvisor.org\/de\/wp-json\/wp\/v2\/pages"}],"about":[{"href":"https:\/\/exceladvisor.org\/de\/wp-json\/wp\/v2\/types\/page"}],"author":[{"embeddable":true,"href":"https:\/\/exceladvisor.org\/de\/wp-json\/wp\/v2\/users\/1"}],"replies":[{"embeddable":true,"href":"https:\/\/exceladvisor.org\/de\/wp-json\/wp\/v2\/comments?post=3640"}],"version-history":[{"count":1,"href":"https:\/\/exceladvisor.org\/de\/wp-json\/wp\/v2\/pages\/3640\/revisions"}],"predecessor-version":[{"id":4232,"href":"https:\/\/exceladvisor.org\/de\/wp-json\/wp\/v2\/pages\/3640\/revisions\/4232"}],"wp:attachment":[{"href":"https:\/\/exceladvisor.org\/de\/wp-json\/wp\/v2\/media?parent=3640"}],"curies":[{"name":"wp","href":"https:\/\/api.w.org\/{rel}","templated":true}]}}