{"id":3642,"date":"2023-09-28T21:29:23","date_gmt":"2023-09-28T21:29:23","guid":{"rendered":"https:\/\/exceladvisor.org\/de\/modus-1\/"},"modified":"2023-12-03T13:05:06","modified_gmt":"2023-12-03T13:05:06","slug":"modus-1","status":"publish","type":"page","link":"https:\/\/exceladvisor.org\/de\/modus-1\/","title":{"rendered":"Wie verwende ich mod in vba?"},"content":{"rendered":"<div class=\"excel-vor-dem-inhalt\" id=\"excel-3463641911\"><script type=\"text\/javascript\">\r\n\tatOptions = {\r\n\t\t'key' : 'c1158f160081d6540a8409e6925dab94',\r\n\t\t'format' : 'iframe',\r\n\t\t'height' : 250,\r\n\t\t'width' : 300,\r\n\t\t'params' : {}\r\n\t};\r\n<\/script>\r\n<script type=\"text\/javascript\" src=\"\/\/www.highperformanceformat.com\/c1158f160081d6540a8409e6925dab94\/invoke.js\"><\/script><\/div> <p>In VBA ist MOD ein Operator und keine Funktion. Dieser Operator hilft Ihnen beim Teilen zweier Zahlen und gibt den verbleibenden Wert im Ergebnis zur\u00fcck.<\/p><p> Dies ist das \u00c4quivalent der Mod-Funktion von Excel.<\/p><p> Sie k\u00f6nnen den Mod auf so viele Arten verwenden und in diesem Tutorial werden wir einige Beispiele sehen. F\u00fchren Sie die folgenden Schritte aus, um den Mod-Operator in VBA zu verwenden:<\/p><pre class=\"wp-block-code\"> <code class=\"language-visual-basic\" lang=\"visual-basic\">Range(\"A1\") = 10 Mod 3<\/code><\/pre><ol type=\"1\"><li> Geben Sie die erste Zahl an, die Sie dividieren m\u00f6chten.<\/li><li> Geben Sie anschlie\u00dfend den Operator \u201emod\u201c ein.<\/li><li> Geben Sie nun eine Zahl ein, durch die Sie dividieren m\u00f6chten.<\/li><li> Verwenden Sie am Ende ein Nachrichtenfeld oder eine Zelle, um den Rest der Teilung abzurufen. <\/li><\/ol><div class=\"wp-block-image\"><figure class=\"aligncenter size-full is-resized\"><img loading=\"lazy\" decoding=\"async\" class=\"wp-image-62196\" src=\"https:\/\/exceladvisor.org\/wp-content\/uploads\/2023\/08\/1-module-en-vba.png\" sizes=\"auto, \" srcset=\"\" alt=\"mod-in-vba\" width=\"455\" height=\"378\"><\/figure><\/div><p> Ebenso k\u00f6nnen Sie den Rest auch \u00fcber ein Meldungsfeld abrufen.<\/p><p> Und im folgenden Code haben wir ein Meldungsfeld verwendet und dann den Mod-Operator verwendet, um den Rest nach der Division zu erhalten.<\/p><pre class=\"wp-block-code\"> <code class=\"language-visual-basic\" lang=\"visual-basic\">MsgBox 9 Mod 3<\/code><\/pre><p> Und wenn Sie diesen Code ausf\u00fchren, wird im Meldungsfeld als Ergebnis Null zur\u00fcckgegeben, da bei der Division von 9 durch 3 kein Rest \u00fcbrig bleibt, wie im Ergebnis dieses Codes. <\/p><div class=\"wp-block-image\"><figure class=\"aligncenter size-full is-resized\"><img loading=\"lazy\" decoding=\"async\" class=\"wp-image-62197\" src=\"https:\/\/exceladvisor.org\/wp-content\/uploads\/2023\/08\/2-boites-de-message.png\" sizes=\"auto, \" srcset=\"\" alt=\"Nachrichten\u00fcbermittlung\" width=\"168\" height=\"199\"><\/figure><\/div><p class=\"qt-tip\"> <strong>Hinweis:<\/strong> Wie gesagt, es gibt in Excel auch eine Funktion, um den Rest einer Division zweier Zahlen zu ermitteln, und es gibt einige Situationen, in denen Sie feststellen werden, dass das Ergebnis, das Sie von Excel erhalten, sich von dem Ergebnis unterscheidet, das Sie in VBA erhalten haben.<\/p><h2 class=\"wp-block-heading\"> Fehler im MOD<\/h2><p> Wenn Sie versuchen, eine Zahl durch Null zu dividieren, wird immer ein Fehler \u201eTeilen durch Null\u201c zur\u00fcckgegeben.<\/p><pre class=\"wp-block-code\"> <code class=\"language-visual-basic\" lang=\"visual-basic\">Debug.Print 10 Mod 0<\/code><\/pre><p> Und der obige Code l\u00f6st diesen Fehler aus.<\/p><div class=\"gb-container gb-container-4db6181c gb-container-mt\"> <a class=\"gb-button gb-button-c5897111 gb-button-text gb-button-mt-button\" href=\"https:\/\/exceladvisor.org\/de\/vba\/\">Was ist VBA<\/a><h2 class=\"gb-headline gb-headline-665e5f6b gb-headline-text gb-headline-mt-heading\"> Verwandte Tutorials <\/h2><div class=\"gb-grid-wrapper gb-grid-wrapper-a20baf7c gb-grid-wrapper-mt-grid\"><div class=\"gb-grid-column gb-grid-column-65ddf67e\"><div class=\"gb-container gb-container-65ddf67e\"><ul><li> <a href=\"https:\/\/exceladvisor.org\/de\/durchschnitt-2\/\">Durchschnittswerte in Excel mit VBA<\/a><\/li><li> <a href=\"https:\/\/exceladvisor.org\/de\/heutiges-datum-aktuelle-uhrzeit\/\">Erhalten Sie das heutige Datum und die aktuelle Uhrzeit mit VBA<\/a><\/li><li> <a href=\"https:\/\/exceladvisor.org\/de\/summe-1\/\">Summieren Sie Werte in Excel mit VBA<\/a><\/li><li> <a href=\"https:\/\/exceladvisor.org\/de\/spiel-2\/\">Match-Funktion in VBA<\/a><\/li><li> <a href=\"https:\/\/exceladvisor.org\/de\/tabellenkalkulationsfunktion\/\">VBA-Tabellenkalkulationsfunktion<\/a> <\/li><\/ul><\/div><\/div><div class=\"gb-grid-column gb-grid-column-50067b57\"><div class=\"gb-container gb-container-50067b57\"><\/div><\/div><\/div><\/div>","protected":false},"excerpt":{"rendered":"","protected":false},"author":1,"featured_media":0,"parent":0,"menu_order":0,"comment_status":"open","ping_status":"closed","template":"","meta":{"ub_ctt_via":"","footnotes":""},"class_list":["post-3642","page","type-page","status-publish","hentry"],"featured_image_src":null,"yoast_head":"<!-- This site is optimized with the Yoast SEO plugin v25.4 - https:\/\/yoast.com\/wordpress\/plugins\/seo\/ -->\n<title>\u25b7 Wie verwende ich MOD in VBA? (Tutorial 2023)<\/title>\n<meta name=\"description\" content=\"In diesem VBA-Tutorial lernen wir, wie man MOD in einem Code verwendet. Sie k\u00f6nnen es auf viele Arten und in diesem Tutorial verwenden\" \/>\n<meta name=\"robots\" content=\"index, follow, max-snippet:-1, max-image-preview:large, max-video-preview:-1\" \/>\n<link rel=\"canonical\" href=\"https:\/\/exceladvisor.org\/de\/modus-1\/\" \/>\n<meta property=\"og:locale\" content=\"de_DE\" \/>\n<meta property=\"og:type\" content=\"article\" \/>\n<meta property=\"og:title\" content=\"\u25b7 Wie verwende ich MOD in VBA? (Tutorial 2023)\" \/>\n<meta property=\"og:description\" content=\"In diesem VBA-Tutorial lernen wir, wie man MOD in einem Code verwendet. Sie k\u00f6nnen es auf viele Arten und in diesem Tutorial verwenden\" \/>\n<meta property=\"og:url\" content=\"https:\/\/exceladvisor.org\/de\/modus-1\/\" \/>\n<meta property=\"og:site_name\" content=\"Excel Advisor\" \/>\n<meta property=\"article:modified_time\" content=\"2023-12-03T13:05:06+00:00\" \/>\n<meta property=\"og:image\" content=\"https:\/\/exceladvisor.org\/wp-content\/uploads\/2023\/08\/1-module-en-vba.png\" \/>\n<meta name=\"twitter:card\" content=\"summary_large_image\" \/>\n<meta name=\"twitter:label1\" content=\"Gesch\u00e4tzte Lesezeit\" \/>\n\t<meta name=\"twitter:data1\" content=\"1\u00a0Minute\" \/>\n<script type=\"application\/ld+json\" class=\"yoast-schema-graph\">{\"@context\":\"https:\/\/schema.org\",\"@graph\":[{\"@type\":\"WebPage\",\"@id\":\"https:\/\/exceladvisor.org\/de\/modus-1\/\",\"url\":\"https:\/\/exceladvisor.org\/de\/modus-1\/\",\"name\":\"\u25b7 Wie verwende ich MOD in VBA? (Tutorial 2023)\",\"isPartOf\":{\"@id\":\"https:\/\/exceladvisor.org\/de\/#website\"},\"primaryImageOfPage\":{\"@id\":\"https:\/\/exceladvisor.org\/de\/modus-1\/#primaryimage\"},\"image\":{\"@id\":\"https:\/\/exceladvisor.org\/de\/modus-1\/#primaryimage\"},\"thumbnailUrl\":\"https:\/\/exceladvisor.org\/wp-content\/uploads\/2023\/08\/1-module-en-vba.png\",\"datePublished\":\"2023-09-28T21:29:23+00:00\",\"dateModified\":\"2023-12-03T13:05:06+00:00\",\"description\":\"In diesem VBA-Tutorial lernen wir, wie man MOD in einem Code verwendet. Sie k\u00f6nnen es auf viele Arten und in diesem Tutorial verwenden\",\"breadcrumb\":{\"@id\":\"https:\/\/exceladvisor.org\/de\/modus-1\/#breadcrumb\"},\"inLanguage\":\"de\",\"potentialAction\":[{\"@type\":\"ReadAction\",\"target\":[\"https:\/\/exceladvisor.org\/de\/modus-1\/\"]}]},{\"@type\":\"ImageObject\",\"inLanguage\":\"de\",\"@id\":\"https:\/\/exceladvisor.org\/de\/modus-1\/#primaryimage\",\"url\":\"https:\/\/exceladvisor.org\/wp-content\/uploads\/2023\/08\/1-module-en-vba.png\",\"contentUrl\":\"https:\/\/exceladvisor.org\/wp-content\/uploads\/2023\/08\/1-module-en-vba.png\"},{\"@type\":\"BreadcrumbList\",\"@id\":\"https:\/\/exceladvisor.org\/de\/modus-1\/#breadcrumb\",\"itemListElement\":[{\"@type\":\"ListItem\",\"position\":1,\"name\":\"Accueil\",\"item\":\"https:\/\/exceladvisor.org\/de\/\"},{\"@type\":\"ListItem\",\"position\":2,\"name\":\"Wie verwende ich mod in vba?\"}]},{\"@type\":\"WebSite\",\"@id\":\"https:\/\/exceladvisor.org\/de\/#website\",\"url\":\"https:\/\/exceladvisor.org\/de\/\",\"name\":\"Excel Advisor\",\"description\":\"Ihr Leitfaden zur Datendominanz\",\"publisher\":{\"@id\":\"https:\/\/exceladvisor.org\/de\/#organization\"},\"potentialAction\":[{\"@type\":\"SearchAction\",\"target\":{\"@type\":\"EntryPoint\",\"urlTemplate\":\"https:\/\/exceladvisor.org\/de\/?s={search_term_string}\"},\"query-input\":{\"@type\":\"PropertyValueSpecification\",\"valueRequired\":true,\"valueName\":\"search_term_string\"}}],\"inLanguage\":\"de\"},{\"@type\":\"Organization\",\"@id\":\"https:\/\/exceladvisor.org\/de\/#organization\",\"name\":\"Excel Advisor\",\"url\":\"https:\/\/exceladvisor.org\/de\/\",\"logo\":{\"@type\":\"ImageObject\",\"inLanguage\":\"de\",\"@id\":\"https:\/\/exceladvisor.org\/de\/#\/schema\/logo\/image\/\",\"url\":\"https:\/\/exceladvisor.org\/de\/wp-content\/uploads\/2023\/11\/exceladvisor.org_.png\",\"contentUrl\":\"https:\/\/exceladvisor.org\/de\/wp-content\/uploads\/2023\/11\/exceladvisor.org_.png\",\"width\":105,\"height\":36,\"caption\":\"Excel Advisor\"},\"image\":{\"@id\":\"https:\/\/exceladvisor.org\/de\/#\/schema\/logo\/image\/\"}}]}<\/script>\n<!-- \/ Yoast SEO plugin. -->","yoast_head_json":{"title":"\u25b7 Wie verwende ich MOD in VBA? (Tutorial 2023)","description":"In diesem VBA-Tutorial lernen wir, wie man MOD in einem Code verwendet. Sie k\u00f6nnen es auf viele Arten und in diesem Tutorial verwenden","robots":{"index":"index","follow":"follow","max-snippet":"max-snippet:-1","max-image-preview":"max-image-preview:large","max-video-preview":"max-video-preview:-1"},"canonical":"https:\/\/exceladvisor.org\/de\/modus-1\/","og_locale":"de_DE","og_type":"article","og_title":"\u25b7 Wie verwende ich MOD in VBA? (Tutorial 2023)","og_description":"In diesem VBA-Tutorial lernen wir, wie man MOD in einem Code verwendet. Sie k\u00f6nnen es auf viele Arten und in diesem Tutorial verwenden","og_url":"https:\/\/exceladvisor.org\/de\/modus-1\/","og_site_name":"Excel Advisor","article_modified_time":"2023-12-03T13:05:06+00:00","og_image":[{"url":"https:\/\/exceladvisor.org\/wp-content\/uploads\/2023\/08\/1-module-en-vba.png","type":"","width":"","height":""}],"twitter_card":"summary_large_image","twitter_misc":{"Gesch\u00e4tzte Lesezeit":"1\u00a0Minute"},"schema":{"@context":"https:\/\/schema.org","@graph":[{"@type":"WebPage","@id":"https:\/\/exceladvisor.org\/de\/modus-1\/","url":"https:\/\/exceladvisor.org\/de\/modus-1\/","name":"\u25b7 Wie verwende ich MOD in VBA? (Tutorial 2023)","isPartOf":{"@id":"https:\/\/exceladvisor.org\/de\/#website"},"primaryImageOfPage":{"@id":"https:\/\/exceladvisor.org\/de\/modus-1\/#primaryimage"},"image":{"@id":"https:\/\/exceladvisor.org\/de\/modus-1\/#primaryimage"},"thumbnailUrl":"https:\/\/exceladvisor.org\/wp-content\/uploads\/2023\/08\/1-module-en-vba.png","datePublished":"2023-09-28T21:29:23+00:00","dateModified":"2023-12-03T13:05:06+00:00","description":"In diesem VBA-Tutorial lernen wir, wie man MOD in einem Code verwendet. Sie k\u00f6nnen es auf viele Arten und in diesem Tutorial verwenden","breadcrumb":{"@id":"https:\/\/exceladvisor.org\/de\/modus-1\/#breadcrumb"},"inLanguage":"de","potentialAction":[{"@type":"ReadAction","target":["https:\/\/exceladvisor.org\/de\/modus-1\/"]}]},{"@type":"ImageObject","inLanguage":"de","@id":"https:\/\/exceladvisor.org\/de\/modus-1\/#primaryimage","url":"https:\/\/exceladvisor.org\/wp-content\/uploads\/2023\/08\/1-module-en-vba.png","contentUrl":"https:\/\/exceladvisor.org\/wp-content\/uploads\/2023\/08\/1-module-en-vba.png"},{"@type":"BreadcrumbList","@id":"https:\/\/exceladvisor.org\/de\/modus-1\/#breadcrumb","itemListElement":[{"@type":"ListItem","position":1,"name":"Accueil","item":"https:\/\/exceladvisor.org\/de\/"},{"@type":"ListItem","position":2,"name":"Wie verwende ich mod in vba?"}]},{"@type":"WebSite","@id":"https:\/\/exceladvisor.org\/de\/#website","url":"https:\/\/exceladvisor.org\/de\/","name":"Excel Advisor","description":"Ihr Leitfaden zur Datendominanz","publisher":{"@id":"https:\/\/exceladvisor.org\/de\/#organization"},"potentialAction":[{"@type":"SearchAction","target":{"@type":"EntryPoint","urlTemplate":"https:\/\/exceladvisor.org\/de\/?s={search_term_string}"},"query-input":{"@type":"PropertyValueSpecification","valueRequired":true,"valueName":"search_term_string"}}],"inLanguage":"de"},{"@type":"Organization","@id":"https:\/\/exceladvisor.org\/de\/#organization","name":"Excel Advisor","url":"https:\/\/exceladvisor.org\/de\/","logo":{"@type":"ImageObject","inLanguage":"de","@id":"https:\/\/exceladvisor.org\/de\/#\/schema\/logo\/image\/","url":"https:\/\/exceladvisor.org\/de\/wp-content\/uploads\/2023\/11\/exceladvisor.org_.png","contentUrl":"https:\/\/exceladvisor.org\/de\/wp-content\/uploads\/2023\/11\/exceladvisor.org_.png","width":105,"height":36,"caption":"Excel Advisor"},"image":{"@id":"https:\/\/exceladvisor.org\/de\/#\/schema\/logo\/image\/"}}]}},"yoast_meta":{"yoast_wpseo_title":"","yoast_wpseo_metadesc":"","yoast_wpseo_canonical":""},"_links":{"self":[{"href":"https:\/\/exceladvisor.org\/de\/wp-json\/wp\/v2\/pages\/3642","targetHints":{"allow":["GET"]}}],"collection":[{"href":"https:\/\/exceladvisor.org\/de\/wp-json\/wp\/v2\/pages"}],"about":[{"href":"https:\/\/exceladvisor.org\/de\/wp-json\/wp\/v2\/types\/page"}],"author":[{"embeddable":true,"href":"https:\/\/exceladvisor.org\/de\/wp-json\/wp\/v2\/users\/1"}],"replies":[{"embeddable":true,"href":"https:\/\/exceladvisor.org\/de\/wp-json\/wp\/v2\/comments?post=3642"}],"version-history":[{"count":1,"href":"https:\/\/exceladvisor.org\/de\/wp-json\/wp\/v2\/pages\/3642\/revisions"}],"predecessor-version":[{"id":4374,"href":"https:\/\/exceladvisor.org\/de\/wp-json\/wp\/v2\/pages\/3642\/revisions\/4374"}],"wp:attachment":[{"href":"https:\/\/exceladvisor.org\/de\/wp-json\/wp\/v2\/media?parent=3642"}],"curies":[{"name":"wp","href":"https:\/\/api.w.org\/{rel}","templated":true}]}}