{"id":3643,"date":"2023-09-28T20:04:28","date_gmt":"2023-09-28T20:04:28","guid":{"rendered":"https:\/\/exceladvisor.org\/de\/markieren-sie-doppelte-werte\/"},"modified":"2023-12-03T11:22:02","modified_gmt":"2023-12-03T11:22:02","slug":"markieren-sie-doppelte-werte","status":"publish","type":"page","link":"https:\/\/exceladvisor.org\/de\/markieren-sie-doppelte-werte\/","title":{"rendered":"Wie kann ich mit vba doppelte werte hervorheben?"},"content":{"rendered":"<div class=\"excel-vor-dem-inhalt\" id=\"excel-1158650711\"><script type=\"text\/javascript\">\r\n\tatOptions = {\r\n\t\t'key' : 'c1158f160081d6540a8409e6925dab94',\r\n\t\t'format' : 'iframe',\r\n\t\t'height' : 250,\r\n\t\t'width' : 300,\r\n\t\t'params' : {}\r\n\t};\r\n<\/script>\r\n<script type=\"text\/javascript\" src=\"\/\/www.highperformanceformat.com\/c1158f160081d6540a8409e6925dab94\/invoke.js\"><\/script><\/div> <p>Bei der Arbeit mit gro\u00dfen Datenmengen sind doppelte Werte immer ein Problem. Meistens verwende ich die Option \u201eDuplikate entfernen\u201c, um alle diese Werte zu entfernen. Und ich bin sicher, dass Sie dasselbe tun.<\/p><p> Aber das Entfernen dieser doppelten Werte oder einfach nur das Z\u00e4hlen behebt das Problem nie. Wichtig ist, alle doppelten Werte zu pr\u00fcfen, bevor Sie sie entfernen.<\/p><p> Ja, es ist wahr. Sobald Sie alle diese Werte markiert haben, k\u00f6nnen Sie sie \u00fcberpr\u00fcfen und anschlie\u00dfend l\u00f6schen. Heute m\u00f6chte ich Ihnen in diesem Artikel 4 verschiedene VBA-Codes vorstellen, um doppelte Werte hervorzuheben.<\/p><p> Und die Sache ist, dass diese Codes Zellen auf unterschiedliche Weise hervorheben k\u00f6nnen. Sie k\u00f6nnen sie einfach kopieren und in Ihren VBA-Editor einf\u00fcgen und verwenden.<\/p><h2 id=\"tab-con-4\" class=\"wp-block-heading\"> 1. In jeder Zeile<\/h2><p> Dieser VBA-Code \u00fcberpr\u00fcft alle Zellen in einer Zeile und hebt alle Zellen hervor, die in einer Zeile dupliziert werden. Vereinfacht ausgedr\u00fcckt: Wenn eine Zeile zweimal den Wert \u201e522\u201c hat, wird sie als Duplikat betrachtet. Befindet sich der andere 522 jedoch in einer anderen Reihe, wird er als einzigartig betrachtet. <\/p><div class=\"wp-block-image\"><figure class=\"aligncenter\"><img decoding=\"async\" src=\"https:\/\/exceladvisor.org\/wp-content\/uploads\/2023\/08\/mettre-en-surbrillance-les-valeurs-en-double-de-chaque-ligne-a-laide-du-code-VBA.gif\" sizes=\"\" srcset=\"\" alt=\"Markieren Sie doppelte Werte jeder Zeile mithilfe von VBA-Code\"><\/figure><\/div><pre class=\"wp-block-code\"> <code class=\"language-visual-basic\" lang=\"visual-basic\">Sub DuplicateValuesFromRow() 'Declare All Variables. Dim myCell As Range Dim myRow As Integer Dim myRange As Range Dim myCol As Integer Dim i As Integer 'Count Number of Rows and Columns myRow = Range(Cells(1, 1), Cells(1, 1).End(xlDown)).Count myCol = Range(Cells(1, 1), Cells(1, 1).End(xlToRight)).Count 'Loop Each Row To Check Duplicate Values and Highlight cells. For i = 2 To myRow Set myRange = Range(Cells(i, 2), Cells(i, myCol)) For Each myCell In myRange If WorksheetFunction.CountIf(myRange, myCell.Value) &gt; 1 Then myCell.Interior.ColorIndex = 3 End If Next Next End Sub<\/code><\/pre><p> Wenn Sie sich dieses Makro ansehen, werden Sie feststellen, dass wir eine Schleife verwendet haben, um jede Zeile auf doppelte Werte zu \u00fcberpr\u00fcfen und diese mit einer Farbe hervorzuheben.<\/p><h3 class=\"wp-block-heading\"> Wichtige Punkte<\/h3><ol><li> Ihre Daten d\u00fcrfen keine leere Zeile oder Spalte enthalten, andernfalls wird diese Zelle ignoriert.<\/li><li> Die Startzelle f\u00fcr Ihre Daten sollte Zelle \u201eA1\u201c sein. Und wenn Sie den Startpunkt anpassen m\u00f6chten, m\u00fcssen Sie den Code anpassen.<\/li><li> Die erste Zeile und erste Spalte Ihres Datenblatts m\u00fcssen eine \u00dcberschrift sein.<\/li><\/ol><h2 id=\"tab-con-2\" class=\"wp-block-heading\"> 2. In jeder Spalte<\/h2><p> Dieser VBA-Code \u00fcberpr\u00fcft alle Zellen in einer Spalte und hebt alle Zellen hervor, die in jeder Spalte dupliziert sind. Vereinfacht ausgedr\u00fcckt: Wenn eine Spalte zweimal den Wert \u201e231\u201c hat, wird sie als Duplikat betrachtet. Wenn jedoch eine weitere \u201e231\u201c in einer anderen Spalte steht, wird sie als eindeutig betrachtet. <\/p><div class=\"wp-block-image\"><figure class=\"aligncenter\"><img decoding=\"async\" src=\"https:\/\/exceladvisor.org\/wp-content\/uploads\/2023\/08\/mettre-en-surbrillance-les-valeurs-en-double-de-chaque-colonne-a-laide-du-code-VBA.gif\" sizes=\"\" srcset=\"\" alt=\"Markieren Sie doppelte Werte jeder Spalte mithilfe von VBA-Code\"><\/figure><\/div><pre class=\"wp-block-code\"> <code class=\"language-visual-basic\" lang=\"visual-basic\">Sub DuplicateValuesFromColumns() 'Declare All Variables Dim myCell As Range Dim myRow As Integer Dim myRange As Range Dim myCol As Integer Dim i As Integer 'Count number of rows &amp; column myRow = Range(Cells(1, 1), Cells(1, 1).End(xlDown)).Count myCol = Range(Cells(1, 1), Cells(1, 1).End(xlToRight)).Count 'Loop each column to check duplicate values &amp; highlight them. For i = 2 To myRow Set myRange = Range(Cells(2, i), Cells(myRow, i)) For Each myCell In myRange If WorksheetFunction.CountIf(myRange, myCell.Value) &gt; 1 Then myCell.Interior.ColorIndex = 3 End If Next Next End Sub<\/code><\/pre><h2 id=\"tab-con-1\" class=\"wp-block-heading\"> 3. In der Auswahl<\/h2><p> Angenommen, Sie m\u00f6chten nur Zellen mit doppelten Werten aus der Auswahl hervorheben. Dieser Code kann Ihnen dabei helfen. Um diesen Code zu verwenden, w\u00e4hlen Sie einfach einen Zellbereich aus und f\u00fchren Sie diesen Code aus. Es \u00fcberpr\u00fcft jede Zelle mit der Auswahl und hebt sie rot hervor, wenn eine Zelle einen doppelten Wert hat. <\/p><div class=\"wp-block-image\"><figure class=\"aligncenter\"><img decoding=\"async\" src=\"https:\/\/exceladvisor.org\/wp-content\/uploads\/2023\/08\/mettre-en-surbrillance-les-valeurs-en-double-de-la-selection-a-laide-du-code-VBA.gif\" sizes=\"\" srcset=\"\" alt=\"Markieren Sie doppelte Werte aus der Auswahl mithilfe von VBA-Code\"><\/figure><\/div><pre class=\"wp-block-code\"> <code class=\"language-visual-basic\" lang=\"visual-basic\">Sub DuplicateValuesFromSelection() Dim myRange As Range Dim i As Integer Dim j As Integer Dim myCell As Range Set myRange = Selection For Each myCell In myRange If WorksheetFunction.CountIf(myRange, myCell.Value) &gt; 1 Then myCell.Interior.ColorIndex = 3 End If Next End Sub<\/code><\/pre><h2 id=\"tab-con-0\" class=\"wp-block-heading\"> 4. Ganzzahlige Daten<\/h2><p> Wenn Sie \u00fcber einen gro\u00dfen Datensatz verf\u00fcgen, k\u00f6nnen Sie diesen Makrocode verwenden, um die Vollst\u00e4ndigkeit der Daten zu \u00fcberpr\u00fcfen und doppelte Werte hervorzuheben. Dieser Code geht jede Zelle einzeln durch und wendet die rote Farbe auf alle Zellen an, die Duplikate sind.<\/p><pre class=\"wp-block-code\"> <code class=\"language-visual-basic\" lang=\"visual-basic\">Sub DuplicateValuesFromTable() Dim myRange As Range Dim i As Integer Dim j As Integer Dim myCell As Range Set myRange = Range(\u201cTable1\u201d) For Each myCell In myRange If WorksheetFunction.CountIf(myRange, myCell.Value) &gt; 1 Then myCell.Interior.ColorIndex = 3 End If Next End Sub<\/code><\/pre><p class=\"qt-tip\"> <span style=\"color: #ea493f;\"><strong>Wichtiger Hinweis:<\/strong><\/span> Im obigen Code haben wir den Tabellennamen \u201eTabelle1\u201c verwendet. Sie k\u00f6nnen diesen Namen im Code \u00e4ndern. Wenn Sie nun einen Bereich haben, k\u00f6nnen Sie einfach den Bereichsnamen verwenden.<\/p><h2 class=\"wp-block-heading\"> [Bonus-Tipp] Z\u00e4hlen Sie doppelte Werte<\/h2><p> Mit diesem Code k\u00f6nnen Sie die Anzahl der doppelten Werte aus der Auswahl z\u00e4hlen. Wenn Sie diesen Code ausf\u00fchren, wird ein Meldungsfeld mit der Nummer zur\u00fcckgegeben.<\/p><pre class=\"wp-block-code\"> <code class=\"language-visual-basic\" lang=\"visual-basic\">Sub CountDuplicates() Dim i As Integer Dim j As Integer Dim myCell As Range Dim myRange As Integer myRange = Range(\"Table1\").Count j = 0 For Each myCell In Range(\"Table1\") If WorksheetFunction.CountIf(Range(\"Table1\"), myCell.Value) &gt; 1 Then j = j + 1 End If Next MsgBox j End Sub<\/code><\/pre><p> Auch im obigen Code haben wir einen Tabellennamen verwendet, den Sie \u00e4ndern oder durch einen Bereich ersetzen k\u00f6nnen.<\/p><h2 class=\"wp-block-heading\"> Beispieldatei<\/h2><p> <a href=\"https:\/\/exceladvisor.org\/wp-content\/uploads\/2023\/11\/mettre-en-evidence-les-valeurs-en-double.zip\">Laden Sie diese Beispieldatei hier herunter,<\/a> um mehr zu erfahren.<\/p><h2 class=\"wp-block-heading\"> Abschluss<\/h2><p> In verschiedenen Situationen m\u00fcssen wir auf unterschiedliche Weise nach doppelten Werten suchen. Und alle oben genannten Codes k\u00f6nnen Ihnen in dieser Hinsicht hilfreich sein. Wenn Sie m\u00f6chten, k\u00f6nnen Sie die Hervorhebungsfarbe der Codes mithilfe der Farbindexnummer \u00e4ndern.<\/p><p> Jetzt hilf mir bei einer Sache.<\/p><p> <strong>Wo k\u00f6nnen wir diese Codes verbessern?<\/strong><\/p><p> Bitte teilen Sie mir Ihre Gedanken im Kommentarbereich mit, ich w\u00fcrde mich freuen, von Ihnen zu h\u00f6ren. Und vergessen Sie nicht, diesen Tipp mit Ihren Freunden zu teilen.<\/p><div class=\"gb-container gb-container-4db6181c gb-container-mt\"> <a class=\"gb-button gb-button-c5897111 gb-button-text gb-button-mt-button\" href=\"https:\/\/exceladvisor.org\/de\/vba\/\">Was ist VBA<\/a><h2 class=\"gb-headline gb-headline-665e5f6b gb-headline-text gb-headline-mt-heading\"> Verwandte Tutorials <\/h2><div class=\"gb-grid-wrapper gb-grid-wrapper-a20baf7c gb-grid-wrapper-mt-grid\"><div class=\"gb-grid-column gb-grid-column-65ddf67e\"><div class=\"gb-container gb-container-65ddf67e\"><ul><li> <a href=\"https:\/\/exceladvisor.org\/de\/hyperlink-extrahieren\/\">Extrahieren Sie die Hyperlink-Adresse (URL) per VBA<\/a><\/li><li> <a href=\"https:\/\/exceladvisor.org\/de\/eingabefeld\/\">Eingabefeld in VBA<\/a><\/li><li> <a href=\"https:\/\/exceladvisor.org\/de\/textdateien\/\">VBA erstellen und in eine Textdatei schreiben<\/a><\/li><li> <a href=\"https:\/\/exceladvisor.org\/de\/bildschirmaktualisierung\/\">VBA-Bildschirmaktualisierung<\/a><\/li><li> <a href=\"https:\/\/exceladvisor.org\/de\/statusleiste-1\/\">VBA-Statusleiste (ausblenden, anzeigen und fortfahren)<\/a> <\/li><\/ul><\/div><\/div><div class=\"gb-grid-column gb-grid-column-50067b57\"><div class=\"gb-container gb-container-50067b57\"><\/div><\/div><\/div><\/div>","protected":false},"excerpt":{"rendered":"","protected":false},"author":1,"featured_media":0,"parent":0,"menu_order":0,"comment_status":"open","ping_status":"closed","template":"","meta":{"ub_ctt_via":"","footnotes":""},"class_list":["post-3643","page","type-page","status-publish","hentry"],"featured_image_src":null,"yoast_head":"<!-- This site is optimized with the Yoast SEO plugin v25.4 - https:\/\/yoast.com\/wordpress\/plugins\/seo\/ -->\n<title>Wie kann ich mit VBA doppelte Werte hervorheben?<\/title>\n<meta name=\"description\" content=\"Dies sind die vier VBA-Codes, um doppelte Werte in Excel auf unterschiedliche Weise hervorzuheben. Du kannst Geben\" \/>\n<meta name=\"robots\" content=\"index, follow, max-snippet:-1, max-image-preview:large, max-video-preview:-1\" \/>\n<link rel=\"canonical\" href=\"https:\/\/exceladvisor.org\/de\/markieren-sie-doppelte-werte\/\" \/>\n<meta property=\"og:locale\" content=\"de_DE\" \/>\n<meta property=\"og:type\" content=\"article\" \/>\n<meta property=\"og:title\" content=\"Wie kann ich mit VBA doppelte Werte hervorheben?\" \/>\n<meta property=\"og:description\" content=\"Dies sind die vier VBA-Codes, um doppelte Werte in Excel auf unterschiedliche Weise hervorzuheben. Du kannst Geben\" \/>\n<meta property=\"og:url\" content=\"https:\/\/exceladvisor.org\/de\/markieren-sie-doppelte-werte\/\" \/>\n<meta property=\"og:site_name\" content=\"Excel Advisor\" \/>\n<meta property=\"article:modified_time\" content=\"2023-12-03T11:22:02+00:00\" \/>\n<meta property=\"og:image\" content=\"https:\/\/exceladvisor.org\/wp-content\/uploads\/2023\/08\/mettre-en-surbrillance-les-valeurs-en-double-de-chaque-ligne-a-laide-du-code-VBA.gif\" \/>\n<meta name=\"twitter:card\" content=\"summary_large_image\" \/>\n<meta name=\"twitter:label1\" content=\"Gesch\u00e4tzte Lesezeit\" \/>\n\t<meta name=\"twitter:data1\" content=\"5\u00a0Minuten\" \/>\n<script type=\"application\/ld+json\" class=\"yoast-schema-graph\">{\"@context\":\"https:\/\/schema.org\",\"@graph\":[{\"@type\":\"WebPage\",\"@id\":\"https:\/\/exceladvisor.org\/de\/markieren-sie-doppelte-werte\/\",\"url\":\"https:\/\/exceladvisor.org\/de\/markieren-sie-doppelte-werte\/\",\"name\":\"Wie kann ich mit VBA doppelte Werte hervorheben?\",\"isPartOf\":{\"@id\":\"https:\/\/exceladvisor.org\/de\/#website\"},\"primaryImageOfPage\":{\"@id\":\"https:\/\/exceladvisor.org\/de\/markieren-sie-doppelte-werte\/#primaryimage\"},\"image\":{\"@id\":\"https:\/\/exceladvisor.org\/de\/markieren-sie-doppelte-werte\/#primaryimage\"},\"thumbnailUrl\":\"https:\/\/exceladvisor.org\/wp-content\/uploads\/2023\/08\/mettre-en-surbrillance-les-valeurs-en-double-de-chaque-ligne-a-laide-du-code-VBA.gif\",\"datePublished\":\"2023-09-28T20:04:28+00:00\",\"dateModified\":\"2023-12-03T11:22:02+00:00\",\"description\":\"Dies sind die vier VBA-Codes, um doppelte Werte in Excel auf unterschiedliche Weise hervorzuheben. Du kannst Geben\",\"breadcrumb\":{\"@id\":\"https:\/\/exceladvisor.org\/de\/markieren-sie-doppelte-werte\/#breadcrumb\"},\"inLanguage\":\"de\",\"potentialAction\":[{\"@type\":\"ReadAction\",\"target\":[\"https:\/\/exceladvisor.org\/de\/markieren-sie-doppelte-werte\/\"]}]},{\"@type\":\"ImageObject\",\"inLanguage\":\"de\",\"@id\":\"https:\/\/exceladvisor.org\/de\/markieren-sie-doppelte-werte\/#primaryimage\",\"url\":\"https:\/\/exceladvisor.org\/wp-content\/uploads\/2023\/08\/mettre-en-surbrillance-les-valeurs-en-double-de-chaque-ligne-a-laide-du-code-VBA.gif\",\"contentUrl\":\"https:\/\/exceladvisor.org\/wp-content\/uploads\/2023\/08\/mettre-en-surbrillance-les-valeurs-en-double-de-chaque-ligne-a-laide-du-code-VBA.gif\"},{\"@type\":\"BreadcrumbList\",\"@id\":\"https:\/\/exceladvisor.org\/de\/markieren-sie-doppelte-werte\/#breadcrumb\",\"itemListElement\":[{\"@type\":\"ListItem\",\"position\":1,\"name\":\"Accueil\",\"item\":\"https:\/\/exceladvisor.org\/de\/\"},{\"@type\":\"ListItem\",\"position\":2,\"name\":\"Wie kann ich mit vba doppelte werte hervorheben?\"}]},{\"@type\":\"WebSite\",\"@id\":\"https:\/\/exceladvisor.org\/de\/#website\",\"url\":\"https:\/\/exceladvisor.org\/de\/\",\"name\":\"Excel Advisor\",\"description\":\"Ihr Leitfaden zur Datendominanz\",\"publisher\":{\"@id\":\"https:\/\/exceladvisor.org\/de\/#organization\"},\"potentialAction\":[{\"@type\":\"SearchAction\",\"target\":{\"@type\":\"EntryPoint\",\"urlTemplate\":\"https:\/\/exceladvisor.org\/de\/?s={search_term_string}\"},\"query-input\":{\"@type\":\"PropertyValueSpecification\",\"valueRequired\":true,\"valueName\":\"search_term_string\"}}],\"inLanguage\":\"de\"},{\"@type\":\"Organization\",\"@id\":\"https:\/\/exceladvisor.org\/de\/#organization\",\"name\":\"Excel Advisor\",\"url\":\"https:\/\/exceladvisor.org\/de\/\",\"logo\":{\"@type\":\"ImageObject\",\"inLanguage\":\"de\",\"@id\":\"https:\/\/exceladvisor.org\/de\/#\/schema\/logo\/image\/\",\"url\":\"https:\/\/exceladvisor.org\/de\/wp-content\/uploads\/2023\/11\/exceladvisor.org_.png\",\"contentUrl\":\"https:\/\/exceladvisor.org\/de\/wp-content\/uploads\/2023\/11\/exceladvisor.org_.png\",\"width\":105,\"height\":36,\"caption\":\"Excel Advisor\"},\"image\":{\"@id\":\"https:\/\/exceladvisor.org\/de\/#\/schema\/logo\/image\/\"}}]}<\/script>\n<!-- \/ Yoast SEO plugin. -->","yoast_head_json":{"title":"Wie kann ich mit VBA doppelte Werte hervorheben?","description":"Dies sind die vier VBA-Codes, um doppelte Werte in Excel auf unterschiedliche Weise hervorzuheben. Du kannst Geben","robots":{"index":"index","follow":"follow","max-snippet":"max-snippet:-1","max-image-preview":"max-image-preview:large","max-video-preview":"max-video-preview:-1"},"canonical":"https:\/\/exceladvisor.org\/de\/markieren-sie-doppelte-werte\/","og_locale":"de_DE","og_type":"article","og_title":"Wie kann ich mit VBA doppelte Werte hervorheben?","og_description":"Dies sind die vier VBA-Codes, um doppelte Werte in Excel auf unterschiedliche Weise hervorzuheben. Du kannst Geben","og_url":"https:\/\/exceladvisor.org\/de\/markieren-sie-doppelte-werte\/","og_site_name":"Excel Advisor","article_modified_time":"2023-12-03T11:22:02+00:00","og_image":[{"url":"https:\/\/exceladvisor.org\/wp-content\/uploads\/2023\/08\/mettre-en-surbrillance-les-valeurs-en-double-de-chaque-ligne-a-laide-du-code-VBA.gif","type":"","width":"","height":""}],"twitter_card":"summary_large_image","twitter_misc":{"Gesch\u00e4tzte Lesezeit":"5\u00a0Minuten"},"schema":{"@context":"https:\/\/schema.org","@graph":[{"@type":"WebPage","@id":"https:\/\/exceladvisor.org\/de\/markieren-sie-doppelte-werte\/","url":"https:\/\/exceladvisor.org\/de\/markieren-sie-doppelte-werte\/","name":"Wie kann ich mit VBA doppelte Werte hervorheben?","isPartOf":{"@id":"https:\/\/exceladvisor.org\/de\/#website"},"primaryImageOfPage":{"@id":"https:\/\/exceladvisor.org\/de\/markieren-sie-doppelte-werte\/#primaryimage"},"image":{"@id":"https:\/\/exceladvisor.org\/de\/markieren-sie-doppelte-werte\/#primaryimage"},"thumbnailUrl":"https:\/\/exceladvisor.org\/wp-content\/uploads\/2023\/08\/mettre-en-surbrillance-les-valeurs-en-double-de-chaque-ligne-a-laide-du-code-VBA.gif","datePublished":"2023-09-28T20:04:28+00:00","dateModified":"2023-12-03T11:22:02+00:00","description":"Dies sind die vier VBA-Codes, um doppelte Werte in Excel auf unterschiedliche Weise hervorzuheben. Du kannst Geben","breadcrumb":{"@id":"https:\/\/exceladvisor.org\/de\/markieren-sie-doppelte-werte\/#breadcrumb"},"inLanguage":"de","potentialAction":[{"@type":"ReadAction","target":["https:\/\/exceladvisor.org\/de\/markieren-sie-doppelte-werte\/"]}]},{"@type":"ImageObject","inLanguage":"de","@id":"https:\/\/exceladvisor.org\/de\/markieren-sie-doppelte-werte\/#primaryimage","url":"https:\/\/exceladvisor.org\/wp-content\/uploads\/2023\/08\/mettre-en-surbrillance-les-valeurs-en-double-de-chaque-ligne-a-laide-du-code-VBA.gif","contentUrl":"https:\/\/exceladvisor.org\/wp-content\/uploads\/2023\/08\/mettre-en-surbrillance-les-valeurs-en-double-de-chaque-ligne-a-laide-du-code-VBA.gif"},{"@type":"BreadcrumbList","@id":"https:\/\/exceladvisor.org\/de\/markieren-sie-doppelte-werte\/#breadcrumb","itemListElement":[{"@type":"ListItem","position":1,"name":"Accueil","item":"https:\/\/exceladvisor.org\/de\/"},{"@type":"ListItem","position":2,"name":"Wie kann ich mit vba doppelte werte hervorheben?"}]},{"@type":"WebSite","@id":"https:\/\/exceladvisor.org\/de\/#website","url":"https:\/\/exceladvisor.org\/de\/","name":"Excel Advisor","description":"Ihr Leitfaden zur Datendominanz","publisher":{"@id":"https:\/\/exceladvisor.org\/de\/#organization"},"potentialAction":[{"@type":"SearchAction","target":{"@type":"EntryPoint","urlTemplate":"https:\/\/exceladvisor.org\/de\/?s={search_term_string}"},"query-input":{"@type":"PropertyValueSpecification","valueRequired":true,"valueName":"search_term_string"}}],"inLanguage":"de"},{"@type":"Organization","@id":"https:\/\/exceladvisor.org\/de\/#organization","name":"Excel Advisor","url":"https:\/\/exceladvisor.org\/de\/","logo":{"@type":"ImageObject","inLanguage":"de","@id":"https:\/\/exceladvisor.org\/de\/#\/schema\/logo\/image\/","url":"https:\/\/exceladvisor.org\/de\/wp-content\/uploads\/2023\/11\/exceladvisor.org_.png","contentUrl":"https:\/\/exceladvisor.org\/de\/wp-content\/uploads\/2023\/11\/exceladvisor.org_.png","width":105,"height":36,"caption":"Excel Advisor"},"image":{"@id":"https:\/\/exceladvisor.org\/de\/#\/schema\/logo\/image\/"}}]}},"yoast_meta":{"yoast_wpseo_title":"","yoast_wpseo_metadesc":"","yoast_wpseo_canonical":""},"_links":{"self":[{"href":"https:\/\/exceladvisor.org\/de\/wp-json\/wp\/v2\/pages\/3643","targetHints":{"allow":["GET"]}}],"collection":[{"href":"https:\/\/exceladvisor.org\/de\/wp-json\/wp\/v2\/pages"}],"about":[{"href":"https:\/\/exceladvisor.org\/de\/wp-json\/wp\/v2\/types\/page"}],"author":[{"embeddable":true,"href":"https:\/\/exceladvisor.org\/de\/wp-json\/wp\/v2\/users\/1"}],"replies":[{"embeddable":true,"href":"https:\/\/exceladvisor.org\/de\/wp-json\/wp\/v2\/comments?post=3643"}],"version-history":[{"count":1,"href":"https:\/\/exceladvisor.org\/de\/wp-json\/wp\/v2\/pages\/3643\/revisions"}],"predecessor-version":[{"id":4097,"href":"https:\/\/exceladvisor.org\/de\/wp-json\/wp\/v2\/pages\/3643\/revisions\/4097"}],"wp:attachment":[{"href":"https:\/\/exceladvisor.org\/de\/wp-json\/wp\/v2\/media?parent=3643"}],"curies":[{"name":"wp","href":"https:\/\/api.w.org\/{rel}","templated":true}]}}