{"id":3644,"date":"2023-09-28T19:34:41","date_gmt":"2023-09-28T19:34:41","guid":{"rendered":"https:\/\/exceladvisor.org\/de\/fugen-sie-eine-entwicklerregisterkarte-hinzu\/"},"modified":"2023-12-03T11:20:32","modified_gmt":"2023-12-03T11:20:32","slug":"fugen-sie-eine-entwicklerregisterkarte-hinzu","status":"publish","type":"page","link":"https:\/\/exceladvisor.org\/de\/fugen-sie-eine-entwicklerregisterkarte-hinzu\/","title":{"rendered":"Wie f\u00fcge ich eine entwicklerregisterkarte in excel hinzu?"},"content":{"rendered":"<div class=\"excel-vor-dem-inhalt\" id=\"excel-3433949404\"><script type=\"text\/javascript\">\r\n\tatOptions = {\r\n\t\t'key' : 'c1158f160081d6540a8409e6925dab94',\r\n\t\t'format' : 'iframe',\r\n\t\t'height' : 250,\r\n\t\t'width' : 300,\r\n\t\t'params' : {}\r\n\t};\r\n<\/script>\r\n<script type=\"text\/javascript\" src=\"\/\/www.highperformanceformat.com\/c1158f160081d6540a8409e6925dab94\/invoke.js\"><\/script><\/div> <p>Die Registerkarte \u201eEntwickler\u201c ist eine der wichtigsten und n\u00fctzlichsten Optionen in Excel. Bevor Sie es verwenden k\u00f6nnen, m\u00fcssen Sie es jedoch zum Men\u00fcband hinzuf\u00fcgen. Wenn Sie Excel installieren, m\u00fcssen Sie es zum ersten Mal aktivieren.<\/p><p> Heute lernen Sie in diesem Artikel drei verschiedene Methoden kennen, um eine Entwicklerregisterkarte in Excel f\u00fcr Windows sowie in Excel 2011 f\u00fcr Mac hinzuzuf\u00fcgen.<\/p><h2 id=\"tab-con-3\" style=\"margin-bottom: 20px !important; margin-top: 0px !important;\"> Methode 1: F\u00fcr Windows<\/h2><p> Um es zu aktivieren, befolgen Sie diese einfachen Schritte.<\/p><ul><li> Gehen Sie zur Registerkarte Datei \u2192 Optionen \u2192 Multifunktionsleiste anpassen.<\/li><li> Aktivieren Sie in der Liste der Hauptregisterkarten das Kontrollk\u00e4stchen f\u00fcr Entwickler. <\/li><\/ul><p><img loading=\"lazy\" decoding=\"async\" style=\"border-width: 1px;\" src=\"https:\/\/exceladvisor.org\/wp-content\/uploads\/2023\/08\/Afficher-longlet-Developpeur-2-1.png\" sizes=\"auto, \" srcset=\"\" alt=\"Registerkarte \u201eAdd-Developer\u201c in Excel mit Optionen\" width=\"260\" height=\"104\" data-attachment-id=\"4530\"><\/p><ul><li> OK klicken.<\/li><\/ul><h2 id=\"tab-con-4\" style=\"margin-bottom: 20px !important; margin-top: 0px !important;\"> Methode 2: F\u00fcr Windows<\/h2><p> Hier ist eine weitere Methode zum Anzeigen der Entwicklerregisterkarte.<\/p><ul><li> Klicken Sie mit der rechten Maustaste auf das Excel-Men\u00fcband und w\u00e4hlen Sie Men\u00fcband anpassen. <\/li><\/ul><p><img loading=\"lazy\" decoding=\"async\" style=\"border-width: 1px;\" src=\"https:\/\/exceladvisor.org\/wp-content\/uploads\/2023\/08\/Activer-longlet-Developpeur-2-1.png\" sizes=\"auto, \" srcset=\"\" alt=\"Klicken Sie auf \u201eMen\u00fcband anpassen\u201c, um eine Entwicklerregisterkarte im Excel-Men\u00fcband hinzuzuf\u00fcgen\" width=\"304\" height=\"130\" data-attachment-id=\"4529\"><\/p><ul><li> Aktivieren Sie in der Liste der Hauptregisterkarten das Kontrollk\u00e4stchen f\u00fcr Entwickler.<\/li><li> OK klicken.<\/li><\/ul><p> Nachdem Sie eine der oben genannten Methoden befolgt haben, k\u00f6nnen Sie die Registerkarte \u201eEntwickler\u201c in Excel f\u00fcr Windows aktivieren. <\/p><p><img loading=\"lazy\" decoding=\"async\" style=\"border-width: 1px;\" src=\"https:\/\/exceladvisor.org\/wp-content\/uploads\/2023\/08\/Ajouter-un-onglet-Developpeur-dans-Excel.jpg\" sizes=\"auto, \" srcset=\"\" alt=\"Rufen Sie die Registerkarte \u201eEntwickler\u201c im Excel-Men\u00fcband auf\" width=\"751\" height=\"118\" data-attachment-id=\"4535\"><\/p><p style=\"margin-bottom: 0px !important; font-family: Verdana, Geneva, sans-serif;\" data-web-font=\"Verdana, Geneva, sans-serif\"> <span style=\"font-size: 16px;\">Hinweis: Sie k\u00f6nnen die beiden oben genannten Methoden in der Windows-Version von Excel (2007, 2010, 2013 und 2016) verwenden.<\/span><\/p><h2 id=\"tab-con-1\" style=\"margin-bottom: 20px !important; margin-top: 0px !important;\"> Methode 3: Excel 2011 f\u00fcr Mac<\/h2><p> Hier sind die Schritte zum Hinzuf\u00fcgen einer Entwicklerregisterkarte in Excel 2011 f\u00fcr Mac.<\/p><ul><li> Gehen Sie zum Excel-Men\u00fc \u2192 Einstellungen. <\/li><\/ul><p><img loading=\"lazy\" decoding=\"async\" style=\"border-width: 1px;\" src=\"https:\/\/exceladvisor.org\/wp-content\/uploads\/2023\/08\/Ajouter-un-onglet-Developpeur-dans-Excel-1-1.png\" sizes=\"auto, \" srcset=\"\" alt=\"\u00d6ffnen Sie die Einstellungen, um eine Entwicklerregisterkarte in Excel 2001 f\u00fcr Mac hinzuzuf\u00fcgen\" width=\"171\" height=\"211\" data-attachment-id=\"4531\"><\/p><ul><li> Klicken Sie auf das Men\u00fcband unter \u201eFreigabe- und Datenschutzgruppe\u201c und dann auf \u201eOK\u201c. <\/li><\/ul><p><img loading=\"lazy\" decoding=\"async\" style=\"border-width: 1px;\" src=\"https:\/\/exceladvisor.org\/wp-content\/uploads\/2023\/08\/Ajouter-un-onglet-Developpeur-dans-Excel-2-1.png\" sizes=\"auto, \" srcset=\"\" alt=\"Klicken Sie auf das Teilen-Men\u00fcband, um eine Entwicklerregisterkarte in Excel 2001 f\u00fcr Mac hinzuzuf\u00fcgen\" width=\"526\" height=\"151\" data-attachment-id=\"4532\" data-width=\"526\" data-height=\"151\" data-init-width=\"525\" data-init-height=\"150\"><\/p><ul><li> Nun erhalten Sie ein Popup-Dialogfeld. W\u00e4hlen Sie im Abschnitt \u201eAnpassung\u201c die Registerkarte \u201eEntwickler\u201c aus und klicken Sie auf \u201eOK\u201c. <\/li><\/ul><p><img loading=\"lazy\" decoding=\"async\" style=\"border-width: 1px;\" src=\"https:\/\/exceladvisor.org\/wp-content\/uploads\/2023\/08\/Ajouter-un-onglet-Developpeur-dans-Excel-3-1.png\" sizes=\"auto, \" srcset=\"\" alt=\"F\u00fcgen Sie im Abschnitt \u201eAnpassung\u201c eine Entwicklerregisterkarte in Excel 2011 f\u00fcr Mac hinzu\" width=\"512\" height=\"468\" data-attachment-id=\"4533\"><\/p><p> Nachdem Sie eine der oben genannten Methoden befolgt haben, k\u00f6nnen Sie die Registerkarte \u201eEntwickler\u201c in Excel 2011 f\u00fcr Mac aktivieren. <\/p><p><img loading=\"lazy\" decoding=\"async\" style=\"border-width: 1px;\" src=\"https:\/\/exceladvisor.org\/wp-content\/uploads\/2023\/08\/Ajouter-un-onglet-Developpeur-dans-Excel-4-1.png\" sizes=\"auto, \" srcset=\"\" alt=\"Hinzuf\u00fcgen der Registerkarte \u201eEntwickler\u201c in Excel 2011 f\u00fcr Mac\" width=\"605\" height=\"79\" data-attachment-id=\"4534\" data-width=\"605\" data-height=\"79\" data-init-width=\"742\" data-init-height=\"95\"><\/p><h2 style=\"margin-bottom: 20px !important; margin-top: 0px !important;\"> Und danach<\/h2><ul><li> N\u00fctzliche VBA-Beispiele<\/li><li> <a style=\"outline: none;\" href=\"https:\/\/exceladvisor.org\/de\/explizite-option-2\/\" data-wpel-link=\"internal\" data-wpil=\"url\">Explizite VBA-Option<\/a><\/li><\/ul>","protected":false},"excerpt":{"rendered":"","protected":false},"author":1,"featured_media":0,"parent":0,"menu_order":0,"comment_status":"open","ping_status":"closed","template":"","meta":{"ub_ctt_via":"","footnotes":""},"class_list":["post-3644","page","type-page","status-publish","hentry"],"featured_image_src":null,"yoast_head":"<!-- This site is optimized with the Yoast SEO plugin v25.4 - https:\/\/yoast.com\/wordpress\/plugins\/seo\/ -->\n<title>\u25b7 Wie f\u00fcge ich eine Entwicklerregisterkarte in Excel hinzu?<\/title>\n<meta name=\"description\" content=\"So f\u00fcgen Sie die Registerkarte \u201eEntwickler\u201c in Excel 2007, 2010, 2013, 2016 und Excel 2011 f\u00fcr Mac hinzu\/aktivieren sie. Befolgen Sie einfach diese einfachen Schritte\" \/>\n<meta name=\"robots\" content=\"index, follow, max-snippet:-1, max-image-preview:large, max-video-preview:-1\" \/>\n<link rel=\"canonical\" href=\"https:\/\/exceladvisor.org\/de\/fugen-sie-eine-entwicklerregisterkarte-hinzu\/\" \/>\n<meta property=\"og:locale\" content=\"de_DE\" \/>\n<meta property=\"og:type\" content=\"article\" \/>\n<meta property=\"og:title\" content=\"\u25b7 Wie f\u00fcge ich eine Entwicklerregisterkarte in Excel hinzu?\" \/>\n<meta property=\"og:description\" content=\"So f\u00fcgen Sie die Registerkarte \u201eEntwickler\u201c in Excel 2007, 2010, 2013, 2016 und Excel 2011 f\u00fcr Mac hinzu\/aktivieren sie. Befolgen Sie einfach diese einfachen Schritte\" \/>\n<meta property=\"og:url\" content=\"https:\/\/exceladvisor.org\/de\/fugen-sie-eine-entwicklerregisterkarte-hinzu\/\" \/>\n<meta property=\"og:site_name\" content=\"Excel Advisor\" \/>\n<meta property=\"article:modified_time\" content=\"2023-12-03T11:20:32+00:00\" \/>\n<meta property=\"og:image\" content=\"https:\/\/exceladvisor.org\/wp-content\/uploads\/2023\/08\/Afficher-longlet-Developpeur-2-1.png\" \/>\n<meta name=\"twitter:card\" content=\"summary_large_image\" \/>\n<meta name=\"twitter:label1\" content=\"Gesch\u00e4tzte Lesezeit\" \/>\n\t<meta name=\"twitter:data1\" content=\"1\u00a0Minute\" \/>\n<script type=\"application\/ld+json\" class=\"yoast-schema-graph\">{\"@context\":\"https:\/\/schema.org\",\"@graph\":[{\"@type\":\"WebPage\",\"@id\":\"https:\/\/exceladvisor.org\/de\/fugen-sie-eine-entwicklerregisterkarte-hinzu\/\",\"url\":\"https:\/\/exceladvisor.org\/de\/fugen-sie-eine-entwicklerregisterkarte-hinzu\/\",\"name\":\"\u25b7 Wie f\u00fcge ich eine Entwicklerregisterkarte in Excel hinzu?\",\"isPartOf\":{\"@id\":\"https:\/\/exceladvisor.org\/de\/#website\"},\"primaryImageOfPage\":{\"@id\":\"https:\/\/exceladvisor.org\/de\/fugen-sie-eine-entwicklerregisterkarte-hinzu\/#primaryimage\"},\"image\":{\"@id\":\"https:\/\/exceladvisor.org\/de\/fugen-sie-eine-entwicklerregisterkarte-hinzu\/#primaryimage\"},\"thumbnailUrl\":\"https:\/\/exceladvisor.org\/wp-content\/uploads\/2023\/08\/Afficher-longlet-Developpeur-2-1.png\",\"datePublished\":\"2023-09-28T19:34:41+00:00\",\"dateModified\":\"2023-12-03T11:20:32+00:00\",\"description\":\"So f\u00fcgen Sie die Registerkarte \u201eEntwickler\u201c in Excel 2007, 2010, 2013, 2016 und Excel 2011 f\u00fcr Mac hinzu\/aktivieren sie. Befolgen Sie einfach diese einfachen Schritte\",\"breadcrumb\":{\"@id\":\"https:\/\/exceladvisor.org\/de\/fugen-sie-eine-entwicklerregisterkarte-hinzu\/#breadcrumb\"},\"inLanguage\":\"de\",\"potentialAction\":[{\"@type\":\"ReadAction\",\"target\":[\"https:\/\/exceladvisor.org\/de\/fugen-sie-eine-entwicklerregisterkarte-hinzu\/\"]}]},{\"@type\":\"ImageObject\",\"inLanguage\":\"de\",\"@id\":\"https:\/\/exceladvisor.org\/de\/fugen-sie-eine-entwicklerregisterkarte-hinzu\/#primaryimage\",\"url\":\"https:\/\/exceladvisor.org\/wp-content\/uploads\/2023\/08\/Afficher-longlet-Developpeur-2-1.png\",\"contentUrl\":\"https:\/\/exceladvisor.org\/wp-content\/uploads\/2023\/08\/Afficher-longlet-Developpeur-2-1.png\"},{\"@type\":\"BreadcrumbList\",\"@id\":\"https:\/\/exceladvisor.org\/de\/fugen-sie-eine-entwicklerregisterkarte-hinzu\/#breadcrumb\",\"itemListElement\":[{\"@type\":\"ListItem\",\"position\":1,\"name\":\"Accueil\",\"item\":\"https:\/\/exceladvisor.org\/de\/\"},{\"@type\":\"ListItem\",\"position\":2,\"name\":\"Wie f\u00fcge ich eine entwicklerregisterkarte in excel hinzu?\"}]},{\"@type\":\"WebSite\",\"@id\":\"https:\/\/exceladvisor.org\/de\/#website\",\"url\":\"https:\/\/exceladvisor.org\/de\/\",\"name\":\"Excel Advisor\",\"description\":\"Ihr Leitfaden zur Datendominanz\",\"publisher\":{\"@id\":\"https:\/\/exceladvisor.org\/de\/#organization\"},\"potentialAction\":[{\"@type\":\"SearchAction\",\"target\":{\"@type\":\"EntryPoint\",\"urlTemplate\":\"https:\/\/exceladvisor.org\/de\/?s={search_term_string}\"},\"query-input\":{\"@type\":\"PropertyValueSpecification\",\"valueRequired\":true,\"valueName\":\"search_term_string\"}}],\"inLanguage\":\"de\"},{\"@type\":\"Organization\",\"@id\":\"https:\/\/exceladvisor.org\/de\/#organization\",\"name\":\"Excel Advisor\",\"url\":\"https:\/\/exceladvisor.org\/de\/\",\"logo\":{\"@type\":\"ImageObject\",\"inLanguage\":\"de\",\"@id\":\"https:\/\/exceladvisor.org\/de\/#\/schema\/logo\/image\/\",\"url\":\"https:\/\/exceladvisor.org\/de\/wp-content\/uploads\/2023\/11\/exceladvisor.org_.png\",\"contentUrl\":\"https:\/\/exceladvisor.org\/de\/wp-content\/uploads\/2023\/11\/exceladvisor.org_.png\",\"width\":105,\"height\":36,\"caption\":\"Excel Advisor\"},\"image\":{\"@id\":\"https:\/\/exceladvisor.org\/de\/#\/schema\/logo\/image\/\"}}]}<\/script>\n<!-- \/ Yoast SEO plugin. -->","yoast_head_json":{"title":"\u25b7 Wie f\u00fcge ich eine Entwicklerregisterkarte in Excel hinzu?","description":"So f\u00fcgen Sie die Registerkarte \u201eEntwickler\u201c in Excel 2007, 2010, 2013, 2016 und Excel 2011 f\u00fcr Mac hinzu\/aktivieren sie. Befolgen Sie einfach diese einfachen Schritte","robots":{"index":"index","follow":"follow","max-snippet":"max-snippet:-1","max-image-preview":"max-image-preview:large","max-video-preview":"max-video-preview:-1"},"canonical":"https:\/\/exceladvisor.org\/de\/fugen-sie-eine-entwicklerregisterkarte-hinzu\/","og_locale":"de_DE","og_type":"article","og_title":"\u25b7 Wie f\u00fcge ich eine Entwicklerregisterkarte in Excel hinzu?","og_description":"So f\u00fcgen Sie die Registerkarte \u201eEntwickler\u201c in Excel 2007, 2010, 2013, 2016 und Excel 2011 f\u00fcr Mac hinzu\/aktivieren sie. Befolgen Sie einfach diese einfachen Schritte","og_url":"https:\/\/exceladvisor.org\/de\/fugen-sie-eine-entwicklerregisterkarte-hinzu\/","og_site_name":"Excel Advisor","article_modified_time":"2023-12-03T11:20:32+00:00","og_image":[{"url":"https:\/\/exceladvisor.org\/wp-content\/uploads\/2023\/08\/Afficher-longlet-Developpeur-2-1.png","type":"","width":"","height":""}],"twitter_card":"summary_large_image","twitter_misc":{"Gesch\u00e4tzte Lesezeit":"1\u00a0Minute"},"schema":{"@context":"https:\/\/schema.org","@graph":[{"@type":"WebPage","@id":"https:\/\/exceladvisor.org\/de\/fugen-sie-eine-entwicklerregisterkarte-hinzu\/","url":"https:\/\/exceladvisor.org\/de\/fugen-sie-eine-entwicklerregisterkarte-hinzu\/","name":"\u25b7 Wie f\u00fcge ich eine Entwicklerregisterkarte in Excel hinzu?","isPartOf":{"@id":"https:\/\/exceladvisor.org\/de\/#website"},"primaryImageOfPage":{"@id":"https:\/\/exceladvisor.org\/de\/fugen-sie-eine-entwicklerregisterkarte-hinzu\/#primaryimage"},"image":{"@id":"https:\/\/exceladvisor.org\/de\/fugen-sie-eine-entwicklerregisterkarte-hinzu\/#primaryimage"},"thumbnailUrl":"https:\/\/exceladvisor.org\/wp-content\/uploads\/2023\/08\/Afficher-longlet-Developpeur-2-1.png","datePublished":"2023-09-28T19:34:41+00:00","dateModified":"2023-12-03T11:20:32+00:00","description":"So f\u00fcgen Sie die Registerkarte \u201eEntwickler\u201c in Excel 2007, 2010, 2013, 2016 und Excel 2011 f\u00fcr Mac hinzu\/aktivieren sie. Befolgen Sie einfach diese einfachen Schritte","breadcrumb":{"@id":"https:\/\/exceladvisor.org\/de\/fugen-sie-eine-entwicklerregisterkarte-hinzu\/#breadcrumb"},"inLanguage":"de","potentialAction":[{"@type":"ReadAction","target":["https:\/\/exceladvisor.org\/de\/fugen-sie-eine-entwicklerregisterkarte-hinzu\/"]}]},{"@type":"ImageObject","inLanguage":"de","@id":"https:\/\/exceladvisor.org\/de\/fugen-sie-eine-entwicklerregisterkarte-hinzu\/#primaryimage","url":"https:\/\/exceladvisor.org\/wp-content\/uploads\/2023\/08\/Afficher-longlet-Developpeur-2-1.png","contentUrl":"https:\/\/exceladvisor.org\/wp-content\/uploads\/2023\/08\/Afficher-longlet-Developpeur-2-1.png"},{"@type":"BreadcrumbList","@id":"https:\/\/exceladvisor.org\/de\/fugen-sie-eine-entwicklerregisterkarte-hinzu\/#breadcrumb","itemListElement":[{"@type":"ListItem","position":1,"name":"Accueil","item":"https:\/\/exceladvisor.org\/de\/"},{"@type":"ListItem","position":2,"name":"Wie f\u00fcge ich eine entwicklerregisterkarte in excel hinzu?"}]},{"@type":"WebSite","@id":"https:\/\/exceladvisor.org\/de\/#website","url":"https:\/\/exceladvisor.org\/de\/","name":"Excel Advisor","description":"Ihr Leitfaden zur Datendominanz","publisher":{"@id":"https:\/\/exceladvisor.org\/de\/#organization"},"potentialAction":[{"@type":"SearchAction","target":{"@type":"EntryPoint","urlTemplate":"https:\/\/exceladvisor.org\/de\/?s={search_term_string}"},"query-input":{"@type":"PropertyValueSpecification","valueRequired":true,"valueName":"search_term_string"}}],"inLanguage":"de"},{"@type":"Organization","@id":"https:\/\/exceladvisor.org\/de\/#organization","name":"Excel Advisor","url":"https:\/\/exceladvisor.org\/de\/","logo":{"@type":"ImageObject","inLanguage":"de","@id":"https:\/\/exceladvisor.org\/de\/#\/schema\/logo\/image\/","url":"https:\/\/exceladvisor.org\/de\/wp-content\/uploads\/2023\/11\/exceladvisor.org_.png","contentUrl":"https:\/\/exceladvisor.org\/de\/wp-content\/uploads\/2023\/11\/exceladvisor.org_.png","width":105,"height":36,"caption":"Excel Advisor"},"image":{"@id":"https:\/\/exceladvisor.org\/de\/#\/schema\/logo\/image\/"}}]}},"yoast_meta":{"yoast_wpseo_title":"","yoast_wpseo_metadesc":"","yoast_wpseo_canonical":""},"_links":{"self":[{"href":"https:\/\/exceladvisor.org\/de\/wp-json\/wp\/v2\/pages\/3644","targetHints":{"allow":["GET"]}}],"collection":[{"href":"https:\/\/exceladvisor.org\/de\/wp-json\/wp\/v2\/pages"}],"about":[{"href":"https:\/\/exceladvisor.org\/de\/wp-json\/wp\/v2\/types\/page"}],"author":[{"embeddable":true,"href":"https:\/\/exceladvisor.org\/de\/wp-json\/wp\/v2\/users\/1"}],"replies":[{"embeddable":true,"href":"https:\/\/exceladvisor.org\/de\/wp-json\/wp\/v2\/comments?post=3644"}],"version-history":[{"count":1,"href":"https:\/\/exceladvisor.org\/de\/wp-json\/wp\/v2\/pages\/3644\/revisions"}],"predecessor-version":[{"id":4012,"href":"https:\/\/exceladvisor.org\/de\/wp-json\/wp\/v2\/pages\/3644\/revisions\/4012"}],"wp:attachment":[{"href":"https:\/\/exceladvisor.org\/de\/wp-json\/wp\/v2\/media?parent=3644"}],"curies":[{"name":"wp","href":"https:\/\/api.w.org\/{rel}","templated":true}]}}