{"id":3645,"date":"2023-09-28T18:56:06","date_gmt":"2023-09-28T18:56:06","guid":{"rendered":"https:\/\/exceladvisor.org\/de\/aktive-arbeitsmappe-per-makro\/"},"modified":"2023-12-03T13:05:04","modified_gmt":"2023-12-03T13:05:04","slug":"aktive-arbeitsmappe-per-makro","status":"publish","type":"page","link":"https:\/\/exceladvisor.org\/de\/aktive-arbeitsmappe-per-makro\/","title":{"rendered":"Wie speichere ich eine makrof\u00e4hige datei?"},"content":{"rendered":"<div class=\"excel-vor-dem-inhalt\" id=\"excel-3746205262\"><script type=\"text\/javascript\">\r\n\tatOptions = {\r\n\t\t'key' : 'c1158f160081d6540a8409e6925dab94',\r\n\t\t'format' : 'iframe',\r\n\t\t'height' : 250,\r\n\t\t'width' : 300,\r\n\t\t'params' : {}\r\n\t};\r\n<\/script>\r\n<script type=\"text\/javascript\" src=\"\/\/www.highperformanceformat.com\/c1158f160081d6540a8409e6925dab94\/invoke.js\"><\/script><\/div> <h2 class=\"wp-block-heading\">Was ist eine makrof\u00e4hige Arbeitsmappe?<\/h2><p> Wenn Sie in Excel ein Makro schreiben oder VBA-Codes zu einer Datei hinzuf\u00fcgen, m\u00fcssen Sie diese Datei als makrof\u00e4higen Typ im .xlsm-Format speichern. Bei diesem Dateityp <a href=\"https:\/\/exceladvisor.org\/de\/personliches-makro-notizbuch\/\">speichert Excel alle Codes<\/a> in der Datei. Und Sie k\u00f6nnen <a href=\"https:\/\/exceladvisor.org\/de\/ein-makro-ausfuhren-2\/\">diese Codes auch aus der Datei ausf\u00fchren<\/a> . <\/p><div class=\"wp-block-image\"><figure class=\"aligncenter size-full is-resized\"><img loading=\"lazy\" decoding=\"async\" class=\"wp-image-72711\" src=\"https:\/\/exceladvisor.org\/wp-content\/uploads\/2023\/08\/1-macro-decriture.png\" sizes=\"auto, \" srcset=\"\" alt=\"Schreibmakro\" width=\"653\" height=\"566\"><\/figure><\/div><p> Hier haben Sie eine Datei mit den Codes, und jetzt werden wir sehen, wie Sie diese Datei als makrof\u00e4higen Dateityp in Excel speichern.<\/p><h2 class=\"wp-block-heading\"> Schritte zum Speichern einer makrof\u00e4higen Arbeitsmappe<\/h2><ol type=\"1\"><li> Gehen Sie zun\u00e4chst zur Registerkarte \u201eDatei\u201c und klicken Sie auf die Option \u201e <a href=\"https:\/\/exceladvisor.org\/de\/speichern-als\/\">Speichern unter<\/a> \u201c.<\/li><li> Geben Sie anschlie\u00dfend den Speicherort an, an dem Sie Ihre Datei speichern m\u00f6chten.<\/li><li> W\u00e4hlen Sie dann unter \u201eDateityp\u201c die Option \u201eExcel-Arbeitsmappe mit Makros\u201c aus.<\/li><li> Klicken Sie am Ende auf OK, um die Datei zu speichern. <\/li><\/ol><div class=\"wp-block-image\"><figure class=\"aligncenter size-full is-resized\"><img loading=\"lazy\" decoding=\"async\" class=\"wp-image-72712\" src=\"https:\/\/exceladvisor.org\/wp-content\/uploads\/2023\/08\/2-enregistrer-un-classeur-active-par-macro.png\" sizes=\"auto, \" srcset=\"\" alt=\"Speichern Sie eine makrof\u00e4hige Arbeitsmappe\" width=\"771\" height=\"426\"><\/figure><\/div><p> Unten sehen Sie die Datei, die wir in unserem System mit der Erweiterung .xlsm gespeichert haben. <\/p><div class=\"wp-block-image\"><figure class=\"aligncenter size-full is-resized\"><img loading=\"lazy\" decoding=\"async\" class=\"wp-image-72714\" src=\"https:\/\/exceladvisor.org\/wp-content\/uploads\/2023\/08\/3-fichier-enregistre-avec-lextension-xlsm.png\" sizes=\"auto, \" srcset=\"\" alt=\"gespeicherte-Datei-mit-.xlsm-Erweiterung\" width=\"683\" height=\"461\"><\/figure><\/div><h2 class=\"wp-block-heading\"> Imbissbuden<\/h2><ol><li> Sobald Sie eine makrof\u00e4hige Datei erstellt haben, m\u00fcssen Sie das Makro aktivieren (Datei \u21e2 Optionen \u21e2 Vertrauensstellungscenter \u21e2 Trust Enter-Einstellungen \u21e2 Makros), um beliebigen Code auszuf\u00fchren.<\/li><li> Sie k\u00f6nnen <a href=\"https:\/\/exceladvisor.org\/de\/personliches-makro-notizbuch\/\">Personal Macro Binder<\/a> verwenden, um alle Ihre Codes an einem Ort zu speichern.<\/li><li> Der Empfang einer makroaktivierten Arbeitsmappe von einer anderen Person (von einem anderen System) kann eine potenzielle Bedrohung darstellen.<\/li><\/ol><div class=\"gb-container gb-container-4db6181c gb-container-mt\"> <a class=\"gb-button gb-button-c5897111 gb-button-text gb-button-mt-button\" href=\"https:\/\/exceladvisor.org\/de\/vba\/\">Was ist VBA<\/a><h2 class=\"gb-headline gb-headline-665e5f6b gb-headline-text gb-headline-mt-heading\"> Verwandte Tutorials <\/h2><div class=\"gb-grid-wrapper gb-grid-wrapper-a20baf7c gb-grid-wrapper-mt-grid\"><div class=\"gb-grid-column gb-grid-column-65ddf67e\"><div class=\"gb-container gb-container-65ddf67e\"><ul><li> <a href=\"https:\/\/exceladvisor.org\/de\/excel-datei-kopieren\/\">Kopieren Sie eine Excel-Datei (Arbeitsmappe) mit VBA<\/a><\/li><li> <a href=\"https:\/\/exceladvisor.org\/de\/arbeitsmappe-aktivieren\/\">VBA-Arbeitsmappe aktivieren (Excel-Datei)<\/a><\/li><li> <a href=\"https:\/\/exceladvisor.org\/de\/schliessen-sie-die-arbeitsmappe\/\">VBA-Arbeitsmappe schlie\u00dfen (Excel-Datei)<\/a><\/li><li> <a href=\"https:\/\/exceladvisor.org\/de\/arbeitsmappen-kombinieren\/\">VBA Arbeitsmappen kombinieren (Excel-Dateien)<\/a><\/li><li> <a href=\"https:\/\/exceladvisor.org\/de\/eine-arbeitsmappe-erstellen\/\">VBA Erstellen Sie eine neue Arbeitsmappe (Excel-Datei)<\/a> <\/li><\/ul><\/div><\/div><div class=\"gb-grid-column gb-grid-column-50067b57\"><div class=\"gb-container gb-container-50067b57\"><\/div><\/div><\/div><\/div>","protected":false},"excerpt":{"rendered":"","protected":false},"author":1,"featured_media":0,"parent":0,"menu_order":0,"comment_status":"open","ping_status":"closed","template":"","meta":{"ub_ctt_via":"","footnotes":""},"class_list":["post-3645","page","type-page","status-publish","hentry"],"featured_image_src":null,"yoast_head":"<!-- This site is optimized with the Yoast SEO plugin v25.4 - https:\/\/yoast.com\/wordpress\/plugins\/seo\/ -->\n<title>\u25b7 Wie speichere ich eine XLSM-Datei? (Tutorial 2023)<\/title>\n<meta name=\"description\" content=\"In diesem Tutorial erfahren Sie, wie Sie eine Excel-Datei als makrof\u00e4hige Arbeitsmappe speichern.\" \/>\n<meta name=\"robots\" content=\"index, follow, max-snippet:-1, max-image-preview:large, max-video-preview:-1\" \/>\n<link rel=\"canonical\" href=\"https:\/\/exceladvisor.org\/de\/aktive-arbeitsmappe-per-makro\/\" \/>\n<meta property=\"og:locale\" content=\"de_DE\" \/>\n<meta property=\"og:type\" content=\"article\" \/>\n<meta property=\"og:title\" content=\"\u25b7 Wie speichere ich eine XLSM-Datei? (Tutorial 2023)\" \/>\n<meta property=\"og:description\" content=\"In diesem Tutorial erfahren Sie, wie Sie eine Excel-Datei als makrof\u00e4hige Arbeitsmappe speichern.\" \/>\n<meta property=\"og:url\" content=\"https:\/\/exceladvisor.org\/de\/aktive-arbeitsmappe-per-makro\/\" \/>\n<meta property=\"og:site_name\" content=\"Excel Advisor\" \/>\n<meta property=\"article:modified_time\" content=\"2023-12-03T13:05:04+00:00\" \/>\n<meta property=\"og:image\" content=\"https:\/\/exceladvisor.org\/wp-content\/uploads\/2023\/08\/1-macro-decriture.png\" \/>\n<meta name=\"twitter:card\" content=\"summary_large_image\" \/>\n<meta name=\"twitter:label1\" content=\"Gesch\u00e4tzte Lesezeit\" \/>\n\t<meta name=\"twitter:data1\" content=\"1\u00a0Minute\" \/>\n<script type=\"application\/ld+json\" class=\"yoast-schema-graph\">{\"@context\":\"https:\/\/schema.org\",\"@graph\":[{\"@type\":\"WebPage\",\"@id\":\"https:\/\/exceladvisor.org\/de\/aktive-arbeitsmappe-per-makro\/\",\"url\":\"https:\/\/exceladvisor.org\/de\/aktive-arbeitsmappe-per-makro\/\",\"name\":\"\u25b7 Wie speichere ich eine XLSM-Datei? (Tutorial 2023)\",\"isPartOf\":{\"@id\":\"https:\/\/exceladvisor.org\/de\/#website\"},\"primaryImageOfPage\":{\"@id\":\"https:\/\/exceladvisor.org\/de\/aktive-arbeitsmappe-per-makro\/#primaryimage\"},\"image\":{\"@id\":\"https:\/\/exceladvisor.org\/de\/aktive-arbeitsmappe-per-makro\/#primaryimage\"},\"thumbnailUrl\":\"https:\/\/exceladvisor.org\/wp-content\/uploads\/2023\/08\/1-macro-decriture.png\",\"datePublished\":\"2023-09-28T18:56:06+00:00\",\"dateModified\":\"2023-12-03T13:05:04+00:00\",\"description\":\"In diesem Tutorial erfahren Sie, wie Sie eine Excel-Datei als makrof\u00e4hige Arbeitsmappe speichern.\",\"breadcrumb\":{\"@id\":\"https:\/\/exceladvisor.org\/de\/aktive-arbeitsmappe-per-makro\/#breadcrumb\"},\"inLanguage\":\"de\",\"potentialAction\":[{\"@type\":\"ReadAction\",\"target\":[\"https:\/\/exceladvisor.org\/de\/aktive-arbeitsmappe-per-makro\/\"]}]},{\"@type\":\"ImageObject\",\"inLanguage\":\"de\",\"@id\":\"https:\/\/exceladvisor.org\/de\/aktive-arbeitsmappe-per-makro\/#primaryimage\",\"url\":\"https:\/\/exceladvisor.org\/wp-content\/uploads\/2023\/08\/1-macro-decriture.png\",\"contentUrl\":\"https:\/\/exceladvisor.org\/wp-content\/uploads\/2023\/08\/1-macro-decriture.png\"},{\"@type\":\"BreadcrumbList\",\"@id\":\"https:\/\/exceladvisor.org\/de\/aktive-arbeitsmappe-per-makro\/#breadcrumb\",\"itemListElement\":[{\"@type\":\"ListItem\",\"position\":1,\"name\":\"Accueil\",\"item\":\"https:\/\/exceladvisor.org\/de\/\"},{\"@type\":\"ListItem\",\"position\":2,\"name\":\"Wie speichere ich eine makrof\u00e4hige datei?\"}]},{\"@type\":\"WebSite\",\"@id\":\"https:\/\/exceladvisor.org\/de\/#website\",\"url\":\"https:\/\/exceladvisor.org\/de\/\",\"name\":\"Excel Advisor\",\"description\":\"Ihr Leitfaden zur Datendominanz\",\"publisher\":{\"@id\":\"https:\/\/exceladvisor.org\/de\/#organization\"},\"potentialAction\":[{\"@type\":\"SearchAction\",\"target\":{\"@type\":\"EntryPoint\",\"urlTemplate\":\"https:\/\/exceladvisor.org\/de\/?s={search_term_string}\"},\"query-input\":{\"@type\":\"PropertyValueSpecification\",\"valueRequired\":true,\"valueName\":\"search_term_string\"}}],\"inLanguage\":\"de\"},{\"@type\":\"Organization\",\"@id\":\"https:\/\/exceladvisor.org\/de\/#organization\",\"name\":\"Excel Advisor\",\"url\":\"https:\/\/exceladvisor.org\/de\/\",\"logo\":{\"@type\":\"ImageObject\",\"inLanguage\":\"de\",\"@id\":\"https:\/\/exceladvisor.org\/de\/#\/schema\/logo\/image\/\",\"url\":\"https:\/\/exceladvisor.org\/de\/wp-content\/uploads\/2023\/11\/exceladvisor.org_.png\",\"contentUrl\":\"https:\/\/exceladvisor.org\/de\/wp-content\/uploads\/2023\/11\/exceladvisor.org_.png\",\"width\":105,\"height\":36,\"caption\":\"Excel Advisor\"},\"image\":{\"@id\":\"https:\/\/exceladvisor.org\/de\/#\/schema\/logo\/image\/\"}}]}<\/script>\n<!-- \/ Yoast SEO plugin. -->","yoast_head_json":{"title":"\u25b7 Wie speichere ich eine XLSM-Datei? (Tutorial 2023)","description":"In diesem Tutorial erfahren Sie, wie Sie eine Excel-Datei als makrof\u00e4hige Arbeitsmappe speichern.","robots":{"index":"index","follow":"follow","max-snippet":"max-snippet:-1","max-image-preview":"max-image-preview:large","max-video-preview":"max-video-preview:-1"},"canonical":"https:\/\/exceladvisor.org\/de\/aktive-arbeitsmappe-per-makro\/","og_locale":"de_DE","og_type":"article","og_title":"\u25b7 Wie speichere ich eine XLSM-Datei? (Tutorial 2023)","og_description":"In diesem Tutorial erfahren Sie, wie Sie eine Excel-Datei als makrof\u00e4hige Arbeitsmappe speichern.","og_url":"https:\/\/exceladvisor.org\/de\/aktive-arbeitsmappe-per-makro\/","og_site_name":"Excel Advisor","article_modified_time":"2023-12-03T13:05:04+00:00","og_image":[{"url":"https:\/\/exceladvisor.org\/wp-content\/uploads\/2023\/08\/1-macro-decriture.png","type":"","width":"","height":""}],"twitter_card":"summary_large_image","twitter_misc":{"Gesch\u00e4tzte Lesezeit":"1\u00a0Minute"},"schema":{"@context":"https:\/\/schema.org","@graph":[{"@type":"WebPage","@id":"https:\/\/exceladvisor.org\/de\/aktive-arbeitsmappe-per-makro\/","url":"https:\/\/exceladvisor.org\/de\/aktive-arbeitsmappe-per-makro\/","name":"\u25b7 Wie speichere ich eine XLSM-Datei? (Tutorial 2023)","isPartOf":{"@id":"https:\/\/exceladvisor.org\/de\/#website"},"primaryImageOfPage":{"@id":"https:\/\/exceladvisor.org\/de\/aktive-arbeitsmappe-per-makro\/#primaryimage"},"image":{"@id":"https:\/\/exceladvisor.org\/de\/aktive-arbeitsmappe-per-makro\/#primaryimage"},"thumbnailUrl":"https:\/\/exceladvisor.org\/wp-content\/uploads\/2023\/08\/1-macro-decriture.png","datePublished":"2023-09-28T18:56:06+00:00","dateModified":"2023-12-03T13:05:04+00:00","description":"In diesem Tutorial erfahren Sie, wie Sie eine Excel-Datei als makrof\u00e4hige Arbeitsmappe speichern.","breadcrumb":{"@id":"https:\/\/exceladvisor.org\/de\/aktive-arbeitsmappe-per-makro\/#breadcrumb"},"inLanguage":"de","potentialAction":[{"@type":"ReadAction","target":["https:\/\/exceladvisor.org\/de\/aktive-arbeitsmappe-per-makro\/"]}]},{"@type":"ImageObject","inLanguage":"de","@id":"https:\/\/exceladvisor.org\/de\/aktive-arbeitsmappe-per-makro\/#primaryimage","url":"https:\/\/exceladvisor.org\/wp-content\/uploads\/2023\/08\/1-macro-decriture.png","contentUrl":"https:\/\/exceladvisor.org\/wp-content\/uploads\/2023\/08\/1-macro-decriture.png"},{"@type":"BreadcrumbList","@id":"https:\/\/exceladvisor.org\/de\/aktive-arbeitsmappe-per-makro\/#breadcrumb","itemListElement":[{"@type":"ListItem","position":1,"name":"Accueil","item":"https:\/\/exceladvisor.org\/de\/"},{"@type":"ListItem","position":2,"name":"Wie speichere ich eine makrof\u00e4hige datei?"}]},{"@type":"WebSite","@id":"https:\/\/exceladvisor.org\/de\/#website","url":"https:\/\/exceladvisor.org\/de\/","name":"Excel Advisor","description":"Ihr Leitfaden zur Datendominanz","publisher":{"@id":"https:\/\/exceladvisor.org\/de\/#organization"},"potentialAction":[{"@type":"SearchAction","target":{"@type":"EntryPoint","urlTemplate":"https:\/\/exceladvisor.org\/de\/?s={search_term_string}"},"query-input":{"@type":"PropertyValueSpecification","valueRequired":true,"valueName":"search_term_string"}}],"inLanguage":"de"},{"@type":"Organization","@id":"https:\/\/exceladvisor.org\/de\/#organization","name":"Excel Advisor","url":"https:\/\/exceladvisor.org\/de\/","logo":{"@type":"ImageObject","inLanguage":"de","@id":"https:\/\/exceladvisor.org\/de\/#\/schema\/logo\/image\/","url":"https:\/\/exceladvisor.org\/de\/wp-content\/uploads\/2023\/11\/exceladvisor.org_.png","contentUrl":"https:\/\/exceladvisor.org\/de\/wp-content\/uploads\/2023\/11\/exceladvisor.org_.png","width":105,"height":36,"caption":"Excel Advisor"},"image":{"@id":"https:\/\/exceladvisor.org\/de\/#\/schema\/logo\/image\/"}}]}},"yoast_meta":{"yoast_wpseo_title":"","yoast_wpseo_metadesc":"","yoast_wpseo_canonical":""},"_links":{"self":[{"href":"https:\/\/exceladvisor.org\/de\/wp-json\/wp\/v2\/pages\/3645","targetHints":{"allow":["GET"]}}],"collection":[{"href":"https:\/\/exceladvisor.org\/de\/wp-json\/wp\/v2\/pages"}],"about":[{"href":"https:\/\/exceladvisor.org\/de\/wp-json\/wp\/v2\/types\/page"}],"author":[{"embeddable":true,"href":"https:\/\/exceladvisor.org\/de\/wp-json\/wp\/v2\/users\/1"}],"replies":[{"embeddable":true,"href":"https:\/\/exceladvisor.org\/de\/wp-json\/wp\/v2\/comments?post=3645"}],"version-history":[{"count":1,"href":"https:\/\/exceladvisor.org\/de\/wp-json\/wp\/v2\/pages\/3645\/revisions"}],"predecessor-version":[{"id":4194,"href":"https:\/\/exceladvisor.org\/de\/wp-json\/wp\/v2\/pages\/3645\/revisions\/4194"}],"wp:attachment":[{"href":"https:\/\/exceladvisor.org\/de\/wp-json\/wp\/v2\/media?parent=3645"}],"curies":[{"name":"wp","href":"https:\/\/api.w.org\/{rel}","templated":true}]}}