{"id":3647,"date":"2023-09-28T18:12:05","date_gmt":"2023-09-28T18:12:05","guid":{"rendered":"https:\/\/exceladvisor.org\/de\/text-umbrechen-1\/"},"modified":"2023-12-03T13:05:23","modified_gmt":"2023-12-03T13:05:23","slug":"text-umbrechen-1","status":"publish","type":"page","link":"https:\/\/exceladvisor.org\/de\/text-umbrechen-1\/","title":{"rendered":"Wie verwende ich wrap text \u00fcberall \u00fcber vba?"},"content":{"rendered":"<div class=\"excel-vor-dem-inhalt\" id=\"excel-2220258162\"><script type=\"text\/javascript\">\r\n\tatOptions = {\r\n\t\t'key' : 'c1158f160081d6540a8409e6925dab94',\r\n\t\t'format' : 'iframe',\r\n\t\t'height' : 250,\r\n\t\t'width' : 300,\r\n\t\t'params' : {}\r\n\t};\r\n<\/script>\r\n<script type=\"text\/javascript\" src=\"\/\/www.highperformanceformat.com\/c1158f160081d6540a8409e6925dab94\/invoke.js\"><\/script><\/div> <p>In VBA gibt es eine Eigenschaft namens \u201eWrapText\u201c, auf die Sie zugreifen k\u00f6nnen, um Umbruchtext auf eine Zelle oder einen Zellbereich anzuwenden. Sie m\u00fcssen Code schreiben, um es zu aktivieren oder zu deaktivieren. Da es sich um eine Lese- und Schreibeigenschaft handelt, k\u00f6nnen Sie sie anwenden oder auch abrufen, wenn sie auf eine Zelle angewendet wird.<\/p><p> In diesem Tutorial sehen wir uns verschiedene M\u00f6glichkeiten zum Anwenden von Umbruchtext mithilfe von VBA-Code an.<\/p><h2 class=\"wp-block-heading\"> Text in einer Zelle mit VBA umbrechen<\/h2><p> F\u00fchren Sie die folgenden Schritte aus, um Zeilenumbruch mithilfe von VBA-Code anzuwenden.<\/p><ol><li> Definieren Sie die Zelle, in der Sie den Umbruchtext anwenden m\u00f6chten, mithilfe der <a href=\"https:\/\/exceladvisor.org\/de\/bereich-1\/\">Range-Eigenschaft<\/a> .<\/li><li> Geben Sie einen Punkt ein, um die Liste der <a href=\"https:\/\/exceladvisor.org\/de\/objekte\/\">Eigenschaften und Methoden<\/a> f\u00fcr diese Zelle anzuzeigen.<\/li><li> W\u00e4hlen Sie die Eigenschaft \u201eWrapText\u201c aus der Liste aus.<\/li><li> Geben Sie das Gleichheitszeichen \u201e=\u201c ein und geben Sie TRUE ein, um den Zeilenumbruch zu aktivieren.<\/li><\/ol><pre class=\"wp-block-code\"> <code class=\"language-visual-basic\" lang=\"visual-basic\">Sub vba_wrap_text() Range(\"A1\").WrapText = True End Sub<\/code><\/pre><p> Sie k\u00f6nnen eine Zelle auch auf folgende Weise angeben.<\/p><pre class=\"wp-block-code\"> <code class=\"language-visual-basic\" lang=\"visual-basic\">Cells(1, 1).WrapText = True<\/code><\/pre><h2 class=\"wp-block-heading\"> Text in einer Zellreihe umbrechen<\/h2><p> Und wenn Sie Umbruchtext auf einen gesamten Bereich anwenden m\u00f6chten, m\u00fcssen Sie den Bereich anstelle einer einzelnen Zelle angeben.<\/p><pre class=\"wp-block-code\"> <code class=\"language-visual-basic\" lang=\"visual-basic\">Range(\"A1:A5\").WrapText = True<\/code><\/pre><p> Sie k\u00f6nnen es auch auf den verwendeten Bereich (Auswahl des Arbeitsblatts, in dem Sie Daten eingegeben haben) anwenden, indem Sie die Eigenschaft \u201eUsedRange\u201c verwenden. <\/p><pre class=\"wp-block-code\"> <code class=\"language-visual-basic\" lang=\"visual-basic\">Worksheets(\"Sheet1\").UsedRange.WrapText = True ActiveSheet.UsedRange.WrapText = True<\/code><\/pre><div class=\"wp-block-image\"><figure class=\"aligncenter size-large is-resized\"><img loading=\"lazy\" decoding=\"async\" class=\"wp-image-51968\" src=\"https:\/\/exceladvisor.org\/wp-content\/uploads\/2023\/08\/3-appliquer-le-texte-dhabillage-a-la-plage-utilisee.png\" sizes=\"auto, \" srcset=\"\" alt=\"Apply-Wrap-Text-to-used-Range\" width=\"539\" height=\"243\"><\/figure><\/div><p> In der ersten Zeile des obigen Codes haben Sie <a href=\"https:\/\/exceladvisor.org\/de\/arbeitsblatt-1\/\">das Arbeitsblatt und dann die \u201eUsedProperty\u201c zum Umbrechen des Texts angegeben<\/a> . In der zweiten Zeile sehen Sie den verwendeten Bereich <a href=\"https:\/\/exceladvisor.org\/de\/blatt-aktivieren\/\">des aktiven Blattes<\/a> . Aber beide Leitungen funktionieren gleich.<\/p><p> Hier sind ein paar weitere Beispiele, die Sie kennen sollten:<\/p><ul><li> Nicht kontinuierliche Zellen<\/li><li> Ganze Zeile<\/li><li> Ganze Kolumne<\/li><li> Benannter Bereich <\/li><\/ul><div class=\"wp-block-image\"><figure class=\"aligncenter size-large is-resized\"><img loading=\"lazy\" decoding=\"async\" class=\"wp-image-51969\" src=\"https:\/\/exceladvisor.org\/wp-content\/uploads\/2023\/08\/4-quelques-exemples-de-texte-dhabillage.png\" sizes=\"auto, \" srcset=\"\" alt=\"einige-Beispiele-f\u00fcr-Umbruchtext\" width=\"565\" height=\"289\"><\/figure><\/div><pre class=\"wp-block-code\"> <code class=\"language-visual-basic\" lang=\"visual-basic\">Range(\"A1:A10,C1:C10\").WrapText = True Range(\"A:A\").WrapText = True Range(\"1:1\").WrapText = True Range(\"myRange\").WrapText = True<\/code><\/pre><h2 class=\"wp-block-heading\"> Flie\u00dfen Sie den Text im gesamten Arbeitsblatt um<\/h2><p> Um auf das gesamte Arbeitsblatt zu verweisen, m\u00fcssen Sie die Cells-Eigenschaft wie im folgenden Code verwenden. <\/p><pre class=\"wp-block-code\"> <code class=\"language-visual-basic\" lang=\"visual-basic\">Cells.WrapText = True Worksheets(\"Sheet1\").Cells.WrapText = True<\/code><\/pre><div class=\"wp-block-image\"><figure class=\"aligncenter size-large is-resized\"><img loading=\"lazy\" decoding=\"async\" class=\"wp-image-51970\" src=\"https:\/\/exceladvisor.org\/wp-content\/uploads\/2023\/08\/5-envelopper-le-texte-dans-toute-la-feuille-de-calcul.png\" sizes=\"auto, \" srcset=\"\" alt=\"Text in das gesamte Arbeitsblatt umbrechen\" width=\"531\" height=\"219\"><\/figure><\/div><p> Die erste Codezeile bezieht sich auf das aktive Blatt und die zweite Zeile bezieht sich auf das Arbeitsblatt \u201eSheet1\u201c. Sie k\u00f6nnen auch eine Schleife mit <a href=\"https:\/\/exceladvisor.org\/de\/fur-die-schleife\/\">FOR EACH (For Next)<\/a> verwenden, um <a href=\"https:\/\/exceladvisor.org\/de\/schleifenblatter\/\">alle Arbeitsbl\u00e4tter in der Arbeitsmappe zu durchlaufen<\/a> und Umbruchtext auf alle Zellen anzuwenden. <\/p><div class=\"wp-block-image\"><figure class=\"aligncenter size-large is-resized\"><img loading=\"lazy\" decoding=\"async\" class=\"wp-image-51971\" src=\"https:\/\/exceladvisor.org\/wp-content\/uploads\/2023\/08\/6-boucle-a-utiliser-pour-appliquer-le-texte-dhabillage.png\" sizes=\"auto, \" srcset=\"\" alt=\"Schleife zum Anwenden von Umbruchtext\" width=\"495\" height=\"301\"><\/figure><\/div><pre class=\"wp-block-code\"> <code class=\"language-visual-basic\" lang=\"visual-basic\">Dim ws As Worksheet For Each ws In ActiveWorkbook.Worksheets Cells.WrapText = True Next ws<\/code><\/pre><p> Im obigen Code haben Sie \u201ews\u201c als <a href=\"https:\/\/exceladvisor.org\/de\/variablen\/\">Variable<\/a> , dann durchl\u00e4uft die For Each-Schleife alle Arbeitsbl\u00e4tter in der Arbeitsmappe und wendet an, um den Text des gesamten Arbeitsblatts mithilfe von Zellen zu umbrechen.<\/p><h2 class=\"wp-block-heading\"> WrapText deaktivieren<\/h2><p> Wie Sie gesehen haben, m\u00fcssen Sie die WrapText-Eigenschaft aktivieren und k\u00f6nnen sie auf \u00e4hnliche Weise deaktivieren, indem Sie add als FALSE deklarieren.<\/p><pre class=\"wp-block-code\"> <code class=\"language-visual-basic\" lang=\"visual-basic\">Range(\"A1\").WrapText = False<\/code><\/pre><p class=\"qt-tip\"> <strong>Hinweis:<\/strong> Es gibt eine Sache, die Sie verstehen m\u00fcssen: Wenn Sie einen Wert in einer Zelle haben und die Zellenbreite ausreicht, um diesen Wert zu speichern <a href=\"https:\/\/exceladvisor.org\/de\/neue-zeile\/\">, verschiebt Excel den Inhalt nicht in die n\u00e4chste Zeile,<\/a> selbst wenn Sie Text auf die Zeile anwenden.<\/p><div class=\"gb-container gb-container-4db6181c gb-container-mt\"> <a class=\"gb-button gb-button-c5897111 gb-button-text gb-button-mt-button\" href=\"https:\/\/exceladvisor.org\/de\/vba\/\">Was ist VBA<\/a><h2 class=\"gb-headline gb-headline-665e5f6b gb-headline-text gb-headline-mt-heading\"> Verwandte Tutorials <\/h2><div class=\"gb-grid-wrapper gb-grid-wrapper-a20baf7c gb-grid-wrapper-mt-grid\"><div class=\"gb-grid-column gb-grid-column-65ddf67e\"><div class=\"gb-container gb-container-65ddf67e\"><ul><li> <a href=\"https:\/\/exceladvisor.org\/de\/anzahl-der-zeilen\/\">Z\u00e4hlen Sie Zeilen mit VBA in Excel<\/a><\/li><li> <a href=\"https:\/\/exceladvisor.org\/de\/zeichenschrift\/\">Excel VBA-Schriftart (Farbe, Gr\u00f6\u00dfe, Typ und Fett)<\/a><\/li><li> <a href=\"https:\/\/exceladvisor.org\/de\/spaltenzeile-ausblenden-und-anzeigen\/\">Excel VBA Eine Spalte oder Zeile ein- und ausblenden<\/a><\/li><li> <a href=\"https:\/\/exceladvisor.org\/de\/bereich-1\/\">Excel VBA-Bereich \u2013 Arbeiten mit Bereichen und Zellen<\/a><\/li><li> <a href=\"https:\/\/exceladvisor.org\/de\/grenzen\/\">Wenden Sie mit VBA in Excel Rahmen auf eine Zelle an<\/a> <\/li><\/ul><\/div><\/div><div class=\"gb-grid-column gb-grid-column-50067b57\"><div class=\"gb-container gb-container-50067b57\"><\/div><\/div><\/div><\/div>","protected":false},"excerpt":{"rendered":"","protected":false},"author":1,"featured_media":0,"parent":0,"menu_order":0,"comment_status":"open","ping_status":"closed","template":"","meta":{"ub_ctt_via":"","footnotes":""},"class_list":["post-3647","page","type-page","status-publish","hentry"],"featured_image_src":null,"yoast_head":"<!-- This site is optimized with the Yoast SEO plugin v25.4 - https:\/\/yoast.com\/wordpress\/plugins\/seo\/ -->\n<title>Wie verwende ich Wrap Text \u00fcberall \u00fcber VBA? - Excel-Berater<\/title>\n<meta name=\"description\" content=\"Dieses Tutorial zeigt, wie Sie VBA-Code schreiben, um Text in einer Zelle, einem Bereich und einem gesamten Arbeitsblatt umzubrechen.\" \/>\n<meta name=\"robots\" content=\"index, follow, max-snippet:-1, max-image-preview:large, max-video-preview:-1\" \/>\n<link rel=\"canonical\" href=\"https:\/\/exceladvisor.org\/de\/text-umbrechen-1\/\" \/>\n<meta property=\"og:locale\" content=\"de_DE\" \/>\n<meta property=\"og:type\" content=\"article\" \/>\n<meta property=\"og:title\" content=\"Wie verwende ich Wrap Text \u00fcberall \u00fcber VBA? - Excel-Berater\" \/>\n<meta property=\"og:description\" content=\"Dieses Tutorial zeigt, wie Sie VBA-Code schreiben, um Text in einer Zelle, einem Bereich und einem gesamten Arbeitsblatt umzubrechen.\" \/>\n<meta property=\"og:url\" content=\"https:\/\/exceladvisor.org\/de\/text-umbrechen-1\/\" \/>\n<meta property=\"og:site_name\" content=\"Excel Advisor\" \/>\n<meta property=\"article:modified_time\" content=\"2023-12-03T13:05:23+00:00\" \/>\n<meta property=\"og:image\" content=\"https:\/\/exceladvisor.org\/wp-content\/uploads\/2023\/08\/3-appliquer-le-texte-dhabillage-a-la-plage-utilisee.png\" \/>\n<meta name=\"twitter:card\" content=\"summary_large_image\" \/>\n<meta name=\"twitter:label1\" content=\"Gesch\u00e4tzte Lesezeit\" \/>\n\t<meta name=\"twitter:data1\" content=\"3\u00a0Minuten\" \/>\n<script type=\"application\/ld+json\" class=\"yoast-schema-graph\">{\"@context\":\"https:\/\/schema.org\",\"@graph\":[{\"@type\":\"WebPage\",\"@id\":\"https:\/\/exceladvisor.org\/de\/text-umbrechen-1\/\",\"url\":\"https:\/\/exceladvisor.org\/de\/text-umbrechen-1\/\",\"name\":\"Wie verwende ich Wrap Text \u00fcberall \u00fcber VBA? - Excel-Berater\",\"isPartOf\":{\"@id\":\"https:\/\/exceladvisor.org\/de\/#website\"},\"primaryImageOfPage\":{\"@id\":\"https:\/\/exceladvisor.org\/de\/text-umbrechen-1\/#primaryimage\"},\"image\":{\"@id\":\"https:\/\/exceladvisor.org\/de\/text-umbrechen-1\/#primaryimage\"},\"thumbnailUrl\":\"https:\/\/exceladvisor.org\/wp-content\/uploads\/2023\/08\/3-appliquer-le-texte-dhabillage-a-la-plage-utilisee.png\",\"datePublished\":\"2023-09-28T18:12:05+00:00\",\"dateModified\":\"2023-12-03T13:05:23+00:00\",\"description\":\"Dieses Tutorial zeigt, wie Sie VBA-Code schreiben, um Text in einer Zelle, einem Bereich und einem gesamten Arbeitsblatt umzubrechen.\",\"breadcrumb\":{\"@id\":\"https:\/\/exceladvisor.org\/de\/text-umbrechen-1\/#breadcrumb\"},\"inLanguage\":\"de\",\"potentialAction\":[{\"@type\":\"ReadAction\",\"target\":[\"https:\/\/exceladvisor.org\/de\/text-umbrechen-1\/\"]}]},{\"@type\":\"ImageObject\",\"inLanguage\":\"de\",\"@id\":\"https:\/\/exceladvisor.org\/de\/text-umbrechen-1\/#primaryimage\",\"url\":\"https:\/\/exceladvisor.org\/wp-content\/uploads\/2023\/08\/3-appliquer-le-texte-dhabillage-a-la-plage-utilisee.png\",\"contentUrl\":\"https:\/\/exceladvisor.org\/wp-content\/uploads\/2023\/08\/3-appliquer-le-texte-dhabillage-a-la-plage-utilisee.png\"},{\"@type\":\"BreadcrumbList\",\"@id\":\"https:\/\/exceladvisor.org\/de\/text-umbrechen-1\/#breadcrumb\",\"itemListElement\":[{\"@type\":\"ListItem\",\"position\":1,\"name\":\"Accueil\",\"item\":\"https:\/\/exceladvisor.org\/de\/\"},{\"@type\":\"ListItem\",\"position\":2,\"name\":\"Wie verwende ich wrap text \u00fcberall \u00fcber vba?\"}]},{\"@type\":\"WebSite\",\"@id\":\"https:\/\/exceladvisor.org\/de\/#website\",\"url\":\"https:\/\/exceladvisor.org\/de\/\",\"name\":\"Excel Advisor\",\"description\":\"Ihr Leitfaden zur Datendominanz\",\"publisher\":{\"@id\":\"https:\/\/exceladvisor.org\/de\/#organization\"},\"potentialAction\":[{\"@type\":\"SearchAction\",\"target\":{\"@type\":\"EntryPoint\",\"urlTemplate\":\"https:\/\/exceladvisor.org\/de\/?s={search_term_string}\"},\"query-input\":{\"@type\":\"PropertyValueSpecification\",\"valueRequired\":true,\"valueName\":\"search_term_string\"}}],\"inLanguage\":\"de\"},{\"@type\":\"Organization\",\"@id\":\"https:\/\/exceladvisor.org\/de\/#organization\",\"name\":\"Excel Advisor\",\"url\":\"https:\/\/exceladvisor.org\/de\/\",\"logo\":{\"@type\":\"ImageObject\",\"inLanguage\":\"de\",\"@id\":\"https:\/\/exceladvisor.org\/de\/#\/schema\/logo\/image\/\",\"url\":\"https:\/\/exceladvisor.org\/de\/wp-content\/uploads\/2023\/11\/exceladvisor.org_.png\",\"contentUrl\":\"https:\/\/exceladvisor.org\/de\/wp-content\/uploads\/2023\/11\/exceladvisor.org_.png\",\"width\":105,\"height\":36,\"caption\":\"Excel Advisor\"},\"image\":{\"@id\":\"https:\/\/exceladvisor.org\/de\/#\/schema\/logo\/image\/\"}}]}<\/script>\n<!-- \/ Yoast SEO plugin. -->","yoast_head_json":{"title":"Wie verwende ich Wrap Text \u00fcberall \u00fcber VBA? - Excel-Berater","description":"Dieses Tutorial zeigt, wie Sie VBA-Code schreiben, um Text in einer Zelle, einem Bereich und einem gesamten Arbeitsblatt umzubrechen.","robots":{"index":"index","follow":"follow","max-snippet":"max-snippet:-1","max-image-preview":"max-image-preview:large","max-video-preview":"max-video-preview:-1"},"canonical":"https:\/\/exceladvisor.org\/de\/text-umbrechen-1\/","og_locale":"de_DE","og_type":"article","og_title":"Wie verwende ich Wrap Text \u00fcberall \u00fcber VBA? - Excel-Berater","og_description":"Dieses Tutorial zeigt, wie Sie VBA-Code schreiben, um Text in einer Zelle, einem Bereich und einem gesamten Arbeitsblatt umzubrechen.","og_url":"https:\/\/exceladvisor.org\/de\/text-umbrechen-1\/","og_site_name":"Excel Advisor","article_modified_time":"2023-12-03T13:05:23+00:00","og_image":[{"url":"https:\/\/exceladvisor.org\/wp-content\/uploads\/2023\/08\/3-appliquer-le-texte-dhabillage-a-la-plage-utilisee.png","type":"","width":"","height":""}],"twitter_card":"summary_large_image","twitter_misc":{"Gesch\u00e4tzte Lesezeit":"3\u00a0Minuten"},"schema":{"@context":"https:\/\/schema.org","@graph":[{"@type":"WebPage","@id":"https:\/\/exceladvisor.org\/de\/text-umbrechen-1\/","url":"https:\/\/exceladvisor.org\/de\/text-umbrechen-1\/","name":"Wie verwende ich Wrap Text \u00fcberall \u00fcber VBA? - Excel-Berater","isPartOf":{"@id":"https:\/\/exceladvisor.org\/de\/#website"},"primaryImageOfPage":{"@id":"https:\/\/exceladvisor.org\/de\/text-umbrechen-1\/#primaryimage"},"image":{"@id":"https:\/\/exceladvisor.org\/de\/text-umbrechen-1\/#primaryimage"},"thumbnailUrl":"https:\/\/exceladvisor.org\/wp-content\/uploads\/2023\/08\/3-appliquer-le-texte-dhabillage-a-la-plage-utilisee.png","datePublished":"2023-09-28T18:12:05+00:00","dateModified":"2023-12-03T13:05:23+00:00","description":"Dieses Tutorial zeigt, wie Sie VBA-Code schreiben, um Text in einer Zelle, einem Bereich und einem gesamten Arbeitsblatt umzubrechen.","breadcrumb":{"@id":"https:\/\/exceladvisor.org\/de\/text-umbrechen-1\/#breadcrumb"},"inLanguage":"de","potentialAction":[{"@type":"ReadAction","target":["https:\/\/exceladvisor.org\/de\/text-umbrechen-1\/"]}]},{"@type":"ImageObject","inLanguage":"de","@id":"https:\/\/exceladvisor.org\/de\/text-umbrechen-1\/#primaryimage","url":"https:\/\/exceladvisor.org\/wp-content\/uploads\/2023\/08\/3-appliquer-le-texte-dhabillage-a-la-plage-utilisee.png","contentUrl":"https:\/\/exceladvisor.org\/wp-content\/uploads\/2023\/08\/3-appliquer-le-texte-dhabillage-a-la-plage-utilisee.png"},{"@type":"BreadcrumbList","@id":"https:\/\/exceladvisor.org\/de\/text-umbrechen-1\/#breadcrumb","itemListElement":[{"@type":"ListItem","position":1,"name":"Accueil","item":"https:\/\/exceladvisor.org\/de\/"},{"@type":"ListItem","position":2,"name":"Wie verwende ich wrap text \u00fcberall \u00fcber vba?"}]},{"@type":"WebSite","@id":"https:\/\/exceladvisor.org\/de\/#website","url":"https:\/\/exceladvisor.org\/de\/","name":"Excel Advisor","description":"Ihr Leitfaden zur Datendominanz","publisher":{"@id":"https:\/\/exceladvisor.org\/de\/#organization"},"potentialAction":[{"@type":"SearchAction","target":{"@type":"EntryPoint","urlTemplate":"https:\/\/exceladvisor.org\/de\/?s={search_term_string}"},"query-input":{"@type":"PropertyValueSpecification","valueRequired":true,"valueName":"search_term_string"}}],"inLanguage":"de"},{"@type":"Organization","@id":"https:\/\/exceladvisor.org\/de\/#organization","name":"Excel Advisor","url":"https:\/\/exceladvisor.org\/de\/","logo":{"@type":"ImageObject","inLanguage":"de","@id":"https:\/\/exceladvisor.org\/de\/#\/schema\/logo\/image\/","url":"https:\/\/exceladvisor.org\/de\/wp-content\/uploads\/2023\/11\/exceladvisor.org_.png","contentUrl":"https:\/\/exceladvisor.org\/de\/wp-content\/uploads\/2023\/11\/exceladvisor.org_.png","width":105,"height":36,"caption":"Excel Advisor"},"image":{"@id":"https:\/\/exceladvisor.org\/de\/#\/schema\/logo\/image\/"}}]}},"yoast_meta":{"yoast_wpseo_title":"","yoast_wpseo_metadesc":"","yoast_wpseo_canonical":""},"_links":{"self":[{"href":"https:\/\/exceladvisor.org\/de\/wp-json\/wp\/v2\/pages\/3647","targetHints":{"allow":["GET"]}}],"collection":[{"href":"https:\/\/exceladvisor.org\/de\/wp-json\/wp\/v2\/pages"}],"about":[{"href":"https:\/\/exceladvisor.org\/de\/wp-json\/wp\/v2\/types\/page"}],"author":[{"embeddable":true,"href":"https:\/\/exceladvisor.org\/de\/wp-json\/wp\/v2\/users\/1"}],"replies":[{"embeddable":true,"href":"https:\/\/exceladvisor.org\/de\/wp-json\/wp\/v2\/comments?post=3647"}],"version-history":[{"count":1,"href":"https:\/\/exceladvisor.org\/de\/wp-json\/wp\/v2\/pages\/3647\/revisions"}],"predecessor-version":[{"id":4391,"href":"https:\/\/exceladvisor.org\/de\/wp-json\/wp\/v2\/pages\/3647\/revisions\/4391"}],"wp:attachment":[{"href":"https:\/\/exceladvisor.org\/de\/wp-json\/wp\/v2\/media?parent=3647"}],"curies":[{"name":"wp","href":"https:\/\/api.w.org\/{rel}","templated":true}]}}