{"id":3648,"date":"2023-09-28T17:42:56","date_gmt":"2023-09-28T17:42:56","guid":{"rendered":"https:\/\/exceladvisor.org\/de\/tabellenkalkulationsfunktion\/"},"modified":"2023-12-03T13:04:33","modified_gmt":"2023-12-03T13:04:33","slug":"tabellenkalkulationsfunktion","status":"publish","type":"page","link":"https:\/\/exceladvisor.org\/de\/tabellenkalkulationsfunktion\/","title":{"rendered":"Wie verwende ich die vba-tabellenkalkulationsfunktion?"},"content":{"rendered":"<div class=\"excel-vor-dem-inhalt\" id=\"excel-3917186383\"><script type=\"text\/javascript\">\r\n\tatOptions = {\r\n\t\t'key' : 'c1158f160081d6540a8409e6925dab94',\r\n\t\t'format' : 'iframe',\r\n\t\t'height' : 250,\r\n\t\t'width' : 300,\r\n\t\t'params' : {}\r\n\t};\r\n<\/script>\r\n<script type=\"text\/javascript\" src=\"\/\/www.highperformanceformat.com\/c1158f160081d6540a8409e6925dab94\/invoke.js\"><\/script><\/div> <p class=\"wp-block-heading\"><strong>Wichtige Anmerkungen<\/strong><\/p><ul><li> Mit der WorksheetFunction-Eigenschaft k\u00f6nnen Sie auf Arbeitsblattfunktionen zur Verwendung in einem Makro zugreifen.<\/li><\/ul><h2 class=\"wp-block-heading\"> So verwenden Sie eine Arbeitsblattfunktion in VBA beim Schreiben eines Makros<\/h2><p> F\u00fchren Sie die folgenden Schritte aus, um eine Arbeitsblattfunktion in VBA zu verwenden.<\/p><ul><li> Geben Sie zun\u00e4chst die Zelle an, in die Sie die von der Funktion zur\u00fcckgegebenen Werte einf\u00fcgen m\u00f6chten. <br><img loading=\"lazy\" decoding=\"async\" title=\"1-Arbeitsblattfunktion-in-vba\" src=\"https:\/\/exceladvisor.org\/wp-content\/uploads\/2023\/08\/1-fonction-de-feuille-de-calcul-en-vba.png\" sizes=\"auto, \" srcset=\"\" alt=\"worksheet-function-in-vba\" width=\"184\" height=\"130\"><\/li><li> Verwenden Sie anschlie\u00dfend ein Gleichheitszeichen (=) und geben Sie Application.WorksheetFunction ein (wie Sie es bereits in einer Excel-Anwendung tun k\u00f6nnen, k\u00f6nnen Sie nur WorksheetFunction verwenden). <br><img loading=\"lazy\" decoding=\"async\" title=\"2-verwende-ein-Gleichheitszeichen\" src=\"https:\/\/exceladvisor.org\/wp-content\/uploads\/2023\/08\/2-utiliser-un-signe-egal.png\" sizes=\"auto, \" srcset=\"\" alt=\"use-an-equal-sign\" width=\"356\" height=\"136\"><\/li><li> Als n\u00e4chstes m\u00fcssen Sie einen Punkt (.) eingeben. Sobald Sie dies getan haben, erhalten Sie eine Liste der Funktionen, die Sie in der Tabelle haben. <br><img loading=\"lazy\" decoding=\"async\" title=\"3-Sie-m\u00fcssen-einen-Punkt-eingeben\" src=\"https:\/\/exceladvisor.org\/wp-content\/uploads\/2023\/08\/3-vous-devez-entrer-un-point.png\" sizes=\"auto, \" srcset=\"\" alt=\"you-need-to-enter-a-dot\" width=\"402\" height=\"159\"><\/li><li> Von hier aus verwenden wir die TextJoin-Funktion, um den Text in den Zellen A1 und B1 zu verbinden. Einfach so verwenden Sie eine Funktion in der Tabelle; Wenn Sie Startklammern eingeben, werden Ihnen die Argumente angezeigt, die Sie in der Zelle angeben m\u00fcssen. <br><img loading=\"lazy\" decoding=\"async\" title=\"4-verwenden Sie die Textjoin-Funktion\" src=\"https:\/\/exceladvisor.org\/wp-content\/uploads\/2023\/08\/4-utiliser-la-fonction-textjoin.png\" sizes=\"auto, \" srcset=\"\" alt=\"use-the-textjoin-function\" width=\"583\" height=\"132\"><\/li><li> Wie Sie im obigen Screenshot sehen k\u00f6nnen, wird das Argument angezeigt, das Sie angeben m\u00fcssen, nicht jedoch der Name des Arguments. Daher m\u00fcssen Sie die Argumente kennen, bevor Sie sie verwenden k\u00f6nnen. Hier sind die Argumente, die Sie in TextJoin verwenden m\u00fcssen. <br><img loading=\"lazy\" decoding=\"async\" title=\"5 Argumente vor der Verwendung von Testjoin\" src=\"https:\/\/exceladvisor.org\/wp-content\/uploads\/2023\/08\/5-argument-avant-dutiliser-testjoin.png\" sizes=\"auto, \" srcset=\"\" alt=\"arguement-before-using-testjoin\" width=\"330\" height=\"70\"><\/li><li> Geben wir nun Argumente in die Funktion ein. <br><img loading=\"lazy\" decoding=\"async\" title=\"6-Argument-in-Funktion eingeben\" src=\"https:\/\/exceladvisor.org\/wp-content\/uploads\/2023\/08\/6-entrer-un-argument-dans-la-fonction.png\" sizes=\"auto, \" srcset=\"\" alt=\"enter-arguement-in-the-function\" width=\"506\" height=\"114\"><ol><li> abgrenzen: \u00bb \u00ab<\/li><li> ignore_empty: True<\/li><li> text1: Bereich (\u201eA1\u201c)<\/li><li> text2: Bereich (\u201eB1\u201c)<\/li><\/ol><\/li><\/ul><p> Hier ist der vollst\u00e4ndige Code.<\/p><pre class=\"wp-block-code\"> <code class=\"language-visual-basic\" lang=\"visual-basic\">Sub MyMacro() Range(\"A1\") = _ Application.WorksheetFunction.TextJoin _ (\" \", True, Range(\"A2\"), Range(\"A3\")) End Sub<\/code><\/pre><p> Es gibt insgesamt 387 <a href=\"https:\/\/exceladvisor.org\/de\/excel-funktionen\/\">Arbeitsblattfunktionen<\/a> , die Sie in VBA verwenden k\u00f6nnen. Es gibt jedoch einige Funktionen (Beispiel: <a href=\"https:\/\/exceladvisor.org\/de\/excel-string-funktionen\/\">LEFT<\/a> ), die nicht verf\u00fcgbar sind.<\/p><p> Grund? <a href=\"https:\/\/exceladvisor.org\/de\/funktionen\/\">In VBA gibt es integrierte Funktionen<\/a> , die Sie beim Schreiben von VBA-Code verwenden k\u00f6nnen. Sehen wir uns an, ob Sie ein <a href=\"https:\/\/exceladvisor.org\/de\/vba-nachrichtenbox\/\">Meldungsfeld<\/a> verwenden m\u00f6chten, um den Wert einer Funktion abzurufen. Nehmen wir an, Sie m\u00f6chten den Maximalwert des Bereichs namens \u201emyValues\u201c erhalten.<\/p><p> Der Code w\u00e4re:<\/p><pre class=\"wp-block-code\"> <code class=\"language-visual-basic\" lang=\"visual-basic\">Sub MyMacro() MsgBox Prompt:=WorksheetFunction.Max(Range(\"myValues\")) End Sub<\/code><\/pre><p> Und so erhalten Sie eine Meldungsbox: <\/p><div class=\"wp-block-image\"><figure class=\"aligncenter size-large is-resized\"><img loading=\"lazy\" decoding=\"async\" class=\"wp-image-51651\" src=\"https:\/\/exceladvisor.org\/wp-content\/uploads\/2023\/08\/7-plages-nommees-myvalues.png\" sizes=\"auto, \" srcset=\"\" alt=\"benannter-Bereich-meineWerte\" width=\"345\" height=\"255\"><\/figure><\/div><h2 class=\"wp-block-heading\"> Application.WorksheetFunction vs. Application<\/h2><p> Es gibt zwei verschiedene M\u00f6glichkeiten, auf eine Arbeitsblattfunktion zu verweisen. Nachfolgend sind die beiden verschiedenen Codezeilen aufgef\u00fchrt, die dieselbe Aktivit\u00e4t ausf\u00fchren. <\/p><div class=\"wp-block-image\"><figure class=\"aligncenter size-large is-resized\"><img loading=\"lazy\" decoding=\"async\" class=\"wp-image-51652\" src=\"https:\/\/exceladvisor.org\/wp-content\/uploads\/2023\/08\/8-feuille-de-calcul-dapplication-fonction-vs-application.png\" sizes=\"auto, \" srcset=\"\" alt=\"application-worksheetfunction-vs-application\" width=\"536\" height=\"275\"><\/figure><\/div><pre class=\"wp-block-code\"> <code class=\"language-visual-basic\" lang=\"visual-basic\">Sub MyMacro() MsgBox Prompt:= _ Application.WorksheetFunction.Max(Range(\"myValues\")) MsgBox Prompt:= _ Application.Max(Range(\"myValues\")) End Sub<\/code><\/pre><p> Die Verwendung der zweiten Methode bietet jedoch einen Vorteil. Es gibt einen Fehlercode zur\u00fcck, anstatt den Fehler direkt anzuzeigen.<\/p><div class=\"gb-container gb-container-4db6181c gb-container-mt\"> <a class=\"gb-button gb-button-c5897111 gb-button-text gb-button-mt-button\" href=\"https:\/\/exceladvisor.org\/de\/vba\/\">Was ist VBA<\/a><h2 class=\"gb-headline gb-headline-665e5f6b gb-headline-text gb-headline-mt-heading\"> Verwandte Tutorials <\/h2><div class=\"gb-grid-wrapper gb-grid-wrapper-a20baf7c gb-grid-wrapper-mt-grid\"><div class=\"gb-grid-column gb-grid-column-65ddf67e\"><div class=\"gb-container gb-container-65ddf67e\"><ul><li> <a href=\"https:\/\/exceladvisor.org\/de\/durchschnitt-2\/\">Durchschnittswerte in Excel mit VBA<\/a><\/li><li> <a href=\"https:\/\/exceladvisor.org\/de\/heutiges-datum-aktuelle-uhrzeit\/\">Erhalten Sie das heutige Datum und die aktuelle Uhrzeit mit VBA<\/a><\/li><li> <a href=\"https:\/\/exceladvisor.org\/de\/summe-1\/\">Summieren Sie Werte in Excel mit VBA<\/a><\/li><li> <a href=\"https:\/\/exceladvisor.org\/de\/spiel-2\/\">Match-Funktion in VBA<\/a><\/li><li> <a href=\"https:\/\/exceladvisor.org\/de\/zufallszahl\/\">VBA-Zufallszahlen<\/a> <\/li><\/ul><\/div><\/div><div class=\"gb-grid-column gb-grid-column-50067b57\"><div class=\"gb-container gb-container-50067b57\"><\/div><\/div><\/div><\/div>","protected":false},"excerpt":{"rendered":"","protected":false},"author":1,"featured_media":0,"parent":0,"menu_order":0,"comment_status":"open","ping_status":"closed","template":"","meta":{"ub_ctt_via":"","footnotes":""},"class_list":["post-3648","page","type-page","status-publish","hentry"],"featured_image_src":null,"yoast_head":"<!-- This site is optimized with the Yoast SEO plugin v25.4 - https:\/\/yoast.com\/wordpress\/plugins\/seo\/ -->\n<title>\u25b7Wie verwende ich die VBA-Tabellenkalkulationsfunktion?<\/title>\n<meta name=\"description\" content=\"In diesem Tutorial erfahren Sie, wie Sie im VBA-Code auf die Tabellenauswertungs- und Verwendungsfunktionen zugreifen.\" \/>\n<meta name=\"robots\" content=\"index, follow, max-snippet:-1, max-image-preview:large, max-video-preview:-1\" \/>\n<link rel=\"canonical\" href=\"https:\/\/exceladvisor.org\/de\/tabellenkalkulationsfunktion\/\" \/>\n<meta property=\"og:locale\" content=\"de_DE\" \/>\n<meta property=\"og:type\" content=\"article\" \/>\n<meta property=\"og:title\" content=\"\u25b7Wie verwende ich die VBA-Tabellenkalkulationsfunktion?\" \/>\n<meta property=\"og:description\" content=\"In diesem Tutorial erfahren Sie, wie Sie im VBA-Code auf die Tabellenauswertungs- und Verwendungsfunktionen zugreifen.\" \/>\n<meta property=\"og:url\" content=\"https:\/\/exceladvisor.org\/de\/tabellenkalkulationsfunktion\/\" \/>\n<meta property=\"og:site_name\" content=\"Excel Advisor\" \/>\n<meta property=\"article:modified_time\" content=\"2023-12-03T13:04:33+00:00\" \/>\n<meta property=\"og:image\" content=\"https:\/\/exceladvisor.org\/wp-content\/uploads\/2023\/08\/1-fonction-de-feuille-de-calcul-en-vba.png\" \/>\n<meta name=\"twitter:card\" content=\"summary_large_image\" \/>\n<meta name=\"twitter:label1\" content=\"Gesch\u00e4tzte Lesezeit\" \/>\n\t<meta name=\"twitter:data1\" content=\"2\u00a0Minuten\" \/>\n<script type=\"application\/ld+json\" class=\"yoast-schema-graph\">{\"@context\":\"https:\/\/schema.org\",\"@graph\":[{\"@type\":\"WebPage\",\"@id\":\"https:\/\/exceladvisor.org\/de\/tabellenkalkulationsfunktion\/\",\"url\":\"https:\/\/exceladvisor.org\/de\/tabellenkalkulationsfunktion\/\",\"name\":\"\u25b7Wie verwende ich die VBA-Tabellenkalkulationsfunktion?\",\"isPartOf\":{\"@id\":\"https:\/\/exceladvisor.org\/de\/#website\"},\"primaryImageOfPage\":{\"@id\":\"https:\/\/exceladvisor.org\/de\/tabellenkalkulationsfunktion\/#primaryimage\"},\"image\":{\"@id\":\"https:\/\/exceladvisor.org\/de\/tabellenkalkulationsfunktion\/#primaryimage\"},\"thumbnailUrl\":\"https:\/\/exceladvisor.org\/wp-content\/uploads\/2023\/08\/1-fonction-de-feuille-de-calcul-en-vba.png\",\"datePublished\":\"2023-09-28T17:42:56+00:00\",\"dateModified\":\"2023-12-03T13:04:33+00:00\",\"description\":\"In diesem Tutorial erfahren Sie, wie Sie im VBA-Code auf die Tabellenauswertungs- und Verwendungsfunktionen zugreifen.\",\"breadcrumb\":{\"@id\":\"https:\/\/exceladvisor.org\/de\/tabellenkalkulationsfunktion\/#breadcrumb\"},\"inLanguage\":\"de\",\"potentialAction\":[{\"@type\":\"ReadAction\",\"target\":[\"https:\/\/exceladvisor.org\/de\/tabellenkalkulationsfunktion\/\"]}]},{\"@type\":\"ImageObject\",\"inLanguage\":\"de\",\"@id\":\"https:\/\/exceladvisor.org\/de\/tabellenkalkulationsfunktion\/#primaryimage\",\"url\":\"https:\/\/exceladvisor.org\/wp-content\/uploads\/2023\/08\/1-fonction-de-feuille-de-calcul-en-vba.png\",\"contentUrl\":\"https:\/\/exceladvisor.org\/wp-content\/uploads\/2023\/08\/1-fonction-de-feuille-de-calcul-en-vba.png\"},{\"@type\":\"BreadcrumbList\",\"@id\":\"https:\/\/exceladvisor.org\/de\/tabellenkalkulationsfunktion\/#breadcrumb\",\"itemListElement\":[{\"@type\":\"ListItem\",\"position\":1,\"name\":\"Accueil\",\"item\":\"https:\/\/exceladvisor.org\/de\/\"},{\"@type\":\"ListItem\",\"position\":2,\"name\":\"Wie verwende ich die vba-tabellenkalkulationsfunktion?\"}]},{\"@type\":\"WebSite\",\"@id\":\"https:\/\/exceladvisor.org\/de\/#website\",\"url\":\"https:\/\/exceladvisor.org\/de\/\",\"name\":\"Excel Advisor\",\"description\":\"Ihr Leitfaden zur Datendominanz\",\"publisher\":{\"@id\":\"https:\/\/exceladvisor.org\/de\/#organization\"},\"potentialAction\":[{\"@type\":\"SearchAction\",\"target\":{\"@type\":\"EntryPoint\",\"urlTemplate\":\"https:\/\/exceladvisor.org\/de\/?s={search_term_string}\"},\"query-input\":{\"@type\":\"PropertyValueSpecification\",\"valueRequired\":true,\"valueName\":\"search_term_string\"}}],\"inLanguage\":\"de\"},{\"@type\":\"Organization\",\"@id\":\"https:\/\/exceladvisor.org\/de\/#organization\",\"name\":\"Excel Advisor\",\"url\":\"https:\/\/exceladvisor.org\/de\/\",\"logo\":{\"@type\":\"ImageObject\",\"inLanguage\":\"de\",\"@id\":\"https:\/\/exceladvisor.org\/de\/#\/schema\/logo\/image\/\",\"url\":\"https:\/\/exceladvisor.org\/de\/wp-content\/uploads\/2023\/11\/exceladvisor.org_.png\",\"contentUrl\":\"https:\/\/exceladvisor.org\/de\/wp-content\/uploads\/2023\/11\/exceladvisor.org_.png\",\"width\":105,\"height\":36,\"caption\":\"Excel Advisor\"},\"image\":{\"@id\":\"https:\/\/exceladvisor.org\/de\/#\/schema\/logo\/image\/\"}}]}<\/script>\n<!-- \/ Yoast SEO plugin. -->","yoast_head_json":{"title":"\u25b7Wie verwende ich die VBA-Tabellenkalkulationsfunktion?","description":"In diesem Tutorial erfahren Sie, wie Sie im VBA-Code auf die Tabellenauswertungs- und Verwendungsfunktionen zugreifen.","robots":{"index":"index","follow":"follow","max-snippet":"max-snippet:-1","max-image-preview":"max-image-preview:large","max-video-preview":"max-video-preview:-1"},"canonical":"https:\/\/exceladvisor.org\/de\/tabellenkalkulationsfunktion\/","og_locale":"de_DE","og_type":"article","og_title":"\u25b7Wie verwende ich die VBA-Tabellenkalkulationsfunktion?","og_description":"In diesem Tutorial erfahren Sie, wie Sie im VBA-Code auf die Tabellenauswertungs- und Verwendungsfunktionen zugreifen.","og_url":"https:\/\/exceladvisor.org\/de\/tabellenkalkulationsfunktion\/","og_site_name":"Excel Advisor","article_modified_time":"2023-12-03T13:04:33+00:00","og_image":[{"url":"https:\/\/exceladvisor.org\/wp-content\/uploads\/2023\/08\/1-fonction-de-feuille-de-calcul-en-vba.png","type":"","width":"","height":""}],"twitter_card":"summary_large_image","twitter_misc":{"Gesch\u00e4tzte Lesezeit":"2\u00a0Minuten"},"schema":{"@context":"https:\/\/schema.org","@graph":[{"@type":"WebPage","@id":"https:\/\/exceladvisor.org\/de\/tabellenkalkulationsfunktion\/","url":"https:\/\/exceladvisor.org\/de\/tabellenkalkulationsfunktion\/","name":"\u25b7Wie verwende ich die VBA-Tabellenkalkulationsfunktion?","isPartOf":{"@id":"https:\/\/exceladvisor.org\/de\/#website"},"primaryImageOfPage":{"@id":"https:\/\/exceladvisor.org\/de\/tabellenkalkulationsfunktion\/#primaryimage"},"image":{"@id":"https:\/\/exceladvisor.org\/de\/tabellenkalkulationsfunktion\/#primaryimage"},"thumbnailUrl":"https:\/\/exceladvisor.org\/wp-content\/uploads\/2023\/08\/1-fonction-de-feuille-de-calcul-en-vba.png","datePublished":"2023-09-28T17:42:56+00:00","dateModified":"2023-12-03T13:04:33+00:00","description":"In diesem Tutorial erfahren Sie, wie Sie im VBA-Code auf die Tabellenauswertungs- und Verwendungsfunktionen zugreifen.","breadcrumb":{"@id":"https:\/\/exceladvisor.org\/de\/tabellenkalkulationsfunktion\/#breadcrumb"},"inLanguage":"de","potentialAction":[{"@type":"ReadAction","target":["https:\/\/exceladvisor.org\/de\/tabellenkalkulationsfunktion\/"]}]},{"@type":"ImageObject","inLanguage":"de","@id":"https:\/\/exceladvisor.org\/de\/tabellenkalkulationsfunktion\/#primaryimage","url":"https:\/\/exceladvisor.org\/wp-content\/uploads\/2023\/08\/1-fonction-de-feuille-de-calcul-en-vba.png","contentUrl":"https:\/\/exceladvisor.org\/wp-content\/uploads\/2023\/08\/1-fonction-de-feuille-de-calcul-en-vba.png"},{"@type":"BreadcrumbList","@id":"https:\/\/exceladvisor.org\/de\/tabellenkalkulationsfunktion\/#breadcrumb","itemListElement":[{"@type":"ListItem","position":1,"name":"Accueil","item":"https:\/\/exceladvisor.org\/de\/"},{"@type":"ListItem","position":2,"name":"Wie verwende ich die vba-tabellenkalkulationsfunktion?"}]},{"@type":"WebSite","@id":"https:\/\/exceladvisor.org\/de\/#website","url":"https:\/\/exceladvisor.org\/de\/","name":"Excel Advisor","description":"Ihr Leitfaden zur Datendominanz","publisher":{"@id":"https:\/\/exceladvisor.org\/de\/#organization"},"potentialAction":[{"@type":"SearchAction","target":{"@type":"EntryPoint","urlTemplate":"https:\/\/exceladvisor.org\/de\/?s={search_term_string}"},"query-input":{"@type":"PropertyValueSpecification","valueRequired":true,"valueName":"search_term_string"}}],"inLanguage":"de"},{"@type":"Organization","@id":"https:\/\/exceladvisor.org\/de\/#organization","name":"Excel Advisor","url":"https:\/\/exceladvisor.org\/de\/","logo":{"@type":"ImageObject","inLanguage":"de","@id":"https:\/\/exceladvisor.org\/de\/#\/schema\/logo\/image\/","url":"https:\/\/exceladvisor.org\/de\/wp-content\/uploads\/2023\/11\/exceladvisor.org_.png","contentUrl":"https:\/\/exceladvisor.org\/de\/wp-content\/uploads\/2023\/11\/exceladvisor.org_.png","width":105,"height":36,"caption":"Excel Advisor"},"image":{"@id":"https:\/\/exceladvisor.org\/de\/#\/schema\/logo\/image\/"}}]}},"yoast_meta":{"yoast_wpseo_title":"","yoast_wpseo_metadesc":"","yoast_wpseo_canonical":""},"_links":{"self":[{"href":"https:\/\/exceladvisor.org\/de\/wp-json\/wp\/v2\/pages\/3648","targetHints":{"allow":["GET"]}}],"collection":[{"href":"https:\/\/exceladvisor.org\/de\/wp-json\/wp\/v2\/pages"}],"about":[{"href":"https:\/\/exceladvisor.org\/de\/wp-json\/wp\/v2\/types\/page"}],"author":[{"embeddable":true,"href":"https:\/\/exceladvisor.org\/de\/wp-json\/wp\/v2\/users\/1"}],"replies":[{"embeddable":true,"href":"https:\/\/exceladvisor.org\/de\/wp-json\/wp\/v2\/comments?post=3648"}],"version-history":[{"count":1,"href":"https:\/\/exceladvisor.org\/de\/wp-json\/wp\/v2\/pages\/3648\/revisions"}],"predecessor-version":[{"id":4343,"href":"https:\/\/exceladvisor.org\/de\/wp-json\/wp\/v2\/pages\/3648\/revisions\/4343"}],"wp:attachment":[{"href":"https:\/\/exceladvisor.org\/de\/wp-json\/wp\/v2\/media?parent=3648"}],"curies":[{"name":"wp","href":"https:\/\/api.w.org\/{rel}","templated":true}]}}