{"id":3649,"date":"2023-09-28T17:33:35","date_gmt":"2023-09-28T17:33:35","guid":{"rendered":"https:\/\/exceladvisor.org\/de\/mit\/"},"modified":"2023-12-03T13:04:54","modified_gmt":"2023-12-03T13:04:54","slug":"mit","status":"publish","type":"page","link":"https:\/\/exceladvisor.org\/de\/mit\/","title":{"rendered":"Wie verwende ich eine verschachtelte vba with-anweisung?"},"content":{"rendered":"<div class=\"excel-vor-dem-inhalt\" id=\"excel-3269838719\"><script type=\"text\/javascript\">\r\n\tatOptions = {\r\n\t\t'key' : 'c1158f160081d6540a8409e6925dab94',\r\n\t\t'format' : 'iframe',\r\n\t\t'height' : 250,\r\n\t\t'width' : 300,\r\n\t\t'params' : {}\r\n\t};\r\n<\/script>\r\n<script type=\"text\/javascript\" src=\"\/\/www.highperformanceformat.com\/c1158f160081d6540a8409e6925dab94\/invoke.js\"><\/script><\/div> <p class=\"wp-block-heading\"><strong>Wichtige Punkte<\/strong><\/p><ul><li> <em>Verwenden Sie die VBA-With-Anweisung, um den Code zu minimieren.<\/em><\/li><li> <em>Bei Verwendung der With-Anweisung k\u00f6nnen Sie jeweils nur ein Objekt gleichzeitig verwenden.<\/em><\/li><\/ul><h2 class=\"wp-block-heading\"> Was ist VBA mit Deklaration<\/h2><p> VBA With ist eine Anweisung zum einmaligen Angeben eines Objekts und zum anschlie\u00dfenden Ausf\u00fchren mehrerer Anweisungen daf\u00fcr. Mit einfachen Worten: Verwenden Sie die \u201eWITH\u201c-Anweisung, um ein Objekt anzugeben. Anschlie\u00dfend k\u00f6nnen Sie auf alle Eigenschaften und Methoden auf einmal zugreifen. Es beginnt mit \u201eMit\u201c und endet mit \u201eEnde mit\u201c.<\/p><h2 class=\"wp-block-heading\"> Syntax von VBA mit Anweisung<\/h2><p> Hier ist die Syntax, die Sie verwenden m\u00fcssen, um die With-Anweisung in VBA zu verwenden: <\/p><pre class=\"wp-block-code\"> <code class=\"language-visual-basic\" lang=\"visual-basic\">With [OBJECT] [Statement] End With<\/code><\/pre><div class=\"wp-block-image\"><figure class=\"aligncenter size-large is-resized\"><img loading=\"lazy\" decoding=\"async\" class=\"wp-image-51528\" src=\"https:\/\/exceladvisor.org\/wp-content\/uploads\/2023\/08\/1-syntaxe-de-vba-avec-instruction.png\" sizes=\"auto, \" srcset=\"\" alt=\"VBA-Syntax-mit-Anweisung\" width=\"340\" height=\"257\"><\/figure><\/div><ol><li> <strong>With<\/strong> : Dies ist das Startschl\u00fcsselwort der Anweisung, das VBA mitteilt, dass Sie das erw\u00e4hnte Objekt angeben.<\/li><li> <strong>Objekt<\/strong> : Hier m\u00fcssen Sie das Objekt angeben, das Sie verwenden m\u00f6chten.<\/li><li> <strong>Anweisung<\/strong> : Eine oder mehrere Anweisungen, die Sie mit dem angegebenen Objekt ausf\u00fchren m\u00f6chten.<\/li><li> <strong>End With<\/strong> : Dies ist das Endschl\u00fcsselwort der Anweisung.<\/li><\/ol><h2 class=\"wp-block-heading\"> Beispiel zum Verst\u00e4ndnis der VBA With-Anweisung<\/h2><p> Nehmen wir zum Verst\u00e4ndnis die ausf\u00fchrliche Aussage als Beispiel. Angenommen, Sie m\u00f6chten die Schriftfarbe, -gr\u00f6\u00dfe und den Namen der Zelle A1 \u00e4ndern. Um diese drei Dinge zu tun, m\u00fcssen Sie auf drei verschiedene <a href=\"https:\/\/exceladvisor.org\/de\/zeichenschrift\/\">VBA-<\/a> Schriftarteneigenschaften zugreifen und der Code w\u00e4re:<\/p><pre class=\"wp-block-code\"> <code class=\"language-visual-basic\" lang=\"visual-basic\">Range(\"A1\").Font.Color = RGB(0, 0, 255) Range(\"A1\").Font.Size = 16 Range(\"A1\").Font.Name = \"Consolas\"<\/code><\/pre><p> Aber hier werden wir die With-Anweisung anstelle des obigen Codes verwenden. Um die VBA With-Anweisung zu verwenden, k\u00f6nnen Sie die folgenden Schritte ausf\u00fchren:<\/p><ol><li> Geben Sie zun\u00e4chst auf der Tastatur \u201eMit\u201c ein.<\/li><li> Verwenden Sie anschlie\u00dfend den VBA-Bereich, um Zelle A1 anzugeben, und verwenden Sie das Schriftartobjekt, um das Schriftartobjekt anzugeben. <br><img loading=\"lazy\" decoding=\"async\" title=\"2-use-vba-range\" src=\"https:\/\/exceladvisor.org\/wp-content\/uploads\/2023\/08\/2-utiliser-la-gamme-vba.png\" sizes=\"auto, \" srcset=\"\" alt=\"use-the-vba-range\" width=\"336\" height=\"202\"><\/li><li> Als n\u00e4chstes m\u00fcssen Sie den Code f\u00fcr die drei Eigenschaften und die Werte eingeben, die Sie anwenden m\u00f6chten. <br><img loading=\"lazy\" decoding=\"async\" title=\"3-Code-f\u00fcr-die-drei-Eigenschaften\" src=\"https:\/\/exceladvisor.org\/wp-content\/uploads\/2023\/08\/3-code-pour-les-trois-proprietes.png\" sizes=\"auto, \" srcset=\"\" alt=\"code-for-all-three-properties\" width=\"337\" height=\"209\"><\/li><li> Verwenden Sie am Ende das Schl\u00fcsselwort \u201eEnd With\u201c, um die Anweisung zu beenden. <br><img loading=\"lazy\" decoding=\"async\" title=\"4-end-with-to-end-the-Anweisung\" src=\"https:\/\/exceladvisor.org\/wp-content\/uploads\/2023\/08\/4-fin-avec-pour-terminer-linstruction.png\" sizes=\"auto, \" srcset=\"\" alt=\"end-with-to-end-the-statement\" width=\"331\" height=\"258\"><\/li><\/ol><p> Hier ist der Code, den Sie gerade geschrieben haben.<\/p><pre class=\"wp-block-code\"> <code class=\"language-visual-basic\" lang=\"visual-basic\">Sub MyMacro() With Range(\"A1\").Font .Color = RGB(0, 0, 255) .Size = 16 .Name = \"Consolas\" End With End Sub<\/code><\/pre><p> Schauen wir uns nun beide Codes an und versuchen zu verstehen, was der Unterschied ist, den wir bei der Verwendung der \u201eWith\u201c-Anweisung haben. <\/p><div class=\"wp-block-image\"><figure class=\"aligncenter size-large is-resized\"><img loading=\"lazy\" decoding=\"async\" class=\"wp-image-51532\" src=\"https:\/\/exceladvisor.org\/wp-content\/uploads\/2023\/08\/5-regardez-les-deux-codes.png\" sizes=\"auto, \" srcset=\"\" alt=\"Schauen Sie sich die beiden Codes an\" width=\"596\" height=\"404\"><\/figure><\/div><p> Im ersten Code haben Sie das Schriftartobjekt dreimal und dann die Eigenschaft verwendet, auf die Sie zugreifen und an der Sie \u00c4nderungen vornehmen m\u00f6chten.<\/p><p> Aber im zweiten Code haben Sie die With-Anweisung verwendet und sofort das Schriftartobjekt angegeben. Und dann drei Codezeilen in der \u201eWith\u201c-Anweisung, um auf die drei Eigenschaften zuzugreifen.<\/p><p> Wenn Sie die \u201eWith\u201c-Anweisung verwenden und ein Objekt angeben, teilt es VBA mit, dass alle von Ihnen geschriebenen Anweisungen mit dem genannten Objekt ausgef\u00fchrt werden sollen. Dadurch erhalten Sie nicht nur strukturierten Code, sondern beschleunigen auch die Ausf\u00fchrung eines Makros und sorgen f\u00fcr eine h\u00f6here Effizienz.<\/p><h2 class=\"wp-block-heading\"> Mit Anweisung verschachtelt<\/h2><p> Ich habe Ihnen am Anfang gesagt, dass Sie nur ein Objekt angeben k\u00f6nnen, um die With-Anweisung zu verwenden. Aber es gibt eine M\u00f6glichkeit, mehr als einen oder sogar mehrere Artikel damit zu verwenden. Dies verwendet <a href=\"https:\/\/exceladvisor.org\/de\/schleifen\/\">VBA LOOPS<\/a> und wir werden FOR EACH LOOP verwenden, um mehrere Objekte zu durchlaufen und das \u201eWith\u201c zu verwenden.<\/p><p> Lassen Sie mich Ihnen ein Beispiel geben; Sie m\u00fcssen alle Arbeitsbl\u00e4tter durchgehen und alle folgenden Dinge auf alle Zellen in jedem Arbeitsblatt anwenden.<\/p><ul><li> <strong>Schriftgr\u00f6\u00dfe: 16<\/strong><\/li><li> <strong>Schriftart: Verdena<\/strong><\/li><\/ul><p> Und in der Arbeitsmappe gibt es f\u00fcnf Arbeitsbl\u00e4tter, wie im folgenden Beispiel: <\/p><div class=\"wp-block-image\"><figure class=\"aligncenter size-large is-resized\"><img loading=\"lazy\" decoding=\"async\" class=\"wp-image-51533\" src=\"https:\/\/exceladvisor.org\/wp-content\/uploads\/2023\/08\/6-imbriques-avec-declaration.png\" sizes=\"auto, \" srcset=\"\" alt=\"nested-with-Anweisung\" width=\"515\" height=\"198\"><\/figure><\/div><p> <strong>F\u00fchren Sie die folgenden Schritte aus, um eine verschachtelte \u201eWith\u201c-Anweisung zu schreiben.<\/strong><\/p><ol><li> Zun\u00e4chst m\u00fcssen Sie eine Variable deklarieren, um ein Arbeitsblattobjekt verwenden zu k\u00f6nnen. <br><img loading=\"lazy\" decoding=\"async\" title=\"7 Schritte zum verschachtelten Schreiben\" src=\"https:\/\/exceladvisor.org\/wp-content\/uploads\/2023\/08\/7-etapes-pour-ecrire-imbrique.png\" sizes=\"auto, \" srcset=\"\" alt=\"steps-to-write-nested\" width=\"327\" height=\"212\"><\/li><li> Danach m\u00fcssen Sie, wie gesagt, <a href=\"https:\/\/exceladvisor.org\/de\/fur-die-schleife\/\">For Each Loop<\/a> verwenden. Sie m\u00fcssen also einen Code mit der Schleife schreiben, der <a href=\"https:\/\/exceladvisor.org\/de\/schleifenblatter\/\">alle Arbeitsbl\u00e4tter durchlaufen<\/a> kann. <br><img loading=\"lazy\" decoding=\"async\" title=\"8-Code-mit-der-Schleife schreiben\" src=\"https:\/\/exceladvisor.org\/wp-content\/uploads\/2023\/08\/8-ecrire-du-code-avec-la-boucle.png\" sizes=\"auto, \" srcset=\"\" alt=\"write-code-with-the-loop\" width=\"400\" height=\"238\"><\/li><li> Geben Sie nun die with-Anweisung ein, die die oben besprochene <a href=\"https:\/\/exceladvisor.org\/de\/zeichenschrift\/\">Schriftarteinstellung<\/a> anwenden kann. Um <a href=\"https:\/\/exceladvisor.org\/de\/wahlen-sie-alle\/\">auf alle Zellen im Arbeitsblatt zu verweisen<\/a> , k\u00f6nnen Sie bei der Angabe des Betreffs \u201eZellen\u201c verwenden. <br><img loading=\"lazy\" decoding=\"async\" title=\"9-Zellen-beim-Angeben-des-Objekts verwenden\" src=\"https:\/\/exceladvisor.org\/wp-content\/uploads\/2023\/08\/9-utiliser-des-cellules-tout-en-specifiant-lobjet.png\" sizes=\"auto, \" srcset=\"\" alt=\"use-cells-while-specifing-the-object\" width=\"383\" height=\"304\"><\/li><\/ol><p> Hier ist der vollst\u00e4ndige Code, den Sie gerade geschrieben haben.<\/p><pre class=\"wp-block-code\"> <code class=\"language-visual-basic\" lang=\"visual-basic\">Sub MyMacro() Dim ws As Worksheet For Each ws In ActiveWorkbook.Worksheets With Cells .Font.Size = 16 .Font.Name = \"Verdena\" End With Next ws End Sub<\/code><\/pre><div class=\"gb-container gb-container-4db6181c gb-container-mt\"> <a class=\"gb-button gb-button-c5897111 gb-button-text gb-button-mt-button\" href=\"https:\/\/exceladvisor.org\/de\/vba\/\">Was ist VBA<\/a><h2 class=\"gb-headline gb-headline-665e5f6b gb-headline-text gb-headline-mt-heading\"> Verwandte Tutorials <\/h2><div class=\"gb-grid-wrapper gb-grid-wrapper-a20baf7c gb-grid-wrapper-mt-grid\"><div class=\"gb-grid-column gb-grid-column-65ddf67e\"><div class=\"gb-container gb-container-65ddf67e\"><ul><li> <a href=\"https:\/\/exceladvisor.org\/de\/interview-fragen\/\">Fragen zum VBA-Interview<\/a><\/li><li> <a href=\"https:\/\/exceladvisor.org\/de\/kommentar\/\">F\u00fcgen Sie einen Kommentar im VBA-Code hinzu<\/a><\/li><li> <a href=\"https:\/\/exceladvisor.org\/de\/zeilenumbruch\/\">F\u00fcgen Sie einen Zeilenumbruch im VBA-Code hinzu<\/a><\/li><li> <a href=\"https:\/\/exceladvisor.org\/de\/neue-zeile\/\">F\u00fcgen Sie in VBA einer Zeichenfolge eine neue Zeile (Wagenr\u00fccklauf) hinzu<\/a><\/li><li> <a href=\"https:\/\/exceladvisor.org\/de\/ein-makro-ausfuhren-2\/\">F\u00fchren Sie ein Makro in Excel aus (VBA-Code ausf\u00fchren)<\/a><\/li><\/ul><\/div><\/div><\/div><\/div>","protected":false},"excerpt":{"rendered":"","protected":false},"author":1,"featured_media":0,"parent":0,"menu_order":0,"comment_status":"open","ping_status":"closed","template":"","meta":{"ub_ctt_via":"","footnotes":""},"class_list":["post-3649","page","type-page","status-publish","hentry"],"featured_image_src":null,"yoast_head":"<!-- This site is optimized with the Yoast SEO plugin v25.4 - https:\/\/yoast.com\/wordpress\/plugins\/seo\/ -->\n<title>\u25b7 Wie verwende ich eine verschachtelte VBA WITH-Anweisung?<\/title>\n<meta name=\"description\" content=\"Mit der \u201eWith\u201c-Anweisung k\u00f6nnen Sie ein Objekt einmal angeben und dann mehrere Anweisungen daf\u00fcr ausf\u00fchren. Es kann\" \/>\n<meta name=\"robots\" content=\"index, follow, max-snippet:-1, max-image-preview:large, max-video-preview:-1\" \/>\n<link rel=\"canonical\" href=\"https:\/\/exceladvisor.org\/de\/mit\/\" \/>\n<meta property=\"og:locale\" content=\"de_DE\" \/>\n<meta property=\"og:type\" content=\"article\" \/>\n<meta property=\"og:title\" content=\"\u25b7 Wie verwende ich eine verschachtelte VBA WITH-Anweisung?\" \/>\n<meta property=\"og:description\" content=\"Mit der \u201eWith\u201c-Anweisung k\u00f6nnen Sie ein Objekt einmal angeben und dann mehrere Anweisungen daf\u00fcr ausf\u00fchren. Es kann\" \/>\n<meta property=\"og:url\" content=\"https:\/\/exceladvisor.org\/de\/mit\/\" \/>\n<meta property=\"og:site_name\" content=\"Excel Advisor\" \/>\n<meta property=\"article:modified_time\" content=\"2023-12-03T13:04:54+00:00\" \/>\n<meta property=\"og:image\" content=\"https:\/\/exceladvisor.org\/wp-content\/uploads\/2023\/08\/1-syntaxe-de-vba-avec-instruction.png\" \/>\n<meta name=\"twitter:card\" content=\"summary_large_image\" \/>\n<meta name=\"twitter:label1\" content=\"Gesch\u00e4tzte Lesezeit\" \/>\n\t<meta name=\"twitter:data1\" content=\"4\u00a0Minuten\" \/>\n<script type=\"application\/ld+json\" class=\"yoast-schema-graph\">{\"@context\":\"https:\/\/schema.org\",\"@graph\":[{\"@type\":\"WebPage\",\"@id\":\"https:\/\/exceladvisor.org\/de\/mit\/\",\"url\":\"https:\/\/exceladvisor.org\/de\/mit\/\",\"name\":\"\u25b7 Wie verwende ich eine verschachtelte VBA WITH-Anweisung?\",\"isPartOf\":{\"@id\":\"https:\/\/exceladvisor.org\/de\/#website\"},\"primaryImageOfPage\":{\"@id\":\"https:\/\/exceladvisor.org\/de\/mit\/#primaryimage\"},\"image\":{\"@id\":\"https:\/\/exceladvisor.org\/de\/mit\/#primaryimage\"},\"thumbnailUrl\":\"https:\/\/exceladvisor.org\/wp-content\/uploads\/2023\/08\/1-syntaxe-de-vba-avec-instruction.png\",\"datePublished\":\"2023-09-28T17:33:35+00:00\",\"dateModified\":\"2023-12-03T13:04:54+00:00\",\"description\":\"Mit der \u201eWith\u201c-Anweisung k\u00f6nnen Sie ein Objekt einmal angeben und dann mehrere Anweisungen daf\u00fcr ausf\u00fchren. Es kann\",\"breadcrumb\":{\"@id\":\"https:\/\/exceladvisor.org\/de\/mit\/#breadcrumb\"},\"inLanguage\":\"de\",\"potentialAction\":[{\"@type\":\"ReadAction\",\"target\":[\"https:\/\/exceladvisor.org\/de\/mit\/\"]}]},{\"@type\":\"ImageObject\",\"inLanguage\":\"de\",\"@id\":\"https:\/\/exceladvisor.org\/de\/mit\/#primaryimage\",\"url\":\"https:\/\/exceladvisor.org\/wp-content\/uploads\/2023\/08\/1-syntaxe-de-vba-avec-instruction.png\",\"contentUrl\":\"https:\/\/exceladvisor.org\/wp-content\/uploads\/2023\/08\/1-syntaxe-de-vba-avec-instruction.png\"},{\"@type\":\"BreadcrumbList\",\"@id\":\"https:\/\/exceladvisor.org\/de\/mit\/#breadcrumb\",\"itemListElement\":[{\"@type\":\"ListItem\",\"position\":1,\"name\":\"Accueil\",\"item\":\"https:\/\/exceladvisor.org\/de\/\"},{\"@type\":\"ListItem\",\"position\":2,\"name\":\"Wie verwende ich eine verschachtelte vba with-anweisung?\"}]},{\"@type\":\"WebSite\",\"@id\":\"https:\/\/exceladvisor.org\/de\/#website\",\"url\":\"https:\/\/exceladvisor.org\/de\/\",\"name\":\"Excel Advisor\",\"description\":\"Ihr Leitfaden zur Datendominanz\",\"publisher\":{\"@id\":\"https:\/\/exceladvisor.org\/de\/#organization\"},\"potentialAction\":[{\"@type\":\"SearchAction\",\"target\":{\"@type\":\"EntryPoint\",\"urlTemplate\":\"https:\/\/exceladvisor.org\/de\/?s={search_term_string}\"},\"query-input\":{\"@type\":\"PropertyValueSpecification\",\"valueRequired\":true,\"valueName\":\"search_term_string\"}}],\"inLanguage\":\"de\"},{\"@type\":\"Organization\",\"@id\":\"https:\/\/exceladvisor.org\/de\/#organization\",\"name\":\"Excel Advisor\",\"url\":\"https:\/\/exceladvisor.org\/de\/\",\"logo\":{\"@type\":\"ImageObject\",\"inLanguage\":\"de\",\"@id\":\"https:\/\/exceladvisor.org\/de\/#\/schema\/logo\/image\/\",\"url\":\"https:\/\/exceladvisor.org\/de\/wp-content\/uploads\/2023\/11\/exceladvisor.org_.png\",\"contentUrl\":\"https:\/\/exceladvisor.org\/de\/wp-content\/uploads\/2023\/11\/exceladvisor.org_.png\",\"width\":105,\"height\":36,\"caption\":\"Excel Advisor\"},\"image\":{\"@id\":\"https:\/\/exceladvisor.org\/de\/#\/schema\/logo\/image\/\"}}]}<\/script>\n<!-- \/ Yoast SEO plugin. -->","yoast_head_json":{"title":"\u25b7 Wie verwende ich eine verschachtelte VBA WITH-Anweisung?","description":"Mit der \u201eWith\u201c-Anweisung k\u00f6nnen Sie ein Objekt einmal angeben und dann mehrere Anweisungen daf\u00fcr ausf\u00fchren. Es kann","robots":{"index":"index","follow":"follow","max-snippet":"max-snippet:-1","max-image-preview":"max-image-preview:large","max-video-preview":"max-video-preview:-1"},"canonical":"https:\/\/exceladvisor.org\/de\/mit\/","og_locale":"de_DE","og_type":"article","og_title":"\u25b7 Wie verwende ich eine verschachtelte VBA WITH-Anweisung?","og_description":"Mit der \u201eWith\u201c-Anweisung k\u00f6nnen Sie ein Objekt einmal angeben und dann mehrere Anweisungen daf\u00fcr ausf\u00fchren. Es kann","og_url":"https:\/\/exceladvisor.org\/de\/mit\/","og_site_name":"Excel Advisor","article_modified_time":"2023-12-03T13:04:54+00:00","og_image":[{"url":"https:\/\/exceladvisor.org\/wp-content\/uploads\/2023\/08\/1-syntaxe-de-vba-avec-instruction.png","type":"","width":"","height":""}],"twitter_card":"summary_large_image","twitter_misc":{"Gesch\u00e4tzte Lesezeit":"4\u00a0Minuten"},"schema":{"@context":"https:\/\/schema.org","@graph":[{"@type":"WebPage","@id":"https:\/\/exceladvisor.org\/de\/mit\/","url":"https:\/\/exceladvisor.org\/de\/mit\/","name":"\u25b7 Wie verwende ich eine verschachtelte VBA WITH-Anweisung?","isPartOf":{"@id":"https:\/\/exceladvisor.org\/de\/#website"},"primaryImageOfPage":{"@id":"https:\/\/exceladvisor.org\/de\/mit\/#primaryimage"},"image":{"@id":"https:\/\/exceladvisor.org\/de\/mit\/#primaryimage"},"thumbnailUrl":"https:\/\/exceladvisor.org\/wp-content\/uploads\/2023\/08\/1-syntaxe-de-vba-avec-instruction.png","datePublished":"2023-09-28T17:33:35+00:00","dateModified":"2023-12-03T13:04:54+00:00","description":"Mit der \u201eWith\u201c-Anweisung k\u00f6nnen Sie ein Objekt einmal angeben und dann mehrere Anweisungen daf\u00fcr ausf\u00fchren. Es kann","breadcrumb":{"@id":"https:\/\/exceladvisor.org\/de\/mit\/#breadcrumb"},"inLanguage":"de","potentialAction":[{"@type":"ReadAction","target":["https:\/\/exceladvisor.org\/de\/mit\/"]}]},{"@type":"ImageObject","inLanguage":"de","@id":"https:\/\/exceladvisor.org\/de\/mit\/#primaryimage","url":"https:\/\/exceladvisor.org\/wp-content\/uploads\/2023\/08\/1-syntaxe-de-vba-avec-instruction.png","contentUrl":"https:\/\/exceladvisor.org\/wp-content\/uploads\/2023\/08\/1-syntaxe-de-vba-avec-instruction.png"},{"@type":"BreadcrumbList","@id":"https:\/\/exceladvisor.org\/de\/mit\/#breadcrumb","itemListElement":[{"@type":"ListItem","position":1,"name":"Accueil","item":"https:\/\/exceladvisor.org\/de\/"},{"@type":"ListItem","position":2,"name":"Wie verwende ich eine verschachtelte vba with-anweisung?"}]},{"@type":"WebSite","@id":"https:\/\/exceladvisor.org\/de\/#website","url":"https:\/\/exceladvisor.org\/de\/","name":"Excel Advisor","description":"Ihr Leitfaden zur Datendominanz","publisher":{"@id":"https:\/\/exceladvisor.org\/de\/#organization"},"potentialAction":[{"@type":"SearchAction","target":{"@type":"EntryPoint","urlTemplate":"https:\/\/exceladvisor.org\/de\/?s={search_term_string}"},"query-input":{"@type":"PropertyValueSpecification","valueRequired":true,"valueName":"search_term_string"}}],"inLanguage":"de"},{"@type":"Organization","@id":"https:\/\/exceladvisor.org\/de\/#organization","name":"Excel Advisor","url":"https:\/\/exceladvisor.org\/de\/","logo":{"@type":"ImageObject","inLanguage":"de","@id":"https:\/\/exceladvisor.org\/de\/#\/schema\/logo\/image\/","url":"https:\/\/exceladvisor.org\/de\/wp-content\/uploads\/2023\/11\/exceladvisor.org_.png","contentUrl":"https:\/\/exceladvisor.org\/de\/wp-content\/uploads\/2023\/11\/exceladvisor.org_.png","width":105,"height":36,"caption":"Excel Advisor"},"image":{"@id":"https:\/\/exceladvisor.org\/de\/#\/schema\/logo\/image\/"}}]}},"yoast_meta":{"yoast_wpseo_title":"","yoast_wpseo_metadesc":"","yoast_wpseo_canonical":""},"_links":{"self":[{"href":"https:\/\/exceladvisor.org\/de\/wp-json\/wp\/v2\/pages\/3649","targetHints":{"allow":["GET"]}}],"collection":[{"href":"https:\/\/exceladvisor.org\/de\/wp-json\/wp\/v2\/pages"}],"about":[{"href":"https:\/\/exceladvisor.org\/de\/wp-json\/wp\/v2\/types\/page"}],"author":[{"embeddable":true,"href":"https:\/\/exceladvisor.org\/de\/wp-json\/wp\/v2\/users\/1"}],"replies":[{"embeddable":true,"href":"https:\/\/exceladvisor.org\/de\/wp-json\/wp\/v2\/comments?post=3649"}],"version-history":[{"count":1,"href":"https:\/\/exceladvisor.org\/de\/wp-json\/wp\/v2\/pages\/3649\/revisions"}],"predecessor-version":[{"id":4362,"href":"https:\/\/exceladvisor.org\/de\/wp-json\/wp\/v2\/pages\/3649\/revisions\/4362"}],"wp:attachment":[{"href":"https:\/\/exceladvisor.org\/de\/wp-json\/wp\/v2\/media?parent=3649"}],"curies":[{"name":"wp","href":"https:\/\/api.w.org\/{rel}","templated":true}]}}